{"id":996,"date":"2019-06-20T13:53:11","date_gmt":"2019-06-20T13:53:11","guid":{"rendered":"http:\/\/www.creabarkod.com\/?page_id=996"},"modified":"2019-06-20T15:28:56","modified_gmt":"2019-06-20T15:28:56","slug":"newland-hr3290-cs-marlin-kablosuz-karekod-barkod-okuyucu","status":"publish","type":"page","link":"http:\/\/www.creabarkod.com\/?page_id=996","title":{"rendered":"Newland HR3290-CS Marlin Kablosuz Karekod Barkod Okuyucu"},"content":{"rendered":"\n<table class=\"wp-block-table aligncenter\"><tbody><tr><td><img loading=\"lazy\" width=\"655\" height=\"567\" class=\"wp-image-997\" style=\"width: 150px;\" src=\"http:\/\/www.creabarkod.com\/wp-content\/uploads\/2019\/06\/Newland-HR3290-CS-Marlin-Kablosuz-Karekod-Barkod-Okuyucu-1.jpg\" alt=\"\" srcset=\"http:\/\/www.creabarkod.com\/wp-content\/uploads\/2019\/06\/Newland-HR3290-CS-Marlin-Kablosuz-Karekod-Barkod-Okuyucu-1.jpg 655w, http:\/\/www.creabarkod.com\/wp-content\/uploads\/2019\/06\/Newland-HR3290-CS-Marlin-Kablosuz-Karekod-Barkod-Okuyucu-1-300x260.jpg 300w\" sizes=\"(max-width: 655px) 100vw, 655px\" \/><\/td><td><img loading=\"lazy\" width=\"595\" height=\"567\" class=\"wp-image-998\" style=\"width: 150px;\" src=\"http:\/\/www.creabarkod.com\/wp-content\/uploads\/2019\/06\/Newland-HR3290-CS-Marlin-Kablosuz-Karekod-Barkod-Okuyucu-2.jpg\" alt=\"\" srcset=\"http:\/\/www.creabarkod.com\/wp-content\/uploads\/2019\/06\/Newland-HR3290-CS-Marlin-Kablosuz-Karekod-Barkod-Okuyucu-2.jpg 595w, http:\/\/www.creabarkod.com\/wp-content\/uploads\/2019\/06\/Newland-HR3290-CS-Marlin-Kablosuz-Karekod-Barkod-Okuyucu-2-300x286.jpg 300w\" sizes=\"(max-width: 595px) 100vw, 595px\" \/><\/td><td><img loading=\"lazy\" width=\"262\" height=\"567\" class=\"wp-image-999\" style=\"width: 150px;\" src=\"http:\/\/www.creabarkod.com\/wp-content\/uploads\/2019\/06\/Newland-HR3290-CS-Marlin-Kablosuz-Karekod-Barkod-Okuyucu-3.jpg\" alt=\"\" srcset=\"http:\/\/www.creabarkod.com\/wp-content\/uploads\/2019\/06\/Newland-HR3290-CS-Marlin-Kablosuz-Karekod-Barkod-Okuyucu-3.jpg 262w, http:\/\/www.creabarkod.com\/wp-content\/uploads\/2019\/06\/Newland-HR3290-CS-Marlin-Kablosuz-Karekod-Barkod-Okuyucu-3-139x300.jpg 139w\" sizes=\"(max-width: 262px) 100vw, 262px\" \/><\/td><\/tr><\/tbody><\/table>\n\n\n\n<p>\u25cf 2D Karekod Okuyucu<br>\u25cf 752 x 480 Piksel Imager Sensor<br>\u25cf Kablosuz (Zigbee) ileti\u015fim<br>\u25cf 50 metre aktarma mesafesi<br>\u25cf 0,127 mm (5 mil) \u00e7\u00f6z\u00fcn\u00fcrl\u00fck<br>\u25cf Seri Port ve USB Ba\u011flant\u0131 Se\u00e7enekleri <\/p>\n\n\n\n<table class=\"wp-block-table\"><tbody><tr><td><strong>&nbsp;Performans<\/strong><\/td><\/tr><tr><td>&nbsp;Image Sensor<\/td><td>752 x 480 Piksel CMOS<\/td><\/tr><tr><td>&nbsp;I\u015f\u0131k Kayna\u011f\u0131<\/td><td>625 nm (\u00b110 nm) K\u0131rm\u0131z\u0131 LED<\/td><\/tr><tr><td>&nbsp;Tarama H\u0131z\u0131<\/td><td>60 Tarama\/Saniye<\/td><\/tr><tr><td>&nbsp;Tarama A\u00e7\u0131s\u0131<\/td><td>Pitch \u00b1 55 @ 0\u00b0 Roll and 0\u00b0 skew<\/td><\/tr><tr><td>Roll\t\u00b1 30 @ 0\u00b0 Roll and 0\u00b0 skew<\/td><\/tr><tr><td>Skew\t\u00b1 55 @ 0\u00b0 Roll and 0\u00b0 skew<\/td><\/tr><tr><td>&nbsp;Minumum Bar Geni\u015fli\u011fi<\/td><td>0,127 mm (5 mil)<\/td><\/tr><tr><td>&nbsp;Uyar\u0131c\u0131lar<\/td><td>LED ve Bip sesi<\/td><\/tr><tr><td>&nbsp;Yazd\u0131rma kar\u015f\u0131tl\u0131\u011f\u0131<\/td><td>\u2265%25<\/td><\/tr><tr><td>&nbsp;Desteklenen Arabirimleri<\/td><td>RS-232C ve USB<\/td><\/tr><tr><td><strong>&nbsp;Haberle\u015fme<\/strong><\/td><td>&nbsp;<\/td><\/tr><tr><td>&nbsp;Kullan\u0131m Modlar\u0131<\/td><td>Senkron, ASenkron ve Batch Mod<\/td><\/tr><tr><td>&nbsp;Haberle\u015fme Teknolojisi<\/td><td>Zigbee Teknolojisi<\/td><\/tr><tr><td>&nbsp;Haberle\u015fme frekans\u0131<\/td><td>2.4 ~ 2.4835 GHz ISM Band, Zigbee Teknolojisi<\/td><\/tr><tr><td>&nbsp;Haberle\u015fme mesafesi<\/td><td>\u2265 50 metre<\/td><\/tr><tr><td><strong>&nbsp;Fiziksel<\/strong><\/td><td>&nbsp;<\/td><\/tr><tr><td>&nbsp;Ebatlar (Okuyucu)<\/td><td>Y\u00fckseklik: 159 mm<\/td><\/tr><tr><td>Uzunluk: 113,5 mm<\/td><\/tr><tr><td>Geni\u015flik: 73 mm<\/td><\/tr><tr><td>&nbsp;Ebatlar (Cradle)<\/td><td>Y\u00fckseklik: 47 mm<\/td><\/tr><tr><td>Uzunluk: 195 mm<\/td><\/tr><tr><td>Geni\u015flik: 82,5 mm<\/td><\/tr><tr><td>&nbsp;A\u011f\u0131rl\u0131k&nbsp;(Okuyucu)<\/td><td>210 Gram (Pil Dahil)<\/td><\/tr><tr><td>&nbsp;A\u011f\u0131rl\u0131k&nbsp;(Cradle)<\/td><td>150 Gram<\/td><\/tr><tr><td><strong>&nbsp;Elektriksel<\/strong><\/td><td>&nbsp;<\/td><\/tr><tr><td>&nbsp;Elektrik Adapt\u00f6r\u00fc<\/td><td>Giri\u015f: AC 100~240V, 50~60Hz<\/td><\/tr><tr><td>\u00c7\u0131k\u0131\u015f: DC5V, \u22651.5A<\/td><\/tr><tr><td>&nbsp;Pil Tipi<\/td><td>2200 mAh Li-ion Pil<\/td><\/tr><tr><td>&nbsp;Pil \u015earj S\u00fcresi<\/td><td>Yakla\u015f\u0131k 4,5 Saat<\/td><\/tr><tr><td>&nbsp;Kullan\u0131m S\u00fcresi<\/td><td>Yakla\u015f\u0131k 15.000 Okutma(Dakikada 30 Okutma)<\/td><\/tr><tr><td><strong>&nbsp;\u00c7evresel<\/strong><\/td><td>&nbsp;<\/td><\/tr><tr><td>&nbsp;\u00c7al\u0131\u015fma S\u0131cakl\u0131\u011f\u0131<\/td><td>-20\u00b0C ~ 50\u00b0C<\/td><\/tr><tr><td>&nbsp;Muhafaza S\u0131cakl\u0131\u011f\u0131<\/td><td>-20\u00b0C ~ 70\u00b0C<\/td><\/tr><tr><td>&nbsp;Nem<\/td><td>%5 ~ %93 (Yo\u011fu\u015fmas\u0131z)<\/td><\/tr><tr><td>&nbsp;ESD<\/td><td>Barkod Okuyucu: \u00b18 KV contact discharge; \u00b115 KV air discharge<\/td><\/tr><tr><td>Cradle: \u00b16 KV contact discharge; \u00b18 KV air discharge<\/td><\/tr><tr><td>&nbsp;Darbe Dayan\u0131kl\u0131l\u0131\u011f\u0131<\/td><td>1,2 Metreden D\u00fc\u015fmeye dayan\u0131kl\u0131<\/td><\/tr><tr><td>&nbsp;IP Standart\u0131<\/td><td>IP54<\/td><\/tr><tr><td><strong>&nbsp;Sertifikalar<\/strong><\/td><td>&nbsp;<\/td><\/tr><tr><td>&nbsp;Sertifikalar<\/td><td>FCC Part15 Class B, CE EMC Class B<\/td><\/tr><tr><td><strong>&nbsp;Desteklenen Barkod Tipleri<\/strong><\/td><td>&nbsp;<\/td><\/tr><tr><td>&nbsp;Barkod Tipleri<\/td><td>&nbsp;1D<\/td><td>Code128, EAN-13, EAN-8, Code 39, UPC-A, UPC-E, Codabar, Interleaved 2 of 5, ITF-6, ITF-14, ISBN, Code 93, UCC\/EAN-128, GS1 Databar, Matrix 2 of 5, Code 11, Industrial 2 of 5, Standard 2 of 5, Plessey, MSI-Plessey<\/td><\/tr><tr><td>&nbsp;2D<\/td><td>PDF417, QR code, Data Matrix<\/td><\/tr><\/tbody><\/table>\n","protected":false},"excerpt":{"rendered":"<p>\u25cf 2D Karekod Okuyucu\u25cf 752 x 480 Piksel Imager Sensor\u25cf Kablosuz (Zigbee) ileti\u015fim\u25cf 50 metre aktarma mesafesi\u25cf 0,127 mm (5 mil) \u00e7\u00f6z\u00fcn\u00fcrl\u00fck\u25cf Seri Port ve USB Ba\u011flant\u0131 Se\u00e7enekleri &nbsp;Performans &nbsp;Image Sensor 752 x 480 Piksel CMOS &nbsp;I\u015f\u0131k Kayna\u011f\u0131 625 nm (\u00b110 nm) K\u0131rm\u0131z\u0131 LED &nbsp;Tarama H\u0131z\u0131 60 Tarama\/Saniye &nbsp;Tarama A\u00e7\u0131s\u0131 Pitch \u00b1 55 @ 0\u00b0 [&hellip;]<\/p>\n","protected":false},"author":1,"featured_media":0,"parent":754,"menu_order":0,"comment_status":"closed","ping_status":"closed","template":"","meta":[],"yoast_head":"<!-- This site is optimized with the Yoast SEO plugin v15.7 - https:\/\/yoast.com\/wordpress\/plugins\/seo\/ -->\n<title>Newland HR3290-CS Marlin Kablosuz Karekod Barkod Okuyucu - Crea Barkod<\/title>\n<meta name=\"robots\" content=\"index, follow, max-snippet:-1, max-image-preview:large, max-video-preview:-1\" \/>\n<link rel=\"canonical\" href=\"http:\/\/www.creabarkod.com\/?page_id=996\" \/>\n<meta property=\"og:locale\" content=\"tr_TR\" \/>\n<meta property=\"og:type\" content=\"article\" \/>\n<meta property=\"og:title\" content=\"Newland HR3290-CS Marlin Kablosuz Karekod Barkod Okuyucu - Crea Barkod\" \/>\n<meta property=\"og:description\" content=\"\u25cf 2D Karekod Okuyucu\u25cf 752 x 480 Piksel Imager Sensor\u25cf Kablosuz (Zigbee) ileti\u015fim\u25cf 50 metre aktarma mesafesi\u25cf 0,127 mm (5 mil) \u00e7\u00f6z\u00fcn\u00fcrl\u00fck\u25cf Seri Port ve USB Ba\u011flant\u0131 Se\u00e7enekleri &nbsp;Performans &nbsp;Image Sensor 752 x 480 Piksel CMOS &nbsp;I\u015f\u0131k Kayna\u011f\u0131 625 nm (\u00b110 nm) K\u0131rm\u0131z\u0131 LED &nbsp;Tarama H\u0131z\u0131 60 Tarama\/Saniye &nbsp;Tarama A\u00e7\u0131s\u0131 Pitch \u00b1 55 @ 0\u00b0 [&hellip;]\" \/>\n<meta property=\"og:url\" content=\"http:\/\/www.creabarkod.com\/?page_id=996\" \/>\n<meta property=\"og:site_name\" content=\"Crea Barkod\" \/>\n<meta property=\"article:modified_time\" content=\"2019-06-20T15:28:56+00:00\" \/>\n<meta property=\"og:image\" content=\"http:\/\/www.creabarkod.com\/wp-content\/uploads\/2019\/06\/Newland-HR3290-CS-Marlin-Kablosuz-Karekod-Barkod-Okuyucu-1.jpg\" \/>\n<meta name=\"twitter:card\" content=\"summary_large_image\" \/>\n<meta name=\"twitter:label1\" content=\"Tahmini okuma s\u00fcresi\">\n\t<meta name=\"twitter:data1\" content=\"2 dakika\">\n<script type=\"application\/ld+json\" class=\"yoast-schema-graph\">{\"@context\":\"https:\/\/schema.org\",\"@graph\":[{\"@type\":\"WebSite\",\"@id\":\"http:\/\/www.creabarkod.com\/#website\",\"url\":\"http:\/\/www.creabarkod.com\/\",\"name\":\"Crea Barkod\",\"description\":\"\",\"potentialAction\":[{\"@type\":\"SearchAction\",\"target\":\"http:\/\/www.creabarkod.com\/?s={search_term_string}\",\"query-input\":\"required name=search_term_string\"}],\"inLanguage\":\"tr\"},{\"@type\":\"ImageObject\",\"@id\":\"http:\/\/www.creabarkod.com\/?page_id=996#primaryimage\",\"inLanguage\":\"tr\",\"url\":\"http:\/\/www.creabarkod.com\/wp-content\/uploads\/2019\/06\/Newland-HR3290-CS-Marlin-Kablosuz-Karekod-Barkod-Okuyucu-1.jpg\",\"width\":655,\"height\":567},{\"@type\":\"WebPage\",\"@id\":\"http:\/\/www.creabarkod.com\/?page_id=996#webpage\",\"url\":\"http:\/\/www.creabarkod.com\/?page_id=996\",\"name\":\"Newland HR3290-CS Marlin Kablosuz Karekod Barkod Okuyucu - Crea Barkod\",\"isPartOf\":{\"@id\":\"http:\/\/www.creabarkod.com\/#website\"},\"primaryImageOfPage\":{\"@id\":\"http:\/\/www.creabarkod.com\/?page_id=996#primaryimage\"},\"datePublished\":\"2019-06-20T13:53:11+00:00\",\"dateModified\":\"2019-06-20T15:28:56+00:00\",\"inLanguage\":\"tr\",\"potentialAction\":[{\"@type\":\"ReadAction\",\"target\":[\"http:\/\/www.creabarkod.com\/?page_id=996\"]}]}]}<\/script>\n<!-- \/ Yoast SEO plugin. -->","_links":{"self":[{"href":"http:\/\/www.creabarkod.com\/index.php?rest_route=\/wp\/v2\/pages\/996"}],"collection":[{"href":"http:\/\/www.creabarkod.com\/index.php?rest_route=\/wp\/v2\/pages"}],"about":[{"href":"http:\/\/www.creabarkod.com\/index.php?rest_route=\/wp\/v2\/types\/page"}],"author":[{"embeddable":true,"href":"http:\/\/www.creabarkod.com\/index.php?rest_route=\/wp\/v2\/users\/1"}],"replies":[{"embeddable":true,"href":"http:\/\/www.creabarkod.com\/index.php?rest_route=%2Fwp%2Fv2%2Fcomments&post=996"}],"version-history":[{"count":1,"href":"http:\/\/www.creabarkod.com\/index.php?rest_route=\/wp\/v2\/pages\/996\/revisions"}],"predecessor-version":[{"id":1000,"href":"http:\/\/www.creabarkod.com\/index.php?rest_route=\/wp\/v2\/pages\/996\/revisions\/1000"}],"up":[{"embeddable":true,"href":"http:\/\/www.creabarkod.com\/index.php?rest_route=\/wp\/v2\/pages\/754"}],"wp:attachment":[{"href":"http:\/\/www.creabarkod.com\/index.php?rest_route=%2Fwp%2Fv2%2Fmedia&parent=996"}],"curies":[{"name":"wp","href":"https:\/\/api.w.org\/{rel}","templated":true}]}}