{"id":985,"date":"2019-06-20T13:45:05","date_gmt":"2019-06-20T13:45:05","guid":{"rendered":"http:\/\/www.creabarkod.com\/?page_id=985"},"modified":"2019-06-20T15:28:56","modified_gmt":"2019-06-20T15:28:56","slug":"newland-bs10r-sepia-kablosuz-karekod-barkod-okuyucu","status":"publish","type":"page","link":"http:\/\/www.creabarkod.com\/?page_id=985","title":{"rendered":"Newland BS10R Sepia Kablosuz Karekod Barkod Okuyucu"},"content":{"rendered":"\n<table class=\"wp-block-table aligncenter\"><tbody><tr><td><img loading=\"lazy\" width=\"771\" height=\"850\" class=\"wp-image-986\" style=\"width: 150px;\" src=\"http:\/\/www.creabarkod.com\/wp-content\/uploads\/2019\/06\/Newland-BS10R-Sepia-Kablosuz-Karekod-Barkod-Okuyucu-1.jpg\" alt=\"Newland BS10R Sepia Kablosuz Karekod Barkod Okuyucu\" srcset=\"http:\/\/www.creabarkod.com\/wp-content\/uploads\/2019\/06\/Newland-BS10R-Sepia-Kablosuz-Karekod-Barkod-Okuyucu-1.jpg 771w, http:\/\/www.creabarkod.com\/wp-content\/uploads\/2019\/06\/Newland-BS10R-Sepia-Kablosuz-Karekod-Barkod-Okuyucu-1-272x300.jpg 272w, http:\/\/www.creabarkod.com\/wp-content\/uploads\/2019\/06\/Newland-BS10R-Sepia-Kablosuz-Karekod-Barkod-Okuyucu-1-768x847.jpg 768w\" sizes=\"(max-width: 771px) 100vw, 771px\" \/><\/td><td><img loading=\"lazy\" width=\"822\" height=\"866\" class=\"wp-image-987\" style=\"width: 150px;\" src=\"http:\/\/www.creabarkod.com\/wp-content\/uploads\/2019\/06\/Newland-BS10R-Sepia-Kablosuz-Karekod-Barkod-Okuyucu-2.jpg\" alt=\"Newland BS10R Sepia Kablosuz Karekod Barkod Okuyucu\" srcset=\"http:\/\/www.creabarkod.com\/wp-content\/uploads\/2019\/06\/Newland-BS10R-Sepia-Kablosuz-Karekod-Barkod-Okuyucu-2.jpg 822w, http:\/\/www.creabarkod.com\/wp-content\/uploads\/2019\/06\/Newland-BS10R-Sepia-Kablosuz-Karekod-Barkod-Okuyucu-2-285x300.jpg 285w, http:\/\/www.creabarkod.com\/wp-content\/uploads\/2019\/06\/Newland-BS10R-Sepia-Kablosuz-Karekod-Barkod-Okuyucu-2-768x809.jpg 768w\" sizes=\"(max-width: 822px) 100vw, 822px\" \/><\/td><\/tr><\/tbody><\/table>\n\n\n\n<p>\u25cf Barkod\/Karekod Okuyuculu<br>\u25cf Kablosuz (Bluetooth) ileti\u015fim<br>\u25cf Max. 30 metre aktarma mesafesi<br>\u25cf 360 Derece D\u00f6nebilen Taray\u0131c\u0131 Kafas\u0131<br>\u25cf Max. 8 saat kullan\u0131m \u00f6mr\u00fc<br>\u25cf 1,5 Metreden D\u00fc\u015fmeye Dayan\u0131kl\u0131<br>\u25cf Windows, Android ve iOS Cihazlar ile Uyumlu <\/p>\n\n\n\n<table class=\"wp-block-table\"><tbody><tr><td><strong>&nbsp;Performans<\/strong><\/td><\/tr><tr><td>&nbsp;Image Sensor<\/td><td>640 x 480 Piksel CMOS<\/td><\/tr><tr><td>&nbsp;Ayd\u0131nlatma<\/td><td>Beyaz LED<\/td><\/tr><tr><td>&nbsp;Hedefleme<\/td><td>650 nm (\u00b110) nm K\u0131rm\u0131z\u0131 LED<\/td><\/tr><tr><td>&nbsp;Desteklenen Barkod Tipleri<\/td><td>1D (Barkod) \/ 2D (Karekod)<\/td><\/tr><tr><td>&nbsp;Minumum Bar Geni\u015fli\u011fi<\/td><td>0,0127 mm (5 mil)<\/td><\/tr><tr><td>&nbsp;Tarama \u00c7ipi<\/td><td>32 Bit ARM Cortex<\/td><\/tr><tr><td>&nbsp;Uyar\u0131c\u0131lar<\/td><td>LED ve Bip sesi (Opsiyonel: Titre\u015fim)<\/td><\/tr><tr><td>&nbsp;Yazd\u0131rma kar\u015f\u0131tl\u0131\u011f\u0131<\/td><td>\u2265%30<\/td><\/tr><tr><td>&nbsp;Bellek<\/td><td>16 MB<\/td><\/tr><tr><td>&nbsp;Desteklenen Arabirimleri<\/td><td>USB, Bluetooth HID\/SPP<\/td><\/tr><tr><td><strong>&nbsp;Haberle\u015fme<\/strong><\/td><\/tr><tr><td>&nbsp;Haberle\u015fme Teknolojisi<\/td><td>Bluetooth Teknolojisi (Bluetooth 4.1)<\/td><\/tr><tr><td>&nbsp;Haberle\u015fme mesafesi<\/td><td>Max: 30 metre (A\u00e7\u0131k Havada)<\/td><\/tr><tr><td><strong>&nbsp;Fiziksel<\/strong><\/td><\/tr><tr><td>&nbsp;Ebatlar<\/td><td>Y\u00fckseklik: &#8211;<\/td><\/tr><tr><td>Uzunluk: &#8211;<\/td><\/tr><tr><td>Geni\u015flik: &#8211;<\/td><\/tr><tr><td>&nbsp;A\u011f\u0131rl\u0131k<\/td><td>&#8211;<\/td><\/tr><tr><td><strong>&nbsp;Elektriksel<\/strong><\/td><\/tr><tr><td>&nbsp;Elektrik Adapt\u00f6r\u00fc (Opsiyonel)<\/td><td>Giri\u015f: AC 110~220V, 50~60Hz<\/td><\/tr><tr><td>\u00c7\u0131k\u0131\u015f: DC5V, 1A<\/td><\/tr><tr><td>&nbsp;Pil Tipi<\/td><td>380 mAh Li-ion Pil<\/td><\/tr><tr><td>&nbsp;\u015earj S\u00fcresi<\/td><td>Max. 2 Saat<\/td><\/tr><tr><td>&nbsp;Bekleme S\u00fcresi<\/td><td>Max. 30 G\u00fcn<\/td><\/tr><tr><td>&nbsp;Kullan\u0131m S\u00fcresi<\/td><td>Maks. 8 Saat (Dakikada 5 Okutma)<\/td><\/tr><tr><td>&nbsp;Ak\u0131m De\u011ferleri<\/td><td>\u00c7al\u0131\u015fma Modunda:<\/td><td>170 mA<\/td><\/tr><tr><td>Bekleme Modunda:<\/td><td>30 mA<\/td><\/tr><tr><td><strong>&nbsp;\u00c7evresel<\/strong><\/td><\/tr><tr><td>&nbsp;\u00c7al\u0131\u015fma S\u0131cakl\u0131\u011f\u0131<\/td><td>0\u00b0C ~ 40\u00b0C<\/td><\/tr><tr><td>&nbsp;Muhafaza S\u0131cakl\u0131\u011f\u0131<\/td><td>-40\u00b0C ~ 60\u00b0C<\/td><\/tr><tr><td>&nbsp;Nem<\/td><td>%5 ~ %95 (Yo\u011fu\u015fmas\u0131z)<\/td><\/tr><tr><td>&nbsp;ESD<\/td><td>\u00b18 KV contact discharge; \u00b115 KV air discharge<\/td><\/tr><tr><td>&nbsp;Darbe Dayan\u0131kl\u0131l\u0131\u011f\u0131<\/td><td>1,5 Metreden D\u00fc\u015fmeye dayan\u0131kl\u0131<\/td><\/tr><tr><td>&nbsp;IP Standart\u0131<\/td><td>&#8211;<\/td><\/tr><tr><td><strong>&nbsp;Desteklenen Barkod Tipleri<\/strong><\/td><td>&nbsp;<\/td><\/tr><tr><td>&nbsp;Barkod Tipleri<\/td><td>&nbsp;1D<\/td><td>Code 128, EAN-13, EAN-8, Code 39, UPC-A, UPC-E, Codabar,Interleaved 2 of 5, ITF-6, ITF-14, ISBN, Code 93, UCC\/EAN-128,GS1 Databar Matrix 2 of 5, Code 11,Industrial 2 of 5, Standard 2 of 5, Plessey, MSI-Plessey<\/td><\/tr><tr><td>&nbsp;2D<\/td><td>PDF417, Data Matrix (ECC200,ECC000,050,080,100, 140), QR Code<\/td><\/tr><\/tbody><\/table>\n","protected":false},"excerpt":{"rendered":"<p>\u25cf Barkod\/Karekod Okuyuculu\u25cf Kablosuz (Bluetooth) ileti\u015fim\u25cf Max. 30 metre aktarma mesafesi\u25cf 360 Derece D\u00f6nebilen Taray\u0131c\u0131 Kafas\u0131\u25cf Max. 8 saat kullan\u0131m \u00f6mr\u00fc\u25cf 1,5 Metreden D\u00fc\u015fmeye Dayan\u0131kl\u0131\u25cf Windows, Android ve iOS Cihazlar ile Uyumlu &nbsp;Performans &nbsp;Image Sensor 640 x 480 Piksel CMOS &nbsp;Ayd\u0131nlatma Beyaz LED &nbsp;Hedefleme 650 nm (\u00b110) nm K\u0131rm\u0131z\u0131 LED &nbsp;Desteklenen Barkod Tipleri 1D (Barkod) [&hellip;]<\/p>\n","protected":false},"author":1,"featured_media":0,"parent":754,"menu_order":0,"comment_status":"closed","ping_status":"closed","template":"","meta":[],"yoast_head":"<!-- This site is optimized with the Yoast SEO plugin v15.7 - https:\/\/yoast.com\/wordpress\/plugins\/seo\/ -->\n<title>Newland BS10R Sepia Kablosuz Karekod Barkod Okuyucu - Crea Barkod<\/title>\n<meta name=\"robots\" content=\"index, follow, max-snippet:-1, max-image-preview:large, max-video-preview:-1\" \/>\n<link rel=\"canonical\" href=\"http:\/\/www.creabarkod.com\/?page_id=985\" \/>\n<meta property=\"og:locale\" content=\"tr_TR\" \/>\n<meta property=\"og:type\" content=\"article\" \/>\n<meta property=\"og:title\" content=\"Newland BS10R Sepia Kablosuz Karekod Barkod Okuyucu - Crea Barkod\" \/>\n<meta property=\"og:description\" content=\"\u25cf Barkod\/Karekod Okuyuculu\u25cf Kablosuz (Bluetooth) ileti\u015fim\u25cf Max. 30 metre aktarma mesafesi\u25cf 360 Derece D\u00f6nebilen Taray\u0131c\u0131 Kafas\u0131\u25cf Max. 8 saat kullan\u0131m \u00f6mr\u00fc\u25cf 1,5 Metreden D\u00fc\u015fmeye Dayan\u0131kl\u0131\u25cf Windows, Android ve iOS Cihazlar ile Uyumlu &nbsp;Performans &nbsp;Image Sensor 640 x 480 Piksel CMOS &nbsp;Ayd\u0131nlatma Beyaz LED &nbsp;Hedefleme 650 nm (\u00b110) nm K\u0131rm\u0131z\u0131 LED &nbsp;Desteklenen Barkod Tipleri 1D (Barkod) [&hellip;]\" \/>\n<meta property=\"og:url\" content=\"http:\/\/www.creabarkod.com\/?page_id=985\" \/>\n<meta property=\"og:site_name\" content=\"Crea Barkod\" \/>\n<meta property=\"article:modified_time\" content=\"2019-06-20T15:28:56+00:00\" \/>\n<meta property=\"og:image\" content=\"http:\/\/www.creabarkod.com\/wp-content\/uploads\/2019\/06\/Newland-BS10R-Sepia-Kablosuz-Karekod-Barkod-Okuyucu-1.jpg\" \/>\n<meta name=\"twitter:card\" content=\"summary_large_image\" \/>\n<meta name=\"twitter:label1\" content=\"Tahmini okuma s\u00fcresi\">\n\t<meta name=\"twitter:data1\" content=\"1 dakika\">\n<script type=\"application\/ld+json\" class=\"yoast-schema-graph\">{\"@context\":\"https:\/\/schema.org\",\"@graph\":[{\"@type\":\"WebSite\",\"@id\":\"http:\/\/www.creabarkod.com\/#website\",\"url\":\"http:\/\/www.creabarkod.com\/\",\"name\":\"Crea Barkod\",\"description\":\"\",\"potentialAction\":[{\"@type\":\"SearchAction\",\"target\":\"http:\/\/www.creabarkod.com\/?s={search_term_string}\",\"query-input\":\"required name=search_term_string\"}],\"inLanguage\":\"tr\"},{\"@type\":\"ImageObject\",\"@id\":\"http:\/\/www.creabarkod.com\/?page_id=985#primaryimage\",\"inLanguage\":\"tr\",\"url\":\"http:\/\/www.creabarkod.com\/wp-content\/uploads\/2019\/06\/Newland-BS10R-Sepia-Kablosuz-Karekod-Barkod-Okuyucu-1.jpg\",\"width\":771,\"height\":850,\"caption\":\"Newland BS10R Sepia Kablosuz Karekod Barkod Okuyucu\"},{\"@type\":\"WebPage\",\"@id\":\"http:\/\/www.creabarkod.com\/?page_id=985#webpage\",\"url\":\"http:\/\/www.creabarkod.com\/?page_id=985\",\"name\":\"Newland BS10R Sepia Kablosuz Karekod Barkod Okuyucu - Crea Barkod\",\"isPartOf\":{\"@id\":\"http:\/\/www.creabarkod.com\/#website\"},\"primaryImageOfPage\":{\"@id\":\"http:\/\/www.creabarkod.com\/?page_id=985#primaryimage\"},\"datePublished\":\"2019-06-20T13:45:05+00:00\",\"dateModified\":\"2019-06-20T15:28:56+00:00\",\"inLanguage\":\"tr\",\"potentialAction\":[{\"@type\":\"ReadAction\",\"target\":[\"http:\/\/www.creabarkod.com\/?page_id=985\"]}]}]}<\/script>\n<!-- \/ Yoast SEO plugin. -->","_links":{"self":[{"href":"http:\/\/www.creabarkod.com\/index.php?rest_route=\/wp\/v2\/pages\/985"}],"collection":[{"href":"http:\/\/www.creabarkod.com\/index.php?rest_route=\/wp\/v2\/pages"}],"about":[{"href":"http:\/\/www.creabarkod.com\/index.php?rest_route=\/wp\/v2\/types\/page"}],"author":[{"embeddable":true,"href":"http:\/\/www.creabarkod.com\/index.php?rest_route=\/wp\/v2\/users\/1"}],"replies":[{"embeddable":true,"href":"http:\/\/www.creabarkod.com\/index.php?rest_route=%2Fwp%2Fv2%2Fcomments&post=985"}],"version-history":[{"count":1,"href":"http:\/\/www.creabarkod.com\/index.php?rest_route=\/wp\/v2\/pages\/985\/revisions"}],"predecessor-version":[{"id":988,"href":"http:\/\/www.creabarkod.com\/index.php?rest_route=\/wp\/v2\/pages\/985\/revisions\/988"}],"up":[{"embeddable":true,"href":"http:\/\/www.creabarkod.com\/index.php?rest_route=\/wp\/v2\/pages\/754"}],"wp:attachment":[{"href":"http:\/\/www.creabarkod.com\/index.php?rest_route=%2Fwp%2Fv2%2Fmedia&parent=985"}],"curies":[{"name":"wp","href":"https:\/\/api.w.org\/{rel}","templated":true}]}}