{"id":980,"date":"2019-06-20T13:40:34","date_gmt":"2019-06-20T13:40:34","guid":{"rendered":"http:\/\/www.creabarkod.com\/?page_id=980"},"modified":"2019-06-20T15:28:56","modified_gmt":"2019-06-20T15:28:56","slug":"newland-bs8060-piranha-kablosuz-karekod-barkod-okuyucu","status":"publish","type":"page","link":"http:\/\/www.creabarkod.com\/?page_id=980","title":{"rendered":"Newland BS8060 Piranha Kablosuz Karekod Barkod Okuyucu"},"content":{"rendered":"\n<table class=\"wp-block-table aligncenter\"><tbody><tr><td><img loading=\"lazy\" width=\"295\" height=\"567\" class=\"wp-image-981\" style=\"width: 150px;\" src=\"http:\/\/www.creabarkod.com\/wp-content\/uploads\/2019\/06\/Newland-BS8060-Piranha-Kablosuz-Karekod-Barkod-Okuyucu-1.jpg\" alt=\"Newland BS8060 Piranha Kablosuz Karekod Barkod Okuyucu\" srcset=\"http:\/\/www.creabarkod.com\/wp-content\/uploads\/2019\/06\/Newland-BS8060-Piranha-Kablosuz-Karekod-Barkod-Okuyucu-1.jpg 295w, http:\/\/www.creabarkod.com\/wp-content\/uploads\/2019\/06\/Newland-BS8060-Piranha-Kablosuz-Karekod-Barkod-Okuyucu-1-156x300.jpg 156w\" sizes=\"(max-width: 295px) 100vw, 295px\" \/><\/td><td><img loading=\"lazy\" width=\"315\" height=\"567\" class=\"wp-image-982\" style=\"width: 150px;\" src=\"http:\/\/www.creabarkod.com\/wp-content\/uploads\/2019\/06\/Newland-BS8060-Piranha-Kablosuz-Karekod-Barkod-Okuyucu-2.jpg\" alt=\"Newland BS8060 Piranha Kablosuz Karekod Barkod Okuyucu\" srcset=\"http:\/\/www.creabarkod.com\/wp-content\/uploads\/2019\/06\/Newland-BS8060-Piranha-Kablosuz-Karekod-Barkod-Okuyucu-2.jpg 315w, http:\/\/www.creabarkod.com\/wp-content\/uploads\/2019\/06\/Newland-BS8060-Piranha-Kablosuz-Karekod-Barkod-Okuyucu-2-167x300.jpg 167w\" sizes=\"(max-width: 315px) 100vw, 315px\" \/><\/td><\/tr><\/tbody><\/table>\n\n\n\n<p>\u25cf Barkod veya Karekod Okuyucu Se\u00e7enekleri<br>\u25cf Kablosuz (Bluetooth) ileti\u015fim<br>\u25cf Max. 50 metre aktarma mesafesi<br>\u25cf 62 gram a\u011f\u0131rl\u0131k<br>\u25cf Max. 6 veya 11 saat kullan\u0131m \u00f6mr\u00fc<br>\u25cf IP42 End\u00fcstriyel Standart\u0131<br>\u25cf Windows, Android ve iOS Cihazlar ile Uyumlu<br>\u25cf Opsiyonel Cradle \u00dcnitesi <\/p>\n\n\n\n<table class=\"wp-block-table\"><tbody><tr><td>&nbsp;Model<\/td><td>Okuyucu Tipi<\/td><td>Tarama Teknolojisi<\/td><\/tr><tr><td>&nbsp;<strong>BS8060-3V<\/strong><\/td><td>Barkod Okuyucu<\/td><td>&nbsp;Linear Imager<\/td><\/tr><tr><td>&nbsp;<strong>BS8060-2T<\/strong><\/td><td>Karekod Okuyucu<\/td><td>&nbsp;CMOS Imager<\/td><\/tr><\/tbody><\/table>\n\n\n\n<table class=\"wp-block-table\"><tbody><tr><td><strong>&nbsp;Performans<\/strong><\/td><\/tr><tr><td>&nbsp;Image Sensor<\/td><td>BS8060-3V: 2500 Piksel Linear Imager<\/td><\/tr><tr><td>BS8060-2T: 752 x 480 Piksel CMOS<\/td><\/tr><tr><td>&nbsp;Desteklenen Barkod Tipleri<\/td><td>BS8060-3V: 1D<\/td><\/tr><tr><td>BS8060-2T:1D \/ 2D<\/td><\/tr><tr><td>&nbsp;Minumum Bar Geni\u015fli\u011fi<\/td><td>0,0127 mm (5 mil)<\/td><\/tr><tr><td>&nbsp;Tarama A\u00e7\u0131s\u0131<\/td><td>BS8060-3V: Pitch: \u00b155\u00b0; Roll: \u00b125\u00b0; Skew: \u00b175\u00b0<\/td><\/tr><tr><td>BS8060-2T: Pitch: \u00b150\u00b0; Roll: \u00b1360\u00b0; Skew: \u00b160\u00b0<\/td><\/tr><tr><td>&nbsp;Uyar\u0131c\u0131lar<\/td><td>LED ve Bip sesi<\/td><\/tr><tr><td>&nbsp;Yazd\u0131rma kar\u015f\u0131tl\u0131\u011f\u0131<\/td><td>\u2265%30<\/td><\/tr><tr><td>&nbsp;Bellek<\/td><td>1 MB (Yakla\u015f\u0131k 20Bin EAN13 Barkod Kapasitesi)<\/td><\/tr><tr><td>&nbsp;Desteklenen Arabirimleri<\/td><td>Micro USB, Bluetooth HID\/SPP\/BLE Profiles<\/td><\/tr><tr><td><strong>&nbsp;Haberle\u015fme<\/strong><\/td><\/tr><tr><td>&nbsp;Haberle\u015fme Teknolojisi<\/td><td>Bluetooth Teknolojisi<\/td><\/tr><tr><td>&nbsp;Haberle\u015fme frekans\u0131<\/td><td>2.4 \u2013 2.5GHz ISM band, Bluetooth 4.0\/3.0\/2.1+EDR Uyumlu<\/td><\/tr><tr><td>&nbsp;Haberle\u015fme mesafesi<\/td><td>Maks: 50 metre (A\u00e7\u0131k Havada)<\/td><\/tr><tr><td><strong>&nbsp;Fiziksel<\/strong><\/td><\/tr><tr><td>&nbsp;Ebatlar (Okuyucu)<\/td><td>Y\u00fckseklik: 24,5 mm<\/td><\/tr><tr><td>Uzunluk: 88 mm<\/td><\/tr><tr><td>Geni\u015flik: 46 mm<\/td><\/tr><tr><td>&nbsp;A\u011f\u0131rl\u0131k&nbsp;(Okuyucu)<\/td><td>62 Gram<\/td><\/tr><tr><td><strong>&nbsp;Elektriksel<\/strong><\/td><\/tr><tr><td>&nbsp;Elektrik Adapt\u00f6r\u00fc (Opsiyonel)<\/td><td>Giri\u015f: AC 100~240V, 50~60Hz<\/td><\/tr><tr><td>\u00c7\u0131k\u0131\u015f: DC5V, 500 mA<\/td><\/tr><tr><td>&nbsp;Pil Tipi<\/td><td>3,7V 900 mAh Li-ion Pil<\/td><\/tr><tr><td>&nbsp;Pil \u015earj S\u00fcresi<\/td><td>Yakla\u015f\u0131k 3,5 Saat<\/td><\/tr><tr><td>&nbsp;Kullan\u0131m S\u00fcresi<\/td><td>BS8060-3V: Maks. 11 Saat (Dakikada 6 Okutma)<\/td><\/tr><tr><td>BS8060-2T: Maks. 6 Saat (Dakikada 6 Okutma)<\/td><\/tr><tr><td>&nbsp;Ak\u0131m De\u011ferleri<\/td><td>BS8060-3V<\/td><td>\u00c7al\u0131\u015fma Modunda: 75 mA (Bluetooth A\u00e7\u0131k \u0130ken)<\/td><\/tr><tr><td>Bekleme Modunda: 5 mA<\/td><\/tr><tr><td>BS8060-2T<\/td><td>\u00c7al\u0131\u015fma Modunda: 260 mA (Bluetooth A\u00e7\u0131k \u0130ken)<\/td><\/tr><tr><td>Bekleme Modunda: 10 mA<\/td><\/tr><tr><td><strong>&nbsp;\u00c7evresel<\/strong><\/td><\/tr><tr><td>&nbsp;\u00c7al\u0131\u015fma S\u0131cakl\u0131\u011f\u0131<\/td><td>-20\u00b0C ~ 50\u00b0C<\/td><\/tr><tr><td>&nbsp;Muhafaza S\u0131cakl\u0131\u011f\u0131<\/td><td>-40\u00b0C ~ 70\u00b0C<\/td><\/tr><tr><td>&nbsp;Nem<\/td><td>%5 ~ %95 (Yo\u011fu\u015fmas\u0131z)<\/td><\/tr><tr><td>&nbsp;ESD<\/td><td>\u00b18 KV contact discharge; \u00b115 KV air discharge<\/td><\/tr><tr><td>&nbsp;Darbe Dayan\u0131kl\u0131l\u0131\u011f\u0131<\/td><td>1,2 Metreden D\u00fc\u015fmeye dayan\u0131kl\u0131<\/td><\/tr><tr><td>&nbsp;IP Standart\u0131<\/td><td>IP42<\/td><\/tr><tr><td><strong>&nbsp;Sertifikalar<\/strong><\/td><\/tr><tr><td>&nbsp;Sertifikalar<\/td><td>FCC Part15 Class B, CE EMC Class B<\/td><\/tr><tr><td><strong>&nbsp;Desteklenen Barkod Tipleri<\/strong><\/td><td>&nbsp;<\/td><\/tr><tr><td>&nbsp;Barkod Tipleri<\/td><td>&nbsp;1D<\/td><td>Code128, EAN-13, EAN-8, Code 39, UPC-A, UPC-E, Codabar, ISSN, Interleaved 2 of 5, Code 93, ISBN, Code 93, UCC\/EAN-128, GS1 Databar vb.<\/td><\/tr><tr><td>&nbsp;2D<\/td><td>PDF417, QR Code, Data Matrix vb.<\/td><\/tr><tr><td><strong>&nbsp;Tarama Mesafeleri<\/strong><\/td><\/tr><tr><td>&nbsp;Tarama Mesafeleri<\/td><td>&nbsp;1D<\/td><td>Code 39 (5 Mil): 105 mm ~ 175 mm<\/td><\/tr><tr><td>Code 128 (10 Mil): 60 mm ~ 340 mm<\/td><\/tr><tr><td>EAN-13 (13 Mil): 55 mm ~ 410 mm<\/td><\/tr><tr><td>&nbsp;2D<\/td><td>Code 39 (5 Mil): 60 mm ~ 190 mm<\/td><\/tr><tr><td>EAN-13 (13 Mil): 60 mm ~ 380 mm<\/td><\/tr><tr><td>Datamatrix (10 Mil): 85 mm ~ 140 m<\/td><\/tr><tr><td>QrCode (15 Mil): 40 mm ~ 190 mm<\/td><\/tr><tr><td>PDF417 (6,67 Mil): 40 mm ~ 190 mm<\/td><\/tr><\/tbody><\/table>\n","protected":false},"excerpt":{"rendered":"<p>\u25cf Barkod veya Karekod Okuyucu Se\u00e7enekleri\u25cf Kablosuz (Bluetooth) ileti\u015fim\u25cf Max. 50 metre aktarma mesafesi\u25cf 62 gram a\u011f\u0131rl\u0131k\u25cf Max. 6 veya 11 saat kullan\u0131m \u00f6mr\u00fc\u25cf IP42 End\u00fcstriyel Standart\u0131\u25cf Windows, Android ve iOS Cihazlar ile Uyumlu\u25cf Opsiyonel Cradle \u00dcnitesi &nbsp;Model Okuyucu Tipi Tarama Teknolojisi &nbsp;BS8060-3V Barkod Okuyucu &nbsp;Linear Imager &nbsp;BS8060-2T Karekod Okuyucu &nbsp;CMOS Imager &nbsp;Performans &nbsp;Image Sensor [&hellip;]<\/p>\n","protected":false},"author":1,"featured_media":0,"parent":754,"menu_order":0,"comment_status":"closed","ping_status":"closed","template":"","meta":[],"yoast_head":"<!-- This site is optimized with the Yoast SEO plugin v15.7 - https:\/\/yoast.com\/wordpress\/plugins\/seo\/ -->\n<title>Newland BS8060 Piranha Kablosuz Karekod Barkod Okuyucu - Crea Barkod<\/title>\n<meta name=\"robots\" content=\"index, follow, max-snippet:-1, max-image-preview:large, max-video-preview:-1\" \/>\n<link rel=\"canonical\" href=\"http:\/\/www.creabarkod.com\/?page_id=980\" \/>\n<meta property=\"og:locale\" content=\"tr_TR\" \/>\n<meta property=\"og:type\" content=\"article\" \/>\n<meta property=\"og:title\" content=\"Newland BS8060 Piranha Kablosuz Karekod Barkod Okuyucu - Crea Barkod\" \/>\n<meta property=\"og:description\" content=\"\u25cf Barkod veya Karekod Okuyucu Se\u00e7enekleri\u25cf Kablosuz (Bluetooth) ileti\u015fim\u25cf Max. 50 metre aktarma mesafesi\u25cf 62 gram a\u011f\u0131rl\u0131k\u25cf Max. 6 veya 11 saat kullan\u0131m \u00f6mr\u00fc\u25cf IP42 End\u00fcstriyel Standart\u0131\u25cf Windows, Android ve iOS Cihazlar ile Uyumlu\u25cf Opsiyonel Cradle \u00dcnitesi &nbsp;Model Okuyucu Tipi Tarama Teknolojisi &nbsp;BS8060-3V Barkod Okuyucu &nbsp;Linear Imager &nbsp;BS8060-2T Karekod Okuyucu &nbsp;CMOS Imager &nbsp;Performans &nbsp;Image Sensor [&hellip;]\" \/>\n<meta property=\"og:url\" content=\"http:\/\/www.creabarkod.com\/?page_id=980\" \/>\n<meta property=\"og:site_name\" content=\"Crea Barkod\" \/>\n<meta property=\"article:modified_time\" content=\"2019-06-20T15:28:56+00:00\" \/>\n<meta property=\"og:image\" content=\"http:\/\/www.creabarkod.com\/wp-content\/uploads\/2019\/06\/Newland-BS8060-Piranha-Kablosuz-Karekod-Barkod-Okuyucu-1.jpg\" \/>\n<meta name=\"twitter:card\" content=\"summary_large_image\" \/>\n<meta name=\"twitter:label1\" content=\"Tahmini okuma s\u00fcresi\">\n\t<meta name=\"twitter:data1\" content=\"2 dakika\">\n<script type=\"application\/ld+json\" class=\"yoast-schema-graph\">{\"@context\":\"https:\/\/schema.org\",\"@graph\":[{\"@type\":\"WebSite\",\"@id\":\"http:\/\/www.creabarkod.com\/#website\",\"url\":\"http:\/\/www.creabarkod.com\/\",\"name\":\"Crea Barkod\",\"description\":\"\",\"potentialAction\":[{\"@type\":\"SearchAction\",\"target\":\"http:\/\/www.creabarkod.com\/?s={search_term_string}\",\"query-input\":\"required name=search_term_string\"}],\"inLanguage\":\"tr\"},{\"@type\":\"ImageObject\",\"@id\":\"http:\/\/www.creabarkod.com\/?page_id=980#primaryimage\",\"inLanguage\":\"tr\",\"url\":\"http:\/\/www.creabarkod.com\/wp-content\/uploads\/2019\/06\/Newland-BS8060-Piranha-Kablosuz-Karekod-Barkod-Okuyucu-1.jpg\",\"width\":295,\"height\":567,\"caption\":\"Newland BS8060 Piranha Kablosuz Karekod Barkod Okuyucu\"},{\"@type\":\"WebPage\",\"@id\":\"http:\/\/www.creabarkod.com\/?page_id=980#webpage\",\"url\":\"http:\/\/www.creabarkod.com\/?page_id=980\",\"name\":\"Newland BS8060 Piranha Kablosuz Karekod Barkod Okuyucu - Crea Barkod\",\"isPartOf\":{\"@id\":\"http:\/\/www.creabarkod.com\/#website\"},\"primaryImageOfPage\":{\"@id\":\"http:\/\/www.creabarkod.com\/?page_id=980#primaryimage\"},\"datePublished\":\"2019-06-20T13:40:34+00:00\",\"dateModified\":\"2019-06-20T15:28:56+00:00\",\"inLanguage\":\"tr\",\"potentialAction\":[{\"@type\":\"ReadAction\",\"target\":[\"http:\/\/www.creabarkod.com\/?page_id=980\"]}]}]}<\/script>\n<!-- \/ Yoast SEO plugin. -->","_links":{"self":[{"href":"http:\/\/www.creabarkod.com\/index.php?rest_route=\/wp\/v2\/pages\/980"}],"collection":[{"href":"http:\/\/www.creabarkod.com\/index.php?rest_route=\/wp\/v2\/pages"}],"about":[{"href":"http:\/\/www.creabarkod.com\/index.php?rest_route=\/wp\/v2\/types\/page"}],"author":[{"embeddable":true,"href":"http:\/\/www.creabarkod.com\/index.php?rest_route=\/wp\/v2\/users\/1"}],"replies":[{"embeddable":true,"href":"http:\/\/www.creabarkod.com\/index.php?rest_route=%2Fwp%2Fv2%2Fcomments&post=980"}],"version-history":[{"count":2,"href":"http:\/\/www.creabarkod.com\/index.php?rest_route=\/wp\/v2\/pages\/980\/revisions"}],"predecessor-version":[{"id":984,"href":"http:\/\/www.creabarkod.com\/index.php?rest_route=\/wp\/v2\/pages\/980\/revisions\/984"}],"up":[{"embeddable":true,"href":"http:\/\/www.creabarkod.com\/index.php?rest_route=\/wp\/v2\/pages\/754"}],"wp:attachment":[{"href":"http:\/\/www.creabarkod.com\/index.php?rest_route=%2Fwp%2Fv2%2Fmedia&parent=980"}],"curies":[{"name":"wp","href":"https:\/\/api.w.org\/{rel}","templated":true}]}}