{"id":971,"date":"2019-06-20T13:29:49","date_gmt":"2019-06-20T13:29:49","guid":{"rendered":"http:\/\/www.creabarkod.com\/?page_id=971"},"modified":"2019-06-20T15:27:22","modified_gmt":"2019-06-20T15:27:22","slug":"datalogic-gryphon-gbt4400-hc-antimikrobiyal-kablosuz-barkod-okuyucu","status":"publish","type":"page","link":"http:\/\/www.creabarkod.com\/?page_id=971","title":{"rendered":"Datalogic Gryphon GBT4400 HC Antimikrobiyal Kablosuz Barkod Okuyucu"},"content":{"rendered":"\n<ul class=\"wp-block-gallery columns-4 is-cropped\"><li class=\"blocks-gallery-item\"><figure><a href=\"http:\/\/www.creabarkod.com\/wp-content\/uploads\/2019\/06\/Datalogic-Gryphon-GBT4400-HC-Antimikrobiyal-Kablosuz-Barkod-Okuyucu-1.jpg\"><img loading=\"lazy\" width=\"423\" height=\"567\" src=\"http:\/\/www.creabarkod.com\/wp-content\/uploads\/2019\/06\/Datalogic-Gryphon-GBT4400-HC-Antimikrobiyal-Kablosuz-Barkod-Okuyucu-1.jpg\" alt=\"Datalogic Gryphon GBT4400 HC Antimikrobiyal Kablosuz Barkod Okuyucu\" data-id=\"972\" data-link=\"http:\/\/www.creabarkod.com\/?attachment_id=972\" class=\"wp-image-972\" srcset=\"http:\/\/www.creabarkod.com\/wp-content\/uploads\/2019\/06\/Datalogic-Gryphon-GBT4400-HC-Antimikrobiyal-Kablosuz-Barkod-Okuyucu-1.jpg 423w, http:\/\/www.creabarkod.com\/wp-content\/uploads\/2019\/06\/Datalogic-Gryphon-GBT4400-HC-Antimikrobiyal-Kablosuz-Barkod-Okuyucu-1-224x300.jpg 224w\" sizes=\"(max-width: 423px) 100vw, 423px\" \/><\/a><\/figure><\/li><li class=\"blocks-gallery-item\"><figure><a href=\"http:\/\/www.creabarkod.com\/wp-content\/uploads\/2019\/06\/Datalogic-Gryphon-GBT4400-HC-Antimikrobiyal-Kablosuz-Barkod-Okuyucu-2.jpg\"><img loading=\"lazy\" width=\"423\" height=\"567\" src=\"http:\/\/www.creabarkod.com\/wp-content\/uploads\/2019\/06\/Datalogic-Gryphon-GBT4400-HC-Antimikrobiyal-Kablosuz-Barkod-Okuyucu-2.jpg\" alt=\"Datalogic Gryphon GBT4400 HC Antimikrobiyal Kablosuz Barkod Okuyucu\" data-id=\"973\" data-link=\"http:\/\/www.creabarkod.com\/?attachment_id=973\" class=\"wp-image-973\" srcset=\"http:\/\/www.creabarkod.com\/wp-content\/uploads\/2019\/06\/Datalogic-Gryphon-GBT4400-HC-Antimikrobiyal-Kablosuz-Barkod-Okuyucu-2.jpg 423w, http:\/\/www.creabarkod.com\/wp-content\/uploads\/2019\/06\/Datalogic-Gryphon-GBT4400-HC-Antimikrobiyal-Kablosuz-Barkod-Okuyucu-2-224x300.jpg 224w\" sizes=\"(max-width: 423px) 100vw, 423px\" \/><\/a><\/figure><\/li><li class=\"blocks-gallery-item\"><figure><a href=\"http:\/\/www.creabarkod.com\/wp-content\/uploads\/2019\/06\/Datalogic-Gryphon-GBT4400-HC-Antimikrobiyal-Kablosuz-Barkod-Okuyucu-3.jpg\"><img loading=\"lazy\" width=\"454\" height=\"567\" src=\"http:\/\/www.creabarkod.com\/wp-content\/uploads\/2019\/06\/Datalogic-Gryphon-GBT4400-HC-Antimikrobiyal-Kablosuz-Barkod-Okuyucu-3.jpg\" alt=\"Datalogic Gryphon GBT4400 HC Antimikrobiyal Kablosuz Barkod Okuyucu\" data-id=\"974\" data-link=\"http:\/\/www.creabarkod.com\/?attachment_id=974\" class=\"wp-image-974\" srcset=\"http:\/\/www.creabarkod.com\/wp-content\/uploads\/2019\/06\/Datalogic-Gryphon-GBT4400-HC-Antimikrobiyal-Kablosuz-Barkod-Okuyucu-3.jpg 454w, http:\/\/www.creabarkod.com\/wp-content\/uploads\/2019\/06\/Datalogic-Gryphon-GBT4400-HC-Antimikrobiyal-Kablosuz-Barkod-Okuyucu-3-240x300.jpg 240w\" sizes=\"(max-width: 454px) 100vw, 454px\" \/><\/a><\/figure><\/li><li class=\"blocks-gallery-item\"><figure><a href=\"http:\/\/www.creabarkod.com\/wp-content\/uploads\/2019\/06\/Datalogic-Gryphon-GBT4400-HC-Antimikrobiyal-Kablosuz-Barkod-Okuyucu-4.jpg\"><img loading=\"lazy\" width=\"668\" height=\"425\" src=\"http:\/\/www.creabarkod.com\/wp-content\/uploads\/2019\/06\/Datalogic-Gryphon-GBT4400-HC-Antimikrobiyal-Kablosuz-Barkod-Okuyucu-4.jpg\" alt=\"Datalogic Gryphon GBT4400 HC Antimikrobiyal Kablosuz Barkod Okuyucu\" data-id=\"975\" data-link=\"http:\/\/www.creabarkod.com\/?attachment_id=975\" class=\"wp-image-975\" srcset=\"http:\/\/www.creabarkod.com\/wp-content\/uploads\/2019\/06\/Datalogic-Gryphon-GBT4400-HC-Antimikrobiyal-Kablosuz-Barkod-Okuyucu-4.jpg 668w, http:\/\/www.creabarkod.com\/wp-content\/uploads\/2019\/06\/Datalogic-Gryphon-GBT4400-HC-Antimikrobiyal-Kablosuz-Barkod-Okuyucu-4-300x191.jpg 300w\" sizes=\"(max-width: 668px) 100vw, 668px\" \/><\/a><\/figure><\/li><\/ul>\n\n\n\n<p>\u25cf 1D, 2D (Karekod), Postal ve Stacked kodlar\u0131 okuyabilme<br>\u25cf Wide VGA (752 x 480 Piksel) Tarama<br>\u25cf Barkod okumay\u0131 kolayla\u015ft\u0131rmak i\u00e7in 4 noktal\u0131 odaklama \u0131\u015f\u0131\u011f\u0131<br>\u25cf Barkod okumay\u0131 do\u011frulamak i\u00e7in\u00a0<strong>&#8220;Green Spot&#8221;<\/strong>\u00a0\u0131\u015f\u0131\u011f\u0131<br>\u25cf\u00a0<strong>Bluetooth<\/strong>\u00a0ile Kablosuz veri aktarma (Max. 30 metre)<br>\u25cf Kapsama alan\u0131 d\u0131\u015f\u0131nda haf\u0131zaya alabilme \u00f6zelli\u011fi<br>\u25cf \u00c7oklu arabirim se\u00e7enekleri<br>\u25cf\u00a0<strong>Antimikrobiyal<\/strong>\u00a0Kasa<br>\u25cf IP52 Standartlar\u0131nda<br>\u25cf 1,5 metreden d\u00fc\u015fmeye dayan\u0131kl\u0131<br>\u25cf Tek Cradle \u00fcnitesine 7 cihaz ba\u011flayabilme <\/p>\n\n\n\n<table class=\"wp-block-table\"><tbody><tr><td><strong>&nbsp;Kablosuz&nbsp;\u0130leti\u015fim<\/strong><\/td><\/tr><tr><td>&nbsp;Protokol<\/td><td>Bluetooth 2.0 Class 2<\/td><\/tr><tr><td>&nbsp;Frekans<\/td><td>2,4 Ghz<\/td><\/tr><tr><td>&nbsp;Profil<\/td><td>SPP (Serial Port Profile)<\/td><\/tr><tr><td>&nbsp;Tek Cradle a ba\u011flanabilen Cihaz say\u0131s\u0131<\/td><td>Max. 7 Cihaz (Opsiyonel)<\/td><\/tr><tr><td>&nbsp;\u0130leti\u015fim mesafesi<\/td><td>Max. 30 metre (Ortam \u015fartlar\u0131na ba\u011fl\u0131)<\/td><\/tr><tr><td><strong>&nbsp;\u00c7\u00f6z\u00fcmleme Yetene\u011fi<\/strong><\/td><td><\/td><\/tr><tr><td>&nbsp;1D Linear Kodlar<\/td><td>GS1\/Databar Dahil Standart 1D Linear Kodlar<\/td><\/tr><tr><td>&nbsp;2D Kodlar<\/td><td>Aztec Code, China Han Xin Code, Data Matrix, MaxiCode, QR Code<\/td><\/tr><tr><td>&nbsp;Postal Kodlar<\/td><td>Australian Post, China Post, IMB, Japanese Post, KIX Post, Planet Code, Postnet, Royal Mail Code (RM4SCC)<\/td><\/tr><tr><td>&nbsp;Stacked Kodlar<\/td><td>EAN\/JAN Composites, GS1 DataBar Composites, GS1 DataBar Expanded Stacked, GS1 DataBar Stacked, GS1 DataBar Stacked Omnidirectional, MacroPDF, MicroPDF417, PDF417, UPC A\/E Composites<\/td><\/tr><tr><td><strong>&nbsp;Elektriksel<\/strong><\/td><td><\/td><\/tr><tr><td>&nbsp;Pil<\/td><td>Tipi : 2100 mAH Lityum Ion<\/td><\/tr><tr><td>\u015earj s\u00fcresi<\/td><td>4 saat @ 12 VDC (Orijinal Datalogic Elektrik Adapt\u00f6r\u00fc ile-Opsiyonel)<\/td><\/tr><tr><td>16 ~ 20 saat @ 5 VDC (USB Kablo ile)<\/td><\/tr><tr><td>Kullan\u0131m S\u00fcresi: Yakla\u015f\u0131k 50.000 okutma<\/td><\/tr><tr><td>&nbsp;Cradle g\u00f6sterge LED leri<\/td><td>Pil \u015earj\u0131: K\u0131rm\u0131z\u0131, Pil Dolu: Ye\u015fil, G\u00fc\u00e7: Sar\u0131<\/td><\/tr><tr><td>&nbsp;\u00c7al\u0131\u015fma Ak\u0131mlar\u0131<\/td><td>\u015earjda: &lt; 8 W, Beklemede: &lt; 2.5 mA @ 5 VDC<\/td><\/tr><tr><td>&nbsp;Giri\u015f Voltaj\u0131<\/td><td>4.5 &#8211; 14 VDC<\/td><\/tr><tr><td><strong>&nbsp;\u00c7evresel<\/strong><\/td><td><\/td><\/tr><tr><td>&nbsp;I\u015f\u0131k Seviyesi<\/td><td>0 ~ 100.000 Lux<\/td><\/tr><tr><td>&nbsp;\u00c7al\u0131\u015fma S\u0131cakl\u0131\u011f\u0131<\/td><td>0\u00b0C ~ 50\u00b0C<\/td><\/tr><tr><td>&nbsp;Muhafaza S\u0131cakl\u0131\u011f\u0131<\/td><td>-20 \u00b0C ~ 70 \u00b0C<\/td><\/tr><tr><td>&nbsp;Nem<\/td><td>0 ~ %90 (Yo\u011funla\u015fmas\u0131z)<\/td><\/tr><tr><td>&nbsp;D\u00fc\u015fme dayan\u0131kl\u0131l\u0131\u011f\u0131<\/td><td>1,5 Metre<\/td><\/tr><tr><td>&nbsp;IP Standard\u0131<\/td><td>IP52<\/td><\/tr><tr><td>&nbsp;ESD Korumas\u0131 (Air Discharge)<\/td><td>16 kV<\/td><\/tr><tr><td><strong>&nbsp;Ara Birim<\/strong><\/td><\/tr><tr><td>&nbsp;Desteklenen Ara Birimler<\/td><td>Keyboard Wedge, RS-232, USB, Wand (\u00c7oklu Arabirim)<\/td><\/tr><tr><td><strong>&nbsp;Fiziksel<\/strong><\/td><td><\/td><\/tr><tr><td>&nbsp;Renk<\/td><td>A\u00e7\u0131k Ye\u015fil\/A\u00e7\u0131k Gri (Kau\u00e7uk\/Plastik)<\/td><\/tr><tr><td>&nbsp;Ebatlar<\/td><td>Cradle: 186 x 99 x 56 mm<\/td><\/tr><tr><td>Okuyucu: 181 x 71 x 100 mm<\/td><\/tr><tr><td>&nbsp;Koruma<\/td><td>Dezenfektanlara kar\u015f\u0131 dayan\u0131kl\u0131 d\u0131\u015f y\u00fczey (ISO22196 and JISZ 2801 uyumlu modeller)<\/td><\/tr><tr><td>&nbsp;A\u011f\u0131rl\u0131k<\/td><td>Cradle: 246 gram<\/td><\/tr><tr><td>Okuyucu: 245 Gram<\/td><\/tr><tr><td><strong>&nbsp;Okuma Performans\u0131<\/strong><\/td><\/tr><tr><td>&nbsp;Image Sens\u00f6r<\/td><td>Wide VGA: 752 x 480 piksel<\/td><\/tr><tr><td>&nbsp;I\u015f\u0131k kayna\u011f\u0131 (Odaklanma)<\/td><td>650 nm G\u00f6r\u00fclebilir Lazer Diyod (VLD)<\/td><\/tr><tr><td>&nbsp;Hareket Tolerans\u0131<\/td><td>25 IPS<\/td><\/tr><tr><td>&nbsp;Yazd\u0131rma kar\u015f\u0131tl\u0131\u011f\u0131<\/td><td>25%<\/td><\/tr><tr><td>&nbsp;Tarama a\u00e7\u0131s\u0131<\/td><td>Pitch: +\/- 40\u00b0; Roll (Tilt): 360\u00b0; Skew (Yaw): +\/- 40\u00b0<\/td><\/tr><tr><td>&nbsp;Okuma G\u00f6stergeleri<\/td><td>Ayarlanabilir Ses Tonu, Datalogic \u2018Green Spot\u2019 Good Read Feedback; Good Read LED<\/td><\/tr><tr><td>&nbsp;\u00c7\u00f6z\u00fcn\u00fcrl\u00fck<\/td><td>1D<\/td><td>0.102 mm (4 mils)<\/td><\/tr><tr><td>2D<\/td><td>Data Matrix: 0.178 mm (7 mils)<\/td><\/tr><tr><td>PDF417: 0.102 mm&nbsp; (4 mils)<\/td><\/tr><tr><td><strong>&nbsp;Okuma Aral\u0131klar\u0131<\/strong><\/td><td><\/td><\/tr><tr><td>&nbsp;Tarama mesafeleri<\/td><td>Code 39<\/td><td>5 mils: 4.0 ~ 19.0 cm<\/td><\/tr><tr><td>10 mils: 1.0 ~ 30.0 cm<\/td><\/tr><tr><td>Data Matrix<\/td><td>10 mils: 2.0 ~ 16.0 cm<\/td><\/tr><tr><td>15 mils: 0 ~ 23.6 cm<\/td><\/tr><tr><td>EAN -13<\/td><td>13 mils: 1.5 ~ 40.0 cm<\/td><\/tr><tr><td>PDF417<\/td><td>10 mils: 0.5 ~ 22.0 cm<\/td><\/tr><tr><td>QR Code<\/td><td>10 mils: 3.0 ~ 12.5 cm<\/td><\/tr><tr><td><strong>&nbsp;G\u00fcvenlik ve D\u00fczenleyiciler<\/strong><\/td><td><\/td><\/tr><tr><td>&nbsp;Kurum onaylar\u0131 (Sertifikalar)<\/td><td>\u00dcr\u00fcn ama\u00e7lanan kullan\u0131m\u0131 i\u00e7in gerekli g\u00fcvenlik ve d\u00fczenleyici onaylar\u0131 kar\u015f\u0131lar. Gerekli sertifikalar kullan\u0131m k\u0131lavuzunda belirtilmi\u015ftir.<\/td><\/tr><tr><td>&nbsp;\u00c7evreye Uyum<\/td><td>\u00c7in ve Avrupa RoHS uyumlu<\/td><\/tr><tr><td>Lazer s\u0131n\u0131fland\u0131rmas\u0131<\/td><td>IEC 60825 Class 2 (Lazer \u0131\u015f\u0131\u011f\u0131na do\u011frudan bak\u0131lmamal\u0131)<\/td><\/tr><tr><td><strong>&nbsp;Ara\u00e7lar<\/strong><\/td><td><\/td><\/tr><tr><td>&nbsp;Datalogic Aladdin<\/td><td>Okuyucu ile ilgili konfig\u00fcrasyonlar\u0131n yap\u0131lmas\u0131n\u0131 sa\u011flayan program<\/td><\/tr><tr><td>&nbsp;OPOS \/ JavaPOS<\/td><td>oPOS ve JavaPOS ara\u00e7lar\u0131 \u00fccretsiz olarak indirilebilir<\/td><\/tr><tr><td>&nbsp;Remote Host Download<\/td><td>D\u00fc\u015f\u00fck maliyet ve geli\u015fmi\u015f i\u015flemler<\/td><\/tr><\/tbody><\/table>\n","protected":false},"excerpt":{"rendered":"<p>\u25cf 1D, 2D (Karekod), Postal ve Stacked kodlar\u0131 okuyabilme\u25cf Wide VGA (752 x 480 Piksel) Tarama\u25cf Barkod okumay\u0131 kolayla\u015ft\u0131rmak i\u00e7in 4 noktal\u0131 odaklama \u0131\u015f\u0131\u011f\u0131\u25cf Barkod okumay\u0131 do\u011frulamak i\u00e7in\u00a0&#8220;Green Spot&#8221;\u00a0\u0131\u015f\u0131\u011f\u0131\u25cf\u00a0Bluetooth\u00a0ile Kablosuz veri aktarma (Max. 30 metre)\u25cf Kapsama alan\u0131 d\u0131\u015f\u0131nda haf\u0131zaya alabilme \u00f6zelli\u011fi\u25cf \u00c7oklu arabirim se\u00e7enekleri\u25cf\u00a0Antimikrobiyal\u00a0Kasa\u25cf IP52 Standartlar\u0131nda\u25cf 1,5 metreden d\u00fc\u015fmeye dayan\u0131kl\u0131\u25cf Tek Cradle \u00fcnitesine 7 cihaz [&hellip;]<\/p>\n","protected":false},"author":1,"featured_media":0,"parent":754,"menu_order":0,"comment_status":"closed","ping_status":"closed","template":"","meta":[],"yoast_head":"<!-- This site is optimized with the Yoast SEO plugin v15.7 - https:\/\/yoast.com\/wordpress\/plugins\/seo\/ -->\n<title>Datalogic Gryphon GBT4400 HC Antimikrobiyal Kablosuz Barkod Okuyucu - Crea Barkod<\/title>\n<meta name=\"robots\" content=\"index, follow, max-snippet:-1, max-image-preview:large, max-video-preview:-1\" \/>\n<link rel=\"canonical\" href=\"https:\/\/www.creabarkod.com\/?page_id=971\" \/>\n<meta property=\"og:locale\" content=\"tr_TR\" \/>\n<meta property=\"og:type\" content=\"article\" \/>\n<meta property=\"og:title\" content=\"Datalogic Gryphon GBT4400 HC Antimikrobiyal Kablosuz Barkod Okuyucu - Crea Barkod\" \/>\n<meta property=\"og:description\" content=\"\u25cf 1D, 2D (Karekod), Postal ve Stacked kodlar\u0131 okuyabilme\u25cf Wide VGA (752 x 480 Piksel) Tarama\u25cf Barkod okumay\u0131 kolayla\u015ft\u0131rmak i\u00e7in 4 noktal\u0131 odaklama \u0131\u015f\u0131\u011f\u0131\u25cf Barkod okumay\u0131 do\u011frulamak i\u00e7in\u00a0&#8220;Green Spot&#8221;\u00a0\u0131\u015f\u0131\u011f\u0131\u25cf\u00a0Bluetooth\u00a0ile Kablosuz veri aktarma (Max. 30 metre)\u25cf Kapsama alan\u0131 d\u0131\u015f\u0131nda haf\u0131zaya alabilme \u00f6zelli\u011fi\u25cf \u00c7oklu arabirim se\u00e7enekleri\u25cf\u00a0Antimikrobiyal\u00a0Kasa\u25cf IP52 Standartlar\u0131nda\u25cf 1,5 metreden d\u00fc\u015fmeye dayan\u0131kl\u0131\u25cf Tek Cradle \u00fcnitesine 7 cihaz [&hellip;]\" \/>\n<meta property=\"og:url\" content=\"https:\/\/www.creabarkod.com\/?page_id=971\" \/>\n<meta property=\"og:site_name\" content=\"Crea Barkod\" \/>\n<meta property=\"article:modified_time\" content=\"2019-06-20T15:27:22+00:00\" \/>\n<meta property=\"og:image\" content=\"http:\/\/www.creabarkod.com\/wp-content\/uploads\/2019\/06\/Datalogic-Gryphon-GBT4400-HC-Antimikrobiyal-Kablosuz-Barkod-Okuyucu-1.jpg\" \/>\n<meta name=\"twitter:card\" content=\"summary_large_image\" \/>\n<meta name=\"twitter:label1\" content=\"Tahmini okuma s\u00fcresi\">\n\t<meta name=\"twitter:data1\" content=\"3 dakika\">\n<script type=\"application\/ld+json\" class=\"yoast-schema-graph\">{\"@context\":\"https:\/\/schema.org\",\"@graph\":[{\"@type\":\"WebSite\",\"@id\":\"http:\/\/www.creabarkod.com\/#website\",\"url\":\"http:\/\/www.creabarkod.com\/\",\"name\":\"Crea Barkod\",\"description\":\"\",\"potentialAction\":[{\"@type\":\"SearchAction\",\"target\":\"http:\/\/www.creabarkod.com\/?s={search_term_string}\",\"query-input\":\"required name=search_term_string\"}],\"inLanguage\":\"tr\"},{\"@type\":\"ImageObject\",\"@id\":\"https:\/\/www.creabarkod.com\/?page_id=971#primaryimage\",\"inLanguage\":\"tr\",\"url\":\"http:\/\/www.creabarkod.com\/wp-content\/uploads\/2019\/06\/Datalogic-Gryphon-GBT4400-HC-Antimikrobiyal-Kablosuz-Barkod-Okuyucu-1.jpg\",\"width\":423,\"height\":567,\"caption\":\"Datalogic Gryphon GBT4400 HC Antimikrobiyal Kablosuz Barkod Okuyucu\"},{\"@type\":\"WebPage\",\"@id\":\"https:\/\/www.creabarkod.com\/?page_id=971#webpage\",\"url\":\"https:\/\/www.creabarkod.com\/?page_id=971\",\"name\":\"Datalogic Gryphon GBT4400 HC Antimikrobiyal Kablosuz Barkod Okuyucu - Crea Barkod\",\"isPartOf\":{\"@id\":\"http:\/\/www.creabarkod.com\/#website\"},\"primaryImageOfPage\":{\"@id\":\"https:\/\/www.creabarkod.com\/?page_id=971#primaryimage\"},\"datePublished\":\"2019-06-20T13:29:49+00:00\",\"dateModified\":\"2019-06-20T15:27:22+00:00\",\"inLanguage\":\"tr\",\"potentialAction\":[{\"@type\":\"ReadAction\",\"target\":[\"https:\/\/www.creabarkod.com\/?page_id=971\"]}]}]}<\/script>\n<!-- \/ Yoast SEO plugin. -->","_links":{"self":[{"href":"http:\/\/www.creabarkod.com\/index.php?rest_route=\/wp\/v2\/pages\/971"}],"collection":[{"href":"http:\/\/www.creabarkod.com\/index.php?rest_route=\/wp\/v2\/pages"}],"about":[{"href":"http:\/\/www.creabarkod.com\/index.php?rest_route=\/wp\/v2\/types\/page"}],"author":[{"embeddable":true,"href":"http:\/\/www.creabarkod.com\/index.php?rest_route=\/wp\/v2\/users\/1"}],"replies":[{"embeddable":true,"href":"http:\/\/www.creabarkod.com\/index.php?rest_route=%2Fwp%2Fv2%2Fcomments&post=971"}],"version-history":[{"count":1,"href":"http:\/\/www.creabarkod.com\/index.php?rest_route=\/wp\/v2\/pages\/971\/revisions"}],"predecessor-version":[{"id":976,"href":"http:\/\/www.creabarkod.com\/index.php?rest_route=\/wp\/v2\/pages\/971\/revisions\/976"}],"up":[{"embeddable":true,"href":"http:\/\/www.creabarkod.com\/index.php?rest_route=\/wp\/v2\/pages\/754"}],"wp:attachment":[{"href":"http:\/\/www.creabarkod.com\/index.php?rest_route=%2Fwp%2Fv2%2Fmedia&parent=971"}],"curies":[{"name":"wp","href":"https:\/\/api.w.org\/{rel}","templated":true}]}}