{"id":965,"date":"2019-06-20T13:23:38","date_gmt":"2019-06-20T13:23:38","guid":{"rendered":"http:\/\/www.creabarkod.com\/?page_id=965"},"modified":"2019-06-20T15:28:18","modified_gmt":"2019-06-20T15:28:18","slug":"datalogic-quickscan-qm2400-kablosuz-karekod-okuyucu","status":"publish","type":"page","link":"http:\/\/www.creabarkod.com\/?page_id=965","title":{"rendered":"Datalogic QuickScan QM2400 Kablosuz Karekod Okuyucu"},"content":{"rendered":"\n<figure class=\"wp-block-image is-resized\"><a href=\"http:\/\/www.creabarkod.com\/wp-content\/uploads\/2019\/06\/Datalogic-QuickScan-QM2400-Kablosuz-Barkod-Okuyucu-1.jpg\"><img loading=\"lazy\" src=\"http:\/\/www.creabarkod.com\/wp-content\/uploads\/2019\/06\/Datalogic-QuickScan-QM2400-Kablosuz-Barkod-Okuyucu-1.jpg\" alt=\"Datalogic QuickScan QM2400 Kablosuz Barkod Okuyucu\" class=\"wp-image-966\" width=\"211\" height=\"284\" srcset=\"http:\/\/www.creabarkod.com\/wp-content\/uploads\/2019\/06\/Datalogic-QuickScan-QM2400-Kablosuz-Barkod-Okuyucu-1.jpg 421w, http:\/\/www.creabarkod.com\/wp-content\/uploads\/2019\/06\/Datalogic-QuickScan-QM2400-Kablosuz-Barkod-Okuyucu-1-223x300.jpg 223w\" sizes=\"(max-width: 211px) 100vw, 211px\" \/><\/a><\/figure>\n\n\n\n<p>\u25cf 1D \/ 2D barkodlar\u0131 okuyabilme<br>\u25cf Datalogic Star Sistem ile Kablosuz veri aktarma (Max. 25 metre)<br>\u25cf Kapsama alan\u0131 d\u0131\u015f\u0131nda haf\u0131zaya alabilme \u00f6zelli\u011fi<br>\u25cf \u00c7oklu arabirim se\u00e7enekleri<br>\u25cf IP42 Standartlar\u0131nda<br>\u25cf 1,5 metreden d\u00fc\u015fmeye dayan\u0131kl\u0131<br>\u25cf Stand \u00fczerinde dahi okuyabilme <\/p>\n\n\n\n<table class=\"wp-block-table\"><tbody><tr><td><strong>&nbsp;Kablosuz&nbsp;\u0130leti\u015fim<\/strong><\/td><\/tr><tr><td>&nbsp;Sistem<\/td><td>Datalogic Star Kablosuz Sistem<\/td><\/tr><tr><td>&nbsp;Frekans<\/td><td>433,92 Mhz, &lt;10mW<\/td><\/tr><tr><td>&nbsp;\u0130leti\u015fim Mesafesi<\/td><td>Max. 25 metre<\/td><\/tr><tr><td><strong>&nbsp;\u00c7\u00f6z\u00fcmleme Yetene\u011fi<\/strong><\/td><td><\/td><\/tr><tr><td>&nbsp;1D&nbsp;\/ Linear Kodlar<\/td><td>GS1\/Databar Dahil Standart 1D Linear Kodlar<\/td><\/tr><tr><td>&nbsp;2D Kodlar<\/td><td>Aztec Code,Aztec Mesas, DataMatrix, MaxiCode, QR Code, Micro QR Code, China Han Xin Code&nbsp;<\/td><\/tr><tr><td>&nbsp;Postal Kodlar<\/td><td>Australian Post; British Post; Canadian Post; China Post; Japanese Post; KIX Post; Korea Post; Planet Code; Postnet; Royal Mail Code (RM4SCC)<\/td><\/tr><tr><td>&nbsp;Stacked Kodlar<\/td><td>EAN\/JAN Composites; GS1 DataBar Composites; GS1 DataBar Expanded Stacked; GS1 DataBar Stacked; GS1 DataBar Stacked Omnidirectional; MacroPDF; MicroPDF417; PDF417; UPC A\/E Composites<\/td><\/tr><tr><td><strong>&nbsp;Elektriksel<\/strong><\/td><td><\/td><\/tr><tr><td>&nbsp;Pil<\/td><td>1400 mAH Lityum Ion<\/td><\/tr><tr><td>&nbsp;\u015earj s\u00fcresi<\/td><td>4 saat @ 12 VDC (Orijinal Datalogic Elektrik Adapt\u00f6r\u00fc ile-Opsiyonel)<\/td><\/tr><tr><td>16 ~ 20 saat @ 5 VDC (USB Kablo ile)<\/td><\/tr><tr><td>&nbsp;Kullan\u0131m S\u00fcresi<\/td><td>Yakla\u015f\u0131k 30.000 okutma<\/td><\/tr><tr><td>&nbsp;Cradle g\u00f6sterge LED leri<\/td><td>K\u0131rm\u0131z\u0131: Pil \u015earj oluyor, Ye\u015fil: Pil \u015earj\u0131 Dolu, Sar\u0131: G\u00fc\u00e7\/Veri<\/td><\/tr><tr><td>&nbsp;\u00c7al\u0131\u015fma Ak\u0131mlar\u0131<\/td><td>\u015earjda: &lt; 4 W<\/td><\/tr><tr><td>&nbsp;Giri\u015f Voltaj\u0131<\/td><td>4,75 &#8211; 14 VDC<\/td><\/tr><tr><td><strong>&nbsp;\u00c7evresel<\/strong><\/td><td><\/td><\/tr><tr><td>&nbsp;I\u015f\u0131k Seviyesi<\/td><td>0 ~ 100.000 Lux<\/td><\/tr><tr><td>&nbsp;\u00c7al\u0131\u015fma S\u0131cakl\u0131\u011f\u0131<\/td><td>0\u00b0C ~ 50\u00b0C<\/td><\/tr><tr><td>&nbsp;Muhafaza S\u0131cakl\u0131\u011f\u0131<\/td><td>-40 \u00b0C ~ 70 \u00b0C<\/td><\/tr><tr><td>&nbsp;Nem<\/td><td>0 ~ %90 (Yo\u011funla\u015fmas\u0131z)<\/td><\/tr><tr><td>&nbsp;D\u00fc\u015fme dayan\u0131kl\u0131l\u0131\u011f\u0131<\/td><td>1,5 metre<\/td><\/tr><tr><td>&nbsp;IP Standard\u0131<\/td><td>IP42<\/td><\/tr><tr><td>&nbsp;ESD Korumas\u0131 (Air Discharge)<\/td><td>16 kV<\/td><\/tr><tr><td><strong>&nbsp;Ara Birim<\/strong><\/td><\/tr><tr><td>&nbsp;Desteklenen Ara Birimler<\/td><td>RS-232, USB, Keyboard Wedge, Wand (\u00c7oklu Arabirim)<\/td><\/tr><tr><td><strong>&nbsp;Fiziksel<\/strong><\/td><td><\/td><\/tr><tr><td>&nbsp;Renk<\/td><td>Siyah<\/td><\/tr><tr><td>&nbsp;Ebatlar<\/td><td>91 mm x 163 mm x 41 mm<\/td><\/tr><tr><td>&nbsp;A\u011f\u0131rl\u0131k<\/td><td>Cradle: 230 gram<\/td><\/tr><tr><td>Okuyucu: 200 Gram<\/td><\/tr><tr><td><strong>&nbsp;Okuma Performans\u0131<\/strong><\/td><\/tr><tr><td>&nbsp;Image Sens\u00f6r<\/td><td>Wide VGA (752 X 480 Piksel)<\/td><\/tr><tr><td>&nbsp;I\u015f\u0131k kayna\u011f\u0131 (Odaklanma)<\/td><td>2 Mavi LED<\/td><\/tr><tr><td>&nbsp;I\u015f\u0131k kayna\u011f\u0131 (Ayd\u0131nlatma)<\/td><td>610-650 nm G\u00f6r\u00fclebilir K\u0131rm\u0131z\u0131 LED<\/td><\/tr><tr><td>&nbsp;Yazd\u0131rma kar\u015f\u0131tl\u0131\u011f\u0131 (Minimum)<\/td><td>25%<\/td><\/tr><tr><td>&nbsp;Tarama a\u00e7\u0131s\u0131<\/td><td>Pitch: 75\u00b0; Roll (Tilt): 30\u00b0; Skew (Yaw): 60\u00b0<\/td><\/tr><tr><td>&nbsp;Okuma G\u00f6stergeleri<\/td><td>Ayarlanabilir Ses Tonu, Datalogic \u2018Green Spot\u2019 Good Read Feedback; Good Read LED<\/td><\/tr><tr><td>&nbsp;\u00c7\u00f6z\u00fcn\u00fcrl\u00fck (Maksimum)<\/td><td>1D Linear: 0.102 mm \/ 4 mils<\/td><\/tr><tr><td><strong>&nbsp;Okuma Aral\u0131klar\u0131<\/strong><\/td><td><\/td><\/tr><tr><td>&nbsp;Tarama mesafeleri<\/td><td>Code 39 : 5 mils: 50 mm&nbsp; ~ 150 mm<br>EAN\/UPCA: 13 mils: 50 mm ~ 350 mm<br>PDF417: 6,6 mils: 20 mm ~ 150 mm<br>Datamatrix: 10 mils: 20 mm ~ 160 cm<\/td><\/tr><tr><td><strong>&nbsp;G\u00fcvenlik ve D\u00fczenleyiciler<\/strong><\/td><td><\/td><\/tr><tr><td>&nbsp;Kurum onaylar\u0131 (Sertifikalar)<\/td><td>The product meets necessary safety and regulatory approvals for its intended use. The Quick Reference Guide for this product can be referred to for a complete list of certifications.<\/td><\/tr><tr><td>&nbsp;\u00c7evreye Uyum<\/td><td>\u00c7in ve Avrupa RoHS uyumlu<\/td><\/tr><tr><td><strong>&nbsp;Ara\u00e7lar<\/strong><\/td><td><\/td><\/tr><tr><td>&nbsp;Datalogic Aladdin<\/td><td>Okuyucu ile ilgili konfig\u00fcrasyonlar\u0131n yap\u0131lmas\u0131n\u0131 sa\u011flayan program<\/td><\/tr><tr><td>&nbsp;OPOS \/ JavaPOS<\/td><td>oPOS ve JavaPOS ara\u00e7lar\u0131 \u00fccretsiz olarak indirilebilir<\/td><\/tr><tr><td>&nbsp;Remote Host Download<\/td><td>D\u00fc\u015f\u00fck maliyet ve geli\u015fmi\u015f i\u015flemler<\/td><\/tr><\/tbody><\/table>\n","protected":false},"excerpt":{"rendered":"<p>\u25cf 1D \/ 2D barkodlar\u0131 okuyabilme\u25cf Datalogic Star Sistem ile Kablosuz veri aktarma (Max. 25 metre)\u25cf Kapsama alan\u0131 d\u0131\u015f\u0131nda haf\u0131zaya alabilme \u00f6zelli\u011fi\u25cf \u00c7oklu arabirim se\u00e7enekleri\u25cf IP42 Standartlar\u0131nda\u25cf 1,5 metreden d\u00fc\u015fmeye dayan\u0131kl\u0131\u25cf Stand \u00fczerinde dahi okuyabilme &nbsp;Kablosuz&nbsp;\u0130leti\u015fim &nbsp;Sistem Datalogic Star Kablosuz Sistem &nbsp;Frekans 433,92 Mhz, &lt;10mW &nbsp;\u0130leti\u015fim Mesafesi Max. 25 metre &nbsp;\u00c7\u00f6z\u00fcmleme Yetene\u011fi &nbsp;1D&nbsp;\/ Linear Kodlar [&hellip;]<\/p>\n","protected":false},"author":1,"featured_media":0,"parent":754,"menu_order":0,"comment_status":"closed","ping_status":"closed","template":"","meta":[],"yoast_head":"<!-- This site is optimized with the Yoast SEO plugin v15.7 - https:\/\/yoast.com\/wordpress\/plugins\/seo\/ -->\n<title>Datalogic QuickScan QM2400 Kablosuz Karekod Okuyucu - Crea Barkod<\/title>\n<meta name=\"robots\" content=\"index, follow, max-snippet:-1, max-image-preview:large, max-video-preview:-1\" \/>\n<link rel=\"canonical\" href=\"http:\/\/www.creabarkod.com\/?page_id=965\" \/>\n<meta property=\"og:locale\" content=\"tr_TR\" \/>\n<meta property=\"og:type\" content=\"article\" \/>\n<meta property=\"og:title\" content=\"Datalogic QuickScan QM2400 Kablosuz Karekod Okuyucu - Crea Barkod\" \/>\n<meta property=\"og:description\" content=\"\u25cf 1D \/ 2D barkodlar\u0131 okuyabilme\u25cf Datalogic Star Sistem ile Kablosuz veri aktarma (Max. 25 metre)\u25cf Kapsama alan\u0131 d\u0131\u015f\u0131nda haf\u0131zaya alabilme \u00f6zelli\u011fi\u25cf \u00c7oklu arabirim se\u00e7enekleri\u25cf IP42 Standartlar\u0131nda\u25cf 1,5 metreden d\u00fc\u015fmeye dayan\u0131kl\u0131\u25cf Stand \u00fczerinde dahi okuyabilme &nbsp;Kablosuz&nbsp;\u0130leti\u015fim &nbsp;Sistem Datalogic Star Kablosuz Sistem &nbsp;Frekans 433,92 Mhz, &lt;10mW &nbsp;\u0130leti\u015fim Mesafesi Max. 25 metre &nbsp;\u00c7\u00f6z\u00fcmleme Yetene\u011fi &nbsp;1D&nbsp;\/ Linear Kodlar [&hellip;]\" \/>\n<meta property=\"og:url\" content=\"http:\/\/www.creabarkod.com\/?page_id=965\" \/>\n<meta property=\"og:site_name\" content=\"Crea Barkod\" \/>\n<meta property=\"article:modified_time\" content=\"2019-06-20T15:28:18+00:00\" \/>\n<meta property=\"og:image\" content=\"http:\/\/www.creabarkod.com\/wp-content\/uploads\/2019\/06\/Datalogic-QuickScan-QM2400-Kablosuz-Barkod-Okuyucu-1.jpg\" \/>\n<meta name=\"twitter:card\" content=\"summary_large_image\" \/>\n<meta name=\"twitter:label1\" content=\"Tahmini okuma s\u00fcresi\">\n\t<meta name=\"twitter:data1\" content=\"2 dakika\">\n<script type=\"application\/ld+json\" class=\"yoast-schema-graph\">{\"@context\":\"https:\/\/schema.org\",\"@graph\":[{\"@type\":\"WebSite\",\"@id\":\"http:\/\/www.creabarkod.com\/#website\",\"url\":\"http:\/\/www.creabarkod.com\/\",\"name\":\"Crea Barkod\",\"description\":\"\",\"potentialAction\":[{\"@type\":\"SearchAction\",\"target\":\"http:\/\/www.creabarkod.com\/?s={search_term_string}\",\"query-input\":\"required name=search_term_string\"}],\"inLanguage\":\"tr\"},{\"@type\":\"ImageObject\",\"@id\":\"http:\/\/www.creabarkod.com\/?page_id=965#primaryimage\",\"inLanguage\":\"tr\",\"url\":\"http:\/\/www.creabarkod.com\/wp-content\/uploads\/2019\/06\/Datalogic-QuickScan-QM2400-Kablosuz-Barkod-Okuyucu-1.jpg\",\"width\":421,\"height\":567,\"caption\":\"Datalogic QuickScan QM2400 Kablosuz Barkod Okuyucu\"},{\"@type\":\"WebPage\",\"@id\":\"http:\/\/www.creabarkod.com\/?page_id=965#webpage\",\"url\":\"http:\/\/www.creabarkod.com\/?page_id=965\",\"name\":\"Datalogic QuickScan QM2400 Kablosuz Karekod Okuyucu - Crea Barkod\",\"isPartOf\":{\"@id\":\"http:\/\/www.creabarkod.com\/#website\"},\"primaryImageOfPage\":{\"@id\":\"http:\/\/www.creabarkod.com\/?page_id=965#primaryimage\"},\"datePublished\":\"2019-06-20T13:23:38+00:00\",\"dateModified\":\"2019-06-20T15:28:18+00:00\",\"inLanguage\":\"tr\",\"potentialAction\":[{\"@type\":\"ReadAction\",\"target\":[\"http:\/\/www.creabarkod.com\/?page_id=965\"]}]}]}<\/script>\n<!-- \/ Yoast SEO plugin. -->","_links":{"self":[{"href":"http:\/\/www.creabarkod.com\/index.php?rest_route=\/wp\/v2\/pages\/965"}],"collection":[{"href":"http:\/\/www.creabarkod.com\/index.php?rest_route=\/wp\/v2\/pages"}],"about":[{"href":"http:\/\/www.creabarkod.com\/index.php?rest_route=\/wp\/v2\/types\/page"}],"author":[{"embeddable":true,"href":"http:\/\/www.creabarkod.com\/index.php?rest_route=\/wp\/v2\/users\/1"}],"replies":[{"embeddable":true,"href":"http:\/\/www.creabarkod.com\/index.php?rest_route=%2Fwp%2Fv2%2Fcomments&post=965"}],"version-history":[{"count":1,"href":"http:\/\/www.creabarkod.com\/index.php?rest_route=\/wp\/v2\/pages\/965\/revisions"}],"predecessor-version":[{"id":967,"href":"http:\/\/www.creabarkod.com\/index.php?rest_route=\/wp\/v2\/pages\/965\/revisions\/967"}],"up":[{"embeddable":true,"href":"http:\/\/www.creabarkod.com\/index.php?rest_route=\/wp\/v2\/pages\/754"}],"wp:attachment":[{"href":"http:\/\/www.creabarkod.com\/index.php?rest_route=%2Fwp%2Fv2%2Fmedia&parent=965"}],"curies":[{"name":"wp","href":"https:\/\/api.w.org\/{rel}","templated":true}]}}