{"id":962,"date":"2019-06-20T13:17:16","date_gmt":"2019-06-20T13:17:16","guid":{"rendered":"http:\/\/www.creabarkod.com\/?page_id=962"},"modified":"2019-06-20T15:27:22","modified_gmt":"2019-06-20T15:27:22","slug":"datalogic-quickscan-qm2131-kablosuz-barkod-okuyucu","status":"publish","type":"page","link":"http:\/\/www.creabarkod.com\/?page_id=962","title":{"rendered":"Datalogic QuickScan QM2131 Kablosuz Barkod Okuyucu"},"content":{"rendered":"\n<figure class=\"wp-block-image is-resized\"><a href=\"http:\/\/www.creabarkod.com\/wp-content\/uploads\/2019\/06\/Datalogic-QuickScan-QM2131-Kablosuz-Barkod-Okuyucu-1.jpg\"><img loading=\"lazy\" src=\"http:\/\/www.creabarkod.com\/wp-content\/uploads\/2019\/06\/Datalogic-QuickScan-QM2131-Kablosuz-Barkod-Okuyucu-1.jpg\" alt=\"Datalogic QuickScan QM2131 Kablosuz Barkod Okuyucu\" class=\"wp-image-963\" width=\"284\" height=\"284\" srcset=\"http:\/\/www.creabarkod.com\/wp-content\/uploads\/2019\/06\/Datalogic-QuickScan-QM2131-Kablosuz-Barkod-Okuyucu-1.jpg 567w, http:\/\/www.creabarkod.com\/wp-content\/uploads\/2019\/06\/Datalogic-QuickScan-QM2131-Kablosuz-Barkod-Okuyucu-1-150x150.jpg 150w, http:\/\/www.creabarkod.com\/wp-content\/uploads\/2019\/06\/Datalogic-QuickScan-QM2131-Kablosuz-Barkod-Okuyucu-1-300x300.jpg 300w\" sizes=\"(max-width: 284px) 100vw, 284px\" \/><\/a><\/figure>\n\n\n\n<p>\u25cf 1D barkodlar\u0131 okuyabilme<br>\u25cf Datalogic Star Sistem ile Kablosuz veri aktarma (Max. 25 metre)<br>\u25cf Kapsama alan\u0131 d\u0131\u015f\u0131nda haf\u0131zaya alabilme \u00f6zelli\u011fi<br>\u25cf \u00c7oklu arabirim se\u00e7enekleri<br>\u25cf IP42 Standartlar\u0131nda<br>\u25cf 1,5 metreden d\u00fc\u015fmeye dayan\u0131kl\u0131<br>\u25cf Stand \u00fczerinde dahi okuyabilme <\/p>\n\n\n\n<table class=\"wp-block-table\"><tbody><tr><td><strong>&nbsp;Kablosuz&nbsp;\u0130leti\u015fim<\/strong><\/td><\/tr><tr><td>&nbsp;Sistem<\/td><td>Datalogic Star 2.0 Kablosuz Sistem<\/td><\/tr><tr><td>&nbsp;Frekans<\/td><td>433 Mhz<\/td><\/tr><tr><td>&nbsp;\u0130leti\u015fim Mesafesi<\/td><td>Max. 25 metre<\/td><\/tr><tr><td><strong>&nbsp;\u00c7\u00f6z\u00fcmleme Yetene\u011fi<\/strong><\/td><td><\/td><\/tr><tr><td>&nbsp;1D Linear Kodlar<\/td><td>GS1\/Databar Dahil Standart 1D Linear Kodlar<\/td><\/tr><tr><td>&nbsp;Stacked Kodlar<\/td><td>GS1 DataBar Expanded Stacked; GS1 DataBar Stacked; GS1 DataBar Stacked Omnidirectional<\/td><\/tr><tr><td><strong>&nbsp;Elektriksel<\/strong><\/td><td><\/td><\/tr><tr><td>&nbsp;Pil<\/td><td>1400 mAH Lityum Ion<\/td><\/tr><tr><td>&nbsp;\u015earj s\u00fcresi<\/td><td>4 saat @ 12 VDC (Orijinal Datalogic Elektrik Adapt\u00f6r\u00fc ile-Opsiyonel)<\/td><\/tr><tr><td>16 ~ 20 saat @ 5 VDC (USB Kablo ile)<\/td><\/tr><tr><td>&nbsp;Kullan\u0131m S\u00fcresi<\/td><td>Yakla\u015f\u0131k 30.000 okutma<\/td><\/tr><tr><td>&nbsp;Giri\u015f Voltaj\u0131<\/td><td>4,75 &#8211; 14 VDC<\/td><\/tr><tr><td><strong>&nbsp;\u00c7evresel<\/strong><\/td><td><\/td><\/tr><tr><td>&nbsp;I\u015f\u0131k Seviyesi<\/td><td>0~120.000 Lux<\/td><\/tr><tr><td>&nbsp;\u00c7al\u0131\u015fma S\u0131cakl\u0131\u011f\u0131<\/td><td>0\u00b0C ~ 50\u00b0C<\/td><\/tr><tr><td>&nbsp;Muhafaza S\u0131cakl\u0131\u011f\u0131<\/td><td>-40 \u00b0C ~ 70 \u00b0C<\/td><\/tr><tr><td>&nbsp;Nem<\/td><td>0 ~ %90 (Yo\u011funla\u015fmas\u0131z)<\/td><\/tr><tr><td>&nbsp;D\u00fc\u015fme dayan\u0131kl\u0131l\u0131\u011f\u0131<\/td><td>1,5 metre<\/td><\/tr><tr><td>&nbsp;IP Standard\u0131<\/td><td>IP42<\/td><\/tr><tr><td>&nbsp;ESD Korumas\u0131 (Air Discharge)<\/td><td>16 kV<\/td><\/tr><tr><td><strong>&nbsp;Ara Birim<\/strong><\/td><\/tr><tr><td>&nbsp;Ara Birimler<\/td><td>Klavye, RS-232, USB ve OEM (IBM) USB<\/td><\/tr><tr><td><strong>&nbsp;Fiziksel<\/strong><\/td><td><\/td><\/tr><tr><td>&nbsp;Renk<\/td><td>&nbsp;Siyah<\/td><\/tr><tr><td>&nbsp;Ebatlar<\/td><td>&#8211;<\/td><\/tr><tr><td>Okuyucu: 163 mm x 91 mm x 41 mm<\/td><\/tr><tr><td>&nbsp;A\u011f\u0131rl\u0131k<\/td><td>Cradle: 215 gram<\/td><\/tr><tr><td>Okuyucu: 190 Gram<\/td><\/tr><tr><td><strong>&nbsp;Okuma Performans\u0131<\/strong><\/td><\/tr><tr><td>&nbsp;G\u00f6r\u00fcn\u00fcm Alan\u0131<\/td><td>56\u00b0 \u00b12\u00b0<\/td><\/tr><tr><td>&nbsp;I\u015f\u0131k kayna\u011f\u0131 (Odaklanma)<\/td><td>Ayd\u0131nlatma: 610-650 nm G\u00f6r\u00fclebilir LED<\/td><\/tr><tr><td>&nbsp;Yazd\u0131rma kar\u015f\u0131tl\u0131\u011f\u0131 (Minimum)<\/td><td>25%<\/td><\/tr><tr><td>&nbsp;Tarama a\u00e7\u0131s\u0131<\/td><td>Pitch: \u00b175\u00b0; Roll (Tilt): \u00b130\u00b0; Skew (Yaw): \u00b170\u00b0<\/td><\/tr><tr><td>&nbsp;Okuma G\u00f6stergeleri<\/td><td>Ayarlanabilir Ses Tonu, Good Read LED<\/td><\/tr><tr><td>&nbsp;\u00c7\u00f6z\u00fcn\u00fcrl\u00fck (Maksimum)<\/td><td>1D Linear: 0.102 mm \/ 4 mils<\/td><\/tr><tr><td><strong>&nbsp;Okuma Aral\u0131klar\u0131<\/strong><\/td><td><\/td><\/tr><tr><td>&nbsp;Tarama mesafeleri<\/td><td>4 mils: 30 mm&nbsp; ~ 110 mm<br>5 mils: 20 mm&nbsp; ~ 150 mm<br>7,5 mils: 20 mm ~ 250 mm<br>10 mils: 20 mm ~ 360 mm<br>13 mils: 10 mm ~ 450 cm<br>20 mils: 40 mm ~ 700 cm<\/td><\/tr><tr><td><strong>&nbsp;G\u00fcvenlik ve D\u00fczenleyiciler<\/strong><\/td><td><\/td><\/tr><tr><td>&nbsp;Kurum onaylar\u0131 (Sertifikalar)<\/td><td>The product meets necessary safety and regulatory approvals for its intended use. The Quick Reference Guide for this product can be referred to for a complete list of certifications.<\/td><\/tr><tr><td>&nbsp;\u00c7evreye Uyum<\/td><td>\u00c7in ve Avrupa RoHS uyumlu<\/td><\/tr><tr><td><strong>&nbsp;Ara\u00e7lar<\/strong><\/td><td><\/td><\/tr><tr><td>&nbsp;Datalogic Aladdin<\/td><td>Okuyucu ile ilgili konfig\u00fcrasyonlar\u0131n yap\u0131lmas\u0131n\u0131 sa\u011flayan program<\/td><\/tr><tr><td>&nbsp;OPOS \/ JavaPOS<\/td><td>oPOS ve JavaPOS ara\u00e7lar\u0131 \u00fccretsiz olarak indirilebilir<\/td><\/tr><tr><td>&nbsp;Remote Host Download<\/td><td>D\u00fc\u015f\u00fck maliyet ve geli\u015fmi\u015f i\u015flemler<\/td><\/tr><\/tbody><\/table>\n","protected":false},"excerpt":{"rendered":"<p>\u25cf 1D barkodlar\u0131 okuyabilme\u25cf Datalogic Star Sistem ile Kablosuz veri aktarma (Max. 25 metre)\u25cf Kapsama alan\u0131 d\u0131\u015f\u0131nda haf\u0131zaya alabilme \u00f6zelli\u011fi\u25cf \u00c7oklu arabirim se\u00e7enekleri\u25cf IP42 Standartlar\u0131nda\u25cf 1,5 metreden d\u00fc\u015fmeye dayan\u0131kl\u0131\u25cf Stand \u00fczerinde dahi okuyabilme &nbsp;Kablosuz&nbsp;\u0130leti\u015fim &nbsp;Sistem Datalogic Star 2.0 Kablosuz Sistem &nbsp;Frekans 433 Mhz &nbsp;\u0130leti\u015fim Mesafesi Max. 25 metre &nbsp;\u00c7\u00f6z\u00fcmleme Yetene\u011fi &nbsp;1D Linear Kodlar GS1\/Databar Dahil [&hellip;]<\/p>\n","protected":false},"author":1,"featured_media":0,"parent":754,"menu_order":0,"comment_status":"closed","ping_status":"closed","template":"","meta":[],"yoast_head":"<!-- This site is optimized with the Yoast SEO plugin v15.7 - https:\/\/yoast.com\/wordpress\/plugins\/seo\/ -->\n<title>Datalogic QuickScan QM2131 Kablosuz Barkod Okuyucu - Crea Barkod<\/title>\n<meta name=\"robots\" content=\"index, follow, max-snippet:-1, max-image-preview:large, max-video-preview:-1\" \/>\n<link rel=\"canonical\" href=\"http:\/\/www.creabarkod.com\/?page_id=962\" \/>\n<meta property=\"og:locale\" content=\"tr_TR\" \/>\n<meta property=\"og:type\" content=\"article\" \/>\n<meta property=\"og:title\" content=\"Datalogic QuickScan QM2131 Kablosuz Barkod Okuyucu - Crea Barkod\" \/>\n<meta property=\"og:description\" content=\"\u25cf 1D barkodlar\u0131 okuyabilme\u25cf Datalogic Star Sistem ile Kablosuz veri aktarma (Max. 25 metre)\u25cf Kapsama alan\u0131 d\u0131\u015f\u0131nda haf\u0131zaya alabilme \u00f6zelli\u011fi\u25cf \u00c7oklu arabirim se\u00e7enekleri\u25cf IP42 Standartlar\u0131nda\u25cf 1,5 metreden d\u00fc\u015fmeye dayan\u0131kl\u0131\u25cf Stand \u00fczerinde dahi okuyabilme &nbsp;Kablosuz&nbsp;\u0130leti\u015fim &nbsp;Sistem Datalogic Star 2.0 Kablosuz Sistem &nbsp;Frekans 433 Mhz &nbsp;\u0130leti\u015fim Mesafesi Max. 25 metre &nbsp;\u00c7\u00f6z\u00fcmleme Yetene\u011fi &nbsp;1D Linear Kodlar GS1\/Databar Dahil [&hellip;]\" \/>\n<meta property=\"og:url\" content=\"http:\/\/www.creabarkod.com\/?page_id=962\" \/>\n<meta property=\"og:site_name\" content=\"Crea Barkod\" \/>\n<meta property=\"article:modified_time\" content=\"2019-06-20T15:27:22+00:00\" \/>\n<meta property=\"og:image\" content=\"http:\/\/www.creabarkod.com\/wp-content\/uploads\/2019\/06\/Datalogic-QuickScan-QM2131-Kablosuz-Barkod-Okuyucu-1.jpg\" \/>\n<meta name=\"twitter:card\" content=\"summary_large_image\" \/>\n<meta name=\"twitter:label1\" content=\"Tahmini okuma s\u00fcresi\">\n\t<meta name=\"twitter:data1\" content=\"2 dakika\">\n<script type=\"application\/ld+json\" class=\"yoast-schema-graph\">{\"@context\":\"https:\/\/schema.org\",\"@graph\":[{\"@type\":\"WebSite\",\"@id\":\"http:\/\/www.creabarkod.com\/#website\",\"url\":\"http:\/\/www.creabarkod.com\/\",\"name\":\"Crea Barkod\",\"description\":\"\",\"potentialAction\":[{\"@type\":\"SearchAction\",\"target\":\"http:\/\/www.creabarkod.com\/?s={search_term_string}\",\"query-input\":\"required name=search_term_string\"}],\"inLanguage\":\"tr\"},{\"@type\":\"ImageObject\",\"@id\":\"http:\/\/www.creabarkod.com\/?page_id=962#primaryimage\",\"inLanguage\":\"tr\",\"url\":\"http:\/\/www.creabarkod.com\/wp-content\/uploads\/2019\/06\/Datalogic-QuickScan-QM2131-Kablosuz-Barkod-Okuyucu-1.jpg\",\"width\":567,\"height\":567,\"caption\":\"Datalogic QuickScan QM2131 Kablosuz Barkod Okuyucu\"},{\"@type\":\"WebPage\",\"@id\":\"http:\/\/www.creabarkod.com\/?page_id=962#webpage\",\"url\":\"http:\/\/www.creabarkod.com\/?page_id=962\",\"name\":\"Datalogic QuickScan QM2131 Kablosuz Barkod Okuyucu - Crea Barkod\",\"isPartOf\":{\"@id\":\"http:\/\/www.creabarkod.com\/#website\"},\"primaryImageOfPage\":{\"@id\":\"http:\/\/www.creabarkod.com\/?page_id=962#primaryimage\"},\"datePublished\":\"2019-06-20T13:17:16+00:00\",\"dateModified\":\"2019-06-20T15:27:22+00:00\",\"inLanguage\":\"tr\",\"potentialAction\":[{\"@type\":\"ReadAction\",\"target\":[\"http:\/\/www.creabarkod.com\/?page_id=962\"]}]}]}<\/script>\n<!-- \/ Yoast SEO plugin. -->","_links":{"self":[{"href":"http:\/\/www.creabarkod.com\/index.php?rest_route=\/wp\/v2\/pages\/962"}],"collection":[{"href":"http:\/\/www.creabarkod.com\/index.php?rest_route=\/wp\/v2\/pages"}],"about":[{"href":"http:\/\/www.creabarkod.com\/index.php?rest_route=\/wp\/v2\/types\/page"}],"author":[{"embeddable":true,"href":"http:\/\/www.creabarkod.com\/index.php?rest_route=\/wp\/v2\/users\/1"}],"replies":[{"embeddable":true,"href":"http:\/\/www.creabarkod.com\/index.php?rest_route=%2Fwp%2Fv2%2Fcomments&post=962"}],"version-history":[{"count":1,"href":"http:\/\/www.creabarkod.com\/index.php?rest_route=\/wp\/v2\/pages\/962\/revisions"}],"predecessor-version":[{"id":964,"href":"http:\/\/www.creabarkod.com\/index.php?rest_route=\/wp\/v2\/pages\/962\/revisions\/964"}],"up":[{"embeddable":true,"href":"http:\/\/www.creabarkod.com\/index.php?rest_route=\/wp\/v2\/pages\/754"}],"wp:attachment":[{"href":"http:\/\/www.creabarkod.com\/index.php?rest_route=%2Fwp%2Fv2%2Fmedia&parent=962"}],"curies":[{"name":"wp","href":"https:\/\/api.w.org\/{rel}","templated":true}]}}