{"id":950,"date":"2019-06-20T13:09:10","date_gmt":"2019-06-20T13:09:10","guid":{"rendered":"http:\/\/www.creabarkod.com\/?page_id=950"},"modified":"2019-06-20T15:27:22","modified_gmt":"2019-06-20T15:27:22","slug":"bitatek-bts-600-cyclops-i-kablosuz-barkod-okuyucu","status":"publish","type":"page","link":"http:\/\/www.creabarkod.com\/?page_id=950","title":{"rendered":"Bitatek BTS-600 (Cyclops I) Kablosuz Barkod Okuyucu"},"content":{"rendered":"\n<table class=\"wp-block-table aligncenter is-style-regular\"><tbody><tr><td><img loading=\"lazy\" width=\"260\" height=\"567\" class=\"wp-image-951\" style=\"width: 150px;\" src=\"http:\/\/www.creabarkod.com\/wp-content\/uploads\/2019\/06\/Bitatek-BTS-600-Cyclops-I-Kablosuz-Barkod-Okuyucu-1-1.jpg\" alt=\"Bitatek BTS-600 Cyclops I Kablosuz Barkod Okuyucu\" srcset=\"http:\/\/www.creabarkod.com\/wp-content\/uploads\/2019\/06\/Bitatek-BTS-600-Cyclops-I-Kablosuz-Barkod-Okuyucu-1-1.jpg 260w, http:\/\/www.creabarkod.com\/wp-content\/uploads\/2019\/06\/Bitatek-BTS-600-Cyclops-I-Kablosuz-Barkod-Okuyucu-1-1-138x300.jpg 138w\" sizes=\"(max-width: 260px) 100vw, 260px\" \/><\/td><td><img loading=\"lazy\" width=\"830\" height=\"1356\" class=\"wp-image-952\" style=\"width: 150px;\" src=\"http:\/\/www.creabarkod.com\/wp-content\/uploads\/2019\/06\/Bitatek-BTS-600-Cyclops-I-Kablosuz-Barkod-Okuyucu-2.jpg\" alt=\"Bitatek BTS-600 Cyclops I Kablosuz Barkod Okuyucu\" srcset=\"http:\/\/www.creabarkod.com\/wp-content\/uploads\/2019\/06\/Bitatek-BTS-600-Cyclops-I-Kablosuz-Barkod-Okuyucu-2.jpg 830w, http:\/\/www.creabarkod.com\/wp-content\/uploads\/2019\/06\/Bitatek-BTS-600-Cyclops-I-Kablosuz-Barkod-Okuyucu-2-184x300.jpg 184w, http:\/\/www.creabarkod.com\/wp-content\/uploads\/2019\/06\/Bitatek-BTS-600-Cyclops-I-Kablosuz-Barkod-Okuyucu-2-768x1255.jpg 768w, http:\/\/www.creabarkod.com\/wp-content\/uploads\/2019\/06\/Bitatek-BTS-600-Cyclops-I-Kablosuz-Barkod-Okuyucu-2-627x1024.jpg 627w\" sizes=\"(max-width: 830px) 100vw, 830px\" \/><\/td><\/tr><\/tbody><\/table>\n\n\n\n<p>\u25cf 1D Linear Imager CCD Barkod Okuyucu<br>\u25cf Kablosuz (Bluetooth) ileti\u015fim<br>\u25cf Max. 10 metre aktarma mesafesi<br>\u25cf 50 gram a\u011f\u0131rl\u0131k<br>\u25cf 15 saate yak\u0131n kullan\u0131m \u00f6mr\u00fc<br>\u25cf IP54 End\u00fcstriyel Standart\u0131<br>\u25cf Windows, Android ve iOS Cihazlar ile Uyumlu <\/p>\n\n\n\n<table class=\"wp-block-table\"><tbody><tr><td><strong>&nbsp;Optik ve Performans<\/strong><\/td><\/tr><tr><td>&nbsp;Optik Sistem<\/td><td>Linear CCD Imager<\/td><\/tr><tr><td>&nbsp;Sens\u00f6r \u00c7\u00f6z\u00fcn\u00fcrl\u00fc\u011f\u00fc<\/td><td>1500 Piksel<\/td><\/tr><tr><td>&nbsp;I\u015f\u0131k Kayna\u011f\u0131<\/td><td>625 nm G\u00f6r\u00fclebilir LED<\/td><\/tr><tr><td>&nbsp;Minimum \u00c7izgi Geni\u015fli\u011fi<\/td><td>0.127 mm (5 mil)<\/td><\/tr><tr><td>&nbsp;Saniyedeki Tarama Oran\u0131<\/td><td>100<\/td><\/tr><tr><td>&nbsp;Bask\u0131 Kontrast\u0131<\/td><td>%20 (Minimum)<\/td><\/tr><tr><td>&nbsp;Bellek<\/td><td>2 MB (Yakla\u015f\u0131k 10.000 Barkod Saklama)<\/td><\/tr><tr><td>&nbsp;Tu\u015flar<\/td><td>3 Adet (Scan, Function ve Reset)<\/td><\/tr><tr><td><strong>&nbsp;\u0130leti\u015fim<\/strong><\/td><td>&nbsp;<\/td><\/tr><tr><td>&nbsp;\u0130leti\u015fim Modu<\/td><td>Bluetooth<\/td><\/tr><tr><td>&nbsp;Profil<\/td><td>SPP &amp; HID<\/td><\/tr><tr><td>&nbsp;Versiyon<\/td><td>Ver.2.1+EDR Class2<\/td><\/tr><tr><td>&nbsp;Arabirim<\/td><td>Mini USB<\/td><\/tr><tr><td>&nbsp;\u0130leti\u015fim Mesafesi<\/td><td>Max. 10 Metre<\/td><\/tr><tr><td>&nbsp;Desteklenen \u0130\u015fletim Sistemleri<\/td><td>Windows, iOS (Ver: 5 ve \u00fcst\u00fc) ve Android (Ver: 4 ve \u00fcst\u00fc)<\/td><\/tr><tr><td><strong>&nbsp;Fonksiyonel<\/strong><\/td><td>&nbsp;<\/td><\/tr><tr><td>&nbsp;Desteklenen Barkod Tipleri<\/td><td>1D<\/td><td>UPC-A,UPC-A Add-on, UPC-E, UPC-E Add-on, JAN\/EAN-13, JAN\/EAN-13 Add-on, JAN\/EAN-8, JAN\/EAN-8 Add-on, Code128, Code39, NW-7 (Codabar) Interleaved 2 of 5(ITF), GS1 DataBar Omnidirectional, GS1 DataBar Truncated, GS1 DataBar Stacked, GS1 DataBar Stacked Omnidirectional, GS1 DataBar Limited, GS1 DataBar Expanded, GS1 DataBar Expanded Stacked, Composite CC-A\/B Composite CC-C, Postal Codes<\/td><\/tr><tr><td><strong>&nbsp;Elektriksel<\/strong><\/td><td>&nbsp;<\/td><\/tr><tr><td>&nbsp;Pil Tipi<\/td><td>720 mAh \u015earj edilebilir&nbsp;Lityum-Ion<\/td><\/tr><tr><td>&nbsp;Pil \u00d6mr\u00fc<\/td><td>Yakla\u015f\u0131k 15.000 Adet Okutma<\/td><\/tr><tr><td><strong>&nbsp;Fiziksel<\/strong><\/td><td>&nbsp;<\/td><\/tr><tr><td>&nbsp;Boyutlar<\/td><td>Geni\u015flik: 38 mm<\/td><\/tr><tr><td>Kal\u0131nl\u0131k: 13,4 mm<\/td><\/tr><tr><td>Y\u00fckseklik: 85 mm<\/td><\/tr><tr><td>&nbsp;Okuyucu A\u011f\u0131rl\u0131\u011f\u0131<\/td><td>50 gram (Pil Dahil)<\/td><\/tr><tr><td>&nbsp;G\u00f6vde Malzemesi<\/td><td>ABS Plastik<\/td><\/tr><tr><td><strong>&nbsp;\u00c7evresel<\/strong><\/td><td>&nbsp;<\/td><\/tr><tr><td>&nbsp;Darbe dayan\u0131kl\u0131l\u0131\u011f\u0131<\/td><td>2 metre (1 Defa) 1 metre (100 defa)<\/td><\/tr><tr><td>&nbsp;IP Standart<\/td><td>IP54<\/td><\/tr><tr><td>&nbsp;\u00c7al\u0131\u015fma S\u0131cakl\u0131\u011f\u0131<\/td><td>-10 \u00b0C ~ 50 \u00b0C<\/td><\/tr><tr><td>&nbsp;Muhafaza S\u0131cakl\u0131\u011f\u0131<\/td><td>-25 \u00b0C ~ 60 \u00b0C<\/td><\/tr><tr><td>&nbsp;Nem<\/td><td>5% ~&nbsp;95% (Yo\u011funla\u015fmas\u0131z)<\/td><\/tr><tr><td>&nbsp;Sertifikalar<\/td><td>BSMI, NCC, CE ve FCC<\/td><\/tr><\/tbody><\/table>\n","protected":false},"excerpt":{"rendered":"<p>\u25cf 1D Linear Imager CCD Barkod Okuyucu\u25cf Kablosuz (Bluetooth) ileti\u015fim\u25cf Max. 10 metre aktarma mesafesi\u25cf 50 gram a\u011f\u0131rl\u0131k\u25cf 15 saate yak\u0131n kullan\u0131m \u00f6mr\u00fc\u25cf IP54 End\u00fcstriyel Standart\u0131\u25cf Windows, Android ve iOS Cihazlar ile Uyumlu &nbsp;Optik ve Performans &nbsp;Optik Sistem Linear CCD Imager &nbsp;Sens\u00f6r \u00c7\u00f6z\u00fcn\u00fcrl\u00fc\u011f\u00fc 1500 Piksel &nbsp;I\u015f\u0131k Kayna\u011f\u0131 625 nm G\u00f6r\u00fclebilir LED &nbsp;Minimum \u00c7izgi Geni\u015fli\u011fi 0.127 [&hellip;]<\/p>\n","protected":false},"author":1,"featured_media":0,"parent":754,"menu_order":0,"comment_status":"closed","ping_status":"closed","template":"","meta":[],"yoast_head":"<!-- This site is optimized with the Yoast SEO plugin v15.7 - https:\/\/yoast.com\/wordpress\/plugins\/seo\/ -->\n<title>Bitatek BTS-600 (Cyclops I) Kablosuz Barkod Okuyucu - Crea Barkod<\/title>\n<meta name=\"robots\" content=\"index, follow, max-snippet:-1, max-image-preview:large, max-video-preview:-1\" \/>\n<link rel=\"canonical\" href=\"http:\/\/www.creabarkod.com\/?page_id=950\" \/>\n<meta property=\"og:locale\" content=\"tr_TR\" \/>\n<meta property=\"og:type\" content=\"article\" \/>\n<meta property=\"og:title\" content=\"Bitatek BTS-600 (Cyclops I) Kablosuz Barkod Okuyucu - Crea Barkod\" \/>\n<meta property=\"og:description\" content=\"\u25cf 1D Linear Imager CCD Barkod Okuyucu\u25cf Kablosuz (Bluetooth) ileti\u015fim\u25cf Max. 10 metre aktarma mesafesi\u25cf 50 gram a\u011f\u0131rl\u0131k\u25cf 15 saate yak\u0131n kullan\u0131m \u00f6mr\u00fc\u25cf IP54 End\u00fcstriyel Standart\u0131\u25cf Windows, Android ve iOS Cihazlar ile Uyumlu &nbsp;Optik ve Performans &nbsp;Optik Sistem Linear CCD Imager &nbsp;Sens\u00f6r \u00c7\u00f6z\u00fcn\u00fcrl\u00fc\u011f\u00fc 1500 Piksel &nbsp;I\u015f\u0131k Kayna\u011f\u0131 625 nm G\u00f6r\u00fclebilir LED &nbsp;Minimum \u00c7izgi Geni\u015fli\u011fi 0.127 [&hellip;]\" \/>\n<meta property=\"og:url\" content=\"http:\/\/www.creabarkod.com\/?page_id=950\" \/>\n<meta property=\"og:site_name\" content=\"Crea Barkod\" \/>\n<meta property=\"article:modified_time\" content=\"2019-06-20T15:27:22+00:00\" \/>\n<meta property=\"og:image\" content=\"http:\/\/www.creabarkod.com\/wp-content\/uploads\/2019\/06\/Bitatek-BTS-600-Cyclops-I-Kablosuz-Barkod-Okuyucu-1-1.jpg\" \/>\n<meta name=\"twitter:card\" content=\"summary_large_image\" \/>\n<meta name=\"twitter:label1\" content=\"Tahmini okuma s\u00fcresi\">\n\t<meta name=\"twitter:data1\" content=\"1 dakika\">\n<script type=\"application\/ld+json\" class=\"yoast-schema-graph\">{\"@context\":\"https:\/\/schema.org\",\"@graph\":[{\"@type\":\"WebSite\",\"@id\":\"http:\/\/www.creabarkod.com\/#website\",\"url\":\"http:\/\/www.creabarkod.com\/\",\"name\":\"Crea Barkod\",\"description\":\"\",\"potentialAction\":[{\"@type\":\"SearchAction\",\"target\":\"http:\/\/www.creabarkod.com\/?s={search_term_string}\",\"query-input\":\"required name=search_term_string\"}],\"inLanguage\":\"tr\"},{\"@type\":\"ImageObject\",\"@id\":\"http:\/\/www.creabarkod.com\/?page_id=950#primaryimage\",\"inLanguage\":\"tr\",\"url\":\"http:\/\/www.creabarkod.com\/wp-content\/uploads\/2019\/06\/Bitatek-BTS-600-Cyclops-I-Kablosuz-Barkod-Okuyucu-1-1.jpg\",\"width\":260,\"height\":567,\"caption\":\"Bitatek BTS-600 Cyclops I Kablosuz Barkod Okuyucu\"},{\"@type\":\"WebPage\",\"@id\":\"http:\/\/www.creabarkod.com\/?page_id=950#webpage\",\"url\":\"http:\/\/www.creabarkod.com\/?page_id=950\",\"name\":\"Bitatek BTS-600 (Cyclops I) Kablosuz Barkod Okuyucu - Crea Barkod\",\"isPartOf\":{\"@id\":\"http:\/\/www.creabarkod.com\/#website\"},\"primaryImageOfPage\":{\"@id\":\"http:\/\/www.creabarkod.com\/?page_id=950#primaryimage\"},\"datePublished\":\"2019-06-20T13:09:10+00:00\",\"dateModified\":\"2019-06-20T15:27:22+00:00\",\"inLanguage\":\"tr\",\"potentialAction\":[{\"@type\":\"ReadAction\",\"target\":[\"http:\/\/www.creabarkod.com\/?page_id=950\"]}]}]}<\/script>\n<!-- \/ Yoast SEO plugin. -->","_links":{"self":[{"href":"http:\/\/www.creabarkod.com\/index.php?rest_route=\/wp\/v2\/pages\/950"}],"collection":[{"href":"http:\/\/www.creabarkod.com\/index.php?rest_route=\/wp\/v2\/pages"}],"about":[{"href":"http:\/\/www.creabarkod.com\/index.php?rest_route=\/wp\/v2\/types\/page"}],"author":[{"embeddable":true,"href":"http:\/\/www.creabarkod.com\/index.php?rest_route=\/wp\/v2\/users\/1"}],"replies":[{"embeddable":true,"href":"http:\/\/www.creabarkod.com\/index.php?rest_route=%2Fwp%2Fv2%2Fcomments&post=950"}],"version-history":[{"count":2,"href":"http:\/\/www.creabarkod.com\/index.php?rest_route=\/wp\/v2\/pages\/950\/revisions"}],"predecessor-version":[{"id":955,"href":"http:\/\/www.creabarkod.com\/index.php?rest_route=\/wp\/v2\/pages\/950\/revisions\/955"}],"up":[{"embeddable":true,"href":"http:\/\/www.creabarkod.com\/index.php?rest_route=\/wp\/v2\/pages\/754"}],"wp:attachment":[{"href":"http:\/\/www.creabarkod.com\/index.php?rest_route=%2Fwp%2Fv2%2Fmedia&parent=950"}],"curies":[{"name":"wp","href":"https:\/\/api.w.org\/{rel}","templated":true}]}}