{"id":926,"date":"2019-06-20T12:29:40","date_gmt":"2019-06-20T12:29:40","guid":{"rendered":"http:\/\/www.creabarkod.com\/?page_id=926"},"modified":"2019-06-20T12:30:56","modified_gmt":"2019-06-20T12:30:56","slug":"newland-em3396-karekod-modul-okuyucu","status":"publish","type":"page","link":"http:\/\/www.creabarkod.com\/?page_id=926","title":{"rendered":"Newland EM3396 Karekod Mod\u00fcl Okuyucu"},"content":{"rendered":"\n<figure class=\"wp-block-image is-resized\"><a href=\"http:\/\/www.creabarkod.com\/wp-content\/uploads\/2019\/06\/Newland-EM3396-Karekod-Mod\u00fcl-Okuyucu-1.jpg\"><img loading=\"lazy\" src=\"http:\/\/www.creabarkod.com\/wp-content\/uploads\/2019\/06\/Newland-EM3396-Karekod-Mod\u00fcl-Okuyucu-1.jpg\" alt=\"Newland EM3396 Karekod Mod\u00fcl Okuyucu\" class=\"wp-image-927\" width=\"250\" height=\"250\" srcset=\"http:\/\/www.creabarkod.com\/wp-content\/uploads\/2019\/06\/Newland-EM3396-Karekod-Mod\u00fcl-Okuyucu-1.jpg 500w, http:\/\/www.creabarkod.com\/wp-content\/uploads\/2019\/06\/Newland-EM3396-Karekod-Mod\u00fcl-Okuyucu-1-150x150.jpg 150w, http:\/\/www.creabarkod.com\/wp-content\/uploads\/2019\/06\/Newland-EM3396-Karekod-Mod\u00fcl-Okuyucu-1-300x300.jpg 300w\" sizes=\"(max-width: 250px) 100vw, 250px\" \/><\/a><\/figure>\n\n\n\n<p>\u25cf 2D Karekod Okuyucu<br>\u25cf 752 x 480 Piksel CMOS Sensor<br>\u25cf 3 mil \u00e7\u00f6z\u00fcn\u00fcrl\u00fck<br>\u25cf 6.5 Gram A\u011f\u0131rl\u0131k<br>\u25cf G\u00fc\u00e7l\u00fc Veri D\u00fczenleme \u00d6zelli\u011fi<br>\u25cf TTL ve USB Ba\u011flant\u0131 Se\u00e7enekleri <\/p>\n\n\n\n<table class=\"wp-block-table\"><tbody><tr><td><strong>&nbsp;Performans<\/strong><\/td><\/tr><tr><td>&nbsp;Image Sensor<\/td><td>752 x 480 Piksel CMOS<\/td><\/tr><tr><td>&nbsp;I\u015f\u0131k Kayna\u011f\u0131<\/td><td>Ayd\u0131nlatma: 612 ~ 624 nm K\u0131rm\u0131z\u0131 LED<\/td><\/tr><tr><td>Hedefleme: 650 nm Lazer Diyot<\/td><\/tr><tr><td>&nbsp;Minumum Bar Geni\u015fli\u011fi<\/td><td>0,076 mm (3 mil)<\/td><\/tr><tr><td>&nbsp;Tarama A\u00e7\u0131lar\u0131<\/td><td>Pitch: \u00b155\u00b0; Roll: \u00b1360\u00b0; Skew: \u00b155\u00b0<\/td><\/tr><tr><td>&nbsp;G\u00f6r\u00fc\u015f Alan\u0131<\/td><td>Yatay:36\u00b0, Dikey: 23\u00b0<\/td><\/tr><tr><td>&nbsp;Yazd\u0131rma kar\u015f\u0131tl\u0131\u011f\u0131<\/td><td>\u2265%20<\/td><\/tr><tr><td>&nbsp;Tarama Mesafesi<\/td><td>45 mm ~ 290 mm<\/td><\/tr><tr><td>&nbsp;Desteklenen Arabirimleri<\/td><td>TTL-232 ve USB<\/td><\/tr><tr><td><strong>&nbsp;Fiziksel<\/strong><\/td><\/tr><tr><td>&nbsp;Geni\u015flik<\/td><td>21,5 mm<\/td><\/tr><tr><td>&nbsp;Derinlik<\/td><td>15,3 mm<\/td><\/tr><tr><td>&nbsp;Y\u00fckseklik<\/td><td>11,8 mm<\/td><\/tr><tr><td>&nbsp;A\u011f\u0131rl\u0131k<\/td><td>6.5 Gram<\/td><\/tr><tr><td><strong>&nbsp;Elektriksel<\/strong><\/td><\/tr><tr><td>&nbsp;Voltaj<\/td><td>3,3V DC (\u00b1%5)<\/td><\/tr><tr><td>&nbsp;G\u00fc\u00e7 T\u00fcketimi<\/td><td>Max. 468mW<\/td><\/tr><tr><td>&nbsp;Ak\u0131m De\u011ferleri<\/td><td>\u00c7al\u0131\u015fma Modunda: 142 mA (Maks:204 mA)<\/td><\/tr><tr><td>Bekleme Modunda: 11 mA<\/td><\/tr><tr><td>Uyku Modunda: &lt;100uA<\/td><\/tr><tr><td><strong>&nbsp;\u00c7evresel<\/strong><\/td><\/tr><tr><td>&nbsp;\u00c7al\u0131\u015fma S\u0131cakl\u0131\u011f\u0131<\/td><td>-20 \u00b0C ~ 55 \u00b0C<\/td><\/tr><tr><td>&nbsp;Muhafaza S\u0131cakl\u0131\u011f\u0131<\/td><td>-40 \u00b0C ~ 70 \u00b0C<\/td><\/tr><tr><td>&nbsp;Nem<\/td><td>%5 ~ %95 (Yo\u011fu\u015fmas\u0131z)<\/td><\/tr><tr><td>&nbsp;Ortam I\u015f\u0131k Seviyesi<\/td><td>0~100,000 lux (Do\u011fal I\u015f\u0131k)<\/td><\/tr><tr><td><strong>&nbsp;Sertifikalar<\/strong><\/td><\/tr><tr><td>&nbsp;Sertifikalar<\/td><td>FCC Part15 Class B, CE EMC Class B<\/td><\/tr><tr><td><strong>&nbsp;Desteklenen Barkod Tipleri<\/strong><\/td><\/tr><tr><td>&nbsp;Barkod Tipleri<\/td><td>1D<\/td><td>Code 128, EAN-13, EAN-8, Code 39, UPC-A, UPC-E, Codabar,Interleaved 2 of 5, ITF-6, ITF-14, ISBN, Code 93, UCC\/EAN-128,GS1 Databar, Matrix 2 of 5, Code 11, Industrial 2 of 5,Standard 2 of 5, Plessey, MSI-Plessey vb.<\/td><\/tr><tr><td>2D<\/td><td>PDF417, Data Matrix (ECC200, ECC000, 050, 080, 100, 140),QR Code, Chinese Sensible Code<\/td><\/tr><\/tbody><\/table>\n","protected":false},"excerpt":{"rendered":"<p>\u25cf 2D Karekod Okuyucu\u25cf 752 x 480 Piksel CMOS Sensor\u25cf 3 mil \u00e7\u00f6z\u00fcn\u00fcrl\u00fck\u25cf 6.5 Gram A\u011f\u0131rl\u0131k\u25cf G\u00fc\u00e7l\u00fc Veri D\u00fczenleme \u00d6zelli\u011fi\u25cf TTL ve USB Ba\u011flant\u0131 Se\u00e7enekleri &nbsp;Performans &nbsp;Image Sensor 752 x 480 Piksel CMOS &nbsp;I\u015f\u0131k Kayna\u011f\u0131 Ayd\u0131nlatma: 612 ~ 624 nm K\u0131rm\u0131z\u0131 LED Hedefleme: 650 nm Lazer Diyot &nbsp;Minumum Bar Geni\u015fli\u011fi 0,076 mm (3 mil) &nbsp;Tarama [&hellip;]<\/p>\n","protected":false},"author":1,"featured_media":0,"parent":760,"menu_order":0,"comment_status":"closed","ping_status":"closed","template":"","meta":[],"yoast_head":"<!-- This site is optimized with the Yoast SEO plugin v15.7 - https:\/\/yoast.com\/wordpress\/plugins\/seo\/ -->\n<title>Newland EM3396 Karekod Mod\u00fcl Okuyucu - Crea Barkod<\/title>\n<meta name=\"robots\" content=\"index, follow, max-snippet:-1, max-image-preview:large, max-video-preview:-1\" \/>\n<link rel=\"canonical\" href=\"http:\/\/www.creabarkod.com\/?page_id=926\" \/>\n<meta property=\"og:locale\" content=\"tr_TR\" \/>\n<meta property=\"og:type\" content=\"article\" \/>\n<meta property=\"og:title\" content=\"Newland EM3396 Karekod Mod\u00fcl Okuyucu - Crea Barkod\" \/>\n<meta property=\"og:description\" content=\"\u25cf 2D Karekod Okuyucu\u25cf 752 x 480 Piksel CMOS Sensor\u25cf 3 mil \u00e7\u00f6z\u00fcn\u00fcrl\u00fck\u25cf 6.5 Gram A\u011f\u0131rl\u0131k\u25cf G\u00fc\u00e7l\u00fc Veri D\u00fczenleme \u00d6zelli\u011fi\u25cf TTL ve USB Ba\u011flant\u0131 Se\u00e7enekleri &nbsp;Performans &nbsp;Image Sensor 752 x 480 Piksel CMOS &nbsp;I\u015f\u0131k Kayna\u011f\u0131 Ayd\u0131nlatma: 612 ~ 624 nm K\u0131rm\u0131z\u0131 LED Hedefleme: 650 nm Lazer Diyot &nbsp;Minumum Bar Geni\u015fli\u011fi 0,076 mm (3 mil) &nbsp;Tarama [&hellip;]\" \/>\n<meta property=\"og:url\" content=\"http:\/\/www.creabarkod.com\/?page_id=926\" \/>\n<meta property=\"og:site_name\" content=\"Crea Barkod\" \/>\n<meta property=\"article:modified_time\" content=\"2019-06-20T12:30:56+00:00\" \/>\n<meta property=\"og:image\" content=\"http:\/\/www.creabarkod.com\/wp-content\/uploads\/2019\/06\/Newland-EM3396-Karekod-Mod\u00fcl-Okuyucu-1.jpg\" \/>\n<meta name=\"twitter:card\" content=\"summary_large_image\" \/>\n<meta name=\"twitter:label1\" content=\"Tahmini okuma s\u00fcresi\">\n\t<meta name=\"twitter:data1\" content=\"1 dakika\">\n<script type=\"application\/ld+json\" class=\"yoast-schema-graph\">{\"@context\":\"https:\/\/schema.org\",\"@graph\":[{\"@type\":\"WebSite\",\"@id\":\"http:\/\/www.creabarkod.com\/#website\",\"url\":\"http:\/\/www.creabarkod.com\/\",\"name\":\"Crea Barkod\",\"description\":\"\",\"potentialAction\":[{\"@type\":\"SearchAction\",\"target\":\"http:\/\/www.creabarkod.com\/?s={search_term_string}\",\"query-input\":\"required name=search_term_string\"}],\"inLanguage\":\"tr\"},{\"@type\":\"ImageObject\",\"@id\":\"http:\/\/www.creabarkod.com\/?page_id=926#primaryimage\",\"inLanguage\":\"tr\",\"url\":\"http:\/\/www.creabarkod.com\/wp-content\/uploads\/2019\/06\/Newland-EM3396-Karekod-Mod\\u00fcl-Okuyucu-1.jpg\",\"width\":500,\"height\":500,\"caption\":\"Newland EM3396 Karekod Mod\\u00fcl Okuyucu\"},{\"@type\":\"WebPage\",\"@id\":\"http:\/\/www.creabarkod.com\/?page_id=926#webpage\",\"url\":\"http:\/\/www.creabarkod.com\/?page_id=926\",\"name\":\"Newland EM3396 Karekod Mod\\u00fcl Okuyucu - Crea Barkod\",\"isPartOf\":{\"@id\":\"http:\/\/www.creabarkod.com\/#website\"},\"primaryImageOfPage\":{\"@id\":\"http:\/\/www.creabarkod.com\/?page_id=926#primaryimage\"},\"datePublished\":\"2019-06-20T12:29:40+00:00\",\"dateModified\":\"2019-06-20T12:30:56+00:00\",\"inLanguage\":\"tr\",\"potentialAction\":[{\"@type\":\"ReadAction\",\"target\":[\"http:\/\/www.creabarkod.com\/?page_id=926\"]}]}]}<\/script>\n<!-- \/ Yoast SEO plugin. -->","_links":{"self":[{"href":"http:\/\/www.creabarkod.com\/index.php?rest_route=\/wp\/v2\/pages\/926"}],"collection":[{"href":"http:\/\/www.creabarkod.com\/index.php?rest_route=\/wp\/v2\/pages"}],"about":[{"href":"http:\/\/www.creabarkod.com\/index.php?rest_route=\/wp\/v2\/types\/page"}],"author":[{"embeddable":true,"href":"http:\/\/www.creabarkod.com\/index.php?rest_route=\/wp\/v2\/users\/1"}],"replies":[{"embeddable":true,"href":"http:\/\/www.creabarkod.com\/index.php?rest_route=%2Fwp%2Fv2%2Fcomments&post=926"}],"version-history":[{"count":1,"href":"http:\/\/www.creabarkod.com\/index.php?rest_route=\/wp\/v2\/pages\/926\/revisions"}],"predecessor-version":[{"id":928,"href":"http:\/\/www.creabarkod.com\/index.php?rest_route=\/wp\/v2\/pages\/926\/revisions\/928"}],"up":[{"embeddable":true,"href":"http:\/\/www.creabarkod.com\/index.php?rest_route=\/wp\/v2\/pages\/760"}],"wp:attachment":[{"href":"http:\/\/www.creabarkod.com\/index.php?rest_route=%2Fwp%2Fv2%2Fmedia&parent=926"}],"curies":[{"name":"wp","href":"https:\/\/api.w.org\/{rel}","templated":true}]}}