{"id":923,"date":"2019-06-20T12:28:01","date_gmt":"2019-06-20T12:28:01","guid":{"rendered":"http:\/\/www.creabarkod.com\/?page_id=923"},"modified":"2019-06-20T12:30:56","modified_gmt":"2019-06-20T12:30:56","slug":"newland-em2037v4-karekod-modul-okuyucu","status":"publish","type":"page","link":"http:\/\/www.creabarkod.com\/?page_id=923","title":{"rendered":"Newland EM2037V4 Karekod Mod\u00fcl Okuyucu"},"content":{"rendered":"\n<figure class=\"wp-block-image is-resized\"><a href=\"http:\/\/www.creabarkod.com\/wp-content\/uploads\/2019\/06\/Newland-EM2037V4-Karekod-Mod\u00fcl-Okuyucu-1.jpg\"><img loading=\"lazy\" src=\"http:\/\/www.creabarkod.com\/wp-content\/uploads\/2019\/06\/Newland-EM2037V4-Karekod-Mod\u00fcl-Okuyucu-1.jpg\" alt=\"Newland EM2037V4 Karekod Mod\u00fcl Okuyucu\" class=\"wp-image-924\" width=\"250\" height=\"250\" srcset=\"http:\/\/www.creabarkod.com\/wp-content\/uploads\/2019\/06\/Newland-EM2037V4-Karekod-Mod\u00fcl-Okuyucu-1.jpg 500w, http:\/\/www.creabarkod.com\/wp-content\/uploads\/2019\/06\/Newland-EM2037V4-Karekod-Mod\u00fcl-Okuyucu-1-150x150.jpg 150w, http:\/\/www.creabarkod.com\/wp-content\/uploads\/2019\/06\/Newland-EM2037V4-Karekod-Mod\u00fcl-Okuyucu-1-300x300.jpg 300w\" sizes=\"(max-width: 250px) 100vw, 250px\" \/><\/a><\/figure>\n\n\n\n<p>\u25cf 2D Karekod Okuyucu<br>\u25cf 1280 x 800 Piksel CMOS Sensor<br>\u25cf 4 mil \u00e7\u00f6z\u00fcn\u00fcrl\u00fck<br>\u25cf 9.2 Gram A\u011f\u0131rl\u0131k<br>\u25cf G\u00fc\u00e7l\u00fc Veri D\u00fczenleme \u00d6zelli\u011fi<br>\u25cf TTL ve USB Ba\u011flant\u0131 Se\u00e7enekleri <\/p>\n\n\n\n<table class=\"wp-block-table\"><tbody><tr><td><strong>&nbsp;Performans<\/strong><\/td><\/tr><tr><td>&nbsp;Image Sensor<\/td><td>1280 x 800 Piksel CMOS<\/td><\/tr><tr><td>&nbsp;I\u015f\u0131k Kayna\u011f\u0131<\/td><td>Ayd\u0131nlatma: K\u0131rm\u0131z\u0131 LED<\/td><\/tr><tr><td>Hedefleme: K\u0131rm\u0131z\u0131 LED<\/td><\/tr><tr><td>&nbsp;Minumum Bar Geni\u015fli\u011fi<\/td><td>0,1 mm (4 mil)<\/td><\/tr><tr><td>&nbsp;Tarama A\u00e7\u0131lar\u0131<\/td><td>Pitch: \u00b155\u00b0; Roll: \u00b1360\u00b0; Skew: \u00b155\u00b0<\/td><\/tr><tr><td>&nbsp;G\u00f6r\u00fc\u015f Alan\u0131<\/td><td>Yatay:51\u00b0, Dikey: 32\u00b0 (FM30 Modeli Gibi)<\/td><\/tr><tr><td>&nbsp;Yazd\u0131rma kar\u015f\u0131tl\u0131\u011f\u0131<\/td><td>\u2265%25<\/td><\/tr><tr><td>&nbsp;Tarama Mesafesi<\/td><td>50 mm ~ 365 mm<\/td><\/tr><tr><td>&nbsp;Desteklenen Arabirimleri<\/td><td>TTL-232 ve USB<\/td><\/tr><tr><td><strong>&nbsp;Fiziksel<\/strong><\/td><\/tr><tr><td>&nbsp;Geni\u015flik<\/td><td>39,5 mm<\/td><\/tr><tr><td>&nbsp;Derinlik<\/td><td>25,4 mm<\/td><\/tr><tr><td>&nbsp;Y\u00fckseklik<\/td><td>20 mm<\/td><\/tr><tr><td>&nbsp;A\u011f\u0131rl\u0131k<\/td><td>9.2 Gram<\/td><\/tr><tr><td><strong>&nbsp;Elektriksel<\/strong><\/td><\/tr><tr><td>&nbsp;Voltaj<\/td><td>3,3-5V DC (\u00b1%5) (12 Pin FPC Konnekt\u00f6r ile)<\/td><\/tr><tr><td>5V DC (\u00b1%5) (5 Pin Konnekt\u00f6r ile)<\/td><\/tr><tr><td>&nbsp;G\u00fc\u00e7 T\u00fcketimi<\/td><td>Max. 916,6mW<\/td><\/tr><tr><td>&nbsp;Ak\u0131m De\u011ferleri<\/td><td>\u00c7al\u0131\u015fma Modunda: 179,2 mA (Maks:190,9 mA)<\/td><\/tr><tr><td>Bekleme Modunda: 66,8 mA<\/td><\/tr><tr><td><strong>&nbsp;\u00c7evresel<\/strong><\/td><\/tr><tr><td>&nbsp;\u00c7al\u0131\u015fma S\u0131cakl\u0131\u011f\u0131<\/td><td>-20 \u00b0C ~ 60 \u00b0C<\/td><\/tr><tr><td>&nbsp;Muhafaza S\u0131cakl\u0131\u011f\u0131<\/td><td>-40 \u00b0C ~ 70 \u00b0C<\/td><\/tr><tr><td>&nbsp;Nem<\/td><td>%5 ~ %95 (Yo\u011fu\u015fmas\u0131z)<\/td><\/tr><tr><td>&nbsp;Ortam I\u015f\u0131k Seviyesi<\/td><td>0~100,000 lux (Do\u011fal I\u015f\u0131k)<\/td><\/tr><tr><td><strong>&nbsp;Sertifikalar<\/strong><\/td><\/tr><tr><td>&nbsp;Sertifikalar<\/td><td>FCC Part15 Class B, CE EMC Class B<\/td><\/tr><tr><td><strong>&nbsp;Desteklenen Barkod Tipleri<\/strong><\/td><\/tr><tr><td>&nbsp;Barkod Tipleri<\/td><td>1D<\/td><td>EAN-8, EAN-13, UPC-E, UPC-A, Code 128, UCC\/EAN128, I2Of5,ITF-14, ITF-6, Matrix 25, CodaBar, Code 39, Code 93, ISSN, ISBN,Industrial 25, Standard 25, Plessey, Code11, MSI-Plessey, UCC\/EAN Composite, GS1 Databar, China Post 25, Code 49, Code 16K<\/td><\/tr><tr><td>Postal<\/td><td>USPS Postnet, Royal Mail, KIX Post, Australian Postal, vb.<\/td><\/tr><tr><td>2D<\/td><td>PDF417, QR Code, Micro QR, Data Matrix, Aztec, Maxicode,Chinese Sensible Code, GM Code, Micro PDF417 Code, Code One<\/td><\/tr><\/tbody><\/table>\n","protected":false},"excerpt":{"rendered":"<p>\u25cf 2D Karekod Okuyucu\u25cf 1280 x 800 Piksel CMOS Sensor\u25cf 4 mil \u00e7\u00f6z\u00fcn\u00fcrl\u00fck\u25cf 9.2 Gram A\u011f\u0131rl\u0131k\u25cf G\u00fc\u00e7l\u00fc Veri D\u00fczenleme \u00d6zelli\u011fi\u25cf TTL ve USB Ba\u011flant\u0131 Se\u00e7enekleri &nbsp;Performans &nbsp;Image Sensor 1280 x 800 Piksel CMOS &nbsp;I\u015f\u0131k Kayna\u011f\u0131 Ayd\u0131nlatma: K\u0131rm\u0131z\u0131 LED Hedefleme: K\u0131rm\u0131z\u0131 LED &nbsp;Minumum Bar Geni\u015fli\u011fi 0,1 mm (4 mil) &nbsp;Tarama A\u00e7\u0131lar\u0131 Pitch: \u00b155\u00b0; Roll: \u00b1360\u00b0; Skew: [&hellip;]<\/p>\n","protected":false},"author":1,"featured_media":0,"parent":760,"menu_order":0,"comment_status":"closed","ping_status":"closed","template":"","meta":[],"yoast_head":"<!-- This site is optimized with the Yoast SEO plugin v15.7 - https:\/\/yoast.com\/wordpress\/plugins\/seo\/ -->\n<title>Newland EM2037V4 Karekod Mod\u00fcl Okuyucu - Crea Barkod<\/title>\n<meta name=\"robots\" content=\"index, follow, max-snippet:-1, max-image-preview:large, max-video-preview:-1\" \/>\n<link rel=\"canonical\" href=\"http:\/\/www.creabarkod.com\/?page_id=923\" \/>\n<meta property=\"og:locale\" content=\"tr_TR\" \/>\n<meta property=\"og:type\" content=\"article\" \/>\n<meta property=\"og:title\" content=\"Newland EM2037V4 Karekod Mod\u00fcl Okuyucu - Crea Barkod\" \/>\n<meta property=\"og:description\" content=\"\u25cf 2D Karekod Okuyucu\u25cf 1280 x 800 Piksel CMOS Sensor\u25cf 4 mil \u00e7\u00f6z\u00fcn\u00fcrl\u00fck\u25cf 9.2 Gram A\u011f\u0131rl\u0131k\u25cf G\u00fc\u00e7l\u00fc Veri D\u00fczenleme \u00d6zelli\u011fi\u25cf TTL ve USB Ba\u011flant\u0131 Se\u00e7enekleri &nbsp;Performans &nbsp;Image Sensor 1280 x 800 Piksel CMOS &nbsp;I\u015f\u0131k Kayna\u011f\u0131 Ayd\u0131nlatma: K\u0131rm\u0131z\u0131 LED Hedefleme: K\u0131rm\u0131z\u0131 LED &nbsp;Minumum Bar Geni\u015fli\u011fi 0,1 mm (4 mil) &nbsp;Tarama A\u00e7\u0131lar\u0131 Pitch: \u00b155\u00b0; Roll: \u00b1360\u00b0; Skew: [&hellip;]\" \/>\n<meta property=\"og:url\" content=\"http:\/\/www.creabarkod.com\/?page_id=923\" \/>\n<meta property=\"og:site_name\" content=\"Crea Barkod\" \/>\n<meta property=\"article:modified_time\" content=\"2019-06-20T12:30:56+00:00\" \/>\n<meta property=\"og:image\" content=\"http:\/\/www.creabarkod.com\/wp-content\/uploads\/2019\/06\/Newland-EM2037V4-Karekod-Mod\u00fcl-Okuyucu-1.jpg\" \/>\n<meta name=\"twitter:card\" content=\"summary_large_image\" \/>\n<meta name=\"twitter:label1\" content=\"Tahmini okuma s\u00fcresi\">\n\t<meta name=\"twitter:data1\" content=\"1 dakika\">\n<script type=\"application\/ld+json\" class=\"yoast-schema-graph\">{\"@context\":\"https:\/\/schema.org\",\"@graph\":[{\"@type\":\"WebSite\",\"@id\":\"http:\/\/www.creabarkod.com\/#website\",\"url\":\"http:\/\/www.creabarkod.com\/\",\"name\":\"Crea Barkod\",\"description\":\"\",\"potentialAction\":[{\"@type\":\"SearchAction\",\"target\":\"http:\/\/www.creabarkod.com\/?s={search_term_string}\",\"query-input\":\"required name=search_term_string\"}],\"inLanguage\":\"tr\"},{\"@type\":\"ImageObject\",\"@id\":\"http:\/\/www.creabarkod.com\/?page_id=923#primaryimage\",\"inLanguage\":\"tr\",\"url\":\"http:\/\/www.creabarkod.com\/wp-content\/uploads\/2019\/06\/Newland-EM2037V4-Karekod-Mod\\u00fcl-Okuyucu-1.jpg\",\"width\":500,\"height\":500,\"caption\":\"Newland EM2037V4 Karekod Mod\\u00fcl Okuyucu\"},{\"@type\":\"WebPage\",\"@id\":\"http:\/\/www.creabarkod.com\/?page_id=923#webpage\",\"url\":\"http:\/\/www.creabarkod.com\/?page_id=923\",\"name\":\"Newland EM2037V4 Karekod Mod\\u00fcl Okuyucu - Crea Barkod\",\"isPartOf\":{\"@id\":\"http:\/\/www.creabarkod.com\/#website\"},\"primaryImageOfPage\":{\"@id\":\"http:\/\/www.creabarkod.com\/?page_id=923#primaryimage\"},\"datePublished\":\"2019-06-20T12:28:01+00:00\",\"dateModified\":\"2019-06-20T12:30:56+00:00\",\"inLanguage\":\"tr\",\"potentialAction\":[{\"@type\":\"ReadAction\",\"target\":[\"http:\/\/www.creabarkod.com\/?page_id=923\"]}]}]}<\/script>\n<!-- \/ Yoast SEO plugin. -->","_links":{"self":[{"href":"http:\/\/www.creabarkod.com\/index.php?rest_route=\/wp\/v2\/pages\/923"}],"collection":[{"href":"http:\/\/www.creabarkod.com\/index.php?rest_route=\/wp\/v2\/pages"}],"about":[{"href":"http:\/\/www.creabarkod.com\/index.php?rest_route=\/wp\/v2\/types\/page"}],"author":[{"embeddable":true,"href":"http:\/\/www.creabarkod.com\/index.php?rest_route=\/wp\/v2\/users\/1"}],"replies":[{"embeddable":true,"href":"http:\/\/www.creabarkod.com\/index.php?rest_route=%2Fwp%2Fv2%2Fcomments&post=923"}],"version-history":[{"count":1,"href":"http:\/\/www.creabarkod.com\/index.php?rest_route=\/wp\/v2\/pages\/923\/revisions"}],"predecessor-version":[{"id":925,"href":"http:\/\/www.creabarkod.com\/index.php?rest_route=\/wp\/v2\/pages\/923\/revisions\/925"}],"up":[{"embeddable":true,"href":"http:\/\/www.creabarkod.com\/index.php?rest_route=\/wp\/v2\/pages\/760"}],"wp:attachment":[{"href":"http:\/\/www.creabarkod.com\/index.php?rest_route=%2Fwp%2Fv2%2Fmedia&parent=923"}],"curies":[{"name":"wp","href":"https:\/\/api.w.org\/{rel}","templated":true}]}}