{"id":917,"date":"2019-06-20T12:23:40","date_gmt":"2019-06-20T12:23:40","guid":{"rendered":"http:\/\/www.creabarkod.com\/?page_id=917"},"modified":"2019-06-20T12:30:56","modified_gmt":"2019-06-20T12:30:56","slug":"newland-fm100-modul-barkod-okuyucu","status":"publish","type":"page","link":"http:\/\/www.creabarkod.com\/?page_id=917","title":{"rendered":"Newland FM100 Mod\u00fcl Barkod Okuyucu"},"content":{"rendered":"\n<figure class=\"wp-block-image is-resized\"><a href=\"http:\/\/www.creabarkod.com\/wp-content\/uploads\/2019\/06\/Newland-FM100-Mod\u00fcl-Barkod-Okuyucu-2.jpg\"><img loading=\"lazy\" src=\"http:\/\/www.creabarkod.com\/wp-content\/uploads\/2019\/06\/Newland-FM100-Mod\u00fcl-Barkod-Okuyucu-2.jpg\" alt=\"Newland FM100 Mod\u00fcl Barkod Okuyucu\" class=\"wp-image-918\" width=\"250\" height=\"250\" srcset=\"http:\/\/www.creabarkod.com\/wp-content\/uploads\/2019\/06\/Newland-FM100-Mod\u00fcl-Barkod-Okuyucu-2.jpg 500w, http:\/\/www.creabarkod.com\/wp-content\/uploads\/2019\/06\/Newland-FM100-Mod\u00fcl-Barkod-Okuyucu-2-150x150.jpg 150w, http:\/\/www.creabarkod.com\/wp-content\/uploads\/2019\/06\/Newland-FM100-Mod\u00fcl-Barkod-Okuyucu-2-300x300.jpg 300w\" sizes=\"(max-width: 250px) 100vw, 250px\" \/><\/a><\/figure>\n\n\n\n<p>\u25cf 1D Barkod Okuyucu<br>\u25cf 5 mil \u00e7\u00f6z\u00fcn\u00fcrl\u00fck<br>\u25cf 70 Gram A\u011f\u0131rl\u0131k<br>\u25cf Kolay Monte \/ Demonte edebilme<br>\u25cf Seri Port ve USB Ba\u011flant\u0131 Se\u00e7enekleri <\/p>\n\n\n\n<table class=\"wp-block-table\"><tbody><tr><td><strong>&nbsp;Performans<\/strong><\/td><\/tr><tr><td>&nbsp;Image Sensor<\/td><td>CCD<\/td><\/tr><tr><td>&nbsp;\u00c7\u00f6z\u00fcn\u00fcrl\u00fck<\/td><td>2500 Piksel<\/td><\/tr><tr><td>&nbsp;I\u015f\u0131k Yo\u011funlu\u011fu<\/td><td>265 Lux (130 mm)<\/td><\/tr><tr><td>&nbsp;Minumum Bar Geni\u015fli\u011fi<\/td><td>0,127 mm (5 mil)<\/td><\/tr><tr><td>&nbsp;Tarama A\u00e7\u0131lar\u0131<\/td><td>Pitch: \u00b165\u00b0; Roll: \u00b130\u00b0; Yaw: \u00b160\u00b0<\/td><\/tr><tr><td>&nbsp;Tarama Mesafesi<\/td><td>40 mm ~ 430 mm<\/td><\/tr><tr><td>&nbsp;Yazd\u0131rma kar\u015f\u0131tl\u0131\u011f\u0131<\/td><td>\u2265%30<\/td><\/tr><tr><td>&nbsp;Ortam I\u015f\u0131k Oran\u0131<\/td><td>320 Lux (130 mm)<\/td><\/tr><tr><td>&nbsp;Tarama Mesafesi<\/td><td>35mm ~ 210 mm<\/td><\/tr><tr><td>&nbsp;Desteklenen Arabirimleri<\/td><td>RS-232C ve USB<\/td><\/tr><tr><td><strong>&nbsp;Fiziksel<\/strong><\/td><\/tr><tr><td>&nbsp;Uzunluk<\/td><td>49 mm<\/td><\/tr><tr><td>&nbsp;Geni\u015flik<\/td><td>37 mm<\/td><\/tr><tr><td>&nbsp;Y\u00fckseklik<\/td><td>26 mm<\/td><\/tr><tr><td>&nbsp;A\u011f\u0131rl\u0131k<\/td><td>70 Gram<\/td><\/tr><tr><td><strong>&nbsp;Elektriksel<\/strong><\/td><\/tr><tr><td>&nbsp;Voltaj<\/td><td>DC 5V<\/td><\/tr><tr><td>&nbsp;G\u00fc\u00e7 T\u00fcketimi<\/td><td>Max. 1,25W<\/td><\/tr><tr><td>&nbsp;Ak\u0131m De\u011ferleri<\/td><td>\u00c7al\u0131\u015fma Modunda: 170mA (Maks:250 mA)<\/td><\/tr><tr><td>Bekleme Modunda: 65mA<\/td><\/tr><tr><td><strong>&nbsp;\u00c7evresel<\/strong><\/td><\/tr><tr><td>&nbsp;\u00c7al\u0131\u015fma S\u0131cakl\u0131\u011f\u0131<\/td><td>-5 \u00b0C ~ 45 \u00b0C<\/td><\/tr><tr><td>&nbsp;Muhafaza S\u0131cakl\u0131\u011f\u0131<\/td><td>-40 \u00b0C ~ 60 \u00b0C<\/td><\/tr><tr><td>&nbsp;Nem<\/td><td>%5 ~ %95 (Yo\u011fu\u015fmas\u0131z)<\/td><\/tr><tr><td><strong>&nbsp;Sertifikalar<\/strong><\/td><\/tr><tr><td>&nbsp;Sertifikalar<\/td><td>FCC Part15 Class B, CE EMC Class B<\/td><\/tr><tr><td><strong>&nbsp;Desteklenen Barkod Tipleri<\/strong><\/td><\/tr><tr><td>&nbsp;Barkod Tipleri<\/td><td>1D<\/td><td>Code128, EAN-13, EAN-8, Code39, UPC-A, UPC-E, Codabar, Interleaved 2 of 5, ISBN\/ISSN, Code 93, UCC\/EAN-128, GS1Databar vb.<\/td><\/tr><\/tbody><\/table>\n","protected":false},"excerpt":{"rendered":"<p>\u25cf 1D Barkod Okuyucu\u25cf 5 mil \u00e7\u00f6z\u00fcn\u00fcrl\u00fck\u25cf 70 Gram A\u011f\u0131rl\u0131k\u25cf Kolay Monte \/ Demonte edebilme\u25cf Seri Port ve USB Ba\u011flant\u0131 Se\u00e7enekleri &nbsp;Performans &nbsp;Image Sensor CCD &nbsp;\u00c7\u00f6z\u00fcn\u00fcrl\u00fck 2500 Piksel &nbsp;I\u015f\u0131k Yo\u011funlu\u011fu 265 Lux (130 mm) &nbsp;Minumum Bar Geni\u015fli\u011fi 0,127 mm (5 mil) &nbsp;Tarama A\u00e7\u0131lar\u0131 Pitch: \u00b165\u00b0; Roll: \u00b130\u00b0; Yaw: \u00b160\u00b0 &nbsp;Tarama Mesafesi 40 mm ~ 430 [&hellip;]<\/p>\n","protected":false},"author":1,"featured_media":0,"parent":760,"menu_order":0,"comment_status":"closed","ping_status":"closed","template":"","meta":[],"yoast_head":"<!-- This site is optimized with the Yoast SEO plugin v15.7 - https:\/\/yoast.com\/wordpress\/plugins\/seo\/ -->\n<title>Newland FM100 Mod\u00fcl Barkod Okuyucu - Crea Barkod<\/title>\n<meta name=\"robots\" content=\"index, follow, max-snippet:-1, max-image-preview:large, max-video-preview:-1\" \/>\n<link rel=\"canonical\" href=\"http:\/\/www.creabarkod.com\/?page_id=917\" \/>\n<meta property=\"og:locale\" content=\"tr_TR\" \/>\n<meta property=\"og:type\" content=\"article\" \/>\n<meta property=\"og:title\" content=\"Newland FM100 Mod\u00fcl Barkod Okuyucu - Crea Barkod\" \/>\n<meta property=\"og:description\" content=\"\u25cf 1D Barkod Okuyucu\u25cf 5 mil \u00e7\u00f6z\u00fcn\u00fcrl\u00fck\u25cf 70 Gram A\u011f\u0131rl\u0131k\u25cf Kolay Monte \/ Demonte edebilme\u25cf Seri Port ve USB Ba\u011flant\u0131 Se\u00e7enekleri &nbsp;Performans &nbsp;Image Sensor CCD &nbsp;\u00c7\u00f6z\u00fcn\u00fcrl\u00fck 2500 Piksel &nbsp;I\u015f\u0131k Yo\u011funlu\u011fu 265 Lux (130 mm) &nbsp;Minumum Bar Geni\u015fli\u011fi 0,127 mm (5 mil) &nbsp;Tarama A\u00e7\u0131lar\u0131 Pitch: \u00b165\u00b0; Roll: \u00b130\u00b0; Yaw: \u00b160\u00b0 &nbsp;Tarama Mesafesi 40 mm ~ 430 [&hellip;]\" \/>\n<meta property=\"og:url\" content=\"http:\/\/www.creabarkod.com\/?page_id=917\" \/>\n<meta property=\"og:site_name\" content=\"Crea Barkod\" \/>\n<meta property=\"article:modified_time\" content=\"2019-06-20T12:30:56+00:00\" \/>\n<meta property=\"og:image\" content=\"http:\/\/www.creabarkod.com\/wp-content\/uploads\/2019\/06\/Newland-FM100-Mod\u00fcl-Barkod-Okuyucu-2.jpg\" \/>\n<meta name=\"twitter:card\" content=\"summary_large_image\" \/>\n<meta name=\"twitter:label1\" content=\"Tahmini okuma s\u00fcresi\">\n\t<meta name=\"twitter:data1\" content=\"1 dakika\">\n<script type=\"application\/ld+json\" class=\"yoast-schema-graph\">{\"@context\":\"https:\/\/schema.org\",\"@graph\":[{\"@type\":\"WebSite\",\"@id\":\"http:\/\/www.creabarkod.com\/#website\",\"url\":\"http:\/\/www.creabarkod.com\/\",\"name\":\"Crea Barkod\",\"description\":\"\",\"potentialAction\":[{\"@type\":\"SearchAction\",\"target\":\"http:\/\/www.creabarkod.com\/?s={search_term_string}\",\"query-input\":\"required name=search_term_string\"}],\"inLanguage\":\"tr\"},{\"@type\":\"ImageObject\",\"@id\":\"http:\/\/www.creabarkod.com\/?page_id=917#primaryimage\",\"inLanguage\":\"tr\",\"url\":\"http:\/\/www.creabarkod.com\/wp-content\/uploads\/2019\/06\/Newland-FM100-Mod\\u00fcl-Barkod-Okuyucu-2.jpg\",\"width\":500,\"height\":500,\"caption\":\"Newland FM100 Mod\\u00fcl Barkod Okuyucu\"},{\"@type\":\"WebPage\",\"@id\":\"http:\/\/www.creabarkod.com\/?page_id=917#webpage\",\"url\":\"http:\/\/www.creabarkod.com\/?page_id=917\",\"name\":\"Newland FM100 Mod\\u00fcl Barkod Okuyucu - Crea Barkod\",\"isPartOf\":{\"@id\":\"http:\/\/www.creabarkod.com\/#website\"},\"primaryImageOfPage\":{\"@id\":\"http:\/\/www.creabarkod.com\/?page_id=917#primaryimage\"},\"datePublished\":\"2019-06-20T12:23:40+00:00\",\"dateModified\":\"2019-06-20T12:30:56+00:00\",\"inLanguage\":\"tr\",\"potentialAction\":[{\"@type\":\"ReadAction\",\"target\":[\"http:\/\/www.creabarkod.com\/?page_id=917\"]}]}]}<\/script>\n<!-- \/ Yoast SEO plugin. -->","_links":{"self":[{"href":"http:\/\/www.creabarkod.com\/index.php?rest_route=\/wp\/v2\/pages\/917"}],"collection":[{"href":"http:\/\/www.creabarkod.com\/index.php?rest_route=\/wp\/v2\/pages"}],"about":[{"href":"http:\/\/www.creabarkod.com\/index.php?rest_route=\/wp\/v2\/types\/page"}],"author":[{"embeddable":true,"href":"http:\/\/www.creabarkod.com\/index.php?rest_route=\/wp\/v2\/users\/1"}],"replies":[{"embeddable":true,"href":"http:\/\/www.creabarkod.com\/index.php?rest_route=%2Fwp%2Fv2%2Fcomments&post=917"}],"version-history":[{"count":1,"href":"http:\/\/www.creabarkod.com\/index.php?rest_route=\/wp\/v2\/pages\/917\/revisions"}],"predecessor-version":[{"id":919,"href":"http:\/\/www.creabarkod.com\/index.php?rest_route=\/wp\/v2\/pages\/917\/revisions\/919"}],"up":[{"embeddable":true,"href":"http:\/\/www.creabarkod.com\/index.php?rest_route=\/wp\/v2\/pages\/760"}],"wp:attachment":[{"href":"http:\/\/www.creabarkod.com\/index.php?rest_route=%2Fwp%2Fv2%2Fmedia&parent=917"}],"curies":[{"name":"wp","href":"https:\/\/api.w.org\/{rel}","templated":true}]}}