{"id":897,"date":"2019-06-20T12:09:35","date_gmt":"2019-06-20T12:09:35","guid":{"rendered":"http:\/\/www.creabarkod.com\/?page_id=897"},"modified":"2019-06-20T14:15:53","modified_gmt":"2019-06-20T14:15:53","slug":"datalogic-quickscan-qd2100-imager-barkod-okuyucu","status":"publish","type":"page","link":"http:\/\/www.creabarkod.com\/?page_id=897","title":{"rendered":"Datalogic QuickScan QD2100 Imager Barkod Okuyucu"},"content":{"rendered":"\n<table class=\"wp-block-table aligncenter\"><tbody><tr><td><img loading=\"lazy\" width=\"500\" height=\"500\" class=\"wp-image-899\" style=\"width: 150px;\" src=\"http:\/\/www.creabarkod.com\/wp-content\/uploads\/2019\/06\/Datalogic-QuickScan-QD2100-Imager-Barkod-Okuyucu-2.png\" alt=\"Datalogic QuickScan QD2100 Imager Barkod Okuyucu\" srcset=\"http:\/\/www.creabarkod.com\/wp-content\/uploads\/2019\/06\/Datalogic-QuickScan-QD2100-Imager-Barkod-Okuyucu-2.png 500w, http:\/\/www.creabarkod.com\/wp-content\/uploads\/2019\/06\/Datalogic-QuickScan-QD2100-Imager-Barkod-Okuyucu-2-150x150.png 150w, http:\/\/www.creabarkod.com\/wp-content\/uploads\/2019\/06\/Datalogic-QuickScan-QD2100-Imager-Barkod-Okuyucu-2-300x300.png 300w\" sizes=\"(max-width: 500px) 100vw, 500px\" \/><\/td><td><img loading=\"lazy\" width=\"500\" height=\"500\" class=\"wp-image-889\" style=\"width: 150px;\" src=\"http:\/\/www.creabarkod.com\/wp-content\/uploads\/2019\/06\/Datalogic-QuickScan-QD2100-Imager-Barkod-Okuyucu-1.png\" alt=\"Datalogic QuickScan QD2100 Imager Barkod Okuyucu\" srcset=\"http:\/\/www.creabarkod.com\/wp-content\/uploads\/2019\/06\/Datalogic-QuickScan-QD2100-Imager-Barkod-Okuyucu-1.png 500w, http:\/\/www.creabarkod.com\/wp-content\/uploads\/2019\/06\/Datalogic-QuickScan-QD2100-Imager-Barkod-Okuyucu-1-150x150.png 150w, http:\/\/www.creabarkod.com\/wp-content\/uploads\/2019\/06\/Datalogic-QuickScan-QD2100-Imager-Barkod-Okuyucu-1-300x300.png 300w\" sizes=\"(max-width: 500px) 100vw, 500px\" \/><\/td><\/tr><\/tbody><\/table>\n\n\n\n<p>\u25cf 1D Barkodlar\u0131 Okuyabilme<br>\u25cf Hafif ve sa\u011flam tasar\u0131m<br>\u25cf Saniyede 270 Tarama<br>\u25cf 0,1 mm (4 mil) \u00e7\u00f6z\u00fcn\u00fcrl\u00fck<br>\u25cf 8 ~ 650 mm okuma mesafesi<br>\u25cf Barkod okumay\u0131 do\u011frulamak i\u00e7in&nbsp;<strong>&#8220;Green Spot&#8221;<\/strong>&nbsp;\u0131\u015f\u0131\u011f\u0131<br>\u25cf IP42 Standartlar\u0131nda<br>\u25cf 1,5 metreden d\u00fc\u015fmeye dayan\u0131kl\u0131 <\/p>\n\n\n\n<table class=\"wp-block-table\"><tbody><tr><td><strong>&nbsp;Okuma Performans\u0131<\/strong><\/td><\/tr><tr><td>&nbsp;I\u015f\u0131k kayna\u011f\u0131<\/td><td>610-650 nm Red Led<\/td><\/tr><tr><td>&nbsp;Bask\u0131 Kontrast\u0131 (Minimum)<\/td><td>15%<\/td><\/tr><tr><td>&nbsp;Tarama H\u0131z\u0131<\/td><td>270 tarama\/saniye<\/td><\/tr><tr><td>&nbsp;Tarama A\u00e7\u0131s\u0131<\/td><td>Pitch: \u00b1 65\u00b0, Roll (Tilt): \u00b1 45\u00b0, Skew (Yaw): \u00b1 65\u00b0<\/td><\/tr><tr><td>&nbsp;G\u00f6stergeler (LED)<\/td><td>Ayarlanabilir Ses Tonu, Datalogic \u2018Green Spot\u2019 okuma bildirimi \u0131\u015f\u0131\u011f\u0131,&nbsp;Do\u011frulama LED i<\/td><\/tr><tr><td>&nbsp;\u00c7\u00f6z\u00fcn\u00fcrl\u00fck<\/td><td>0.102 mm&nbsp; (4 mil)<\/td><\/tr><tr><td><strong>&nbsp;\u00c7\u00f6z\u00fcmleme Yetene\u011fi<\/strong><\/td><td><\/td><\/tr><tr><td>&nbsp;1D Linear Kodlar<\/td><td>GS1\/Databar Dahil Standart 1D Linear Kodlar<\/td><\/tr><tr><td>&nbsp;Postal Kodlar<\/td><td>China Post<\/td><\/tr><tr><td>&nbsp;Stacked Kodlar<\/td><td>GS1 DataBar Expanded Stacked, GS1 DataBar Stacked, GS1 DataBar Stacked Omnidirectional<\/td><\/tr><tr><td><strong>&nbsp;Elektriksel<\/strong><\/td><td><\/td><\/tr><tr><td>&nbsp;Giri\u015f Voltaj\u0131<\/td><td><strong>QD2130<\/strong>&nbsp;Modeli: 5 VDC \u00b1 10V<\/td><\/tr><tr><td><strong>QD2110<\/strong>&nbsp;Modeli: 4-14 VDC \u00b1 10V<\/td><\/tr><tr><td>&nbsp;G\u00fc\u00e7 T\u00fcketimi<\/td><td>\u00c7al\u0131\u015fma Modunda: 340 mA @5VDC<\/td><\/tr><tr><td>Bekleme Modunda: 190 mA @5VDC<\/td><\/tr><tr><td><strong>&nbsp;Ara Birim<\/strong><\/td><\/tr><tr><td>&nbsp;Desteklenen Arabirimler<\/td><td><strong>QD2110<\/strong>&nbsp;Modeli:&nbsp;RS-232 \/ IBM 46XX \/ USB (\u00c7oklu Arabirim)<\/td><\/tr><tr><td><strong>QD2130<\/strong>&nbsp;Modeli: RS-232 \/ USB \/ Keyboard Wedge \/ Wand (\u00c7oklu Arabirim)<\/td><\/tr><tr><td><strong>&nbsp;\u00c7evresel<\/strong><\/td><td><\/td><\/tr><tr><td>&nbsp;I\u015f\u0131k Seviyesi<\/td><td>100.000 Lux<\/td><\/tr><tr><td>&nbsp;\u00c7al\u0131\u015fma S\u0131cakl\u0131\u011f\u0131<\/td><td>0\u00b0C ~ 50\u00b0C<\/td><\/tr><tr><td>&nbsp;Muhafaza S\u0131cakl\u0131\u011f\u0131<\/td><td>-40 \u00b0C ~ 70 \u00b0C<\/td><\/tr><tr><td>&nbsp;Nem<\/td><td>%5 ~ %95 (Yo\u011funla\u015fmas\u0131z)<\/td><\/tr><tr><td>&nbsp;D\u00fc\u015fme dayan\u0131kl\u0131l\u0131\u011f\u0131<\/td><td>1,5 metre<\/td><\/tr><tr><td>&nbsp;IP Standard\u0131<\/td><td>IP42<\/td><\/tr><tr><td>&nbsp;ESD Korumas\u0131 (Air Discharge)<\/td><td>20&nbsp;kV<\/td><\/tr><tr><td><strong>&nbsp;Fiziksel<\/strong><\/td><td><\/td><\/tr><tr><td>&nbsp;Renk<\/td><td>&nbsp;Siyah<\/td><\/tr><tr><td>&nbsp;Boyutlar<\/td><td>17 mm x 71 mm x 66 mm<\/td><\/tr><tr><td>&nbsp;A\u011f\u0131rl\u0131k<\/td><td>121,9 gram<\/td><\/tr><tr><td><strong>&nbsp;Okuma Aral\u0131klar\u0131<\/strong><\/td><td><\/td><\/tr><tr><td>&nbsp;Tarama mesafeleri<\/td><td>4 mil: 20 mm&nbsp; ~ 110 mm<\/td><\/tr><tr><td>5 mil: 15 mm&nbsp; ~ 150 mm<\/td><\/tr><tr><td>7,5 mil: 8 mm&nbsp; ~ 250 mm<\/td><\/tr><tr><td>10 mil: 8 mm&nbsp; ~ 380 mm<\/td><\/tr><tr><td>13 mil: 19 mm&nbsp; ~ 450 mm<\/td><\/tr><tr><td>20 mil: 25 mm&nbsp; ~ 650 mm<\/td><\/tr><tr><td><strong>&nbsp;G\u00fcvenlik ve D\u00fczenleyiciler<\/strong><\/td><td><\/td><\/tr><tr><td>&nbsp;Kurum onaylar\u0131 (Sertifikalar)<\/td><td>The product meets necessary safety and regulatory approvals for its intended use. The Quick Reference Guide for this product can be referred to for a complete list of certifications.<\/td><\/tr><tr><td>&nbsp;\u00c7evreye Uyum<\/td><td>\u00c7in ve Avrupa RoHS uyumlu<\/td><\/tr><tr><td>&nbsp;LED s\u0131n\u0131fland\u0131rmas\u0131<\/td><td>IEC 60825-1 Class 1 LED Product<\/td><\/tr><tr><td><strong>&nbsp;Ara\u00e7lar<\/strong><\/td><td><\/td><\/tr><tr><td>&nbsp;Datalogic Aladdin<\/td><td>Okuyucu ile ilgili konfig\u00fcrasyonlar\u0131n yap\u0131lmas\u0131n\u0131 sa\u011flayan program<\/td><\/tr><tr><td>&nbsp;Remote Host Download<\/td><td>D\u00fc\u015f\u00fck maliyet ve geli\u015fmi\u015f i\u015flemler (QD2110 Modelinde)<\/td><\/tr><\/tbody><\/table>\n","protected":false},"excerpt":{"rendered":"<p>\u25cf 1D Barkodlar\u0131 Okuyabilme\u25cf Hafif ve sa\u011flam tasar\u0131m\u25cf Saniyede 270 Tarama\u25cf 0,1 mm (4 mil) \u00e7\u00f6z\u00fcn\u00fcrl\u00fck\u25cf 8 ~ 650 mm okuma mesafesi\u25cf Barkod okumay\u0131 do\u011frulamak i\u00e7in&nbsp;&#8220;Green Spot&#8221;&nbsp;\u0131\u015f\u0131\u011f\u0131\u25cf IP42 Standartlar\u0131nda\u25cf 1,5 metreden d\u00fc\u015fmeye dayan\u0131kl\u0131 &nbsp;Okuma Performans\u0131 &nbsp;I\u015f\u0131k kayna\u011f\u0131 610-650 nm Red Led &nbsp;Bask\u0131 Kontrast\u0131 (Minimum) 15% &nbsp;Tarama H\u0131z\u0131 270 tarama\/saniye &nbsp;Tarama A\u00e7\u0131s\u0131 Pitch: \u00b1 65\u00b0, Roll [&hellip;]<\/p>\n","protected":false},"author":1,"featured_media":0,"parent":752,"menu_order":0,"comment_status":"closed","ping_status":"closed","template":"","meta":[],"yoast_head":"<!-- This site is optimized with the Yoast SEO plugin v15.7 - https:\/\/yoast.com\/wordpress\/plugins\/seo\/ -->\n<title>Datalogic QuickScan QD2100 Imager Barkod Okuyucu - Crea Barkod<\/title>\n<meta name=\"robots\" content=\"index, follow, max-snippet:-1, max-image-preview:large, max-video-preview:-1\" \/>\n<link rel=\"canonical\" href=\"http:\/\/www.creabarkod.com\/?page_id=897\" \/>\n<meta property=\"og:locale\" content=\"tr_TR\" \/>\n<meta property=\"og:type\" content=\"article\" \/>\n<meta property=\"og:title\" content=\"Datalogic QuickScan QD2100 Imager Barkod Okuyucu - Crea Barkod\" \/>\n<meta property=\"og:description\" content=\"\u25cf 1D Barkodlar\u0131 Okuyabilme\u25cf Hafif ve sa\u011flam tasar\u0131m\u25cf Saniyede 270 Tarama\u25cf 0,1 mm (4 mil) \u00e7\u00f6z\u00fcn\u00fcrl\u00fck\u25cf 8 ~ 650 mm okuma mesafesi\u25cf Barkod okumay\u0131 do\u011frulamak i\u00e7in&nbsp;&#8220;Green Spot&#8221;&nbsp;\u0131\u015f\u0131\u011f\u0131\u25cf IP42 Standartlar\u0131nda\u25cf 1,5 metreden d\u00fc\u015fmeye dayan\u0131kl\u0131 &nbsp;Okuma Performans\u0131 &nbsp;I\u015f\u0131k kayna\u011f\u0131 610-650 nm Red Led &nbsp;Bask\u0131 Kontrast\u0131 (Minimum) 15% &nbsp;Tarama H\u0131z\u0131 270 tarama\/saniye &nbsp;Tarama A\u00e7\u0131s\u0131 Pitch: \u00b1 65\u00b0, Roll [&hellip;]\" \/>\n<meta property=\"og:url\" content=\"http:\/\/www.creabarkod.com\/?page_id=897\" \/>\n<meta property=\"og:site_name\" content=\"Crea Barkod\" \/>\n<meta property=\"article:modified_time\" content=\"2019-06-20T14:15:53+00:00\" \/>\n<meta property=\"og:image\" content=\"http:\/\/www.creabarkod.com\/wp-content\/uploads\/2019\/06\/Datalogic-QuickScan-QD2100-Imager-Barkod-Okuyucu-2.png\" \/>\n<meta name=\"twitter:card\" content=\"summary_large_image\" \/>\n<meta name=\"twitter:label1\" content=\"Tahmini okuma s\u00fcresi\">\n\t<meta name=\"twitter:data1\" content=\"2 dakika\">\n<script type=\"application\/ld+json\" class=\"yoast-schema-graph\">{\"@context\":\"https:\/\/schema.org\",\"@graph\":[{\"@type\":\"WebSite\",\"@id\":\"http:\/\/www.creabarkod.com\/#website\",\"url\":\"http:\/\/www.creabarkod.com\/\",\"name\":\"Crea Barkod\",\"description\":\"\",\"potentialAction\":[{\"@type\":\"SearchAction\",\"target\":\"http:\/\/www.creabarkod.com\/?s={search_term_string}\",\"query-input\":\"required name=search_term_string\"}],\"inLanguage\":\"tr\"},{\"@type\":\"ImageObject\",\"@id\":\"http:\/\/www.creabarkod.com\/?page_id=897#primaryimage\",\"inLanguage\":\"tr\",\"url\":\"http:\/\/www.creabarkod.com\/wp-content\/uploads\/2019\/06\/Datalogic-QuickScan-QD2100-Imager-Barkod-Okuyucu-2.png\",\"width\":500,\"height\":500,\"caption\":\"Datalogic QuickScan QD2100 Imager Barkod Okuyucu\"},{\"@type\":\"WebPage\",\"@id\":\"http:\/\/www.creabarkod.com\/?page_id=897#webpage\",\"url\":\"http:\/\/www.creabarkod.com\/?page_id=897\",\"name\":\"Datalogic QuickScan QD2100 Imager Barkod Okuyucu - Crea Barkod\",\"isPartOf\":{\"@id\":\"http:\/\/www.creabarkod.com\/#website\"},\"primaryImageOfPage\":{\"@id\":\"http:\/\/www.creabarkod.com\/?page_id=897#primaryimage\"},\"datePublished\":\"2019-06-20T12:09:35+00:00\",\"dateModified\":\"2019-06-20T14:15:53+00:00\",\"inLanguage\":\"tr\",\"potentialAction\":[{\"@type\":\"ReadAction\",\"target\":[\"http:\/\/www.creabarkod.com\/?page_id=897\"]}]}]}<\/script>\n<!-- \/ Yoast SEO plugin. -->","_links":{"self":[{"href":"http:\/\/www.creabarkod.com\/index.php?rest_route=\/wp\/v2\/pages\/897"}],"collection":[{"href":"http:\/\/www.creabarkod.com\/index.php?rest_route=\/wp\/v2\/pages"}],"about":[{"href":"http:\/\/www.creabarkod.com\/index.php?rest_route=\/wp\/v2\/types\/page"}],"author":[{"embeddable":true,"href":"http:\/\/www.creabarkod.com\/index.php?rest_route=\/wp\/v2\/users\/1"}],"replies":[{"embeddable":true,"href":"http:\/\/www.creabarkod.com\/index.php?rest_route=%2Fwp%2Fv2%2Fcomments&post=897"}],"version-history":[{"count":8,"href":"http:\/\/www.creabarkod.com\/index.php?rest_route=\/wp\/v2\/pages\/897\/revisions"}],"predecessor-version":[{"id":1036,"href":"http:\/\/www.creabarkod.com\/index.php?rest_route=\/wp\/v2\/pages\/897\/revisions\/1036"}],"up":[{"embeddable":true,"href":"http:\/\/www.creabarkod.com\/index.php?rest_route=\/wp\/v2\/pages\/752"}],"wp:attachment":[{"href":"http:\/\/www.creabarkod.com\/index.php?rest_route=%2Fwp%2Fv2%2Fmedia&parent=897"}],"curies":[{"name":"wp","href":"https:\/\/api.w.org\/{rel}","templated":true}]}}