{"id":880,"date":"2019-06-20T10:53:46","date_gmt":"2019-06-20T10:53:46","guid":{"rendered":"http:\/\/www.creabarkod.com\/?page_id=880"},"modified":"2019-06-20T10:56:08","modified_gmt":"2019-06-20T10:56:08","slug":"zebex-z-6070-cok-yonlu-lazer-barkod-okuyucu","status":"publish","type":"page","link":"http:\/\/www.creabarkod.com\/?page_id=880","title":{"rendered":"Zebex Z-6070 \u00c7ok Y\u00f6nl\u00fc Lazer Barkod Okuyucu"},"content":{"rendered":"\n<figure class=\"wp-block-image is-resized\"><a href=\"http:\/\/www.creabarkod.com\/wp-content\/uploads\/2019\/06\/Zebex-Z-6070-\u00c7ok-Y\u00f6nl\u00fc-Lazer-Barkod-Okuyucu-1.jpg\"><img loading=\"lazy\" src=\"http:\/\/www.creabarkod.com\/wp-content\/uploads\/2019\/06\/Zebex-Z-6070-\u00c7ok-Y\u00f6nl\u00fc-Lazer-Barkod-Okuyucu-1.jpg\" alt=\"Zebex Z-6070 \u00c7ok Y\u00f6nl\u00fc Lazer Barkod Okuyucu\" class=\"wp-image-881\" width=\"250\" height=\"250\" srcset=\"http:\/\/www.creabarkod.com\/wp-content\/uploads\/2019\/06\/Zebex-Z-6070-\u00c7ok-Y\u00f6nl\u00fc-Lazer-Barkod-Okuyucu-1.jpg 500w, http:\/\/www.creabarkod.com\/wp-content\/uploads\/2019\/06\/Zebex-Z-6070-\u00c7ok-Y\u00f6nl\u00fc-Lazer-Barkod-Okuyucu-1-150x150.jpg 150w, http:\/\/www.creabarkod.com\/wp-content\/uploads\/2019\/06\/Zebex-Z-6070-\u00c7ok-Y\u00f6nl\u00fc-Lazer-Barkod-Okuyucu-1-300x300.jpg 300w\" sizes=\"(max-width: 250px) 100vw, 250px\" \/><\/a><\/figure>\n\n\n\n<p>\u25cf 1D \u00c7ok Y\u00f6nl\u00fc Lazer Barkod Okuyucu<br>\u25cf 32 Tarama \u00c7izgisi<br>\u25cf Saniyede 2400 Tarama<br>\u25cf 0 ~ 216 mm okuma mesafesi<br><strong>\u25cf\u00a0<\/strong>Tek \u00e7izgili olarak da kullanabilme<br>\u25cf\u00a0\u00c7ift Lazer Engine <\/p>\n\n\n\n<table class=\"wp-block-table\"><tbody><tr><td><strong>&nbsp;\u0130\u015flemsel<\/strong><\/td><\/tr><tr><td>&nbsp;I\u015f\u0131k kayna\u011f\u0131<\/td><td><strong>\u00c7ift&nbsp;<\/strong>650 nm g\u00f6r\u00fclebilir lazer diyod (VLD)<\/td><\/tr><tr><td>&nbsp;Tarama \u00e7izgi say\u0131s\u0131<\/td><td>32&nbsp;lazer \u00e7izgisi<\/td><\/tr><tr><td>&nbsp;Tarama Deseni<\/td><td>8 y\u00f6nl\u00fc tarama deseni<\/td><\/tr><tr><td>&nbsp;Tarama Uzakl\u0131\u011f\u0131<\/td><td>0 &#8211; 216 mm (UPC\/EAN 100%)<\/td><\/tr><tr><td>&nbsp;Tarama H\u0131z\u0131<\/td><td>\u00c7ok y\u00f6nl\u00fc mod : 2400 tarama\/sn<br>Tek \u00e7izgili mod : 74 tarama\/sn<\/td><\/tr><tr><td>&nbsp;Minimum Bar Geni\u015fli\u011fi<\/td><td>0.125 mm (5 mil) @ PCS 90%<\/td><\/tr><tr><td>&nbsp;Bask\u0131 Kontrast\u0131<\/td><td>30% @UPC\/EAN 100%<\/td><\/tr><tr><td>&nbsp;G\u00f6stergeler (LED)<\/td><td>Ye\u015fil ve&nbsp;K\u0131rm\u0131z\u0131 LED<\/td><\/tr><tr><td>&nbsp;Ses Tonu<\/td><td>Programlanabilir beep tonu ve s\u00fcresi<\/td><\/tr><tr><td>&nbsp;Sistem Arabirimleri<\/td><td>Klavye, Seri (RS-232C), USB ve Wand<\/td><\/tr><tr><td><strong>&nbsp;Fiziksel<\/strong><\/td><td>&nbsp;<\/td><\/tr><tr><td>&nbsp;Y\u00fckseklik<\/td><td>181.5 mm<\/td><\/tr><tr><td>&nbsp;Derinlik<\/td><td>89.5 mm<\/td><\/tr><tr><td>&nbsp;Geni\u015flik<\/td><td>85 mm<\/td><\/tr><tr><td>&nbsp;A\u011f\u0131rl\u0131k<\/td><td>245 gr<\/td><\/tr><tr><td>&nbsp;Kablo<\/td><td>Standart 2 metre d\u00fcz kablo<\/td><\/tr><tr><td><strong>&nbsp;Elektriksel<\/strong><\/td><td>&nbsp;<\/td><\/tr><tr><td>&nbsp;Giri\u015f Voltaj\u0131<\/td><td>5VDC \u00b1%10<\/td><\/tr><tr><td>&nbsp;G\u00fc\u00e7<\/td><td>1.35 Watt<\/td><\/tr><tr><td>&nbsp;\u00c7al\u0131\u015fma Ak\u0131m\u0131<\/td><td>270 mA<\/td><\/tr><tr><td>&nbsp;Lazer S\u0131n\u0131f\u0131<\/td><td>CDRH Class IIa, IEC 60825-1: Class I<\/td><\/tr><tr><td>&nbsp;EMC<\/td><td>CE &amp; FCC Doc uyumlu<\/td><\/tr><tr><td><strong>&nbsp;\u00c7evresel<\/strong><\/td><td>&nbsp;<\/td><\/tr><tr><td>&nbsp;\u00c7al\u0131\u015fma S\u0131cakl\u0131\u011f\u0131<\/td><td>0\u00b0C ~ 40\u00b0C<\/td><\/tr><tr><td>&nbsp;Muhafaza S\u0131cakl\u0131\u011f\u0131<\/td><td>-20 \u00b0C ~ 60 \u00b0C<\/td><\/tr><tr><td>&nbsp;Nem<\/td><td>5% ~ 90% (Yo\u011funla\u015fmas\u0131z)<\/td><\/tr><tr><td>&nbsp;I\u015f\u0131k Seviyesi<\/td><td>Max 4.000 Lux<\/td><\/tr><tr><td>&nbsp;Darbe dayan\u0131kl\u0131l\u0131\u011f\u0131<\/td><td>1 metre<\/td><\/tr><tr><td><strong>&nbsp;Desteklenen&nbsp;<\/strong><strong>Barkod Tipleri<\/strong><\/td><td>&nbsp;<\/td><\/tr><tr><td>&nbsp;Standart<\/td><td>UPC\/EAN\/JAN, UPC\/EAN with supplementary, JAN 8 &amp; JAN 13, ISBN\/ISSN, Japanese Bookland EAN, Code 39, Code 39 with full ASCII, Trioptic Code 39, Codabar (NM7),Code 128, Code 128 with full ASCII,Code 93,Interleaved 2 of 5 (ITF), Addendum 2 of 5, IATA Code, MSI\/Plessy, China Postal Code, Code 32<\/td><\/tr><tr><td>&nbsp;Opsiyonel<\/td><td>Industrial 2 of 5, Standard 2 of 5, Discrete 2 of 5,Matrix 2 of 5, Code 11, UPC\/EAN RSS, RSS t\u00fcrleri<\/td><\/tr><\/tbody><\/table>\n","protected":false},"excerpt":{"rendered":"<p>\u25cf 1D \u00c7ok Y\u00f6nl\u00fc Lazer Barkod Okuyucu\u25cf 32 Tarama \u00c7izgisi\u25cf Saniyede 2400 Tarama\u25cf 0 ~ 216 mm okuma mesafesi\u25cf\u00a0Tek \u00e7izgili olarak da kullanabilme\u25cf\u00a0\u00c7ift Lazer Engine &nbsp;\u0130\u015flemsel &nbsp;I\u015f\u0131k kayna\u011f\u0131 \u00c7ift&nbsp;650 nm g\u00f6r\u00fclebilir lazer diyod (VLD) &nbsp;Tarama \u00e7izgi say\u0131s\u0131 32&nbsp;lazer \u00e7izgisi &nbsp;Tarama Deseni 8 y\u00f6nl\u00fc tarama deseni &nbsp;Tarama Uzakl\u0131\u011f\u0131 0 &#8211; 216 mm (UPC\/EAN 100%) &nbsp;Tarama H\u0131z\u0131 [&hellip;]<\/p>\n","protected":false},"author":1,"featured_media":0,"parent":748,"menu_order":0,"comment_status":"closed","ping_status":"closed","template":"","meta":[],"yoast_head":"<!-- This site is optimized with the Yoast SEO plugin v15.7 - https:\/\/yoast.com\/wordpress\/plugins\/seo\/ -->\n<title>Zebex Z-6070 \u00c7ok Y\u00f6nl\u00fc Lazer Barkod Okuyucu - Crea Barkod<\/title>\n<meta name=\"robots\" content=\"index, follow, max-snippet:-1, max-image-preview:large, max-video-preview:-1\" \/>\n<link rel=\"canonical\" href=\"http:\/\/www.creabarkod.com\/?page_id=880\" \/>\n<meta property=\"og:locale\" content=\"tr_TR\" \/>\n<meta property=\"og:type\" content=\"article\" \/>\n<meta property=\"og:title\" content=\"Zebex Z-6070 \u00c7ok Y\u00f6nl\u00fc Lazer Barkod Okuyucu - Crea Barkod\" \/>\n<meta property=\"og:description\" content=\"\u25cf 1D \u00c7ok Y\u00f6nl\u00fc Lazer Barkod Okuyucu\u25cf 32 Tarama \u00c7izgisi\u25cf Saniyede 2400 Tarama\u25cf 0 ~ 216 mm okuma mesafesi\u25cf\u00a0Tek \u00e7izgili olarak da kullanabilme\u25cf\u00a0\u00c7ift Lazer Engine &nbsp;\u0130\u015flemsel &nbsp;I\u015f\u0131k kayna\u011f\u0131 \u00c7ift&nbsp;650 nm g\u00f6r\u00fclebilir lazer diyod (VLD) &nbsp;Tarama \u00e7izgi say\u0131s\u0131 32&nbsp;lazer \u00e7izgisi &nbsp;Tarama Deseni 8 y\u00f6nl\u00fc tarama deseni &nbsp;Tarama Uzakl\u0131\u011f\u0131 0 &#8211; 216 mm (UPC\/EAN 100%) &nbsp;Tarama H\u0131z\u0131 [&hellip;]\" \/>\n<meta property=\"og:url\" content=\"http:\/\/www.creabarkod.com\/?page_id=880\" \/>\n<meta property=\"og:site_name\" content=\"Crea Barkod\" \/>\n<meta property=\"article:modified_time\" content=\"2019-06-20T10:56:08+00:00\" \/>\n<meta property=\"og:image\" content=\"http:\/\/www.creabarkod.com\/wp-content\/uploads\/2019\/06\/Zebex-Z-6070-\u00c7ok-Y\u00f6nl\u00fc-Lazer-Barkod-Okuyucu-1.jpg\" \/>\n<meta name=\"twitter:card\" content=\"summary_large_image\" \/>\n<meta name=\"twitter:label1\" content=\"Tahmini okuma s\u00fcresi\">\n\t<meta name=\"twitter:data1\" content=\"1 dakika\">\n<script type=\"application\/ld+json\" class=\"yoast-schema-graph\">{\"@context\":\"https:\/\/schema.org\",\"@graph\":[{\"@type\":\"WebSite\",\"@id\":\"http:\/\/www.creabarkod.com\/#website\",\"url\":\"http:\/\/www.creabarkod.com\/\",\"name\":\"Crea Barkod\",\"description\":\"\",\"potentialAction\":[{\"@type\":\"SearchAction\",\"target\":\"http:\/\/www.creabarkod.com\/?s={search_term_string}\",\"query-input\":\"required name=search_term_string\"}],\"inLanguage\":\"tr\"},{\"@type\":\"ImageObject\",\"@id\":\"http:\/\/www.creabarkod.com\/?page_id=880#primaryimage\",\"inLanguage\":\"tr\",\"url\":\"http:\/\/www.creabarkod.com\/wp-content\/uploads\/2019\/06\/Zebex-Z-6070-\\u00c7ok-Y\\u00f6nl\\u00fc-Lazer-Barkod-Okuyucu-1.jpg\",\"width\":500,\"height\":500,\"caption\":\"Zebex Z-6070 \\u00c7ok Y\\u00f6nl\\u00fc Lazer Barkod Okuyucu\"},{\"@type\":\"WebPage\",\"@id\":\"http:\/\/www.creabarkod.com\/?page_id=880#webpage\",\"url\":\"http:\/\/www.creabarkod.com\/?page_id=880\",\"name\":\"Zebex Z-6070 \\u00c7ok Y\\u00f6nl\\u00fc Lazer Barkod Okuyucu - Crea Barkod\",\"isPartOf\":{\"@id\":\"http:\/\/www.creabarkod.com\/#website\"},\"primaryImageOfPage\":{\"@id\":\"http:\/\/www.creabarkod.com\/?page_id=880#primaryimage\"},\"datePublished\":\"2019-06-20T10:53:46+00:00\",\"dateModified\":\"2019-06-20T10:56:08+00:00\",\"inLanguage\":\"tr\",\"potentialAction\":[{\"@type\":\"ReadAction\",\"target\":[\"http:\/\/www.creabarkod.com\/?page_id=880\"]}]}]}<\/script>\n<!-- \/ Yoast SEO plugin. -->","_links":{"self":[{"href":"http:\/\/www.creabarkod.com\/index.php?rest_route=\/wp\/v2\/pages\/880"}],"collection":[{"href":"http:\/\/www.creabarkod.com\/index.php?rest_route=\/wp\/v2\/pages"}],"about":[{"href":"http:\/\/www.creabarkod.com\/index.php?rest_route=\/wp\/v2\/types\/page"}],"author":[{"embeddable":true,"href":"http:\/\/www.creabarkod.com\/index.php?rest_route=\/wp\/v2\/users\/1"}],"replies":[{"embeddable":true,"href":"http:\/\/www.creabarkod.com\/index.php?rest_route=%2Fwp%2Fv2%2Fcomments&post=880"}],"version-history":[{"count":1,"href":"http:\/\/www.creabarkod.com\/index.php?rest_route=\/wp\/v2\/pages\/880\/revisions"}],"predecessor-version":[{"id":882,"href":"http:\/\/www.creabarkod.com\/index.php?rest_route=\/wp\/v2\/pages\/880\/revisions\/882"}],"up":[{"embeddable":true,"href":"http:\/\/www.creabarkod.com\/index.php?rest_route=\/wp\/v2\/pages\/748"}],"wp:attachment":[{"href":"http:\/\/www.creabarkod.com\/index.php?rest_route=%2Fwp%2Fv2%2Fmedia&parent=880"}],"curies":[{"name":"wp","href":"https:\/\/api.w.org\/{rel}","templated":true}]}}