{"id":871,"date":"2019-06-20T10:50:09","date_gmt":"2019-06-20T10:50:09","guid":{"rendered":"http:\/\/www.creabarkod.com\/?page_id=871"},"modified":"2019-06-20T10:56:08","modified_gmt":"2019-06-20T10:56:08","slug":"palmx-xl-2024-cok-yonlu-lazer-barkod-okuyucu","status":"publish","type":"page","link":"http:\/\/www.creabarkod.com\/?page_id=871","title":{"rendered":"Palmx XL-2024 \u00c7ok Y\u00f6nl\u00fc Lazer Barkod Okuyucu"},"content":{"rendered":"\n<ul class=\"wp-block-gallery columns-2 is-cropped\"><li class=\"blocks-gallery-item\"><figure><a href=\"http:\/\/www.creabarkod.com\/wp-content\/uploads\/2019\/06\/Palmx-XL-2024-\u00c7ok-Y\u00f6nl\u00fc-Lazer-Barkod-Okuyucu-1-1.jpg\"><img loading=\"lazy\" width=\"500\" height=\"500\" src=\"http:\/\/www.creabarkod.com\/wp-content\/uploads\/2019\/06\/Palmx-XL-2024-\u00c7ok-Y\u00f6nl\u00fc-Lazer-Barkod-Okuyucu-1-1.jpg\" alt=\"Palmx XL-2024 \u00c7ok Y\u00f6nl\u00fc Lazer Barkod Okuyucu\" data-id=\"872\" data-link=\"http:\/\/www.creabarkod.com\/?attachment_id=872\" class=\"wp-image-872\" srcset=\"http:\/\/www.creabarkod.com\/wp-content\/uploads\/2019\/06\/Palmx-XL-2024-\u00c7ok-Y\u00f6nl\u00fc-Lazer-Barkod-Okuyucu-1-1.jpg 500w, http:\/\/www.creabarkod.com\/wp-content\/uploads\/2019\/06\/Palmx-XL-2024-\u00c7ok-Y\u00f6nl\u00fc-Lazer-Barkod-Okuyucu-1-1-150x150.jpg 150w, http:\/\/www.creabarkod.com\/wp-content\/uploads\/2019\/06\/Palmx-XL-2024-\u00c7ok-Y\u00f6nl\u00fc-Lazer-Barkod-Okuyucu-1-1-300x300.jpg 300w\" sizes=\"(max-width: 500px) 100vw, 500px\" \/><\/a><\/figure><\/li><li class=\"blocks-gallery-item\"><figure><a href=\"http:\/\/www.creabarkod.com\/wp-content\/uploads\/2019\/06\/Palmx-XL-2024-\u00c7ok-Y\u00f6nl\u00fc-Lazer-Barkod-Okuyucu-2.jpg\"><img loading=\"lazy\" width=\"500\" height=\"500\" src=\"http:\/\/www.creabarkod.com\/wp-content\/uploads\/2019\/06\/Palmx-XL-2024-\u00c7ok-Y\u00f6nl\u00fc-Lazer-Barkod-Okuyucu-2.jpg\" alt=\"Palmx XL-2024 \u00c7ok Y\u00f6nl\u00fc Lazer Barkod Okuyucu\" data-id=\"873\" data-link=\"http:\/\/www.creabarkod.com\/?attachment_id=873\" class=\"wp-image-873\" srcset=\"http:\/\/www.creabarkod.com\/wp-content\/uploads\/2019\/06\/Palmx-XL-2024-\u00c7ok-Y\u00f6nl\u00fc-Lazer-Barkod-Okuyucu-2.jpg 500w, http:\/\/www.creabarkod.com\/wp-content\/uploads\/2019\/06\/Palmx-XL-2024-\u00c7ok-Y\u00f6nl\u00fc-Lazer-Barkod-Okuyucu-2-150x150.jpg 150w, http:\/\/www.creabarkod.com\/wp-content\/uploads\/2019\/06\/Palmx-XL-2024-\u00c7ok-Y\u00f6nl\u00fc-Lazer-Barkod-Okuyucu-2-300x300.jpg 300w\" sizes=\"(max-width: 500px) 100vw, 500px\" \/><\/a><\/figure><\/li><\/ul>\n\n\n\n<p>\u25cf 1D \u00c7ok Y\u00f6nl\u00fc Lazer Barkod Okuyucu<br>\u25cf 24 Tarama \u00c7izgisi<br>\u25cf 5 Mil \u00c7\u00f6z\u00fcn\u00fcrl\u00fck<br>\u25cf Saniyede 1620 Tarama<br>\u25cf 0 ~ 250 mm okuma mesafesi <\/p>\n\n\n\n<table class=\"wp-block-table\"><tbody><tr><td><strong>&nbsp;\u0130\u015flemsel<\/strong><\/td><\/tr><tr><td>&nbsp;I\u015f\u0131k kayna\u011f\u0131<\/td><td>650 nm g\u00f6r\u00fclebilir lazer diyod (VLD)<\/td><\/tr><tr><td>&nbsp;Tarama \u00e7izgi say\u0131s\u0131<\/td><td>24 lazer \u00e7izgisi<\/td><\/tr><tr><td>&nbsp;Tarama Deseni<\/td><td>6 y\u00f6nl\u00fc tarama deseni<\/td><\/tr><tr><td>&nbsp;Tarama Uzakl\u0131\u011f\u0131<\/td><td>0 ~ 250 mm (UPC\/EAN 100%)<\/td><\/tr><tr><td>&nbsp;Tarama H\u0131z\u0131<\/td><td>1620 tarama\/sn<\/td><\/tr><tr><td>&nbsp;Minimum Bar Geni\u015fli\u011fi<\/td><td>0.125 mm (5 mil) @ PCS 90%<\/td><\/tr><tr><td>&nbsp;Bask\u0131 Kontrast\u0131<\/td><td>30% @UPC\/EAN 100%<\/td><\/tr><tr><td>&nbsp;G\u00f6stergeler (LED)<\/td><td>Mavi ve K\u0131rm\u0131z\u0131 LED<\/td><\/tr><tr><td>&nbsp;Ses Tonu<\/td><td>Programlanabilir beep tonu ve s\u00fcresi<\/td><\/tr><tr><td>&nbsp;Sistem Arabirimleri<\/td><td>Klavye, Seri (RS-232C), USB HID<\/td><\/tr><tr><td><strong>&nbsp;Fiziksel<\/strong><\/td><td>&nbsp;<\/td><\/tr><tr><td>&nbsp;Y\u00fckseklik<\/td><td>152 mm<\/td><\/tr><tr><td>&nbsp;Derinlik<\/td><td>75 mm<\/td><\/tr><tr><td>&nbsp;Geni\u015flik<\/td><td>152 mm<\/td><\/tr><tr><td>&nbsp;A\u011f\u0131rl\u0131k<\/td><td>576 gram<\/td><\/tr><tr><td>&nbsp;Kablo<\/td><td>Standart 2 metre d\u00fcz kablo<\/td><\/tr><tr><td><strong>&nbsp;Elektriksel<\/strong><\/td><td>&nbsp;<\/td><\/tr><tr><td>&nbsp;Giri\u015f Voltaj\u0131<\/td><td>9V DC<\/td><\/tr><tr><td>&nbsp;\u00c7al\u0131\u015fma Ak\u0131m\u0131<\/td><td>430 mA<\/td><\/tr><tr><td>&nbsp;EMC<\/td><td>CE ve FCC DOC Uyumlu<\/td><\/tr><tr><td><strong>&nbsp;\u00c7evresel<\/strong><\/td><td>&nbsp;<\/td><\/tr><tr><td>&nbsp;\u00c7al\u0131\u015fma S\u0131cakl\u0131\u011f\u0131<\/td><td>0\u00b0C ~ 45\u00b0C<\/td><\/tr><tr><td>&nbsp;Muhafaza S\u0131cakl\u0131\u011f\u0131<\/td><td>-20 \u00b0C ~ 60 \u00b0C<\/td><\/tr><tr><td>&nbsp;Nem<\/td><td>5% ~ 85% (Yo\u011funla\u015fmas\u0131z)<\/td><\/tr><tr><td>&nbsp;I\u015f\u0131k Seviyesi<\/td><td>Max 10.000 Lux<\/td><\/tr><tr><td>&nbsp;Darbe dayan\u0131kl\u0131l\u0131\u011f\u0131<\/td><td>1,5 metre<\/td><\/tr><tr><td><strong>&nbsp;Desteklenen&nbsp;<\/strong><strong>Barkod Tipleri<\/strong><\/td><td>&nbsp;<\/td><\/tr><tr><td>&nbsp;Standart<\/td><td>UPC\/EAN\/JAN, UPC\/EAN with Supplementary, JAN 8 &amp; JAN 13, ISBN\/ISSN, EAN, Code 39, Code 39 with full ASCII, Code 93, Code 128, Codabar (NM7), Trioptic Code 39, MSI\/Plessey, GS1 Code, Interleaved 2 of 5, Addendum 2 of 5, IATA Code, China Postal Code, Code 32, Industrial 2 of 5, Standart 2 of 5, Discrete 2 of 5, Matrix 2 of 5, Code 11, UPC\/EAN RSS, RSS Variants<\/td><\/tr><\/tbody><\/table>\n","protected":false},"excerpt":{"rendered":"<p>\u25cf 1D \u00c7ok Y\u00f6nl\u00fc Lazer Barkod Okuyucu\u25cf 24 Tarama \u00c7izgisi\u25cf 5 Mil \u00c7\u00f6z\u00fcn\u00fcrl\u00fck\u25cf Saniyede 1620 Tarama\u25cf 0 ~ 250 mm okuma mesafesi &nbsp;\u0130\u015flemsel &nbsp;I\u015f\u0131k kayna\u011f\u0131 650 nm g\u00f6r\u00fclebilir lazer diyod (VLD) &nbsp;Tarama \u00e7izgi say\u0131s\u0131 24 lazer \u00e7izgisi &nbsp;Tarama Deseni 6 y\u00f6nl\u00fc tarama deseni &nbsp;Tarama Uzakl\u0131\u011f\u0131 0 ~ 250 mm (UPC\/EAN 100%) &nbsp;Tarama H\u0131z\u0131 1620 tarama\/sn [&hellip;]<\/p>\n","protected":false},"author":1,"featured_media":0,"parent":748,"menu_order":0,"comment_status":"closed","ping_status":"closed","template":"","meta":[],"yoast_head":"<!-- This site is optimized with the Yoast SEO plugin v15.7 - https:\/\/yoast.com\/wordpress\/plugins\/seo\/ -->\n<title>Palmx XL-2024 \u00c7ok Y\u00f6nl\u00fc Lazer Barkod Okuyucu - Crea Barkod<\/title>\n<meta name=\"robots\" content=\"index, follow, max-snippet:-1, max-image-preview:large, max-video-preview:-1\" \/>\n<link rel=\"canonical\" href=\"http:\/\/www.creabarkod.com\/?page_id=871\" \/>\n<meta property=\"og:locale\" content=\"tr_TR\" \/>\n<meta property=\"og:type\" content=\"article\" \/>\n<meta property=\"og:title\" content=\"Palmx XL-2024 \u00c7ok Y\u00f6nl\u00fc Lazer Barkod Okuyucu - Crea Barkod\" \/>\n<meta property=\"og:description\" content=\"\u25cf 1D \u00c7ok Y\u00f6nl\u00fc Lazer Barkod Okuyucu\u25cf 24 Tarama \u00c7izgisi\u25cf 5 Mil \u00c7\u00f6z\u00fcn\u00fcrl\u00fck\u25cf Saniyede 1620 Tarama\u25cf 0 ~ 250 mm okuma mesafesi &nbsp;\u0130\u015flemsel &nbsp;I\u015f\u0131k kayna\u011f\u0131 650 nm g\u00f6r\u00fclebilir lazer diyod (VLD) &nbsp;Tarama \u00e7izgi say\u0131s\u0131 24 lazer \u00e7izgisi &nbsp;Tarama Deseni 6 y\u00f6nl\u00fc tarama deseni &nbsp;Tarama Uzakl\u0131\u011f\u0131 0 ~ 250 mm (UPC\/EAN 100%) &nbsp;Tarama H\u0131z\u0131 1620 tarama\/sn [&hellip;]\" \/>\n<meta property=\"og:url\" content=\"http:\/\/www.creabarkod.com\/?page_id=871\" \/>\n<meta property=\"og:site_name\" content=\"Crea Barkod\" \/>\n<meta property=\"article:modified_time\" content=\"2019-06-20T10:56:08+00:00\" \/>\n<meta property=\"og:image\" content=\"http:\/\/www.creabarkod.com\/wp-content\/uploads\/2019\/06\/Palmx-XL-2024-\u00c7ok-Y\u00f6nl\u00fc-Lazer-Barkod-Okuyucu-1-1.jpg\" \/>\n<meta name=\"twitter:card\" content=\"summary_large_image\" \/>\n<meta name=\"twitter:label1\" content=\"Tahmini okuma s\u00fcresi\">\n\t<meta name=\"twitter:data1\" content=\"1 dakika\">\n<script type=\"application\/ld+json\" class=\"yoast-schema-graph\">{\"@context\":\"https:\/\/schema.org\",\"@graph\":[{\"@type\":\"WebSite\",\"@id\":\"http:\/\/www.creabarkod.com\/#website\",\"url\":\"http:\/\/www.creabarkod.com\/\",\"name\":\"Crea Barkod\",\"description\":\"\",\"potentialAction\":[{\"@type\":\"SearchAction\",\"target\":\"http:\/\/www.creabarkod.com\/?s={search_term_string}\",\"query-input\":\"required name=search_term_string\"}],\"inLanguage\":\"tr\"},{\"@type\":\"ImageObject\",\"@id\":\"http:\/\/www.creabarkod.com\/?page_id=871#primaryimage\",\"inLanguage\":\"tr\",\"url\":\"http:\/\/www.creabarkod.com\/wp-content\/uploads\/2019\/06\/Palmx-XL-2024-\\u00c7ok-Y\\u00f6nl\\u00fc-Lazer-Barkod-Okuyucu-1-1.jpg\",\"width\":500,\"height\":500,\"caption\":\"Palmx XL-2024 \\u00c7ok Y\\u00f6nl\\u00fc Lazer Barkod Okuyucu\"},{\"@type\":\"WebPage\",\"@id\":\"http:\/\/www.creabarkod.com\/?page_id=871#webpage\",\"url\":\"http:\/\/www.creabarkod.com\/?page_id=871\",\"name\":\"Palmx XL-2024 \\u00c7ok Y\\u00f6nl\\u00fc Lazer Barkod Okuyucu - Crea Barkod\",\"isPartOf\":{\"@id\":\"http:\/\/www.creabarkod.com\/#website\"},\"primaryImageOfPage\":{\"@id\":\"http:\/\/www.creabarkod.com\/?page_id=871#primaryimage\"},\"datePublished\":\"2019-06-20T10:50:09+00:00\",\"dateModified\":\"2019-06-20T10:56:08+00:00\",\"inLanguage\":\"tr\",\"potentialAction\":[{\"@type\":\"ReadAction\",\"target\":[\"http:\/\/www.creabarkod.com\/?page_id=871\"]}]}]}<\/script>\n<!-- \/ Yoast SEO plugin. -->","_links":{"self":[{"href":"http:\/\/www.creabarkod.com\/index.php?rest_route=\/wp\/v2\/pages\/871"}],"collection":[{"href":"http:\/\/www.creabarkod.com\/index.php?rest_route=\/wp\/v2\/pages"}],"about":[{"href":"http:\/\/www.creabarkod.com\/index.php?rest_route=\/wp\/v2\/types\/page"}],"author":[{"embeddable":true,"href":"http:\/\/www.creabarkod.com\/index.php?rest_route=\/wp\/v2\/users\/1"}],"replies":[{"embeddable":true,"href":"http:\/\/www.creabarkod.com\/index.php?rest_route=%2Fwp%2Fv2%2Fcomments&post=871"}],"version-history":[{"count":1,"href":"http:\/\/www.creabarkod.com\/index.php?rest_route=\/wp\/v2\/pages\/871\/revisions"}],"predecessor-version":[{"id":874,"href":"http:\/\/www.creabarkod.com\/index.php?rest_route=\/wp\/v2\/pages\/871\/revisions\/874"}],"up":[{"embeddable":true,"href":"http:\/\/www.creabarkod.com\/index.php?rest_route=\/wp\/v2\/pages\/748"}],"wp:attachment":[{"href":"http:\/\/www.creabarkod.com\/index.php?rest_route=%2Fwp%2Fv2%2Fmedia&parent=871"}],"curies":[{"name":"wp","href":"https:\/\/api.w.org\/{rel}","templated":true}]}}