{"id":855,"date":"2019-06-20T10:37:27","date_gmt":"2019-06-20T10:37:27","guid":{"rendered":"http:\/\/www.creabarkod.com\/?page_id=855"},"modified":"2019-06-20T10:39:16","modified_gmt":"2019-06-20T10:39:16","slug":"zebex-z-3151hs-tek-cizgili-lazer-barkod-okuyucu","status":"publish","type":"page","link":"http:\/\/www.creabarkod.com\/?page_id=855","title":{"rendered":"Zebex Z-3151HS Tek \u00c7izgili Lazer Barkod Okuyucu"},"content":{"rendered":"\n<figure class=\"wp-block-image is-resized\"><a href=\"http:\/\/www.creabarkod.com\/wp-content\/uploads\/2019\/06\/Zebex-Z-3151HS-Tek-\u00c7izgili-Lazer-Barkod-Okuyucu-1.jpg\"><img loading=\"lazy\" src=\"http:\/\/www.creabarkod.com\/wp-content\/uploads\/2019\/06\/Zebex-Z-3151HS-Tek-\u00c7izgili-Lazer-Barkod-Okuyucu-1.jpg\" alt=\"Zebex Z-3151HS Tek \u00c7izgili Lazer Barkod Okuyucu\" class=\"wp-image-856\" width=\"250\" height=\"250\" srcset=\"http:\/\/www.creabarkod.com\/wp-content\/uploads\/2019\/06\/Zebex-Z-3151HS-Tek-\u00c7izgili-Lazer-Barkod-Okuyucu-1.jpg 500w, http:\/\/www.creabarkod.com\/wp-content\/uploads\/2019\/06\/Zebex-Z-3151HS-Tek-\u00c7izgili-Lazer-Barkod-Okuyucu-1-150x150.jpg 150w, http:\/\/www.creabarkod.com\/wp-content\/uploads\/2019\/06\/Zebex-Z-3151HS-Tek-\u00c7izgili-Lazer-Barkod-Okuyucu-1-300x300.jpg 300w\" sizes=\"(max-width: 250px) 100vw, 250px\" \/><\/a><\/figure>\n\n\n\n<p>\u25cf Tek \u00c7izgili 1D Lazer barkod okuyucu<br>\u25cf GS1-Databar ve PDF417 Barkodlar\u0131 Okuyabilme<br>\u25cf Tetiksiz kullanabilme<br>\u25cf Saniyede 500 Tarama<br>\u25cf 0,127 mm (5 mil) \u00e7\u00f6z\u00fcn\u00fcrl\u00fck<br>\u25cf 15 ~ 350 mm okuma mesafesi<br>\u25cf USB, Klavye (PS\/2), Seri Port,USB Virtual COM, WAND, Opos ve JPos Deste\u011fi <\/p>\n\n\n\n<table class=\"wp-block-table\"><tbody><tr><td><strong>&nbsp;\u0130\u015flemsel<\/strong><\/td><\/tr><tr><td>&nbsp;I\u015f\u0131k kayna\u011f\u0131<\/td><td>650 nm g\u00f6r\u00fclebilir lazer diyod (VLD)<\/td><\/tr><tr><td>&nbsp;Mikroi\u015flemci<\/td><td>32 Bit<\/td><\/tr><tr><td>&nbsp;Tarama \u00e7izgi say\u0131s\u0131<\/td><td>Tek tarama \u00e7izgisi<\/td><\/tr><tr><td>&nbsp;Tarama a\u00e7\u0131s\u0131<\/td><td>52\u00b0<\/td><\/tr><tr><td>&nbsp;Tarama uzakl\u0131\u011f\u0131<\/td><td>15&nbsp;~ 350 mm (UPC\/EAN 100%)<\/td><\/tr><tr><td>&nbsp;Tarama H\u0131z\u0131<\/td><td>500 tarama\/saniye<\/td><\/tr><tr><td>&nbsp;Minimum Bar Geni\u015fli\u011fi<\/td><td>0.125 mm (5 mil) @ PCS 90%<\/td><\/tr><tr><td>&nbsp;Bask\u0131 Kontrast\u0131<\/td><td>30% @UPC\/EAN 100%<\/td><\/tr><tr><td>&nbsp;G\u00f6stergeler (LED)<\/td><td>Ye\u015fil, K\u0131rm\u0131z\u0131 ve Mavi LED<\/td><\/tr><tr><td>&nbsp;Ses Tonu<\/td><td>Programlanabilir beep tonu ve s\u00fcresi<\/td><\/tr><tr><td>&nbsp;Sistem Arabirimleri<\/td><td>Klavye, Seri (RS-232C) Port, USB HID ve Wand<\/td><\/tr><tr><td><strong>&nbsp;Fiziksel<\/strong><\/td><td>&nbsp;<\/td><\/tr><tr><td>&nbsp;Y\u00fckseklik<\/td><td>107,8 mm<\/td><\/tr><tr><td>&nbsp;Derinlik<\/td><td>155,2 mm<\/td><\/tr><tr><td>&nbsp;Geni\u015flik<\/td><td>58,3 mm<\/td><\/tr><tr><td>&nbsp;A\u011f\u0131rl\u0131k<\/td><td>130 gr (Stand-Ayak Hari\u00e7)<\/td><\/tr><tr><td>&nbsp;Kablo<\/td><td>Standart 2 metre d\u00fcz kablo<\/td><\/tr><tr><td><strong>&nbsp;Elektriksel<\/strong><\/td><td>&nbsp;<\/td><\/tr><tr><td>&nbsp;Giri\u015f Voltaj\u0131<\/td><td>5VDC (\u00b1%10)<\/td><\/tr><tr><td>&nbsp;\u00c7al\u0131\u015fma Ak\u0131m\u0131<\/td><td>250 mA<\/td><\/tr><tr><td>&nbsp;G\u00fc\u00e7 T\u00fcketimi<\/td><td>1,25 Watts<\/td><\/tr><tr><td>&nbsp;Lazer S\u0131n\u0131f\u0131<\/td><td>CDRH Class IIa; IEC 60825-1: Class 1<\/td><\/tr><tr><td>&nbsp;EMC<\/td><td>CE &amp; FCC Doc uyumlu, VCCI, BSMI<\/td><\/tr><tr><td><strong>&nbsp;\u00c7evresel<\/strong><\/td><td>&nbsp;<\/td><\/tr><tr><td>&nbsp;\u00c7al\u0131\u015fma S\u0131cakl\u0131\u011f\u0131<\/td><td>0\u00b0C ~ 40\u00b0C<\/td><\/tr><tr><td>&nbsp;Muhafaza S\u0131cakl\u0131\u011f\u0131<\/td><td>-20 \u00b0C ~ 60 \u00b0C<\/td><\/tr><tr><td>&nbsp;Nem<\/td><td>%5 ~ %95 (Yo\u011funla\u015fmas\u0131z)<\/td><\/tr><tr><td>&nbsp;I\u015f\u0131k Seviyesi<\/td><td>4.500 Lux (floresans)<\/td><\/tr><tr><td>&nbsp;D\u00fc\u015fme dayan\u0131kl\u0131l\u0131\u011f\u0131<\/td><td>1 metre<\/td><\/tr><tr><td><strong>&nbsp;Okuma Aral\u0131klar\u0131<\/strong><\/td><td>&nbsp;<\/td><\/tr><tr><td>&nbsp;Tarama mesafeleri<\/td><td>5 mil<\/td><td>50 mm&nbsp; ~ 110 mm<\/td><\/tr><tr><td>7,5 mil<\/td><td>30 mm&nbsp; ~ 150 mm<\/td><\/tr><tr><td>10 mil<\/td><td>30 mm&nbsp; ~ 180 mm<\/td><\/tr><tr><td>13 mil<\/td><td>35 mm&nbsp; ~ 210 mm<\/td><\/tr><tr><td>20 mil<\/td><td>15 mm&nbsp; ~ 350 mm<\/td><\/tr><tr><td><strong>&nbsp;Desteklenen&nbsp;<\/strong><strong>Barkod Tipleri<\/strong><\/td><td>&nbsp;<\/td><\/tr><tr><td>1D<\/td><td>UPC\/EAN\/JAN, UPC-A &amp; UPC-E, EAN-8, EAN-13, JAN-8, &amp; JAN-13, ISBN\/ISSN, Code 39, Codabar, Code 128, EAN 128, Code 93, ITF, Addendum 2 of 5, IATA Code, MSI\/Plessey, China Postal Code,&nbsp;<br>Code 32, Industrial 2 of 5, Standart 2 of 5, DTF, JAP, Code 11, RSS 14, RSS Limited, RSS Expanded, Telepen<\/td><\/tr><tr><td>2D<\/td><td>PDF417<\/td><\/tr><\/tbody><\/table>\n","protected":false},"excerpt":{"rendered":"<p>\u25cf Tek \u00c7izgili 1D Lazer barkod okuyucu\u25cf GS1-Databar ve PDF417 Barkodlar\u0131 Okuyabilme\u25cf Tetiksiz kullanabilme\u25cf Saniyede 500 Tarama\u25cf 0,127 mm (5 mil) \u00e7\u00f6z\u00fcn\u00fcrl\u00fck\u25cf 15 ~ 350 mm okuma mesafesi\u25cf USB, Klavye (PS\/2), Seri Port,USB Virtual COM, WAND, Opos ve JPos Deste\u011fi &nbsp;\u0130\u015flemsel &nbsp;I\u015f\u0131k kayna\u011f\u0131 650 nm g\u00f6r\u00fclebilir lazer diyod (VLD) &nbsp;Mikroi\u015flemci 32 Bit &nbsp;Tarama \u00e7izgi say\u0131s\u0131 [&hellip;]<\/p>\n","protected":false},"author":1,"featured_media":0,"parent":762,"menu_order":0,"comment_status":"closed","ping_status":"closed","template":"","meta":[],"yoast_head":"<!-- This site is optimized with the Yoast SEO plugin v15.7 - https:\/\/yoast.com\/wordpress\/plugins\/seo\/ -->\n<title>Zebex Z-3151HS Tek \u00c7izgili Lazer Barkod Okuyucu - Crea Barkod<\/title>\n<meta name=\"robots\" content=\"index, follow, max-snippet:-1, max-image-preview:large, max-video-preview:-1\" \/>\n<link rel=\"canonical\" href=\"http:\/\/www.creabarkod.com\/?page_id=855\" \/>\n<meta property=\"og:locale\" content=\"tr_TR\" \/>\n<meta property=\"og:type\" content=\"article\" \/>\n<meta property=\"og:title\" content=\"Zebex Z-3151HS Tek \u00c7izgili Lazer Barkod Okuyucu - Crea Barkod\" \/>\n<meta property=\"og:description\" content=\"\u25cf Tek \u00c7izgili 1D Lazer barkod okuyucu\u25cf GS1-Databar ve PDF417 Barkodlar\u0131 Okuyabilme\u25cf Tetiksiz kullanabilme\u25cf Saniyede 500 Tarama\u25cf 0,127 mm (5 mil) \u00e7\u00f6z\u00fcn\u00fcrl\u00fck\u25cf 15 ~ 350 mm okuma mesafesi\u25cf USB, Klavye (PS\/2), Seri Port,USB Virtual COM, WAND, Opos ve JPos Deste\u011fi &nbsp;\u0130\u015flemsel &nbsp;I\u015f\u0131k kayna\u011f\u0131 650 nm g\u00f6r\u00fclebilir lazer diyod (VLD) &nbsp;Mikroi\u015flemci 32 Bit &nbsp;Tarama \u00e7izgi say\u0131s\u0131 [&hellip;]\" \/>\n<meta property=\"og:url\" content=\"http:\/\/www.creabarkod.com\/?page_id=855\" \/>\n<meta property=\"og:site_name\" content=\"Crea Barkod\" \/>\n<meta property=\"article:modified_time\" content=\"2019-06-20T10:39:16+00:00\" \/>\n<meta property=\"og:image\" content=\"http:\/\/www.creabarkod.com\/wp-content\/uploads\/2019\/06\/Zebex-Z-3151HS-Tek-\u00c7izgili-Lazer-Barkod-Okuyucu-1.jpg\" \/>\n<meta name=\"twitter:card\" content=\"summary_large_image\" \/>\n<meta name=\"twitter:label1\" content=\"Tahmini okuma s\u00fcresi\">\n\t<meta name=\"twitter:data1\" content=\"2 dakika\">\n<script type=\"application\/ld+json\" class=\"yoast-schema-graph\">{\"@context\":\"https:\/\/schema.org\",\"@graph\":[{\"@type\":\"WebSite\",\"@id\":\"http:\/\/www.creabarkod.com\/#website\",\"url\":\"http:\/\/www.creabarkod.com\/\",\"name\":\"Crea Barkod\",\"description\":\"\",\"potentialAction\":[{\"@type\":\"SearchAction\",\"target\":\"http:\/\/www.creabarkod.com\/?s={search_term_string}\",\"query-input\":\"required name=search_term_string\"}],\"inLanguage\":\"tr\"},{\"@type\":\"ImageObject\",\"@id\":\"http:\/\/www.creabarkod.com\/?page_id=855#primaryimage\",\"inLanguage\":\"tr\",\"url\":\"http:\/\/www.creabarkod.com\/wp-content\/uploads\/2019\/06\/Zebex-Z-3151HS-Tek-\\u00c7izgili-Lazer-Barkod-Okuyucu-1.jpg\",\"width\":500,\"height\":500,\"caption\":\"Zebex Z-3151HS Tek \\u00c7izgili Lazer Barkod Okuyucu\"},{\"@type\":\"WebPage\",\"@id\":\"http:\/\/www.creabarkod.com\/?page_id=855#webpage\",\"url\":\"http:\/\/www.creabarkod.com\/?page_id=855\",\"name\":\"Zebex Z-3151HS Tek \\u00c7izgili Lazer Barkod Okuyucu - Crea Barkod\",\"isPartOf\":{\"@id\":\"http:\/\/www.creabarkod.com\/#website\"},\"primaryImageOfPage\":{\"@id\":\"http:\/\/www.creabarkod.com\/?page_id=855#primaryimage\"},\"datePublished\":\"2019-06-20T10:37:27+00:00\",\"dateModified\":\"2019-06-20T10:39:16+00:00\",\"inLanguage\":\"tr\",\"potentialAction\":[{\"@type\":\"ReadAction\",\"target\":[\"http:\/\/www.creabarkod.com\/?page_id=855\"]}]}]}<\/script>\n<!-- \/ Yoast SEO plugin. -->","_links":{"self":[{"href":"http:\/\/www.creabarkod.com\/index.php?rest_route=\/wp\/v2\/pages\/855"}],"collection":[{"href":"http:\/\/www.creabarkod.com\/index.php?rest_route=\/wp\/v2\/pages"}],"about":[{"href":"http:\/\/www.creabarkod.com\/index.php?rest_route=\/wp\/v2\/types\/page"}],"author":[{"embeddable":true,"href":"http:\/\/www.creabarkod.com\/index.php?rest_route=\/wp\/v2\/users\/1"}],"replies":[{"embeddable":true,"href":"http:\/\/www.creabarkod.com\/index.php?rest_route=%2Fwp%2Fv2%2Fcomments&post=855"}],"version-history":[{"count":1,"href":"http:\/\/www.creabarkod.com\/index.php?rest_route=\/wp\/v2\/pages\/855\/revisions"}],"predecessor-version":[{"id":857,"href":"http:\/\/www.creabarkod.com\/index.php?rest_route=\/wp\/v2\/pages\/855\/revisions\/857"}],"up":[{"embeddable":true,"href":"http:\/\/www.creabarkod.com\/index.php?rest_route=\/wp\/v2\/pages\/762"}],"wp:attachment":[{"href":"http:\/\/www.creabarkod.com\/index.php?rest_route=%2Fwp%2Fv2%2Fmedia&parent=855"}],"curies":[{"name":"wp","href":"https:\/\/api.w.org\/{rel}","templated":true}]}}