{"id":85,"date":"2019-02-11T11:56:24","date_gmt":"2019-02-11T11:56:24","guid":{"rendered":"http:\/\/www.creabarkod.com\/?page_id=85"},"modified":"2019-06-21T13:39:39","modified_gmt":"2019-06-21T13:39:39","slug":"cap-etiketleri","status":"publish","type":"page","link":"http:\/\/www.creabarkod.com\/?page_id=85","title":{"rendered":"\u00c7ap Etiketleri"},"content":{"rendered":"\n<div class=\"wp-block-image\"><figure class=\"aligncenter\"><img loading=\"lazy\" width=\"1024\" height=\"147\" src=\"http:\/\/www.creabarkod.com\/wp-content\/uploads\/2019\/02\/Crea_Etiket_Kesim_Makinesi-1024x147.png\" alt=\"Crea_Etiket_Kesim_Makinesi\" class=\"wp-image-89\" srcset=\"http:\/\/www.creabarkod.com\/wp-content\/uploads\/2019\/02\/Crea_Etiket_Kesim_Makinesi-1024x147.png 1024w, http:\/\/www.creabarkod.com\/wp-content\/uploads\/2019\/02\/Crea_Etiket_Kesim_Makinesi-300x43.png 300w, http:\/\/www.creabarkod.com\/wp-content\/uploads\/2019\/02\/Crea_Etiket_Kesim_Makinesi-768x110.png 768w, http:\/\/www.creabarkod.com\/wp-content\/uploads\/2019\/02\/Crea_Etiket_Kesim_Makinesi.png 1050w\" sizes=\"(max-width: 1024px) 100vw, 1024px\" \/><\/figure><\/div>\n\n\n\n<h3>\u00c7ap &#8211; Nokta Etiketleri<\/h3>\n\n\n\n<p>\u00c7ap etiketleri i\u015faretleme ama\u00e7l\u0131 kullan\u0131lmakta olup, \u00d8 10 mm&#8217; den \u00d8 100 mm&#8217; ye kadar 12 farkl\u0131 renkte \u00fcretilmektedir. <\/p>\n\n\n\n<figure class=\"wp-block-image is-resized\"><img loading=\"lazy\" src=\"http:\/\/www.creabarkod.com\/wp-content\/uploads\/2019\/06\/creabarkod_cap_etiketleri.jpg\" alt=\"Crea Barkod \u00c7ap Etiketleri\" class=\"wp-image-1230\" width=\"596\" height=\"199\" srcset=\"http:\/\/www.creabarkod.com\/wp-content\/uploads\/2019\/06\/creabarkod_cap_etiketleri.jpg 596w, http:\/\/www.creabarkod.com\/wp-content\/uploads\/2019\/06\/creabarkod_cap_etiketleri-300x100.jpg 300w\" sizes=\"(max-width: 596px) 100vw, 596px\" \/><\/figure>\n\n\n\n<ul class=\"wp-block-gallery columns-2 is-cropped\"><li class=\"blocks-gallery-item\"><figure><a href=\"http:\/\/www.creabarkod.com\/wp-content\/uploads\/2019\/06\/10mmK\u0131rm\u0131z\u0131.jpg\"><img loading=\"lazy\" width=\"1000\" height=\"694\" src=\"http:\/\/www.creabarkod.com\/wp-content\/uploads\/2019\/06\/10mmK\u0131rm\u0131z\u0131.jpg\" alt=\"Crea Barkod \u00c7ap Etiketi 1cm K\u0131rm\u0131z\u0131\" data-id=\"1231\" data-link=\"http:\/\/www.creabarkod.com\/?attachment_id=1231\" class=\"wp-image-1231\" srcset=\"http:\/\/www.creabarkod.com\/wp-content\/uploads\/2019\/06\/10mmK\u0131rm\u0131z\u0131.jpg 1000w, http:\/\/www.creabarkod.com\/wp-content\/uploads\/2019\/06\/10mmK\u0131rm\u0131z\u0131-300x208.jpg 300w, http:\/\/www.creabarkod.com\/wp-content\/uploads\/2019\/06\/10mmK\u0131rm\u0131z\u0131-768x533.jpg 768w\" sizes=\"(max-width: 1000px) 100vw, 1000px\" \/><\/a><\/figure><\/li><li class=\"blocks-gallery-item\"><figure><a href=\"http:\/\/www.creabarkod.com\/wp-content\/uploads\/2019\/06\/10mmPembe.jpg\"><img loading=\"lazy\" width=\"1000\" height=\"696\" src=\"http:\/\/www.creabarkod.com\/wp-content\/uploads\/2019\/06\/10mmPembe.jpg\" alt=\"Crea Barkod \u00c7ap Etiketi 1cm Pembe\" data-id=\"1232\" data-link=\"http:\/\/www.creabarkod.com\/?attachment_id=1232\" class=\"wp-image-1232\" srcset=\"http:\/\/www.creabarkod.com\/wp-content\/uploads\/2019\/06\/10mmPembe.jpg 1000w, http:\/\/www.creabarkod.com\/wp-content\/uploads\/2019\/06\/10mmPembe-300x209.jpg 300w, http:\/\/www.creabarkod.com\/wp-content\/uploads\/2019\/06\/10mmPembe-768x535.jpg 768w\" sizes=\"(max-width: 1000px) 100vw, 1000px\" \/><\/a><\/figure><\/li><\/ul>\n\n\n\n<h3>\u00dcr\u00fcn Detaylar\u0131 :<\/h3>\n\n\n\n<ul><li><strong>Boyutlar\u00a0:<\/strong>\u00a010 mm (1 cm),  20 mm (3 cm), 30 mm (3 cm),  40 mm (4 cm),  50 mm (5 cm), 60 mm (6 cm), 70 mm (7 cm),  80 mm (8 cm), 90 mm (9 cm), 100 mm (10 cm)<\/li><li><strong>\u00c7e\u015fitleri:<\/strong>\u00a0Ku\u015fe<\/li><li><strong>Renkler:<\/strong>\u00a0Beyaz, Sar\u0131, K\u0131rm\u0131z\u0131, Turuncu, Mor, Siyah, Ye\u015fil, A\u00e7\u0131k Ye\u015fil, Mavi, A\u00e7\u0131k Mavi, Lila, Pembe<\/li><\/ul>\n\n\n\n<ul><li><strong>WhatsApp&nbsp;ile&nbsp;<a href=\"https:\/\/wa.me\/+905362919091\">S\u0130PAR\u0130\u015e&nbsp;<\/a>verin&nbsp;veya&nbsp;<a href=\"https:\/\/wa.me\/+905362919091\">B\u0130LG\u0130&nbsp;<\/a>al\u0131n<\/strong><\/li><\/ul>\n\n\n<div class=\"foogallery foogallery-container foogallery-masonry foogallery-lightbox-none fg-center fg-masonry fg-light fg-border-thick fg-round-large fg-shadow-large fg-hover-grayscale fg-hover-scale fg-hover-fade fg-ready\" id=\"foogallery-gallery-155\" data-foogallery=\"{&quot;item&quot;:{&quot;showCaptionTitle&quot;:false,&quot;showCaptionDescription&quot;:false},&quot;lazy&quot;:true,&quot;src&quot;:&quot;data-src-fg&quot;,&quot;srcset&quot;:&quot;data-srcset-fg&quot;,&quot;template&quot;:{&quot;layout&quot;:&quot;fixed&quot;,&quot;columnWidth&quot;:150,&quot;gutter&quot;:10}}\" data-fg-common-fields=\"1\" >\r\n\t<div class=\"fg-item\"><figure class=\"fg-item-inner\"><a data-caption-title=\"Crea Barkod\" data-caption-desc=\"Crea Barkod\" data-attachment-id=\"4\" class=\"fg-thumb\"><span class=\"fg-image-wrap\"><img alt=\"Crea Barkod\" title=\"Crea Barkod\" width=\"150\" height=\"77\" data-src-fg=\"http:\/\/www.creabarkod.com\/wp-content\/uploads\/cache\/2019\/02\/crea_marka_r\/965856932.png\" class=\"fg-image\" \/><\/span><\/a><figcaption class=\"fg-caption\"><div class=\"fg-caption-inner\"><\/div><\/figcaption><\/figure><div class=\"fg-loader\"><\/div><\/div><\/div>","protected":false},"excerpt":{"rendered":"<p>\u00c7ap &#8211; Nokta Etiketleri \u00c7ap etiketleri i\u015faretleme ama\u00e7l\u0131 kullan\u0131lmakta olup, \u00d8 10 mm&#8217; den \u00d8 100 mm&#8217; ye kadar 12 farkl\u0131 renkte \u00fcretilmektedir. \u00dcr\u00fcn Detaylar\u0131 : Boyutlar\u00a0:\u00a010 mm (1 cm), 20 mm (3 cm), 30 mm (3 cm), 40 mm (4 cm), 50 mm (5 cm), 60 mm (6 cm), 70 mm (7 cm), 80 [&hellip;]<\/p>\n","protected":false},"author":1,"featured_media":0,"parent":8,"menu_order":0,"comment_status":"closed","ping_status":"closed","template":"","meta":[],"yoast_head":"<!-- This site is optimized with the Yoast SEO plugin v15.7 - https:\/\/yoast.com\/wordpress\/plugins\/seo\/ -->\n<title>\u00c7ap Etiketleri - Crea Barkod<\/title>\n<meta name=\"robots\" content=\"index, follow, max-snippet:-1, max-image-preview:large, max-video-preview:-1\" \/>\n<link rel=\"canonical\" href=\"http:\/\/www.creabarkod.com\/?page_id=85\" \/>\n<meta property=\"og:locale\" content=\"tr_TR\" \/>\n<meta property=\"og:type\" content=\"article\" \/>\n<meta property=\"og:title\" content=\"\u00c7ap Etiketleri - Crea Barkod\" \/>\n<meta property=\"og:description\" content=\"\u00c7ap &#8211; Nokta Etiketleri \u00c7ap etiketleri i\u015faretleme ama\u00e7l\u0131 kullan\u0131lmakta olup, \u00d8 10 mm&#8217; den \u00d8 100 mm&#8217; ye kadar 12 farkl\u0131 renkte \u00fcretilmektedir. \u00dcr\u00fcn Detaylar\u0131 : Boyutlar\u00a0:\u00a010 mm (1 cm), 20 mm (3 cm), 30 mm (3 cm), 40 mm (4 cm), 50 mm (5 cm), 60 mm (6 cm), 70 mm (7 cm), 80 [&hellip;]\" \/>\n<meta property=\"og:url\" content=\"http:\/\/www.creabarkod.com\/?page_id=85\" \/>\n<meta property=\"og:site_name\" content=\"Crea Barkod\" \/>\n<meta property=\"article:modified_time\" content=\"2019-06-21T13:39:39+00:00\" \/>\n<meta property=\"og:image\" content=\"http:\/\/www.creabarkod.com\/wp-content\/uploads\/2019\/02\/Crea_Etiket_Kesim_Makinesi-1024x147.png\" \/>\n<meta name=\"twitter:card\" content=\"summary_large_image\" \/>\n<script type=\"application\/ld+json\" class=\"yoast-schema-graph\">{\"@context\":\"https:\/\/schema.org\",\"@graph\":[{\"@type\":\"WebSite\",\"@id\":\"http:\/\/www.creabarkod.com\/#website\",\"url\":\"http:\/\/www.creabarkod.com\/\",\"name\":\"Crea Barkod\",\"description\":\"\",\"potentialAction\":[{\"@type\":\"SearchAction\",\"target\":\"http:\/\/www.creabarkod.com\/?s={search_term_string}\",\"query-input\":\"required name=search_term_string\"}],\"inLanguage\":\"tr\"},{\"@type\":\"ImageObject\",\"@id\":\"http:\/\/www.creabarkod.com\/?page_id=85#primaryimage\",\"inLanguage\":\"tr\",\"url\":\"http:\/\/www.creabarkod.com\/wp-content\/uploads\/2019\/02\/Crea_Etiket_Kesim_Makinesi.png\",\"width\":1050,\"height\":151,\"caption\":\"Crea_Etiket_Kesim_Makinesi\"},{\"@type\":\"WebPage\",\"@id\":\"http:\/\/www.creabarkod.com\/?page_id=85#webpage\",\"url\":\"http:\/\/www.creabarkod.com\/?page_id=85\",\"name\":\"\\u00c7ap Etiketleri - Crea Barkod\",\"isPartOf\":{\"@id\":\"http:\/\/www.creabarkod.com\/#website\"},\"primaryImageOfPage\":{\"@id\":\"http:\/\/www.creabarkod.com\/?page_id=85#primaryimage\"},\"datePublished\":\"2019-02-11T11:56:24+00:00\",\"dateModified\":\"2019-06-21T13:39:39+00:00\",\"inLanguage\":\"tr\",\"potentialAction\":[{\"@type\":\"ReadAction\",\"target\":[\"http:\/\/www.creabarkod.com\/?page_id=85\"]}]}]}<\/script>\n<!-- \/ Yoast SEO plugin. -->","_links":{"self":[{"href":"http:\/\/www.creabarkod.com\/index.php?rest_route=\/wp\/v2\/pages\/85"}],"collection":[{"href":"http:\/\/www.creabarkod.com\/index.php?rest_route=\/wp\/v2\/pages"}],"about":[{"href":"http:\/\/www.creabarkod.com\/index.php?rest_route=\/wp\/v2\/types\/page"}],"author":[{"embeddable":true,"href":"http:\/\/www.creabarkod.com\/index.php?rest_route=\/wp\/v2\/users\/1"}],"replies":[{"embeddable":true,"href":"http:\/\/www.creabarkod.com\/index.php?rest_route=%2Fwp%2Fv2%2Fcomments&post=85"}],"version-history":[{"count":4,"href":"http:\/\/www.creabarkod.com\/index.php?rest_route=\/wp\/v2\/pages\/85\/revisions"}],"predecessor-version":[{"id":1233,"href":"http:\/\/www.creabarkod.com\/index.php?rest_route=\/wp\/v2\/pages\/85\/revisions\/1233"}],"up":[{"embeddable":true,"href":"http:\/\/www.creabarkod.com\/index.php?rest_route=\/wp\/v2\/pages\/8"}],"wp:attachment":[{"href":"http:\/\/www.creabarkod.com\/index.php?rest_route=%2Fwp%2Fv2%2Fmedia&parent=85"}],"curies":[{"name":"wp","href":"https:\/\/api.w.org\/{rel}","templated":true}]}}