{"id":835,"date":"2019-06-20T09:36:52","date_gmt":"2019-06-20T09:36:52","guid":{"rendered":"http:\/\/www.creabarkod.com\/?page_id=835"},"modified":"2019-06-20T09:38:31","modified_gmt":"2019-06-20T09:38:31","slug":"zebex-z-3220-ccd-barkod-okuyucu","status":"publish","type":"page","link":"http:\/\/www.creabarkod.com\/?page_id=835","title":{"rendered":"Zebex Z-3220 CCD Barkod Okuyucu"},"content":{"rendered":"\n<figure class=\"wp-block-image is-resized\"><a href=\"http:\/\/www.creabarkod.com\/wp-content\/uploads\/2019\/06\/Zebex-Z-3220-CCD-Barkod-Okuyucu.jpg\"><img loading=\"lazy\" src=\"http:\/\/www.creabarkod.com\/wp-content\/uploads\/2019\/06\/Zebex-Z-3220-CCD-Barkod-Okuyucu.jpg\" alt=\"Zebex Z-3220 CCD Barkod Okuyucu\" class=\"wp-image-836\" width=\"250\" height=\"250\" srcset=\"http:\/\/www.creabarkod.com\/wp-content\/uploads\/2019\/06\/Zebex-Z-3220-CCD-Barkod-Okuyucu.jpg 500w, http:\/\/www.creabarkod.com\/wp-content\/uploads\/2019\/06\/Zebex-Z-3220-CCD-Barkod-Okuyucu-150x150.jpg 150w, http:\/\/www.creabarkod.com\/wp-content\/uploads\/2019\/06\/Zebex-Z-3220-CCD-Barkod-Okuyucu-300x300.jpg 300w\" sizes=\"(max-width: 250px) 100vw, 250px\" \/><\/a><\/figure>\n\n\n\n<p>\u25cf Linear Imager barkod okuyucu<br>\u25cf Geli\u015fmi\u015f Imager Teknolojisi<br>\u25cf Hafif ve sa\u011flam tasar\u0131m<br>\u25cf 32 Bit Mikro \u0130\u015flemci<br>\u25cf Saniyede 150 Tarama<br><strong>\u25cf\u00a0<\/strong>0,076 mm (3 mil) \u00e7\u00f6z\u00fcn\u00fcrl\u00fck\u25cf 0 ~ 90 mm okuma mesafesi<br>\u25cf \u00c7oklu Arabirim Deste\u011fi <\/p>\n\n\n\n<table class=\"wp-block-table\"><tbody><tr><td><strong>&nbsp;\u0130\u015flemsel<\/strong><\/td><\/tr><tr><td>&nbsp;I\u015f\u0131k kayna\u011f\u0131<\/td><td>625 nm g\u00f6r\u00fclebilir LED<\/td><\/tr><tr><td>&nbsp;Optik Sistem<\/td><td>2.500 piksel Linear Sens\u00f6r<\/td><\/tr><tr><td>&nbsp;Mikro i\u015flemci<\/td><td>32 Bit<\/td><\/tr><tr><td>&nbsp;Tarama Uzakl\u0131\u011f\u0131<\/td><td>0 ~ 90 mm (0,33 mm, PCS=90%)<\/td><\/tr><tr><td>&nbsp;Tarama H\u0131z\u0131<\/td><td>150 tarama\/saniye<\/td><\/tr><tr><td>&nbsp;Minimum Bar Geni\u015fli\u011fi<\/td><td>0,0762 mm (3 mil) @ PCS 90%<\/td><\/tr><tr><td>&nbsp;Bask\u0131 Kontrast\u0131<\/td><td>30% @UPC\/EAN, 100%<\/td><\/tr><tr><td>&nbsp;G\u00f6stergeler (LED)<\/td><td>2 Renk LED<\/td><\/tr><tr><td>&nbsp;Ses Tonu<\/td><td>Programlanabilir beep tonu ve s\u00fcresi<\/td><\/tr><tr><td>&nbsp;Sistem Arabirimleri<\/td><td>Klavye, RS-232, HID USB, USB Virtual COM, Wand, OPOS ve JPOS<\/td><\/tr><tr><td><strong>&nbsp;Fiziksel<\/strong><\/td><td>&nbsp;<\/td><\/tr><tr><td>&nbsp;Y\u00fckseklik<\/td><td>161,5 mm<\/td><\/tr><tr><td>&nbsp;Derinlik<\/td><td>72,5 mm<\/td><\/tr><tr><td>&nbsp;Geni\u015flik<\/td><td>55,2 mm<\/td><\/tr><tr><td>&nbsp;A\u011f\u0131rl\u0131k<\/td><td>91 gr (Kablosuz)<\/td><\/tr><tr><td>&nbsp;Kablo<\/td><td>Standart 2 metre d\u00fcz kablo<\/td><\/tr><tr><td><strong>&nbsp;Elektriksel<\/strong><\/td><td>&nbsp;<\/td><\/tr><tr><td>&nbsp;Giri\u015f Voltaj\u0131<\/td><td>5VDC (\u00b1%10)<\/td><\/tr><tr><td>&nbsp;T\u00fcketim De\u011ferleri<\/td><td>\u00c7al\u0131\u015fma Modunda: 90 ~ 150 mA<\/td><\/tr><tr><td>Bekleme Modunda: 55 mA<\/td><\/tr><tr><td>&nbsp;EMC<\/td><td>CE &amp; FCC DOC uyumlu, VCCI, BSMI<\/td><\/tr><tr><td><strong>&nbsp;\u00c7evresel<\/strong><\/td><td>&nbsp;<\/td><\/tr><tr><td>&nbsp;\u00c7al\u0131\u015fma S\u0131cakl\u0131\u011f\u0131<\/td><td>0\u00b0C ~ 50\u00b0C<\/td><\/tr><tr><td>&nbsp;Muhafaza S\u0131cakl\u0131\u011f\u0131<\/td><td>-20 \u00b0C ~ 60 \u00b0C<\/td><\/tr><tr><td>&nbsp;Nem<\/td><td>5% ~ 95% (Yo\u011funla\u015fmas\u0131z)<\/td><\/tr><tr><td>&nbsp;I\u015f\u0131k Seviyesi<\/td><td>Max 6.000 Lux (floresans \u0131\u015f\u0131\u011f\u0131)<\/td><\/tr><tr><td>&nbsp;Darbeler<\/td><td>1,5 metreden d\u00fc\u015fmeye kar\u015f\u0131 dizayn edilmi\u015f<\/td><\/tr><tr><td><strong>&nbsp;Okuma Aral\u0131klar\u0131<\/strong><\/td><td><\/td><\/tr><tr><td>&nbsp;Tarama mesafeleri<\/td><td>3 mil<\/td><td>0 mm<\/td><\/tr><tr><td>4 mil<\/td><td>0 mm&nbsp; ~ 40 mm<\/td><\/tr><tr><td>5 mil<\/td><td>0 mm&nbsp; ~ 45 mm<\/td><\/tr><tr><td>7,5 mil<\/td><td>0 mm&nbsp; ~ 50 mm<\/td><\/tr><tr><td>10 mil<\/td><td>0 mm&nbsp; ~ 60 mm<\/td><\/tr><tr><td>13 mil<\/td><td>0 mm&nbsp; ~ 75 mm<\/td><\/tr><tr><td>20 mil<\/td><td>0 mm&nbsp; ~ 90 mm<\/td><\/tr><tr><td><strong>&nbsp;Desteklenen&nbsp;<\/strong><strong>Barkod Tipleri<\/strong><\/td><td>&nbsp;<\/td><\/tr><tr><td>&nbsp;Standart<\/td><td>UPC\/EAN\/JAN, UPC-A &amp; UPC-E, EAN-8 &amp; EAN-13, JAN-8 &amp; JAN-13, ISBN\/ISSN, Code 39, Codabar, Code 128 &amp; EAN 128, Code 93, ITF, Addendum, 2 of 5, IATA Code, MSI\/Plessey, China Postal Code, Code 32, Industrial 2 of 5, Standart 2 of 5, DTF, JAP, Code 11, RSS14, RSS Limited, RSS Expanded, Telepen<\/td><\/tr><\/tbody><\/table>\n","protected":false},"excerpt":{"rendered":"<p>\u25cf Linear Imager barkod okuyucu\u25cf Geli\u015fmi\u015f Imager Teknolojisi\u25cf Hafif ve sa\u011flam tasar\u0131m\u25cf 32 Bit Mikro \u0130\u015flemci\u25cf Saniyede 150 Tarama\u25cf\u00a00,076 mm (3 mil) \u00e7\u00f6z\u00fcn\u00fcrl\u00fck\u25cf 0 ~ 90 mm okuma mesafesi\u25cf \u00c7oklu Arabirim Deste\u011fi &nbsp;\u0130\u015flemsel &nbsp;I\u015f\u0131k kayna\u011f\u0131 625 nm g\u00f6r\u00fclebilir LED &nbsp;Optik Sistem 2.500 piksel Linear Sens\u00f6r &nbsp;Mikro i\u015flemci 32 Bit &nbsp;Tarama Uzakl\u0131\u011f\u0131 0 ~ 90 mm [&hellip;]<\/p>\n","protected":false},"author":1,"featured_media":0,"parent":736,"menu_order":0,"comment_status":"closed","ping_status":"closed","template":"","meta":[],"yoast_head":"<!-- This site is optimized with the Yoast SEO plugin v15.7 - https:\/\/yoast.com\/wordpress\/plugins\/seo\/ -->\n<title>Zebex Z-3220 CCD Barkod Okuyucu - Crea Barkod<\/title>\n<meta name=\"robots\" content=\"index, follow, max-snippet:-1, max-image-preview:large, max-video-preview:-1\" \/>\n<link rel=\"canonical\" href=\"http:\/\/www.creabarkod.com\/?page_id=835\" \/>\n<meta property=\"og:locale\" content=\"tr_TR\" \/>\n<meta property=\"og:type\" content=\"article\" \/>\n<meta property=\"og:title\" content=\"Zebex Z-3220 CCD Barkod Okuyucu - Crea Barkod\" \/>\n<meta property=\"og:description\" content=\"\u25cf Linear Imager barkod okuyucu\u25cf Geli\u015fmi\u015f Imager Teknolojisi\u25cf Hafif ve sa\u011flam tasar\u0131m\u25cf 32 Bit Mikro \u0130\u015flemci\u25cf Saniyede 150 Tarama\u25cf\u00a00,076 mm (3 mil) \u00e7\u00f6z\u00fcn\u00fcrl\u00fck\u25cf 0 ~ 90 mm okuma mesafesi\u25cf \u00c7oklu Arabirim Deste\u011fi &nbsp;\u0130\u015flemsel &nbsp;I\u015f\u0131k kayna\u011f\u0131 625 nm g\u00f6r\u00fclebilir LED &nbsp;Optik Sistem 2.500 piksel Linear Sens\u00f6r &nbsp;Mikro i\u015flemci 32 Bit &nbsp;Tarama Uzakl\u0131\u011f\u0131 0 ~ 90 mm [&hellip;]\" \/>\n<meta property=\"og:url\" content=\"http:\/\/www.creabarkod.com\/?page_id=835\" \/>\n<meta property=\"og:site_name\" content=\"Crea Barkod\" \/>\n<meta property=\"article:modified_time\" content=\"2019-06-20T09:38:31+00:00\" \/>\n<meta property=\"og:image\" content=\"http:\/\/www.creabarkod.com\/wp-content\/uploads\/2019\/06\/Zebex-Z-3220-CCD-Barkod-Okuyucu.jpg\" \/>\n<meta name=\"twitter:card\" content=\"summary_large_image\" \/>\n<meta name=\"twitter:label1\" content=\"Tahmini okuma s\u00fcresi\">\n\t<meta name=\"twitter:data1\" content=\"1 dakika\">\n<script type=\"application\/ld+json\" class=\"yoast-schema-graph\">{\"@context\":\"https:\/\/schema.org\",\"@graph\":[{\"@type\":\"WebSite\",\"@id\":\"http:\/\/www.creabarkod.com\/#website\",\"url\":\"http:\/\/www.creabarkod.com\/\",\"name\":\"Crea Barkod\",\"description\":\"\",\"potentialAction\":[{\"@type\":\"SearchAction\",\"target\":\"http:\/\/www.creabarkod.com\/?s={search_term_string}\",\"query-input\":\"required name=search_term_string\"}],\"inLanguage\":\"tr\"},{\"@type\":\"ImageObject\",\"@id\":\"http:\/\/www.creabarkod.com\/?page_id=835#primaryimage\",\"inLanguage\":\"tr\",\"url\":\"http:\/\/www.creabarkod.com\/wp-content\/uploads\/2019\/06\/Zebex-Z-3220-CCD-Barkod-Okuyucu.jpg\",\"width\":500,\"height\":500,\"caption\":\"Zebex Z-3220 CCD Barkod Okuyucu\"},{\"@type\":\"WebPage\",\"@id\":\"http:\/\/www.creabarkod.com\/?page_id=835#webpage\",\"url\":\"http:\/\/www.creabarkod.com\/?page_id=835\",\"name\":\"Zebex Z-3220 CCD Barkod Okuyucu - Crea Barkod\",\"isPartOf\":{\"@id\":\"http:\/\/www.creabarkod.com\/#website\"},\"primaryImageOfPage\":{\"@id\":\"http:\/\/www.creabarkod.com\/?page_id=835#primaryimage\"},\"datePublished\":\"2019-06-20T09:36:52+00:00\",\"dateModified\":\"2019-06-20T09:38:31+00:00\",\"inLanguage\":\"tr\",\"potentialAction\":[{\"@type\":\"ReadAction\",\"target\":[\"http:\/\/www.creabarkod.com\/?page_id=835\"]}]}]}<\/script>\n<!-- \/ Yoast SEO plugin. -->","_links":{"self":[{"href":"http:\/\/www.creabarkod.com\/index.php?rest_route=\/wp\/v2\/pages\/835"}],"collection":[{"href":"http:\/\/www.creabarkod.com\/index.php?rest_route=\/wp\/v2\/pages"}],"about":[{"href":"http:\/\/www.creabarkod.com\/index.php?rest_route=\/wp\/v2\/types\/page"}],"author":[{"embeddable":true,"href":"http:\/\/www.creabarkod.com\/index.php?rest_route=\/wp\/v2\/users\/1"}],"replies":[{"embeddable":true,"href":"http:\/\/www.creabarkod.com\/index.php?rest_route=%2Fwp%2Fv2%2Fcomments&post=835"}],"version-history":[{"count":1,"href":"http:\/\/www.creabarkod.com\/index.php?rest_route=\/wp\/v2\/pages\/835\/revisions"}],"predecessor-version":[{"id":837,"href":"http:\/\/www.creabarkod.com\/index.php?rest_route=\/wp\/v2\/pages\/835\/revisions\/837"}],"up":[{"embeddable":true,"href":"http:\/\/www.creabarkod.com\/index.php?rest_route=\/wp\/v2\/pages\/736"}],"wp:attachment":[{"href":"http:\/\/www.creabarkod.com\/index.php?rest_route=%2Fwp%2Fv2%2Fmedia&parent=835"}],"curies":[{"name":"wp","href":"https:\/\/api.w.org\/{rel}","templated":true}]}}