{"id":827,"date":"2019-06-20T09:30:22","date_gmt":"2019-06-20T09:30:22","guid":{"rendered":"http:\/\/www.creabarkod.com\/?page_id=827"},"modified":"2019-06-20T09:31:49","modified_gmt":"2019-06-20T09:31:49","slug":"sunlux-xl-5500-ccd-barkod-okuyucu","status":"publish","type":"page","link":"http:\/\/www.creabarkod.com\/?page_id=827","title":{"rendered":"Sunlux XL-5500 CCD Barkod Okuyucu"},"content":{"rendered":"\n<figure class=\"wp-block-image is-resized\"><a href=\"http:\/\/www.creabarkod.com\/wp-content\/uploads\/2019\/06\/Sunlux-XL-5500-CCD-Barkod-Okuyucu.jpg\"><img loading=\"lazy\" src=\"http:\/\/www.creabarkod.com\/wp-content\/uploads\/2019\/06\/Sunlux-XL-5500-CCD-Barkod-Okuyucu.jpg\" alt=\"Sunlux XL-5500 CCD Barkod Okuyucu\" class=\"wp-image-828\" width=\"250\" height=\"250\" srcset=\"http:\/\/www.creabarkod.com\/wp-content\/uploads\/2019\/06\/Sunlux-XL-5500-CCD-Barkod-Okuyucu.jpg 500w, http:\/\/www.creabarkod.com\/wp-content\/uploads\/2019\/06\/Sunlux-XL-5500-CCD-Barkod-Okuyucu-150x150.jpg 150w, http:\/\/www.creabarkod.com\/wp-content\/uploads\/2019\/06\/Sunlux-XL-5500-CCD-Barkod-Okuyucu-300x300.jpg 300w\" sizes=\"(max-width: 250px) 100vw, 250px\" \/><\/a><\/figure>\n\n\n\n<p>\u25cf 1D CCD Barkod Okuyucu<br>\u25cf Hafif ve sa\u011flam tasar\u0131m<br>\u25cf Saniyede 300 Tarama<br>\u25cf 0,1 mm (4 mil) \u00e7\u00f6z\u00fcn\u00fcrl\u00fck<br>\u25cf 40 ~ 300 mm okuma mesafesi<br>\u25cf 32 Bit Mikroi\u015flemci<br>\u25cf Seri Port, PS\/2 ve USB Ba\u011flant\u0131 Se\u00e7enekleri <\/p>\n\n\n\n<table class=\"wp-block-table\"><tbody><tr><td><strong>&nbsp;\u0130\u015flemsel<\/strong><\/td><\/tr><tr><td>&nbsp;I\u015f\u0131k Kayna\u011f\u0131<\/td><td>CCD 625 nm<\/td><\/tr><tr><td>&nbsp;\u0130\u015flemci<\/td><td>32 Bit ARM<\/td><\/tr><tr><td>&nbsp;Tarama Tipi<\/td><td>Linear Imager<\/td><\/tr><tr><td>&nbsp;Optik Sistem<\/td><td>2500 Piksel Image<\/td><\/tr><tr><td>&nbsp;Tarama uzakl\u0131\u011f\u0131<\/td><td>40 &#8211; 300 mm<\/td><\/tr><tr><td>&nbsp;Tarama H\u0131z\u0131<\/td><td>300 tarama\/saniye<\/td><\/tr><tr><td>&nbsp;Minumum Bar Geni\u015fli\u011fi<\/td><td>0,1 mm (4 mil) (@pcs90%, code39)<\/td><\/tr><tr><td>&nbsp;Uyar\u0131c\u0131lar<\/td><td>LED ve Bip sesi<\/td><\/tr><tr><td>&nbsp;Yazd\u0131rma kar\u015f\u0131tl\u0131\u011f\u0131<\/td><td>%20 UPC\/EAN %100)<\/td><\/tr><tr><td>&nbsp;Desteklenen Arabirimleri<\/td><td>PS\/2, RS-232C, USB<\/td><\/tr><tr><td><strong>&nbsp;Fiziksel<\/strong><\/td><td>&nbsp;<\/td><\/tr><tr><td>&nbsp;Y\u00fckseklik<\/td><td>98 mm<\/td><\/tr><tr><td>&nbsp;Uzunluk<\/td><td>170 mm<\/td><\/tr><tr><td>&nbsp;Geni\u015flik<\/td><td>68 mm<\/td><\/tr><tr><td>&nbsp;A\u011f\u0131rl\u0131k<\/td><td>150 Gram<\/td><\/tr><tr><td>&nbsp;Kasa malzemesi<\/td><td>ABS Plastik<\/td><\/tr><tr><td>&nbsp;Kablo<\/td><td>Standart 2 metre d\u00fcz kablo<\/td><\/tr><tr><td><strong>&nbsp;Elektriksel<\/strong><\/td><td>&nbsp;<\/td><\/tr><tr><td>&nbsp;Giri\u015f Voltaj\u0131<\/td><td>5VDC<\/td><\/tr><tr><td>&nbsp;Ak\u0131m De\u011ferleri<\/td><td>Bekleme Modunda:&nbsp;60 mA<\/td><\/tr><tr><td>\u00c7al\u0131\u015fma Modunda: 120 mA<\/td><\/tr><tr><td>&nbsp;EMC<\/td><td>CE , FCC DOC Uyumlu<\/td><\/tr><tr><td><strong>&nbsp;\u00c7evresel<\/strong><\/td><td>&nbsp;<\/td><\/tr><tr><td>&nbsp;\u00c7al\u0131\u015fma S\u0131cakl\u0131\u011f\u0131<\/td><td>-20 \u00b0C ~ 60 \u00b0C<\/td><\/tr><tr><td>&nbsp;Muhafaza S\u0131cakl\u0131\u011f\u0131<\/td><td>-40 \u00b0C ~ 85 \u00b0C<\/td><\/tr><tr><td>&nbsp;Nem<\/td><td>%5 ~ %95 (Yo\u011fu\u015fmas\u0131z)<\/td><\/tr><tr><td>&nbsp;I\u015f\u0131k Seviyesi<\/td><td>Max 10.000 Lux<\/td><\/tr><tr><td>&nbsp;Darbe Dayan\u0131kl\u0131l\u0131\u011f\u0131<\/td><td>Max. 1,5 Metreden D\u00fc\u015fmeye Dayan\u0131kl\u0131<\/td><\/tr><tr><td>&nbsp;IP Standart\u0131<\/td><td>IP 52<\/td><\/tr><\/tbody><\/table>\n","protected":false},"excerpt":{"rendered":"<p>\u25cf 1D CCD Barkod Okuyucu\u25cf Hafif ve sa\u011flam tasar\u0131m\u25cf Saniyede 300 Tarama\u25cf 0,1 mm (4 mil) \u00e7\u00f6z\u00fcn\u00fcrl\u00fck\u25cf 40 ~ 300 mm okuma mesafesi\u25cf 32 Bit Mikroi\u015flemci\u25cf Seri Port, PS\/2 ve USB Ba\u011flant\u0131 Se\u00e7enekleri &nbsp;\u0130\u015flemsel &nbsp;I\u015f\u0131k Kayna\u011f\u0131 CCD 625 nm &nbsp;\u0130\u015flemci 32 Bit ARM &nbsp;Tarama Tipi Linear Imager &nbsp;Optik Sistem 2500 Piksel Image &nbsp;Tarama uzakl\u0131\u011f\u0131 40 [&hellip;]<\/p>\n","protected":false},"author":1,"featured_media":0,"parent":736,"menu_order":0,"comment_status":"closed","ping_status":"closed","template":"","meta":[],"yoast_head":"<!-- This site is optimized with the Yoast SEO plugin v15.7 - https:\/\/yoast.com\/wordpress\/plugins\/seo\/ -->\n<title>Sunlux XL-5500 CCD Barkod Okuyucu - Crea Barkod<\/title>\n<meta name=\"robots\" content=\"index, follow, max-snippet:-1, max-image-preview:large, max-video-preview:-1\" \/>\n<link rel=\"canonical\" href=\"http:\/\/www.creabarkod.com\/?page_id=827\" \/>\n<meta property=\"og:locale\" content=\"tr_TR\" \/>\n<meta property=\"og:type\" content=\"article\" \/>\n<meta property=\"og:title\" content=\"Sunlux XL-5500 CCD Barkod Okuyucu - Crea Barkod\" \/>\n<meta property=\"og:description\" content=\"\u25cf 1D CCD Barkod Okuyucu\u25cf Hafif ve sa\u011flam tasar\u0131m\u25cf Saniyede 300 Tarama\u25cf 0,1 mm (4 mil) \u00e7\u00f6z\u00fcn\u00fcrl\u00fck\u25cf 40 ~ 300 mm okuma mesafesi\u25cf 32 Bit Mikroi\u015flemci\u25cf Seri Port, PS\/2 ve USB Ba\u011flant\u0131 Se\u00e7enekleri &nbsp;\u0130\u015flemsel &nbsp;I\u015f\u0131k Kayna\u011f\u0131 CCD 625 nm &nbsp;\u0130\u015flemci 32 Bit ARM &nbsp;Tarama Tipi Linear Imager &nbsp;Optik Sistem 2500 Piksel Image &nbsp;Tarama uzakl\u0131\u011f\u0131 40 [&hellip;]\" \/>\n<meta property=\"og:url\" content=\"http:\/\/www.creabarkod.com\/?page_id=827\" \/>\n<meta property=\"og:site_name\" content=\"Crea Barkod\" \/>\n<meta property=\"article:modified_time\" content=\"2019-06-20T09:31:49+00:00\" \/>\n<meta property=\"og:image\" content=\"http:\/\/www.creabarkod.com\/wp-content\/uploads\/2019\/06\/Sunlux-XL-5500-CCD-Barkod-Okuyucu.jpg\" \/>\n<meta name=\"twitter:card\" content=\"summary_large_image\" \/>\n<meta name=\"twitter:label1\" content=\"Tahmini okuma s\u00fcresi\">\n\t<meta name=\"twitter:data1\" content=\"1 dakika\">\n<script type=\"application\/ld+json\" class=\"yoast-schema-graph\">{\"@context\":\"https:\/\/schema.org\",\"@graph\":[{\"@type\":\"WebSite\",\"@id\":\"http:\/\/www.creabarkod.com\/#website\",\"url\":\"http:\/\/www.creabarkod.com\/\",\"name\":\"Crea Barkod\",\"description\":\"\",\"potentialAction\":[{\"@type\":\"SearchAction\",\"target\":\"http:\/\/www.creabarkod.com\/?s={search_term_string}\",\"query-input\":\"required name=search_term_string\"}],\"inLanguage\":\"tr\"},{\"@type\":\"ImageObject\",\"@id\":\"http:\/\/www.creabarkod.com\/?page_id=827#primaryimage\",\"inLanguage\":\"tr\",\"url\":\"http:\/\/www.creabarkod.com\/wp-content\/uploads\/2019\/06\/Sunlux-XL-5500-CCD-Barkod-Okuyucu.jpg\",\"width\":500,\"height\":500,\"caption\":\"Sunlux XL-5500 CCD Barkod Okuyucu\"},{\"@type\":\"WebPage\",\"@id\":\"http:\/\/www.creabarkod.com\/?page_id=827#webpage\",\"url\":\"http:\/\/www.creabarkod.com\/?page_id=827\",\"name\":\"Sunlux XL-5500 CCD Barkod Okuyucu - Crea Barkod\",\"isPartOf\":{\"@id\":\"http:\/\/www.creabarkod.com\/#website\"},\"primaryImageOfPage\":{\"@id\":\"http:\/\/www.creabarkod.com\/?page_id=827#primaryimage\"},\"datePublished\":\"2019-06-20T09:30:22+00:00\",\"dateModified\":\"2019-06-20T09:31:49+00:00\",\"inLanguage\":\"tr\",\"potentialAction\":[{\"@type\":\"ReadAction\",\"target\":[\"http:\/\/www.creabarkod.com\/?page_id=827\"]}]}]}<\/script>\n<!-- \/ Yoast SEO plugin. -->","_links":{"self":[{"href":"http:\/\/www.creabarkod.com\/index.php?rest_route=\/wp\/v2\/pages\/827"}],"collection":[{"href":"http:\/\/www.creabarkod.com\/index.php?rest_route=\/wp\/v2\/pages"}],"about":[{"href":"http:\/\/www.creabarkod.com\/index.php?rest_route=\/wp\/v2\/types\/page"}],"author":[{"embeddable":true,"href":"http:\/\/www.creabarkod.com\/index.php?rest_route=\/wp\/v2\/users\/1"}],"replies":[{"embeddable":true,"href":"http:\/\/www.creabarkod.com\/index.php?rest_route=%2Fwp%2Fv2%2Fcomments&post=827"}],"version-history":[{"count":1,"href":"http:\/\/www.creabarkod.com\/index.php?rest_route=\/wp\/v2\/pages\/827\/revisions"}],"predecessor-version":[{"id":829,"href":"http:\/\/www.creabarkod.com\/index.php?rest_route=\/wp\/v2\/pages\/827\/revisions\/829"}],"up":[{"embeddable":true,"href":"http:\/\/www.creabarkod.com\/index.php?rest_route=\/wp\/v2\/pages\/736"}],"wp:attachment":[{"href":"http:\/\/www.creabarkod.com\/index.php?rest_route=%2Fwp%2Fv2%2Fmedia&parent=827"}],"curies":[{"name":"wp","href":"https:\/\/api.w.org\/{rel}","templated":true}]}}