{"id":799,"date":"2019-06-20T09:16:42","date_gmt":"2019-06-20T09:16:42","guid":{"rendered":"http:\/\/www.creabarkod.com\/?page_id=799"},"modified":"2019-06-20T09:17:27","modified_gmt":"2019-06-20T09:17:27","slug":"datalogic-heron-hd3100-barkod-okuyucu","status":"publish","type":"page","link":"http:\/\/www.creabarkod.com\/?page_id=799","title":{"rendered":"Datalogic Heron HD3100 Barkod Okuyucu"},"content":{"rendered":"\n<figure class=\"wp-block-image is-resized\"><a href=\"http:\/\/www.creabarkod.com\/wp-content\/uploads\/2019\/06\/Datalogic-Heron-HD3100-CCD-Barkod-Okuyucu.jpg\"><img loading=\"lazy\" src=\"http:\/\/www.creabarkod.com\/wp-content\/uploads\/2019\/06\/Datalogic-Heron-HD3100-CCD-Barkod-Okuyucu.jpg\" alt=\"Datalogic Heron HD3100 CCD Barkod Okuyucu\" class=\"wp-image-800\" width=\"250\" height=\"250\" srcset=\"http:\/\/www.creabarkod.com\/wp-content\/uploads\/2019\/06\/Datalogic-Heron-HD3100-CCD-Barkod-Okuyucu.jpg 500w, http:\/\/www.creabarkod.com\/wp-content\/uploads\/2019\/06\/Datalogic-Heron-HD3100-CCD-Barkod-Okuyucu-150x150.jpg 150w, http:\/\/www.creabarkod.com\/wp-content\/uploads\/2019\/06\/Datalogic-Heron-HD3100-CCD-Barkod-Okuyucu-300x300.jpg 300w\" sizes=\"(max-width: 250px) 100vw, 250px\" \/><\/a><\/figure>\n\n\n\n<p>\u25cf 1D Barkodlar\u0131 Okuyabilme<br>\u25cf Polifonik Ses \u0130le Bildirim<br>\u25cf 20 ~ 600 mm Tarama Mesafesi<br>\u25cf Saniyede 270 Tarama H\u0131z\u0131<br>\u25cf \u00c7oklu Arabirim Se\u00e7enekleri<br>\u25cf IP40 Standartlar\u0131nda<br>\u25cf 1,5 Metreden D\u00fc\u015fmeye Dayan\u0131kl\u0131<br>\u25cf Stand \u00dczerinde Dahi Okuyabilme <\/p>\n\n\n\n<table class=\"wp-block-table\"><tbody><tr><td><strong>&nbsp;Okuma Performans\u0131<\/strong><\/td><\/tr><tr><td>&nbsp;Imager Sens\u00f6r<\/td><td>CCD Solid-State (2500 Piksel)<\/td><\/tr><tr><td>&nbsp;Yazd\u0131rma kar\u015f\u0131tl\u0131\u011f\u0131 (Minimum)<\/td><td>15%<\/td><\/tr><tr><td>&nbsp;Saniyedeki Tarama H\u0131z\u0131<\/td><td>270 (Maximum)<\/td><\/tr><tr><td>&nbsp;Okuma G\u00f6stergeleri<\/td><td>Ayarlanabilir Ses Tonu, Datalogic &#8220;Green Spot&#8221;&nbsp; Okuma Bildirim LED i, Okuma Bildirim LED i, Yan ve \u00fcst b\u00f6l\u00fcm ayd\u0131nlatma LED i<\/td><\/tr><tr><td>&nbsp;\u00c7\u00f6z\u00fcn\u00fcrl\u00fck (Maksimum)<\/td><td>0.100 mm&nbsp; (4 mils)<\/td><\/tr><tr><td><strong>&nbsp;\u00c7\u00f6z\u00fcmleme Yetene\u011fi<\/strong><\/td><td><\/td><\/tr><tr><td>&nbsp;1D Linear Kodlar<\/td><td>GS1\/Databar Dahil Standart 1D Linear Kodlar<\/td><\/tr><tr><td>&nbsp;Postal Kodlar<\/td><td>China Post<\/td><\/tr><tr><td>&nbsp;Stacked Kodlar<\/td><td>GS1 DataBar Expanded Stacked; GS1 DataBar Stacked; GS1 DataBar Stacked Omnidirectional<\/td><\/tr><tr><td><strong>&nbsp;Elektriksel<\/strong><\/td><td><\/td><\/tr><tr><td>&nbsp;\u00c7al\u0131\u015fma Ak\u0131mlar\u0131<\/td><td>Max: 500 mA @ 5 VDC, Typical: 300 mA @ 5 VDC,<\/td><\/tr><tr><td>&nbsp;Giri\u015f Voltaj\u0131<\/td><td>5 VDC (\u00b1%5)<\/td><\/tr><tr><td><strong>&nbsp;\u00c7evresel<\/strong><\/td><td><\/td><\/tr><tr><td>&nbsp;I\u015f\u0131k Seviyesi<\/td><td>0 ~ 100.000 Lux<\/td><\/tr><tr><td>&nbsp;\u00c7al\u0131\u015fma S\u0131cakl\u0131\u011f\u0131<\/td><td>0\u00b0C ~ 50\u00b0C<\/td><\/tr><tr><td>&nbsp;Muhafaza S\u0131cakl\u0131\u011f\u0131<\/td><td>-20 \u00b0C ~ 70 \u00b0C<\/td><\/tr><tr><td>&nbsp;Nem<\/td><td>%5 ~ %90 (Yo\u011funla\u015fmas\u0131z)<\/td><\/tr><tr><td>&nbsp;D\u00fc\u015fme dayan\u0131kl\u0131l\u0131\u011f\u0131<\/td><td>1,5 metre<\/td><\/tr><tr><td>&nbsp;IP Standard\u0131<\/td><td>IP40<\/td><\/tr><tr><td>&nbsp;ESD Korumas\u0131 (Air Discharge)<\/td><td>16 kV<\/td><\/tr><tr><td><strong>&nbsp;Ara Birim<\/strong><\/td><\/tr><tr><td>&nbsp;Ara Birimler<\/td><td>Klavye, RS-232 ve USB (\u00c7oklu Arabirim)<\/td><\/tr><tr><td><strong>&nbsp;Fiziksel<\/strong><\/td><td><\/td><\/tr><tr><td>&nbsp;Renk<\/td><td>&nbsp;Siyah<\/td><\/tr><tr><td>&nbsp;Ebatlar<\/td><td>152 mm x 153 mm x 68 mm<\/td><\/tr><tr><td>&nbsp;A\u011f\u0131rl\u0131k<\/td><td>150 Gram<\/td><\/tr><tr><td>&nbsp;Kasa Malzemesi<\/td><td>Karbon Fiber<\/td><\/tr><tr><td><strong>&nbsp;Okuma Aral\u0131klar\u0131<\/strong><\/td><td><\/td><\/tr><tr><td>&nbsp;Tarama mesafeleri<\/td><td>5 mils: 50 mm&nbsp; ~ 150 mm<br>10 mils: 20 mm ~ 350 mm<br>13 mils: 20 mm ~ 400 cm<br>20 mils: 20 mm ~ 600 cm<\/td><\/tr><tr><td><strong>&nbsp;G\u00fcvenlik ve D\u00fczenleyiciler<\/strong><\/td><td><\/td><\/tr><tr><td>&nbsp;Kurum onaylar\u0131 (Sertifikalar)<\/td><td>The product meets necessary safety and regulatory approvals for its intended use. The Quick Reference Guide for this product can be referred to for a complete list of certifications.<\/td><\/tr><tr><td>&nbsp;\u00c7evreye Uyum<\/td><td>\u00c7in ve Avrupa RoHS uyumlu<\/td><\/tr><tr><td>&nbsp;LED S\u0131n\u0131fland\u0131r\u0131lmas\u0131<\/td><td>IEC 62471 Exempt Class uyumlu<\/td><\/tr><tr><td><strong>&nbsp;Ara\u00e7lar<\/strong><\/td><td><\/td><\/tr><tr><td>&nbsp;Datalogic Aladdin<\/td><td>Okuyucu ile ilgili konfig\u00fcrasyonlar\u0131n yap\u0131lmas\u0131n\u0131 sa\u011flayan program<\/td><\/tr><tr><td>&nbsp;OPOS \/ JavaPOS<\/td><td>oPOS ve JavaPOS ara\u00e7lar\u0131 \u00fccretsiz olarak indirilebilir<\/td><\/tr><tr><td>&nbsp;Remote Host Download<\/td><td>D\u00fc\u015f\u00fck maliyet ve geli\u015fmi\u015f i\u015flemler<\/td><\/tr><\/tbody><\/table>\n","protected":false},"excerpt":{"rendered":"<p>\u25cf 1D Barkodlar\u0131 Okuyabilme\u25cf Polifonik Ses \u0130le Bildirim\u25cf 20 ~ 600 mm Tarama Mesafesi\u25cf Saniyede 270 Tarama H\u0131z\u0131\u25cf \u00c7oklu Arabirim Se\u00e7enekleri\u25cf IP40 Standartlar\u0131nda\u25cf 1,5 Metreden D\u00fc\u015fmeye Dayan\u0131kl\u0131\u25cf Stand \u00dczerinde Dahi Okuyabilme &nbsp;Okuma Performans\u0131 &nbsp;Imager Sens\u00f6r CCD Solid-State (2500 Piksel) &nbsp;Yazd\u0131rma kar\u015f\u0131tl\u0131\u011f\u0131 (Minimum) 15% &nbsp;Saniyedeki Tarama H\u0131z\u0131 270 (Maximum) &nbsp;Okuma G\u00f6stergeleri Ayarlanabilir Ses Tonu, Datalogic &#8220;Green [&hellip;]<\/p>\n","protected":false},"author":1,"featured_media":0,"parent":736,"menu_order":0,"comment_status":"closed","ping_status":"closed","template":"","meta":[],"yoast_head":"<!-- This site is optimized with the Yoast SEO plugin v15.7 - https:\/\/yoast.com\/wordpress\/plugins\/seo\/ -->\n<title>Datalogic Heron HD3100 Barkod Okuyucu - Crea Barkod<\/title>\n<meta name=\"robots\" content=\"index, follow, max-snippet:-1, max-image-preview:large, max-video-preview:-1\" \/>\n<link rel=\"canonical\" href=\"http:\/\/www.creabarkod.com\/?page_id=799\" \/>\n<meta property=\"og:locale\" content=\"tr_TR\" \/>\n<meta property=\"og:type\" content=\"article\" \/>\n<meta property=\"og:title\" content=\"Datalogic Heron HD3100 Barkod Okuyucu - Crea Barkod\" \/>\n<meta property=\"og:description\" content=\"\u25cf 1D Barkodlar\u0131 Okuyabilme\u25cf Polifonik Ses \u0130le Bildirim\u25cf 20 ~ 600 mm Tarama Mesafesi\u25cf Saniyede 270 Tarama H\u0131z\u0131\u25cf \u00c7oklu Arabirim Se\u00e7enekleri\u25cf IP40 Standartlar\u0131nda\u25cf 1,5 Metreden D\u00fc\u015fmeye Dayan\u0131kl\u0131\u25cf Stand \u00dczerinde Dahi Okuyabilme &nbsp;Okuma Performans\u0131 &nbsp;Imager Sens\u00f6r CCD Solid-State (2500 Piksel) &nbsp;Yazd\u0131rma kar\u015f\u0131tl\u0131\u011f\u0131 (Minimum) 15% &nbsp;Saniyedeki Tarama H\u0131z\u0131 270 (Maximum) &nbsp;Okuma G\u00f6stergeleri Ayarlanabilir Ses Tonu, Datalogic &#8220;Green [&hellip;]\" \/>\n<meta property=\"og:url\" content=\"http:\/\/www.creabarkod.com\/?page_id=799\" \/>\n<meta property=\"og:site_name\" content=\"Crea Barkod\" \/>\n<meta property=\"article:modified_time\" content=\"2019-06-20T09:17:27+00:00\" \/>\n<meta property=\"og:image\" content=\"http:\/\/www.creabarkod.com\/wp-content\/uploads\/2019\/06\/Datalogic-Heron-HD3100-CCD-Barkod-Okuyucu.jpg\" \/>\n<meta name=\"twitter:card\" content=\"summary_large_image\" \/>\n<meta name=\"twitter:label1\" content=\"Tahmini okuma s\u00fcresi\">\n\t<meta name=\"twitter:data1\" content=\"2 dakika\">\n<script type=\"application\/ld+json\" class=\"yoast-schema-graph\">{\"@context\":\"https:\/\/schema.org\",\"@graph\":[{\"@type\":\"WebSite\",\"@id\":\"http:\/\/www.creabarkod.com\/#website\",\"url\":\"http:\/\/www.creabarkod.com\/\",\"name\":\"Crea Barkod\",\"description\":\"\",\"potentialAction\":[{\"@type\":\"SearchAction\",\"target\":\"http:\/\/www.creabarkod.com\/?s={search_term_string}\",\"query-input\":\"required name=search_term_string\"}],\"inLanguage\":\"tr\"},{\"@type\":\"ImageObject\",\"@id\":\"http:\/\/www.creabarkod.com\/?page_id=799#primaryimage\",\"inLanguage\":\"tr\",\"url\":\"http:\/\/www.creabarkod.com\/wp-content\/uploads\/2019\/06\/Datalogic-Heron-HD3100-CCD-Barkod-Okuyucu.jpg\",\"width\":500,\"height\":500,\"caption\":\"Datalogic Heron HD3100 CCD Barkod Okuyucu\"},{\"@type\":\"WebPage\",\"@id\":\"http:\/\/www.creabarkod.com\/?page_id=799#webpage\",\"url\":\"http:\/\/www.creabarkod.com\/?page_id=799\",\"name\":\"Datalogic Heron HD3100 Barkod Okuyucu - Crea Barkod\",\"isPartOf\":{\"@id\":\"http:\/\/www.creabarkod.com\/#website\"},\"primaryImageOfPage\":{\"@id\":\"http:\/\/www.creabarkod.com\/?page_id=799#primaryimage\"},\"datePublished\":\"2019-06-20T09:16:42+00:00\",\"dateModified\":\"2019-06-20T09:17:27+00:00\",\"inLanguage\":\"tr\",\"potentialAction\":[{\"@type\":\"ReadAction\",\"target\":[\"http:\/\/www.creabarkod.com\/?page_id=799\"]}]}]}<\/script>\n<!-- \/ Yoast SEO plugin. -->","_links":{"self":[{"href":"http:\/\/www.creabarkod.com\/index.php?rest_route=\/wp\/v2\/pages\/799"}],"collection":[{"href":"http:\/\/www.creabarkod.com\/index.php?rest_route=\/wp\/v2\/pages"}],"about":[{"href":"http:\/\/www.creabarkod.com\/index.php?rest_route=\/wp\/v2\/types\/page"}],"author":[{"embeddable":true,"href":"http:\/\/www.creabarkod.com\/index.php?rest_route=\/wp\/v2\/users\/1"}],"replies":[{"embeddable":true,"href":"http:\/\/www.creabarkod.com\/index.php?rest_route=%2Fwp%2Fv2%2Fcomments&post=799"}],"version-history":[{"count":1,"href":"http:\/\/www.creabarkod.com\/index.php?rest_route=\/wp\/v2\/pages\/799\/revisions"}],"predecessor-version":[{"id":801,"href":"http:\/\/www.creabarkod.com\/index.php?rest_route=\/wp\/v2\/pages\/799\/revisions\/801"}],"up":[{"embeddable":true,"href":"http:\/\/www.creabarkod.com\/index.php?rest_route=\/wp\/v2\/pages\/736"}],"wp:attachment":[{"href":"http:\/\/www.creabarkod.com\/index.php?rest_route=%2Fwp%2Fv2%2Fmedia&parent=799"}],"curies":[{"name":"wp","href":"https:\/\/api.w.org\/{rel}","templated":true}]}}