{"id":794,"date":"2019-06-20T09:13:13","date_gmt":"2019-06-20T09:13:13","guid":{"rendered":"http:\/\/www.creabarkod.com\/?page_id=794"},"modified":"2019-06-20T09:17:27","modified_gmt":"2019-06-20T09:17:27","slug":"argox-as-8000-ccd-barkod-okuyucu","status":"publish","type":"page","link":"http:\/\/www.creabarkod.com\/?page_id=794","title":{"rendered":"Argox AS-8000 CCD Barkod Okuyucu"},"content":{"rendered":"\n<ul class=\"wp-block-gallery columns-2 is-cropped\"><li class=\"blocks-gallery-item\"><figure><a href=\"http:\/\/www.creabarkod.com\/wp-content\/uploads\/2019\/06\/Argox-AS-8000-CCD-Barkod-Okuyucu-1-1.jpg\"><img loading=\"lazy\" width=\"500\" height=\"500\" src=\"http:\/\/www.creabarkod.com\/wp-content\/uploads\/2019\/06\/Argox-AS-8000-CCD-Barkod-Okuyucu-1-1.jpg\" alt=\"Argox AS-8000 CCD Barkod Okuyucu\" data-id=\"795\" data-link=\"http:\/\/www.creabarkod.com\/?attachment_id=795\" class=\"wp-image-795\" srcset=\"http:\/\/www.creabarkod.com\/wp-content\/uploads\/2019\/06\/Argox-AS-8000-CCD-Barkod-Okuyucu-1-1.jpg 500w, http:\/\/www.creabarkod.com\/wp-content\/uploads\/2019\/06\/Argox-AS-8000-CCD-Barkod-Okuyucu-1-1-150x150.jpg 150w, http:\/\/www.creabarkod.com\/wp-content\/uploads\/2019\/06\/Argox-AS-8000-CCD-Barkod-Okuyucu-1-1-300x300.jpg 300w\" sizes=\"(max-width: 500px) 100vw, 500px\" \/><\/a><\/figure><\/li><li class=\"blocks-gallery-item\"><figure><a href=\"http:\/\/www.creabarkod.com\/wp-content\/uploads\/2019\/06\/Argox-AS-8000-CCD-Barkod-Okuyucu-2.jpg\"><img loading=\"lazy\" width=\"500\" height=\"500\" src=\"http:\/\/www.creabarkod.com\/wp-content\/uploads\/2019\/06\/Argox-AS-8000-CCD-Barkod-Okuyucu-2.jpg\" alt=\"Argox AS-8000 CCD Barkod Okuyucu\" data-id=\"796\" data-link=\"http:\/\/www.creabarkod.com\/?attachment_id=796\" class=\"wp-image-796\" srcset=\"http:\/\/www.creabarkod.com\/wp-content\/uploads\/2019\/06\/Argox-AS-8000-CCD-Barkod-Okuyucu-2.jpg 500w, http:\/\/www.creabarkod.com\/wp-content\/uploads\/2019\/06\/Argox-AS-8000-CCD-Barkod-Okuyucu-2-150x150.jpg 150w, http:\/\/www.creabarkod.com\/wp-content\/uploads\/2019\/06\/Argox-AS-8000-CCD-Barkod-Okuyucu-2-300x300.jpg 300w\" sizes=\"(max-width: 500px) 100vw, 500px\" \/><\/a><\/figure><\/li><\/ul>\n\n\n\n<p>\u25cf 1D CCD barkod okuyucu<br>\u25cf Hafif ve sa\u011flam tasar\u0131m<br>\u25cf Saniyede 100 Tarama<br><strong>\u25cf\u00a0<\/strong>0,1 mm (4 mil) \u00e7\u00f6z\u00fcn\u00fcrl\u00fck\u25cf 0 ~ 125 mm okuma mesafesi<br>\u25cf USB, Klavye (PS\/2) ve Seri Port Deste\u011fi<br>\u25cf G\u00fcne\u015f \u0131\u015f\u0131\u011f\u0131nda dahi okuma <\/p>\n\n\n\n<table class=\"wp-block-table\"><tbody><tr><td><strong>&nbsp;\u0130\u015flemsel<\/strong><\/td><\/tr><tr><td>&nbsp;I\u015f\u0131k kayna\u011f\u0131<\/td><td>660 nm g\u00f6r\u00fclebilir LED<\/td><\/tr><tr><td>&nbsp;Optik Sistem<\/td><td>2048 pixel CCD<\/td><\/tr><tr><td>&nbsp;Tarama Uzakl\u0131\u011f\u0131<\/td><td>0 &#8211; 125 mm (13 mil, 0.33 mm)<br>0 &#8211; 180 mm (20 mil, 0.51 mm)<\/td><\/tr><tr><td>&nbsp;Tarama Geni\u015fli\u011fi<\/td><td>95 mm (70 mm uzakl\u0131k)<br>50 mm (100 mm uzakl\u0131k)<\/td><\/tr><tr><td>&nbsp;Tarama H\u0131z\u0131<\/td><td>100 tarama\/saniye<\/td><\/tr><tr><td>&nbsp;Minumum Bar Geni\u015fli\u011fi<\/td><td>4 mil (0.1 mm) Code 39, PCS 90%<\/td><\/tr><tr><td>&nbsp;Bask\u0131 Kontrast\u0131<\/td><td>%45<\/td><\/tr><tr><td>&nbsp;G\u00f6stergeler (LED)<\/td><td>Ye\u015fil Led ve beep sesi<\/td><\/tr><tr><td>&nbsp;Ses Tonu<\/td><td>7 ton beep sesi veya sessiz<\/td><\/tr><tr><td>&nbsp;Sistem Arabirimleri<\/td><td>Klavye, Seri (RS-232C) ve USB<\/td><\/tr><tr><td><strong>&nbsp;Fiziksel<\/strong><\/td><td>&nbsp;<\/td><\/tr><tr><td>&nbsp;Uzunluk<\/td><td>176 mm<\/td><\/tr><tr><td>&nbsp;Derinlik<\/td><td>30 mm, 40 mm<\/td><\/tr><tr><td>&nbsp;Geni\u015flik<\/td><td>40 mm, 67 mm<\/td><\/tr><tr><td>&nbsp;A\u011f\u0131rl\u0131k<\/td><td>90 gr, (Ayak opsiyoneldir)<\/td><\/tr><tr><td>&nbsp;Kablo<\/td><td>Standart 2 metre d\u00fcz kablo<\/td><\/tr><tr><td><strong>&nbsp;Elektriksel<\/strong><\/td><td>&nbsp;<\/td><\/tr><tr><td>&nbsp;Giri\u015f Voltaj\u0131<\/td><td>5VDC \u00b1 0.25V<\/td><\/tr><tr><td>&nbsp;G\u00fc\u00e7<\/td><td>\u00c7al\u0131\u015fma: Max 750 mW<br>Bekleme:150 mW<\/td><\/tr><tr><td>&nbsp;\u00c7al\u0131\u015fma Ak\u0131m\u0131<\/td><td>\u00c7al\u0131\u015fma:150 mA @5.0V<br>Bekleme: 30 mA @5.0V<\/td><\/tr><tr><td>&nbsp;EMC<\/td><td>FCC Class A, CE<\/td><\/tr><tr><td><strong>&nbsp;\u00c7evresel<\/strong><\/td><td>&nbsp;<\/td><\/tr><tr><td>&nbsp;\u00c7al\u0131\u015fma S\u0131cakl\u0131\u011f\u0131<\/td><td>0 \u00b0C ~ 45 \u00b0C<\/td><\/tr><tr><td>&nbsp;Muhafaza S\u0131cakl\u0131\u011f\u0131<\/td><td>-20 \u00b0C ~ 60 \u00b0C<\/td><\/tr><tr><td>&nbsp;Nem<\/td><td>5% ~ 95% (Yo\u011funla\u015fmas\u0131z)<\/td><\/tr><tr><td>&nbsp;I\u015f\u0131k Seviyesi<\/td><td>Max 20.000 Lux (floresans \u0131\u015f\u0131\u011f\u0131)<\/td><\/tr><tr><td>&nbsp;Darbeler<\/td><td>1,5 metreden d\u00fc\u015fmeye kar\u015f\u0131 dizayn edilmi\u015f<\/td><\/tr><tr><td><strong>&nbsp;Desteklenen&nbsp;<\/strong><strong>Barkod Tipleri<\/strong><\/td><td>&nbsp;<\/td><\/tr><tr><td>&nbsp;Standart<\/td><td>UPC\/EAN\/JAN, UPC\/EAN with supplementary, JAN 8 &amp; JAN 13, ISBN\/ISSN, Code 39, Code 39 with full ASCII, trioptic Code 39,&nbsp; Codabar (NM7), Code 128, Code 128 with full ASCII, Code 93,&nbsp; Interleaved 2 of 5 (ITF), Addendum 2 of 5, IATA Code, MSI\/Plessy, China Postal Code, Code 32<\/td><\/tr><\/tbody><\/table>\n","protected":false},"excerpt":{"rendered":"<p>\u25cf 1D CCD barkod okuyucu\u25cf Hafif ve sa\u011flam tasar\u0131m\u25cf Saniyede 100 Tarama\u25cf\u00a00,1 mm (4 mil) \u00e7\u00f6z\u00fcn\u00fcrl\u00fck\u25cf 0 ~ 125 mm okuma mesafesi\u25cf USB, Klavye (PS\/2) ve Seri Port Deste\u011fi\u25cf G\u00fcne\u015f \u0131\u015f\u0131\u011f\u0131nda dahi okuma &nbsp;\u0130\u015flemsel &nbsp;I\u015f\u0131k kayna\u011f\u0131 660 nm g\u00f6r\u00fclebilir LED &nbsp;Optik Sistem 2048 pixel CCD &nbsp;Tarama Uzakl\u0131\u011f\u0131 0 &#8211; 125 mm (13 mil, 0.33 mm)0 [&hellip;]<\/p>\n","protected":false},"author":1,"featured_media":0,"parent":736,"menu_order":0,"comment_status":"closed","ping_status":"closed","template":"","meta":[],"yoast_head":"<!-- This site is optimized with the Yoast SEO plugin v15.7 - https:\/\/yoast.com\/wordpress\/plugins\/seo\/ -->\n<title>Argox AS-8000 CCD Barkod Okuyucu - Crea Barkod<\/title>\n<meta name=\"robots\" content=\"index, follow, max-snippet:-1, max-image-preview:large, max-video-preview:-1\" \/>\n<link rel=\"canonical\" href=\"http:\/\/www.creabarkod.com\/?page_id=794\" \/>\n<meta property=\"og:locale\" content=\"tr_TR\" \/>\n<meta property=\"og:type\" content=\"article\" \/>\n<meta property=\"og:title\" content=\"Argox AS-8000 CCD Barkod Okuyucu - Crea Barkod\" \/>\n<meta property=\"og:description\" content=\"\u25cf 1D CCD barkod okuyucu\u25cf Hafif ve sa\u011flam tasar\u0131m\u25cf Saniyede 100 Tarama\u25cf\u00a00,1 mm (4 mil) \u00e7\u00f6z\u00fcn\u00fcrl\u00fck\u25cf 0 ~ 125 mm okuma mesafesi\u25cf USB, Klavye (PS\/2) ve Seri Port Deste\u011fi\u25cf G\u00fcne\u015f \u0131\u015f\u0131\u011f\u0131nda dahi okuma &nbsp;\u0130\u015flemsel &nbsp;I\u015f\u0131k kayna\u011f\u0131 660 nm g\u00f6r\u00fclebilir LED &nbsp;Optik Sistem 2048 pixel CCD &nbsp;Tarama Uzakl\u0131\u011f\u0131 0 &#8211; 125 mm (13 mil, 0.33 mm)0 [&hellip;]\" \/>\n<meta property=\"og:url\" content=\"http:\/\/www.creabarkod.com\/?page_id=794\" \/>\n<meta property=\"og:site_name\" content=\"Crea Barkod\" \/>\n<meta property=\"article:modified_time\" content=\"2019-06-20T09:17:27+00:00\" \/>\n<meta property=\"og:image\" content=\"http:\/\/www.creabarkod.com\/wp-content\/uploads\/2019\/06\/Argox-AS-8000-CCD-Barkod-Okuyucu-1-1.jpg\" \/>\n<meta name=\"twitter:card\" content=\"summary_large_image\" \/>\n<meta name=\"twitter:label1\" content=\"Tahmini okuma s\u00fcresi\">\n\t<meta name=\"twitter:data1\" content=\"1 dakika\">\n<script type=\"application\/ld+json\" class=\"yoast-schema-graph\">{\"@context\":\"https:\/\/schema.org\",\"@graph\":[{\"@type\":\"WebSite\",\"@id\":\"http:\/\/www.creabarkod.com\/#website\",\"url\":\"http:\/\/www.creabarkod.com\/\",\"name\":\"Crea Barkod\",\"description\":\"\",\"potentialAction\":[{\"@type\":\"SearchAction\",\"target\":\"http:\/\/www.creabarkod.com\/?s={search_term_string}\",\"query-input\":\"required name=search_term_string\"}],\"inLanguage\":\"tr\"},{\"@type\":\"ImageObject\",\"@id\":\"http:\/\/www.creabarkod.com\/?page_id=794#primaryimage\",\"inLanguage\":\"tr\",\"url\":\"http:\/\/www.creabarkod.com\/wp-content\/uploads\/2019\/06\/Argox-AS-8000-CCD-Barkod-Okuyucu-1-1.jpg\",\"width\":500,\"height\":500,\"caption\":\"Argox AS-8000 CCD Barkod Okuyucu\"},{\"@type\":\"WebPage\",\"@id\":\"http:\/\/www.creabarkod.com\/?page_id=794#webpage\",\"url\":\"http:\/\/www.creabarkod.com\/?page_id=794\",\"name\":\"Argox AS-8000 CCD Barkod Okuyucu - Crea Barkod\",\"isPartOf\":{\"@id\":\"http:\/\/www.creabarkod.com\/#website\"},\"primaryImageOfPage\":{\"@id\":\"http:\/\/www.creabarkod.com\/?page_id=794#primaryimage\"},\"datePublished\":\"2019-06-20T09:13:13+00:00\",\"dateModified\":\"2019-06-20T09:17:27+00:00\",\"inLanguage\":\"tr\",\"potentialAction\":[{\"@type\":\"ReadAction\",\"target\":[\"http:\/\/www.creabarkod.com\/?page_id=794\"]}]}]}<\/script>\n<!-- \/ Yoast SEO plugin. -->","_links":{"self":[{"href":"http:\/\/www.creabarkod.com\/index.php?rest_route=\/wp\/v2\/pages\/794"}],"collection":[{"href":"http:\/\/www.creabarkod.com\/index.php?rest_route=\/wp\/v2\/pages"}],"about":[{"href":"http:\/\/www.creabarkod.com\/index.php?rest_route=\/wp\/v2\/types\/page"}],"author":[{"embeddable":true,"href":"http:\/\/www.creabarkod.com\/index.php?rest_route=\/wp\/v2\/users\/1"}],"replies":[{"embeddable":true,"href":"http:\/\/www.creabarkod.com\/index.php?rest_route=%2Fwp%2Fv2%2Fcomments&post=794"}],"version-history":[{"count":1,"href":"http:\/\/www.creabarkod.com\/index.php?rest_route=\/wp\/v2\/pages\/794\/revisions"}],"predecessor-version":[{"id":797,"href":"http:\/\/www.creabarkod.com\/index.php?rest_route=\/wp\/v2\/pages\/794\/revisions\/797"}],"up":[{"embeddable":true,"href":"http:\/\/www.creabarkod.com\/index.php?rest_route=\/wp\/v2\/pages\/736"}],"wp:attachment":[{"href":"http:\/\/www.creabarkod.com\/index.php?rest_route=%2Fwp%2Fv2%2Fmedia&parent=794"}],"curies":[{"name":"wp","href":"https:\/\/api.w.org\/{rel}","templated":true}]}}