{"id":781,"date":"2019-06-19T11:19:10","date_gmt":"2019-06-19T11:19:10","guid":{"rendered":"http:\/\/www.creabarkod.com\/?page_id=781"},"modified":"2019-06-19T11:21:08","modified_gmt":"2019-06-19T11:21:08","slug":"datalogic-quickscan-qd2300-tek-cizgili-lazer-barkod-okuyucu","status":"publish","type":"page","link":"http:\/\/www.creabarkod.com\/?page_id=781","title":{"rendered":"Datalogic QuickScan QD2300 Tek \u00c7izgili Lazer Barkod Okuyucu"},"content":{"rendered":"\n<ul class=\"wp-block-gallery columns-4 is-cropped\"><li class=\"blocks-gallery-item\"><figure><a href=\"http:\/\/www.creabarkod.com\/wp-content\/uploads\/2019\/06\/Datalogic-QuickScan-QD2300-Tek-\u00c7izgili-Lazer-Barkod-Okuyucu-1-1.jpg\"><img loading=\"lazy\" width=\"500\" height=\"500\" src=\"http:\/\/www.creabarkod.com\/wp-content\/uploads\/2019\/06\/Datalogic-QuickScan-QD2300-Tek-\u00c7izgili-Lazer-Barkod-Okuyucu-1-1.jpg\" alt=\"Datalogic QuickScan QD2300 Tek \u00c7izgili Lazer Barkod Okuyucu\" data-id=\"782\" data-link=\"http:\/\/www.creabarkod.com\/?attachment_id=782\" class=\"wp-image-782\" srcset=\"http:\/\/www.creabarkod.com\/wp-content\/uploads\/2019\/06\/Datalogic-QuickScan-QD2300-Tek-\u00c7izgili-Lazer-Barkod-Okuyucu-1-1.jpg 500w, http:\/\/www.creabarkod.com\/wp-content\/uploads\/2019\/06\/Datalogic-QuickScan-QD2300-Tek-\u00c7izgili-Lazer-Barkod-Okuyucu-1-1-150x150.jpg 150w, http:\/\/www.creabarkod.com\/wp-content\/uploads\/2019\/06\/Datalogic-QuickScan-QD2300-Tek-\u00c7izgili-Lazer-Barkod-Okuyucu-1-1-300x300.jpg 300w\" sizes=\"(max-width: 500px) 100vw, 500px\" \/><\/a><\/figure><\/li><li class=\"blocks-gallery-item\"><figure><a href=\"http:\/\/www.creabarkod.com\/wp-content\/uploads\/2019\/06\/Datalogic-QuickScan-QD2300-Tek-\u00c7izgili-Lazer-Barkod-Okuyucu-2.jpg\"><img loading=\"lazy\" width=\"500\" height=\"500\" src=\"http:\/\/www.creabarkod.com\/wp-content\/uploads\/2019\/06\/Datalogic-QuickScan-QD2300-Tek-\u00c7izgili-Lazer-Barkod-Okuyucu-2.jpg\" alt=\"Datalogic QuickScan QD2300 Tek \u00c7izgili Lazer Barkod Okuyucu\" data-id=\"783\" data-link=\"http:\/\/www.creabarkod.com\/?attachment_id=783\" class=\"wp-image-783\" srcset=\"http:\/\/www.creabarkod.com\/wp-content\/uploads\/2019\/06\/Datalogic-QuickScan-QD2300-Tek-\u00c7izgili-Lazer-Barkod-Okuyucu-2.jpg 500w, http:\/\/www.creabarkod.com\/wp-content\/uploads\/2019\/06\/Datalogic-QuickScan-QD2300-Tek-\u00c7izgili-Lazer-Barkod-Okuyucu-2-150x150.jpg 150w, http:\/\/www.creabarkod.com\/wp-content\/uploads\/2019\/06\/Datalogic-QuickScan-QD2300-Tek-\u00c7izgili-Lazer-Barkod-Okuyucu-2-300x300.jpg 300w\" sizes=\"(max-width: 500px) 100vw, 500px\" \/><\/a><\/figure><\/li><li class=\"blocks-gallery-item\"><figure><a href=\"http:\/\/www.creabarkod.com\/wp-content\/uploads\/2019\/06\/Datalogic-QuickScan-QD2300-Tek-\u00c7izgili-Lazer-Barkod-Okuyucu-3.jpg\"><img loading=\"lazy\" width=\"500\" height=\"500\" src=\"http:\/\/www.creabarkod.com\/wp-content\/uploads\/2019\/06\/Datalogic-QuickScan-QD2300-Tek-\u00c7izgili-Lazer-Barkod-Okuyucu-3.jpg\" alt=\"Datalogic QuickScan QD2300 Tek \u00c7izgili Lazer Barkod Okuyucu\" data-id=\"784\" data-link=\"http:\/\/www.creabarkod.com\/?attachment_id=784\" class=\"wp-image-784\" srcset=\"http:\/\/www.creabarkod.com\/wp-content\/uploads\/2019\/06\/Datalogic-QuickScan-QD2300-Tek-\u00c7izgili-Lazer-Barkod-Okuyucu-3.jpg 500w, http:\/\/www.creabarkod.com\/wp-content\/uploads\/2019\/06\/Datalogic-QuickScan-QD2300-Tek-\u00c7izgili-Lazer-Barkod-Okuyucu-3-150x150.jpg 150w, http:\/\/www.creabarkod.com\/wp-content\/uploads\/2019\/06\/Datalogic-QuickScan-QD2300-Tek-\u00c7izgili-Lazer-Barkod-Okuyucu-3-300x300.jpg 300w\" sizes=\"(max-width: 500px) 100vw, 500px\" \/><\/a><\/figure><\/li><li class=\"blocks-gallery-item\"><figure><a href=\"http:\/\/www.creabarkod.com\/wp-content\/uploads\/2019\/06\/Datalogic-QuickScan-QD2300-Tek-\u00c7izgili-Lazer-Barkod-Okuyucu-4.jpg\"><img loading=\"lazy\" width=\"500\" height=\"500\" src=\"http:\/\/www.creabarkod.com\/wp-content\/uploads\/2019\/06\/Datalogic-QuickScan-QD2300-Tek-\u00c7izgili-Lazer-Barkod-Okuyucu-4.jpg\" alt=\"Datalogic QuickScan QD2300 Tek \u00c7izgili Lazer Barkod Okuyucu\" data-id=\"785\" data-link=\"http:\/\/www.creabarkod.com\/?attachment_id=785\" class=\"wp-image-785\" srcset=\"http:\/\/www.creabarkod.com\/wp-content\/uploads\/2019\/06\/Datalogic-QuickScan-QD2300-Tek-\u00c7izgili-Lazer-Barkod-Okuyucu-4.jpg 500w, http:\/\/www.creabarkod.com\/wp-content\/uploads\/2019\/06\/Datalogic-QuickScan-QD2300-Tek-\u00c7izgili-Lazer-Barkod-Okuyucu-4-150x150.jpg 150w, http:\/\/www.creabarkod.com\/wp-content\/uploads\/2019\/06\/Datalogic-QuickScan-QD2300-Tek-\u00c7izgili-Lazer-Barkod-Okuyucu-4-300x300.jpg 300w\" sizes=\"(max-width: 500px) 100vw, 500px\" \/><\/a><\/figure><\/li><\/ul>\n\n\n\n<p>\u25cf 1D Barkodlar\u0131 Okuyabilme<br>\u25cf De\u011fi\u015ftirilebilir \u00d6n Cam<br>\u25cf Saniyede 100 Tarama<br>\u25cf 0,130 mm (5 mil) \u00e7\u00f6z\u00fcn\u00fcrl\u00fck<br>\u25cf 5 ~ 270 mm okuma mesafesi<br>\u25cf IP42 Standartlar\u0131nda<br>\u25cf 1,5 metreden d\u00fc\u015fmeye dayan\u0131kl\u0131 <\/p>\n\n\n\n<table class=\"wp-block-table\"><tbody><tr><td><strong>Okuma Performans\u0131<\/strong><\/td><\/tr><tr><td>&nbsp;I\u015f\u0131k kayna\u011f\u0131<\/td><td>650 nm VLD<\/td><\/tr><tr><td>&nbsp;Bask\u0131 Kontrast\u0131 (Minimum)<\/td><td>30%<\/td><\/tr><tr><td>&nbsp;Tarama H\u0131z\u0131<\/td><td>100 tarama\/saniye<\/td><\/tr><tr><td>&nbsp;Tarama A\u00e7\u0131s\u0131<\/td><td>Pitch: \u00b1 65\u00b0, Roll (Tilt): \u00b1 30\u00b0, Skew (Yaw): \u00b1 60\u00b0<\/td><\/tr><tr><td>&nbsp;G\u00f6stergeler (LED)<\/td><td>Ayarlanabilir Ses Tonu,&nbsp;Do\u011frulama LED i<\/td><\/tr><tr><td>&nbsp;\u00c7\u00f6z\u00fcn\u00fcrl\u00fck<\/td><td>0.130 mm&nbsp; (5 mil)<\/td><\/tr><tr><td><strong>&nbsp;\u00c7\u00f6z\u00fcmleme Yetene\u011fi<\/strong><\/td><td><\/td><\/tr><tr><td>&nbsp;1D Linear Kodlar<\/td><td>GS1\/Databar Dahil Standart 1D Linear Kodlar<\/td><\/tr><tr><td>&nbsp;Postal Kodlar<\/td><td>China Post<\/td><\/tr><tr><td><strong>&nbsp;Elektriksel<\/strong><\/td><td><\/td><\/tr><tr><td>&nbsp;Giri\u015f Voltaj\u0131<\/td><td>5VDC&nbsp;\u00b1%10<\/td><\/tr><tr><td>&nbsp;G\u00fc\u00e7 T\u00fcketimi<\/td><td>\u00c7al\u0131\u015fma Modunda:&nbsp;100 mA 5VDC<\/td><\/tr><tr><td>Bekleme Modunda: 35 mA 5VDC<\/td><\/tr><tr><td><strong>&nbsp;Ara Birim<\/strong><\/td><\/tr><tr><td>&nbsp;Desteklenen Arabirimler<\/td><td>Keyboard Wedge, RS-232, USB&nbsp; (\u00c7oklu Arabirim)<\/td><\/tr><tr><td><strong>&nbsp;\u00c7evresel<\/strong><\/td><td><\/td><\/tr><tr><td>&nbsp;I\u015f\u0131k Seviyesi<\/td><td>64.575 Lux<\/td><\/tr><tr><td>&nbsp;\u00c7al\u0131\u015fma S\u0131cakl\u0131\u011f\u0131<\/td><td>0\u00b0C ~ 50\u00b0C<\/td><\/tr><tr><td>&nbsp;Muhafaza S\u0131cakl\u0131\u011f\u0131<\/td><td>-40 \u00b0C ~ 70 \u00b0C<\/td><\/tr><tr><td>&nbsp;Nem<\/td><td>%5 ~ %95 (Yo\u011funla\u015fmas\u0131z)<\/td><\/tr><tr><td>&nbsp;D\u00fc\u015fme dayan\u0131kl\u0131l\u0131\u011f\u0131<\/td><td>1,5 metre<\/td><\/tr><tr><td>&nbsp;IP Standard\u0131<\/td><td>IP42<\/td><\/tr><tr><td>&nbsp;ESD Korumas\u0131 (Air Discharge)<\/td><td>20&nbsp;kV<\/td><\/tr><tr><td><strong>&nbsp;Fiziksel<\/strong><\/td><td><\/td><\/tr><tr><td>&nbsp;Renk<\/td><td>&nbsp;Siyah<\/td><\/tr><tr><td>&nbsp;Boyutlar<\/td><td>17 mm x 71 mm x 66 mm<\/td><\/tr><tr><td>&nbsp;A\u011f\u0131rl\u0131k<\/td><td>127,6 gram<\/td><\/tr><tr><td><strong>&nbsp;Okuma Aral\u0131klar\u0131<\/strong><\/td><td><\/td><\/tr><tr><td>&nbsp;Tarama mesafeleri<\/td><td>5 mil: 20 mm&nbsp; ~ 130 mm<\/td><\/tr><tr><td>7,5 mil: 10 mm&nbsp; ~ 200 mm<\/td><\/tr><tr><td>10 mil: 5 mm&nbsp; ~ 220 mm<\/td><\/tr><tr><td>13 mil: 5 mm&nbsp; ~ 245 mm<\/td><\/tr><tr><td>20 mil: 30 mm&nbsp; ~ 270 mm<\/td><\/tr><tr><td><strong>&nbsp;G\u00fcvenlik ve D\u00fczenleyiciler<\/strong><\/td><td><\/td><\/tr><tr><td>&nbsp;Kurum onaylar\u0131 (Sertifikalar)<\/td><td>\u00dcr\u00fcn ama\u00e7lanan kullan\u0131m\u0131 i\u00e7in gerekli g\u00fcvenlik ve d\u00fczenleyici onaylar\u0131 kar\u015f\u0131lar. Gerekli sertifikalar kullan\u0131m k\u0131lavuzunda belirtilmi\u015ftir.<\/td><\/tr><tr><td>&nbsp;\u00c7evreye Uyum<\/td><td>\u00c7in ve Avrupa RoHS uyumlu<\/td><\/tr><tr><td>&nbsp;Lazer s\u0131n\u0131fland\u0131rmas\u0131<\/td><td>EN 60825-1 Class 2; IEC 60825-1 Class 2<\/td><\/tr><tr><td>Not: Lazer \u0131\u015f\u0131\u011f\u0131n\u0131 do\u011frudan g\u00f6ze tutmay\u0131n.<\/td><\/tr><\/tbody><\/table>\n","protected":false},"excerpt":{"rendered":"<p>\u25cf 1D Barkodlar\u0131 Okuyabilme\u25cf De\u011fi\u015ftirilebilir \u00d6n Cam\u25cf Saniyede 100 Tarama\u25cf 0,130 mm (5 mil) \u00e7\u00f6z\u00fcn\u00fcrl\u00fck\u25cf 5 ~ 270 mm okuma mesafesi\u25cf IP42 Standartlar\u0131nda\u25cf 1,5 metreden d\u00fc\u015fmeye dayan\u0131kl\u0131 Okuma Performans\u0131 &nbsp;I\u015f\u0131k kayna\u011f\u0131 650 nm VLD &nbsp;Bask\u0131 Kontrast\u0131 (Minimum) 30% &nbsp;Tarama H\u0131z\u0131 100 tarama\/saniye &nbsp;Tarama A\u00e7\u0131s\u0131 Pitch: \u00b1 65\u00b0, Roll (Tilt): \u00b1 30\u00b0, Skew (Yaw): \u00b1 60\u00b0 [&hellip;]<\/p>\n","protected":false},"author":1,"featured_media":0,"parent":762,"menu_order":0,"comment_status":"closed","ping_status":"closed","template":"","meta":[],"yoast_head":"<!-- This site is optimized with the Yoast SEO plugin v15.7 - https:\/\/yoast.com\/wordpress\/plugins\/seo\/ -->\n<title>Datalogic QuickScan QD2300 Tek \u00c7izgili Lazer Barkod Okuyucu - Crea Barkod<\/title>\n<meta name=\"robots\" content=\"index, follow, max-snippet:-1, max-image-preview:large, max-video-preview:-1\" \/>\n<link rel=\"canonical\" href=\"http:\/\/www.creabarkod.com\/?page_id=781\" \/>\n<meta property=\"og:locale\" content=\"tr_TR\" \/>\n<meta property=\"og:type\" content=\"article\" \/>\n<meta property=\"og:title\" content=\"Datalogic QuickScan QD2300 Tek \u00c7izgili Lazer Barkod Okuyucu - Crea Barkod\" \/>\n<meta property=\"og:description\" content=\"\u25cf 1D Barkodlar\u0131 Okuyabilme\u25cf De\u011fi\u015ftirilebilir \u00d6n Cam\u25cf Saniyede 100 Tarama\u25cf 0,130 mm (5 mil) \u00e7\u00f6z\u00fcn\u00fcrl\u00fck\u25cf 5 ~ 270 mm okuma mesafesi\u25cf IP42 Standartlar\u0131nda\u25cf 1,5 metreden d\u00fc\u015fmeye dayan\u0131kl\u0131 Okuma Performans\u0131 &nbsp;I\u015f\u0131k kayna\u011f\u0131 650 nm VLD &nbsp;Bask\u0131 Kontrast\u0131 (Minimum) 30% &nbsp;Tarama H\u0131z\u0131 100 tarama\/saniye &nbsp;Tarama A\u00e7\u0131s\u0131 Pitch: \u00b1 65\u00b0, Roll (Tilt): \u00b1 30\u00b0, Skew (Yaw): \u00b1 60\u00b0 [&hellip;]\" \/>\n<meta property=\"og:url\" content=\"http:\/\/www.creabarkod.com\/?page_id=781\" \/>\n<meta property=\"og:site_name\" content=\"Crea Barkod\" \/>\n<meta property=\"article:modified_time\" content=\"2019-06-19T11:21:08+00:00\" \/>\n<meta property=\"og:image\" content=\"http:\/\/www.creabarkod.com\/wp-content\/uploads\/2019\/06\/Datalogic-QuickScan-QD2300-Tek-\u00c7izgili-Lazer-Barkod-Okuyucu-1-1.jpg\" \/>\n<meta name=\"twitter:card\" content=\"summary_large_image\" \/>\n<meta name=\"twitter:label1\" content=\"Tahmini okuma s\u00fcresi\">\n\t<meta name=\"twitter:data1\" content=\"1 dakika\">\n<script type=\"application\/ld+json\" class=\"yoast-schema-graph\">{\"@context\":\"https:\/\/schema.org\",\"@graph\":[{\"@type\":\"WebSite\",\"@id\":\"http:\/\/www.creabarkod.com\/#website\",\"url\":\"http:\/\/www.creabarkod.com\/\",\"name\":\"Crea Barkod\",\"description\":\"\",\"potentialAction\":[{\"@type\":\"SearchAction\",\"target\":\"http:\/\/www.creabarkod.com\/?s={search_term_string}\",\"query-input\":\"required name=search_term_string\"}],\"inLanguage\":\"tr\"},{\"@type\":\"ImageObject\",\"@id\":\"http:\/\/www.creabarkod.com\/?page_id=781#primaryimage\",\"inLanguage\":\"tr\",\"url\":\"http:\/\/www.creabarkod.com\/wp-content\/uploads\/2019\/06\/Datalogic-QuickScan-QD2300-Tek-\\u00c7izgili-Lazer-Barkod-Okuyucu-1-1.jpg\",\"width\":500,\"height\":500,\"caption\":\"Datalogic QuickScan QD2300 Tek \\u00c7izgili Lazer Barkod Okuyucu\"},{\"@type\":\"WebPage\",\"@id\":\"http:\/\/www.creabarkod.com\/?page_id=781#webpage\",\"url\":\"http:\/\/www.creabarkod.com\/?page_id=781\",\"name\":\"Datalogic QuickScan QD2300 Tek \\u00c7izgili Lazer Barkod Okuyucu - Crea Barkod\",\"isPartOf\":{\"@id\":\"http:\/\/www.creabarkod.com\/#website\"},\"primaryImageOfPage\":{\"@id\":\"http:\/\/www.creabarkod.com\/?page_id=781#primaryimage\"},\"datePublished\":\"2019-06-19T11:19:10+00:00\",\"dateModified\":\"2019-06-19T11:21:08+00:00\",\"inLanguage\":\"tr\",\"potentialAction\":[{\"@type\":\"ReadAction\",\"target\":[\"http:\/\/www.creabarkod.com\/?page_id=781\"]}]}]}<\/script>\n<!-- \/ Yoast SEO plugin. -->","_links":{"self":[{"href":"http:\/\/www.creabarkod.com\/index.php?rest_route=\/wp\/v2\/pages\/781"}],"collection":[{"href":"http:\/\/www.creabarkod.com\/index.php?rest_route=\/wp\/v2\/pages"}],"about":[{"href":"http:\/\/www.creabarkod.com\/index.php?rest_route=\/wp\/v2\/types\/page"}],"author":[{"embeddable":true,"href":"http:\/\/www.creabarkod.com\/index.php?rest_route=\/wp\/v2\/users\/1"}],"replies":[{"embeddable":true,"href":"http:\/\/www.creabarkod.com\/index.php?rest_route=%2Fwp%2Fv2%2Fcomments&post=781"}],"version-history":[{"count":2,"href":"http:\/\/www.creabarkod.com\/index.php?rest_route=\/wp\/v2\/pages\/781\/revisions"}],"predecessor-version":[{"id":788,"href":"http:\/\/www.creabarkod.com\/index.php?rest_route=\/wp\/v2\/pages\/781\/revisions\/788"}],"up":[{"embeddable":true,"href":"http:\/\/www.creabarkod.com\/index.php?rest_route=\/wp\/v2\/pages\/762"}],"wp:attachment":[{"href":"http:\/\/www.creabarkod.com\/index.php?rest_route=%2Fwp%2Fv2%2Fmedia&parent=781"}],"curies":[{"name":"wp","href":"https:\/\/api.w.org\/{rel}","templated":true}]}}