{"id":72,"date":"2019-02-11T11:33:04","date_gmt":"2019-02-11T11:33:04","guid":{"rendered":"http:\/\/www.creabarkod.com\/?page_id=72"},"modified":"2019-02-11T18:45:38","modified_gmt":"2019-02-11T18:45:38","slug":"termal-etiketler","status":"publish","type":"page","link":"http:\/\/www.creabarkod.com\/?page_id=72","title":{"rendered":"Termal Etiketler"},"content":{"rendered":"\n<div class=\"wp-block-image\"><figure class=\"aligncenter\"><img loading=\"lazy\" width=\"1024\" height=\"147\" src=\"http:\/\/www.creabarkod.com\/wp-content\/uploads\/2019\/02\/Crea_Etiket_Kesim_Makinesi-1024x147.png\" alt=\"Crea_Etiket_Kesim_Makinesi\" class=\"wp-image-89\" srcset=\"http:\/\/www.creabarkod.com\/wp-content\/uploads\/2019\/02\/Crea_Etiket_Kesim_Makinesi-1024x147.png 1024w, http:\/\/www.creabarkod.com\/wp-content\/uploads\/2019\/02\/Crea_Etiket_Kesim_Makinesi-300x43.png 300w, http:\/\/www.creabarkod.com\/wp-content\/uploads\/2019\/02\/Crea_Etiket_Kesim_Makinesi-768x110.png 768w, http:\/\/www.creabarkod.com\/wp-content\/uploads\/2019\/02\/Crea_Etiket_Kesim_Makinesi.png 1050w\" sizes=\"(max-width: 1024px) 100vw, 1024px\" \/><\/figure><\/div>\n\n\n\n<h3>Termal Etiket<\/h3>\n\n\n\n<p>Barkod yaz\u0131c\u0131n\u0131n kafa \u0131s\u0131s\u0131yla birlikte termal s\u0131v\u0131la\u015fma \u00f6zelli\u011fi g\u00f6sterir ve bu \u015fekilde bask\u0131 al\u0131n\u0131r.&nbsp;<br>H\u0131zl\u0131 t\u00fcketilmesi gereken etiket \u00e7e\u015fitlerinden olan bu \u00fcr\u00fcn, nemli ve s\u0131cak olan ortamlarda kullan\u0131lmazlar.<br>Ribon (Ribbon) kullan\u0131lmas\u0131na gerek kalmad\u0131\u011f\u0131 i\u00e7in maliyetleri olduk\u00e7a d\u00fc\u015f\u00fckt\u00fcr.<\/p>\n\n\n\n<h3>\u00dcr\u00fcn Detaylar\u0131<\/h3>\n\n\n\n<ul><li><strong>Boyut:<\/strong>&nbsp; \u0130stenilen \u00f6l\u00e7\u00fclerde 2 i\u015f g\u00fcn\u00fc i\u00e7inde \u00fcretim yap\u0131l\u0131r.  <\/li><li><strong>\u00c7e\u015fitleri:<\/strong>&nbsp;Eko Termal, Lamine Termal<\/li><li><strong>Yap\u0131\u015fkan T\u00fcrleri:<\/strong>&nbsp;Akrilik, Hotmelt, Nonperm, Deepfreeze<\/li><li><strong>Ribonla Bask\u0131:<\/strong>&nbsp;Yok<\/li><\/ul>\n\n\n\n<h3> S\u00fcrekli Stokta Haz\u0131r Bulunan \u00d6l\u00e7\u00fcler : <\/h3>\n\n\n\n<ul><li><strong>50 x 100<\/strong> Termal Barkod Etiketi<\/li><li><strong>100 x 100<\/strong> Termal Barkod Etiketi<\/li><li><strong>150 x 100<\/strong> Termal Barkod Etiketi<\/li><li><strong>40 x 20<\/strong> Yanyana Biti\u015fik 5&#8242; li Termal Barkod Etiketi<\/li><\/ul>\n\n\n\n<p><strong>WhatsApp\u00a0ile\u00a0<a href=\"https:\/\/wa.me\/+905362919091\">S\u0130PAR\u0130\u015e\u00a0<\/a>verin\u00a0veya\u00a0<a href=\"https:\/\/wa.me\/+905362919091\">B\u0130LG\u0130 <\/a>al\u0131n<\/strong><br><strong><a href=\"https:\/\/wa.me\/+905362919091\"><\/a><\/strong><\/p>\n\n\n<div class=\"foogallery foogallery-container foogallery-masonry foogallery-lightbox-none fg-center fg-masonry fg-light fg-border-thick fg-round-large fg-shadow-large fg-hover-grayscale fg-hover-scale fg-hover-fade fg-ready\" id=\"foogallery-gallery-155\" data-foogallery=\"{&quot;item&quot;:{&quot;showCaptionTitle&quot;:false,&quot;showCaptionDescription&quot;:false},&quot;lazy&quot;:true,&quot;src&quot;:&quot;data-src-fg&quot;,&quot;srcset&quot;:&quot;data-srcset-fg&quot;,&quot;template&quot;:{&quot;layout&quot;:&quot;fixed&quot;,&quot;columnWidth&quot;:150,&quot;gutter&quot;:10}}\" data-fg-common-fields=\"1\" >\r\n\t<div class=\"fg-item\"><figure class=\"fg-item-inner\"><a data-caption-title=\"Crea Barkod\" data-caption-desc=\"Crea Barkod\" data-attachment-id=\"4\" class=\"fg-thumb\"><span class=\"fg-image-wrap\"><img alt=\"Crea Barkod\" title=\"Crea Barkod\" width=\"150\" height=\"77\" data-src-fg=\"http:\/\/www.creabarkod.com\/wp-content\/uploads\/cache\/2019\/02\/crea_marka_r\/965856932.png\" class=\"fg-image\" \/><\/span><\/a><figcaption class=\"fg-caption\"><div class=\"fg-caption-inner\"><\/div><\/figcaption><\/figure><div class=\"fg-loader\"><\/div><\/div><\/div>","protected":false},"excerpt":{"rendered":"<p>Termal Etiket Barkod yaz\u0131c\u0131n\u0131n kafa \u0131s\u0131s\u0131yla birlikte termal s\u0131v\u0131la\u015fma \u00f6zelli\u011fi g\u00f6sterir ve bu \u015fekilde bask\u0131 al\u0131n\u0131r.&nbsp;H\u0131zl\u0131 t\u00fcketilmesi gereken etiket \u00e7e\u015fitlerinden olan bu \u00fcr\u00fcn, nemli ve s\u0131cak olan ortamlarda kullan\u0131lmazlar.Ribon (Ribbon) kullan\u0131lmas\u0131na gerek kalmad\u0131\u011f\u0131 i\u00e7in maliyetleri olduk\u00e7a d\u00fc\u015f\u00fckt\u00fcr. \u00dcr\u00fcn Detaylar\u0131 Boyut:&nbsp; \u0130stenilen \u00f6l\u00e7\u00fclerde 2 i\u015f g\u00fcn\u00fc i\u00e7inde \u00fcretim yap\u0131l\u0131r. \u00c7e\u015fitleri:&nbsp;Eko Termal, Lamine Termal Yap\u0131\u015fkan T\u00fcrleri:&nbsp;Akrilik, Hotmelt, [&hellip;]<\/p>\n","protected":false},"author":1,"featured_media":51,"parent":8,"menu_order":0,"comment_status":"closed","ping_status":"closed","template":"","meta":[],"yoast_head":"<!-- This site is optimized with the Yoast SEO plugin v15.7 - https:\/\/yoast.com\/wordpress\/plugins\/seo\/ -->\n<title>Termal Etiketler - Termal Etiketler - Uygun Fiyat - H\u0131zl\u0131 Teslimat<\/title>\n<meta name=\"description\" content=\"Barkod yaz\u0131c\u0131n\u0131n kafa \u0131s\u0131s\u0131yla birlikte termal bask\u0131 al\u0131n\u0131r. H\u0131zl\u0131 t\u00fcketilmesi gerekmektedir. Ribon kullanmad\u0131\u011f\u0131 i\u00e7in maliyeti d\u00fc\u015f\u00fckt\u00fcr.\" \/>\n<meta name=\"robots\" content=\"index, follow, max-snippet:-1, max-image-preview:large, max-video-preview:-1\" \/>\n<link rel=\"canonical\" href=\"http:\/\/www.creabarkod.com\/?page_id=72\" \/>\n<meta property=\"og:locale\" content=\"tr_TR\" \/>\n<meta property=\"og:type\" content=\"article\" \/>\n<meta property=\"og:title\" content=\"Termal Etiketler - Termal Etiketler - Uygun Fiyat - H\u0131zl\u0131 Teslimat\" \/>\n<meta property=\"og:description\" content=\"Barkod yaz\u0131c\u0131n\u0131n kafa \u0131s\u0131s\u0131yla birlikte termal bask\u0131 al\u0131n\u0131r. H\u0131zl\u0131 t\u00fcketilmesi gerekmektedir. Ribon kullanmad\u0131\u011f\u0131 i\u00e7in maliyeti d\u00fc\u015f\u00fckt\u00fcr.\" \/>\n<meta property=\"og:url\" content=\"http:\/\/www.creabarkod.com\/?page_id=72\" \/>\n<meta property=\"og:site_name\" content=\"Crea Barkod\" \/>\n<meta property=\"article:modified_time\" content=\"2019-02-11T18:45:38+00:00\" \/>\n<meta property=\"og:image\" content=\"http:\/\/www.creabarkod.com\/wp-content\/uploads\/2019\/02\/termal.png\" \/>\n\t<meta property=\"og:image:width\" content=\"250\" \/>\n\t<meta property=\"og:image:height\" content=\"250\" \/>\n<meta name=\"twitter:card\" content=\"summary_large_image\" \/>\n<meta name=\"twitter:label1\" content=\"Tahmini okuma s\u00fcresi\">\n\t<meta name=\"twitter:data1\" content=\"1 dakika\">\n<script type=\"application\/ld+json\" class=\"yoast-schema-graph\">{\"@context\":\"https:\/\/schema.org\",\"@graph\":[{\"@type\":\"WebSite\",\"@id\":\"http:\/\/www.creabarkod.com\/#website\",\"url\":\"http:\/\/www.creabarkod.com\/\",\"name\":\"Crea Barkod\",\"description\":\"\",\"potentialAction\":[{\"@type\":\"SearchAction\",\"target\":\"http:\/\/www.creabarkod.com\/?s={search_term_string}\",\"query-input\":\"required name=search_term_string\"}],\"inLanguage\":\"tr\"},{\"@type\":\"ImageObject\",\"@id\":\"http:\/\/www.creabarkod.com\/?page_id=72#primaryimage\",\"inLanguage\":\"tr\",\"url\":\"http:\/\/www.creabarkod.com\/wp-content\/uploads\/2019\/02\/termal.png\",\"width\":250,\"height\":250,\"caption\":\"Termal Etiketler\"},{\"@type\":\"WebPage\",\"@id\":\"http:\/\/www.creabarkod.com\/?page_id=72#webpage\",\"url\":\"http:\/\/www.creabarkod.com\/?page_id=72\",\"name\":\"Termal Etiketler - Termal Etiketler - Uygun Fiyat - H\\u0131zl\\u0131 Teslimat\",\"isPartOf\":{\"@id\":\"http:\/\/www.creabarkod.com\/#website\"},\"primaryImageOfPage\":{\"@id\":\"http:\/\/www.creabarkod.com\/?page_id=72#primaryimage\"},\"datePublished\":\"2019-02-11T11:33:04+00:00\",\"dateModified\":\"2019-02-11T18:45:38+00:00\",\"description\":\"Barkod yaz\\u0131c\\u0131n\\u0131n kafa \\u0131s\\u0131s\\u0131yla birlikte termal bask\\u0131 al\\u0131n\\u0131r. H\\u0131zl\\u0131 t\\u00fcketilmesi gerekmektedir. Ribon kullanmad\\u0131\\u011f\\u0131 i\\u00e7in maliyeti d\\u00fc\\u015f\\u00fckt\\u00fcr.\",\"inLanguage\":\"tr\",\"potentialAction\":[{\"@type\":\"ReadAction\",\"target\":[\"http:\/\/www.creabarkod.com\/?page_id=72\"]}]}]}<\/script>\n<!-- \/ Yoast SEO plugin. -->","_links":{"self":[{"href":"http:\/\/www.creabarkod.com\/index.php?rest_route=\/wp\/v2\/pages\/72"}],"collection":[{"href":"http:\/\/www.creabarkod.com\/index.php?rest_route=\/wp\/v2\/pages"}],"about":[{"href":"http:\/\/www.creabarkod.com\/index.php?rest_route=\/wp\/v2\/types\/page"}],"author":[{"embeddable":true,"href":"http:\/\/www.creabarkod.com\/index.php?rest_route=\/wp\/v2\/users\/1"}],"replies":[{"embeddable":true,"href":"http:\/\/www.creabarkod.com\/index.php?rest_route=%2Fwp%2Fv2%2Fcomments&post=72"}],"version-history":[{"count":7,"href":"http:\/\/www.creabarkod.com\/index.php?rest_route=\/wp\/v2\/pages\/72\/revisions"}],"predecessor-version":[{"id":165,"href":"http:\/\/www.creabarkod.com\/index.php?rest_route=\/wp\/v2\/pages\/72\/revisions\/165"}],"up":[{"embeddable":true,"href":"http:\/\/www.creabarkod.com\/index.php?rest_route=\/wp\/v2\/pages\/8"}],"wp:featuredmedia":[{"embeddable":true,"href":"http:\/\/www.creabarkod.com\/index.php?rest_route=\/wp\/v2\/media\/51"}],"wp:attachment":[{"href":"http:\/\/www.creabarkod.com\/index.php?rest_route=%2Fwp%2Fv2%2Fmedia&parent=72"}],"curies":[{"name":"wp","href":"https:\/\/api.w.org\/{rel}","templated":true}]}}