{"id":671,"date":"2019-06-19T10:00:43","date_gmt":"2019-06-19T10:00:43","guid":{"rendered":"http:\/\/www.creabarkod.com\/?page_id=671"},"modified":"2019-06-19T10:29:42","modified_gmt":"2019-06-19T10:29:42","slug":"newland-pt30-omura-windows-cenet-el-terminali","status":"publish","type":"page","link":"http:\/\/www.creabarkod.com\/?page_id=671","title":{"rendered":"Newland PT30 Omura Windows CeNet El Terminali"},"content":{"rendered":"\n<ul class=\"wp-block-gallery columns-3 is-cropped\"><li class=\"blocks-gallery-item\"><figure><a href=\"http:\/\/www.creabarkod.com\/wp-content\/uploads\/2019\/06\/Newland-PT30-Omura-Windows-CeNet-El-Terminali-1-1.jpg\"><img loading=\"lazy\" width=\"500\" height=\"500\" src=\"http:\/\/www.creabarkod.com\/wp-content\/uploads\/2019\/06\/Newland-PT30-Omura-Windows-CeNet-El-Terminali-1-1.jpg\" alt=\"Newland PT30 Omura Windows CeNet El Terminali\" data-id=\"716\" data-link=\"http:\/\/www.creabarkod.com\/?attachment_id=716\" class=\"wp-image-716\" srcset=\"http:\/\/www.creabarkod.com\/wp-content\/uploads\/2019\/06\/Newland-PT30-Omura-Windows-CeNet-El-Terminali-1-1.jpg 500w, http:\/\/www.creabarkod.com\/wp-content\/uploads\/2019\/06\/Newland-PT30-Omura-Windows-CeNet-El-Terminali-1-1-150x150.jpg 150w, http:\/\/www.creabarkod.com\/wp-content\/uploads\/2019\/06\/Newland-PT30-Omura-Windows-CeNet-El-Terminali-1-1-300x300.jpg 300w\" sizes=\"(max-width: 500px) 100vw, 500px\" \/><\/a><\/figure><\/li><li class=\"blocks-gallery-item\"><figure><a href=\"http:\/\/www.creabarkod.com\/wp-content\/uploads\/2019\/06\/Newland-PT30-Omura-Windows-CeNet-El-Terminali-2.jpg\"><img loading=\"lazy\" width=\"500\" height=\"500\" src=\"http:\/\/www.creabarkod.com\/wp-content\/uploads\/2019\/06\/Newland-PT30-Omura-Windows-CeNet-El-Terminali-2.jpg\" alt=\"Newland PT30 Omura Windows CeNet El Terminali\" data-id=\"717\" data-link=\"http:\/\/www.creabarkod.com\/?attachment_id=717\" class=\"wp-image-717\" srcset=\"http:\/\/www.creabarkod.com\/wp-content\/uploads\/2019\/06\/Newland-PT30-Omura-Windows-CeNet-El-Terminali-2.jpg 500w, http:\/\/www.creabarkod.com\/wp-content\/uploads\/2019\/06\/Newland-PT30-Omura-Windows-CeNet-El-Terminali-2-150x150.jpg 150w, http:\/\/www.creabarkod.com\/wp-content\/uploads\/2019\/06\/Newland-PT30-Omura-Windows-CeNet-El-Terminali-2-300x300.jpg 300w\" sizes=\"(max-width: 500px) 100vw, 500px\" \/><\/a><\/figure><\/li><li class=\"blocks-gallery-item\"><figure><a href=\"http:\/\/www.creabarkod.com\/wp-content\/uploads\/2019\/06\/Newland-PT30-Omura-Windows-CeNet-El-Terminali-3.jpg\"><img loading=\"lazy\" width=\"500\" height=\"500\" src=\"http:\/\/www.creabarkod.com\/wp-content\/uploads\/2019\/06\/Newland-PT30-Omura-Windows-CeNet-El-Terminali-3.jpg\" alt=\"Newland PT30 Omura Windows CeNet El Terminali\" data-id=\"718\" data-link=\"http:\/\/www.creabarkod.com\/?attachment_id=718\" class=\"wp-image-718\" srcset=\"http:\/\/www.creabarkod.com\/wp-content\/uploads\/2019\/06\/Newland-PT30-Omura-Windows-CeNet-El-Terminali-3.jpg 500w, http:\/\/www.creabarkod.com\/wp-content\/uploads\/2019\/06\/Newland-PT30-Omura-Windows-CeNet-El-Terminali-3-150x150.jpg 150w, http:\/\/www.creabarkod.com\/wp-content\/uploads\/2019\/06\/Newland-PT30-Omura-Windows-CeNet-El-Terminali-3-300x300.jpg 300w\" sizes=\"(max-width: 500px) 100vw, 500px\" \/><\/a><\/figure><\/li><\/ul>\n\n\n\n<p>\u25cf Windows Ce.Net 6.0 \u0130\u015fletim Sistemi<br>\u25cf 806 MHz Mikro \u0130\u015flemci<br>\u25cf 256 MB RAM, 128 MB ROM<br>\u25cf 2,83 \u0130n\u00e7 Renkli Dokunmatik Ekran<br>\u25cf\u00a0<strong>WLAN\u00a0<\/strong>ve\u00a0<strong>Bluetooth\u00a0<\/strong>\u0130leti\u015fim<br>\u25cf 1D veya 2D Barkod Okuyucu Se\u00e7enekleri<br>\u25cf IP54 Koruma Standard\u0131<br>\u25cf Arka ayd\u0131nlatmal\u0131 30 say\u0131sal tu\u015f <\/p>\n\n\n\n<table class=\"wp-block-table\"><tbody><tr><td>&nbsp;Model<\/td><td>Desteklenen&nbsp;<br>Barkod Tipleri<\/td><td>&nbsp;Barkod Okuyucu Tipi<\/td><\/tr><tr><td>&nbsp;<strong>PT3050-0A<\/strong><\/td><td>1D<\/td><td>&nbsp;Lazer<\/td><\/tr><tr><td>&nbsp;<strong>PT3050-2A<\/strong><\/td><td>1D&nbsp;\/ 2D<\/td><td>&nbsp;CMOS Imager<\/td><\/tr><tr><td>&nbsp;<strong>PT3050-3A<\/strong><\/td><td>1D<\/td><td>&nbsp;CCD<\/td><\/tr><\/tbody><\/table>\n\n\n\n<table class=\"wp-block-table\"><tbody><tr><td><strong>&nbsp;Sistem<\/strong><\/td><\/tr><tr><td>&nbsp;\u0130\u015flemci<\/td><td>Marvel XScale PXA310, 806 Mhz Mikro \u0130\u015flemci<\/td><\/tr><tr><td>&nbsp;Bellek<\/td><td>256 MB RAM, 128 MB ROM ve 4 GB Flash ROM (Kullan\u0131c\u0131 Dosyalar\u0131 i\u00e7in)<\/td><\/tr><tr><td>&nbsp;\u0130\u015fletim Sistemi<\/td><td>Microsoft Windows Ce.Net 6.0<\/td><\/tr><tr><td>&nbsp;Uyar\u0131c\u0131lar<\/td><td>Titre\u015fim, \u00c7oklu Renkli LED ve Speaker<\/td><\/tr><tr><td>&nbsp;Geni\u015fleme Yuvas\u0131<\/td><td>Micro SD Kart<\/td><\/tr><tr><td>&nbsp;Ara Birimler<\/td><td>Mini USB 2.0 (\u015earj Destekli)<\/td><\/tr><tr><td><strong>&nbsp;Ekran<\/strong><\/td><\/tr><tr><td>&nbsp;\u00d6zellik<\/td><td>Arka ayd\u0131nlatmal\u0131, Renkli, Dokunmatik QVGA TFT Ekran<\/td><\/tr><tr><td>&nbsp;Boyut<\/td><td>2,83&#8243; (\u0130n\u00e7)<\/td><\/tr><tr><td>&nbsp;\u00c7\u00f6z\u00fcn\u00fcrl\u00fck<\/td><td>240 x 320 piksel<\/td><\/tr><tr><td><strong>&nbsp;Tu\u015f Tak\u0131m\u0131<\/strong><\/td><td>&nbsp;<\/td><\/tr><tr><td>&nbsp;Klavye Tipi<\/td><td>N\u00fcmerik Klavye<\/td><\/tr><tr><td>&nbsp;Tu\u015f Say\u0131s\u0131<\/td><td>30<\/td><\/tr><tr><td><strong>&nbsp;\u0130leti\u015fim<\/strong><\/td><td>&nbsp;<\/td><\/tr><tr><td>&nbsp;USB<\/td><td>Mini USB 2.0 (\u015earj Destekli)<\/td><\/tr><tr><td>&nbsp;Wifi<\/td><td>Protokol: 802.11 b\/g<\/td><\/tr><tr><td>Frekans: 2.4 Ghz<\/td><\/tr><tr><td>\u0130leti\u015fim H\u0131z\u0131: Max: 54 Mbps<\/td><\/tr><tr><td>G\u00fcvenlik: EAP, WEP, WPA, WPA2, 802.1X<\/td><\/tr><tr><td>&nbsp;WPAN<\/td><td>Bluetooth Class II V2.0<\/td><\/tr><tr><td><strong>&nbsp;Elektriksel<\/strong><\/td><td>&nbsp;<\/td><\/tr><tr><td>&nbsp;G\u00fc\u00e7 Kayna\u011f\u0131<\/td><td>Giri\u015f: AC 100~240V, 50~60Hz<\/td><\/tr><tr><td>\u00c7\u0131k\u0131\u015f: DC 5V, \u2265 1.5A<\/td><\/tr><tr><td>&nbsp;Ana pil<\/td><td>3,7V 3500 mAH \u015farj edilebilir Lityum Polymer pil<\/td><\/tr><tr><td>&nbsp;Backup Pili<\/td><td>3,7V 150 mAH \u015farj edilebilir Lityum Polymer pil (Yakla\u015f\u0131k 50 Saat Sistemi Korur)<\/td><\/tr><tr><td>&nbsp;Pil \u015earj S\u00fcresi<\/td><td>Yakla\u015f\u0131k 3,5 Saat (AC Elektrik Adapt\u00f6r\u00fc ile)<\/td><\/tr><tr><td>&nbsp;Pil \u00d6mr\u00fc<\/td><td>Yakla\u015f\u0131k 11 Saat<\/td><\/tr><tr><td><strong>&nbsp;Fiziksel<\/strong><\/td><\/tr><tr><td>&nbsp;Boyutlar<\/td><td>Uzunluk<\/td><td>189,5 mm<\/td><\/tr><tr><td>Geni\u015flik<\/td><td>76 mm<\/td><\/tr><tr><td>Y\u00fckseklik<\/td><td>45 mm<\/td><\/tr><tr><td>&nbsp;A\u011f\u0131rl\u0131k<\/td><td>382 gram<\/td><\/tr><tr><td><strong>&nbsp;\u00c7evresel<\/strong><\/td><\/tr><tr><td>&nbsp;\u00c7al\u0131\u015fma S\u0131cakl\u0131\u011f\u0131<\/td><td>-10\u00b0C to 50\u00b0C<\/td><\/tr><tr><td>&nbsp;Saklama S\u0131cakl\u0131\u011f\u0131<\/td><td>-20\u00b0C to 60\u00b0C<\/td><\/tr><tr><td>&nbsp;Nem Oran\u0131<\/td><td>%5 ~ %95 (Yo\u011fu\u015fmas\u0131z)<\/td><\/tr><tr><td>&nbsp;Darbe Dayan\u0131kl\u0131l\u0131\u011f\u0131<\/td><td>1,2 Metre<\/td><\/tr><tr><td>&nbsp;Koruma Standard\u0131<\/td><td>IP54<\/td><\/tr><tr><td>&nbsp;ESD<\/td><td>\u00b18 kV contact discharge; \u00b115 kV air discharge<\/td><\/tr><tr><td>&nbsp;Sertifikalar<\/td><td>FCC Part15 Class B, CE EMC Class B, CCC<\/td><\/tr><tr><td><strong>&nbsp;Desteklenen Barkod Tipleri<\/strong><\/td><td>&nbsp;<\/td><\/tr><tr><td>&nbsp;Barkod Tipleri<\/td><td>1D<\/td><td>Code128, EAN-13, EAN-8, Code 39, UPC-A, UPC-E,Codabar, Interleaved 2 of 5, Code 93, ISBN, ISSN<\/td><\/tr><tr><td>2D<\/td><td>PDF417, QR Code, Data Matrix, Maxicode, Aztec<\/td><\/tr><\/tbody><\/table>\n","protected":false},"excerpt":{"rendered":"<p>\u25cf Windows Ce.Net 6.0 \u0130\u015fletim Sistemi\u25cf 806 MHz Mikro \u0130\u015flemci\u25cf 256 MB RAM, 128 MB ROM\u25cf 2,83 \u0130n\u00e7 Renkli Dokunmatik Ekran\u25cf\u00a0WLAN\u00a0ve\u00a0Bluetooth\u00a0\u0130leti\u015fim\u25cf 1D veya 2D Barkod Okuyucu Se\u00e7enekleri\u25cf IP54 Koruma Standard\u0131\u25cf Arka ayd\u0131nlatmal\u0131 30 say\u0131sal tu\u015f &nbsp;Model Desteklenen&nbsp;Barkod Tipleri &nbsp;Barkod Okuyucu Tipi &nbsp;PT3050-0A 1D &nbsp;Lazer &nbsp;PT3050-2A 1D&nbsp;\/ 2D &nbsp;CMOS Imager &nbsp;PT3050-3A 1D &nbsp;CCD &nbsp;Sistem &nbsp;\u0130\u015flemci Marvel [&hellip;]<\/p>\n","protected":false},"author":1,"featured_media":0,"parent":504,"menu_order":0,"comment_status":"closed","ping_status":"closed","template":"","meta":[],"yoast_head":"<!-- This site is optimized with the Yoast SEO plugin v15.7 - https:\/\/yoast.com\/wordpress\/plugins\/seo\/ -->\n<title>Newland PT30 Omura Windows CeNet El Terminali - Crea Barkod<\/title>\n<meta name=\"robots\" content=\"index, follow, max-snippet:-1, max-image-preview:large, max-video-preview:-1\" \/>\n<link rel=\"canonical\" href=\"http:\/\/www.creabarkod.com\/?page_id=671\" \/>\n<meta property=\"og:locale\" content=\"tr_TR\" \/>\n<meta property=\"og:type\" content=\"article\" \/>\n<meta property=\"og:title\" content=\"Newland PT30 Omura Windows CeNet El Terminali - Crea Barkod\" \/>\n<meta property=\"og:description\" content=\"\u25cf Windows Ce.Net 6.0 \u0130\u015fletim Sistemi\u25cf 806 MHz Mikro \u0130\u015flemci\u25cf 256 MB RAM, 128 MB ROM\u25cf 2,83 \u0130n\u00e7 Renkli Dokunmatik Ekran\u25cf\u00a0WLAN\u00a0ve\u00a0Bluetooth\u00a0\u0130leti\u015fim\u25cf 1D veya 2D Barkod Okuyucu Se\u00e7enekleri\u25cf IP54 Koruma Standard\u0131\u25cf Arka ayd\u0131nlatmal\u0131 30 say\u0131sal tu\u015f &nbsp;Model Desteklenen&nbsp;Barkod Tipleri &nbsp;Barkod Okuyucu Tipi &nbsp;PT3050-0A 1D &nbsp;Lazer &nbsp;PT3050-2A 1D&nbsp;\/ 2D &nbsp;CMOS Imager &nbsp;PT3050-3A 1D &nbsp;CCD &nbsp;Sistem &nbsp;\u0130\u015flemci Marvel [&hellip;]\" \/>\n<meta property=\"og:url\" content=\"http:\/\/www.creabarkod.com\/?page_id=671\" \/>\n<meta property=\"og:site_name\" content=\"Crea Barkod\" \/>\n<meta property=\"article:modified_time\" content=\"2019-06-19T10:29:42+00:00\" \/>\n<meta property=\"og:image\" content=\"http:\/\/www.creabarkod.com\/wp-content\/uploads\/2019\/06\/Newland-PT30-Omura-Windows-CeNet-El-Terminali-1-1.jpg\" \/>\n<meta name=\"twitter:card\" content=\"summary_large_image\" \/>\n<meta name=\"twitter:label1\" content=\"Tahmini okuma s\u00fcresi\">\n\t<meta name=\"twitter:data1\" content=\"2 dakika\">\n<script type=\"application\/ld+json\" class=\"yoast-schema-graph\">{\"@context\":\"https:\/\/schema.org\",\"@graph\":[{\"@type\":\"WebSite\",\"@id\":\"http:\/\/www.creabarkod.com\/#website\",\"url\":\"http:\/\/www.creabarkod.com\/\",\"name\":\"Crea Barkod\",\"description\":\"\",\"potentialAction\":[{\"@type\":\"SearchAction\",\"target\":\"http:\/\/www.creabarkod.com\/?s={search_term_string}\",\"query-input\":\"required name=search_term_string\"}],\"inLanguage\":\"tr\"},{\"@type\":\"ImageObject\",\"@id\":\"http:\/\/www.creabarkod.com\/?page_id=671#primaryimage\",\"inLanguage\":\"tr\",\"url\":\"http:\/\/www.creabarkod.com\/wp-content\/uploads\/2019\/06\/Newland-PT30-Omura-Windows-CeNet-El-Terminali-1-1.jpg\",\"width\":500,\"height\":500,\"caption\":\"Newland PT30 Omura Windows CeNet El Terminali\"},{\"@type\":\"WebPage\",\"@id\":\"http:\/\/www.creabarkod.com\/?page_id=671#webpage\",\"url\":\"http:\/\/www.creabarkod.com\/?page_id=671\",\"name\":\"Newland PT30 Omura Windows CeNet El Terminali - Crea Barkod\",\"isPartOf\":{\"@id\":\"http:\/\/www.creabarkod.com\/#website\"},\"primaryImageOfPage\":{\"@id\":\"http:\/\/www.creabarkod.com\/?page_id=671#primaryimage\"},\"datePublished\":\"2019-06-19T10:00:43+00:00\",\"dateModified\":\"2019-06-19T10:29:42+00:00\",\"inLanguage\":\"tr\",\"potentialAction\":[{\"@type\":\"ReadAction\",\"target\":[\"http:\/\/www.creabarkod.com\/?page_id=671\"]}]}]}<\/script>\n<!-- \/ Yoast SEO plugin. -->","_links":{"self":[{"href":"http:\/\/www.creabarkod.com\/index.php?rest_route=\/wp\/v2\/pages\/671"}],"collection":[{"href":"http:\/\/www.creabarkod.com\/index.php?rest_route=\/wp\/v2\/pages"}],"about":[{"href":"http:\/\/www.creabarkod.com\/index.php?rest_route=\/wp\/v2\/types\/page"}],"author":[{"embeddable":true,"href":"http:\/\/www.creabarkod.com\/index.php?rest_route=\/wp\/v2\/users\/1"}],"replies":[{"embeddable":true,"href":"http:\/\/www.creabarkod.com\/index.php?rest_route=%2Fwp%2Fv2%2Fcomments&post=671"}],"version-history":[{"count":2,"href":"http:\/\/www.creabarkod.com\/index.php?rest_route=\/wp\/v2\/pages\/671\/revisions"}],"predecessor-version":[{"id":719,"href":"http:\/\/www.creabarkod.com\/index.php?rest_route=\/wp\/v2\/pages\/671\/revisions\/719"}],"up":[{"embeddable":true,"href":"http:\/\/www.creabarkod.com\/index.php?rest_route=\/wp\/v2\/pages\/504"}],"wp:attachment":[{"href":"http:\/\/www.creabarkod.com\/index.php?rest_route=%2Fwp%2Fv2%2Fmedia&parent=671"}],"curies":[{"name":"wp","href":"https:\/\/api.w.org\/{rel}","templated":true}]}}