{"id":665,"date":"2019-06-19T09:57:39","date_gmt":"2019-06-19T09:57:39","guid":{"rendered":"http:\/\/www.creabarkod.com\/?page_id=665"},"modified":"2019-06-19T10:23:13","modified_gmt":"2019-06-19T10:23:13","slug":"datalogic-falconx4-windows-cenet-el-terminali","status":"publish","type":"page","link":"http:\/\/www.creabarkod.com\/?page_id=665","title":{"rendered":"Datalogic FalconX4 Windows CeNet El Terminali"},"content":{"rendered":"\n<ul class=\"wp-block-gallery columns-2 is-cropped\"><li class=\"blocks-gallery-item\"><figure><a href=\"http:\/\/www.creabarkod.com\/wp-content\/uploads\/2019\/06\/Datalogic-FalconX4-Windows-CeNet-El-Terminali-1-1.jpg\"><img loading=\"lazy\" width=\"500\" height=\"500\" src=\"http:\/\/www.creabarkod.com\/wp-content\/uploads\/2019\/06\/Datalogic-FalconX4-Windows-CeNet-El-Terminali-1-1.jpg\" alt=\"Datalogic FalconX4 Windows CeNet El Terminali\" data-id=\"698\" data-link=\"http:\/\/www.creabarkod.com\/?attachment_id=698\" class=\"wp-image-698\" srcset=\"http:\/\/www.creabarkod.com\/wp-content\/uploads\/2019\/06\/Datalogic-FalconX4-Windows-CeNet-El-Terminali-1-1.jpg 500w, http:\/\/www.creabarkod.com\/wp-content\/uploads\/2019\/06\/Datalogic-FalconX4-Windows-CeNet-El-Terminali-1-1-150x150.jpg 150w, http:\/\/www.creabarkod.com\/wp-content\/uploads\/2019\/06\/Datalogic-FalconX4-Windows-CeNet-El-Terminali-1-1-300x300.jpg 300w\" sizes=\"(max-width: 500px) 100vw, 500px\" \/><\/a><\/figure><\/li><li class=\"blocks-gallery-item\"><figure><a href=\"http:\/\/www.creabarkod.com\/wp-content\/uploads\/2019\/06\/Datalogic-FalconX4-Windows-CeNet-El-Terminali-2.jpg\"><img loading=\"lazy\" width=\"500\" height=\"500\" src=\"http:\/\/www.creabarkod.com\/wp-content\/uploads\/2019\/06\/Datalogic-FalconX4-Windows-CeNet-El-Terminali-2.jpg\" alt=\"Datalogic FalconX4 Windows CeNet El Terminali\" data-id=\"699\" data-link=\"http:\/\/www.creabarkod.com\/?attachment_id=699\" class=\"wp-image-699\" srcset=\"http:\/\/www.creabarkod.com\/wp-content\/uploads\/2019\/06\/Datalogic-FalconX4-Windows-CeNet-El-Terminali-2.jpg 500w, http:\/\/www.creabarkod.com\/wp-content\/uploads\/2019\/06\/Datalogic-FalconX4-Windows-CeNet-El-Terminali-2-150x150.jpg 150w, http:\/\/www.creabarkod.com\/wp-content\/uploads\/2019\/06\/Datalogic-FalconX4-Windows-CeNet-El-Terminali-2-300x300.jpg 300w\" sizes=\"(max-width: 500px) 100vw, 500px\" \/><\/a><\/figure><\/li><\/ul>\n\n\n\n<p>\u25cf Microsoft Windows Embedded Compact 7 i\u015fletim sistemi<br>\u25cf TI OMAP4 @1 GHZ Mikro \u0130\u015flemci<br>\u25cf 1 GB RAM, 8 GB Flash ROM<br>\u25cf 3,5 \u0130n\u00e7 (240 X 320 piksel) renkli dokunmatik ekran<br>\u25cf\u00a0<strong>Wifi\u00a0<\/strong>ve\u00a0<strong>Bluetooth\u00a0<\/strong>\u0130leti\u015fim<br>\u25cf 1D veya 2D Barkod Okuyucu Se\u00e7enekleri<br>\u25cf IP65 Koruma Standard\u0131na Uygunluk<br>\u25cf 1,8 Metreden D\u00fc\u015fmeye Dayan\u0131kl\u0131<br>\u25cf 29 veya 52 tu\u015f se\u00e7enekleri<br>\u25cf\u00a0<strong>&#8220;Green Spot&#8221;<\/strong>\u00a0Barkod Do\u011frulama \u00f6zelli\u011fi <\/p>\n\n\n\n<table class=\"wp-block-table\"><tbody><tr><td>&nbsp;Model<\/td><td>&nbsp;Wifi<\/td><td>&nbsp;Bluetooth<\/td><td>Desteklenen Barkod Tipleri<\/td><td>&nbsp;Barkod Okuyucu Tipi<\/td><td>&nbsp;Tu\u015f Tak\u0131m\u0131<\/td><td>Pistol<\/td><\/tr><tr><td>&nbsp;945500002<\/td><td>&nbsp;Var<\/td><td>&nbsp;Var<\/td><td>1D<\/td><td>&nbsp;Linear Imager<\/td><td>\u00a029 Tu\u015flu \u00a0N\u00fcmerik <\/td><td> Yok <\/td><\/tr><tr><td>&nbsp;945500004<\/td><td>&nbsp;Var<\/td><td>&nbsp;Var<\/td><td>1D<\/td><td>&nbsp;Linear Imager<\/td><td>\u00a052 Tu\u015flu  Alfa N\u00fcmerik <\/td><td>\u00a0 Yok <\/td><\/tr><tr><td>&nbsp;945500010<\/td><td>&nbsp;Var<\/td><td>&nbsp;Var<\/td><td>1D<\/td><td>&nbsp;Linear Imager<\/td><td>\u00a029 Tu\u015flu  \u00a0Fonksiyonel N\u00fcmerik <\/td><td> Yok <\/td><\/tr><tr><td>&nbsp;945550004<\/td><td>&nbsp;Var<\/td><td>&nbsp;Var<\/td><td>1D<\/td><td>&nbsp;Linear Imager<\/td><td>\u00a052 Tu\u015flu  \u00a0Alfa N\u00fcmerik <\/td><td> Var <\/td><\/tr><tr><td>&nbsp;945550005<\/td><td>&nbsp;Var<\/td><td>&nbsp;Var<\/td><td>1D<\/td><td>&nbsp;Linear Imager<\/td><td>\u00a029 Tu\u015flu N\u00fcmerik <\/td><td>\u00a0 Var <\/td><\/tr><tr><td>&nbsp;945550010<\/td><td>&nbsp;Var<\/td><td>&nbsp;Var<\/td><td>1D<\/td><td>&nbsp;Linear Imager<\/td><td>\u00a029 Tu\u015flu \u00a0Fonksiyonel N\u00fcmerik <\/td><td> Var <\/td><\/tr><tr><td>&nbsp;945500005<\/td><td>&nbsp;Var<\/td><td>&nbsp;Var<\/td><td>1D&nbsp;\/ 2D<\/td><td>&nbsp;2D Imager<\/td><td>\u00a052 Tu\u015flu \u00a0Alfa N\u00fcmerik <\/td><td> Yok <\/td><\/tr><tr><td>&nbsp;945500006<\/td><td>&nbsp;Var<\/td><td>&nbsp;Var<\/td><td>1D&nbsp;\/ 2D<\/td><td>&nbsp;2D Imager<\/td><td>\u00a029 Tu\u015flu N\u00fcmerik <\/td><td>\u00a0 Yok <\/td><\/tr><tr><td>&nbsp;945500011<\/td><td>&nbsp;Var<\/td><td>&nbsp;Var<\/td><td>1D&nbsp;\/ 2D<\/td><td>&nbsp;2D Imager<\/td><td>\u00a029 Tu\u015flu \u00a0Fonksiyonel N\u00fcmerik <\/td><td> Yok <\/td><\/tr><tr><td>&nbsp;945550002<\/td><td>&nbsp;Var<\/td><td>&nbsp;Var<\/td><td>1D&nbsp;\/ 2D<\/td><td>&nbsp;2D Imager<\/td><td>\u00a052 Tu\u015flu \u00a0Alfa N\u00fcmerik <\/td><td> Var <\/td><\/tr><tr><td>&nbsp;945550006<\/td><td>&nbsp;Var<\/td><td>&nbsp;Var<\/td><td>1D&nbsp;\/ 2D<\/td><td>&nbsp;2D Imager<\/td><td>\u00a029 Tu\u015flu \u00a0N\u00fcmerik <\/td><td> Var <\/td><\/tr><tr><td>&nbsp;945550011<\/td><td>&nbsp;Var<\/td><td>&nbsp;Var<\/td><td>1D&nbsp;\/ 2D<\/td><td>&nbsp;2D Imager<\/td><td>\u00a029 Tu\u015flu \u00a0Fonksiyonel N\u00fcmerik <\/td><td> Var <\/td><\/tr><\/tbody><\/table>\n\n\n\n<table class=\"wp-block-table\"><tbody><tr><td><strong>&nbsp;Sistem<\/strong><\/td><\/tr><tr><td>&nbsp;\u0130\u015flemci<\/td><td>Texas Instruments OMAP4 \u00c7ift \u00c7ekirdek 1 GHZ Mikro \u0130\u015flemci<\/td><\/tr><tr><td>&nbsp;Bellek<\/td><td>1 GB RAM, 8 GB Flash ROM<\/td><\/tr><tr><td>&nbsp;\u0130\u015fletim Sistemi<\/td><td>Microsoft Windows Embedded Compact 7<\/td><\/tr><tr><td><strong>&nbsp;Ekran<\/strong><\/td><\/tr><tr><td>&nbsp;\u00d6zellik<\/td><td>Arka ayd\u0131nlatmal\u0131, Renkli, Dokunmatik QVGA TFT Ekran<\/td><\/tr><tr><td>&nbsp;Boyut<\/td><td>3,5&#8243; (\u0130n\u00e7)<\/td><\/tr><tr><td>&nbsp;\u00c7\u00f6z\u00fcn\u00fcrl\u00fck<\/td><td>320 x 240 piksel<\/td><\/tr><tr><td><strong>&nbsp;Tu\u015f Tak\u0131m\u0131<\/strong><\/td><\/tr><tr><td>&nbsp;Klavye Tipleri<\/td><td>29 Tu\u015flu: N\u00fcmerik Klavye veya Fonksiyonel N\u00fcmerik Klavye<\/td><\/tr><tr><td>52 Tu\u015flu: Tam Fonksiyonlu Alfa N\u00fcmerik Klavye<\/td><\/tr><tr><td><strong>&nbsp;\u0130leti\u015fim<\/strong><\/td><\/tr><tr><td>&nbsp;USB<\/td><td>USB 2.0 Host (480 Mbps)<\/td><\/tr><tr><td>&nbsp;RS-232C<\/td><td>Max. 115.200 Bps (Cradle ile)<\/td><\/tr><tr><td>&nbsp;WLAN<\/td><td>TI Wi-link 8, IEEE 802.11 a\/b\/g\/n, CCX4 Uyumlu<\/td><\/tr><tr><td>&nbsp;WPAN<\/td><td>Bluetooth V2.1 + EDR<\/td><\/tr><tr><td><strong>&nbsp;G\u00fc\u00e7 Kayna\u011f\u0131<\/strong><\/td><\/tr><tr><td>&nbsp;Ana pil<\/td><td>Standart<\/td><td>3,7V 5200 mAH \u015farj edilebilir Lityum ion pil<\/td><\/tr><tr><td><strong>&nbsp;Fiziksel<\/strong><\/td><\/tr><tr><td>&nbsp;A\u011f\u0131rl\u0131k<\/td><td>602 gram<\/td><td>Standart Pil ve Pistol Olmadan<\/td><\/tr><tr><td>668 gram<\/td><td>Standart Pil ve Pistol ile birlikte<\/td><\/tr><tr><td>&nbsp;Boyutlar<\/td><td>Y\u00fckseklik<\/td><td>225 mm<\/td><\/tr><tr><td>Geni\u015flik<\/td><td>88 mm<\/td><\/tr><tr><td>Kal\u0131nl\u0131k<\/td><td>55 mm<\/td><\/tr><tr><td><strong>&nbsp;\u00c7evresel<\/strong><\/td><\/tr><tr><td>&nbsp;\u00c7al\u0131\u015fma S\u0131cakl\u0131\u011f\u0131<\/td><td>-20\u00b0C to 50\u00b0C<\/td><\/tr><tr><td>&nbsp;Saklama S\u0131cakl\u0131\u011f\u0131<\/td><td>-30\u00b0C to 70\u00b0C<\/td><\/tr><tr><td>&nbsp;Darbe Dayan\u0131kl\u0131l\u0131\u011f\u0131<\/td><td>1,8 metre<\/td><\/tr><tr><td>&nbsp;IP Standard\u0131<\/td><td>IP65<\/td><\/tr><tr><td><strong>&nbsp;\u00c7\u00f6z\u00fcmleme Yetene\u011fi<\/strong><\/td><\/tr><tr><td>&nbsp;1D&nbsp;\/ Linear Kodlar<\/td><td>GS1\/Databar Dahil Standart 1D Linear Kodlar<\/td><\/tr><tr><td>&nbsp;2D Kodlar<\/td><td>Aztec Code, Data Matrix, MaxiCode, PDF417, MicroPDF417, QRCode, Micro QRCode<\/td><\/tr><tr><td>&nbsp;Postal Kodlar<\/td><td>Australian Post, Japanese Post, KIX Code, Royal Mail, USPS Intelligent Mail, USPS PLANET, USPS, Postnet<\/td><\/tr><tr><td>&nbsp;Stacked Kodlar<\/td><td>GS1 Composite Codes UPC\/EAN\/JAN Composites, GS1 DataBar Composites ve GS1-128 Composite<\/td><\/tr><tr><td><strong>&nbsp;<\/strong><strong>Barkod Okuyucu Se\u00e7enekleri<\/strong><\/td><\/tr><tr><td>&nbsp;1D Imager<\/td><td>Imager Sensor<\/td><td>2500 Piksel Sens\u00f6r<\/td><\/tr><tr><td>Keskin Ye\u015fil Tarama \u00c7izgisi<\/td><\/tr><tr><td>\u00c7\u00f6z\u00fcn\u00fcrl\u00fck<\/td><td>1D: 2.5 mil<\/td><\/tr><tr><td>Tarama Mesafesi<\/td><td>45 mm ~ 740 mm<\/td><\/tr><tr><td>Tarama Penceresi<\/td><td>Gorilla\u00ae Glass 3 Cam<\/td><\/tr><tr><td>&nbsp;2D Imager (Standart Aral\u0131k)<\/td><td>Imager Sensor<\/td><td>Megapiksel Sens\u00f6r (Geni\u015fletilmi\u015f Aral\u0131k)<\/td><\/tr><tr><td>Beyaz LED Ayd\u0131nlatma<\/td><\/tr><tr><td>\u00c7\u00f6z\u00fcn\u00fcrl\u00fck<\/td><td>1D: 3 mil<\/td><\/tr><tr><td>2D: 6,6 mil<\/td><\/tr><tr><td>Tarama Mesafesi<\/td><td>45 mm ~ 740 mm<\/td><\/tr><tr><td>Tarama Penceresi<\/td><td>Gorilla\u00ae Glass 3 Cam<\/td><\/tr><tr><td>&nbsp;2D Imager (Otomatik Aral\u0131k)<\/td><\/tr><tr><td>\u00c7\u00f6z\u00fcn\u00fcrl\u00fck<\/td><td>1D: 3 mil<\/td><\/tr><tr><td>2D: 10 mil<\/td><\/tr><tr><td>Tarama Mesafesi<\/td><td>Code 39 (10 mil): 0,15 m ~ 1,5 mt<\/td><\/tr><tr><td>Code 39 (55 mil): ~ 8 mt<\/td><\/tr><tr><td>Code 39 (100 mil): ~ 15 mt<\/td><\/tr><tr><td>Datamatrix (10 mil): 0,15 m ~ 0,9 mt<\/td><\/tr><tr><td>Datamatrix (55 mil): ~ 4,8 mt<\/td><\/tr><tr><td>Datamatrix (100 mil): ~ 8 mt<\/td><\/tr><tr><td>Tarama Penceresi<\/td><td>Gorilla\u00ae Glass 3 Cam<\/td><\/tr><tr><td><strong>&nbsp;Opsiyonel Aksesuarlar<\/strong><\/td><\/tr><tr><td>&nbsp;Opsiyonel Aksesuarlar<\/td><td>Tekli Cradle<\/td><\/tr><tr><td>4 L\u00fc Cradle (\u0130leti\u015fim ve \u015earj \u00d6zellikli-Cihaz ve Pil)<\/td><\/tr><tr><td>4 L\u00fc Cradle (Sadece \u015earj \u00d6zelli\u011fi-Cihaz ve Pil)<\/td><\/tr><tr><td>4 L\u00fc Pil \u015earj \u00dcnitesi (Sadece Pil)<\/td><\/tr><tr><td>Ara\u00e7 Kiti<\/td><\/tr><tr><td>Rubber Boot (Plastik Koruyucu)<\/td><\/tr><tr><td>K\u0131l\u0131f<\/td><\/tr><tr><td><strong>&nbsp;Yaz\u0131l\u0131m<\/strong><\/td><\/tr><tr><td>&nbsp;Uygulamalar<\/td><td>Pal\u2122 Uygulama K\u00fct\u00fcphanesi (\u00d6nlisansl\u0131)<\/td><\/tr><tr><td>&nbsp;Kurulum ve Bak\u0131m<\/td><td>Wavelink Avalanche\u00ae MC \u00d6nlisansl\u0131, Datalogic xPlatform Utility (DXU), Datalogic Desktop Utility (DDU), Datalogic Configuration Utility (DCU)<\/td><\/tr><tr><td>&nbsp;Geli\u015ftirme<\/td><td>Datalogic Windows SDK\u2122<\/td><\/tr><tr><td>&nbsp;Terminal Em\u00fclasyon<\/td><td>Wavelink\u00ae Terminal Emulation\u2122 \u00d6nlisansl\u0131 (Kabzal\u0131 modellerde)<\/td><\/tr><\/tbody><\/table>\n","protected":false},"excerpt":{"rendered":"<p>\u25cf Microsoft Windows Embedded Compact 7 i\u015fletim sistemi\u25cf TI OMAP4 @1 GHZ Mikro \u0130\u015flemci\u25cf 1 GB RAM, 8 GB Flash ROM\u25cf 3,5 \u0130n\u00e7 (240 X 320 piksel) renkli dokunmatik ekran\u25cf\u00a0Wifi\u00a0ve\u00a0Bluetooth\u00a0\u0130leti\u015fim\u25cf 1D veya 2D Barkod Okuyucu Se\u00e7enekleri\u25cf IP65 Koruma Standard\u0131na Uygunluk\u25cf 1,8 Metreden D\u00fc\u015fmeye Dayan\u0131kl\u0131\u25cf 29 veya 52 tu\u015f se\u00e7enekleri\u25cf\u00a0&#8220;Green Spot&#8221;\u00a0Barkod Do\u011frulama \u00f6zelli\u011fi &nbsp;Model &nbsp;Wifi &nbsp;Bluetooth [&hellip;]<\/p>\n","protected":false},"author":1,"featured_media":0,"parent":504,"menu_order":0,"comment_status":"closed","ping_status":"closed","template":"","meta":[],"yoast_head":"<!-- This site is optimized with the Yoast SEO plugin v15.7 - https:\/\/yoast.com\/wordpress\/plugins\/seo\/ -->\n<title>Datalogic FalconX4 Windows CeNet El Terminali - Crea Barkod<\/title>\n<meta name=\"robots\" content=\"index, follow, max-snippet:-1, max-image-preview:large, max-video-preview:-1\" \/>\n<link rel=\"canonical\" href=\"http:\/\/www.creabarkod.com\/?page_id=665\" \/>\n<meta property=\"og:locale\" content=\"tr_TR\" \/>\n<meta property=\"og:type\" content=\"article\" \/>\n<meta property=\"og:title\" content=\"Datalogic FalconX4 Windows CeNet El Terminali - Crea Barkod\" \/>\n<meta property=\"og:description\" content=\"\u25cf Microsoft Windows Embedded Compact 7 i\u015fletim sistemi\u25cf TI OMAP4 @1 GHZ Mikro \u0130\u015flemci\u25cf 1 GB RAM, 8 GB Flash ROM\u25cf 3,5 \u0130n\u00e7 (240 X 320 piksel) renkli dokunmatik ekran\u25cf\u00a0Wifi\u00a0ve\u00a0Bluetooth\u00a0\u0130leti\u015fim\u25cf 1D veya 2D Barkod Okuyucu Se\u00e7enekleri\u25cf IP65 Koruma Standard\u0131na Uygunluk\u25cf 1,8 Metreden D\u00fc\u015fmeye Dayan\u0131kl\u0131\u25cf 29 veya 52 tu\u015f se\u00e7enekleri\u25cf\u00a0&#8220;Green Spot&#8221;\u00a0Barkod Do\u011frulama \u00f6zelli\u011fi &nbsp;Model &nbsp;Wifi &nbsp;Bluetooth [&hellip;]\" \/>\n<meta property=\"og:url\" content=\"http:\/\/www.creabarkod.com\/?page_id=665\" \/>\n<meta property=\"og:site_name\" content=\"Crea Barkod\" \/>\n<meta property=\"article:modified_time\" content=\"2019-06-19T10:23:13+00:00\" \/>\n<meta property=\"og:image\" content=\"http:\/\/www.creabarkod.com\/wp-content\/uploads\/2019\/06\/Datalogic-FalconX4-Windows-CeNet-El-Terminali-1-1.jpg\" \/>\n<meta name=\"twitter:card\" content=\"summary_large_image\" \/>\n<meta name=\"twitter:label1\" content=\"Tahmini okuma s\u00fcresi\">\n\t<meta name=\"twitter:data1\" content=\"3 dakika\">\n<script type=\"application\/ld+json\" class=\"yoast-schema-graph\">{\"@context\":\"https:\/\/schema.org\",\"@graph\":[{\"@type\":\"WebSite\",\"@id\":\"http:\/\/www.creabarkod.com\/#website\",\"url\":\"http:\/\/www.creabarkod.com\/\",\"name\":\"Crea Barkod\",\"description\":\"\",\"potentialAction\":[{\"@type\":\"SearchAction\",\"target\":\"http:\/\/www.creabarkod.com\/?s={search_term_string}\",\"query-input\":\"required name=search_term_string\"}],\"inLanguage\":\"tr\"},{\"@type\":\"ImageObject\",\"@id\":\"http:\/\/www.creabarkod.com\/?page_id=665#primaryimage\",\"inLanguage\":\"tr\",\"url\":\"http:\/\/www.creabarkod.com\/wp-content\/uploads\/2019\/06\/Datalogic-FalconX4-Windows-CeNet-El-Terminali-1-1.jpg\",\"width\":500,\"height\":500,\"caption\":\"Datalogic FalconX4 Windows CeNet El Terminali\"},{\"@type\":\"WebPage\",\"@id\":\"http:\/\/www.creabarkod.com\/?page_id=665#webpage\",\"url\":\"http:\/\/www.creabarkod.com\/?page_id=665\",\"name\":\"Datalogic FalconX4 Windows CeNet El Terminali - Crea Barkod\",\"isPartOf\":{\"@id\":\"http:\/\/www.creabarkod.com\/#website\"},\"primaryImageOfPage\":{\"@id\":\"http:\/\/www.creabarkod.com\/?page_id=665#primaryimage\"},\"datePublished\":\"2019-06-19T09:57:39+00:00\",\"dateModified\":\"2019-06-19T10:23:13+00:00\",\"inLanguage\":\"tr\",\"potentialAction\":[{\"@type\":\"ReadAction\",\"target\":[\"http:\/\/www.creabarkod.com\/?page_id=665\"]}]}]}<\/script>\n<!-- \/ Yoast SEO plugin. -->","_links":{"self":[{"href":"http:\/\/www.creabarkod.com\/index.php?rest_route=\/wp\/v2\/pages\/665"}],"collection":[{"href":"http:\/\/www.creabarkod.com\/index.php?rest_route=\/wp\/v2\/pages"}],"about":[{"href":"http:\/\/www.creabarkod.com\/index.php?rest_route=\/wp\/v2\/types\/page"}],"author":[{"embeddable":true,"href":"http:\/\/www.creabarkod.com\/index.php?rest_route=\/wp\/v2\/users\/1"}],"replies":[{"embeddable":true,"href":"http:\/\/www.creabarkod.com\/index.php?rest_route=%2Fwp%2Fv2%2Fcomments&post=665"}],"version-history":[{"count":3,"href":"http:\/\/www.creabarkod.com\/index.php?rest_route=\/wp\/v2\/pages\/665\/revisions"}],"predecessor-version":[{"id":701,"href":"http:\/\/www.creabarkod.com\/index.php?rest_route=\/wp\/v2\/pages\/665\/revisions\/701"}],"up":[{"embeddable":true,"href":"http:\/\/www.creabarkod.com\/index.php?rest_route=\/wp\/v2\/pages\/504"}],"wp:attachment":[{"href":"http:\/\/www.creabarkod.com\/index.php?rest_route=%2Fwp%2Fv2%2Fmedia&parent=665"}],"curies":[{"name":"wp","href":"https:\/\/api.w.org\/{rel}","templated":true}]}}