{"id":663,"date":"2019-06-19T09:57:07","date_gmt":"2019-06-19T09:57:07","guid":{"rendered":"http:\/\/www.creabarkod.com\/?page_id=663"},"modified":"2019-06-19T10:17:22","modified_gmt":"2019-06-19T10:17:22","slug":"datalogic-falconx3-windows-cenet-el-terminali","status":"publish","type":"page","link":"http:\/\/www.creabarkod.com\/?page_id=663","title":{"rendered":"Datalogic FalconX3+ Windows CeNet El Terminali"},"content":{"rendered":"\n<ul class=\"wp-block-gallery columns-2 is-cropped\"><li class=\"blocks-gallery-item\"><figure><a href=\"http:\/\/www.creabarkod.com\/wp-content\/uploads\/2019\/06\/Datalogic-FalconX3-Windows-CeNet-El-Terminali-1-1.jpg\"><img loading=\"lazy\" width=\"500\" height=\"500\" src=\"http:\/\/www.creabarkod.com\/wp-content\/uploads\/2019\/06\/Datalogic-FalconX3-Windows-CeNet-El-Terminali-1-1.jpg\" alt=\"Datalogic FalconX3+ Windows CeNet El Terminali\" data-id=\"695\" data-link=\"http:\/\/www.creabarkod.com\/?attachment_id=695\" class=\"wp-image-695\" srcset=\"http:\/\/www.creabarkod.com\/wp-content\/uploads\/2019\/06\/Datalogic-FalconX3-Windows-CeNet-El-Terminali-1-1.jpg 500w, http:\/\/www.creabarkod.com\/wp-content\/uploads\/2019\/06\/Datalogic-FalconX3-Windows-CeNet-El-Terminali-1-1-150x150.jpg 150w, http:\/\/www.creabarkod.com\/wp-content\/uploads\/2019\/06\/Datalogic-FalconX3-Windows-CeNet-El-Terminali-1-1-300x300.jpg 300w\" sizes=\"(max-width: 500px) 100vw, 500px\" \/><\/a><\/figure><\/li><li class=\"blocks-gallery-item\"><figure><a href=\"http:\/\/www.creabarkod.com\/wp-content\/uploads\/2019\/06\/Datalogic-FalconX3-Windows-CeNet-El-Terminali-2.jpg\"><img loading=\"lazy\" width=\"500\" height=\"500\" src=\"http:\/\/www.creabarkod.com\/wp-content\/uploads\/2019\/06\/Datalogic-FalconX3-Windows-CeNet-El-Terminali-2.jpg\" alt=\"Datalogic FalconX3+ Windows CeNet El Terminali\" data-id=\"696\" data-link=\"http:\/\/www.creabarkod.com\/?attachment_id=696\" class=\"wp-image-696\" srcset=\"http:\/\/www.creabarkod.com\/wp-content\/uploads\/2019\/06\/Datalogic-FalconX3-Windows-CeNet-El-Terminali-2.jpg 500w, http:\/\/www.creabarkod.com\/wp-content\/uploads\/2019\/06\/Datalogic-FalconX3-Windows-CeNet-El-Terminali-2-150x150.jpg 150w, http:\/\/www.creabarkod.com\/wp-content\/uploads\/2019\/06\/Datalogic-FalconX3-Windows-CeNet-El-Terminali-2-300x300.jpg 300w\" sizes=\"(max-width: 500px) 100vw, 500px\" \/><\/a><\/figure><\/li><\/ul>\n\n\n\n<p>\u25cf Windows Ce.Net 6.0 profesyonel i\u015fletim sistemi<br>\u25cf Intel\u00ae XScale PXA310, 806 MHz Mikro \u0130\u015flemci<br>\u25cf 256 MB RAM, 1 GB ROM<br>\u25cf 3,5 \u0130n\u00e7 (320X240 piksel) renkli dokunmatik ekran<br>\u25cf\u00a0<strong>WLAN\u00a0<\/strong>ve\u00a0<strong>Bluetooth\u00a0<\/strong>\u0130leti\u015fim<br>\u25cf 1D veya 2D Barkod Okuyucu Se\u00e7enekleri<br>\u25cf IP65 standard\u0131nda<br>\u25cf 29 ve 52 tu\u015f se\u00e7enekleri<br>\u25cf 3,1 Megapiksel Kamera<br>\u25cf\u00a0<strong>&#8220;Green Spot&#8221;<\/strong>\u00a0Barkod Do\u011frulama \u00f6zelli\u011fi <\/p>\n\n\n\n<table class=\"wp-block-table\"><tbody><tr><td>&nbsp;Model<\/td><td>&nbsp;Wifi<\/td><td>Bluetooth<\/td><td>Desteklenen&nbsp;<br>Barkod Tipleri<\/td><td>Barkod Okuyucu Tipi<\/td><td>Tu\u015f Tak\u0131m\u0131<\/td><td>Pistol<\/td><td>Pil Tipi<\/td><\/tr><tr><td>&nbsp;<strong>945200043<\/strong><\/td><td>&nbsp;Var<\/td><td>&nbsp;Var<\/td><td>1D<\/td><td>&nbsp;Lazer<\/td><td>&nbsp;29 Tu\u015flu<\/td><td>Yok<\/td><td>&nbsp;Standart<\/td><\/tr><tr><td>&nbsp;<strong>945200044<\/strong><\/td><td>&nbsp;Var<\/td><td>&nbsp;Var<\/td><td>1D&nbsp;\/ 2D<\/td><td>&nbsp;Standart Range Imager<\/td><td>&nbsp;29 Tu\u015flu<\/td><td>Yok<\/td><td>&nbsp;Standart<\/td><\/tr><\/tbody><\/table>\n\n\n\n<table class=\"wp-block-table\"><tbody><tr><td><strong>&nbsp;Sistem<\/strong><\/td><\/tr><tr><td>&nbsp;\u0130\u015flemci<\/td><td>Intel Xscale PXA310 806 Mhz Mikro \u0130\u015flemci<\/td><\/tr><tr><td>&nbsp;Bellek<\/td><td>256 MB RAM, 1 GB ROM<\/td><\/tr><tr><td>&nbsp;\u0130\u015fletim Sistemi<\/td><td>Microsoft Windows CE .NET 6.0 Professional<\/td><\/tr><tr><td><strong>&nbsp;Ekran<\/strong><\/td><td>&nbsp;<\/td><\/tr><tr><td>&nbsp;\u00d6zellik<\/td><td>Arka ayd\u0131nlatmal\u0131, Renkli, Dokunmatik QVGA TFT Ekran<\/td><\/tr><tr><td>&nbsp;Boyut<\/td><td>3,5&#8243; (\u0130n\u00e7)<\/td><\/tr><tr><td>&nbsp;\u00c7\u00f6z\u00fcn\u00fcrl\u00fck<\/td><td>320 x 240 piksel<\/td><\/tr><tr><td><strong>&nbsp;Tu\u015f Tak\u0131m\u0131<\/strong><\/td><td>&nbsp;<\/td><\/tr><tr><td>&nbsp;Klavye Tipleri<\/td><td>29 Tu\u015flu: N\u00fcmerik Klavye<\/td><\/tr><tr><td>52&nbsp;Tu\u015flu:&nbsp;Alfa N\u00fcmerik Klavye<\/td><\/tr><tr><td><strong>&nbsp;\u0130leti\u015fim<\/strong><\/td><td>&nbsp;<\/td><\/tr><tr><td>&nbsp;USB<\/td><td>USB 1.1 Host , USB 2.0 Client<\/td><\/tr><tr><td>&nbsp;WLAN<\/td><td>Laird IEEE 802.11 a\/b\/g\/n, CCX4 Uyumlu&nbsp;<br>Not: \u00dclkeya ba\u011fl\u0131 olarak 2.4 Ghz veya 5.2 Ghz Frekans\u0131nda<\/td><\/tr><tr><td>&nbsp;WPAN<\/td><td>Bluetooth 2.1 + EDR (802.15 Class 2)<\/td><\/tr><tr><td><strong>&nbsp;G\u00fc\u00e7 Kayna\u011f\u0131<\/strong><\/td><td>&nbsp;<\/td><\/tr><tr><td>&nbsp;Ana pil<\/td><td>3,7V 5200 mAH \u015farj edilebilir Lityum ion pil<\/td><\/tr><tr><td><strong>&nbsp;Fiziksel<\/strong><\/td><td>&nbsp;<\/td><\/tr><tr><td>&nbsp;Boyutlar<\/td><td>Pistol olmadan<\/td><td>Y\u00fckseklik<\/td><td>225 mm<\/td><\/tr><tr><td>Geni\u015flik<\/td><td>88 mm<\/td><\/tr><tr><td>Kal\u0131nl\u0131k<\/td><td>55 mm<\/td><\/tr><tr><td>Pistol ile<\/td><\/tr><tr><td>Geni\u015flik<\/td><td>88 mm<\/td><\/tr><tr><td>Kal\u0131nl\u0131k<\/td><td>168 mm<\/td><\/tr><tr><td>&nbsp;A\u011f\u0131rl\u0131k<\/td><td>Pistol olmadan<\/td><td>608 gram<\/td><\/tr><tr><td>Pistol ile<\/td><td>674 gram<\/td><\/tr><tr><td><strong>&nbsp;\u00c7evresel<\/strong><\/td><td>&nbsp;<\/td><\/tr><tr><td>&nbsp;\u00c7al\u0131\u015fma S\u0131cakl\u0131\u011f\u0131<\/td><td>-20\u00b0C to 50\u00b0C<\/td><\/tr><tr><td>&nbsp;Saklama S\u0131cakl\u0131\u011f\u0131<\/td><td>-30\u00b0C to 70\u00b0C<\/td><\/tr><tr><td>&nbsp;Darbe Dayan\u0131kl\u0131l\u0131\u011f\u0131<\/td><td>1,8 metre<\/td><\/tr><tr><td>&nbsp;IP Standard\u0131<\/td><td>IP65<\/td><\/tr><tr><td><strong>&nbsp;\u00c7\u00f6z\u00fcmleme Yetene\u011fi<\/strong><\/td><td>&nbsp;<\/td><\/tr><tr><td>&nbsp;1D&nbsp;\/ Linear Kodlar<\/td><td>GS1\/Databar Dahil Standart 1D Linear Kodlar<\/td><\/tr><tr><td>&nbsp;2D Kodlar<\/td><td>Aztec Code, DataMatrix, MaxiCode, Micro QR Code, QR Code<\/td><\/tr><tr><td>&nbsp;Postal Kodlar<\/td><td>Australian Post, Japan Post, KIX Code, Planet,Postnet, Royal Mail Code (RM4SCC)<\/td><\/tr><tr><td>&nbsp;Stacked Kodlar<\/td><td>GS1 DataBar Composites, GS1 DataBar Expanded Stacked, GS1 DataBar Stacked, MicroPDF417,PDF417, UPC A\/E Composites<\/td><\/tr><tr><td><strong>&nbsp;<\/strong><strong>Barkod Okuyucu Se\u00e7enekleri<\/strong><\/td><td>&nbsp;<\/td><\/tr><tr><td>&nbsp;Y\u00fcksek Performans Lazer (HPL)<\/td><td>\u00c7\u00f6z\u00fcn\u00fcrl\u00fck<\/td><td>1D: 0.100 mm (4 mil)<\/td><\/tr><tr><td>Tarama H\u0131z\u0131<\/td><td>104 Tarama \/ Saniye (\u00b112)<\/td><\/tr><tr><td>Tarama Mesafesi<\/td><td>10 mm ~ 830 mm<\/td><\/tr><tr><td>Okuma Do\u011frulama<\/td><td>&#8220;Green Spot&#8221; Okuma Do\u011frulama<\/td><\/tr><tr><td>&nbsp;Uzak Mesafe Lazer (XLR)<\/td><td>\u00c7\u00f6z\u00fcn\u00fcrl\u00fck<\/td><td>1D: 0.20 mm (7,5 mil)<\/td><\/tr><tr><td>Tarama H\u0131z\u0131<\/td><td>31 ~ 41 Tarama \/ Saniye<\/td><\/tr><tr><td>Tarama Mesafesi<\/td><td>Yans\u0131mal\u0131 Etikette: 9 cm ~ 490 cm<\/td><\/tr><tr><td>Yans\u0131mas\u0131z Etikette: 1509 cm<\/td><\/tr><tr><td>Okuma Do\u011frulama<\/td><td>&#8220;Green Spot&#8221; Okuma Do\u011frulama<\/td><\/tr><tr><td>&nbsp;Standart Mesafe Imager (XLR)<\/td><td>\u00c7\u00f6z\u00fcn\u00fcrl\u00fck<\/td><td>1D: 5 mil<\/td><\/tr><tr><td>2D: 6,7 mil<\/td><\/tr><tr><td>Tarama Mesafesi<\/td><td>2 cm ~ 60 cm<\/td><\/tr><tr><td>Okuma Do\u011frulama<\/td><td>&#8220;Green Spot&#8221; Okuma Do\u011frulama<\/td><\/tr><tr><td>&nbsp;Ekstra Uzak Mesafe Imager (XLR)<\/td><td>\u00c7\u00f6z\u00fcn\u00fcrl\u00fck<\/td><td>1D: 5 mil<\/td><\/tr><tr><td>2D: 10 mil<\/td><\/tr><tr><td>Tarama Mesafesi<\/td><td>17 cm ~ 952 cm<\/td><\/tr><tr><td>Okuma Do\u011frulama<\/td><td>&#8220;Green Spot&#8221; Okuma Do\u011frulama<\/td><\/tr><tr><td><strong>&nbsp;Yaz\u0131l\u0131m<\/strong><\/td><td>&nbsp;<\/td><\/tr><tr><td>&nbsp;Uygulamalar<\/td><td>Pal\u2122 Uygulama K\u00fct\u00fcphanesi (\u00d6nlisansl\u0131)<\/td><\/tr><tr><td>&nbsp;Kurulum ve Bak\u0131m<\/td><td>Wavelink Avalanche\u00ae MC \u00d6nlisansl\u0131, Wavelink Avalanche\u00ae SE \u00d6nlisansl\u0131, Avalanche Remote Control\u2122, Datalogic Firmware Utility (DFU),Datalogic Desktop Utility (DDU), Datalogic Configuration Utility (DCU)<\/td><\/tr><tr><td>&nbsp;Geli\u015ftirme<\/td><td>Datalogic Windows SDK\u2122, Wavelink\u00ae Studio\u2122,MCL-Collection\u2122, Java Virtual Machine<\/td><\/tr><tr><td>&nbsp;Terminal Em\u00fclasyon<\/td><td>Wavelink\u00ae Terminal Emulation\u2122 \u00d6nlisansl\u0131 (Kabzal\u0131 modellerde)<\/td><\/tr><tr><td>&nbsp;G\u00fcvenlik<\/td><td>Wavelink CE Secure, Wavelink Certificate Manager<\/td><\/tr><tr><td>&nbsp;Ses Toplama<\/td><td>Vo-CE\u2122; Wavelink Speakeasy\u2122<\/td><\/tr><\/tbody><\/table>\n","protected":false},"excerpt":{"rendered":"<p>\u25cf Windows Ce.Net 6.0 profesyonel i\u015fletim sistemi\u25cf Intel\u00ae XScale PXA310, 806 MHz Mikro \u0130\u015flemci\u25cf 256 MB RAM, 1 GB ROM\u25cf 3,5 \u0130n\u00e7 (320X240 piksel) renkli dokunmatik ekran\u25cf\u00a0WLAN\u00a0ve\u00a0Bluetooth\u00a0\u0130leti\u015fim\u25cf 1D veya 2D Barkod Okuyucu Se\u00e7enekleri\u25cf IP65 standard\u0131nda\u25cf 29 ve 52 tu\u015f se\u00e7enekleri\u25cf 3,1 Megapiksel Kamera\u25cf\u00a0&#8220;Green Spot&#8221;\u00a0Barkod Do\u011frulama \u00f6zelli\u011fi &nbsp;Model &nbsp;Wifi Bluetooth Desteklenen&nbsp;Barkod Tipleri Barkod Okuyucu Tipi Tu\u015f [&hellip;]<\/p>\n","protected":false},"author":1,"featured_media":0,"parent":504,"menu_order":0,"comment_status":"closed","ping_status":"closed","template":"","meta":[],"yoast_head":"<!-- This site is optimized with the Yoast SEO plugin v15.7 - https:\/\/yoast.com\/wordpress\/plugins\/seo\/ -->\n<title>Datalogic FalconX3+ Windows CeNet El Terminali - Crea Barkod<\/title>\n<meta name=\"robots\" content=\"index, follow, max-snippet:-1, max-image-preview:large, max-video-preview:-1\" \/>\n<link rel=\"canonical\" href=\"http:\/\/www.creabarkod.com\/?page_id=663\" \/>\n<meta property=\"og:locale\" content=\"tr_TR\" \/>\n<meta property=\"og:type\" content=\"article\" \/>\n<meta property=\"og:title\" content=\"Datalogic FalconX3+ Windows CeNet El Terminali - Crea Barkod\" \/>\n<meta property=\"og:description\" content=\"\u25cf Windows Ce.Net 6.0 profesyonel i\u015fletim sistemi\u25cf Intel\u00ae XScale PXA310, 806 MHz Mikro \u0130\u015flemci\u25cf 256 MB RAM, 1 GB ROM\u25cf 3,5 \u0130n\u00e7 (320X240 piksel) renkli dokunmatik ekran\u25cf\u00a0WLAN\u00a0ve\u00a0Bluetooth\u00a0\u0130leti\u015fim\u25cf 1D veya 2D Barkod Okuyucu Se\u00e7enekleri\u25cf IP65 standard\u0131nda\u25cf 29 ve 52 tu\u015f se\u00e7enekleri\u25cf 3,1 Megapiksel Kamera\u25cf\u00a0&#8220;Green Spot&#8221;\u00a0Barkod Do\u011frulama \u00f6zelli\u011fi &nbsp;Model &nbsp;Wifi Bluetooth Desteklenen&nbsp;Barkod Tipleri Barkod Okuyucu Tipi Tu\u015f [&hellip;]\" \/>\n<meta property=\"og:url\" content=\"http:\/\/www.creabarkod.com\/?page_id=663\" \/>\n<meta property=\"og:site_name\" content=\"Crea Barkod\" \/>\n<meta property=\"article:modified_time\" content=\"2019-06-19T10:17:22+00:00\" \/>\n<meta property=\"og:image\" content=\"http:\/\/www.creabarkod.com\/wp-content\/uploads\/2019\/06\/Datalogic-FalconX3-Windows-CeNet-El-Terminali-1-1.jpg\" \/>\n<meta name=\"twitter:card\" content=\"summary_large_image\" \/>\n<meta name=\"twitter:label1\" content=\"Tahmini okuma s\u00fcresi\">\n\t<meta name=\"twitter:data1\" content=\"3 dakika\">\n<script type=\"application\/ld+json\" class=\"yoast-schema-graph\">{\"@context\":\"https:\/\/schema.org\",\"@graph\":[{\"@type\":\"WebSite\",\"@id\":\"http:\/\/www.creabarkod.com\/#website\",\"url\":\"http:\/\/www.creabarkod.com\/\",\"name\":\"Crea Barkod\",\"description\":\"\",\"potentialAction\":[{\"@type\":\"SearchAction\",\"target\":\"http:\/\/www.creabarkod.com\/?s={search_term_string}\",\"query-input\":\"required name=search_term_string\"}],\"inLanguage\":\"tr\"},{\"@type\":\"ImageObject\",\"@id\":\"http:\/\/www.creabarkod.com\/?page_id=663#primaryimage\",\"inLanguage\":\"tr\",\"url\":\"http:\/\/www.creabarkod.com\/wp-content\/uploads\/2019\/06\/Datalogic-FalconX3-Windows-CeNet-El-Terminali-1-1.jpg\",\"width\":500,\"height\":500,\"caption\":\"Datalogic FalconX3+ Windows CeNet El Terminali\"},{\"@type\":\"WebPage\",\"@id\":\"http:\/\/www.creabarkod.com\/?page_id=663#webpage\",\"url\":\"http:\/\/www.creabarkod.com\/?page_id=663\",\"name\":\"Datalogic FalconX3+ Windows CeNet El Terminali - Crea Barkod\",\"isPartOf\":{\"@id\":\"http:\/\/www.creabarkod.com\/#website\"},\"primaryImageOfPage\":{\"@id\":\"http:\/\/www.creabarkod.com\/?page_id=663#primaryimage\"},\"datePublished\":\"2019-06-19T09:57:07+00:00\",\"dateModified\":\"2019-06-19T10:17:22+00:00\",\"inLanguage\":\"tr\",\"potentialAction\":[{\"@type\":\"ReadAction\",\"target\":[\"http:\/\/www.creabarkod.com\/?page_id=663\"]}]}]}<\/script>\n<!-- \/ Yoast SEO plugin. -->","_links":{"self":[{"href":"http:\/\/www.creabarkod.com\/index.php?rest_route=\/wp\/v2\/pages\/663"}],"collection":[{"href":"http:\/\/www.creabarkod.com\/index.php?rest_route=\/wp\/v2\/pages"}],"about":[{"href":"http:\/\/www.creabarkod.com\/index.php?rest_route=\/wp\/v2\/types\/page"}],"author":[{"embeddable":true,"href":"http:\/\/www.creabarkod.com\/index.php?rest_route=\/wp\/v2\/users\/1"}],"replies":[{"embeddable":true,"href":"http:\/\/www.creabarkod.com\/index.php?rest_route=%2Fwp%2Fv2%2Fcomments&post=663"}],"version-history":[{"count":2,"href":"http:\/\/www.creabarkod.com\/index.php?rest_route=\/wp\/v2\/pages\/663\/revisions"}],"predecessor-version":[{"id":697,"href":"http:\/\/www.creabarkod.com\/index.php?rest_route=\/wp\/v2\/pages\/663\/revisions\/697"}],"up":[{"embeddable":true,"href":"http:\/\/www.creabarkod.com\/index.php?rest_route=\/wp\/v2\/pages\/504"}],"wp:attachment":[{"href":"http:\/\/www.creabarkod.com\/index.php?rest_route=%2Fwp%2Fv2%2Fmedia&parent=663"}],"curies":[{"name":"wp","href":"https:\/\/api.w.org\/{rel}","templated":true}]}}