{"id":661,"date":"2019-06-19T09:56:14","date_gmt":"2019-06-19T09:56:14","guid":{"rendered":"http:\/\/www.creabarkod.com\/?page_id=661"},"modified":"2019-06-19T10:15:30","modified_gmt":"2019-06-19T10:15:30","slug":"bitatek-it-9000-windows-cenet-el-terminali","status":"publish","type":"page","link":"http:\/\/www.creabarkod.com\/?page_id=661","title":{"rendered":"Bitatek IT-9000 Windows CeNet El Terminali"},"content":{"rendered":"\n<ul class=\"wp-block-gallery columns-3 is-cropped\"><li class=\"blocks-gallery-item\"><figure><a href=\"http:\/\/www.creabarkod.com\/wp-content\/uploads\/2019\/06\/Bitatek-IT-9000-Windows-CeNet-El-Terminali-1-1.jpg\"><img loading=\"lazy\" width=\"500\" height=\"500\" src=\"http:\/\/www.creabarkod.com\/wp-content\/uploads\/2019\/06\/Bitatek-IT-9000-Windows-CeNet-El-Terminali-1-1.jpg\" alt=\"Bitatek IT-9000 Windows CeNet El Terminali\" data-id=\"691\" data-link=\"http:\/\/www.creabarkod.com\/?attachment_id=691\" class=\"wp-image-691\" srcset=\"http:\/\/www.creabarkod.com\/wp-content\/uploads\/2019\/06\/Bitatek-IT-9000-Windows-CeNet-El-Terminali-1-1.jpg 500w, http:\/\/www.creabarkod.com\/wp-content\/uploads\/2019\/06\/Bitatek-IT-9000-Windows-CeNet-El-Terminali-1-1-150x150.jpg 150w, http:\/\/www.creabarkod.com\/wp-content\/uploads\/2019\/06\/Bitatek-IT-9000-Windows-CeNet-El-Terminali-1-1-300x300.jpg 300w\" sizes=\"(max-width: 500px) 100vw, 500px\" \/><\/a><\/figure><\/li><li class=\"blocks-gallery-item\"><figure><a href=\"http:\/\/www.creabarkod.com\/wp-content\/uploads\/2019\/06\/Bitatek-IT-9000-Windows-CeNet-El-Terminali-2.jpg\"><img loading=\"lazy\" width=\"500\" height=\"500\" src=\"http:\/\/www.creabarkod.com\/wp-content\/uploads\/2019\/06\/Bitatek-IT-9000-Windows-CeNet-El-Terminali-2.jpg\" alt=\"Bitatek IT-9000 Windows CeNet El Terminali\" data-id=\"692\" data-link=\"http:\/\/www.creabarkod.com\/?attachment_id=692\" class=\"wp-image-692\" srcset=\"http:\/\/www.creabarkod.com\/wp-content\/uploads\/2019\/06\/Bitatek-IT-9000-Windows-CeNet-El-Terminali-2.jpg 500w, http:\/\/www.creabarkod.com\/wp-content\/uploads\/2019\/06\/Bitatek-IT-9000-Windows-CeNet-El-Terminali-2-150x150.jpg 150w, http:\/\/www.creabarkod.com\/wp-content\/uploads\/2019\/06\/Bitatek-IT-9000-Windows-CeNet-El-Terminali-2-300x300.jpg 300w\" sizes=\"(max-width: 500px) 100vw, 500px\" \/><\/a><\/figure><\/li><li class=\"blocks-gallery-item\"><figure><a href=\"http:\/\/www.creabarkod.com\/wp-content\/uploads\/2019\/06\/Bitatek-IT-9000-Windows-CeNet-El-Terminali-3.jpg\"><img loading=\"lazy\" width=\"500\" height=\"500\" src=\"http:\/\/www.creabarkod.com\/wp-content\/uploads\/2019\/06\/Bitatek-IT-9000-Windows-CeNet-El-Terminali-3.jpg\" alt=\"Bitatek IT-9000 Windows CeNet El Terminali\" data-id=\"693\" data-link=\"http:\/\/www.creabarkod.com\/?attachment_id=693\" class=\"wp-image-693\" srcset=\"http:\/\/www.creabarkod.com\/wp-content\/uploads\/2019\/06\/Bitatek-IT-9000-Windows-CeNet-El-Terminali-3.jpg 500w, http:\/\/www.creabarkod.com\/wp-content\/uploads\/2019\/06\/Bitatek-IT-9000-Windows-CeNet-El-Terminali-3-150x150.jpg 150w, http:\/\/www.creabarkod.com\/wp-content\/uploads\/2019\/06\/Bitatek-IT-9000-Windows-CeNet-El-Terminali-3-300x300.jpg 300w\" sizes=\"(max-width: 500px) 100vw, 500px\" \/><\/a><\/figure><\/li><\/ul>\n\n\n\n<p>\u25cf Windows CE.NET 5.0 Core i\u015fletim sistemi<br>\u25cf Intel 312 Mhz i\u015flemci<br>\u25cf 64 MB RAM, 64 MB Flash ROM<br>\u25cf 2 GB Mikro SD kart hediyeli<br>\u25cf 2,4 \u0130n\u00e7 (320X240 piksel) renkli dokunmatik ekran<br>\u25cf 1D lazer barkod okuyucu<br>\u25cf Cep telefonu boyutlar\u0131nda (170 Gram A\u011f\u0131rl\u0131k) <\/p>\n\n\n\n<table class=\"wp-block-table\"><tbody><tr><td><strong>&nbsp;Sistem<\/strong><\/td><\/tr><tr><td>&nbsp;\u0130\u015flemci<\/td><td>Intel Marvell PXA270 (312 Mhz) i\u015flemci<\/td><\/tr><tr><td>&nbsp;SDRAM<\/td><td>64 MB<\/td><\/tr><tr><td>&nbsp;Flash&nbsp;ROM<\/td><td>64 MB + (2GB Mikro SD Kart)<\/td><\/tr><tr><td>&nbsp;\u0130\u015fletim Sistemi<\/td><td>Microsoft Windows CE.NET 5.0 (Core versiyon)<\/td><\/tr><tr><td><strong>&nbsp;Ekran<\/strong><\/td><td><\/td><\/tr><tr><td>&nbsp;\u00d6zellik<\/td><td>TFT 256K Transmissive QVGA Arka Ayd\u0131nlatmal\u0131 LCD<\/td><\/tr><tr><td>&nbsp;Boyut<\/td><td>2,4 \u0130n\u00e7<\/td><\/tr><tr><td>&nbsp;\u00c7\u00f6z\u00fcn\u00fcrl\u00fck<\/td><td>240 x 320 piksel<\/td><\/tr><tr><td><strong>&nbsp;Barkod&nbsp;Okuyucu<\/strong><\/td><td><\/td><\/tr><tr><td>&nbsp;Okuyucu sistemi<\/td><td>1D Lazer barkod okuyucu<\/td><\/tr><tr><td>&nbsp;\u00c7\u00f6z\u00fcn\u00fcrl\u00fck<\/td><td>0,127 mm (5 mil)&nbsp; PCS %90<\/td><\/tr><tr><td>&nbsp;Tarama uzakl\u0131\u011f\u0131<\/td><td>0-670 mm<\/td><\/tr><tr><td>&nbsp;Tarama h\u0131z\u0131<\/td><td>100 tarama \/ saniye<\/td><\/tr><tr><td>&nbsp;Okunabilen barkod tipleri<\/td><td>Code 39, Code 93, Code 11, Code 128, EAN-128, Codabar, UPC A\/E, EAN 8\/13, UK Plessey, MSI Plessey, Standart 2 Of 5, Interleaved 2 Of 5, Telepen, Matrix 2 Of 5, China Post Code<\/td><\/tr><tr><td><strong>&nbsp;Tu\u015f&nbsp;Tak\u0131m\u0131<\/strong><\/td><td><\/td><\/tr><tr><td>&nbsp;Tip<\/td><td>N\u00fcmerik<\/td><\/tr><tr><td>&nbsp;Tu\u015f say\u0131s\u0131<\/td><td>23 tu\u015f<\/td><\/tr><tr><td><strong>&nbsp;\u0130leti\u015fim<\/strong><\/td><td><\/td><\/tr><tr><td>&nbsp;Kablolu \u0130leti\u015fim<\/td><td>USB 1.1 (Opsiyonel RS-232C)<\/td><\/tr><tr><td>&nbsp;Kablosuz ileti\u015fim<\/td><td><strong>Yok<\/strong><\/td><\/tr><tr><td><strong>&nbsp;Geni\u015fleme&nbsp;yuvalar\u0131<\/strong><\/td><td><\/td><\/tr><tr><td>&nbsp;Geni\u015fleme yuvas\u0131<\/td><td>&nbsp;Mikro SD kart<\/td><\/tr><tr><td><strong>&nbsp;G\u00fc\u00e7&nbsp;Kayna\u011f\u0131<\/strong><\/td><td><\/td><\/tr><tr><td>&nbsp;Ana Pil<\/td><td>1100 mAH, 3.7V \u015farj edilebilir Li-ion pil<\/td><\/tr><tr><td>&nbsp;Backup pili<\/td><td>15 mAH, 2.4V Ni-MH \u015farj edilebilir backup pili<\/td><\/tr><tr><td>&nbsp;G\u00fc\u00e7 kayna\u011f\u0131<\/td><td>100-240 VAC, 50\/60 HZ giri\u015f, 9V DC \/2,2A \u00e7\u0131k\u0131\u015f<\/td><\/tr><tr><td>&nbsp;Kullan\u0131m s\u00fcreleri<\/td><td>En fazla 2,5 saat&nbsp; (Bu durum ilave kart olmaks\u0131z\u0131n, LCD arka ayd\u0131nlatma %70 oran\u0131nda, ses tu\u015f tak\u0131m\u0131 arka ayd\u0131nlatmas\u0131 kapal\u0131 olarak varsay\u0131ld\u0131\u011f\u0131nda ge\u00e7erlidir.)<\/td><\/tr><tr><td><strong>&nbsp;\u00c7evresel<\/strong><\/td><td><\/td><\/tr><tr><td>&nbsp;\u00c7al\u0131\u015fma S\u0131cakl\u0131\u011f\u0131<\/td><td>-10\u00b0C ~ 50\u00b0C<\/td><\/tr><tr><td>&nbsp;Saklama S\u0131cakl\u0131\u011f\u0131<\/td><td>-25\u00b0C ~ 60\u00b0C<\/td><\/tr><tr><td>&nbsp;Nem oran\u0131<\/td><td>&nbsp;En fazla %95 (Yo\u011funla\u015fmas\u0131z)<\/td><\/tr><tr><td><strong>&nbsp;Fiziksel<\/strong><\/td><td><\/td><\/tr><tr><td>&nbsp;A\u011f\u0131rl\u0131k<\/td><td>170 Gram<\/td><\/tr><tr><td>&nbsp;Uzunluk<\/td><td>136 mm<\/td><\/tr><tr><td>&nbsp;Geni\u015flik<\/td><td>50 mm<\/td><\/tr><tr><td>&nbsp;Kal\u0131nl\u0131k<\/td><td>25 mm<\/td><\/tr><tr><td>&nbsp;LED (G\u00f6stergeler)<\/td><td>Mavi, Ye\u015fil ve K\u0131rm\u0131z\u0131<\/td><\/tr><tr><td>&nbsp;Darbe dayan\u0131kl\u0131l\u0131\u011f\u0131<\/td><td>1,2 metre<\/td><\/tr><tr><td>&nbsp;End\u00fcstriyel standard\u0131<\/td><td>IP54<\/td><\/tr><tr><td>&nbsp;Sertifikalar<\/td><td>CE, CB, FCC, NCC, SRMC, CCC ve RoHS<\/td><\/tr><tr><td><strong>&nbsp;Yaz\u0131l\u0131msal<\/strong><\/td><td><\/td><\/tr><tr><td>&nbsp;Windows CE programlar\u0131<\/td><td>Internet Explorer, Media Player, Microsoft Wordpad, Remote Connection, Transciber, Windows Explorer<\/td><\/tr><tr><td>&nbsp;Yaz\u0131l\u0131m geli\u015ftirme ara\u00e7lar\u0131<\/td><td>Microsoft VB ve VC i\u00e7in Microsoft Visual ara\u00e7lar\u0131<\/td><\/tr><tr><td><strong>&nbsp;Aksesuarlar<\/strong><\/td><td><\/td><\/tr><tr><td>&nbsp;Aksesuarlar<\/td><td>Cradle (Tekli \u015farj ve ileti\u015fim \u00fcnitesi)<\/td><\/tr><tr><td>RS-232C kablo (\u015earj ve ileti\u015fim i\u00e7in)<\/td><\/tr><\/tbody><\/table>\n","protected":false},"excerpt":{"rendered":"<p>\u25cf Windows CE.NET 5.0 Core i\u015fletim sistemi\u25cf Intel 312 Mhz i\u015flemci\u25cf 64 MB RAM, 64 MB Flash ROM\u25cf 2 GB Mikro SD kart hediyeli\u25cf 2,4 \u0130n\u00e7 (320X240 piksel) renkli dokunmatik ekran\u25cf 1D lazer barkod okuyucu\u25cf Cep telefonu boyutlar\u0131nda (170 Gram A\u011f\u0131rl\u0131k) &nbsp;Sistem &nbsp;\u0130\u015flemci Intel Marvell PXA270 (312 Mhz) i\u015flemci &nbsp;SDRAM 64 MB &nbsp;Flash&nbsp;ROM 64 MB [&hellip;]<\/p>\n","protected":false},"author":1,"featured_media":0,"parent":504,"menu_order":0,"comment_status":"closed","ping_status":"closed","template":"","meta":[],"yoast_head":"<!-- This site is optimized with the Yoast SEO plugin v15.7 - https:\/\/yoast.com\/wordpress\/plugins\/seo\/ -->\n<title>Bitatek IT-9000 Windows CeNet El Terminali - Crea Barkod<\/title>\n<meta name=\"robots\" content=\"index, follow, max-snippet:-1, max-image-preview:large, max-video-preview:-1\" \/>\n<link rel=\"canonical\" href=\"http:\/\/www.creabarkod.com\/?page_id=661\" \/>\n<meta property=\"og:locale\" content=\"tr_TR\" \/>\n<meta property=\"og:type\" content=\"article\" \/>\n<meta property=\"og:title\" content=\"Bitatek IT-9000 Windows CeNet El Terminali - Crea Barkod\" \/>\n<meta property=\"og:description\" content=\"\u25cf Windows CE.NET 5.0 Core i\u015fletim sistemi\u25cf Intel 312 Mhz i\u015flemci\u25cf 64 MB RAM, 64 MB Flash ROM\u25cf 2 GB Mikro SD kart hediyeli\u25cf 2,4 \u0130n\u00e7 (320X240 piksel) renkli dokunmatik ekran\u25cf 1D lazer barkod okuyucu\u25cf Cep telefonu boyutlar\u0131nda (170 Gram A\u011f\u0131rl\u0131k) &nbsp;Sistem &nbsp;\u0130\u015flemci Intel Marvell PXA270 (312 Mhz) i\u015flemci &nbsp;SDRAM 64 MB &nbsp;Flash&nbsp;ROM 64 MB [&hellip;]\" \/>\n<meta property=\"og:url\" content=\"http:\/\/www.creabarkod.com\/?page_id=661\" \/>\n<meta property=\"og:site_name\" content=\"Crea Barkod\" \/>\n<meta property=\"article:modified_time\" content=\"2019-06-19T10:15:30+00:00\" \/>\n<meta property=\"og:image\" content=\"http:\/\/www.creabarkod.com\/wp-content\/uploads\/2019\/06\/Bitatek-IT-9000-Windows-CeNet-El-Terminali-1-1.jpg\" \/>\n<meta name=\"twitter:card\" content=\"summary_large_image\" \/>\n<meta name=\"twitter:label1\" content=\"Tahmini okuma s\u00fcresi\">\n\t<meta name=\"twitter:data1\" content=\"2 dakika\">\n<script type=\"application\/ld+json\" class=\"yoast-schema-graph\">{\"@context\":\"https:\/\/schema.org\",\"@graph\":[{\"@type\":\"WebSite\",\"@id\":\"http:\/\/www.creabarkod.com\/#website\",\"url\":\"http:\/\/www.creabarkod.com\/\",\"name\":\"Crea Barkod\",\"description\":\"\",\"potentialAction\":[{\"@type\":\"SearchAction\",\"target\":\"http:\/\/www.creabarkod.com\/?s={search_term_string}\",\"query-input\":\"required name=search_term_string\"}],\"inLanguage\":\"tr\"},{\"@type\":\"ImageObject\",\"@id\":\"http:\/\/www.creabarkod.com\/?page_id=661#primaryimage\",\"inLanguage\":\"tr\",\"url\":\"http:\/\/www.creabarkod.com\/wp-content\/uploads\/2019\/06\/Bitatek-IT-9000-Windows-CeNet-El-Terminali-1-1.jpg\",\"width\":500,\"height\":500,\"caption\":\"Bitatek IT-9000 Windows CeNet El Terminali\"},{\"@type\":\"WebPage\",\"@id\":\"http:\/\/www.creabarkod.com\/?page_id=661#webpage\",\"url\":\"http:\/\/www.creabarkod.com\/?page_id=661\",\"name\":\"Bitatek IT-9000 Windows CeNet El Terminali - Crea Barkod\",\"isPartOf\":{\"@id\":\"http:\/\/www.creabarkod.com\/#website\"},\"primaryImageOfPage\":{\"@id\":\"http:\/\/www.creabarkod.com\/?page_id=661#primaryimage\"},\"datePublished\":\"2019-06-19T09:56:14+00:00\",\"dateModified\":\"2019-06-19T10:15:30+00:00\",\"inLanguage\":\"tr\",\"potentialAction\":[{\"@type\":\"ReadAction\",\"target\":[\"http:\/\/www.creabarkod.com\/?page_id=661\"]}]}]}<\/script>\n<!-- \/ Yoast SEO plugin. -->","_links":{"self":[{"href":"http:\/\/www.creabarkod.com\/index.php?rest_route=\/wp\/v2\/pages\/661"}],"collection":[{"href":"http:\/\/www.creabarkod.com\/index.php?rest_route=\/wp\/v2\/pages"}],"about":[{"href":"http:\/\/www.creabarkod.com\/index.php?rest_route=\/wp\/v2\/types\/page"}],"author":[{"embeddable":true,"href":"http:\/\/www.creabarkod.com\/index.php?rest_route=\/wp\/v2\/users\/1"}],"replies":[{"embeddable":true,"href":"http:\/\/www.creabarkod.com\/index.php?rest_route=%2Fwp%2Fv2%2Fcomments&post=661"}],"version-history":[{"count":2,"href":"http:\/\/www.creabarkod.com\/index.php?rest_route=\/wp\/v2\/pages\/661\/revisions"}],"predecessor-version":[{"id":694,"href":"http:\/\/www.creabarkod.com\/index.php?rest_route=\/wp\/v2\/pages\/661\/revisions\/694"}],"up":[{"embeddable":true,"href":"http:\/\/www.creabarkod.com\/index.php?rest_route=\/wp\/v2\/pages\/504"}],"wp:attachment":[{"href":"http:\/\/www.creabarkod.com\/index.php?rest_route=%2Fwp%2Fv2%2Fmedia&parent=661"}],"curies":[{"name":"wp","href":"https:\/\/api.w.org\/{rel}","templated":true}]}}