{"id":659,"date":"2019-06-19T09:55:40","date_gmt":"2019-06-19T09:55:40","guid":{"rendered":"http:\/\/www.creabarkod.com\/?page_id=659"},"modified":"2019-06-19T10:13:36","modified_gmt":"2019-06-19T10:13:36","slug":"argox-pa-100-windows-cenet-el-terminali","status":"publish","type":"page","link":"http:\/\/www.creabarkod.com\/?page_id=659","title":{"rendered":"Argox PA-100 Windows CeNet El Terminali"},"content":{"rendered":"\n<ul class=\"wp-block-gallery columns-4 is-cropped\"><li class=\"blocks-gallery-item\"><figure><a href=\"http:\/\/www.creabarkod.com\/wp-content\/uploads\/2019\/06\/Argox-PA-100-Windows-CeNet-El-Terminali-1-1.jpg\"><img loading=\"lazy\" width=\"500\" height=\"500\" src=\"http:\/\/www.creabarkod.com\/wp-content\/uploads\/2019\/06\/Argox-PA-100-Windows-CeNet-El-Terminali-1-1.jpg\" alt=\"Argox PA-100 Windows CeNet El Terminali\" data-id=\"685\" data-link=\"http:\/\/www.creabarkod.com\/?attachment_id=685\" class=\"wp-image-685\" srcset=\"http:\/\/www.creabarkod.com\/wp-content\/uploads\/2019\/06\/Argox-PA-100-Windows-CeNet-El-Terminali-1-1.jpg 500w, http:\/\/www.creabarkod.com\/wp-content\/uploads\/2019\/06\/Argox-PA-100-Windows-CeNet-El-Terminali-1-1-150x150.jpg 150w, http:\/\/www.creabarkod.com\/wp-content\/uploads\/2019\/06\/Argox-PA-100-Windows-CeNet-El-Terminali-1-1-300x300.jpg 300w\" sizes=\"(max-width: 500px) 100vw, 500px\" \/><\/a><\/figure><\/li><li class=\"blocks-gallery-item\"><figure><a href=\"http:\/\/www.creabarkod.com\/wp-content\/uploads\/2019\/06\/Argox-PA-100-Windows-CeNet-El-Terminali-2.jpg\"><img loading=\"lazy\" width=\"500\" height=\"500\" src=\"http:\/\/www.creabarkod.com\/wp-content\/uploads\/2019\/06\/Argox-PA-100-Windows-CeNet-El-Terminali-2.jpg\" alt=\"Argox PA-100 Windows CeNet El Terminali\" data-id=\"686\" data-link=\"http:\/\/www.creabarkod.com\/?attachment_id=686\" class=\"wp-image-686\" srcset=\"http:\/\/www.creabarkod.com\/wp-content\/uploads\/2019\/06\/Argox-PA-100-Windows-CeNet-El-Terminali-2.jpg 500w, http:\/\/www.creabarkod.com\/wp-content\/uploads\/2019\/06\/Argox-PA-100-Windows-CeNet-El-Terminali-2-150x150.jpg 150w, http:\/\/www.creabarkod.com\/wp-content\/uploads\/2019\/06\/Argox-PA-100-Windows-CeNet-El-Terminali-2-300x300.jpg 300w\" sizes=\"(max-width: 500px) 100vw, 500px\" \/><\/a><\/figure><\/li><li class=\"blocks-gallery-item\"><figure><a href=\"http:\/\/www.creabarkod.com\/wp-content\/uploads\/2019\/06\/Argox-PA-100-Windows-CeNet-El-Terminali-3.jpg\"><img loading=\"lazy\" width=\"500\" height=\"500\" src=\"http:\/\/www.creabarkod.com\/wp-content\/uploads\/2019\/06\/Argox-PA-100-Windows-CeNet-El-Terminali-3.jpg\" alt=\"Argox PA-100 Windows CeNet El Terminali\" data-id=\"687\" data-link=\"http:\/\/www.creabarkod.com\/?attachment_id=687\" class=\"wp-image-687\" srcset=\"http:\/\/www.creabarkod.com\/wp-content\/uploads\/2019\/06\/Argox-PA-100-Windows-CeNet-El-Terminali-3.jpg 500w, http:\/\/www.creabarkod.com\/wp-content\/uploads\/2019\/06\/Argox-PA-100-Windows-CeNet-El-Terminali-3-150x150.jpg 150w, http:\/\/www.creabarkod.com\/wp-content\/uploads\/2019\/06\/Argox-PA-100-Windows-CeNet-El-Terminali-3-300x300.jpg 300w\" sizes=\"(max-width: 500px) 100vw, 500px\" \/><\/a><\/figure><\/li><li class=\"blocks-gallery-item\"><figure><a href=\"http:\/\/www.creabarkod.com\/wp-content\/uploads\/2019\/06\/Argox-PA-100-Windows-CeNet-El-Terminali-4.jpg\"><img loading=\"lazy\" width=\"500\" height=\"500\" src=\"http:\/\/www.creabarkod.com\/wp-content\/uploads\/2019\/06\/Argox-PA-100-Windows-CeNet-El-Terminali-4.jpg\" alt=\"Argox PA-100 Windows CeNet El Terminali\" data-id=\"688\" data-link=\"http:\/\/www.creabarkod.com\/?attachment_id=688\" class=\"wp-image-688\" srcset=\"http:\/\/www.creabarkod.com\/wp-content\/uploads\/2019\/06\/Argox-PA-100-Windows-CeNet-El-Terminali-4.jpg 500w, http:\/\/www.creabarkod.com\/wp-content\/uploads\/2019\/06\/Argox-PA-100-Windows-CeNet-El-Terminali-4-150x150.jpg 150w, http:\/\/www.creabarkod.com\/wp-content\/uploads\/2019\/06\/Argox-PA-100-Windows-CeNet-El-Terminali-4-300x300.jpg 300w\" sizes=\"(max-width: 500px) 100vw, 500px\" \/><\/a><\/figure><\/li><\/ul>\n\n\n\n<p>\u25cf Windows Ce.Net 6.0 i\u015fletim sistemi<br>\u25cf Intel 806 Mhz i\u015flemci<br>\u25cf 256 MB RAM, 256 MB ROM<br>\u25cf 3,5 \u0130n\u00e7 (320X240 piksel) renkli dokunmatik ekran<br>\u25cf\u00a0<strong>Wifi<\/strong>\u00a0ve\u00a0<strong>Bluetooth<\/strong>\u00a0\u00f6zelli\u011fi<br>\u25cf 1D lazer barkod okuyucu<br>\u25cf IP65 standard\u0131nda<br>\u25cf 1,8 metreden d\u00fc\u015fmeye dayan\u0131kl\u0131 <\/p>\n\n\n\n<table class=\"wp-block-table\"><tbody><tr><td><strong>&nbsp;Sistem<\/strong><\/td><\/tr><tr><td>&nbsp;\u0130\u015flemci<\/td><td>Intel PXA310 (806 Mhz) i\u015flemci<\/td><\/tr><tr><td>&nbsp;RAM<\/td><td>256 MB<\/td><\/tr><tr><td>&nbsp;ROM<\/td><td>256 MB<\/td><\/tr><tr><td>&nbsp;\u0130\u015fletim Sistemi<\/td><td>Microsoft Windows CE .NET 6.0 Professional<\/td><\/tr><tr><td><strong>&nbsp;Ekran<\/strong><\/td><\/tr><tr><td>&nbsp;\u00d6zellik<\/td><td>D\u00fc\u015f\u00fck g\u00fc\u00e7 t\u00fcketimli TFT 24 bit Renkli LCD<\/td><\/tr><tr><td>&nbsp;Boyut<\/td><td>3,5 \u0130n\u00e7<\/td><\/tr><tr><td>&nbsp;\u00c7\u00f6z\u00fcn\u00fcrl\u00fck<\/td><td>240 x 320 piksel<\/td><\/tr><tr><td><strong>&nbsp;Barkod&nbsp;Okuyucu<\/strong><\/td><\/tr><tr><td>&nbsp;Okuyucu sistemi<\/td><td>1D Lazer (Opsiyonel 2D)<\/td><\/tr><tr><td>&nbsp;Tarama h\u0131z\u0131<\/td><td>100 tarama\/saniye<\/td><\/tr><tr><td>&nbsp;Tarama uzakl\u0131\u011f\u0131<\/td><td>70 mm &#8211; 95 mm (5.2 mil)<\/td><\/tr><tr><td>57 mm &#8211; 171 mm (7,5 mil)<\/td><\/tr><tr><td>50 mm &#8211; 210 mm (10,4mil)<\/td><\/tr><tr><td>50 mm &#8211; 254 mm (13 mil)<\/td><\/tr><tr><td>75 mm &#8211; 300 mm (19,5 mil)<\/td><\/tr><tr><td>&nbsp;Okunabilen barkod tipleri<\/td><td><strong>1D:<\/strong>GS1\/Databar, Code 39, Code 93, Codabar, Code 128, Interleaved 2\/5, Matrix 2\/5, MSI\/Plessey, UK\/Plessey, Telepen, UPC-A, UPC-E , Code 11, EAN-8, EAN-13, Industrial 2\/5<\/td><\/tr><tr><td><strong>&nbsp;Tu\u015f&nbsp;Tak\u0131m\u0131<\/strong><\/td><\/tr><tr><td>&nbsp;Tu\u015f tak\u0131m\u0131<\/td><td>29 tu\u015f (Opsiyonel 44 tu\u015f)<\/td><\/tr><tr><td><strong>&nbsp;\u0130leti\u015fim<\/strong><\/td><\/tr><tr><td>&nbsp;Kablolu \u0130leti\u015fim<\/td><td>USB 2.0 veya RS-232C<\/td><\/tr><tr><td>&nbsp;Kablosuz ileti\u015fim<\/td><td>Standart&nbsp; : Bluetooth, WLAN<br>Opsiyonel : GPRS, RF-ID<\/td><\/tr><tr><td><strong>&nbsp;Geni\u015fleme&nbsp;yuvalar\u0131<\/strong><\/td><\/tr><tr><td>&nbsp;Geni\u015fleme yuvas\u0131<\/td><td>Mikro SD kart<\/td><\/tr><tr><td><strong>&nbsp;G\u00fc\u00e7&nbsp;Kayna\u011f\u0131<\/strong><\/td><\/tr><tr><td>&nbsp;Ana Pil<\/td><td>3900mAH, 3.7V DC \u015farj edilebilir Li-polimer pil<\/td><\/tr><tr><td>&nbsp;Backup pili<\/td><td>1 adet \u015farj edilebilir Ni-MH pil<\/td><\/tr><tr><td>&nbsp;Kullan\u0131m s\u00fcreleri<\/td><td>Dakikada 6 okutma ile 12 saat&nbsp; (Bu durum ilave kart olmaks\u0131z\u0131n, LCD arka ayd\u0131nlatma %70 oran\u0131nda, ses tu\u015f tak\u0131m\u0131 arka ayd\u0131nlatmas\u0131 kapal\u0131 olarak varsay\u0131ld\u0131\u011f\u0131nda ge\u00e7erlidir.)<\/td><\/tr><tr><td><strong>&nbsp;\u00c7evresel<\/strong><\/td><\/tr><tr><td>&nbsp;\u00c7al\u0131\u015fma S\u0131cakl\u0131\u011f\u0131<\/td><td>-10\u00b0C ~ 50\u00b0C<\/td><\/tr><tr><td>&nbsp;Saklama S\u0131cakl\u0131\u011f\u0131<\/td><td>-20\u00b0C ~ 70\u00b0C<\/td><\/tr><tr><td>&nbsp;Nem oran\u0131<\/td><td>Max. %80 (Yo\u011funla\u015fmas\u0131z)<\/td><\/tr><tr><td><strong>&nbsp;Fiziksel<\/strong><\/td><\/tr><tr><td>&nbsp;A\u011f\u0131rl\u0131k<\/td><td>380 Gram (Pil dahil)<\/td><\/tr><tr><td>&nbsp;Uzunluk<\/td><td>159 mm<\/td><\/tr><tr><td>&nbsp;Geni\u015flik<\/td><td>80,8 mm<\/td><\/tr><tr><td>&nbsp;Kal\u0131nl\u0131k<\/td><td>36 mm<\/td><\/tr><tr><td>&nbsp;End\u00fcstriyel standard\u0131<\/td><td>IP65<\/td><\/tr><tr><td><strong>&nbsp;Yaz\u0131l\u0131msal<\/strong><\/td><\/tr><tr><td>&nbsp;Programlar<\/td><td>Embedded Visual C++ 4.0<\/td><\/tr><tr><td>Visual Studio. NET<\/td><\/tr><tr><td>Visual Studio 2005<\/td><\/tr><tr><td>Windows CE SDK<\/td><\/tr><tr><td>Scanner Configuration Utility<\/td><\/tr><tr><td><strong>&nbsp;Aksesuarlar<\/strong><\/td><\/tr><tr><td>&nbsp;Aksesuarlar<\/td><td>Be\u015fik (Tekli \u015farj \u00fcnitesi)<\/td><\/tr><tr><td>RS-232C kablo (\u015earj ve ileti\u015fim i\u00e7in)<\/td><\/tr><tr><td>4&#8217;l\u00fc \u015farj kiti<\/td><\/tr><tr><td>Ara\u00e7 kiti<\/td><\/tr><tr><td>Pistol (Kabza)<\/td><\/tr><\/tbody><\/table>\n","protected":false},"excerpt":{"rendered":"<p>\u25cf Windows Ce.Net 6.0 i\u015fletim sistemi\u25cf Intel 806 Mhz i\u015flemci\u25cf 256 MB RAM, 256 MB ROM\u25cf 3,5 \u0130n\u00e7 (320X240 piksel) renkli dokunmatik ekran\u25cf\u00a0Wifi\u00a0ve\u00a0Bluetooth\u00a0\u00f6zelli\u011fi\u25cf 1D lazer barkod okuyucu\u25cf IP65 standard\u0131nda\u25cf 1,8 metreden d\u00fc\u015fmeye dayan\u0131kl\u0131 &nbsp;Sistem &nbsp;\u0130\u015flemci Intel PXA310 (806 Mhz) i\u015flemci &nbsp;RAM 256 MB &nbsp;ROM 256 MB &nbsp;\u0130\u015fletim Sistemi Microsoft Windows CE .NET 6.0 Professional &nbsp;Ekran [&hellip;]<\/p>\n","protected":false},"author":1,"featured_media":0,"parent":504,"menu_order":0,"comment_status":"closed","ping_status":"closed","template":"","meta":[],"yoast_head":"<!-- This site is optimized with the Yoast SEO plugin v15.7 - https:\/\/yoast.com\/wordpress\/plugins\/seo\/ -->\n<title>Argox PA-100 Windows CeNet El Terminali - Crea Barkod<\/title>\n<meta name=\"robots\" content=\"index, follow, max-snippet:-1, max-image-preview:large, max-video-preview:-1\" \/>\n<link rel=\"canonical\" href=\"http:\/\/www.creabarkod.com\/?page_id=659\" \/>\n<meta property=\"og:locale\" content=\"tr_TR\" \/>\n<meta property=\"og:type\" content=\"article\" \/>\n<meta property=\"og:title\" content=\"Argox PA-100 Windows CeNet El Terminali - Crea Barkod\" \/>\n<meta property=\"og:description\" content=\"\u25cf Windows Ce.Net 6.0 i\u015fletim sistemi\u25cf Intel 806 Mhz i\u015flemci\u25cf 256 MB RAM, 256 MB ROM\u25cf 3,5 \u0130n\u00e7 (320X240 piksel) renkli dokunmatik ekran\u25cf\u00a0Wifi\u00a0ve\u00a0Bluetooth\u00a0\u00f6zelli\u011fi\u25cf 1D lazer barkod okuyucu\u25cf IP65 standard\u0131nda\u25cf 1,8 metreden d\u00fc\u015fmeye dayan\u0131kl\u0131 &nbsp;Sistem &nbsp;\u0130\u015flemci Intel PXA310 (806 Mhz) i\u015flemci &nbsp;RAM 256 MB &nbsp;ROM 256 MB &nbsp;\u0130\u015fletim Sistemi Microsoft Windows CE .NET 6.0 Professional &nbsp;Ekran [&hellip;]\" \/>\n<meta property=\"og:url\" content=\"http:\/\/www.creabarkod.com\/?page_id=659\" \/>\n<meta property=\"og:site_name\" content=\"Crea Barkod\" \/>\n<meta property=\"article:modified_time\" content=\"2019-06-19T10:13:36+00:00\" \/>\n<meta property=\"og:image\" content=\"http:\/\/www.creabarkod.com\/wp-content\/uploads\/2019\/06\/Argox-PA-100-Windows-CeNet-El-Terminali-1-1.jpg\" \/>\n<meta name=\"twitter:card\" content=\"summary_large_image\" \/>\n<meta name=\"twitter:label1\" content=\"Tahmini okuma s\u00fcresi\">\n\t<meta name=\"twitter:data1\" content=\"2 dakika\">\n<script type=\"application\/ld+json\" class=\"yoast-schema-graph\">{\"@context\":\"https:\/\/schema.org\",\"@graph\":[{\"@type\":\"WebSite\",\"@id\":\"http:\/\/www.creabarkod.com\/#website\",\"url\":\"http:\/\/www.creabarkod.com\/\",\"name\":\"Crea Barkod\",\"description\":\"\",\"potentialAction\":[{\"@type\":\"SearchAction\",\"target\":\"http:\/\/www.creabarkod.com\/?s={search_term_string}\",\"query-input\":\"required name=search_term_string\"}],\"inLanguage\":\"tr\"},{\"@type\":\"ImageObject\",\"@id\":\"http:\/\/www.creabarkod.com\/?page_id=659#primaryimage\",\"inLanguage\":\"tr\",\"url\":\"http:\/\/www.creabarkod.com\/wp-content\/uploads\/2019\/06\/Argox-PA-100-Windows-CeNet-El-Terminali-1-1.jpg\",\"width\":500,\"height\":500,\"caption\":\"Argox PA-100 Windows CeNet El Terminali\"},{\"@type\":\"WebPage\",\"@id\":\"http:\/\/www.creabarkod.com\/?page_id=659#webpage\",\"url\":\"http:\/\/www.creabarkod.com\/?page_id=659\",\"name\":\"Argox PA-100 Windows CeNet El Terminali - Crea Barkod\",\"isPartOf\":{\"@id\":\"http:\/\/www.creabarkod.com\/#website\"},\"primaryImageOfPage\":{\"@id\":\"http:\/\/www.creabarkod.com\/?page_id=659#primaryimage\"},\"datePublished\":\"2019-06-19T09:55:40+00:00\",\"dateModified\":\"2019-06-19T10:13:36+00:00\",\"inLanguage\":\"tr\",\"potentialAction\":[{\"@type\":\"ReadAction\",\"target\":[\"http:\/\/www.creabarkod.com\/?page_id=659\"]}]}]}<\/script>\n<!-- \/ Yoast SEO plugin. -->","_links":{"self":[{"href":"http:\/\/www.creabarkod.com\/index.php?rest_route=\/wp\/v2\/pages\/659"}],"collection":[{"href":"http:\/\/www.creabarkod.com\/index.php?rest_route=\/wp\/v2\/pages"}],"about":[{"href":"http:\/\/www.creabarkod.com\/index.php?rest_route=\/wp\/v2\/types\/page"}],"author":[{"embeddable":true,"href":"http:\/\/www.creabarkod.com\/index.php?rest_route=\/wp\/v2\/users\/1"}],"replies":[{"embeddable":true,"href":"http:\/\/www.creabarkod.com\/index.php?rest_route=%2Fwp%2Fv2%2Fcomments&post=659"}],"version-history":[{"count":3,"href":"http:\/\/www.creabarkod.com\/index.php?rest_route=\/wp\/v2\/pages\/659\/revisions"}],"predecessor-version":[{"id":690,"href":"http:\/\/www.creabarkod.com\/index.php?rest_route=\/wp\/v2\/pages\/659\/revisions\/690"}],"up":[{"embeddable":true,"href":"http:\/\/www.creabarkod.com\/index.php?rest_route=\/wp\/v2\/pages\/504"}],"wp:attachment":[{"href":"http:\/\/www.creabarkod.com\/index.php?rest_route=%2Fwp%2Fv2%2Fmedia&parent=659"}],"curies":[{"name":"wp","href":"https:\/\/api.w.org\/{rel}","templated":true}]}}