{"id":63,"date":"2019-02-11T11:30:11","date_gmt":"2019-02-11T11:30:11","guid":{"rendered":"http:\/\/www.creabarkod.com\/?page_id=63"},"modified":"2019-04-05T09:44:28","modified_gmt":"2019-04-05T09:44:28","slug":"pp-opak-etiketler","status":"publish","type":"page","link":"http:\/\/www.creabarkod.com\/?page_id=63","title":{"rendered":"PP Opak Etiketler"},"content":{"rendered":"\n<div class=\"wp-block-image\"><figure class=\"aligncenter\"><img loading=\"lazy\" width=\"1024\" height=\"147\" src=\"http:\/\/www.creabarkod.com\/wp-content\/uploads\/2019\/02\/Crea_Etiket_Kesim_Makinesi-1024x147.png\" alt=\"Crea_Etiket_Kesim_Makinesi\" class=\"wp-image-89\" srcset=\"http:\/\/www.creabarkod.com\/wp-content\/uploads\/2019\/02\/Crea_Etiket_Kesim_Makinesi-1024x147.png 1024w, http:\/\/www.creabarkod.com\/wp-content\/uploads\/2019\/02\/Crea_Etiket_Kesim_Makinesi-300x43.png 300w, http:\/\/www.creabarkod.com\/wp-content\/uploads\/2019\/02\/Crea_Etiket_Kesim_Makinesi-768x110.png 768w, http:\/\/www.creabarkod.com\/wp-content\/uploads\/2019\/02\/Crea_Etiket_Kesim_Makinesi.png 1050w\" sizes=\"(max-width: 1024px) 100vw, 1024px\" \/><\/figure><\/div>\n\n\n\n<h3>PP(Polipropilen) Etiket<\/h3>\n\n\n\n<p>\n\nKolay y\u0131rt\u0131lmayan, \u0131s\u0131ya, \u0131\u015f\u0131\u011fa, s\u00fcrt\u00fcnmeye, neme, suya dayan\u0131kl\u0131 etiketlerdir.&nbsp;<br>Opak PP, Mat PP ve \u015eeffaf PP olarak \u00fc\u00e7e ayr\u0131l\u0131rlar.<br>Genellikle kimya, kozmetik, g\u0131da, mobilya ve cam end\u00fcstrilerinde kullan\u0131l\u0131r.\n\n<\/p>\n\n\n\n<h3>\u00dcr\u00fcn Detaylar\u0131 :<\/h3>\n\n\n\n<ul><li><strong>Boyut:<\/strong>&nbsp;\u0130stenilen \u00f6l\u00e7\u00fclerde 2 i\u015f g\u00fcn\u00fc i\u00e7inde bask\u0131l\u0131 veya bask\u0131s\u0131z  \u00fcretim yap\u0131l\u0131r.<\/li><li><strong>\u00c7e\u015fitleri:<\/strong>&nbsp; PP Opak, PP Mat ve PP \u015eeffaf<\/li><li><strong>Yap\u0131\u015fkan T\u00fcrleri:<\/strong>&nbsp;Akrilik, Hotmelt, Nonperm, Deepfreeze<\/li><li><strong>Kullan\u0131labilecek Ribon:<\/strong>&nbsp;Resin Ribon<\/li><\/ul>\n\n\n\n<ul><li><strong>WhatsApp&nbsp;ile&nbsp;<a href=\"https:\/\/wa.me\/+905362919091\">S\u0130PAR\u0130\u015e&nbsp;<\/a>verin&nbsp;veya&nbsp;<a href=\"https:\/\/wa.me\/+905362919091\">B\u0130LG\u0130&nbsp;<\/a>al\u0131n<\/strong><\/li><\/ul>\n\n\n<div class=\"foogallery foogallery-container foogallery-masonry foogallery-lightbox-none fg-center fg-masonry fg-light fg-border-thick fg-round-large fg-shadow-large fg-hover-grayscale fg-hover-scale fg-hover-fade fg-ready\" id=\"foogallery-gallery-155\" data-foogallery=\"{&quot;item&quot;:{&quot;showCaptionTitle&quot;:false,&quot;showCaptionDescription&quot;:false},&quot;lazy&quot;:true,&quot;src&quot;:&quot;data-src-fg&quot;,&quot;srcset&quot;:&quot;data-srcset-fg&quot;,&quot;template&quot;:{&quot;layout&quot;:&quot;fixed&quot;,&quot;columnWidth&quot;:150,&quot;gutter&quot;:10}}\" data-fg-common-fields=\"1\" >\r\n\t<div class=\"fg-item\"><figure class=\"fg-item-inner\"><a data-caption-title=\"Crea Barkod\" data-caption-desc=\"Crea Barkod\" data-attachment-id=\"4\" class=\"fg-thumb\"><span class=\"fg-image-wrap\"><img alt=\"Crea Barkod\" title=\"Crea Barkod\" width=\"150\" height=\"77\" data-src-fg=\"http:\/\/www.creabarkod.com\/wp-content\/uploads\/cache\/2019\/02\/crea_marka_r\/965856932.png\" class=\"fg-image\" \/><\/span><\/a><figcaption class=\"fg-caption\"><div class=\"fg-caption-inner\"><\/div><\/figcaption><\/figure><div class=\"fg-loader\"><\/div><\/div><\/div>","protected":false},"excerpt":{"rendered":"<p>PP(Polipropilen) Etiket Kolay y\u0131rt\u0131lmayan, \u0131s\u0131ya, \u0131\u015f\u0131\u011fa, s\u00fcrt\u00fcnmeye, neme, suya dayan\u0131kl\u0131 etiketlerdir.&nbsp;Opak PP, Mat PP ve \u015eeffaf PP olarak \u00fc\u00e7e ayr\u0131l\u0131rlar.Genellikle kimya, kozmetik, g\u0131da, mobilya ve cam end\u00fcstrilerinde kullan\u0131l\u0131r. \u00dcr\u00fcn Detaylar\u0131 : Boyut:&nbsp;\u0130stenilen \u00f6l\u00e7\u00fclerde 2 i\u015f g\u00fcn\u00fc i\u00e7inde bask\u0131l\u0131 veya bask\u0131s\u0131z \u00fcretim yap\u0131l\u0131r. \u00c7e\u015fitleri:&nbsp; PP Opak, PP Mat ve PP \u015eeffaf Yap\u0131\u015fkan T\u00fcrleri:&nbsp;Akrilik, Hotmelt, Nonperm, Deepfreeze [&hellip;]<\/p>\n","protected":false},"author":1,"featured_media":0,"parent":8,"menu_order":0,"comment_status":"closed","ping_status":"closed","template":"","meta":[],"yoast_head":"<!-- This site is optimized with the Yoast SEO plugin v15.7 - https:\/\/yoast.com\/wordpress\/plugins\/seo\/ -->\n<title>PP Opak Etiketler - Crea Barkod<\/title>\n<meta name=\"robots\" content=\"index, follow, max-snippet:-1, max-image-preview:large, max-video-preview:-1\" \/>\n<link rel=\"canonical\" href=\"http:\/\/www.creabarkod.com\/?page_id=63\" \/>\n<meta property=\"og:locale\" content=\"tr_TR\" \/>\n<meta property=\"og:type\" content=\"article\" \/>\n<meta property=\"og:title\" content=\"PP Opak Etiketler - Crea Barkod\" \/>\n<meta property=\"og:description\" content=\"PP(Polipropilen) Etiket Kolay y\u0131rt\u0131lmayan, \u0131s\u0131ya, \u0131\u015f\u0131\u011fa, s\u00fcrt\u00fcnmeye, neme, suya dayan\u0131kl\u0131 etiketlerdir.&nbsp;Opak PP, Mat PP ve \u015eeffaf PP olarak \u00fc\u00e7e ayr\u0131l\u0131rlar.Genellikle kimya, kozmetik, g\u0131da, mobilya ve cam end\u00fcstrilerinde kullan\u0131l\u0131r. \u00dcr\u00fcn Detaylar\u0131 : Boyut:&nbsp;\u0130stenilen \u00f6l\u00e7\u00fclerde 2 i\u015f g\u00fcn\u00fc i\u00e7inde bask\u0131l\u0131 veya bask\u0131s\u0131z \u00fcretim yap\u0131l\u0131r. \u00c7e\u015fitleri:&nbsp; PP Opak, PP Mat ve PP \u015eeffaf Yap\u0131\u015fkan T\u00fcrleri:&nbsp;Akrilik, Hotmelt, Nonperm, Deepfreeze [&hellip;]\" \/>\n<meta property=\"og:url\" content=\"http:\/\/www.creabarkod.com\/?page_id=63\" \/>\n<meta property=\"og:site_name\" content=\"Crea Barkod\" \/>\n<meta property=\"article:modified_time\" content=\"2019-04-05T09:44:28+00:00\" \/>\n<meta property=\"og:image\" content=\"http:\/\/www.creabarkod.com\/wp-content\/uploads\/2019\/02\/Crea_Etiket_Kesim_Makinesi-1024x147.png\" \/>\n<meta name=\"twitter:card\" content=\"summary_large_image\" \/>\n<meta name=\"twitter:label1\" content=\"Tahmini okuma s\u00fcresi\">\n\t<meta name=\"twitter:data1\" content=\"1 dakika\">\n<script type=\"application\/ld+json\" class=\"yoast-schema-graph\">{\"@context\":\"https:\/\/schema.org\",\"@graph\":[{\"@type\":\"WebSite\",\"@id\":\"http:\/\/www.creabarkod.com\/#website\",\"url\":\"http:\/\/www.creabarkod.com\/\",\"name\":\"Crea Barkod\",\"description\":\"\",\"potentialAction\":[{\"@type\":\"SearchAction\",\"target\":\"http:\/\/www.creabarkod.com\/?s={search_term_string}\",\"query-input\":\"required name=search_term_string\"}],\"inLanguage\":\"tr\"},{\"@type\":\"ImageObject\",\"@id\":\"http:\/\/www.creabarkod.com\/?page_id=63#primaryimage\",\"inLanguage\":\"tr\",\"url\":\"http:\/\/www.creabarkod.com\/wp-content\/uploads\/2019\/02\/Crea_Etiket_Kesim_Makinesi.png\",\"width\":1050,\"height\":151,\"caption\":\"Crea_Etiket_Kesim_Makinesi\"},{\"@type\":\"WebPage\",\"@id\":\"http:\/\/www.creabarkod.com\/?page_id=63#webpage\",\"url\":\"http:\/\/www.creabarkod.com\/?page_id=63\",\"name\":\"PP Opak Etiketler - Crea Barkod\",\"isPartOf\":{\"@id\":\"http:\/\/www.creabarkod.com\/#website\"},\"primaryImageOfPage\":{\"@id\":\"http:\/\/www.creabarkod.com\/?page_id=63#primaryimage\"},\"datePublished\":\"2019-02-11T11:30:11+00:00\",\"dateModified\":\"2019-04-05T09:44:28+00:00\",\"inLanguage\":\"tr\",\"potentialAction\":[{\"@type\":\"ReadAction\",\"target\":[\"http:\/\/www.creabarkod.com\/?page_id=63\"]}]}]}<\/script>\n<!-- \/ Yoast SEO plugin. -->","_links":{"self":[{"href":"http:\/\/www.creabarkod.com\/index.php?rest_route=\/wp\/v2\/pages\/63"}],"collection":[{"href":"http:\/\/www.creabarkod.com\/index.php?rest_route=\/wp\/v2\/pages"}],"about":[{"href":"http:\/\/www.creabarkod.com\/index.php?rest_route=\/wp\/v2\/types\/page"}],"author":[{"embeddable":true,"href":"http:\/\/www.creabarkod.com\/index.php?rest_route=\/wp\/v2\/users\/1"}],"replies":[{"embeddable":true,"href":"http:\/\/www.creabarkod.com\/index.php?rest_route=%2Fwp%2Fv2%2Fcomments&post=63"}],"version-history":[{"count":5,"href":"http:\/\/www.creabarkod.com\/index.php?rest_route=\/wp\/v2\/pages\/63\/revisions"}],"predecessor-version":[{"id":243,"href":"http:\/\/www.creabarkod.com\/index.php?rest_route=\/wp\/v2\/pages\/63\/revisions\/243"}],"up":[{"embeddable":true,"href":"http:\/\/www.creabarkod.com\/index.php?rest_route=\/wp\/v2\/pages\/8"}],"wp:attachment":[{"href":"http:\/\/www.creabarkod.com\/index.php?rest_route=%2Fwp%2Fv2%2Fmedia&parent=63"}],"curies":[{"name":"wp","href":"https:\/\/api.w.org\/{rel}","templated":true}]}}