{"id":611,"date":"2019-06-19T09:13:23","date_gmt":"2019-06-19T09:13:23","guid":{"rendered":"http:\/\/www.creabarkod.com\/?page_id=611"},"modified":"2019-06-19T09:50:37","modified_gmt":"2019-06-19T09:50:37","slug":"newland-thimfone-n5000-symphone-android-el-terminali","status":"publish","type":"page","link":"http:\/\/www.creabarkod.com\/?page_id=611","title":{"rendered":"Newland Thimfone N5000 Symphone Android El Terminali"},"content":{"rendered":"\n<ul class=\"wp-block-gallery columns-3 is-cropped\"><li class=\"blocks-gallery-item\"><figure><a href=\"http:\/\/www.creabarkod.com\/wp-content\/uploads\/2019\/06\/Newland-Thimfone-N5000-Symphone-Android-El-Terminali-1-1.jpg\"><img loading=\"lazy\" width=\"500\" height=\"500\" src=\"http:\/\/www.creabarkod.com\/wp-content\/uploads\/2019\/06\/Newland-Thimfone-N5000-Symphone-Android-El-Terminali-1-1.jpg\" alt=\"Newland Thimfone N5000 Symphone Android El Terminali\" data-id=\"651\" data-link=\"http:\/\/www.creabarkod.com\/?attachment_id=651\" class=\"wp-image-651\" srcset=\"http:\/\/www.creabarkod.com\/wp-content\/uploads\/2019\/06\/Newland-Thimfone-N5000-Symphone-Android-El-Terminali-1-1.jpg 500w, http:\/\/www.creabarkod.com\/wp-content\/uploads\/2019\/06\/Newland-Thimfone-N5000-Symphone-Android-El-Terminali-1-1-150x150.jpg 150w, http:\/\/www.creabarkod.com\/wp-content\/uploads\/2019\/06\/Newland-Thimfone-N5000-Symphone-Android-El-Terminali-1-1-300x300.jpg 300w\" sizes=\"(max-width: 500px) 100vw, 500px\" \/><\/a><\/figure><\/li><li class=\"blocks-gallery-item\"><figure><a href=\"http:\/\/www.creabarkod.com\/wp-content\/uploads\/2019\/06\/Newland-Thimfone-N5000-Symphone-Android-El-Terminali-2.jpg\"><img loading=\"lazy\" width=\"500\" height=\"500\" src=\"http:\/\/www.creabarkod.com\/wp-content\/uploads\/2019\/06\/Newland-Thimfone-N5000-Symphone-Android-El-Terminali-2.jpg\" alt=\"Newland Thimfone N5000 Symphone Android El Terminali\" data-id=\"652\" data-link=\"http:\/\/www.creabarkod.com\/?attachment_id=652\" class=\"wp-image-652\" srcset=\"http:\/\/www.creabarkod.com\/wp-content\/uploads\/2019\/06\/Newland-Thimfone-N5000-Symphone-Android-El-Terminali-2.jpg 500w, http:\/\/www.creabarkod.com\/wp-content\/uploads\/2019\/06\/Newland-Thimfone-N5000-Symphone-Android-El-Terminali-2-150x150.jpg 150w, http:\/\/www.creabarkod.com\/wp-content\/uploads\/2019\/06\/Newland-Thimfone-N5000-Symphone-Android-El-Terminali-2-300x300.jpg 300w\" sizes=\"(max-width: 500px) 100vw, 500px\" \/><\/a><\/figure><\/li><li class=\"blocks-gallery-item\"><figure><a href=\"http:\/\/www.creabarkod.com\/wp-content\/uploads\/2019\/06\/Newland-Thimfone-N5000-Symphone-Android-El-Terminali-3.jpg\"><img loading=\"lazy\" width=\"500\" height=\"500\" src=\"http:\/\/www.creabarkod.com\/wp-content\/uploads\/2019\/06\/Newland-Thimfone-N5000-Symphone-Android-El-Terminali-3.jpg\" alt=\"Newland Thimfone N5000 Symphone Android El Terminali\" data-id=\"653\" data-link=\"http:\/\/www.creabarkod.com\/?attachment_id=653\" class=\"wp-image-653\" srcset=\"http:\/\/www.creabarkod.com\/wp-content\/uploads\/2019\/06\/Newland-Thimfone-N5000-Symphone-Android-El-Terminali-3.jpg 500w, http:\/\/www.creabarkod.com\/wp-content\/uploads\/2019\/06\/Newland-Thimfone-N5000-Symphone-Android-El-Terminali-3-150x150.jpg 150w, http:\/\/www.creabarkod.com\/wp-content\/uploads\/2019\/06\/Newland-Thimfone-N5000-Symphone-Android-El-Terminali-3-300x300.jpg 300w\" sizes=\"(max-width: 500px) 100vw, 500px\" \/><\/a><\/figure><\/li><\/ul>\n\n\n\n<p>\u25cf Android 5.1 \u0130\u015fletim Sistemi<br>\u25cf \u00c7ift \u00c7ekirdek 1.2 GHZ Mikro \u0130\u015flemci<br>\u25cf 1 GB Mobile DDR RAM, 8 GB eMMC ROM<br>\u25cf 5 \u0130n\u00e7 Renkli Dokunmatik Ekran<br>\u25cf WLAN, Bluetooth, GPRS\/GSM ve GPS Se\u00e7enekleri<br>\u25cf Karekod Okuyuculu<br>\u25cf IP54 Koruma Standard\u0131 <\/p>\n\n\n\n<table class=\"wp-block-table\"><tbody><tr><td><strong>&nbsp;Sistem<\/strong><\/td><\/tr><tr><td>&nbsp;\u0130\u015flemci<\/td><td>\u00c7ift \u00c7ekirdek 1,2 Ghz Mikro \u0130\u015flemci<\/td><\/tr><tr><td>&nbsp;Bellek<\/td><td>1 GB DDR RAM, 8 GB Flash ROM<\/td><\/tr><tr><td>&nbsp;\u0130\u015fletim Sistemi<\/td><td>Android 5.1 (Lollipop)<\/td><\/tr><tr><td>&nbsp;Kamera<\/td><td>Y\u00fcksek \u00c7\u00f6z\u00fcn\u00fcrl\u00fckl\u00fc (Otomatik Odaklanmal\u0131)<\/td><\/tr><tr><td>&nbsp;GPS<\/td><td>GPS, AGPS<\/td><\/tr><tr><td>&nbsp;Ses<\/td><td>3,5 mm Ses Jack\/Portu<\/td><\/tr><tr><td><strong>&nbsp;Ekran<\/strong><\/td><\/tr><tr><td>&nbsp;Ekran Tipi<\/td><td>IPS Tam Dokunmatik Ekran<\/td><\/tr><tr><td>&nbsp;Boyut<\/td><td>5,0&#8243; (\u0130n\u00e7)<\/td><\/tr><tr><td>&nbsp;\u00c7\u00f6z\u00fcn\u00fcrl\u00fck<\/td><td>960 x 540&nbsp;Piksel<\/td><\/tr><tr><td>&nbsp;Ekran cam\u0131 \u00f6zelli\u011fi<\/td><td>Multi Point PCAP (Projective Capacitive Touch)<\/td><\/tr><tr><td><strong>&nbsp;Barkod Okuyucu<\/strong><\/td><\/tr><tr><td>&nbsp;Desteklenen Barkod Tipleri<\/td><td>1D (\u00c7izgikod) ve 2D (Karekod)<\/td><\/tr><tr><td>&nbsp;Optik Sistem<\/td><td>&#8211;<\/td><\/tr><tr><td>&nbsp;Barkod Tipleri<\/td><td>1D<\/td><td>Code39, Codabar, Code128, EAN8, EAN13, UPC-A, UPC-E<\/td><\/tr><tr><td>2D<\/td><td>QrCode, PDF417, DataMatrix, MaxiCode<\/td><\/tr><tr><td>&nbsp;<strong>\u0130leti\u015fim<\/strong><\/td><\/tr><tr><td>&nbsp;USB<\/td><td>Micro USB<\/td><\/tr><tr><td>&nbsp;WLAN<\/td><td>IEEE 802.11 b\/g\/n<\/td><\/tr><tr><td>&nbsp;PAN<\/td><td>Bluetooth 3.0 + HS, BT v2.1 + EDR<\/td><\/tr><tr><td>&nbsp;WWAN<\/td><td>WCDMA: 900 MHz, 2100 MHz, GSM: 900 MHz, 1800 MHz, 1900 MHz<\/td><\/tr><tr><td>SIM Yuvas\u0131: Mini SIM<\/td><\/tr><tr><td>&nbsp;RFID\/NFC<\/td><td>Opsiyonel<\/td><\/tr><tr><td><strong>&nbsp;G\u00fc\u00e7&nbsp;Kayna\u011f\u0131<\/strong><\/td><\/tr><tr><td>&nbsp;Ana pil<\/td><td>2500 mAh<\/td><\/tr><tr><td>&nbsp;Pil \u00d6mr\u00fc<\/td><td>Bekleme:&nbsp;Max. 300 Saat<\/td><\/tr><tr><td>Konu\u015fma: Max. 20 Saat<\/td><\/tr><tr><td>&nbsp;<strong>Fiziksel<\/strong><\/td><\/tr><tr><td>&nbsp;Ebatlar<\/td><td>Geni\u015flik<\/td><td>73,9 mm<\/td><\/tr><tr><td>Y\u00fckseklik<\/td><td>146,7 mm<\/td><\/tr><tr><td>Kal\u0131nl\u0131k<\/td><td>9,3 mm<\/td><\/tr><tr><td>&nbsp;<strong>\u00c7evresel<\/strong><\/td><\/tr><tr><td>&nbsp;\u00c7al\u0131\u015fma S\u0131cakl\u0131\u011f\u0131<\/td><td>&#8211;<\/td><\/tr><tr><td>&nbsp;Saklama S\u0131cakl\u0131\u011f\u0131<\/td><td>&#8211;<\/td><\/tr><tr><td>&nbsp;D\u00fc\u015fme Dayan\u0131kl\u0131l\u0131\u011f\u0131<\/td><td>&#8211;<\/td><\/tr><tr><td>&nbsp;Koruma Standard\u0131<\/td><td>IP54<\/td><\/tr><tr><td><strong>&nbsp;Sertifikalar<\/strong><\/td><\/tr><tr><td>&nbsp;Sertifikalar<\/td><td>CTA, CCC, CE, RoHS<\/td><\/tr><tr><td>&nbsp;<strong>Aksesuarlar<\/strong><\/td><\/tr><tr><td>Aksesuarlar<\/td><td>\u015earj\/\u0130leti\u015fim Kablosu<\/td><\/tr><tr><td>Elektrik Adapt\u00f6r\u00fc<\/td><\/tr><tr><td>Micro SD Kart (Max. 32 GB Kapasite)<\/td><\/tr><tr><td>Plastik Koruyucu<\/td><\/tr><\/tbody><\/table>\n","protected":false},"excerpt":{"rendered":"<p>\u25cf Android 5.1 \u0130\u015fletim Sistemi\u25cf \u00c7ift \u00c7ekirdek 1.2 GHZ Mikro \u0130\u015flemci\u25cf 1 GB Mobile DDR RAM, 8 GB eMMC ROM\u25cf 5 \u0130n\u00e7 Renkli Dokunmatik Ekran\u25cf WLAN, Bluetooth, GPRS\/GSM ve GPS Se\u00e7enekleri\u25cf Karekod Okuyuculu\u25cf IP54 Koruma Standard\u0131 &nbsp;Sistem &nbsp;\u0130\u015flemci \u00c7ift \u00c7ekirdek 1,2 Ghz Mikro \u0130\u015flemci &nbsp;Bellek 1 GB DDR RAM, 8 GB Flash ROM &nbsp;\u0130\u015fletim Sistemi [&hellip;]<\/p>\n","protected":false},"author":1,"featured_media":0,"parent":508,"menu_order":0,"comment_status":"closed","ping_status":"closed","template":"","meta":[],"yoast_head":"<!-- This site is optimized with the Yoast SEO plugin v15.7 - https:\/\/yoast.com\/wordpress\/plugins\/seo\/ -->\n<title>Newland Thimfone N5000 Symphone Android El Terminali - Crea Barkod<\/title>\n<meta name=\"robots\" content=\"index, follow, max-snippet:-1, max-image-preview:large, max-video-preview:-1\" \/>\n<link rel=\"canonical\" href=\"http:\/\/www.creabarkod.com\/?page_id=611\" \/>\n<meta property=\"og:locale\" content=\"tr_TR\" \/>\n<meta property=\"og:type\" content=\"article\" \/>\n<meta property=\"og:title\" content=\"Newland Thimfone N5000 Symphone Android El Terminali - Crea Barkod\" \/>\n<meta property=\"og:description\" content=\"\u25cf Android 5.1 \u0130\u015fletim Sistemi\u25cf \u00c7ift \u00c7ekirdek 1.2 GHZ Mikro \u0130\u015flemci\u25cf 1 GB Mobile DDR RAM, 8 GB eMMC ROM\u25cf 5 \u0130n\u00e7 Renkli Dokunmatik Ekran\u25cf WLAN, Bluetooth, GPRS\/GSM ve GPS Se\u00e7enekleri\u25cf Karekod Okuyuculu\u25cf IP54 Koruma Standard\u0131 &nbsp;Sistem &nbsp;\u0130\u015flemci \u00c7ift \u00c7ekirdek 1,2 Ghz Mikro \u0130\u015flemci &nbsp;Bellek 1 GB DDR RAM, 8 GB Flash ROM &nbsp;\u0130\u015fletim Sistemi [&hellip;]\" \/>\n<meta property=\"og:url\" content=\"http:\/\/www.creabarkod.com\/?page_id=611\" \/>\n<meta property=\"og:site_name\" content=\"Crea Barkod\" \/>\n<meta property=\"article:modified_time\" content=\"2019-06-19T09:50:37+00:00\" \/>\n<meta property=\"og:image\" content=\"http:\/\/www.creabarkod.com\/wp-content\/uploads\/2019\/06\/Newland-Thimfone-N5000-Symphone-Android-El-Terminali-1-1.jpg\" \/>\n<meta name=\"twitter:card\" content=\"summary_large_image\" \/>\n<meta name=\"twitter:label1\" content=\"Tahmini okuma s\u00fcresi\">\n\t<meta name=\"twitter:data1\" content=\"1 dakika\">\n<script type=\"application\/ld+json\" class=\"yoast-schema-graph\">{\"@context\":\"https:\/\/schema.org\",\"@graph\":[{\"@type\":\"WebSite\",\"@id\":\"http:\/\/www.creabarkod.com\/#website\",\"url\":\"http:\/\/www.creabarkod.com\/\",\"name\":\"Crea Barkod\",\"description\":\"\",\"potentialAction\":[{\"@type\":\"SearchAction\",\"target\":\"http:\/\/www.creabarkod.com\/?s={search_term_string}\",\"query-input\":\"required name=search_term_string\"}],\"inLanguage\":\"tr\"},{\"@type\":\"ImageObject\",\"@id\":\"http:\/\/www.creabarkod.com\/?page_id=611#primaryimage\",\"inLanguage\":\"tr\",\"url\":\"http:\/\/www.creabarkod.com\/wp-content\/uploads\/2019\/06\/Newland-Thimfone-N5000-Symphone-Android-El-Terminali-1-1.jpg\",\"width\":500,\"height\":500,\"caption\":\"Newland Thimfone N5000 Symphone Android El Terminali\"},{\"@type\":\"WebPage\",\"@id\":\"http:\/\/www.creabarkod.com\/?page_id=611#webpage\",\"url\":\"http:\/\/www.creabarkod.com\/?page_id=611\",\"name\":\"Newland Thimfone N5000 Symphone Android El Terminali - Crea Barkod\",\"isPartOf\":{\"@id\":\"http:\/\/www.creabarkod.com\/#website\"},\"primaryImageOfPage\":{\"@id\":\"http:\/\/www.creabarkod.com\/?page_id=611#primaryimage\"},\"datePublished\":\"2019-06-19T09:13:23+00:00\",\"dateModified\":\"2019-06-19T09:50:37+00:00\",\"inLanguage\":\"tr\",\"potentialAction\":[{\"@type\":\"ReadAction\",\"target\":[\"http:\/\/www.creabarkod.com\/?page_id=611\"]}]}]}<\/script>\n<!-- \/ Yoast SEO plugin. -->","_links":{"self":[{"href":"http:\/\/www.creabarkod.com\/index.php?rest_route=\/wp\/v2\/pages\/611"}],"collection":[{"href":"http:\/\/www.creabarkod.com\/index.php?rest_route=\/wp\/v2\/pages"}],"about":[{"href":"http:\/\/www.creabarkod.com\/index.php?rest_route=\/wp\/v2\/types\/page"}],"author":[{"embeddable":true,"href":"http:\/\/www.creabarkod.com\/index.php?rest_route=\/wp\/v2\/users\/1"}],"replies":[{"embeddable":true,"href":"http:\/\/www.creabarkod.com\/index.php?rest_route=%2Fwp%2Fv2%2Fcomments&post=611"}],"version-history":[{"count":2,"href":"http:\/\/www.creabarkod.com\/index.php?rest_route=\/wp\/v2\/pages\/611\/revisions"}],"predecessor-version":[{"id":654,"href":"http:\/\/www.creabarkod.com\/index.php?rest_route=\/wp\/v2\/pages\/611\/revisions\/654"}],"up":[{"embeddable":true,"href":"http:\/\/www.creabarkod.com\/index.php?rest_route=\/wp\/v2\/pages\/508"}],"wp:attachment":[{"href":"http:\/\/www.creabarkod.com\/index.php?rest_route=%2Fwp%2Fv2%2Fmedia&parent=611"}],"curies":[{"name":"wp","href":"https:\/\/api.w.org\/{rel}","templated":true}]}}