{"id":61,"date":"2019-02-11T11:29:40","date_gmt":"2019-02-11T11:29:40","guid":{"rendered":"http:\/\/www.creabarkod.com\/?page_id=61"},"modified":"2019-02-11T18:55:39","modified_gmt":"2019-02-11T18:55:39","slug":"metalize-etiketler","status":"publish","type":"page","link":"http:\/\/www.creabarkod.com\/?page_id=61","title":{"rendered":"Metalize \/ SilverMat Etiketler"},"content":{"rendered":"\n<h3>Silvermat Etiket (Demirba\u015f Etiketi)<\/h3>\n\n\n\n<p>S\u0131cak ve so\u011fu\u011fa dayan\u0131kl\u0131, yap\u0131\u015fkan\u0131 \u00f6zel, hem \u00fcst y\u00fczeyi hem de yap\u0131\u015fkan y\u00fczeyi gri renkte olup, y\u0131rt\u0131lmayan \u00f6zel bir etiket hammaddesidir.&nbsp;<br>Silvermat etiketler kolay y\u0131pranmaz, solmaz, y\u0131rt\u0131lmaz ve deforme olmaz.<br>Genellikle demirba\u015f etiketleri olarak kullan\u0131l\u0131r.<br><\/p>\n\n\n\n<h3>\u00dcr\u00fcn Detaylar\u0131<\/h3>\n\n\n\n<ul><li><strong>Boyut:<\/strong>\u00a0 \u0130stenilen \u00f6l\u00e7\u00fclerde 2 i\u015f g\u00fcn\u00fc i\u00e7inde \u00fcretim yap\u0131l\u0131r. <\/li><li><strong>Yap\u0131\u015fkan T\u00fcrleri:<\/strong>\u00a0Akrilik, Hotmelt, Nonperm, Deepfreeze<\/li><li><strong>Kullan\u0131labilecek Ribon:<\/strong>\u00a0Wax Resin veya Resin<\/li><\/ul>\n\n\n\n<h3>S\u00fcrekli Stokta Haz\u0131r Bulunan \u00d6l\u00e7\u00fcler :<\/h3>\n\n\n\n<ul><li><strong>40 x 20<\/strong>\u00a0Yanyana Biti\u015fik 5\u2032 li Silver Mat Barkod Etiketi<\/li><li><strong>45 x 25<\/strong>\u00a0Yanyana Biti\u015fik 4\u2032 l\u00fc Silver Mat Barkod Etiketi<\/li><li><strong>30 x 60<\/strong> Silver Mat Barkod Etiketi<\/li><li><strong>40 x 90<\/strong>\u00a0Silver Mat Barkod Etiketi<\/li><\/ul>\n\n\n<div class=\"foogallery foogallery-container foogallery-masonry foogallery-lightbox-none fg-center fg-masonry fg-light fg-border-thick fg-round-large fg-shadow-large fg-hover-grayscale fg-hover-scale fg-hover-fade fg-ready\" id=\"foogallery-gallery-155\" data-foogallery=\"{&quot;item&quot;:{&quot;showCaptionTitle&quot;:false,&quot;showCaptionDescription&quot;:false},&quot;lazy&quot;:true,&quot;src&quot;:&quot;data-src-fg&quot;,&quot;srcset&quot;:&quot;data-srcset-fg&quot;,&quot;template&quot;:{&quot;layout&quot;:&quot;fixed&quot;,&quot;columnWidth&quot;:150,&quot;gutter&quot;:10}}\" data-fg-common-fields=\"1\" >\r\n\t<div class=\"fg-item\"><figure class=\"fg-item-inner\"><a data-caption-title=\"Crea Barkod\" data-caption-desc=\"Crea Barkod\" data-attachment-id=\"4\" class=\"fg-thumb\"><span class=\"fg-image-wrap\"><img alt=\"Crea Barkod\" title=\"Crea Barkod\" width=\"150\" height=\"77\" data-src-fg=\"http:\/\/www.creabarkod.com\/wp-content\/uploads\/cache\/2019\/02\/crea_marka_r\/965856932.png\" class=\"fg-image\" \/><\/span><\/a><figcaption class=\"fg-caption\"><div class=\"fg-caption-inner\"><\/div><\/figcaption><\/figure><div class=\"fg-loader\"><\/div><\/div><\/div>","protected":false},"excerpt":{"rendered":"<p>Silvermat Etiket (Demirba\u015f Etiketi) S\u0131cak ve so\u011fu\u011fa dayan\u0131kl\u0131, yap\u0131\u015fkan\u0131 \u00f6zel, hem \u00fcst y\u00fczeyi hem de yap\u0131\u015fkan y\u00fczeyi gri renkte olup, y\u0131rt\u0131lmayan \u00f6zel bir etiket hammaddesidir.&nbsp;Silvermat etiketler kolay y\u0131pranmaz, solmaz, y\u0131rt\u0131lmaz ve deforme olmaz.Genellikle demirba\u015f etiketleri olarak kullan\u0131l\u0131r. \u00dcr\u00fcn Detaylar\u0131 Boyut:\u00a0 \u0130stenilen \u00f6l\u00e7\u00fclerde 2 i\u015f g\u00fcn\u00fc i\u00e7inde \u00fcretim yap\u0131l\u0131r. Yap\u0131\u015fkan T\u00fcrleri:\u00a0Akrilik, Hotmelt, Nonperm, Deepfreeze Kullan\u0131labilecek Ribon:\u00a0Wax [&hellip;]<\/p>\n","protected":false},"author":1,"featured_media":0,"parent":8,"menu_order":0,"comment_status":"closed","ping_status":"closed","template":"","meta":[],"yoast_head":"<!-- This site is optimized with the Yoast SEO plugin v15.7 - https:\/\/yoast.com\/wordpress\/plugins\/seo\/ -->\n<title>Metalize \/ SilverMat Etiketler - Crea Barkod<\/title>\n<meta name=\"robots\" content=\"index, follow, max-snippet:-1, max-image-preview:large, max-video-preview:-1\" \/>\n<link rel=\"canonical\" href=\"http:\/\/www.creabarkod.com\/?page_id=61\" \/>\n<meta property=\"og:locale\" content=\"tr_TR\" \/>\n<meta property=\"og:type\" content=\"article\" \/>\n<meta property=\"og:title\" content=\"Metalize \/ SilverMat Etiketler - Crea Barkod\" \/>\n<meta property=\"og:description\" content=\"Silvermat Etiket (Demirba\u015f Etiketi) S\u0131cak ve so\u011fu\u011fa dayan\u0131kl\u0131, yap\u0131\u015fkan\u0131 \u00f6zel, hem \u00fcst y\u00fczeyi hem de yap\u0131\u015fkan y\u00fczeyi gri renkte olup, y\u0131rt\u0131lmayan \u00f6zel bir etiket hammaddesidir.&nbsp;Silvermat etiketler kolay y\u0131pranmaz, solmaz, y\u0131rt\u0131lmaz ve deforme olmaz.Genellikle demirba\u015f etiketleri olarak kullan\u0131l\u0131r. \u00dcr\u00fcn Detaylar\u0131 Boyut:\u00a0 \u0130stenilen \u00f6l\u00e7\u00fclerde 2 i\u015f g\u00fcn\u00fc i\u00e7inde \u00fcretim yap\u0131l\u0131r. Yap\u0131\u015fkan T\u00fcrleri:\u00a0Akrilik, Hotmelt, Nonperm, Deepfreeze Kullan\u0131labilecek Ribon:\u00a0Wax [&hellip;]\" \/>\n<meta property=\"og:url\" content=\"http:\/\/www.creabarkod.com\/?page_id=61\" \/>\n<meta property=\"og:site_name\" content=\"Crea Barkod\" \/>\n<meta property=\"article:modified_time\" content=\"2019-02-11T18:55:39+00:00\" \/>\n<meta name=\"twitter:card\" content=\"summary_large_image\" \/>\n<meta name=\"twitter:label1\" content=\"Tahmini okuma s\u00fcresi\">\n\t<meta name=\"twitter:data1\" content=\"1 dakika\">\n<script type=\"application\/ld+json\" class=\"yoast-schema-graph\">{\"@context\":\"https:\/\/schema.org\",\"@graph\":[{\"@type\":\"WebSite\",\"@id\":\"http:\/\/www.creabarkod.com\/#website\",\"url\":\"http:\/\/www.creabarkod.com\/\",\"name\":\"Crea Barkod\",\"description\":\"\",\"potentialAction\":[{\"@type\":\"SearchAction\",\"target\":\"http:\/\/www.creabarkod.com\/?s={search_term_string}\",\"query-input\":\"required name=search_term_string\"}],\"inLanguage\":\"tr\"},{\"@type\":\"WebPage\",\"@id\":\"http:\/\/www.creabarkod.com\/?page_id=61#webpage\",\"url\":\"http:\/\/www.creabarkod.com\/?page_id=61\",\"name\":\"Metalize \/ SilverMat Etiketler - Crea Barkod\",\"isPartOf\":{\"@id\":\"http:\/\/www.creabarkod.com\/#website\"},\"datePublished\":\"2019-02-11T11:29:40+00:00\",\"dateModified\":\"2019-02-11T18:55:39+00:00\",\"inLanguage\":\"tr\",\"potentialAction\":[{\"@type\":\"ReadAction\",\"target\":[\"http:\/\/www.creabarkod.com\/?page_id=61\"]}]}]}<\/script>\n<!-- \/ Yoast SEO plugin. -->","_links":{"self":[{"href":"http:\/\/www.creabarkod.com\/index.php?rest_route=\/wp\/v2\/pages\/61"}],"collection":[{"href":"http:\/\/www.creabarkod.com\/index.php?rest_route=\/wp\/v2\/pages"}],"about":[{"href":"http:\/\/www.creabarkod.com\/index.php?rest_route=\/wp\/v2\/types\/page"}],"author":[{"embeddable":true,"href":"http:\/\/www.creabarkod.com\/index.php?rest_route=\/wp\/v2\/users\/1"}],"replies":[{"embeddable":true,"href":"http:\/\/www.creabarkod.com\/index.php?rest_route=%2Fwp%2Fv2%2Fcomments&post=61"}],"version-history":[{"count":3,"href":"http:\/\/www.creabarkod.com\/index.php?rest_route=\/wp\/v2\/pages\/61\/revisions"}],"predecessor-version":[{"id":169,"href":"http:\/\/www.creabarkod.com\/index.php?rest_route=\/wp\/v2\/pages\/61\/revisions\/169"}],"up":[{"embeddable":true,"href":"http:\/\/www.creabarkod.com\/index.php?rest_route=\/wp\/v2\/pages\/8"}],"wp:attachment":[{"href":"http:\/\/www.creabarkod.com\/index.php?rest_route=%2Fwp%2Fv2%2Fmedia&parent=61"}],"curies":[{"name":"wp","href":"https:\/\/api.w.org\/{rel}","templated":true}]}}