{"id":609,"date":"2019-06-19T09:12:55","date_gmt":"2019-06-19T09:12:55","guid":{"rendered":"http:\/\/www.creabarkod.com\/?page_id=609"},"modified":"2019-06-19T09:53:35","modified_gmt":"2019-06-19T09:53:35","slug":"newland-n7000r-symphone-android-el-terminali","status":"publish","type":"page","link":"http:\/\/www.creabarkod.com\/?page_id=609","title":{"rendered":"Newland N7000R Symphone Android El Terminali"},"content":{"rendered":"\n<ul class=\"wp-block-gallery columns-3 is-cropped\"><li class=\"blocks-gallery-item\"><figure><a href=\"http:\/\/www.creabarkod.com\/wp-content\/uploads\/2019\/06\/Newland-N7000R-Symphone-Android-El-Terminali-1-1.jpg\"><img loading=\"lazy\" width=\"500\" height=\"500\" src=\"http:\/\/www.creabarkod.com\/wp-content\/uploads\/2019\/06\/Newland-N7000R-Symphone-Android-El-Terminali-1-1.jpg\" alt=\"Newland N7000R Symphone Android El Terminali\" data-id=\"655\" data-link=\"http:\/\/www.creabarkod.com\/?attachment_id=655\" class=\"wp-image-655\" srcset=\"http:\/\/www.creabarkod.com\/wp-content\/uploads\/2019\/06\/Newland-N7000R-Symphone-Android-El-Terminali-1-1.jpg 500w, http:\/\/www.creabarkod.com\/wp-content\/uploads\/2019\/06\/Newland-N7000R-Symphone-Android-El-Terminali-1-1-150x150.jpg 150w, http:\/\/www.creabarkod.com\/wp-content\/uploads\/2019\/06\/Newland-N7000R-Symphone-Android-El-Terminali-1-1-300x300.jpg 300w\" sizes=\"(max-width: 500px) 100vw, 500px\" \/><\/a><\/figure><\/li><li class=\"blocks-gallery-item\"><figure><a href=\"http:\/\/www.creabarkod.com\/wp-content\/uploads\/2019\/06\/Newland-N7000R-Symphone-Android-El-Terminali-2.jpg\"><img loading=\"lazy\" width=\"500\" height=\"500\" src=\"http:\/\/www.creabarkod.com\/wp-content\/uploads\/2019\/06\/Newland-N7000R-Symphone-Android-El-Terminali-2.jpg\" alt=\"Newland N7000R Symphone Android El Terminali\" data-id=\"656\" data-link=\"http:\/\/www.creabarkod.com\/?attachment_id=656\" class=\"wp-image-656\" srcset=\"http:\/\/www.creabarkod.com\/wp-content\/uploads\/2019\/06\/Newland-N7000R-Symphone-Android-El-Terminali-2.jpg 500w, http:\/\/www.creabarkod.com\/wp-content\/uploads\/2019\/06\/Newland-N7000R-Symphone-Android-El-Terminali-2-150x150.jpg 150w, http:\/\/www.creabarkod.com\/wp-content\/uploads\/2019\/06\/Newland-N7000R-Symphone-Android-El-Terminali-2-300x300.jpg 300w\" sizes=\"(max-width: 500px) 100vw, 500px\" \/><\/a><\/figure><\/li><li class=\"blocks-gallery-item\"><figure><a href=\"http:\/\/www.creabarkod.com\/wp-content\/uploads\/2019\/06\/Newland-N7000R-Symphone-Android-El-Terminali-3.jpg\"><img loading=\"lazy\" width=\"500\" height=\"500\" src=\"http:\/\/www.creabarkod.com\/wp-content\/uploads\/2019\/06\/Newland-N7000R-Symphone-Android-El-Terminali-3.jpg\" alt=\"Newland N7000R Symphone Android El Terminali\" data-id=\"657\" data-link=\"http:\/\/www.creabarkod.com\/?attachment_id=657\" class=\"wp-image-657\" srcset=\"http:\/\/www.creabarkod.com\/wp-content\/uploads\/2019\/06\/Newland-N7000R-Symphone-Android-El-Terminali-3.jpg 500w, http:\/\/www.creabarkod.com\/wp-content\/uploads\/2019\/06\/Newland-N7000R-Symphone-Android-El-Terminali-3-150x150.jpg 150w, http:\/\/www.creabarkod.com\/wp-content\/uploads\/2019\/06\/Newland-N7000R-Symphone-Android-El-Terminali-3-300x300.jpg 300w\" sizes=\"(max-width: 500px) 100vw, 500px\" \/><\/a><\/figure><\/li><\/ul>\n\n\n\n<p>\u25cf Android 5.1 \u0130\u015fletim Sistemi<br>\u25cf D\u00f6rt \u00c7ekirdek 1.3 GHZ Mikro \u0130\u015flemci<br>\u25cf 2 GB Mobile DDR RAM, 32 GB eMMC ROM<br>\u25cf 5 \u0130n\u00e7 Renkli Dokunmatik Ekran<br>\u25cf Wifi, Bluetooth, GPRS\/GSM ve GPS Se\u00e7enekleri<br>\u25cf Karekod Okuyuculu<br>\u25cf IP68 Koruma Standard\u0131 <\/p>\n\n\n\n<table class=\"wp-block-table\"><tbody><tr><td><strong>Sistem<\/strong><\/td><\/tr><tr><td>&nbsp;\u0130\u015flemci<\/td><td>D\u00f6rt \u00c7ekirdek 1,3 Ghz MT6735V Mikro \u0130\u015flemci<\/td><\/tr><tr><td>&nbsp;Bellek<\/td><td>2 GB DDR RAM, 32 GB Flash ROM<\/td><\/tr><tr><td>&nbsp;\u0130\u015fletim Sistemi<\/td><td>Android 5.1 (Lollipop)<\/td><\/tr><tr><td>&nbsp;Kamera<\/td><td>Arka : 13 Megapiksel (Otomatik Odaklanmal\u0131)<\/td><\/tr><tr><td>\u00d6n : 2 Megapiksel (\u00c7ift Fla\u015fl\u0131)<\/td><\/tr><tr><td>&nbsp;Ses<\/td><td>3,5 mm Ses Jack\/Portu<\/td><\/tr><tr><td>&nbsp;Geni\u015fleme Yuvas\u0131<\/td><td>Micro SD(Max. 32 GB)<\/td><\/tr><tr><td><strong>&nbsp;Ekran<\/strong><\/td><\/tr><tr><td>&nbsp;Ekran Tipi<\/td><td>Kapasitif Tam Dokunmatik Ekran<\/td><\/tr><tr><td>&nbsp;Boyut<\/td><td>5,0&#8243; (\u0130n\u00e7)<\/td><\/tr><tr><td>&nbsp;\u00c7\u00f6z\u00fcn\u00fcrl\u00fck<\/td><td>1280 x 720 Piksel<\/td><\/tr><tr><td><strong>&nbsp;Barkod Okuyucu<\/strong><\/td><\/tr><tr><td>&nbsp;Desteklenen Barkod Tipleri<\/td><td>1D (\u00c7izgikod) ve 2D (Karekod)<\/td><\/tr><tr><td>&nbsp;Optik Sistem<\/td><td>&#8211;<\/td><\/tr><tr><td>&nbsp;Barkod Tipleri<\/td><td>1D<\/td><td>Code39, Codabar, Code128, EAN8, EAN13, UPC-A, UPC-E, Interleaved 2 of 5 vb.<\/td><\/tr><tr><td>2D<\/td><td>QrCode, PDF417, DataMatrix, MaxiCode vb.<\/td><\/tr><tr><td>&nbsp;<strong>\u0130leti\u015fim<\/strong><\/td><\/tr><tr><td>&nbsp;USB<\/td><td>Micro USB (OTG Destekli)<\/td><\/tr><tr><td>&nbsp;WLAN<\/td><td>802.11 a\/b\/g\/n (2.4 Ghz veya 5Ghz)<\/td><\/tr><tr><td>&nbsp;PAN<\/td><td>Bluetooth 4.0<\/td><\/tr><tr><td>&nbsp;WWAN<\/td><td>GSM (band 3\/8), WCDMA (band 1\/8), CDMAIX, EVDO (band BC0), TD-SCDMA (band 34\/39), LTE FDD (band 1\/3\/7\/17), LTE TDD (band 38\/39\/40\/41)<\/td><\/tr><tr><td>SIM Yuvas\u0131: Nano<\/td><\/tr><tr><td>&nbsp;GPS<\/td><td>GPS\/BeiDou system<\/td><\/tr><tr><td>&nbsp;NFC<\/td><td>Frequency: 13.56MHz, Mesafe: \u22645 cm<\/td><\/tr><tr><td><strong>&nbsp;G\u00fc\u00e7&nbsp;Kayna\u011f\u0131<\/strong><\/td><\/tr><tr><td>&nbsp;G\u00fc\u00e7 Kayna\u011f\u0131<\/td><td>5V, 2A<\/td><\/tr><tr><td>&nbsp;Ana pil<\/td><td>5200 mAh<\/td><\/tr><tr><td>&nbsp;Pil \u00d6mr\u00fc<\/td><td>Bekleme: &#8211;<\/td><\/tr><tr><td>Konu\u015fma: &#8211;<\/td><\/tr><tr><td>&nbsp;<strong>Fiziksel<\/strong><\/td><\/tr><tr><td>&nbsp;Ebatlar<\/td><td>Geni\u015flik<\/td><td>73,9 mm<\/td><\/tr><tr><td>Y\u00fckseklik<\/td><td>146,7 mm<\/td><\/tr><tr><td>Kal\u0131nl\u0131k<\/td><td>9,3 mm<\/td><\/tr><tr><td>&nbsp;<strong>\u00c7evresel<\/strong><\/td><\/tr><tr><td>&nbsp;\u00c7al\u0131\u015fma S\u0131cakl\u0131\u011f\u0131<\/td><td>-25\u00b0C ~ 60\u00b0C<\/td><\/tr><tr><td>&nbsp;Saklama S\u0131cakl\u0131\u011f\u0131<\/td><td>-40\u00b0C ~ 70\u00b0C<\/td><\/tr><tr><td>&nbsp;D\u00fc\u015fme Dayan\u0131kl\u0131l\u0131\u011f\u0131<\/td><td>1,5 Metre<\/td><\/tr><tr><td>&nbsp;Koruma Standard\u0131<\/td><td>IP68<\/td><\/tr><tr><td><strong>&nbsp;Sertifikalar<\/strong><\/td><\/tr><tr><td>&nbsp;Sertifikalar<\/td><td>CE<\/td><\/tr><tr><td>&nbsp;<strong>Aksesuarlar<\/strong><\/td><\/tr><tr><td>Aksesuarlar<\/td><td>\u015earj\/\u0130leti\u015fim Kablosu<\/td><\/tr><tr><td>Elektrik Adapt\u00f6r\u00fc<\/td><\/tr><tr><td>Micro SD Kart (Max. 32 GB Kapasite)<\/td><\/tr><tr><td>Plastik Koruyucu<\/td><\/tr><\/tbody><\/table>\n","protected":false},"excerpt":{"rendered":"<p>\u25cf Android 5.1 \u0130\u015fletim Sistemi\u25cf D\u00f6rt \u00c7ekirdek 1.3 GHZ Mikro \u0130\u015flemci\u25cf 2 GB Mobile DDR RAM, 32 GB eMMC ROM\u25cf 5 \u0130n\u00e7 Renkli Dokunmatik Ekran\u25cf Wifi, Bluetooth, GPRS\/GSM ve GPS Se\u00e7enekleri\u25cf Karekod Okuyuculu\u25cf IP68 Koruma Standard\u0131 Sistem &nbsp;\u0130\u015flemci D\u00f6rt \u00c7ekirdek 1,3 Ghz MT6735V Mikro \u0130\u015flemci &nbsp;Bellek 2 GB DDR RAM, 32 GB Flash ROM &nbsp;\u0130\u015fletim [&hellip;]<\/p>\n","protected":false},"author":1,"featured_media":0,"parent":508,"menu_order":0,"comment_status":"closed","ping_status":"closed","template":"","meta":[],"yoast_head":"<!-- This site is optimized with the Yoast SEO plugin v15.7 - https:\/\/yoast.com\/wordpress\/plugins\/seo\/ -->\n<title>Newland N7000R Symphone Android El Terminali - Crea Barkod<\/title>\n<meta name=\"robots\" content=\"index, follow, max-snippet:-1, max-image-preview:large, max-video-preview:-1\" \/>\n<link rel=\"canonical\" href=\"http:\/\/www.creabarkod.com\/?page_id=609\" \/>\n<meta property=\"og:locale\" content=\"tr_TR\" \/>\n<meta property=\"og:type\" content=\"article\" \/>\n<meta property=\"og:title\" content=\"Newland N7000R Symphone Android El Terminali - Crea Barkod\" \/>\n<meta property=\"og:description\" content=\"\u25cf Android 5.1 \u0130\u015fletim Sistemi\u25cf D\u00f6rt \u00c7ekirdek 1.3 GHZ Mikro \u0130\u015flemci\u25cf 2 GB Mobile DDR RAM, 32 GB eMMC ROM\u25cf 5 \u0130n\u00e7 Renkli Dokunmatik Ekran\u25cf Wifi, Bluetooth, GPRS\/GSM ve GPS Se\u00e7enekleri\u25cf Karekod Okuyuculu\u25cf IP68 Koruma Standard\u0131 Sistem &nbsp;\u0130\u015flemci D\u00f6rt \u00c7ekirdek 1,3 Ghz MT6735V Mikro \u0130\u015flemci &nbsp;Bellek 2 GB DDR RAM, 32 GB Flash ROM &nbsp;\u0130\u015fletim [&hellip;]\" \/>\n<meta property=\"og:url\" content=\"http:\/\/www.creabarkod.com\/?page_id=609\" \/>\n<meta property=\"og:site_name\" content=\"Crea Barkod\" \/>\n<meta property=\"article:modified_time\" content=\"2019-06-19T09:53:35+00:00\" \/>\n<meta property=\"og:image\" content=\"http:\/\/www.creabarkod.com\/wp-content\/uploads\/2019\/06\/Newland-N7000R-Symphone-Android-El-Terminali-1-1.jpg\" \/>\n<meta name=\"twitter:card\" content=\"summary_large_image\" \/>\n<meta name=\"twitter:label1\" content=\"Tahmini okuma s\u00fcresi\">\n\t<meta name=\"twitter:data1\" content=\"1 dakika\">\n<script type=\"application\/ld+json\" class=\"yoast-schema-graph\">{\"@context\":\"https:\/\/schema.org\",\"@graph\":[{\"@type\":\"WebSite\",\"@id\":\"http:\/\/www.creabarkod.com\/#website\",\"url\":\"http:\/\/www.creabarkod.com\/\",\"name\":\"Crea Barkod\",\"description\":\"\",\"potentialAction\":[{\"@type\":\"SearchAction\",\"target\":\"http:\/\/www.creabarkod.com\/?s={search_term_string}\",\"query-input\":\"required name=search_term_string\"}],\"inLanguage\":\"tr\"},{\"@type\":\"ImageObject\",\"@id\":\"http:\/\/www.creabarkod.com\/?page_id=609#primaryimage\",\"inLanguage\":\"tr\",\"url\":\"http:\/\/www.creabarkod.com\/wp-content\/uploads\/2019\/06\/Newland-N7000R-Symphone-Android-El-Terminali-1-1.jpg\",\"width\":500,\"height\":500,\"caption\":\"Newland N7000R Symphone Android El Terminali\"},{\"@type\":\"WebPage\",\"@id\":\"http:\/\/www.creabarkod.com\/?page_id=609#webpage\",\"url\":\"http:\/\/www.creabarkod.com\/?page_id=609\",\"name\":\"Newland N7000R Symphone Android El Terminali - Crea Barkod\",\"isPartOf\":{\"@id\":\"http:\/\/www.creabarkod.com\/#website\"},\"primaryImageOfPage\":{\"@id\":\"http:\/\/www.creabarkod.com\/?page_id=609#primaryimage\"},\"datePublished\":\"2019-06-19T09:12:55+00:00\",\"dateModified\":\"2019-06-19T09:53:35+00:00\",\"inLanguage\":\"tr\",\"potentialAction\":[{\"@type\":\"ReadAction\",\"target\":[\"http:\/\/www.creabarkod.com\/?page_id=609\"]}]}]}<\/script>\n<!-- \/ Yoast SEO plugin. -->","_links":{"self":[{"href":"http:\/\/www.creabarkod.com\/index.php?rest_route=\/wp\/v2\/pages\/609"}],"collection":[{"href":"http:\/\/www.creabarkod.com\/index.php?rest_route=\/wp\/v2\/pages"}],"about":[{"href":"http:\/\/www.creabarkod.com\/index.php?rest_route=\/wp\/v2\/types\/page"}],"author":[{"embeddable":true,"href":"http:\/\/www.creabarkod.com\/index.php?rest_route=\/wp\/v2\/users\/1"}],"replies":[{"embeddable":true,"href":"http:\/\/www.creabarkod.com\/index.php?rest_route=%2Fwp%2Fv2%2Fcomments&post=609"}],"version-history":[{"count":2,"href":"http:\/\/www.creabarkod.com\/index.php?rest_route=\/wp\/v2\/pages\/609\/revisions"}],"predecessor-version":[{"id":658,"href":"http:\/\/www.creabarkod.com\/index.php?rest_route=\/wp\/v2\/pages\/609\/revisions\/658"}],"up":[{"embeddable":true,"href":"http:\/\/www.creabarkod.com\/index.php?rest_route=\/wp\/v2\/pages\/508"}],"wp:attachment":[{"href":"http:\/\/www.creabarkod.com\/index.php?rest_route=%2Fwp%2Fv2%2Fmedia&parent=609"}],"curies":[{"name":"wp","href":"https:\/\/api.w.org\/{rel}","templated":true}]}}