{"id":607,"date":"2019-06-19T09:11:18","date_gmt":"2019-06-19T09:11:18","guid":{"rendered":"http:\/\/www.creabarkod.com\/?page_id=607"},"modified":"2019-06-19T09:48:16","modified_gmt":"2019-06-19T09:48:16","slug":"newland-mt90-orca-android-el-terminali","status":"publish","type":"page","link":"http:\/\/www.creabarkod.com\/?page_id=607","title":{"rendered":"Newland MT90 Orca Android El Terminali"},"content":{"rendered":"\n<ul class=\"wp-block-gallery columns-3 is-cropped\"><li class=\"blocks-gallery-item\"><figure><a href=\"http:\/\/www.creabarkod.com\/wp-content\/uploads\/2019\/06\/Newland-MT90-Orca-Android-El-Terminali-1-1.jpg\"><img loading=\"lazy\" width=\"500\" height=\"500\" src=\"http:\/\/www.creabarkod.com\/wp-content\/uploads\/2019\/06\/Newland-MT90-Orca-Android-El-Terminali-1-1.jpg\" alt=\"Newland MT90 Orca Android El Terminali\" data-id=\"646\" data-link=\"http:\/\/www.creabarkod.com\/?attachment_id=646\" class=\"wp-image-646\" srcset=\"http:\/\/www.creabarkod.com\/wp-content\/uploads\/2019\/06\/Newland-MT90-Orca-Android-El-Terminali-1-1.jpg 500w, http:\/\/www.creabarkod.com\/wp-content\/uploads\/2019\/06\/Newland-MT90-Orca-Android-El-Terminali-1-1-150x150.jpg 150w, http:\/\/www.creabarkod.com\/wp-content\/uploads\/2019\/06\/Newland-MT90-Orca-Android-El-Terminali-1-1-300x300.jpg 300w\" sizes=\"(max-width: 500px) 100vw, 500px\" \/><\/a><\/figure><\/li><li class=\"blocks-gallery-item\"><figure><a href=\"http:\/\/www.creabarkod.com\/wp-content\/uploads\/2019\/06\/Newland-MT90-Orca-Android-El-Terminali-2.jpg\"><img loading=\"lazy\" width=\"500\" height=\"500\" src=\"http:\/\/www.creabarkod.com\/wp-content\/uploads\/2019\/06\/Newland-MT90-Orca-Android-El-Terminali-2.jpg\" alt=\"Newland MT90 Orca Android El Terminali\" data-id=\"647\" data-link=\"http:\/\/www.creabarkod.com\/?attachment_id=647\" class=\"wp-image-647\" srcset=\"http:\/\/www.creabarkod.com\/wp-content\/uploads\/2019\/06\/Newland-MT90-Orca-Android-El-Terminali-2.jpg 500w, http:\/\/www.creabarkod.com\/wp-content\/uploads\/2019\/06\/Newland-MT90-Orca-Android-El-Terminali-2-150x150.jpg 150w, http:\/\/www.creabarkod.com\/wp-content\/uploads\/2019\/06\/Newland-MT90-Orca-Android-El-Terminali-2-300x300.jpg 300w\" sizes=\"(max-width: 500px) 100vw, 500px\" \/><\/a><\/figure><\/li><li class=\"blocks-gallery-item\"><figure><a href=\"http:\/\/www.creabarkod.com\/wp-content\/uploads\/2019\/06\/Newland-MT90-Orca-Android-El-Terminali-3.jpg\"><img loading=\"lazy\" width=\"500\" height=\"500\" src=\"http:\/\/www.creabarkod.com\/wp-content\/uploads\/2019\/06\/Newland-MT90-Orca-Android-El-Terminali-3.jpg\" alt=\"Newland MT90 Orca Android El Terminali\" data-id=\"648\" data-link=\"http:\/\/www.creabarkod.com\/?attachment_id=648\" class=\"wp-image-648\" srcset=\"http:\/\/www.creabarkod.com\/wp-content\/uploads\/2019\/06\/Newland-MT90-Orca-Android-El-Terminali-3.jpg 500w, http:\/\/www.creabarkod.com\/wp-content\/uploads\/2019\/06\/Newland-MT90-Orca-Android-El-Terminali-3-150x150.jpg 150w, http:\/\/www.creabarkod.com\/wp-content\/uploads\/2019\/06\/Newland-MT90-Orca-Android-El-Terminali-3-300x300.jpg 300w\" sizes=\"(max-width: 500px) 100vw, 500px\" \/><\/a><\/figure><\/li><\/ul>\n\n\n\n<p>\u25cf Android 7.0 \u0130\u015fletim Sistemi<br>\u25cf D\u00f6rt \u00c7ekirdek 1.3 GHZ Mikro \u0130\u015flemci<br>\u25cf 2 GB Mobile DDR RAM, 16 GB eMMC ROM<br>\u25cf 5 \u0130n\u00e7 Renkli Dokunmatik Ekran<br>\u25cf Wifi, Bluetooth, GPRS\/GSM ve GPS Se\u00e7enekleri<br>\u25cf Karekod Okuyuculu<br>\u25cf IP65 Koruma Standard\u0131 <\/p>\n\n\n\n<table class=\"wp-block-table\"><tbody><tr><td><strong>&nbsp;Sistem<\/strong><\/td><\/tr><tr><td>&nbsp;\u0130\u015flemci<\/td><td>D\u00f6rt \u00c7ekirdek 1,3 Ghz 64 Bit Mikro \u0130\u015flemci<\/td><\/tr><tr><td>&nbsp;Bellek<\/td><td>2 GB DDR RAM, 16 GB Flash ROM<\/td><\/tr><tr><td>&nbsp;\u0130\u015fletim Sistemi<\/td><td>Android 7.0 (Nougat)<\/td><\/tr><tr><td>&nbsp;Kamera<\/td><td>8 Megapiksel (Otomatik Odaklanmal\u0131)<\/td><\/tr><tr><td>&nbsp;Tu\u015f Tak\u0131m\u0131<\/td><td>10 Adet Tu\u015f (Yan Tu\u015flar Dahil)<\/td><\/tr><tr><td>&nbsp;Bildirim<\/td><td>Titre\u015fim, Ses ve \u00c7ok Renkli LED<\/td><\/tr><tr><td><strong>&nbsp;Ekran<\/strong><\/td><\/tr><tr><td>&nbsp;Ekran Tipi<\/td><td>Kapasitif Tam Dokunmatik Ekran<\/td><\/tr><tr><td>&nbsp;Boyut<\/td><td>5,0&#8243; (\u0130n\u00e7)<\/td><\/tr><tr><td>&nbsp;\u00c7\u00f6z\u00fcn\u00fcrl\u00fck<\/td><td>1280 x 720 Piksel<\/td><\/tr><tr><td><strong>&nbsp;Barkod Okuyucu<\/strong><\/td><\/tr><tr><td>&nbsp;Desteklenen Barkod Tipleri<\/td><td>1D (\u00c7izgikod) ve 2D (Karekod)<\/td><\/tr><tr><td>&nbsp;Optik Sistem<\/td><td>Imager<\/td><\/tr><tr><td>&nbsp;Barkod Tipleri<\/td><td>1D<\/td><td>Code 128, UCC\/EAN-128, AIM 128, EAN-8, JAN-8, EAN-13, ISBN\/ISSN, UPC-E, UPC-A, Interleaved 25, ITF-6, ITF-14, Deutsche 14, Deutsche 12, COOP 25, Matrix 25, Industrial 25, Standard 25, Code 39, Codabar\/NW7, Code 93, Code 11, Plessey, MSI\/Plessey, GS1 Databar.<\/td><\/tr><tr><td>2D<\/td><td>QrCode, PDF417, DataMatrix, MaxiCode vb.<\/td><\/tr><tr><td>&nbsp;<strong>\u0130leti\u015fim<\/strong><\/td><\/tr><tr><td>&nbsp;USB<\/td><td>Micro USB (OTG Destekli)<\/td><\/tr><tr><td>&nbsp;WLAN<\/td><td>802.11 a\/b\/g\/n (2.4 Ghz veya 5Ghz)<\/td><\/tr><tr><td>&nbsp;PAN<\/td><td>Bluetooth 4.0 LE<\/td><\/tr><tr><td>&nbsp;WWAN<\/td><td>2G: SM\/GPRS\/EDGE (900\/1800MHz)<\/td><\/tr><tr><td>3G: WCDMA(B1, B8); CDMA2000 1X\/ EV-DO Rev. A (BC0); TD-SCDMA(B34, B39)<\/td><\/tr><tr><td>4G: TD-LTE (B38, B39, B40, B41); FDD-LTE (B1, B3)<\/td><\/tr><tr><td>&nbsp;GPS<\/td><td>GPS (aGPS), BeiDou sistem<\/td><\/tr><tr><td>&nbsp;RFID<\/td><td>Frekans: 13.56MHz<\/td><\/tr><tr><td>Desteklenen Taglar: SO14443A\/B, MIFARE, FeliCa, NFC Forum Tags, ISO15693<\/td><\/tr><tr><td><strong>&nbsp;G\u00fc\u00e7&nbsp;Kayna\u011f\u0131<\/strong><\/td><\/tr><tr><td>&nbsp;G\u00fc\u00e7 Kayna\u011f\u0131<\/td><td>Giri\u015f: AC100~240V, 50~60Hz<\/td><\/tr><tr><td>\u00c7\u0131k\u0131\u015f: 5V, 2A<\/td><\/tr><tr><td>&nbsp;Ana pil<\/td><td>3,8V, 4500 mAh<\/td><\/tr><tr><td>&nbsp;Pil \u00d6mr\u00fc<\/td><td>En Fazla 10 Saat (Bir \u015earj \u0130\u015flemi)<\/td><\/tr><tr><td>&nbsp;Pil \u015earj S\u00fcresi<\/td><td>En Fazla 5 Saat (AC Elektrik Adapt\u00f6r\u00fc ile)<\/td><\/tr><tr><td>&nbsp;<strong>Fiziksel<\/strong><\/td><\/tr><tr><td>&nbsp;Ebatlar<\/td><td>Geni\u015flik<\/td><td>78,5 mm<\/td><\/tr><tr><td>Y\u00fckseklik<\/td><td>155 mm<\/td><\/tr><tr><td>Kal\u0131nl\u0131k<\/td><td>20,5 mm<\/td><\/tr><tr><td>&nbsp;A\u011f\u0131rl\u0131k<\/td><td>260 Gram (Pil Dahil)<\/td><\/tr><tr><td>&nbsp;<strong>\u00c7evresel<\/strong><\/td><\/tr><tr><td>&nbsp;\u00c7al\u0131\u015fma S\u0131cakl\u0131\u011f\u0131<\/td><td>-20\u00b0C ~ 55\u00b0C<\/td><\/tr><tr><td>&nbsp;Saklama S\u0131cakl\u0131\u011f\u0131<\/td><td>-30\u00b0C ~ 70\u00b0C<\/td><\/tr><tr><td>&nbsp;Nem Oran\u0131<\/td><td>%5 ~ %95 (Yo\u011fu\u015fmas\u0131z)<\/td><\/tr><tr><td>&nbsp;D\u00fc\u015fme Dayan\u0131kl\u0131l\u0131\u011f\u0131<\/td><td>1,5 Metre<\/td><\/tr><tr><td>&nbsp;Koruma Standard\u0131<\/td><td>IP65<\/td><\/tr><tr><td><strong>&nbsp;Sertifikalar<\/strong><\/td><\/tr><tr><td>&nbsp;Sertifikalar<\/td><td>CE<\/td><\/tr><tr><td>&nbsp;<strong>Aksesuarlar<\/strong><\/td><\/tr><tr><td>Aksesuarlar<\/td><td>\u015earj\/\u0130leti\u015fim Kablosu<\/td><\/tr><tr><td>Elektrik Adapt\u00f6r\u00fc<\/td><\/tr><tr><td>Micro SD Kart (Max. 32 GB Kapasite)<\/td><\/tr><tr><td>Plastik Koruyucu<\/td><\/tr><\/tbody><\/table>\n","protected":false},"excerpt":{"rendered":"<p>\u25cf Android 7.0 \u0130\u015fletim Sistemi\u25cf D\u00f6rt \u00c7ekirdek 1.3 GHZ Mikro \u0130\u015flemci\u25cf 2 GB Mobile DDR RAM, 16 GB eMMC ROM\u25cf 5 \u0130n\u00e7 Renkli Dokunmatik Ekran\u25cf Wifi, Bluetooth, GPRS\/GSM ve GPS Se\u00e7enekleri\u25cf Karekod Okuyuculu\u25cf IP65 Koruma Standard\u0131 &nbsp;Sistem &nbsp;\u0130\u015flemci D\u00f6rt \u00c7ekirdek 1,3 Ghz 64 Bit Mikro \u0130\u015flemci &nbsp;Bellek 2 GB DDR RAM, 16 GB Flash ROM [&hellip;]<\/p>\n","protected":false},"author":1,"featured_media":0,"parent":508,"menu_order":0,"comment_status":"closed","ping_status":"closed","template":"","meta":[],"yoast_head":"<!-- This site is optimized with the Yoast SEO plugin v15.7 - https:\/\/yoast.com\/wordpress\/plugins\/seo\/ -->\n<title>Newland MT90 Orca Android El Terminali - Crea Barkod<\/title>\n<meta name=\"robots\" content=\"index, follow, max-snippet:-1, max-image-preview:large, max-video-preview:-1\" \/>\n<link rel=\"canonical\" href=\"http:\/\/www.creabarkod.com\/?page_id=607\" \/>\n<meta property=\"og:locale\" content=\"tr_TR\" \/>\n<meta property=\"og:type\" content=\"article\" \/>\n<meta property=\"og:title\" content=\"Newland MT90 Orca Android El Terminali - Crea Barkod\" \/>\n<meta property=\"og:description\" content=\"\u25cf Android 7.0 \u0130\u015fletim Sistemi\u25cf D\u00f6rt \u00c7ekirdek 1.3 GHZ Mikro \u0130\u015flemci\u25cf 2 GB Mobile DDR RAM, 16 GB eMMC ROM\u25cf 5 \u0130n\u00e7 Renkli Dokunmatik Ekran\u25cf Wifi, Bluetooth, GPRS\/GSM ve GPS Se\u00e7enekleri\u25cf Karekod Okuyuculu\u25cf IP65 Koruma Standard\u0131 &nbsp;Sistem &nbsp;\u0130\u015flemci D\u00f6rt \u00c7ekirdek 1,3 Ghz 64 Bit Mikro \u0130\u015flemci &nbsp;Bellek 2 GB DDR RAM, 16 GB Flash ROM [&hellip;]\" \/>\n<meta property=\"og:url\" content=\"http:\/\/www.creabarkod.com\/?page_id=607\" \/>\n<meta property=\"og:site_name\" content=\"Crea Barkod\" \/>\n<meta property=\"article:modified_time\" content=\"2019-06-19T09:48:16+00:00\" \/>\n<meta property=\"og:image\" content=\"http:\/\/www.creabarkod.com\/wp-content\/uploads\/2019\/06\/Newland-MT90-Orca-Android-El-Terminali-1-1.jpg\" \/>\n<meta name=\"twitter:card\" content=\"summary_large_image\" \/>\n<meta name=\"twitter:label1\" content=\"Tahmini okuma s\u00fcresi\">\n\t<meta name=\"twitter:data1\" content=\"2 dakika\">\n<script type=\"application\/ld+json\" class=\"yoast-schema-graph\">{\"@context\":\"https:\/\/schema.org\",\"@graph\":[{\"@type\":\"WebSite\",\"@id\":\"http:\/\/www.creabarkod.com\/#website\",\"url\":\"http:\/\/www.creabarkod.com\/\",\"name\":\"Crea Barkod\",\"description\":\"\",\"potentialAction\":[{\"@type\":\"SearchAction\",\"target\":\"http:\/\/www.creabarkod.com\/?s={search_term_string}\",\"query-input\":\"required name=search_term_string\"}],\"inLanguage\":\"tr\"},{\"@type\":\"ImageObject\",\"@id\":\"http:\/\/www.creabarkod.com\/?page_id=607#primaryimage\",\"inLanguage\":\"tr\",\"url\":\"http:\/\/www.creabarkod.com\/wp-content\/uploads\/2019\/06\/Newland-MT90-Orca-Android-El-Terminali-1-1.jpg\",\"width\":500,\"height\":500,\"caption\":\"Newland MT90 Orca Android El Terminali\"},{\"@type\":\"WebPage\",\"@id\":\"http:\/\/www.creabarkod.com\/?page_id=607#webpage\",\"url\":\"http:\/\/www.creabarkod.com\/?page_id=607\",\"name\":\"Newland MT90 Orca Android El Terminali - Crea Barkod\",\"isPartOf\":{\"@id\":\"http:\/\/www.creabarkod.com\/#website\"},\"primaryImageOfPage\":{\"@id\":\"http:\/\/www.creabarkod.com\/?page_id=607#primaryimage\"},\"datePublished\":\"2019-06-19T09:11:18+00:00\",\"dateModified\":\"2019-06-19T09:48:16+00:00\",\"inLanguage\":\"tr\",\"potentialAction\":[{\"@type\":\"ReadAction\",\"target\":[\"http:\/\/www.creabarkod.com\/?page_id=607\"]}]}]}<\/script>\n<!-- \/ Yoast SEO plugin. -->","_links":{"self":[{"href":"http:\/\/www.creabarkod.com\/index.php?rest_route=\/wp\/v2\/pages\/607"}],"collection":[{"href":"http:\/\/www.creabarkod.com\/index.php?rest_route=\/wp\/v2\/pages"}],"about":[{"href":"http:\/\/www.creabarkod.com\/index.php?rest_route=\/wp\/v2\/types\/page"}],"author":[{"embeddable":true,"href":"http:\/\/www.creabarkod.com\/index.php?rest_route=\/wp\/v2\/users\/1"}],"replies":[{"embeddable":true,"href":"http:\/\/www.creabarkod.com\/index.php?rest_route=%2Fwp%2Fv2%2Fcomments&post=607"}],"version-history":[{"count":2,"href":"http:\/\/www.creabarkod.com\/index.php?rest_route=\/wp\/v2\/pages\/607\/revisions"}],"predecessor-version":[{"id":649,"href":"http:\/\/www.creabarkod.com\/index.php?rest_route=\/wp\/v2\/pages\/607\/revisions\/649"}],"up":[{"embeddable":true,"href":"http:\/\/www.creabarkod.com\/index.php?rest_route=\/wp\/v2\/pages\/508"}],"wp:attachment":[{"href":"http:\/\/www.creabarkod.com\/index.php?rest_route=%2Fwp%2Fv2%2Fmedia&parent=607"}],"curies":[{"name":"wp","href":"https:\/\/api.w.org\/{rel}","templated":true}]}}