{"id":605,"date":"2019-06-19T09:10:36","date_gmt":"2019-06-19T09:10:36","guid":{"rendered":"http:\/\/www.creabarkod.com\/?page_id=605"},"modified":"2019-06-19T09:46:35","modified_gmt":"2019-06-19T09:46:35","slug":"newland-mt65-beluga3-android-el-terminali","status":"publish","type":"page","link":"http:\/\/www.creabarkod.com\/?page_id=605","title":{"rendered":"Newland MT65 Beluga3 Android El Terminali"},"content":{"rendered":"\n<ul class=\"wp-block-gallery columns-3 is-cropped\"><li class=\"blocks-gallery-item\"><figure><a href=\"http:\/\/www.creabarkod.com\/wp-content\/uploads\/2019\/06\/Newland-MT65-Beluga3-Android-El-Terminali-1-1.jpg\"><img loading=\"lazy\" width=\"500\" height=\"500\" src=\"http:\/\/www.creabarkod.com\/wp-content\/uploads\/2019\/06\/Newland-MT65-Beluga3-Android-El-Terminali-1-1.jpg\" alt=\"Newland MT65 Beluga3 Android El Terminali\" data-id=\"641\" data-link=\"http:\/\/www.creabarkod.com\/?attachment_id=641\" class=\"wp-image-641\" srcset=\"http:\/\/www.creabarkod.com\/wp-content\/uploads\/2019\/06\/Newland-MT65-Beluga3-Android-El-Terminali-1-1.jpg 500w, http:\/\/www.creabarkod.com\/wp-content\/uploads\/2019\/06\/Newland-MT65-Beluga3-Android-El-Terminali-1-1-150x150.jpg 150w, http:\/\/www.creabarkod.com\/wp-content\/uploads\/2019\/06\/Newland-MT65-Beluga3-Android-El-Terminali-1-1-300x300.jpg 300w\" sizes=\"(max-width: 500px) 100vw, 500px\" \/><\/a><\/figure><\/li><li class=\"blocks-gallery-item\"><figure><a href=\"http:\/\/www.creabarkod.com\/wp-content\/uploads\/2019\/06\/Newland-MT65-Beluga3-Android-El-Terminali-2.jpg\"><img loading=\"lazy\" width=\"500\" height=\"500\" src=\"http:\/\/www.creabarkod.com\/wp-content\/uploads\/2019\/06\/Newland-MT65-Beluga3-Android-El-Terminali-2.jpg\" alt=\"Newland MT65 Beluga3 Android El Terminali\" data-id=\"642\" data-link=\"http:\/\/www.creabarkod.com\/?attachment_id=642\" class=\"wp-image-642\" srcset=\"http:\/\/www.creabarkod.com\/wp-content\/uploads\/2019\/06\/Newland-MT65-Beluga3-Android-El-Terminali-2.jpg 500w, http:\/\/www.creabarkod.com\/wp-content\/uploads\/2019\/06\/Newland-MT65-Beluga3-Android-El-Terminali-2-150x150.jpg 150w, http:\/\/www.creabarkod.com\/wp-content\/uploads\/2019\/06\/Newland-MT65-Beluga3-Android-El-Terminali-2-300x300.jpg 300w\" sizes=\"(max-width: 500px) 100vw, 500px\" \/><\/a><\/figure><\/li><li class=\"blocks-gallery-item\"><figure><a href=\"http:\/\/www.creabarkod.com\/wp-content\/uploads\/2019\/06\/Newland-MT65-Beluga3-Android-El-Terminali-3.jpg\"><img loading=\"lazy\" width=\"500\" height=\"500\" src=\"http:\/\/www.creabarkod.com\/wp-content\/uploads\/2019\/06\/Newland-MT65-Beluga3-Android-El-Terminali-3.jpg\" alt=\"Newland MT65 Beluga3 Android El Terminali\" data-id=\"643\" data-link=\"http:\/\/www.creabarkod.com\/?attachment_id=643\" class=\"wp-image-643\" srcset=\"http:\/\/www.creabarkod.com\/wp-content\/uploads\/2019\/06\/Newland-MT65-Beluga3-Android-El-Terminali-3.jpg 500w, http:\/\/www.creabarkod.com\/wp-content\/uploads\/2019\/06\/Newland-MT65-Beluga3-Android-El-Terminali-3-150x150.jpg 150w, http:\/\/www.creabarkod.com\/wp-content\/uploads\/2019\/06\/Newland-MT65-Beluga3-Android-El-Terminali-3-300x300.jpg 300w\" sizes=\"(max-width: 500px) 100vw, 500px\" \/><\/a><\/figure><\/li><\/ul>\n\n\n\n<p>\u25cf Android 7 veya 8 \u0130\u015fletim Sistemi Se\u00e7enekleri<br>\u25cf 4 \u00c7ekirdek 1.3 Ghz Mikro \u0130\u015flemci<br>\u25cf 2 GB Mobile DDR RAM, 16 GB eMMC ROM<br>\u25cf 4 \u0130n\u00e7 (800 x 480 Piksel) Renkli Dokunmatik Ekran<br>\u25cf Wifi, Bluetooth, GPRS, GSM, GPS ve NFC \u0130leti\u015fim Se\u00e7enekleri<br>\u25cf Karekod Okuyuculu<br>\u25cf IP65 Koruma Standard\u0131 <\/p>\n\n\n\n<table class=\"wp-block-table\"><tbody><tr><td>&nbsp;Model<\/td><td>\u0130\u015fletim Sisetmi<\/td><td>Wifi<\/td><td>Bluetooth<\/td><td>GPRS<\/td><td>Cradle \u00dcnitesi<\/td><\/tr><tr><td>&nbsp;<strong>MT6551-2W<\/strong><\/td><td>Android 7.0<\/td><td>Var<\/td><td>Var<\/td><td>Var<\/td><td>Yok<\/td><\/tr><tr><td>&nbsp;<strong>MT6551-2W-C<\/strong><\/td><td>Android 7.0<\/td><td>Var<\/td><td>Var<\/td><td>Var<\/td><td>Var<\/td><\/tr><tr><td>&nbsp;<strong>MT6552-2WO-C<\/strong><\/td><td>Android 8.0<\/td><td>Var<\/td><td>Var<\/td><td>Yok<\/td><td>Var<\/td><\/tr><\/tbody><\/table>\n\n\n\n<p><strong>Ortak \u00d6zellikler<\/strong><br>Android 7 veya 8 \u0130\u015fletim Sistemi<br>4 \u00c7ekirdek 1.3 Ghz Mikro i\u015flemci<br>2 GB RAM, 16 GB ROM<br>4 \u0130n\u00e7 Dokunmatik Kapasitif Ekran<br>8 Megapiksel Kamera<br>IP65 Koruma Standart\u0131<br>Karekod Barkod Okuyucu<\/p>\n\n\n\n<table class=\"wp-block-table\"><tbody><tr><td><strong>&nbsp;Sistem<\/strong><\/td><\/tr><tr><td>&nbsp;\u0130\u015flemci<\/td><td>D\u00f6rt \u00c7ekirdek 1,3 Ghz 64 Bit Mikro \u0130\u015flemci<\/td><\/tr><tr><td>&nbsp;Bellek<\/td><td>2 GB DDR RAM, 16 GB Flash ROM<\/td><\/tr><tr><td>&nbsp;\u0130\u015fletim Sistemi<\/td><td>MT6551 : Android 7.0 (Nougat)<\/td><\/tr><tr><td>MT6552: Android 8.0 (Oreo)<\/td><\/tr><tr><td>&nbsp;Kamera<\/td><td>8 Mega Piksel (Otomatik Odaklanmal\u0131 ve LED Fla\u015fl\u0131)<\/td><\/tr><tr><td>&nbsp;GPS<\/td><td>GPS<\/td><\/tr><tr><td>&nbsp;Uyar\u0131c\u0131lar<\/td><td>Titre\u015fim, Speaker ve \u00c7oklu Renkli LED<\/td><\/tr><tr><td>&nbsp;Tu\u015f Tak\u0131m\u0131<\/td><td>30 Adet (Yan Tu\u015flar Dahil)<\/td><\/tr><tr><td>&nbsp;Geni\u015fleme Yuvas\u0131<\/td><td>MicroSD Kart Yuvas\u0131 (Max. 32 GB Kapasite)<\/td><\/tr><tr><td><strong>&nbsp;Ekran<\/strong><\/td><\/tr><tr><td>&nbsp;Ekran Tipi<\/td><td>Kapasitif<\/td><\/tr><tr><td>&nbsp;Boyut<\/td><td>4,0&#8243; (\u0130n\u00e7)<\/td><\/tr><tr><td>&nbsp;\u00c7\u00f6z\u00fcn\u00fcrl\u00fck<\/td><td>800 x 480 Piksel<\/td><\/tr><tr><td><strong>&nbsp;Barkod Okuyucu<\/strong><\/td><\/tr><tr><td>&nbsp;Desteklenen Barkod Tipleri<\/td><td>1D (\u00c7izgikod) ve 2D (Karekod)<\/td><\/tr><tr><td>&nbsp;Optik Sistem<\/td><td>&#8211;<\/td><\/tr><tr><td>&nbsp;Barkod Tipleri<\/td><td>1D<\/td><td>Code 128, UCC\/EAN-128, AIM 128, EAN-8, JAN-8, EAN-13, ISBN\/ISSN, UPC-E, UPC-A, Interleaved 25, ITF-6, ITF-14, Deutsche 14, Deutsche 12, COOP 25, Matrix 25, Industrial 25, Standard 25, Code 39, Codabar\/NW7, Code 93, Code 11, Plessey, MSI\/Plessey, GS1 Databar<\/td><\/tr><tr><td>2D<\/td><td>QrCode, PDF417, DataMatrix, MaxiCode<\/td><\/tr><tr><td>&nbsp;<strong>\u0130leti\u015fim<\/strong><\/td><\/tr><tr><td>&nbsp;USB<\/td><td>Micro USB<\/td><\/tr><tr><td>&nbsp;WLAN<\/td><td>IEEE 802.11 b\/g\/n (2.4GHz ve 5GHz)<\/td><\/tr><tr><td>&nbsp;PAN<\/td><td>Bluetooth 4.0 LE<\/td><\/tr><tr><td>&nbsp;WWAN<\/td><td>2G: GSM\/GPRS\/EDGE: B2, B3, B5, B8 (850\/900\/1800\/1900MHz)<\/td><\/tr><tr><td>3G: WCDMA(B1, B2, B5, B8); CDMA2000 1X\/ EV-DO Rev. A (BC0); TD-SCDMA(B34, B39)<\/td><\/tr><tr><td>4G: TD-LTE (B38, B39, B40, B41); FDD-LTE (B1, B3, B7, B20)<\/td><\/tr><tr><td>SIM Yuvas\u0131: Mini SIM<\/td><\/tr><tr><td>&nbsp;RFID<\/td><td>Frekans: 13,56 Mhz<\/td><\/tr><tr><td>Desteklenen Taglar: ISO14443A\/B, MIFARE, FeliCa, NFC Forum Tags, ISO15693<\/td><\/tr><tr><td><strong>&nbsp;G\u00fc\u00e7&nbsp;Kayna\u011f\u0131<\/strong><\/td><\/tr><tr><td>&nbsp;Giri\u015f<\/td><td>AC100~240V, 50~60Hz<\/td><\/tr><tr><td>&nbsp;\u00c7\u0131k\u0131\u015f<\/td><td>DC5V, 2A<\/td><\/tr><tr><td>&nbsp;Ana pil<\/td><td>3,7V, 3700 mAh<\/td><\/tr><tr><td>&nbsp;Pil \u015earj S\u00fcresi<\/td><td>4,5 ~ 5 Saat (AC Elektrik Adapt\u00f6r\u00fc ile)<\/td><\/tr><tr><td>&nbsp;Pil Kullan\u0131m S\u00fcresi<\/td><td>Max. 10 Saat<\/td><\/tr><tr><td>&nbsp;<strong>Fiziksel<\/strong><\/td><\/tr><tr><td>&nbsp;Ebatlar<\/td><td>Geni\u015flik<\/td><td>73,9 mm<\/td><\/tr><tr><td>Y\u00fckseklik<\/td><td>146,7 mm<\/td><\/tr><tr><td>Kal\u0131nl\u0131k<\/td><td>9,3 mm<\/td><\/tr><tr><td>&nbsp;A\u011f\u0131rl\u0131k<\/td><td>330 Gram<\/td><\/tr><tr><td>&nbsp;<strong>\u00c7evresel<\/strong><\/td><\/tr><tr><td>&nbsp;\u00c7al\u0131\u015fma S\u0131cakl\u0131\u011f\u0131<\/td><td>-20 \u00b0C ~ 50 \u00b0C<\/td><\/tr><tr><td>&nbsp;Saklama S\u0131cakl\u0131\u011f\u0131<\/td><td>-30 \u00b0C ~ 70 \u00b0C<\/td><\/tr><tr><td>&nbsp;Nem Oran\u0131<\/td><td>%5 ~ %95 (Yo\u011fu\u015fmas\u0131z)<\/td><\/tr><tr><td>&nbsp;D\u00fc\u015fme Dayan\u0131kl\u0131l\u0131\u011f\u0131<\/td><td>1,2 Metre<\/td><\/tr><tr><td>&nbsp;Koruma Standard\u0131<\/td><td>IP65<\/td><\/tr><tr><td>&nbsp;<strong>Aksesuarlar<\/strong><\/td><\/tr><tr><td>Aksesuarlar<\/td><td>\u015earj\/\u0130leti\u015fim Kablosu<\/td><\/tr><tr><td>Cradle \u00dcnitesi<\/td><\/tr><tr><td>Elektrik Adapt\u00f6r\u00fc<\/td><\/tr><tr><td>Pistol<\/td><\/tr><tr><td>Omuz Kay\u0131\u015f\u0131<\/td><\/tr><tr><td>Bilek Kay\u0131\u015f\u0131<\/td><\/tr><\/tbody><\/table>\n","protected":false},"excerpt":{"rendered":"<p>\u25cf Android 7 veya 8 \u0130\u015fletim Sistemi Se\u00e7enekleri\u25cf 4 \u00c7ekirdek 1.3 Ghz Mikro \u0130\u015flemci\u25cf 2 GB Mobile DDR RAM, 16 GB eMMC ROM\u25cf 4 \u0130n\u00e7 (800 x 480 Piksel) Renkli Dokunmatik Ekran\u25cf Wifi, Bluetooth, GPRS, GSM, GPS ve NFC \u0130leti\u015fim Se\u00e7enekleri\u25cf Karekod Okuyuculu\u25cf IP65 Koruma Standard\u0131 &nbsp;Model \u0130\u015fletim Sisetmi Wifi Bluetooth GPRS Cradle \u00dcnitesi &nbsp;MT6551-2W [&hellip;]<\/p>\n","protected":false},"author":1,"featured_media":0,"parent":508,"menu_order":0,"comment_status":"closed","ping_status":"closed","template":"","meta":[],"yoast_head":"<!-- This site is optimized with the Yoast SEO plugin v15.7 - https:\/\/yoast.com\/wordpress\/plugins\/seo\/ -->\n<title>Newland MT65 Beluga3 Android El Terminali - Crea Barkod<\/title>\n<meta name=\"robots\" content=\"index, follow, max-snippet:-1, max-image-preview:large, max-video-preview:-1\" \/>\n<link rel=\"canonical\" href=\"http:\/\/www.creabarkod.com\/?page_id=605\" \/>\n<meta property=\"og:locale\" content=\"tr_TR\" \/>\n<meta property=\"og:type\" content=\"article\" \/>\n<meta property=\"og:title\" content=\"Newland MT65 Beluga3 Android El Terminali - Crea Barkod\" \/>\n<meta property=\"og:description\" content=\"\u25cf Android 7 veya 8 \u0130\u015fletim Sistemi Se\u00e7enekleri\u25cf 4 \u00c7ekirdek 1.3 Ghz Mikro \u0130\u015flemci\u25cf 2 GB Mobile DDR RAM, 16 GB eMMC ROM\u25cf 4 \u0130n\u00e7 (800 x 480 Piksel) Renkli Dokunmatik Ekran\u25cf Wifi, Bluetooth, GPRS, GSM, GPS ve NFC \u0130leti\u015fim Se\u00e7enekleri\u25cf Karekod Okuyuculu\u25cf IP65 Koruma Standard\u0131 &nbsp;Model \u0130\u015fletim Sisetmi Wifi Bluetooth GPRS Cradle \u00dcnitesi &nbsp;MT6551-2W [&hellip;]\" \/>\n<meta property=\"og:url\" content=\"http:\/\/www.creabarkod.com\/?page_id=605\" \/>\n<meta property=\"og:site_name\" content=\"Crea Barkod\" \/>\n<meta property=\"article:modified_time\" content=\"2019-06-19T09:46:35+00:00\" \/>\n<meta property=\"og:image\" content=\"http:\/\/www.creabarkod.com\/wp-content\/uploads\/2019\/06\/Newland-MT65-Beluga3-Android-El-Terminali-1-1.jpg\" \/>\n<meta name=\"twitter:card\" content=\"summary_large_image\" \/>\n<meta name=\"twitter:label1\" content=\"Tahmini okuma s\u00fcresi\">\n\t<meta name=\"twitter:data1\" content=\"2 dakika\">\n<script type=\"application\/ld+json\" class=\"yoast-schema-graph\">{\"@context\":\"https:\/\/schema.org\",\"@graph\":[{\"@type\":\"WebSite\",\"@id\":\"http:\/\/www.creabarkod.com\/#website\",\"url\":\"http:\/\/www.creabarkod.com\/\",\"name\":\"Crea Barkod\",\"description\":\"\",\"potentialAction\":[{\"@type\":\"SearchAction\",\"target\":\"http:\/\/www.creabarkod.com\/?s={search_term_string}\",\"query-input\":\"required name=search_term_string\"}],\"inLanguage\":\"tr\"},{\"@type\":\"ImageObject\",\"@id\":\"http:\/\/www.creabarkod.com\/?page_id=605#primaryimage\",\"inLanguage\":\"tr\",\"url\":\"http:\/\/www.creabarkod.com\/wp-content\/uploads\/2019\/06\/Newland-MT65-Beluga3-Android-El-Terminali-1-1.jpg\",\"width\":500,\"height\":500,\"caption\":\"Newland MT65 Beluga3 Android El Terminali\"},{\"@type\":\"WebPage\",\"@id\":\"http:\/\/www.creabarkod.com\/?page_id=605#webpage\",\"url\":\"http:\/\/www.creabarkod.com\/?page_id=605\",\"name\":\"Newland MT65 Beluga3 Android El Terminali - Crea Barkod\",\"isPartOf\":{\"@id\":\"http:\/\/www.creabarkod.com\/#website\"},\"primaryImageOfPage\":{\"@id\":\"http:\/\/www.creabarkod.com\/?page_id=605#primaryimage\"},\"datePublished\":\"2019-06-19T09:10:36+00:00\",\"dateModified\":\"2019-06-19T09:46:35+00:00\",\"inLanguage\":\"tr\",\"potentialAction\":[{\"@type\":\"ReadAction\",\"target\":[\"http:\/\/www.creabarkod.com\/?page_id=605\"]}]}]}<\/script>\n<!-- \/ Yoast SEO plugin. -->","_links":{"self":[{"href":"http:\/\/www.creabarkod.com\/index.php?rest_route=\/wp\/v2\/pages\/605"}],"collection":[{"href":"http:\/\/www.creabarkod.com\/index.php?rest_route=\/wp\/v2\/pages"}],"about":[{"href":"http:\/\/www.creabarkod.com\/index.php?rest_route=\/wp\/v2\/types\/page"}],"author":[{"embeddable":true,"href":"http:\/\/www.creabarkod.com\/index.php?rest_route=\/wp\/v2\/users\/1"}],"replies":[{"embeddable":true,"href":"http:\/\/www.creabarkod.com\/index.php?rest_route=%2Fwp%2Fv2%2Fcomments&post=605"}],"version-history":[{"count":3,"href":"http:\/\/www.creabarkod.com\/index.php?rest_route=\/wp\/v2\/pages\/605\/revisions"}],"predecessor-version":[{"id":645,"href":"http:\/\/www.creabarkod.com\/index.php?rest_route=\/wp\/v2\/pages\/605\/revisions\/645"}],"up":[{"embeddable":true,"href":"http:\/\/www.creabarkod.com\/index.php?rest_route=\/wp\/v2\/pages\/508"}],"wp:attachment":[{"href":"http:\/\/www.creabarkod.com\/index.php?rest_route=%2Fwp%2Fv2%2Fmedia&parent=605"}],"curies":[{"name":"wp","href":"https:\/\/api.w.org\/{rel}","templated":true}]}}