{"id":603,"date":"2019-06-19T09:09:23","date_gmt":"2019-06-19T09:09:23","guid":{"rendered":"http:\/\/www.creabarkod.com\/?page_id=603"},"modified":"2019-06-19T09:44:11","modified_gmt":"2019-06-19T09:44:11","slug":"datalogic-memor1-android-el-terminali","status":"publish","type":"page","link":"http:\/\/www.creabarkod.com\/?page_id=603","title":{"rendered":"Datalogic Memor1 Android El Terminali"},"content":{"rendered":"\n<ul class=\"wp-block-gallery columns-5 is-cropped\"><li class=\"blocks-gallery-item\"><figure><a href=\"http:\/\/www.creabarkod.com\/wp-content\/uploads\/2019\/06\/Datalogic-Memor1-1-1.jpg\"><img loading=\"lazy\" width=\"383\" height=\"709\" src=\"http:\/\/www.creabarkod.com\/wp-content\/uploads\/2019\/06\/Datalogic-Memor1-1-1.jpg\" alt=\"Datalogic Memor1\" data-id=\"634\" data-link=\"http:\/\/www.creabarkod.com\/?attachment_id=634\" class=\"wp-image-634\" srcset=\"http:\/\/www.creabarkod.com\/wp-content\/uploads\/2019\/06\/Datalogic-Memor1-1-1.jpg 383w, http:\/\/www.creabarkod.com\/wp-content\/uploads\/2019\/06\/Datalogic-Memor1-1-1-162x300.jpg 162w\" sizes=\"(max-width: 383px) 100vw, 383px\" \/><\/a><\/figure><\/li><li class=\"blocks-gallery-item\"><figure><a href=\"http:\/\/www.creabarkod.com\/wp-content\/uploads\/2019\/06\/Datalogic-Memor1-2.jpg\"><img loading=\"lazy\" width=\"506\" height=\"709\" src=\"http:\/\/www.creabarkod.com\/wp-content\/uploads\/2019\/06\/Datalogic-Memor1-2.jpg\" alt=\"Datalogic Memor1\" data-id=\"635\" data-link=\"http:\/\/www.creabarkod.com\/?attachment_id=635\" class=\"wp-image-635\" srcset=\"http:\/\/www.creabarkod.com\/wp-content\/uploads\/2019\/06\/Datalogic-Memor1-2.jpg 506w, http:\/\/www.creabarkod.com\/wp-content\/uploads\/2019\/06\/Datalogic-Memor1-2-214x300.jpg 214w\" sizes=\"(max-width: 506px) 100vw, 506px\" \/><\/a><\/figure><\/li><li class=\"blocks-gallery-item\"><figure><a href=\"http:\/\/www.creabarkod.com\/wp-content\/uploads\/2019\/06\/Datalogic-Memor1-3.jpg\"><img loading=\"lazy\" width=\"504\" height=\"709\" src=\"http:\/\/www.creabarkod.com\/wp-content\/uploads\/2019\/06\/Datalogic-Memor1-3.jpg\" alt=\"Datalogic Memor1\" data-id=\"636\" data-link=\"http:\/\/www.creabarkod.com\/?attachment_id=636\" class=\"wp-image-636\" srcset=\"http:\/\/www.creabarkod.com\/wp-content\/uploads\/2019\/06\/Datalogic-Memor1-3.jpg 504w, http:\/\/www.creabarkod.com\/wp-content\/uploads\/2019\/06\/Datalogic-Memor1-3-213x300.jpg 213w\" sizes=\"(max-width: 504px) 100vw, 504px\" \/><\/a><\/figure><\/li><li class=\"blocks-gallery-item\"><figure><a href=\"http:\/\/www.creabarkod.com\/wp-content\/uploads\/2019\/06\/Datalogic-Memor1-4.jpg\"><img loading=\"lazy\" width=\"424\" height=\"709\" src=\"http:\/\/www.creabarkod.com\/wp-content\/uploads\/2019\/06\/Datalogic-Memor1-4.jpg\" alt=\"Datalogic Memor1\" data-id=\"637\" data-link=\"http:\/\/www.creabarkod.com\/?attachment_id=637\" class=\"wp-image-637\" srcset=\"http:\/\/www.creabarkod.com\/wp-content\/uploads\/2019\/06\/Datalogic-Memor1-4.jpg 424w, http:\/\/www.creabarkod.com\/wp-content\/uploads\/2019\/06\/Datalogic-Memor1-4-179x300.jpg 179w\" sizes=\"(max-width: 424px) 100vw, 424px\" \/><\/a><\/figure><\/li><li class=\"blocks-gallery-item\"><figure><a href=\"http:\/\/www.creabarkod.com\/wp-content\/uploads\/2019\/06\/Datalogic-Memor1-5.jpg\"><img loading=\"lazy\" width=\"494\" height=\"709\" src=\"http:\/\/www.creabarkod.com\/wp-content\/uploads\/2019\/06\/Datalogic-Memor1-5.jpg\" alt=\"Datalogic Memor1\" data-id=\"638\" data-link=\"http:\/\/www.creabarkod.com\/?attachment_id=638\" class=\"wp-image-638\" srcset=\"http:\/\/www.creabarkod.com\/wp-content\/uploads\/2019\/06\/Datalogic-Memor1-5.jpg 494w, http:\/\/www.creabarkod.com\/wp-content\/uploads\/2019\/06\/Datalogic-Memor1-5-209x300.jpg 209w\" sizes=\"(max-width: 494px) 100vw, 494px\" \/><\/a><\/figure><\/li><\/ul>\n\n\n\n<p>\u25cf Android 8.1 (Oreo) i\u015fletim sistemi<br>\u25cf 4 \u00c7ekirdek 1.1 GHz Mikro \u0130\u015flemci<br>\u25cf 2 GB RAM, 16 GB ROM Bellek<br>\u25cf 4,3 \u0130n\u00e7 (854 X 480 piksel) renkli dokunmatik ekran<br>\u25cf Wifi, Bluetooth, NFC \u0130leti\u015fim<br>\u25cf 2D Imager Karekod Okuyucu<br>\u25cf\u00a0<strong>Kablosuz \u015earj \u00d6zelli\u011fi<\/strong><\/p>\n\n\n\n<table class=\"wp-block-table\"><tbody><tr><td><strong>&nbsp;Sistem<\/strong><\/td><\/tr><tr><td>&nbsp;\u0130\u015flemci<\/td><td>Qualcomm SnapDragon 4 \u00c7ekirdek 1.1 Ghz Mikro \u0130\u015flemci<\/td><\/tr><tr><td>&nbsp;Bellek<\/td><td>2 GB RAM, 16 GB ROM<\/td><\/tr><tr><td>&nbsp;SD Kart<\/td><td>Fabrikada Tak\u0131labilir (Kullan\u0131c\u0131 Tak\u0131p-S\u00f6kemez)<\/td><\/tr><tr><td>&nbsp;\u0130\u015fletim Sistemi<\/td><td>Android\u2122 8.1 (Oreo) (GMS \u00d6zelli\u011fi ile)<\/td><\/tr><tr><td>GMS: Google Mobile Servis<\/td><\/tr><tr><td><strong>&nbsp;Sens\u00f6rler<\/strong><\/td><\/tr><tr><td>&nbsp;\u0130vme \u00d6l\u00e7er<\/td><td>Y\u00f6n Tespiti i\u00e7in 3 Eksenli \u0130vme \u00d6l\u00e7er<\/td><\/tr><tr><td>&nbsp;Jiroskop<\/td><td>A\u00e7\u0131sal H\u0131z\u0131 Alg\u0131lar<\/td><\/tr><tr><td>&nbsp;Titre\u015fim<\/td><td>Yaz\u0131l\u0131msal Olarak Programlanabilir<\/td><\/tr><tr><td>&nbsp;Manyometre<\/td><td>A\u00e7\u0131sal H\u0131z\u0131 Alg\u0131lar<\/td><\/tr><tr><td><strong>&nbsp;Ekran<\/strong><\/td><\/tr><tr><td>&nbsp;Ekran Tipi<\/td><td>TFT-LCD<\/td><\/tr><tr><td>&nbsp;Boyut<\/td><td>4,3&#8243; (\u0130n\u00e7)<\/td><\/tr><tr><td>&nbsp;\u00c7\u00f6z\u00fcn\u00fcrl\u00fck<\/td><td>854 x 480&nbsp;Piksel (FWVGA)<\/td><\/tr><tr><td>&nbsp;Ekran cam\u0131 \u00f6zelli\u011fi<\/td><td>Kapasitif, \u00c7oklu Dokunma, Gorilla\u00ae Glass 3 cam<\/td><\/tr><tr><td><strong>&nbsp;Tu\u015f&nbsp;Tak\u0131m\u0131<\/strong><\/td><\/tr><tr><td>&nbsp;El Terminali<\/td><td>Home \/ Scan D\u00fc\u011fmeleri (Programlanabilir)<\/td><\/tr><tr><td>&nbsp;Pistol<\/td><td>Home \/ Scan D\u00fc\u011fmeleri (Programlanabilir) ve Scan Tetikleme Tu\u015fu<\/td><\/tr><tr><td><strong>&nbsp;G\u00f6stergeler<\/strong><\/td><\/tr><tr><td>&nbsp;LED \/I\u015f\u0131kland\u0131rma<\/td><td>Pil kapa\u011f\u0131n\u0131n alt\u0131ndaki \u0131\u015f\u0131klar. (Programlanabilir)<\/td><\/tr><tr><td><strong>&nbsp;Barkod Okuyucu<\/strong><\/td><\/tr><tr><td>&nbsp;Desteklenen Barkod Tipleri<\/td><td>1D (\u00c7izgikod) ve 2D (Karekod)<\/td><\/tr><tr><td>&nbsp;Tarama Mesafeleri<\/td><td>4,3 cm ~ 35 cm<\/td><\/tr><tr><td>&nbsp;\u00c7\u00f6z\u00fcn\u00fcrl\u00fck&nbsp;(Minimum)<\/td><td>1D<\/td><td>0,01 mm (4 mil)<\/td><\/tr><tr><td>2D<\/td><td>0,0127 mm (5 mil)<\/td><\/tr><tr><td>&nbsp;Yazd\u0131rma Kar\u015f\u0131tl\u0131\u011f\u0131<\/td><td>%25<\/td><\/tr><tr><td>&nbsp;Do\u011frulama<\/td><td>Ses ile Do\u011frulama: Polifonik Ses \u00c7\u0131kartma<\/td><\/tr><tr><td>I\u015f\u0131kla Do\u011frulama: Green Spot (Barkod \u00dczerine Ye\u015fil I\u015f\u0131k D\u00fc\u015f\u00fcrme)<\/td><\/tr><tr><td><strong>&nbsp;\u00c7\u00f6z\u00fcmleme Yetene\u011fi<\/strong><\/td><\/tr><tr><td>&nbsp;1D \/ Linear Kodlar<\/td><td>GS1\/Databar Dahil Standart 1D Linear Kodlar<\/td><\/tr><tr><td>&nbsp;2D Kodlar<\/td><td>Aztec Code, Data Matrix, MaxiCode, PDF417, MicroPDF417, Micro QR Code, QR Code<\/td><\/tr><tr><td>&nbsp;Postal Kodlar<\/td><td>Australian Post, Japanese Post, KIX Code, Royal Mail, USPS Intelligent Mail, USPS PLANET, USPS POSTNET<\/td><\/tr><tr><td>&nbsp;Dijital Damgalama<\/td><td>Digimarc\u00ae Barcode Deste\u011fi (Opsiyonel)<\/td><\/tr><tr><td>&nbsp;<strong>\u0130leti\u015fim<\/strong><\/td><\/tr><tr><td>&nbsp;USB<\/td><td>Micro USB (High Speed 2.0 Host &amp; Client)<\/td><\/tr><tr><td>&nbsp;Wifi<\/td><td>Desteklenen Modlar<\/td><td>802.11 a\/b\/g\/n<\/td><\/tr><tr><td>G\u00fcvenlik Standart\u0131<\/td><td>WEP, WPA\/WPA2 PSK, 802.1x<\/td><\/tr><tr><td>EAP Metodu<\/td><td>PEAP\/MSCHAPV2, PEAP\/GTC, TLS, TTLS\/PAP, TTLS\/MSCHAP, TTLS\/ MSCHAPV2, TTLS\/GTC, PWD<\/td><\/tr><tr><td>&nbsp;Bluetooth<\/td><td>S\u00fcr\u00fcm<\/td><td>4.0<\/td><\/tr><tr><td>Mod<\/td><td>Klasik ve BLE<\/td><\/tr><tr><td>&nbsp;NFC<\/td><td>El Terminali ile Dock \u00dcnitesi Aras\u0131nda \u0130leti\u015fim<\/td><\/tr><tr><td><strong>&nbsp;G\u00fc\u00e7&nbsp;Kayna\u011f\u0131<\/strong><\/td><\/tr><tr><td>&nbsp;Ana pil<\/td><td>3,7V 3000 mAh \u015earj Edilebilir Li-Ion pil<\/td><\/tr><tr><td>&nbsp;Kablosuz \u015earj<\/td><td>H\u0131zl\u0131 \u015earj ve Standart \u015earj \u00d6zelli\u011fi<\/td><\/tr><tr><td>&nbsp;<strong>Fiziksel<\/strong><\/td><\/tr><tr><td>&nbsp;A\u011f\u0131rl\u0131k<\/td><td>Pistols\u00fcz<\/td><td>275 Gram<\/td><\/tr><tr><td>Pistoll\u00fc<\/td><td>305 Gram<\/td><\/tr><tr><td>&nbsp;Ebatlar<\/td><td>Pistols\u00fcz<\/td><td>Geni\u015flik: 80 mm<\/td><\/tr><tr><td>Y\u00fckseklik: 157 mm<\/td><\/tr><tr><td>Kal\u0131nl\u0131k: 27 mm<\/td><\/tr><tr><td>Pistoll\u00fc<\/td><td>Geni\u015flik: 80 mm<\/td><\/tr><tr><td>Y\u00fckseklik: 157 mm<\/td><\/tr><tr><td>Kal\u0131nl\u0131k: 27 mm<\/td><\/tr><tr><td>&nbsp;<strong>\u00c7evresel<\/strong><\/td><\/tr><tr><td>&nbsp;\u00c7al\u0131\u015fma S\u0131cakl\u0131\u011f\u0131<\/td><td>-10\u00b0C ~ 50\u00b0C<\/td><\/tr><tr><td>&nbsp;D\u00fc\u015fme Dayan\u0131kl\u0131l\u0131\u011f\u0131<\/td><td>Max. 1,2 metre (Koruyucu K\u0131l\u0131f Olmadan)<\/td><\/tr><tr><td>Max. 1,5 metre (Koruyucu K\u0131l\u0131f ile)<\/td><\/tr><tr><td><strong>&nbsp;G\u00fcvenlik ve D\u00fczenleyiciler<\/strong><\/td><\/tr><tr><td>&nbsp;Kurum Onaylar\u0131<\/td><td>\u00dcr\u00fcn kullan\u0131m i\u00e7in gerekli g\u00fcvenlik ve d\u00fczenleyicilere uygundur. Kullan\u0131m k\u0131lavuzunda t\u00fcm g\u00fcvenlik ve d\u00fczenleyiciler listelenmi\u015ftir.<\/td><\/tr><tr><td>&nbsp;\u00c7evre Uyumu<\/td><td>Avrupa RoHS uyumlu<\/td><\/tr><tr><td>&nbsp;<strong>Yaz\u0131l\u0131msal<\/strong><\/td><\/tr><tr><td>&nbsp;Uygulamalar<\/td><td>Datalogic &#8216;SoftSpot&#8217;: Yaz\u0131l\u0131mal Barkod Okuyucu Tetikleme Uygulamas\u0131<\/td><\/tr><tr><td>\u00d6n Lisansl\u0131 Cihaz ve Barkod Okuyucu Kilitleme Uygulamas\u0131 (Geli\u015ftirici: 42Gears)<\/td><\/tr><tr><td>Enterprise class PTT offered by Zello<\/td><\/tr><tr><td>&nbsp;Yap\u0131land\u0131rma ve Bak\u0131m<\/td><td>Datalogic DXU (Bilgisayardan cihaz yap\u0131land\u0131rma ve Firmware g\u00fcncelleme i\u00e7in)<\/td><\/tr><tr><td>NFC Tap to Configure<\/td><\/tr><tr><td>NFC Tap to Pair (for other Bluetooth\u00ae devices)<\/td><\/tr><tr><td>&nbsp;Yaz\u0131l\u0131m Geli\u015ftirme<\/td><td>Java ve Xamarin SDK\u2122<\/td><\/tr><tr><td>&nbsp;MDM<\/td><td>SOTI MobiControl, VMWare AirWatch, Wavelink Avalanche, 42Gears SureMDM<\/td><\/tr><tr><td>&nbsp;Terminal Em\u00fclasyonu<\/td><td>StayLinked SmartTE, Wavelink Velocity<\/td><\/tr><tr><td>&nbsp;<strong>Aksesuarlar<\/strong><\/td><\/tr><tr><td>&nbsp;Aksesuarlar (Opsiyonel)<\/td><td>Tekli \u015farj \/ ileti\u015fim \u00fcnitesi (Kilitleme \u00d6zellikli)<\/td><\/tr><tr><td>Tekli \u015farj \u00fcnitesi (Sadece pil \u015farj \u00d6zelli\u011fi)<\/td><\/tr><tr><td>3 L\u00fc pil \u015farj \u00fcntesi<\/td><\/tr><tr><td>Ta\u015f\u0131ma K\u0131l\u0131f\u0131<\/td><\/tr><tr><td>Plastik Koruyucu<\/td><\/tr><\/tbody><\/table>\n","protected":false},"excerpt":{"rendered":"<p>\u25cf Android 8.1 (Oreo) i\u015fletim sistemi\u25cf 4 \u00c7ekirdek 1.1 GHz Mikro \u0130\u015flemci\u25cf 2 GB RAM, 16 GB ROM Bellek\u25cf 4,3 \u0130n\u00e7 (854 X 480 piksel) renkli dokunmatik ekran\u25cf Wifi, Bluetooth, NFC \u0130leti\u015fim\u25cf 2D Imager Karekod Okuyucu\u25cf\u00a0Kablosuz \u015earj \u00d6zelli\u011fi &nbsp;Sistem &nbsp;\u0130\u015flemci Qualcomm SnapDragon 4 \u00c7ekirdek 1.1 Ghz Mikro \u0130\u015flemci &nbsp;Bellek 2 GB RAM, 16 GB ROM [&hellip;]<\/p>\n","protected":false},"author":1,"featured_media":0,"parent":508,"menu_order":0,"comment_status":"closed","ping_status":"closed","template":"","meta":[],"yoast_head":"<!-- This site is optimized with the Yoast SEO plugin v15.7 - https:\/\/yoast.com\/wordpress\/plugins\/seo\/ -->\n<title>Datalogic Memor1 Android El Terminali - Crea Barkod<\/title>\n<meta name=\"robots\" content=\"index, follow, max-snippet:-1, max-image-preview:large, max-video-preview:-1\" \/>\n<link rel=\"canonical\" href=\"http:\/\/www.creabarkod.com\/?page_id=603\" \/>\n<meta property=\"og:locale\" content=\"tr_TR\" \/>\n<meta property=\"og:type\" content=\"article\" \/>\n<meta property=\"og:title\" content=\"Datalogic Memor1 Android El Terminali - Crea Barkod\" \/>\n<meta property=\"og:description\" content=\"\u25cf Android 8.1 (Oreo) i\u015fletim sistemi\u25cf 4 \u00c7ekirdek 1.1 GHz Mikro \u0130\u015flemci\u25cf 2 GB RAM, 16 GB ROM Bellek\u25cf 4,3 \u0130n\u00e7 (854 X 480 piksel) renkli dokunmatik ekran\u25cf Wifi, Bluetooth, NFC \u0130leti\u015fim\u25cf 2D Imager Karekod Okuyucu\u25cf\u00a0Kablosuz \u015earj \u00d6zelli\u011fi &nbsp;Sistem &nbsp;\u0130\u015flemci Qualcomm SnapDragon 4 \u00c7ekirdek 1.1 Ghz Mikro \u0130\u015flemci &nbsp;Bellek 2 GB RAM, 16 GB ROM [&hellip;]\" \/>\n<meta property=\"og:url\" content=\"http:\/\/www.creabarkod.com\/?page_id=603\" \/>\n<meta property=\"og:site_name\" content=\"Crea Barkod\" \/>\n<meta property=\"article:modified_time\" content=\"2019-06-19T09:44:11+00:00\" \/>\n<meta property=\"og:image\" content=\"http:\/\/www.creabarkod.com\/wp-content\/uploads\/2019\/06\/Datalogic-Memor1-1-1.jpg\" \/>\n<meta name=\"twitter:card\" content=\"summary_large_image\" \/>\n<meta name=\"twitter:label1\" content=\"Tahmini okuma s\u00fcresi\">\n\t<meta name=\"twitter:data1\" content=\"3 dakika\">\n<script type=\"application\/ld+json\" class=\"yoast-schema-graph\">{\"@context\":\"https:\/\/schema.org\",\"@graph\":[{\"@type\":\"WebSite\",\"@id\":\"http:\/\/www.creabarkod.com\/#website\",\"url\":\"http:\/\/www.creabarkod.com\/\",\"name\":\"Crea Barkod\",\"description\":\"\",\"potentialAction\":[{\"@type\":\"SearchAction\",\"target\":\"http:\/\/www.creabarkod.com\/?s={search_term_string}\",\"query-input\":\"required name=search_term_string\"}],\"inLanguage\":\"tr\"},{\"@type\":\"ImageObject\",\"@id\":\"http:\/\/www.creabarkod.com\/?page_id=603#primaryimage\",\"inLanguage\":\"tr\",\"url\":\"http:\/\/www.creabarkod.com\/wp-content\/uploads\/2019\/06\/Datalogic-Memor1-1-1.jpg\",\"width\":383,\"height\":709,\"caption\":\"Datalogic Memor1\"},{\"@type\":\"WebPage\",\"@id\":\"http:\/\/www.creabarkod.com\/?page_id=603#webpage\",\"url\":\"http:\/\/www.creabarkod.com\/?page_id=603\",\"name\":\"Datalogic Memor1 Android El Terminali - Crea Barkod\",\"isPartOf\":{\"@id\":\"http:\/\/www.creabarkod.com\/#website\"},\"primaryImageOfPage\":{\"@id\":\"http:\/\/www.creabarkod.com\/?page_id=603#primaryimage\"},\"datePublished\":\"2019-06-19T09:09:23+00:00\",\"dateModified\":\"2019-06-19T09:44:11+00:00\",\"inLanguage\":\"tr\",\"potentialAction\":[{\"@type\":\"ReadAction\",\"target\":[\"http:\/\/www.creabarkod.com\/?page_id=603\"]}]}]}<\/script>\n<!-- \/ Yoast SEO plugin. -->","_links":{"self":[{"href":"http:\/\/www.creabarkod.com\/index.php?rest_route=\/wp\/v2\/pages\/603"}],"collection":[{"href":"http:\/\/www.creabarkod.com\/index.php?rest_route=\/wp\/v2\/pages"}],"about":[{"href":"http:\/\/www.creabarkod.com\/index.php?rest_route=\/wp\/v2\/types\/page"}],"author":[{"embeddable":true,"href":"http:\/\/www.creabarkod.com\/index.php?rest_route=\/wp\/v2\/users\/1"}],"replies":[{"embeddable":true,"href":"http:\/\/www.creabarkod.com\/index.php?rest_route=%2Fwp%2Fv2%2Fcomments&post=603"}],"version-history":[{"count":3,"href":"http:\/\/www.creabarkod.com\/index.php?rest_route=\/wp\/v2\/pages\/603\/revisions"}],"predecessor-version":[{"id":640,"href":"http:\/\/www.creabarkod.com\/index.php?rest_route=\/wp\/v2\/pages\/603\/revisions\/640"}],"up":[{"embeddable":true,"href":"http:\/\/www.creabarkod.com\/index.php?rest_route=\/wp\/v2\/pages\/508"}],"wp:attachment":[{"href":"http:\/\/www.creabarkod.com\/index.php?rest_route=%2Fwp%2Fv2%2Fmedia&parent=603"}],"curies":[{"name":"wp","href":"https:\/\/api.w.org\/{rel}","templated":true}]}}