{"id":598,"date":"2019-06-19T09:06:00","date_gmt":"2019-06-19T09:06:00","guid":{"rendered":"http:\/\/www.creabarkod.com\/?page_id=598"},"modified":"2019-06-19T09:41:47","modified_gmt":"2019-06-19T09:41:47","slug":"datalogic-dl-axist-android-el-terminali","status":"publish","type":"page","link":"http:\/\/www.creabarkod.com\/?page_id=598","title":{"rendered":"Datalogic DL-Axist Android El Terminali"},"content":{"rendered":"\n<ul class=\"wp-block-gallery columns-5 is-cropped\"><li class=\"blocks-gallery-item\"><figure><a href=\"http:\/\/www.creabarkod.com\/wp-content\/uploads\/2019\/06\/Datalogic-DL-Axist-Android-El-Terminali-1-1.jpg\"><img loading=\"lazy\" width=\"500\" height=\"500\" src=\"http:\/\/www.creabarkod.com\/wp-content\/uploads\/2019\/06\/Datalogic-DL-Axist-Android-El-Terminali-1-1.jpg\" alt=\"Datalogic DL-Axist Android El Terminali\" data-id=\"627\" data-link=\"http:\/\/www.creabarkod.com\/?attachment_id=627\" class=\"wp-image-627\" srcset=\"http:\/\/www.creabarkod.com\/wp-content\/uploads\/2019\/06\/Datalogic-DL-Axist-Android-El-Terminali-1-1.jpg 500w, http:\/\/www.creabarkod.com\/wp-content\/uploads\/2019\/06\/Datalogic-DL-Axist-Android-El-Terminali-1-1-150x150.jpg 150w, http:\/\/www.creabarkod.com\/wp-content\/uploads\/2019\/06\/Datalogic-DL-Axist-Android-El-Terminali-1-1-300x300.jpg 300w\" sizes=\"(max-width: 500px) 100vw, 500px\" \/><\/a><\/figure><\/li><li class=\"blocks-gallery-item\"><figure><a href=\"http:\/\/www.creabarkod.com\/wp-content\/uploads\/2019\/06\/Datalogic-DL-Axist-Android-El-Terminali-2.jpg\"><img loading=\"lazy\" width=\"500\" height=\"500\" src=\"http:\/\/www.creabarkod.com\/wp-content\/uploads\/2019\/06\/Datalogic-DL-Axist-Android-El-Terminali-2.jpg\" alt=\"Datalogic DL-Axist Android El Terminali\" data-id=\"628\" data-link=\"http:\/\/www.creabarkod.com\/?attachment_id=628\" class=\"wp-image-628\" srcset=\"http:\/\/www.creabarkod.com\/wp-content\/uploads\/2019\/06\/Datalogic-DL-Axist-Android-El-Terminali-2.jpg 500w, http:\/\/www.creabarkod.com\/wp-content\/uploads\/2019\/06\/Datalogic-DL-Axist-Android-El-Terminali-2-150x150.jpg 150w, http:\/\/www.creabarkod.com\/wp-content\/uploads\/2019\/06\/Datalogic-DL-Axist-Android-El-Terminali-2-300x300.jpg 300w\" sizes=\"(max-width: 500px) 100vw, 500px\" \/><\/a><\/figure><\/li><li class=\"blocks-gallery-item\"><figure><a href=\"http:\/\/www.creabarkod.com\/wp-content\/uploads\/2019\/06\/Datalogic-DL-Axist-Android-El-Terminali-3.jpg\"><img loading=\"lazy\" width=\"500\" height=\"500\" src=\"http:\/\/www.creabarkod.com\/wp-content\/uploads\/2019\/06\/Datalogic-DL-Axist-Android-El-Terminali-3.jpg\" alt=\"Datalogic DL-Axist Android El Terminali\" data-id=\"629\" data-link=\"http:\/\/www.creabarkod.com\/?attachment_id=629\" class=\"wp-image-629\" srcset=\"http:\/\/www.creabarkod.com\/wp-content\/uploads\/2019\/06\/Datalogic-DL-Axist-Android-El-Terminali-3.jpg 500w, http:\/\/www.creabarkod.com\/wp-content\/uploads\/2019\/06\/Datalogic-DL-Axist-Android-El-Terminali-3-150x150.jpg 150w, http:\/\/www.creabarkod.com\/wp-content\/uploads\/2019\/06\/Datalogic-DL-Axist-Android-El-Terminali-3-300x300.jpg 300w\" sizes=\"(max-width: 500px) 100vw, 500px\" \/><\/a><\/figure><\/li><li class=\"blocks-gallery-item\"><figure><a href=\"http:\/\/www.creabarkod.com\/wp-content\/uploads\/2019\/06\/Datalogic-DL-Axist-Android-El-Terminali-4.jpg\"><img loading=\"lazy\" width=\"500\" height=\"500\" src=\"http:\/\/www.creabarkod.com\/wp-content\/uploads\/2019\/06\/Datalogic-DL-Axist-Android-El-Terminali-4.jpg\" alt=\"Datalogic DL-Axist Android El Terminali\" data-id=\"630\" data-link=\"http:\/\/www.creabarkod.com\/?attachment_id=630\" class=\"wp-image-630\" srcset=\"http:\/\/www.creabarkod.com\/wp-content\/uploads\/2019\/06\/Datalogic-DL-Axist-Android-El-Terminali-4.jpg 500w, http:\/\/www.creabarkod.com\/wp-content\/uploads\/2019\/06\/Datalogic-DL-Axist-Android-El-Terminali-4-150x150.jpg 150w, http:\/\/www.creabarkod.com\/wp-content\/uploads\/2019\/06\/Datalogic-DL-Axist-Android-El-Terminali-4-300x300.jpg 300w\" sizes=\"(max-width: 500px) 100vw, 500px\" \/><\/a><\/figure><\/li><li class=\"blocks-gallery-item\"><figure><a href=\"http:\/\/www.creabarkod.com\/wp-content\/uploads\/2019\/06\/Datalogic-DL-Axist-Android-El-Terminali-5.jpg\"><img loading=\"lazy\" width=\"500\" height=\"500\" src=\"http:\/\/www.creabarkod.com\/wp-content\/uploads\/2019\/06\/Datalogic-DL-Axist-Android-El-Terminali-5.jpg\" alt=\"Datalogic DL-Axist Android El Terminali\" data-id=\"631\" data-link=\"http:\/\/www.creabarkod.com\/?attachment_id=631\" class=\"wp-image-631\" srcset=\"http:\/\/www.creabarkod.com\/wp-content\/uploads\/2019\/06\/Datalogic-DL-Axist-Android-El-Terminali-5.jpg 500w, http:\/\/www.creabarkod.com\/wp-content\/uploads\/2019\/06\/Datalogic-DL-Axist-Android-El-Terminali-5-150x150.jpg 150w, http:\/\/www.creabarkod.com\/wp-content\/uploads\/2019\/06\/Datalogic-DL-Axist-Android-El-Terminali-5-300x300.jpg 300w\" sizes=\"(max-width: 500px) 100vw, 500px\" \/><\/a><\/figure><\/li><\/ul>\n\n\n\n<p>\u25cf Android 4.4\u00a0(Kit Kat) i\u015fletim sistemi<br>\u25cf TI OMAP 4430 1 Ghz\u00a0Mikro \u0130\u015flemci<br>\u25cf 1 GB Mobile DDR RAM, 8 GB eMMC ROM<br>\u25cf 5 \u0130n\u00e7 (1280X720 piksel) renkli dokunmatik ekran<br>\u25cf\u00a0<strong>WLAN,Bluetooth, GPRS\/GSM, GPS<\/strong>\u00a0ve\u00a0<strong>RFID\/NFC\u00a0<\/strong>Se\u00e7enekleri<br>\u25cf 2D Imager Karekod Okuyucu<br>\u25cf IP67 standard\u0131nda<br>\u25cf 5 Megapiksel Otomatik Odaklanmal\u0131 Kamera <\/p>\n\n\n\n<table class=\"wp-block-table\"><tbody><tr><td>&nbsp;Model<\/td><td>GPRS (3G\/4G)<\/td><\/tr><tr><td>&nbsp;<strong>944600001<\/strong><\/td><td>&nbsp;Yok<\/td><\/tr><tr><td>&nbsp;<strong>944600003<\/strong><\/td><td>&nbsp;Var (WW \/ No US)<\/td><\/tr><tr><td>&nbsp;<strong>944600005<\/strong><\/td><td>&nbsp;Var (US)<\/td><\/tr><\/tbody><\/table>\n\n\n\n<p><strong>Ortak \u00d6zellikler<\/strong><br>Wifi: 802.11 b\/g\/n (Mimo Destekli)<br>Bluetooth: Bluetooth 4.0<br>Kamera: 5 MP<br>RFID: NFC<br>Barkod Okuyucu: 2D<br>Barkod Do\u011frulama: Green Spot<br>GPS: Var<\/p>\n\n\n\n<table class=\"wp-block-table\"><tbody><tr><td><strong>&nbsp;Sistem<\/strong><\/td><\/tr><tr><td>&nbsp;\u0130\u015flemci<\/td><td>TI OMAP 4430 \u00c7ift \u00c7ekirdek 1 Ghz Mikro \u0130\u015flemci<\/td><\/tr><tr><td>&nbsp;Bellek<\/td><td>1 GB Mobile DDR RAM, 8 GB eMMC Flash ROM<\/td><\/tr><tr><td>&nbsp;\u0130\u015fletim Sistemi<\/td><td>Android 4.4 (Kit Kat)<\/td><\/tr><tr><td>&nbsp;Sens\u00f6rler<\/td><td>\u0130vme \u00d6l\u00e7er, Jiroskop, Ortam I\u015f\u0131\u011f\u0131 ve Yak\u0131nl\u0131k<\/td><\/tr><tr><td>&nbsp;Geni\u015fleme Yuvas\u0131<\/td><td>MicroSD Kart yuvas\u0131 (Micro SD-HC, 32 GB, 48 Mbps ye kadar veri transfer deste\u011fi)<\/td><\/tr><tr><td>&nbsp;Ses<\/td><td>3.5 mm Kulakl\u0131k giri\u015fi<\/td><\/tr><tr><td><strong>&nbsp;Ekran<\/strong><\/td><\/tr><tr><td>&nbsp;Ekran Tipi<\/td><td>TFT<\/td><\/tr><tr><td>&nbsp;Boyut<\/td><td>5,0&#8243; (\u0130n\u00e7)<\/td><\/tr><tr><td>&nbsp;\u00c7\u00f6z\u00fcn\u00fcrl\u00fck<\/td><td>1280 x 720&nbsp;Piksel<\/td><\/tr><tr><td>&nbsp;Ekran cam\u0131 \u00f6zelli\u011fi<\/td><td>5 Noktal\u0131 kapasitif Gorilla Glass 3 cam<\/td><\/tr><tr><td><strong>&nbsp;Tu\u015f&nbsp;Tak\u0131m\u0131<\/strong><\/td><\/tr><tr><td>&nbsp;Tu\u015f Tak\u0131m\u0131<\/td><td>Home,Barkod Tarama Tu\u015fu,Yan Barkod Tarama Tu\u015flar\u0131,G\u00fc\u00e7 D\u00fc\u011fmesi ve Ses D\u00fc\u011fmeleri<\/td><\/tr><tr><td><strong>&nbsp;G\u00f6stergeler<\/strong><\/td><\/tr><tr><td>&nbsp;Tipler<\/td><td>LED ve Titre\u015fim<\/td><\/tr><tr><td><strong>&nbsp;Barkod Okuyucu<\/strong><\/td><\/tr><tr><td>&nbsp;Desteklenen Barkod Tipleri<\/td><td>1D (\u00c7izgikod) ve 2D (Karekod)<\/td><\/tr><tr><td>&nbsp;Optik Sistem<\/td><td>WVGA (752 x 480 piksel)<\/td><\/tr><tr><td>&nbsp;Ayd\u0131nlatma<\/td><td>Beyaz LED<\/td><\/tr><tr><td>&nbsp;Odaklama<\/td><td>650 nm VLD<\/td><\/tr><tr><td>&nbsp;G\u00f6r\u00fcn\u00fcm Alan\u0131<\/td><td>Dikey: 26\u00b0, Yatay: 40\u00b0<\/td><\/tr><tr><td>&nbsp;Tarama Mesafeleri<\/td><td>8,5 cm ~ 50 cm<\/td><\/tr><tr><td>&nbsp;\u00c7\u00f6z\u00fcn\u00fcrl\u00fck&nbsp;(Minimum)<\/td><td>1D<\/td><td>0,0762 mm (3 mil)<\/td><\/tr><tr><td>PDF<\/td><td>0,0127 mm (5 mil)<\/td><\/tr><tr><td>Datamatrix<\/td><td>0,195 mm (7,5 mil)<\/td><\/tr><tr><td>&nbsp;Yazd\u0131rma Kar\u015f\u0131tl\u0131\u011f\u0131<\/td><td>%25<\/td><\/tr><tr><td>&nbsp;Barkod Do\u011frulama<\/td><td>Green Spot (Barkod \u00dczerine Ye\u015fil I\u015f\u0131k D\u00fc\u015f\u00fcrme) Do\u011frulama<\/td><\/tr><tr><td><strong>&nbsp;\u00c7\u00f6z\u00fcmleme Yetene\u011fi<\/strong><\/td><\/tr><tr><td>&nbsp;1D \/ Linear Kodlar<\/td><td>GS1\/Databar Dahil Standart 1D Linear Kodlar<\/td><\/tr><tr><td>&nbsp;2D Kodlar<\/td><td>Aztec Code, Data Matrix, MaxiCode, QR Code, UPU FICS, USPS Intelligent Mail<\/td><\/tr><tr><td>&nbsp;Postal Kodlar<\/td><td>Australian Post, Japan Post, KIX Code, Planet,Postnet, Royal Mail Code (RM4SCC)<\/td><\/tr><tr><td>&nbsp;Stacked Kodlar<\/td><td>Micro-PDF417, PDF417, GS1 DataBar Composites, GS1 DataBar Expanded Stacked, GS1 DataBar Stacked, GS1 DataBar Stacked Omnidirectional<\/td><\/tr><tr><td><strong>&nbsp;Kamera<\/strong><\/td><\/tr><tr><td>&nbsp;Kamera<\/td><td>\u00c7\u00f6z\u00fcn\u00fcrl\u00fck<\/td><td>5 Megapiksel<\/td><\/tr><tr><td>Ayd\u0131nlatma<\/td><td>Kullan\u0131c\u0131 Kontroll\u00fc LED Fla\u015f<\/td><\/tr><tr><td>Lens<\/td><td>Otomatik Odaklanmal\u0131<\/td><\/tr><tr><td>&nbsp;<strong>\u0130leti\u015fim<\/strong><\/td><\/tr><tr><td>&nbsp;USB<\/td><td>Micro USB (High Speed 2.0 Host &amp; Client)<\/td><\/tr><tr><td>&nbsp;Ethernet<\/td><td>Tekli Be\u015fik (Single Dock) Max. 1 Gbps veri transferi<\/td><\/tr><tr><td>&nbsp;WLAN<\/td><td>Desteklenen Modlar<\/td><td>802.11 a\/b\/g\/n (MIMO Destekli)<\/td><\/tr><tr><td>Sertifika<\/td><td>Cisco CCX V4<\/td><\/tr><tr><td>Frekans<\/td><td>2.4 Ghz veya 5.2 Ghz<\/td><\/tr><tr><td>&nbsp;PAN<\/td><td>Bluetooth 4.0 (IEEE 802.15)<\/td><\/tr><tr><td>&nbsp;WWAN<\/td><td>Desteklenen Teknolojiler<\/td><td>3G\/4G (HSPA+)<\/td><\/tr><tr><td>Desteklenen Frekanslar<\/td><td>850, 900, 1800, 1900, 2100 MHz<\/td><\/tr><tr><td>Veri Deste\u011fi<\/td><td>Var<\/td><\/tr><tr><td>Ses Deste\u011fi<\/td><td>Var<\/td><\/tr><tr><td>SIM Kart Yuvas\u0131<\/td><td>PTCRB ve AT&amp;T Onayl\u0131 (Kullan\u0131c\u0131 Taraf\u0131ndan Eri\u015filebilir)<\/td><\/tr><tr><td>&nbsp;GPS<\/td><td>Desteklenen Teknolojiler<\/td><td>U-BLOX \u00f6zellikli Assisted GPS (A-GPS)<\/td><\/tr><tr><td>Desteklenen Tipler<\/td><td>GPS, GLONASS ve Beidou<\/td><\/tr><tr><td>\u0130lk Ayarlama S\u00fcreleri<\/td><td>Cold Starts: 26s<\/td><\/tr><tr><td>Aided Starts: 2s<\/td><\/tr><tr><td>Reacquisition: 1,5s<\/td><\/tr><tr><td>&nbsp;NFC<\/td><td>Desteklenen TAG lar: ISO14443-4 (Type-A, type-B), ISO15693, Mifare, Felica<\/td><\/tr><tr><td><strong>&nbsp;G\u00fc\u00e7&nbsp;Kayna\u011f\u0131<\/strong><\/td><\/tr><tr><td>&nbsp;Ana pil<\/td><td>Standart<\/td><td>3,8V 3200 mAh \u015earj Edilebilir Li-Ion pil<\/td><\/tr><tr><td>Opsiyonel<\/td><td>3,8V 6400 mAh \u015earj Edilebilir Li-Ion pil<\/td><\/tr><tr><td>&nbsp;\u00c7al\u0131\u015fma s\u00fcresi<\/td><td>Standart<\/td><td>Max. 10 Saat<\/td><\/tr><tr><td>Opsiyonel<\/td><td>Max. 20 Saat<\/td><\/tr><tr><td>&nbsp;<strong>Fiziksel<\/strong><\/td><\/tr><tr><td>&nbsp;A\u011f\u0131rl\u0131k<\/td><td>Standart Pil ile<\/td><td>350 Gram<\/td><\/tr><tr><td>Extended Pil ile<\/td><td>400 Gram<\/td><\/tr><tr><td>&nbsp;Ebatlar<\/td><td>Geni\u015flik<\/td><td>80 mm<\/td><\/tr><tr><td>Y\u00fckseklik<\/td><td>157 mm<\/td><\/tr><tr><td>Kal\u0131nl\u0131k<\/td><td>27 mm<\/td><\/tr><tr><td>&nbsp;<strong>\u00c7evresel<\/strong><\/td><\/tr><tr><td>&nbsp;\u00c7al\u0131\u015fma S\u0131cakl\u0131\u011f\u0131<\/td><td>-20\u00b0C ~ 50\u00b0C<\/td><\/tr><tr><td>&nbsp;Saklama S\u0131cakl\u0131\u011f\u0131<\/td><td>-30\u00b0C ~ 70\u00b0C<\/td><\/tr><tr><td>&nbsp;D\u00fc\u015fme Dayan\u0131kl\u0131l\u0131\u011f\u0131<\/td><td>1,8 metre<\/td><\/tr><tr><td>&nbsp;IP Standard\u0131<\/td><td>IP67<\/td><\/tr><tr><td><strong>&nbsp;G\u00fcvenlik ve D\u00fczenleyiciler<\/strong><\/td><\/tr><tr><td>&nbsp;Kurum Onaylar\u0131<\/td><td>\u00dcr\u00fcn kullan\u0131m i\u00e7in gerekli g\u00fcvenlik ve d\u00fczenleyicilere uygundur. Kullan\u0131m k\u0131lavuzunda t\u00fcm g\u00fcvenlik ve d\u00fczenleyiciler listelenmi\u015ftir.<\/td><\/tr><tr><td>&nbsp;\u00c7evre Uyumu<\/td><td>Avrupa RoHS uyumlu<\/td><\/tr><tr><td>&nbsp;Lazer S\u0131n\u0131fland\u0131rmas\u0131<\/td><td>Hedefleme Sistemi<\/td><td>EN\/IEC 60825-1:2007 (Class 2); 21 CFR 1040 (CDRH) (Class 2)<\/td><\/tr><tr><td>Ayd\u0131nlatma Sistemi<\/td><td>IEC 62471<\/td><\/tr><tr><td>&nbsp;<strong>Yaz\u0131l\u0131msal<\/strong><\/td><\/tr><tr><td>&nbsp;Uygulamalar<\/td><td>Datalogic &#8216;SoftSpot&#8217;: Yaz\u0131l\u0131mal Barkod Okuyucu Tetikleme Uygulamas\u0131<\/td><\/tr><tr><td>\u00d6n Lisansl\u0131 Cihaz ve Barkod Okuyucu Kilitleme Uygulamas\u0131 (Geli\u015ftirici: 42Gears)<\/td><\/tr><tr><td>Enterprise class PTT offered by Zello<\/td><\/tr><tr><td>&nbsp;Yap\u0131land\u0131rma ve Bak\u0131m<\/td><td>Datalogic DXU (Bilgisayardan cihaz yap\u0131land\u0131rma ve Firmware g\u00fcncelleme i\u00e7in)<\/td><\/tr><tr><td>NFC Tap to Configure<\/td><\/tr><tr><td>NFC Tap to Pair (for other Bluetooth\u00ae devices)<\/td><\/tr><tr><td>&nbsp;Yaz\u0131l\u0131m Geli\u015ftirme<\/td><td>Datalogic Android SDK\u2122<\/td><\/tr><tr><td>&nbsp;<strong>Aksesuarlar<\/strong><\/td><\/tr><tr><td>&nbsp;Aksesuarlar<\/td><td>Tekli \u015farj \/ ileti\u015fim \u00fcnitesi-USB Ba\u011flant\u0131l\u0131 (Harici pil \u015farj \u00fcnitesi dahil)<\/td><\/tr><tr><td>Tekli \u015farj \/ ileti\u015fim \u00fcnitesi-Ethernet Ba\u011flant\u0131l\u0131 (Harici pil \u015farj \u00fcnitesi dahil)<\/td><\/tr><tr><td>4 L\u00fc pil \u015farj \u00fcntesi<\/td><\/tr><tr><td>Ta\u015f\u0131ma kemeri<\/td><\/tr><tr><td>6400 mAh pil<\/td><\/tr><tr><td>Kablosuz (Bluetooth) Mikrofon ve Kulakl\u0131k<\/td><\/tr><tr><td>Plastik Koruyucu<\/td><\/tr><\/tbody><\/table>\n","protected":false},"excerpt":{"rendered":"<p>\u25cf Android 4.4\u00a0(Kit Kat) i\u015fletim sistemi\u25cf TI OMAP 4430 1 Ghz\u00a0Mikro \u0130\u015flemci\u25cf 1 GB Mobile DDR RAM, 8 GB eMMC ROM\u25cf 5 \u0130n\u00e7 (1280X720 piksel) renkli dokunmatik ekran\u25cf\u00a0WLAN,Bluetooth, GPRS\/GSM, GPS\u00a0ve\u00a0RFID\/NFC\u00a0Se\u00e7enekleri\u25cf 2D Imager Karekod Okuyucu\u25cf IP67 standard\u0131nda\u25cf 5 Megapiksel Otomatik Odaklanmal\u0131 Kamera &nbsp;Model GPRS (3G\/4G) &nbsp;944600001 &nbsp;Yok &nbsp;944600003 &nbsp;Var (WW \/ No US) &nbsp;944600005 &nbsp;Var (US) [&hellip;]<\/p>\n","protected":false},"author":1,"featured_media":0,"parent":508,"menu_order":0,"comment_status":"closed","ping_status":"closed","template":"","meta":[],"yoast_head":"<!-- This site is optimized with the Yoast SEO plugin v15.7 - https:\/\/yoast.com\/wordpress\/plugins\/seo\/ -->\n<title>Datalogic DL-Axist Android El Terminali - Crea Barkod<\/title>\n<meta name=\"robots\" content=\"index, follow, max-snippet:-1, max-image-preview:large, max-video-preview:-1\" \/>\n<link rel=\"canonical\" href=\"http:\/\/www.creabarkod.com\/?page_id=598\" \/>\n<meta property=\"og:locale\" content=\"tr_TR\" \/>\n<meta property=\"og:type\" content=\"article\" \/>\n<meta property=\"og:title\" content=\"Datalogic DL-Axist Android El Terminali - Crea Barkod\" \/>\n<meta property=\"og:description\" content=\"\u25cf Android 4.4\u00a0(Kit Kat) i\u015fletim sistemi\u25cf TI OMAP 4430 1 Ghz\u00a0Mikro \u0130\u015flemci\u25cf 1 GB Mobile DDR RAM, 8 GB eMMC ROM\u25cf 5 \u0130n\u00e7 (1280X720 piksel) renkli dokunmatik ekran\u25cf\u00a0WLAN,Bluetooth, GPRS\/GSM, GPS\u00a0ve\u00a0RFID\/NFC\u00a0Se\u00e7enekleri\u25cf 2D Imager Karekod Okuyucu\u25cf IP67 standard\u0131nda\u25cf 5 Megapiksel Otomatik Odaklanmal\u0131 Kamera &nbsp;Model GPRS (3G\/4G) &nbsp;944600001 &nbsp;Yok &nbsp;944600003 &nbsp;Var (WW \/ No US) &nbsp;944600005 &nbsp;Var (US) [&hellip;]\" \/>\n<meta property=\"og:url\" content=\"http:\/\/www.creabarkod.com\/?page_id=598\" \/>\n<meta property=\"og:site_name\" content=\"Crea Barkod\" \/>\n<meta property=\"article:modified_time\" content=\"2019-06-19T09:41:47+00:00\" \/>\n<meta property=\"og:image\" content=\"http:\/\/www.creabarkod.com\/wp-content\/uploads\/2019\/06\/Datalogic-DL-Axist-Android-El-Terminali-1-1.jpg\" \/>\n<meta name=\"twitter:card\" content=\"summary_large_image\" \/>\n<meta name=\"twitter:label1\" content=\"Tahmini okuma s\u00fcresi\">\n\t<meta name=\"twitter:data1\" content=\"3 dakika\">\n<script type=\"application\/ld+json\" class=\"yoast-schema-graph\">{\"@context\":\"https:\/\/schema.org\",\"@graph\":[{\"@type\":\"WebSite\",\"@id\":\"http:\/\/www.creabarkod.com\/#website\",\"url\":\"http:\/\/www.creabarkod.com\/\",\"name\":\"Crea Barkod\",\"description\":\"\",\"potentialAction\":[{\"@type\":\"SearchAction\",\"target\":\"http:\/\/www.creabarkod.com\/?s={search_term_string}\",\"query-input\":\"required name=search_term_string\"}],\"inLanguage\":\"tr\"},{\"@type\":\"ImageObject\",\"@id\":\"http:\/\/www.creabarkod.com\/?page_id=598#primaryimage\",\"inLanguage\":\"tr\",\"url\":\"http:\/\/www.creabarkod.com\/wp-content\/uploads\/2019\/06\/Datalogic-DL-Axist-Android-El-Terminali-1-1.jpg\",\"width\":500,\"height\":500,\"caption\":\"Datalogic DL-Axist Android El Terminali\"},{\"@type\":\"WebPage\",\"@id\":\"http:\/\/www.creabarkod.com\/?page_id=598#webpage\",\"url\":\"http:\/\/www.creabarkod.com\/?page_id=598\",\"name\":\"Datalogic DL-Axist Android El Terminali - Crea Barkod\",\"isPartOf\":{\"@id\":\"http:\/\/www.creabarkod.com\/#website\"},\"primaryImageOfPage\":{\"@id\":\"http:\/\/www.creabarkod.com\/?page_id=598#primaryimage\"},\"datePublished\":\"2019-06-19T09:06:00+00:00\",\"dateModified\":\"2019-06-19T09:41:47+00:00\",\"inLanguage\":\"tr\",\"potentialAction\":[{\"@type\":\"ReadAction\",\"target\":[\"http:\/\/www.creabarkod.com\/?page_id=598\"]}]}]}<\/script>\n<!-- \/ Yoast SEO plugin. -->","_links":{"self":[{"href":"http:\/\/www.creabarkod.com\/index.php?rest_route=\/wp\/v2\/pages\/598"}],"collection":[{"href":"http:\/\/www.creabarkod.com\/index.php?rest_route=\/wp\/v2\/pages"}],"about":[{"href":"http:\/\/www.creabarkod.com\/index.php?rest_route=\/wp\/v2\/types\/page"}],"author":[{"embeddable":true,"href":"http:\/\/www.creabarkod.com\/index.php?rest_route=\/wp\/v2\/users\/1"}],"replies":[{"embeddable":true,"href":"http:\/\/www.creabarkod.com\/index.php?rest_route=%2Fwp%2Fv2%2Fcomments&post=598"}],"version-history":[{"count":5,"href":"http:\/\/www.creabarkod.com\/index.php?rest_route=\/wp\/v2\/pages\/598\/revisions"}],"predecessor-version":[{"id":633,"href":"http:\/\/www.creabarkod.com\/index.php?rest_route=\/wp\/v2\/pages\/598\/revisions\/633"}],"up":[{"embeddable":true,"href":"http:\/\/www.creabarkod.com\/index.php?rest_route=\/wp\/v2\/pages\/508"}],"wp:attachment":[{"href":"http:\/\/www.creabarkod.com\/index.php?rest_route=%2Fwp%2Fv2%2Fmedia&parent=598"}],"curies":[{"name":"wp","href":"https:\/\/api.w.org\/{rel}","templated":true}]}}