{"id":596,"date":"2019-06-19T09:05:20","date_gmt":"2019-06-19T09:05:20","guid":{"rendered":"http:\/\/www.creabarkod.com\/?page_id=596"},"modified":"2019-06-19T09:38:58","modified_gmt":"2019-06-19T09:38:58","slug":"bitatek-frey-master-android-el-terminali","status":"publish","type":"page","link":"http:\/\/www.creabarkod.com\/?page_id=596","title":{"rendered":"Bitatek Frey Master Android El Terminali"},"content":{"rendered":"\n<figure class=\"wp-block-image is-resized\"><a href=\"http:\/\/www.creabarkod.com\/wp-content\/uploads\/2019\/06\/Bitatek-Frey-Master-Android-El-Terminali-1.jpg\"><img loading=\"lazy\" src=\"http:\/\/www.creabarkod.com\/wp-content\/uploads\/2019\/06\/Bitatek-Frey-Master-Android-El-Terminali-1.jpg\" alt=\"Bitatek Frey Master Android El Terminali\" class=\"wp-image-625\" width=\"250\" height=\"250\" srcset=\"http:\/\/www.creabarkod.com\/wp-content\/uploads\/2019\/06\/Bitatek-Frey-Master-Android-El-Terminali-1.jpg 500w, http:\/\/www.creabarkod.com\/wp-content\/uploads\/2019\/06\/Bitatek-Frey-Master-Android-El-Terminali-1-150x150.jpg 150w, http:\/\/www.creabarkod.com\/wp-content\/uploads\/2019\/06\/Bitatek-Frey-Master-Android-El-Terminali-1-300x300.jpg 300w\" sizes=\"(max-width: 250px) 100vw, 250px\" \/><\/a><\/figure>\n\n\n\n<p>\u25cf Android 6.0 (Marshmallow) \u0130\u015fletim Sistemi<br>\u25cf Sekiz \u00c7ekirdekli 1.5 GHZ Mikro \u0130\u015flemci<br>\u25cf 2 GB Mobile DDR RAM, 16 GB eMMC ROM<br>\u25cf 4,3 \u0130n\u00e7 Renkli Dokunmatik Ekran<br>\u25cf WLAN, Bluetooth, GPRS\/GSM ve GPS Se\u00e7enekleri<br>\u25cf Karekod Okuyuculu<br><strong>\u25cf Fiziksel Tu\u015f Tak\u0131m\u0131<\/strong><br>\u25cf IP65 Koruma Standard\u0131 <\/p>\n\n\n\n<table class=\"wp-block-table\"><tbody><tr><td><strong>&nbsp;Sistem<\/strong><\/td><\/tr><tr><td>&nbsp;\u0130\u015flemci<\/td><td>Qualcomm\u00ae Snapdragon\u2122 617-A53 8 \u00c7ekirdek 1,5 Ghz ve 4 \u00c7ekirdek 1.2 Mhz Mikro \u0130\u015flemci<\/td><\/tr><tr><td>&nbsp;Bellek<\/td><td>2 GB DDR RAM, 16 GB Flash ROM<\/td><\/tr><tr><td>&nbsp;\u0130\u015fletim Sistemi<\/td><td>Android 6.0 (Marshmallow)<\/td><\/tr><tr><td>&nbsp;Kamera<\/td><td>8 Megapiksel CMOS Arka Kamera (Otomatik Odaklanmal\u0131)<\/td><\/tr><tr><td><strong>&nbsp;Ekran<\/strong><\/td><\/tr><tr><td>&nbsp;Ekran Tipi<\/td><td>TFT WGA Tam Dokunmatik Ekran<\/td><\/tr><tr><td>&nbsp;Boyut<\/td><td>4,3&#8243; (\u0130n\u00e7)<\/td><\/tr><tr><td>&nbsp;\u00c7\u00f6z\u00fcn\u00fcrl\u00fck<\/td><td>&#8211;<\/td><\/tr><tr><td>&nbsp;\u00d6zellilkler<\/td><td>Gorilla Glass Caml\u0131, Kapasitif, G\u00fcne\u015f I\u015f\u0131\u011f\u0131 Alt\u0131nda Okunabilir Ekranl\u0131, 5 Nokta Dokunmatik, Kuru Parmak, Islak Parmak veya Kalem ile Kullanabilme \u0130mkan\u0131<\/td><\/tr><tr><td><strong>&nbsp;Barkod Okuyucu<\/strong><\/td><\/tr><tr><td>&nbsp;Optik Sistem<\/td><td>Zebra SE4750 2D Barkod Okuyucu<\/td><\/tr><tr><td>&nbsp;Desteklenen Barkod Tipleri<\/td><td>1D (\u00c7izgikod) ve 2D (Karekod)<\/td><\/tr><tr><td>&nbsp;<strong>\u0130leti\u015fim<\/strong><\/td><\/tr><tr><td>&nbsp;USB<\/td><td>Micro USB (H\u0131zl\u0131 \u015earj Destekli)<\/td><\/tr><tr><td>&nbsp;WLAN<\/td><td>802.11 a\/b\/g\/n\/ac (2.4Ghz ve 5 Ghz)<\/td><\/tr><tr><td>&nbsp;PAN<\/td><td>Bluetooth 4.1 LE<\/td><\/tr><tr><td>&nbsp;WWAN<\/td><td>FDD LTE: B1\/B3\/B5\/B7\/B8\/B20<\/td><\/tr><tr><td>TDD LTE: B38\/B40\/B41<\/td><\/tr><tr><td>WCDMA: B1\/B5\/B8<\/td><\/tr><tr><td>GMS: 900\/1800<\/td><\/tr><tr><td>&nbsp;GPS<\/td><td>GPS\/GLONASS<\/td><\/tr><tr><td>&nbsp;NFC<\/td><td>ISO14443-4 (Type A, Type B), ISO15693, Mifare, Felica (ISO\/IEC18092)<\/td><\/tr><tr><td><strong>&nbsp;G\u00fc\u00e7&nbsp;Kayna\u011f\u0131<\/strong><\/td><\/tr><tr><td>&nbsp;Ana pil<\/td><td>Standart: 3,7V 2300 mAh Li-Ion Pil<\/td><\/tr><tr><td>Opsiyonel: 3,7V 3450 mAh Li-Ion Pil<\/td><\/tr><tr><td>&nbsp;Pil \u00d6mr\u00fc<\/td><td>Bekleme: &#8211;<\/td><\/tr><tr><td>Konu\u015fma: &#8211;<\/td><\/tr><tr><td>&nbsp;<strong>Fiziksel<\/strong><\/td><\/tr><tr><td>&nbsp;Ebatlar<\/td><td>Geni\u015flik<\/td><td>71,8 mm<\/td><\/tr><tr><td>Y\u00fckseklik<\/td><td>175 mm<\/td><\/tr><tr><td>Kal\u0131nl\u0131k<\/td><td>19,5 mm<\/td><\/tr><tr><td>&nbsp;A\u011f\u0131rl\u0131k<\/td><td>Max. 300 Gram<\/td><\/tr><tr><td>&nbsp;<strong>\u00c7evresel<\/strong><\/td><\/tr><tr><td>&nbsp;\u00c7al\u0131\u015fma S\u0131cakl\u0131\u011f\u0131<\/td><td>-20\u00b0C ~ 60\u00b0C<\/td><\/tr><tr><td>&nbsp;Saklama S\u0131cakl\u0131\u011f\u0131<\/td><td>-30\u00b0C ~ 70\u00b0C<\/td><\/tr><tr><td>&nbsp;Ortam Nem Oran\u0131<\/td><td>%10 ~%90 (Yo\u011fu\u015fmas\u0131z)<\/td><\/tr><tr><td>&nbsp;D\u00fc\u015fme Dayan\u0131kl\u0131l\u0131\u011f\u0131<\/td><td>1,5 metre (MIL-STD 810G)<\/td><\/tr><tr><td>&nbsp;Koruma Standard\u0131<\/td><td>IP65<\/td><\/tr><tr><td><strong>&nbsp;Sertifikalar<\/strong><\/td><\/tr><tr><td>&nbsp;Terminal<\/td><td>CE, NCC, BSMI, VCCI, TELEC,IEC62133 (Pil), UN38.3, RoHS, BQB ve Wifi Logo Uyumlu<\/td><\/tr><tr><td>&nbsp;<strong>Aksesuarlar<\/strong><\/td><\/tr><tr><td>Aksesuarlar<\/td><td>Opsiyonel Pil<\/td><\/tr><tr><td>Opsiyonel Pil Kapa\u011f\u0131<\/td><\/tr><tr><td>Tekli \u0130leti\u015fim\/\u015earj \u00dcnitesi-USB<\/td><\/tr><tr><td>Tekli \u0130leti\u015fim\/\u015earj Elektrik Adapt\u00f6r\u00fc<\/td><\/tr><tr><td>Tekli \u0130leti\u015fim\/\u015earj \u00dcnitesi-Ethernetli<\/td><\/tr><tr><td>Koruma K\u0131l\u0131f\u0131<\/td><\/tr><tr><td>Ekran Kalemi<\/td><\/tr><\/tbody><\/table>\n","protected":false},"excerpt":{"rendered":"<p>\u25cf Android 6.0 (Marshmallow) \u0130\u015fletim Sistemi\u25cf Sekiz \u00c7ekirdekli 1.5 GHZ Mikro \u0130\u015flemci\u25cf 2 GB Mobile DDR RAM, 16 GB eMMC ROM\u25cf 4,3 \u0130n\u00e7 Renkli Dokunmatik Ekran\u25cf WLAN, Bluetooth, GPRS\/GSM ve GPS Se\u00e7enekleri\u25cf Karekod Okuyuculu\u25cf Fiziksel Tu\u015f Tak\u0131m\u0131\u25cf IP65 Koruma Standard\u0131 &nbsp;Sistem &nbsp;\u0130\u015flemci Qualcomm\u00ae Snapdragon\u2122 617-A53 8 \u00c7ekirdek 1,5 Ghz ve 4 \u00c7ekirdek 1.2 Mhz Mikro [&hellip;]<\/p>\n","protected":false},"author":1,"featured_media":0,"parent":508,"menu_order":0,"comment_status":"closed","ping_status":"closed","template":"","meta":[],"yoast_head":"<!-- This site is optimized with the Yoast SEO plugin v15.7 - https:\/\/yoast.com\/wordpress\/plugins\/seo\/ -->\n<title>Bitatek Frey Master Android El Terminali - Crea Barkod<\/title>\n<meta name=\"robots\" content=\"index, follow, max-snippet:-1, max-image-preview:large, max-video-preview:-1\" \/>\n<link rel=\"canonical\" href=\"http:\/\/www.creabarkod.com\/?page_id=596\" \/>\n<meta property=\"og:locale\" content=\"tr_TR\" \/>\n<meta property=\"og:type\" content=\"article\" \/>\n<meta property=\"og:title\" content=\"Bitatek Frey Master Android El Terminali - Crea Barkod\" \/>\n<meta property=\"og:description\" content=\"\u25cf Android 6.0 (Marshmallow) \u0130\u015fletim Sistemi\u25cf Sekiz \u00c7ekirdekli 1.5 GHZ Mikro \u0130\u015flemci\u25cf 2 GB Mobile DDR RAM, 16 GB eMMC ROM\u25cf 4,3 \u0130n\u00e7 Renkli Dokunmatik Ekran\u25cf WLAN, Bluetooth, GPRS\/GSM ve GPS Se\u00e7enekleri\u25cf Karekod Okuyuculu\u25cf Fiziksel Tu\u015f Tak\u0131m\u0131\u25cf IP65 Koruma Standard\u0131 &nbsp;Sistem &nbsp;\u0130\u015flemci Qualcomm\u00ae Snapdragon\u2122 617-A53 8 \u00c7ekirdek 1,5 Ghz ve 4 \u00c7ekirdek 1.2 Mhz Mikro [&hellip;]\" \/>\n<meta property=\"og:url\" content=\"http:\/\/www.creabarkod.com\/?page_id=596\" \/>\n<meta property=\"og:site_name\" content=\"Crea Barkod\" \/>\n<meta property=\"article:modified_time\" content=\"2019-06-19T09:38:58+00:00\" \/>\n<meta property=\"og:image\" content=\"http:\/\/www.creabarkod.com\/wp-content\/uploads\/2019\/06\/Bitatek-Frey-Master-Android-El-Terminali-1.jpg\" \/>\n<meta name=\"twitter:card\" content=\"summary_large_image\" \/>\n<meta name=\"twitter:label1\" content=\"Tahmini okuma s\u00fcresi\">\n\t<meta name=\"twitter:data1\" content=\"2 dakika\">\n<script type=\"application\/ld+json\" class=\"yoast-schema-graph\">{\"@context\":\"https:\/\/schema.org\",\"@graph\":[{\"@type\":\"WebSite\",\"@id\":\"http:\/\/www.creabarkod.com\/#website\",\"url\":\"http:\/\/www.creabarkod.com\/\",\"name\":\"Crea Barkod\",\"description\":\"\",\"potentialAction\":[{\"@type\":\"SearchAction\",\"target\":\"http:\/\/www.creabarkod.com\/?s={search_term_string}\",\"query-input\":\"required name=search_term_string\"}],\"inLanguage\":\"tr\"},{\"@type\":\"ImageObject\",\"@id\":\"http:\/\/www.creabarkod.com\/?page_id=596#primaryimage\",\"inLanguage\":\"tr\",\"url\":\"http:\/\/www.creabarkod.com\/wp-content\/uploads\/2019\/06\/Bitatek-Frey-Master-Android-El-Terminali-1.jpg\",\"width\":500,\"height\":500,\"caption\":\"Bitatek Frey Master Android El Terminali\"},{\"@type\":\"WebPage\",\"@id\":\"http:\/\/www.creabarkod.com\/?page_id=596#webpage\",\"url\":\"http:\/\/www.creabarkod.com\/?page_id=596\",\"name\":\"Bitatek Frey Master Android El Terminali - Crea Barkod\",\"isPartOf\":{\"@id\":\"http:\/\/www.creabarkod.com\/#website\"},\"primaryImageOfPage\":{\"@id\":\"http:\/\/www.creabarkod.com\/?page_id=596#primaryimage\"},\"datePublished\":\"2019-06-19T09:05:20+00:00\",\"dateModified\":\"2019-06-19T09:38:58+00:00\",\"inLanguage\":\"tr\",\"potentialAction\":[{\"@type\":\"ReadAction\",\"target\":[\"http:\/\/www.creabarkod.com\/?page_id=596\"]}]}]}<\/script>\n<!-- \/ Yoast SEO plugin. -->","_links":{"self":[{"href":"http:\/\/www.creabarkod.com\/index.php?rest_route=\/wp\/v2\/pages\/596"}],"collection":[{"href":"http:\/\/www.creabarkod.com\/index.php?rest_route=\/wp\/v2\/pages"}],"about":[{"href":"http:\/\/www.creabarkod.com\/index.php?rest_route=\/wp\/v2\/types\/page"}],"author":[{"embeddable":true,"href":"http:\/\/www.creabarkod.com\/index.php?rest_route=\/wp\/v2\/users\/1"}],"replies":[{"embeddable":true,"href":"http:\/\/www.creabarkod.com\/index.php?rest_route=%2Fwp%2Fv2%2Fcomments&post=596"}],"version-history":[{"count":2,"href":"http:\/\/www.creabarkod.com\/index.php?rest_route=\/wp\/v2\/pages\/596\/revisions"}],"predecessor-version":[{"id":626,"href":"http:\/\/www.creabarkod.com\/index.php?rest_route=\/wp\/v2\/pages\/596\/revisions\/626"}],"up":[{"embeddable":true,"href":"http:\/\/www.creabarkod.com\/index.php?rest_route=\/wp\/v2\/pages\/508"}],"wp:attachment":[{"href":"http:\/\/www.creabarkod.com\/index.php?rest_route=%2Fwp%2Fv2%2Fmedia&parent=596"}],"curies":[{"name":"wp","href":"https:\/\/api.w.org\/{rel}","templated":true}]}}