{"id":570,"date":"2019-06-18T12:51:26","date_gmt":"2019-06-18T12:51:26","guid":{"rendered":"http:\/\/www.creabarkod.com\/?page_id=570"},"modified":"2019-06-18T12:59:28","modified_gmt":"2019-06-18T12:59:28","slug":"datalogic-skorpiox3-windows-mobile-el-terminali","status":"publish","type":"page","link":"http:\/\/www.creabarkod.com\/?page_id=570","title":{"rendered":"Datalogic SkorpioX3 Windows Mobile El Terminali"},"content":{"rendered":"\n<ul class=\"wp-block-gallery columns-5 is-cropped\"><li class=\"blocks-gallery-item\"><figure><a href=\"http:\/\/www.creabarkod.com\/wp-content\/uploads\/2019\/06\/Datalogic-SkorpioX3-Windows-Mobile-El-Terminali-1.jpg\"><img loading=\"lazy\" width=\"500\" height=\"500\" src=\"http:\/\/www.creabarkod.com\/wp-content\/uploads\/2019\/06\/Datalogic-SkorpioX3-Windows-Mobile-El-Terminali-1.jpg\" alt=\"Datalogic SkorpioX3 Windows Mobile El Terminali\" data-id=\"573\" data-link=\"http:\/\/www.creabarkod.com\/?attachment_id=573\" class=\"wp-image-573\" srcset=\"http:\/\/www.creabarkod.com\/wp-content\/uploads\/2019\/06\/Datalogic-SkorpioX3-Windows-Mobile-El-Terminali-1.jpg 500w, http:\/\/www.creabarkod.com\/wp-content\/uploads\/2019\/06\/Datalogic-SkorpioX3-Windows-Mobile-El-Terminali-1-150x150.jpg 150w, http:\/\/www.creabarkod.com\/wp-content\/uploads\/2019\/06\/Datalogic-SkorpioX3-Windows-Mobile-El-Terminali-1-300x300.jpg 300w\" sizes=\"(max-width: 500px) 100vw, 500px\" \/><\/a><\/figure><\/li><li class=\"blocks-gallery-item\"><figure><a href=\"http:\/\/www.creabarkod.com\/wp-content\/uploads\/2019\/06\/Datalogic-SkorpioX3-Windows-Mobile-El-Terminali-2.jpg\"><img loading=\"lazy\" width=\"500\" height=\"500\" src=\"http:\/\/www.creabarkod.com\/wp-content\/uploads\/2019\/06\/Datalogic-SkorpioX3-Windows-Mobile-El-Terminali-2.jpg\" alt=\"Datalogic SkorpioX3 Windows Mobile El Terminali\" data-id=\"574\" data-link=\"http:\/\/www.creabarkod.com\/?attachment_id=574\" class=\"wp-image-574\" srcset=\"http:\/\/www.creabarkod.com\/wp-content\/uploads\/2019\/06\/Datalogic-SkorpioX3-Windows-Mobile-El-Terminali-2.jpg 500w, http:\/\/www.creabarkod.com\/wp-content\/uploads\/2019\/06\/Datalogic-SkorpioX3-Windows-Mobile-El-Terminali-2-150x150.jpg 150w, http:\/\/www.creabarkod.com\/wp-content\/uploads\/2019\/06\/Datalogic-SkorpioX3-Windows-Mobile-El-Terminali-2-300x300.jpg 300w\" sizes=\"(max-width: 500px) 100vw, 500px\" \/><\/a><\/figure><\/li><li class=\"blocks-gallery-item\"><figure><a href=\"http:\/\/www.creabarkod.com\/wp-content\/uploads\/2019\/06\/Datalogic-SkorpioX3-Windows-Mobile-El-Terminali-3.jpg\"><img loading=\"lazy\" width=\"500\" height=\"500\" src=\"http:\/\/www.creabarkod.com\/wp-content\/uploads\/2019\/06\/Datalogic-SkorpioX3-Windows-Mobile-El-Terminali-3.jpg\" alt=\"Datalogic SkorpioX3 Windows Mobile El Terminali\" data-id=\"575\" data-link=\"http:\/\/www.creabarkod.com\/?attachment_id=575\" class=\"wp-image-575\" srcset=\"http:\/\/www.creabarkod.com\/wp-content\/uploads\/2019\/06\/Datalogic-SkorpioX3-Windows-Mobile-El-Terminali-3.jpg 500w, http:\/\/www.creabarkod.com\/wp-content\/uploads\/2019\/06\/Datalogic-SkorpioX3-Windows-Mobile-El-Terminali-3-150x150.jpg 150w, http:\/\/www.creabarkod.com\/wp-content\/uploads\/2019\/06\/Datalogic-SkorpioX3-Windows-Mobile-El-Terminali-3-300x300.jpg 300w\" sizes=\"(max-width: 500px) 100vw, 500px\" \/><\/a><\/figure><\/li><li class=\"blocks-gallery-item\"><figure><a href=\"http:\/\/www.creabarkod.com\/wp-content\/uploads\/2019\/06\/Datalogic-SkorpioX3-Windows-Mobile-El-Terminali-4.jpg\"><img loading=\"lazy\" width=\"500\" height=\"500\" src=\"http:\/\/www.creabarkod.com\/wp-content\/uploads\/2019\/06\/Datalogic-SkorpioX3-Windows-Mobile-El-Terminali-4.jpg\" alt=\"Datalogic SkorpioX3 Windows Mobile El Terminali\" data-id=\"576\" data-link=\"http:\/\/www.creabarkod.com\/?attachment_id=576\" class=\"wp-image-576\" srcset=\"http:\/\/www.creabarkod.com\/wp-content\/uploads\/2019\/06\/Datalogic-SkorpioX3-Windows-Mobile-El-Terminali-4.jpg 500w, http:\/\/www.creabarkod.com\/wp-content\/uploads\/2019\/06\/Datalogic-SkorpioX3-Windows-Mobile-El-Terminali-4-150x150.jpg 150w, http:\/\/www.creabarkod.com\/wp-content\/uploads\/2019\/06\/Datalogic-SkorpioX3-Windows-Mobile-El-Terminali-4-300x300.jpg 300w\" sizes=\"(max-width: 500px) 100vw, 500px\" \/><\/a><\/figure><\/li><li class=\"blocks-gallery-item\"><figure><a href=\"http:\/\/www.creabarkod.com\/wp-content\/uploads\/2019\/06\/Datalogic-SkorpioX3-Windows-Mobile-El-Terminali-5.jpg\"><img loading=\"lazy\" width=\"500\" height=\"500\" src=\"http:\/\/www.creabarkod.com\/wp-content\/uploads\/2019\/06\/Datalogic-SkorpioX3-Windows-Mobile-El-Terminali-5.jpg\" alt=\"Datalogic SkorpioX3 Windows Mobile El Terminali\" data-id=\"577\" data-link=\"http:\/\/www.creabarkod.com\/?attachment_id=577\" class=\"wp-image-577\" srcset=\"http:\/\/www.creabarkod.com\/wp-content\/uploads\/2019\/06\/Datalogic-SkorpioX3-Windows-Mobile-El-Terminali-5.jpg 500w, http:\/\/www.creabarkod.com\/wp-content\/uploads\/2019\/06\/Datalogic-SkorpioX3-Windows-Mobile-El-Terminali-5-150x150.jpg 150w, http:\/\/www.creabarkod.com\/wp-content\/uploads\/2019\/06\/Datalogic-SkorpioX3-Windows-Mobile-El-Terminali-5-300x300.jpg 300w\" sizes=\"(max-width: 500px) 100vw, 500px\" \/><\/a><\/figure><\/li><li class=\"blocks-gallery-item\"><figure><a href=\"http:\/\/www.creabarkod.com\/wp-content\/uploads\/2019\/06\/Datalogic-SkorpioX3-Windows-Mobile-El-Terminali-6.jpg\"><img loading=\"lazy\" width=\"500\" height=\"500\" src=\"http:\/\/www.creabarkod.com\/wp-content\/uploads\/2019\/06\/Datalogic-SkorpioX3-Windows-Mobile-El-Terminali-6.jpg\" alt=\"Datalogic SkorpioX3 Windows Mobile El Terminali\" data-id=\"578\" data-link=\"http:\/\/www.creabarkod.com\/?attachment_id=578\" class=\"wp-image-578\" srcset=\"http:\/\/www.creabarkod.com\/wp-content\/uploads\/2019\/06\/Datalogic-SkorpioX3-Windows-Mobile-El-Terminali-6.jpg 500w, http:\/\/www.creabarkod.com\/wp-content\/uploads\/2019\/06\/Datalogic-SkorpioX3-Windows-Mobile-El-Terminali-6-150x150.jpg 150w, http:\/\/www.creabarkod.com\/wp-content\/uploads\/2019\/06\/Datalogic-SkorpioX3-Windows-Mobile-El-Terminali-6-300x300.jpg 300w\" sizes=\"(max-width: 500px) 100vw, 500px\" \/><\/a><\/figure><\/li><li class=\"blocks-gallery-item\"><figure><a href=\"http:\/\/www.creabarkod.com\/wp-content\/uploads\/2019\/06\/Datalogic-SkorpioX3-Windows-Mobile-El-Terminali-7.jpg\"><img loading=\"lazy\" width=\"500\" height=\"500\" src=\"http:\/\/www.creabarkod.com\/wp-content\/uploads\/2019\/06\/Datalogic-SkorpioX3-Windows-Mobile-El-Terminali-7.jpg\" alt=\"Datalogic SkorpioX3 Windows Mobile El Terminali\" data-id=\"579\" data-link=\"http:\/\/www.creabarkod.com\/?attachment_id=579\" class=\"wp-image-579\" srcset=\"http:\/\/www.creabarkod.com\/wp-content\/uploads\/2019\/06\/Datalogic-SkorpioX3-Windows-Mobile-El-Terminali-7.jpg 500w, http:\/\/www.creabarkod.com\/wp-content\/uploads\/2019\/06\/Datalogic-SkorpioX3-Windows-Mobile-El-Terminali-7-150x150.jpg 150w, http:\/\/www.creabarkod.com\/wp-content\/uploads\/2019\/06\/Datalogic-SkorpioX3-Windows-Mobile-El-Terminali-7-300x300.jpg 300w\" sizes=\"(max-width: 500px) 100vw, 500px\" \/><\/a><\/figure><\/li><li class=\"blocks-gallery-item\"><figure><a href=\"http:\/\/www.creabarkod.com\/wp-content\/uploads\/2019\/06\/Datalogic-SkorpioX3-Windows-Mobile-El-Terminali-8.jpg\"><img loading=\"lazy\" width=\"500\" height=\"500\" src=\"http:\/\/www.creabarkod.com\/wp-content\/uploads\/2019\/06\/Datalogic-SkorpioX3-Windows-Mobile-El-Terminali-8.jpg\" alt=\"Datalogic SkorpioX3 Windows Mobile El Terminali\" data-id=\"580\" data-link=\"http:\/\/www.creabarkod.com\/?attachment_id=580\" class=\"wp-image-580\" srcset=\"http:\/\/www.creabarkod.com\/wp-content\/uploads\/2019\/06\/Datalogic-SkorpioX3-Windows-Mobile-El-Terminali-8.jpg 500w, http:\/\/www.creabarkod.com\/wp-content\/uploads\/2019\/06\/Datalogic-SkorpioX3-Windows-Mobile-El-Terminali-8-150x150.jpg 150w, http:\/\/www.creabarkod.com\/wp-content\/uploads\/2019\/06\/Datalogic-SkorpioX3-Windows-Mobile-El-Terminali-8-300x300.jpg 300w\" sizes=\"(max-width: 500px) 100vw, 500px\" \/><\/a><\/figure><\/li><li class=\"blocks-gallery-item\"><figure><a href=\"http:\/\/www.creabarkod.com\/wp-content\/uploads\/2019\/06\/Datalogic-SkorpioX3-Windows-Mobile-El-Terminali-9.jpg\"><img loading=\"lazy\" width=\"500\" height=\"500\" src=\"http:\/\/www.creabarkod.com\/wp-content\/uploads\/2019\/06\/Datalogic-SkorpioX3-Windows-Mobile-El-Terminali-9.jpg\" alt=\"Datalogic SkorpioX3 Windows Mobile El Terminali\" data-id=\"581\" data-link=\"http:\/\/www.creabarkod.com\/?attachment_id=581\" class=\"wp-image-581\" srcset=\"http:\/\/www.creabarkod.com\/wp-content\/uploads\/2019\/06\/Datalogic-SkorpioX3-Windows-Mobile-El-Terminali-9.jpg 500w, http:\/\/www.creabarkod.com\/wp-content\/uploads\/2019\/06\/Datalogic-SkorpioX3-Windows-Mobile-El-Terminali-9-150x150.jpg 150w, http:\/\/www.creabarkod.com\/wp-content\/uploads\/2019\/06\/Datalogic-SkorpioX3-Windows-Mobile-El-Terminali-9-300x300.jpg 300w\" sizes=\"(max-width: 500px) 100vw, 500px\" \/><\/a><\/figure><\/li><li class=\"blocks-gallery-item\"><figure><a href=\"http:\/\/www.creabarkod.com\/wp-content\/uploads\/2019\/06\/Datalogic-SkorpioX3-Windows-Mobile-El-Terminali-10-1.jpg\"><img loading=\"lazy\" width=\"500\" height=\"500\" src=\"http:\/\/www.creabarkod.com\/wp-content\/uploads\/2019\/06\/Datalogic-SkorpioX3-Windows-Mobile-El-Terminali-10-1.jpg\" alt=\"Datalogic SkorpioX3 Windows Mobile El Terminali\" data-id=\"582\" data-link=\"http:\/\/www.creabarkod.com\/?attachment_id=582\" class=\"wp-image-582\" srcset=\"http:\/\/www.creabarkod.com\/wp-content\/uploads\/2019\/06\/Datalogic-SkorpioX3-Windows-Mobile-El-Terminali-10-1.jpg 500w, http:\/\/www.creabarkod.com\/wp-content\/uploads\/2019\/06\/Datalogic-SkorpioX3-Windows-Mobile-El-Terminali-10-1-150x150.jpg 150w, http:\/\/www.creabarkod.com\/wp-content\/uploads\/2019\/06\/Datalogic-SkorpioX3-Windows-Mobile-El-Terminali-10-1-300x300.jpg 300w\" sizes=\"(max-width: 500px) 100vw, 500px\" \/><\/a><\/figure><\/li><\/ul>\n\n\n\n<p> \u25cf Windows Mobile 6.5 i\u015fletim sistemi<br>\u25cf Intel\u00ae XScale PXA310, 624 MHz Mikro \u0130\u015flemci<br>\u25cf 256 MB RAM, 512 MB ROM<br>\u25cf 3,2 \u0130n\u00e7 (640X480 piksel) renkli dokunmatik ekran<br>\u25cf\u00a0<strong>WLAN\u00a0<\/strong>ve\u00a0<strong>Bluetooth\u00a0<\/strong>\u0130leti\u015fim<br>\u25cf 1D veya 2D Barkod Okuyucu Se\u00e7enekleri<br>\u25cf IP64 standard\u0131nda<br>\u25cf 28, 38 ve 50 tu\u015f se\u00e7enekleri<br>\u25cf\u00a0<strong>&#8220;Green Spot&#8221;<\/strong>\u00a0Barkod Do\u011frulama \u00f6zelli\u011fi<br><strong>\u25cf \u00dccretsiz Veri Toplama Program\u0131<\/strong><\/p>\n\n\n\n<table class=\"wp-block-table\"><tbody><tr><td>&nbsp;Model<\/td><td>&nbsp;Wifi<\/td><td>Bluetooth<\/td><td>Desteklenen&nbsp;<br>Barkod Tipleri<\/td><td>Barkod Okuyucu Tipi<\/td><td>Tu\u015f Tak\u0131m\u0131<\/td><td>Pistol<\/td><td>Pil Tipi<\/td><\/tr><tr><td>&nbsp;<strong>942350004<\/strong><\/td><td>&nbsp;Var<\/td><td>&nbsp;Var<\/td><td>1D<\/td><td>&nbsp;Lazer<\/td><td>&nbsp;28 Tu\u015flu<\/td><td>Yok<\/td><td>&nbsp;Standart<\/td><\/tr><tr><td>&nbsp;<strong>942350032<\/strong><\/td><td>&nbsp;Var<\/td><td>&nbsp;Var<\/td><td>1D&nbsp;\/ 2D<\/td><td>&nbsp;Multi Purpose Imager<\/td><td>&nbsp;28 Tu\u015flu<\/td><td>Yok<\/td><td>&nbsp;Standart<\/td><\/tr><\/tbody><\/table>\n\n\n\n<table class=\"wp-block-table\"><tbody><tr><td><strong>Sistem<\/strong><\/td><\/tr><tr><td>&nbsp;\u0130\u015flemci<\/td><td>Intel Xscale PXA310 624 Mhz Mikro \u0130\u015flemci<\/td><\/tr><tr><td>&nbsp;Bellek<\/td><td>256 MB RAM, 512 MB ROM<\/td><\/tr><tr><td>&nbsp;\u0130\u015fletim Sistemi<\/td><td>Microsoft Windows Embedded Handheld 6.5<\/td><\/tr><tr><td><strong>&nbsp;Ekran<\/strong><\/td><\/tr><tr><td>&nbsp;\u00d6zellik<\/td><td>Arka ayd\u0131nlatmal\u0131, Renkli, Dokunmatik QVGA TFT Ekran<\/td><\/tr><tr><td>&nbsp;Boyut<\/td><td>3,2&#8243; (\u0130n\u00e7)<\/td><\/tr><tr><td>&nbsp;\u00c7\u00f6z\u00fcn\u00fcrl\u00fck<\/td><td>640X480 Piksel<\/td><\/tr><tr><td><strong>&nbsp;Tu\u015f Tak\u0131m\u0131<\/strong><\/td><\/tr><tr><td>&nbsp;Klavye Tipleri<\/td><td>28 Tu\u015flu: N\u00fcmerik Klavye<\/td><\/tr><tr><td>38 Tu\u015flu: Fonksiyonel&nbsp;Klavye<\/td><\/tr><tr><td>50 Tu\u015flu: Tam Fonksiyonlu&nbsp;Alfa N\u00fcmerik Klavye<\/td><\/tr><tr><td><strong>&nbsp;\u0130leti\u015fim<\/strong><\/td><\/tr><tr><td>&nbsp;USB<\/td><td>USB 1.1 Host &amp; Client<br>Not: Micro USB Port sadece \u015farj ama\u00e7l\u0131d\u0131r. Veri transferinde kullan\u0131lamaz.<\/td><\/tr><tr><td>&nbsp;WLAN<\/td><td>Summit IEEE 802.11 a\/b\/g, CCX4 Uyumlu&nbsp;<br>Not: \u00dclkeya ba\u011fl\u0131 olarak 2.4 Ghz veya 5.2 Ghz Frekans\u0131nda<\/td><\/tr><tr><td>&nbsp;WPAN<\/td><td>Bluetooth 2 + EDR (802.15 Class 2)<\/td><\/tr><tr><td><strong>&nbsp;G\u00fc\u00e7 Kayna\u011f\u0131<\/strong><\/td><\/tr><tr><td>&nbsp;Ana pil<\/td><td>Standart<\/td><td>3,7V 3000 mAH \u015farj edilebilir Lityum ion pil<\/td><\/tr><tr><td>Opsiyonel<\/td><td>3,7V 5200 mAH \u015farj edilebilir Lityum ion pil<\/td><\/tr><tr><td><strong>&nbsp;Fiziksel<\/strong><\/td><\/tr><tr><td>&nbsp;A\u011f\u0131rl\u0131k<\/td><td>392 gram<\/td><td>Standart Pil ve Pistol Olmadan<\/td><\/tr><tr><td>482 gram<\/td><td>Standart Pil ve Pistol ile birlikte<\/td><\/tr><tr><td>&nbsp;Boyutlar<\/td><td>Y\u00fckseklik<\/td><td>193 mm<\/td><\/tr><tr><td>Geni\u015flik<\/td><td>76 mm<\/td><\/tr><tr><td>Kal\u0131nl\u0131k<\/td><td>42 mm<\/td><\/tr><tr><td><strong>&nbsp;\u00c7evresel<\/strong><\/td><\/tr><tr><td>&nbsp;\u00c7al\u0131\u015fma S\u0131cakl\u0131\u011f\u0131<\/td><td>-10\u00b0C to 50\u00b0C<\/td><\/tr><tr><td>&nbsp;Saklama S\u0131cakl\u0131\u011f\u0131<\/td><td>-20\u00b0C to 70\u00b0C<\/td><\/tr><tr><td>&nbsp;Darbe Dayan\u0131kl\u0131l\u0131\u011f\u0131<\/td><td>1,5 metre<\/td><\/tr><tr><td>&nbsp;IP Standard\u0131<\/td><td>IP64<\/td><\/tr><tr><td><strong>&nbsp;\u00c7\u00f6z\u00fcmleme Yetene\u011fi<\/strong><\/td><\/tr><tr><td>&nbsp;1D&nbsp;\/ Linear Kodlar<\/td><td>GS1\/Databar Dahil Standart 1D Linear Kodlar<\/td><\/tr><tr><td>&nbsp;2D Kodlar<\/td><td>Aztec Code, DataMatrix, MaxiCode, QR Code, Upu FICS, USPS Intelligent Mail<\/td><\/tr><tr><td>&nbsp;Postal Kodlar<\/td><td>Australian Post, Japan Post, KIX Code, Planet,Postnet, Royal Mail Code (RM4SCC)<\/td><\/tr><tr><td>&nbsp;Stacked Kodlar<\/td><td>&nbsp;Stacked Kodlar<\/td><\/tr><tr><td><strong>&nbsp;<\/strong><strong>Barkod Okuyucu<\/strong><\/td><\/tr><tr><td>&nbsp;2D Barkod Okuyucu<\/td><td>\u00c7\u00f6z\u00fcn\u00fcrl\u00fck<\/td><td>1D: 0.100 mm (4 mil)<\/td><\/tr><tr><td>2D: 0.127 mm (5 mil)<\/td><\/tr><tr><td>Tarama H\u0131z\u0131<\/td><td>Saniyede Max. 60 \u00c7er\u00e7eve<\/td><\/tr><tr><td>Tarama Mesafesi<\/td><td>35 mm ~ 415 mm<\/td><\/tr><tr><td>Okuma Do\u011frulama<\/td><td>&#8220;Green Spot&#8221; Okuma Do\u011frulama<\/td><\/tr><tr><td>&nbsp;1D Barkod Okuyucu<\/td><td>\u00c7\u00f6z\u00fcn\u00fcrl\u00fck<\/td><td>0.100 mm (4 mil)<\/td><\/tr><tr><td>Tarama H\u0131z\u0131<\/td><td>104 Tarama (\u00b112)<\/td><\/tr><tr><td>Tarama Mesafesi<\/td><td>40 mm ~ 820 mm<\/td><\/tr><tr><td>Okuma Do\u011frulama<\/td><td>&#8220;Green Spot&#8221; Okuma Do\u011frulama<\/td><\/tr><tr><td><strong>&nbsp;Opsiyonel Aksesuarlar<\/strong><\/td><\/tr><tr><td>&nbsp;Opsiyonel Aksesuarlar<\/td><td>Tekli Cradle<\/td><\/tr><tr><td>4 L\u00fc Cradle<\/td><\/tr><tr><td>4 L\u00fc Pil \u015earj \u00dcnitesi<\/td><\/tr><tr><td>Pistol<\/td><\/tr><tr><td>5200 mAH \u015earj edilebilir Lityum Ion Pil<\/td><\/tr><tr><td>USB HandyLink Kablo (\u0130leti\u015fim \u0130\u00e7in)<\/td><\/tr><tr><td><strong>&nbsp;Yaz\u0131l\u0131m<\/strong><\/td><\/tr><tr><td>&nbsp;Uygulamalar<\/td><td>Pal\u2122 Uygulama K\u00fct\u00fcphanesi (\u00d6nlisansl\u0131)<\/td><\/tr><tr><td>&nbsp;Kurulum ve Bak\u0131m<\/td><td>Wavelink Avalanche\u00ae MC \u00d6nlisansl\u0131, Wavelink Avalanche\u00ae SE \u00d6nlisansl\u0131, Avalanche Remote Control\u2122, Datalogic Firmware Utility (DFU),Datalogic Desktop Utility (DDU), Datalogic Configuration Utility (DCU)<\/td><\/tr><tr><td>&nbsp;Geli\u015ftirme<\/td><td>Datalogic Windows SDK\u2122, Wavelink\u00ae Studio\u2122,MCL-Collection\u2122, Java Virtual Machine<\/td><\/tr><tr><td>&nbsp;G\u00fcvenlik<\/td><td>Wavelink CE Secure, Wavelink Certificate Manager<\/td><\/tr><tr><td>&nbsp;Terminal Em\u00fclat\u00f6r\u00fc<\/td><td>Wavelink\u00ae Terminal Emulation\u2122 \u00d6nlisansl\u0131 (Kabzal\u0131 modellerde)<\/td><\/tr><\/tbody><\/table>\n","protected":false},"excerpt":{"rendered":"<p>\u25cf Windows Mobile 6.5 i\u015fletim sistemi\u25cf Intel\u00ae XScale PXA310, 624 MHz Mikro \u0130\u015flemci\u25cf 256 MB RAM, 512 MB ROM\u25cf 3,2 \u0130n\u00e7 (640X480 piksel) renkli dokunmatik ekran\u25cf\u00a0WLAN\u00a0ve\u00a0Bluetooth\u00a0\u0130leti\u015fim\u25cf 1D veya 2D Barkod Okuyucu Se\u00e7enekleri\u25cf IP64 standard\u0131nda\u25cf 28, 38 ve 50 tu\u015f se\u00e7enekleri\u25cf\u00a0&#8220;Green Spot&#8221;\u00a0Barkod Do\u011frulama \u00f6zelli\u011fi\u25cf \u00dccretsiz Veri Toplama Program\u0131 &nbsp;Model &nbsp;Wifi Bluetooth Desteklenen&nbsp;Barkod Tipleri Barkod Okuyucu Tipi [&hellip;]<\/p>\n","protected":false},"author":1,"featured_media":0,"parent":506,"menu_order":0,"comment_status":"closed","ping_status":"closed","template":"","meta":[],"yoast_head":"<!-- This site is optimized with the Yoast SEO plugin v15.7 - https:\/\/yoast.com\/wordpress\/plugins\/seo\/ -->\n<title>Datalogic SkorpioX3 Windows Mobile El Terminali - Crea Barkod<\/title>\n<meta name=\"robots\" content=\"index, follow, max-snippet:-1, max-image-preview:large, max-video-preview:-1\" \/>\n<link rel=\"canonical\" href=\"http:\/\/www.creabarkod.com\/?page_id=570\" \/>\n<meta property=\"og:locale\" content=\"tr_TR\" \/>\n<meta property=\"og:type\" content=\"article\" \/>\n<meta property=\"og:title\" content=\"Datalogic SkorpioX3 Windows Mobile El Terminali - Crea Barkod\" \/>\n<meta property=\"og:description\" content=\"\u25cf Windows Mobile 6.5 i\u015fletim sistemi\u25cf Intel\u00ae XScale PXA310, 624 MHz Mikro \u0130\u015flemci\u25cf 256 MB RAM, 512 MB ROM\u25cf 3,2 \u0130n\u00e7 (640X480 piksel) renkli dokunmatik ekran\u25cf\u00a0WLAN\u00a0ve\u00a0Bluetooth\u00a0\u0130leti\u015fim\u25cf 1D veya 2D Barkod Okuyucu Se\u00e7enekleri\u25cf IP64 standard\u0131nda\u25cf 28, 38 ve 50 tu\u015f se\u00e7enekleri\u25cf\u00a0&#8220;Green Spot&#8221;\u00a0Barkod Do\u011frulama \u00f6zelli\u011fi\u25cf \u00dccretsiz Veri Toplama Program\u0131 &nbsp;Model &nbsp;Wifi Bluetooth Desteklenen&nbsp;Barkod Tipleri Barkod Okuyucu Tipi [&hellip;]\" \/>\n<meta property=\"og:url\" content=\"http:\/\/www.creabarkod.com\/?page_id=570\" \/>\n<meta property=\"og:site_name\" content=\"Crea Barkod\" \/>\n<meta property=\"article:modified_time\" content=\"2019-06-18T12:59:28+00:00\" \/>\n<meta property=\"og:image\" content=\"http:\/\/www.creabarkod.com\/wp-content\/uploads\/2019\/06\/Datalogic-SkorpioX3-Windows-Mobile-El-Terminali-1.jpg\" \/>\n<meta name=\"twitter:card\" content=\"summary_large_image\" \/>\n<meta name=\"twitter:label1\" content=\"Tahmini okuma s\u00fcresi\">\n\t<meta name=\"twitter:data1\" content=\"2 dakika\">\n<script type=\"application\/ld+json\" class=\"yoast-schema-graph\">{\"@context\":\"https:\/\/schema.org\",\"@graph\":[{\"@type\":\"WebSite\",\"@id\":\"http:\/\/www.creabarkod.com\/#website\",\"url\":\"http:\/\/www.creabarkod.com\/\",\"name\":\"Crea Barkod\",\"description\":\"\",\"potentialAction\":[{\"@type\":\"SearchAction\",\"target\":\"http:\/\/www.creabarkod.com\/?s={search_term_string}\",\"query-input\":\"required name=search_term_string\"}],\"inLanguage\":\"tr\"},{\"@type\":\"ImageObject\",\"@id\":\"http:\/\/www.creabarkod.com\/?page_id=570#primaryimage\",\"inLanguage\":\"tr\",\"url\":\"http:\/\/www.creabarkod.com\/wp-content\/uploads\/2019\/06\/Datalogic-SkorpioX3-Windows-Mobile-El-Terminali-1.jpg\",\"width\":500,\"height\":500,\"caption\":\"Datalogic SkorpioX3 Windows Mobile El Terminali\"},{\"@type\":\"WebPage\",\"@id\":\"http:\/\/www.creabarkod.com\/?page_id=570#webpage\",\"url\":\"http:\/\/www.creabarkod.com\/?page_id=570\",\"name\":\"Datalogic SkorpioX3 Windows Mobile El Terminali - Crea Barkod\",\"isPartOf\":{\"@id\":\"http:\/\/www.creabarkod.com\/#website\"},\"primaryImageOfPage\":{\"@id\":\"http:\/\/www.creabarkod.com\/?page_id=570#primaryimage\"},\"datePublished\":\"2019-06-18T12:51:26+00:00\",\"dateModified\":\"2019-06-18T12:59:28+00:00\",\"inLanguage\":\"tr\",\"potentialAction\":[{\"@type\":\"ReadAction\",\"target\":[\"http:\/\/www.creabarkod.com\/?page_id=570\"]}]}]}<\/script>\n<!-- \/ Yoast SEO plugin. -->","_links":{"self":[{"href":"http:\/\/www.creabarkod.com\/index.php?rest_route=\/wp\/v2\/pages\/570"}],"collection":[{"href":"http:\/\/www.creabarkod.com\/index.php?rest_route=\/wp\/v2\/pages"}],"about":[{"href":"http:\/\/www.creabarkod.com\/index.php?rest_route=\/wp\/v2\/types\/page"}],"author":[{"embeddable":true,"href":"http:\/\/www.creabarkod.com\/index.php?rest_route=\/wp\/v2\/users\/1"}],"replies":[{"embeddable":true,"href":"http:\/\/www.creabarkod.com\/index.php?rest_route=%2Fwp%2Fv2%2Fcomments&post=570"}],"version-history":[{"count":2,"href":"http:\/\/www.creabarkod.com\/index.php?rest_route=\/wp\/v2\/pages\/570\/revisions"}],"predecessor-version":[{"id":590,"href":"http:\/\/www.creabarkod.com\/index.php?rest_route=\/wp\/v2\/pages\/570\/revisions\/590"}],"up":[{"embeddable":true,"href":"http:\/\/www.creabarkod.com\/index.php?rest_route=\/wp\/v2\/pages\/506"}],"wp:attachment":[{"href":"http:\/\/www.creabarkod.com\/index.php?rest_route=%2Fwp%2Fv2%2Fmedia&parent=570"}],"curies":[{"name":"wp","href":"https:\/\/api.w.org\/{rel}","templated":true}]}}