{"id":57,"date":"2019-02-11T11:27:39","date_gmt":"2019-02-11T11:27:39","guid":{"rendered":"http:\/\/www.creabarkod.com\/?page_id=57"},"modified":"2019-06-17T11:17:51","modified_gmt":"2019-06-17T11:17:51","slug":"lazer-etiketler","status":"publish","type":"page","link":"http:\/\/www.creabarkod.com\/?page_id=57","title":{"rendered":"Lazer Etiketler"},"content":{"rendered":"\n<table class=\"wp-block-table\"><tbody><tr><td><strong>&nbsp;Okuma Performans\u0131<\/strong><\/td><\/tr><tr><td>&nbsp;I\u015f\u0131k kayna\u011f\u0131<\/td><td>650 nm VLD<\/td><\/tr><tr><td>&nbsp;Bask\u0131 Kontrast\u0131 (Minimum)<\/td><td>30%<\/td><\/tr><tr><td>&nbsp;Tarama H\u0131z\u0131<\/td><td>100 tarama\/saniye<\/td><\/tr><tr><td>&nbsp;Tarama A\u00e7\u0131s\u0131<\/td><td>Pitch: \u00b1 65\u00b0, Roll (Tilt): \u00b1 30\u00b0, Skew (Yaw): \u00b1 60\u00b0<\/td><\/tr><tr><td>&nbsp;G\u00f6stergeler (LED)<\/td><td>Ayarlanabilir Ses Tonu,&nbsp;Do\u011frulama LED i<\/td><\/tr><tr><td>&nbsp;\u00c7\u00f6z\u00fcn\u00fcrl\u00fck<\/td><td>0.130 mm&nbsp; (5 mil)<\/td><\/tr><tr><td><strong>&nbsp;\u00c7\u00f6z\u00fcmleme Yetene\u011fi<\/strong><\/td><td><\/td><\/tr><tr><td>&nbsp;1D Linear Kodlar<\/td><td>GS1\/Databar Dahil Standart 1D Linear Kodlar<\/td><\/tr><tr><td>&nbsp;Postal Kodlar<\/td><td>China Post<\/td><\/tr><tr><td><strong>&nbsp;Elektriksel<\/strong><\/td><td><\/td><\/tr><tr><td>&nbsp;Giri\u015f Voltaj\u0131<\/td><td>5VDC&nbsp;\u00b1%10<\/td><\/tr><tr><td>&nbsp;G\u00fc\u00e7 T\u00fcketimi<\/td><td>\u00c7al\u0131\u015fma Modunda:&nbsp;100 mA 5VDC<\/td><\/tr><tr><td>Bekleme Modunda: 35 mA 5VDC<\/td><\/tr><tr><td><strong>&nbsp;Ara Birim<\/strong><\/td><\/tr><tr><td>&nbsp;Desteklenen Arabirimler<\/td><td>Keyboard Wedge, RS-232, USB&nbsp; (\u00c7oklu Arabirim)<\/td><\/tr><tr><td><strong>&nbsp;\u00c7evresel<\/strong><\/td><td><\/td><\/tr><tr><td>&nbsp;I\u015f\u0131k Seviyesi<\/td><td>64.575 Lux<\/td><\/tr><tr><td>&nbsp;\u00c7al\u0131\u015fma S\u0131cakl\u0131\u011f\u0131<\/td><td>0\u00b0C ~ 50\u00b0C<\/td><\/tr><tr><td>&nbsp;Muhafaza S\u0131cakl\u0131\u011f\u0131<\/td><td>-40 \u00b0C ~ 70 \u00b0C<\/td><\/tr><tr><td>&nbsp;Nem<\/td><td>%5 ~ %95 (Yo\u011funla\u015fmas\u0131z)<\/td><\/tr><tr><td>&nbsp;D\u00fc\u015fme dayan\u0131kl\u0131l\u0131\u011f\u0131<\/td><td>1,5 metre<\/td><\/tr><tr><td>&nbsp;IP Standard\u0131<\/td><td>IP42<\/td><\/tr><tr><td>&nbsp;ESD Korumas\u0131 (Air Discharge)<\/td><td>20&nbsp;kV<\/td><\/tr><tr><td><strong>&nbsp;Fiziksel<\/strong><\/td><td><\/td><\/tr><tr><td>&nbsp;Renk<\/td><td>&nbsp;Siyah<\/td><\/tr><tr><td>&nbsp;Boyutlar<\/td><td>17 mm x 71 mm x 66 mm<\/td><\/tr><tr><td>&nbsp;A\u011f\u0131rl\u0131k<\/td><td>127,6 gram<\/td><\/tr><tr><td><strong>&nbsp;Okuma Aral\u0131klar\u0131<\/strong><\/td><td><\/td><\/tr><tr><td>&nbsp;Tarama mesafeleri<\/td><td>5 mil: 20 mm&nbsp; ~ 130 mm<\/td><\/tr><tr><td>7,5 mil: 10 mm&nbsp; ~ 200 mm<\/td><\/tr><tr><td>10 mil: 5 mm&nbsp; ~ 220 mm<\/td><\/tr><tr><td>13 mil: 5 mm&nbsp; ~ 245 mm<\/td><\/tr><tr><td>20 mil: 30 mm&nbsp; ~ 270 mm<\/td><\/tr><tr><td><strong>&nbsp;G\u00fcvenlik ve D\u00fczenleyiciler<\/strong><\/td><td><\/td><\/tr><tr><td>&nbsp;Kurum onaylar\u0131 (Sertifikalar)<\/td><td>\u00dcr\u00fcn ama\u00e7lanan kullan\u0131m\u0131 i\u00e7in gerekli g\u00fcvenlik ve d\u00fczenleyici onaylar\u0131 kar\u015f\u0131lar. Gerekli sertifikalar kullan\u0131m k\u0131lavuzunda belirtilmi\u015ftir.<\/td><\/tr><tr><td>&nbsp;\u00c7evreye Uyum<\/td><td>\u00c7in ve Avrupa RoHS uyumlu<\/td><\/tr><tr><td>&nbsp;Lazer s\u0131n\u0131fland\u0131rmas\u0131<\/td><td>EN 60825-1 Class 2; IEC 60825-1 Class 2<\/td><\/tr><tr><td>Not: Lazer \u0131\u015f\u0131\u011f\u0131n\u0131 do\u011frudan g\u00f6ze tutmay\u0131n.<\/td><\/tr><\/tbody><\/table>\n","protected":false},"excerpt":{"rendered":"<p>&nbsp;Okuma Performans\u0131 &nbsp;I\u015f\u0131k kayna\u011f\u0131 650 nm VLD &nbsp;Bask\u0131 Kontrast\u0131 (Minimum) 30% &nbsp;Tarama H\u0131z\u0131 100 tarama\/saniye &nbsp;Tarama A\u00e7\u0131s\u0131 Pitch: \u00b1 65\u00b0, Roll (Tilt): \u00b1 30\u00b0, Skew (Yaw): \u00b1 60\u00b0 &nbsp;G\u00f6stergeler (LED) Ayarlanabilir Ses Tonu,&nbsp;Do\u011frulama LED i &nbsp;\u00c7\u00f6z\u00fcn\u00fcrl\u00fck 0.130 mm&nbsp; (5 mil) &nbsp;\u00c7\u00f6z\u00fcmleme Yetene\u011fi &nbsp;1D Linear Kodlar GS1\/Databar Dahil Standart 1D Linear Kodlar &nbsp;Postal Kodlar China Post [&hellip;]<\/p>\n","protected":false},"author":1,"featured_media":0,"parent":8,"menu_order":0,"comment_status":"closed","ping_status":"closed","template":"","meta":[],"yoast_head":"<!-- This site is optimized with the Yoast SEO plugin v15.7 - https:\/\/yoast.com\/wordpress\/plugins\/seo\/ -->\n<title>Lazer Etiketler - Crea Barkod<\/title>\n<meta name=\"robots\" content=\"index, follow, max-snippet:-1, max-image-preview:large, max-video-preview:-1\" \/>\n<link rel=\"canonical\" href=\"http:\/\/www.creabarkod.com\/?page_id=57\" \/>\n<meta property=\"og:locale\" content=\"tr_TR\" \/>\n<meta property=\"og:type\" content=\"article\" \/>\n<meta property=\"og:title\" content=\"Lazer Etiketler - Crea Barkod\" \/>\n<meta property=\"og:description\" content=\"&nbsp;Okuma Performans\u0131 &nbsp;I\u015f\u0131k kayna\u011f\u0131 650 nm VLD &nbsp;Bask\u0131 Kontrast\u0131 (Minimum) 30% &nbsp;Tarama H\u0131z\u0131 100 tarama\/saniye &nbsp;Tarama A\u00e7\u0131s\u0131 Pitch: \u00b1 65\u00b0, Roll (Tilt): \u00b1 30\u00b0, Skew (Yaw): \u00b1 60\u00b0 &nbsp;G\u00f6stergeler (LED) Ayarlanabilir Ses Tonu,&nbsp;Do\u011frulama LED i &nbsp;\u00c7\u00f6z\u00fcn\u00fcrl\u00fck 0.130 mm&nbsp; (5 mil) &nbsp;\u00c7\u00f6z\u00fcmleme Yetene\u011fi &nbsp;1D Linear Kodlar GS1\/Databar Dahil Standart 1D Linear Kodlar &nbsp;Postal Kodlar China Post [&hellip;]\" \/>\n<meta property=\"og:url\" content=\"http:\/\/www.creabarkod.com\/?page_id=57\" \/>\n<meta property=\"og:site_name\" content=\"Crea Barkod\" \/>\n<meta property=\"article:modified_time\" content=\"2019-06-17T11:17:51+00:00\" \/>\n<meta name=\"twitter:card\" content=\"summary_large_image\" \/>\n<meta name=\"twitter:label1\" content=\"Tahmini okuma s\u00fcresi\">\n\t<meta name=\"twitter:data1\" content=\"1 dakika\">\n<script type=\"application\/ld+json\" class=\"yoast-schema-graph\">{\"@context\":\"https:\/\/schema.org\",\"@graph\":[{\"@type\":\"WebSite\",\"@id\":\"http:\/\/www.creabarkod.com\/#website\",\"url\":\"http:\/\/www.creabarkod.com\/\",\"name\":\"Crea Barkod\",\"description\":\"\",\"potentialAction\":[{\"@type\":\"SearchAction\",\"target\":\"http:\/\/www.creabarkod.com\/?s={search_term_string}\",\"query-input\":\"required name=search_term_string\"}],\"inLanguage\":\"tr\"},{\"@type\":\"WebPage\",\"@id\":\"http:\/\/www.creabarkod.com\/?page_id=57#webpage\",\"url\":\"http:\/\/www.creabarkod.com\/?page_id=57\",\"name\":\"Lazer Etiketler - Crea Barkod\",\"isPartOf\":{\"@id\":\"http:\/\/www.creabarkod.com\/#website\"},\"datePublished\":\"2019-02-11T11:27:39+00:00\",\"dateModified\":\"2019-06-17T11:17:51+00:00\",\"inLanguage\":\"tr\",\"potentialAction\":[{\"@type\":\"ReadAction\",\"target\":[\"http:\/\/www.creabarkod.com\/?page_id=57\"]}]}]}<\/script>\n<!-- \/ Yoast SEO plugin. -->","_links":{"self":[{"href":"http:\/\/www.creabarkod.com\/index.php?rest_route=\/wp\/v2\/pages\/57"}],"collection":[{"href":"http:\/\/www.creabarkod.com\/index.php?rest_route=\/wp\/v2\/pages"}],"about":[{"href":"http:\/\/www.creabarkod.com\/index.php?rest_route=\/wp\/v2\/types\/page"}],"author":[{"embeddable":true,"href":"http:\/\/www.creabarkod.com\/index.php?rest_route=\/wp\/v2\/users\/1"}],"replies":[{"embeddable":true,"href":"http:\/\/www.creabarkod.com\/index.php?rest_route=%2Fwp%2Fv2%2Fcomments&post=57"}],"version-history":[{"count":3,"href":"http:\/\/www.creabarkod.com\/index.php?rest_route=\/wp\/v2\/pages\/57\/revisions"}],"predecessor-version":[{"id":247,"href":"http:\/\/www.creabarkod.com\/index.php?rest_route=\/wp\/v2\/pages\/57\/revisions\/247"}],"up":[{"embeddable":true,"href":"http:\/\/www.creabarkod.com\/index.php?rest_route=\/wp\/v2\/pages\/8"}],"wp:attachment":[{"href":"http:\/\/www.creabarkod.com\/index.php?rest_route=%2Fwp%2Fv2%2Fmedia&parent=57"}],"curies":[{"name":"wp","href":"https:\/\/api.w.org\/{rel}","templated":true}]}}