{"id":560,"date":"2019-06-18T12:08:08","date_gmt":"2019-06-18T12:08:08","guid":{"rendered":"http:\/\/www.creabarkod.com\/?page_id=560"},"modified":"2019-06-18T12:14:54","modified_gmt":"2019-06-18T12:14:54","slug":"newland-nquire800-endustriyel-windows-tablet","status":"publish","type":"page","link":"http:\/\/www.creabarkod.com\/?page_id=560","title":{"rendered":"Newland NQuire800 End\u00fcstriyel Windows Tablet"},"content":{"rendered":"\n<ul class=\"wp-block-gallery columns-3 is-cropped\"><li class=\"blocks-gallery-item\"><figure><a href=\"http:\/\/www.creabarkod.com\/wp-content\/uploads\/2019\/06\/Newland_NQuire800_1-1.jpg\"><img loading=\"lazy\" width=\"447\" height=\"709\" src=\"http:\/\/www.creabarkod.com\/wp-content\/uploads\/2019\/06\/Newland_NQuire800_1-1.jpg\" alt=\"Newland NQuire 800 End\u00fcstriyel Windows Tablet\" data-id=\"564\" data-link=\"http:\/\/www.creabarkod.com\/?attachment_id=564\" class=\"wp-image-564\" srcset=\"http:\/\/www.creabarkod.com\/wp-content\/uploads\/2019\/06\/Newland_NQuire800_1-1.jpg 447w, http:\/\/www.creabarkod.com\/wp-content\/uploads\/2019\/06\/Newland_NQuire800_1-1-189x300.jpg 189w\" sizes=\"(max-width: 447px) 100vw, 447px\" \/><\/a><\/figure><\/li><li class=\"blocks-gallery-item\"><figure><a href=\"http:\/\/www.creabarkod.com\/wp-content\/uploads\/2019\/06\/Newland_NQuire800_2.jpg\"><img loading=\"lazy\" width=\"363\" height=\"567\" src=\"http:\/\/www.creabarkod.com\/wp-content\/uploads\/2019\/06\/Newland_NQuire800_2.jpg\" alt=\"\" data-id=\"565\" data-link=\"http:\/\/www.creabarkod.com\/?attachment_id=565\" class=\"wp-image-565\" srcset=\"http:\/\/www.creabarkod.com\/wp-content\/uploads\/2019\/06\/Newland_NQuire800_2.jpg 363w, http:\/\/www.creabarkod.com\/wp-content\/uploads\/2019\/06\/Newland_NQuire800_2-192x300.jpg 192w\" sizes=\"(max-width: 363px) 100vw, 363px\" \/><\/a><\/figure><\/li><li class=\"blocks-gallery-item\"><figure><a href=\"http:\/\/www.creabarkod.com\/wp-content\/uploads\/2019\/06\/Newland_NQuire800_3-1.jpg\"><img loading=\"lazy\" width=\"551\" height=\"567\" src=\"http:\/\/www.creabarkod.com\/wp-content\/uploads\/2019\/06\/Newland_NQuire800_3-1.jpg\" alt=\"Newland NQuire 800 End\u00fcstriyel Windows Tablet\" data-id=\"566\" data-link=\"http:\/\/www.creabarkod.com\/?attachment_id=566\" class=\"wp-image-566\" srcset=\"http:\/\/www.creabarkod.com\/wp-content\/uploads\/2019\/06\/Newland_NQuire800_3-1.jpg 551w, http:\/\/www.creabarkod.com\/wp-content\/uploads\/2019\/06\/Newland_NQuire800_3-1-292x300.jpg 292w\" sizes=\"(max-width: 551px) 100vw, 551px\" \/><\/a><\/figure><\/li><\/ul>\n\n\n\n<p>\u25cf Windows 10 Pro \u0130\u015fletim Sistemi<br>\u25cf 1.44 ~ 1.92 Ghz Mikro \u0130\u015flemci<br>\u25cf 2 veya 4 GB RAM, 32 veya 64 GB ROM<br>\u25cf 8 \u0130n\u00e7 Renkli Dokunmatik Ekran<br>\u25cf USB, Wifi, Bluetooth ve 3G \u0130leti\u015fim<br>\u25cf 2D Barkod Okuyucu Se\u00e7enekleri <\/p>\n\n\n\n<table class=\"wp-block-table\"><tbody><tr><td>&nbsp;Model<\/td><td>\u0130\u015fletim Sistemi<\/td><td>&nbsp;RAM<\/td><td>&nbsp;ROM<\/td><\/tr><tr><td>&nbsp;<strong>NQuire800 II<\/strong><\/td><td>Windows 10 Pro (32 Bit)<\/td><td>&nbsp;2 GB<\/td><td>&nbsp;32 GB<\/td><\/tr><tr><td>&nbsp;<strong>NQuire800 II Plus<\/strong><\/td><td>Windows 10 Pro (32 Bit)<\/td><td>&nbsp;4 GB<\/td><td>&nbsp;64 GB<\/td><\/tr><\/tbody><\/table>\n\n\n\n<table class=\"wp-block-table\"><tbody><tr><td><strong>&nbsp;Performans<\/strong><\/td><\/tr><tr><td>&nbsp;\u00c7ip<\/td><td>Intel Atom\u00ae x5-Z8350<\/td><\/tr><tr><td>&nbsp;\u0130\u015flemci<\/td><td>1.44 GHz ~ 1.92 GHz, 64-Bit Quad Core<\/td><\/tr><tr><td>&nbsp;Bellek<\/td><td>NQuire800 II: 2 GB RAM, 32 GB ROM<\/td><\/tr><tr><td>NQuire800 II Plus: 4 GB RAM, 64 GB ROM<\/td><\/tr><tr><td>&nbsp;\u0130\u015fletim Sistemi<\/td><td>NQuire800 II: 32 Bit Windows 10 Pro<\/td><\/tr><tr><td>NQuire800 II Plus: 64 Bit Windows 10 Pro<\/td><\/tr><tr><td>&nbsp;Sens\u00f6rler<\/td><td>G-Sens\u00f6r (Yer\u00e7ekimi H\u0131zlanma Sens\u00f6r\u00fc)<\/td><\/tr><tr><td>&nbsp;Harici Bellek Yuvas\u0131<\/td><td>Max. 128 GB (Fabrikadan Y\u00fcklenebilen)<\/td><\/tr><tr><td><strong>&nbsp;Ekran<\/strong><\/td><\/tr><tr><td>&nbsp;Ekran Tipi<\/td><td>5 Noktal\u0131 kapasitif Tam Dokunmatik Ekran<\/td><\/tr><tr><td>&nbsp;Boyut<\/td><td>8&#8243; (\u0130n\u00e7)<\/td><\/tr><tr><td>&nbsp;\u00c7\u00f6z\u00fcn\u00fcrl\u00fck<\/td><td>800 x 1280 Piksel<\/td><\/tr><tr><td>&nbsp;Parlakl\u0131k<\/td><td>380 Nit<\/td><\/tr><tr><td><strong>&nbsp;Ba\u011flant\u0131<\/strong><\/td><\/tr><tr><td>&nbsp;<\/td><td>Micro USB<\/td><\/tr><tr><td>Micro SD<\/td><\/tr><tr><td>Pogo PIN Konnektoru<\/td><\/tr><tr><td>GPS \/ GLONASS<\/td><\/tr><tr><td>Bluetooth 4.0<\/td><\/tr><tr><td><strong>&nbsp;A\u011f<\/strong><\/td><\/tr><tr><td>&nbsp;Wifi<\/td><td>802.11 ac\/a\/b\/g\/ (2.4 Ghz ve 5 Ghz)<\/td><\/tr><tr><td>&nbsp;Wifi \u00d6zelli\u011fi<\/td><td>DLNA Deste\u011fi, Wifi Direct ve Wifi Hotspot<\/td><\/tr><tr><td>&nbsp;3G<\/td><td>Micro SIM (3FF)<\/td><\/tr><tr><td>&nbsp;Band<\/td><td>900 \/ 2100 MHz<\/td><\/tr><tr><td><strong>&nbsp;Multimedya<\/strong><\/td><\/tr><tr><td>&nbsp;Arka Kamera<\/td><td>5 Megapiksel (Otomatik Odaklanmal\u0131)<\/td><\/tr><tr><td>&nbsp;Video<\/td><td>HD (1280 x 720) @ 30FPS<\/td><\/tr><tr><td><strong>&nbsp;Pil<\/strong><\/td><\/tr><tr><td>&nbsp;Tip<\/td><td>8,000 mAh Lithium-polymer<\/td><\/tr><tr><td>&nbsp;Kullan\u0131m<\/td><td>\u00c7al\u0131\u015fma: 5 ~ 7 Saat (Kullan\u0131lan Program Say\u0131s\u0131na Ba\u011fl\u0131 Olarak)<\/td><\/tr><tr><td>Bekleme: 250 Saat<\/td><\/tr><tr><td>&nbsp;<strong>Fiziksel<\/strong><\/td><\/tr><tr><td>  Geni\u015flik  <\/td><td> 147 mm <\/td><\/tr><tr><td>Y\u00fckseklik<\/td><td>235 mm<\/td><\/tr><tr><td>Kal\u0131nl\u0131k<\/td><td>22 mm<\/td><\/tr><tr><td>&nbsp;A\u011f\u0131rl\u0131k<\/td><td>875 Gram<\/td><\/tr><tr><td><strong>&nbsp;Desteklenen Barkod Tipleri<\/strong><\/td><\/tr><tr><td>&nbsp;1D<\/td><td>Code 128, EAN-13, EAN-8, Code 39, UPC-A, UPC-E, Codabar Interleaved 2 of 5, ITF-6, ITF-14, ISBN, Code 93, UCC \/ EAN-128, GS1 Databar, Matrix 2 of 5, Code 11, Industrial 2 of 5, Standard 2 of 5, Plessey, MSI-Plessey<\/td><\/tr><tr><td>&nbsp;2D<\/td><td>PDF417, Data Matrix ECC200 \/ 000 \/ 050 \/ 080 \/ 100 \/ 140, QR-Code<\/td><\/tr><tr><td><strong>&nbsp;Sertifikalar<\/strong><\/td><\/tr><tr><td>&nbsp;End\u00fcstriyel Koruma<\/td><td>IP67 (30 Dakika, 1 Metreye kadar suya ve toza kar\u015f\u0131 dayan\u0131m)<\/td><\/tr><tr><td>&nbsp;Dayan\u0131kl\u0131l\u0131k<\/td><td>1.2 Metreden D\u00fc\u015fmeye Dayan\u0131kl\u0131k<\/td><\/tr><tr><td>IEC 60068232 standardlar\u0131na uygun test: 6 Y\u00fcz, 4 K\u00f6\u015fe Beton veya \u00e7elik zemine d\u00fc\u015fme testi<\/td><\/tr><tr><td>&nbsp;Lazer G\u00fcvenli\u011fi<\/td><td>IEC2 \/ FDA II,IEC60825 \/ EN60825-1 Standartlar\u0131na Uyumlu<\/td><\/tr><tr><td><strong>&nbsp;Cihaz \u00d6zellikleri<\/strong><\/td><\/tr><tr><td>&nbsp;<\/td><td>Dahili Ekran Kalemi<\/td><\/tr><tr><td>&nbsp;<\/td><td>2 adet Kapasatif K\u0131sayol Tu\u015flar\u0131 (\u00d6n Y\u00fczde)<\/td><\/tr><\/tbody><\/table>\n","protected":false},"excerpt":{"rendered":"<p>\u25cf Windows 10 Pro \u0130\u015fletim Sistemi\u25cf 1.44 ~ 1.92 Ghz Mikro \u0130\u015flemci\u25cf 2 veya 4 GB RAM, 32 veya 64 GB ROM\u25cf 8 \u0130n\u00e7 Renkli Dokunmatik Ekran\u25cf USB, Wifi, Bluetooth ve 3G \u0130leti\u015fim\u25cf 2D Barkod Okuyucu Se\u00e7enekleri &nbsp;Model \u0130\u015fletim Sistemi &nbsp;RAM &nbsp;ROM &nbsp;NQuire800 II Windows 10 Pro (32 Bit) &nbsp;2 GB &nbsp;32 GB &nbsp;NQuire800 II [&hellip;]<\/p>\n","protected":false},"author":1,"featured_media":0,"parent":510,"menu_order":0,"comment_status":"closed","ping_status":"closed","template":"","meta":[],"yoast_head":"<!-- This site is optimized with the Yoast SEO plugin v15.7 - https:\/\/yoast.com\/wordpress\/plugins\/seo\/ -->\n<title>Newland NQuire800 End\u00fcstriyel Windows Tablet - Crea Barkod<\/title>\n<meta name=\"robots\" content=\"index, follow, max-snippet:-1, max-image-preview:large, max-video-preview:-1\" \/>\n<link rel=\"canonical\" href=\"http:\/\/www.creabarkod.com\/?page_id=560\" \/>\n<meta property=\"og:locale\" content=\"tr_TR\" \/>\n<meta property=\"og:type\" content=\"article\" \/>\n<meta property=\"og:title\" content=\"Newland NQuire800 End\u00fcstriyel Windows Tablet - Crea Barkod\" \/>\n<meta property=\"og:description\" content=\"\u25cf Windows 10 Pro \u0130\u015fletim Sistemi\u25cf 1.44 ~ 1.92 Ghz Mikro \u0130\u015flemci\u25cf 2 veya 4 GB RAM, 32 veya 64 GB ROM\u25cf 8 \u0130n\u00e7 Renkli Dokunmatik Ekran\u25cf USB, Wifi, Bluetooth ve 3G \u0130leti\u015fim\u25cf 2D Barkod Okuyucu Se\u00e7enekleri &nbsp;Model \u0130\u015fletim Sistemi &nbsp;RAM &nbsp;ROM &nbsp;NQuire800 II Windows 10 Pro (32 Bit) &nbsp;2 GB &nbsp;32 GB &nbsp;NQuire800 II [&hellip;]\" \/>\n<meta property=\"og:url\" content=\"http:\/\/www.creabarkod.com\/?page_id=560\" \/>\n<meta property=\"og:site_name\" content=\"Crea Barkod\" \/>\n<meta property=\"article:modified_time\" content=\"2019-06-18T12:14:54+00:00\" \/>\n<meta property=\"og:image\" content=\"http:\/\/www.creabarkod.com\/wp-content\/uploads\/2019\/06\/Newland_NQuire800_1-1.jpg\" \/>\n<meta name=\"twitter:card\" content=\"summary_large_image\" \/>\n<meta name=\"twitter:label1\" content=\"Tahmini okuma s\u00fcresi\">\n\t<meta name=\"twitter:data1\" content=\"2 dakika\">\n<script type=\"application\/ld+json\" class=\"yoast-schema-graph\">{\"@context\":\"https:\/\/schema.org\",\"@graph\":[{\"@type\":\"WebSite\",\"@id\":\"http:\/\/www.creabarkod.com\/#website\",\"url\":\"http:\/\/www.creabarkod.com\/\",\"name\":\"Crea Barkod\",\"description\":\"\",\"potentialAction\":[{\"@type\":\"SearchAction\",\"target\":\"http:\/\/www.creabarkod.com\/?s={search_term_string}\",\"query-input\":\"required name=search_term_string\"}],\"inLanguage\":\"tr\"},{\"@type\":\"ImageObject\",\"@id\":\"http:\/\/www.creabarkod.com\/?page_id=560#primaryimage\",\"inLanguage\":\"tr\",\"url\":\"http:\/\/www.creabarkod.com\/wp-content\/uploads\/2019\/06\/Newland_NQuire800_1-1.jpg\",\"width\":447,\"height\":709,\"caption\":\"Newland NQuire 800 End\\u00fcstriyel Windows Tablet\"},{\"@type\":\"WebPage\",\"@id\":\"http:\/\/www.creabarkod.com\/?page_id=560#webpage\",\"url\":\"http:\/\/www.creabarkod.com\/?page_id=560\",\"name\":\"Newland NQuire800 End\\u00fcstriyel Windows Tablet - Crea Barkod\",\"isPartOf\":{\"@id\":\"http:\/\/www.creabarkod.com\/#website\"},\"primaryImageOfPage\":{\"@id\":\"http:\/\/www.creabarkod.com\/?page_id=560#primaryimage\"},\"datePublished\":\"2019-06-18T12:08:08+00:00\",\"dateModified\":\"2019-06-18T12:14:54+00:00\",\"inLanguage\":\"tr\",\"potentialAction\":[{\"@type\":\"ReadAction\",\"target\":[\"http:\/\/www.creabarkod.com\/?page_id=560\"]}]}]}<\/script>\n<!-- \/ Yoast SEO plugin. -->","_links":{"self":[{"href":"http:\/\/www.creabarkod.com\/index.php?rest_route=\/wp\/v2\/pages\/560"}],"collection":[{"href":"http:\/\/www.creabarkod.com\/index.php?rest_route=\/wp\/v2\/pages"}],"about":[{"href":"http:\/\/www.creabarkod.com\/index.php?rest_route=\/wp\/v2\/types\/page"}],"author":[{"embeddable":true,"href":"http:\/\/www.creabarkod.com\/index.php?rest_route=\/wp\/v2\/users\/1"}],"replies":[{"embeddable":true,"href":"http:\/\/www.creabarkod.com\/index.php?rest_route=%2Fwp%2Fv2%2Fcomments&post=560"}],"version-history":[{"count":3,"href":"http:\/\/www.creabarkod.com\/index.php?rest_route=\/wp\/v2\/pages\/560\/revisions"}],"predecessor-version":[{"id":568,"href":"http:\/\/www.creabarkod.com\/index.php?rest_route=\/wp\/v2\/pages\/560\/revisions\/568"}],"up":[{"embeddable":true,"href":"http:\/\/www.creabarkod.com\/index.php?rest_route=\/wp\/v2\/pages\/510"}],"wp:attachment":[{"href":"http:\/\/www.creabarkod.com\/index.php?rest_route=%2Fwp%2Fv2%2Fmedia&parent=560"}],"curies":[{"name":"wp","href":"https:\/\/api.w.org\/{rel}","templated":true}]}}