{"id":551,"date":"2019-06-18T11:22:13","date_gmt":"2019-06-18T11:22:13","guid":{"rendered":"http:\/\/www.creabarkod.com\/?page_id=551"},"modified":"2019-06-18T11:22:13","modified_gmt":"2019-06-18T11:22:13","slug":"newland-nquire300-android-sabit-terminal","status":"publish","type":"page","link":"http:\/\/www.creabarkod.com\/?page_id=551","title":{"rendered":"Newland NQuire300 Android Sabit Terminal"},"content":{"rendered":"\n<ul class=\"wp-block-gallery columns-2 is-cropped\"><li class=\"blocks-gallery-item\"><figure><a href=\"http:\/\/www.creabarkod.com\/wp-content\/uploads\/2019\/06\/Newland-NQuire300-Android-Sabit-Terminal-1-2.jpg\"><img loading=\"lazy\" width=\"500\" height=\"500\" src=\"http:\/\/www.creabarkod.com\/wp-content\/uploads\/2019\/06\/Newland-NQuire300-Android-Sabit-Terminal-1-2.jpg\" alt=\"Newland NQuire300 Android Sabit Terminal\" data-id=\"552\" data-link=\"http:\/\/www.creabarkod.com\/?attachment_id=552\" class=\"wp-image-552\" srcset=\"http:\/\/www.creabarkod.com\/wp-content\/uploads\/2019\/06\/Newland-NQuire300-Android-Sabit-Terminal-1-2.jpg 500w, http:\/\/www.creabarkod.com\/wp-content\/uploads\/2019\/06\/Newland-NQuire300-Android-Sabit-Terminal-1-2-150x150.jpg 150w, http:\/\/www.creabarkod.com\/wp-content\/uploads\/2019\/06\/Newland-NQuire300-Android-Sabit-Terminal-1-2-300x300.jpg 300w\" sizes=\"(max-width: 500px) 100vw, 500px\" \/><\/a><\/figure><\/li><li class=\"blocks-gallery-item\"><figure><a href=\"http:\/\/www.creabarkod.com\/wp-content\/uploads\/2019\/06\/Newland-NQuire300-Android-Sabit-Terminal-2.jpg\"><img loading=\"lazy\" width=\"500\" height=\"500\" src=\"http:\/\/www.creabarkod.com\/wp-content\/uploads\/2019\/06\/Newland-NQuire300-Android-Sabit-Terminal-2.jpg\" alt=\"Newland NQuire300 Android Sabit Terminal\" data-id=\"553\" data-link=\"http:\/\/www.creabarkod.com\/?attachment_id=553\" class=\"wp-image-553\" srcset=\"http:\/\/www.creabarkod.com\/wp-content\/uploads\/2019\/06\/Newland-NQuire300-Android-Sabit-Terminal-2.jpg 500w, http:\/\/www.creabarkod.com\/wp-content\/uploads\/2019\/06\/Newland-NQuire300-Android-Sabit-Terminal-2-150x150.jpg 150w, http:\/\/www.creabarkod.com\/wp-content\/uploads\/2019\/06\/Newland-NQuire300-Android-Sabit-Terminal-2-300x300.jpg 300w\" sizes=\"(max-width: 500px) 100vw, 500px\" \/><\/a><\/figure><\/li><\/ul>\n\n\n\n<p>\u25cf Android 4.4.2 \u0130\u015fletim Sistemi<br>\u25cf 1.4 Ghz Mikro \u0130\u015flemci<br>\u25cf 1 GB Mobile DDR3 RAM, 4 GB Flash ROM<br>\u25cf 4,3 \u0130n\u00e7 Renkli Dokunmatik Ekran<br>\u25cf USB, Ethernet ve Wifi Ba\u011flant\u0131<br>\u25cf 1D \/ 2D Barkod Okuyucu Se\u00e7enekleri<br>\u25cf Kolay Kurulum \u00d6zelli\u011fi<br>\u25cf Cihaz Y\u00f6netim Yaz\u0131l\u0131m\u0131 <\/p>\n\n\n\n<table class=\"wp-block-table\"><tbody><tr><td><strong>Performans<\/strong><\/td><td><\/td><\/tr><tr><td>&nbsp;\u0130\u015flemci<\/td><td> 1,4 Ghz Mikro \u0130\u015flemci <\/td><\/tr><tr><td>&nbsp;Bellek<\/td><td> 1 GB DDR3 RAM, 4 GB Flash ROM <\/td><\/tr><tr><td>&nbsp;\u0130\u015fletim Sistemi<\/td><td> Android 4.4.2 (Kit Kat) <\/td><\/tr><tr><td>&nbsp;Ses<\/td><td> 88 dB (850 Hz~20 KHz) \u00c7ift Kanal Stereo Ses <\/td><\/tr><tr><td><strong>&nbsp;Ekran<\/strong><\/td><td><\/td><\/tr><tr><td>&nbsp;Ekran Tipi<\/td><td> 5 Noktal\u0131 kapasitif Tam Dokunmatik Ekran <\/td><\/tr><tr><td>&nbsp;Boyut<\/td><td> 4,3&#8243; (\u0130n\u00e7) <\/td><\/tr><tr><td>&nbsp;\u00c7\u00f6z\u00fcn\u00fcrl\u00fck<\/td><td> 480 x 272 Piksel <\/td><\/tr><tr><td><strong>&nbsp;Barkod Okuyucu<\/strong><\/td><td><\/td><\/tr><tr><td>&nbsp;Desteklenen Barkod Tipleri<\/td><td> 1D (\u00c7izgikod) ve 2D (Karekod) <\/td><\/tr><tr><td>&nbsp;Optik Sistem<\/td><td><\/td><\/tr><tr><td>&nbsp;Barkod Tipleri<\/td><td><\/td><\/tr><tr><td> 1D <\/td><td> EAN-13, EAN-8, UPC-A, UPC-E, ISSN, ISBN, Codabar, Code 128, Code 93, ITF-6,ITF-14, Interleaved 2 of 5, Industrial 2 of 5, Standard 2 of 5, Matrix 2 of 5, GS1 Databar, Code 39, Code 11, MSI-Plessey, Plessey <\/td><\/tr><tr><td>2D<\/td><td> PDF417, Data Matrix (ECC200, ECC000, 050, 080, 100, 140), QRCode <\/td><\/tr><tr><td>&nbsp;<strong>\u0130leti\u015fim<\/strong><\/td><td><\/td><\/tr><tr><td>&nbsp;USB<\/td><td> USB (2 Adet) <\/td><\/tr><tr><td>&nbsp;Ethernet<\/td><td> 10\/100 \/1000 Mbps Ethernet <\/td><\/tr><tr><td>&nbsp;GPIO<\/td><td> Programlanabilir GPIO (2 Adet Giri\u015f ve 2 Adet \u00c7\u0131k\u0131\u015f) <\/td><\/tr><tr><td>&nbsp;Wifi<\/td><td> IEEE 802.11 b\/g\/n <\/td><\/tr><tr><td>&nbsp;BT<\/td><td> Opsiyonel: Bluetooth 4.0 LE <\/td><\/tr><tr><td>&nbsp;RFID<\/td><td> Opsiyonel: SO\/IEC 1443 A\/B ISO\/IEC 15693; MIFARE 1K\/4K; MIFARE DESFire; Sony FeliCa <\/td><\/tr><tr><td><strong>&nbsp;G\u00fc\u00e7&nbsp;Kayna\u011f\u0131<\/strong><\/td><td><\/td><\/tr><tr><td>&nbsp;G\u00fc\u00e7 T\u00fcketimi<\/td><td> 6W <\/td><\/tr><tr><td>&nbsp;Elektrik Adapt\u00f6r\u00fc<\/td><td> DC9-25V, 2000mA <\/td><\/tr><tr><td>&nbsp;POE<\/td><td> Opsiyonel: Power Over Ethernet IEEE 802.3 AF <\/td><\/tr><tr><td>&nbsp;<strong>Fiziksel<\/strong><\/td><td><\/td><\/tr><tr><td>&nbsp;Ebatlar<\/td><td><\/td><\/tr><tr><td> Geni\u015flik <\/td><td> 139,5 mm <\/td><\/tr><tr><td>Y\u00fckseklik<\/td><td> 140 mm <\/td><\/tr><tr><td>Derinlik<\/td><td> 61 mm <\/td><\/tr><tr><td>&nbsp;A\u011f\u0131rl\u0131k<\/td><td> 403 Gram <\/td><\/tr><tr><td>&nbsp;<strong>\u00c7evresel<\/strong><\/td><td><\/td><\/tr><tr><td>&nbsp;\u00c7al\u0131\u015fma Ortam\u0131 S\u0131cakl\u0131\u011f\u0131<\/td><td> 0\u00b0C ~ 50\u00b0C <\/td><\/tr><tr><td>&nbsp;Saklama S\u0131cakl\u0131\u011f\u0131<\/td><td> -20\u00b0C ~ 55\u00b0C <\/td><\/tr><tr><td>&nbsp;\u00c7al\u0131\u015fma Ortam\u0131 Nem Oran\u0131<\/td><td> %5 ~ 90 (Yo\u011fu\u015fmas\u0131z) <\/td><\/tr><tr><td>&nbsp;Saklama&nbsp;Ortam\u0131 Nem Oran\u0131<\/td><td> %5 ~ 95 (Yo\u011fu\u015fmas\u0131z) <\/td><\/tr><tr><td><strong>&nbsp;Sertifikalar<\/strong><\/td><td><\/td><\/tr><tr><td>&nbsp;Sertifikalar<\/td><td> FCC, CE, RoHS, IEC\/EN 62471 <\/td><\/tr><tr><td>&nbsp;<strong>Aksesuarlar<\/strong><\/td><td><\/td><\/tr><tr><td>Aksesuarlar<\/td><td> Vesa 75 Mount: Raf veya Duvara Monte \u00dcnitesi <\/td><\/tr><tr><td>Elektrik Adapt\u00f6r\u00fc: \u00c7\u0131k\u0131\u015f: DC12V, 2A; Giri\u015f: AC100~240V, 50~60Hz<\/td><td><\/td><\/tr><\/tbody><\/table>\n","protected":false},"excerpt":{"rendered":"<p>\u25cf Android 4.4.2 \u0130\u015fletim Sistemi\u25cf 1.4 Ghz Mikro \u0130\u015flemci\u25cf 1 GB Mobile DDR3 RAM, 4 GB Flash ROM\u25cf 4,3 \u0130n\u00e7 Renkli Dokunmatik Ekran\u25cf USB, Ethernet ve Wifi Ba\u011flant\u0131\u25cf 1D \/ 2D Barkod Okuyucu Se\u00e7enekleri\u25cf Kolay Kurulum \u00d6zelli\u011fi\u25cf Cihaz Y\u00f6netim Yaz\u0131l\u0131m\u0131 Performans &nbsp;\u0130\u015flemci 1,4 Ghz Mikro \u0130\u015flemci &nbsp;Bellek 1 GB DDR3 RAM, 4 GB Flash ROM [&hellip;]<\/p>\n","protected":false},"author":1,"featured_media":0,"parent":512,"menu_order":0,"comment_status":"closed","ping_status":"closed","template":"","meta":[],"yoast_head":"<!-- This site is optimized with the Yoast SEO plugin v15.7 - https:\/\/yoast.com\/wordpress\/plugins\/seo\/ -->\n<title>Newland NQuire300 Android Sabit Terminal - Crea Barkod<\/title>\n<meta name=\"robots\" content=\"index, follow, max-snippet:-1, max-image-preview:large, max-video-preview:-1\" \/>\n<link rel=\"canonical\" href=\"http:\/\/www.creabarkod.com\/?page_id=551\" \/>\n<meta property=\"og:locale\" content=\"tr_TR\" \/>\n<meta property=\"og:type\" content=\"article\" \/>\n<meta property=\"og:title\" content=\"Newland NQuire300 Android Sabit Terminal - Crea Barkod\" \/>\n<meta property=\"og:description\" content=\"\u25cf Android 4.4.2 \u0130\u015fletim Sistemi\u25cf 1.4 Ghz Mikro \u0130\u015flemci\u25cf 1 GB Mobile DDR3 RAM, 4 GB Flash ROM\u25cf 4,3 \u0130n\u00e7 Renkli Dokunmatik Ekran\u25cf USB, Ethernet ve Wifi Ba\u011flant\u0131\u25cf 1D \/ 2D Barkod Okuyucu Se\u00e7enekleri\u25cf Kolay Kurulum \u00d6zelli\u011fi\u25cf Cihaz Y\u00f6netim Yaz\u0131l\u0131m\u0131 Performans &nbsp;\u0130\u015flemci 1,4 Ghz Mikro \u0130\u015flemci &nbsp;Bellek 1 GB DDR3 RAM, 4 GB Flash ROM [&hellip;]\" \/>\n<meta property=\"og:url\" content=\"http:\/\/www.creabarkod.com\/?page_id=551\" \/>\n<meta property=\"og:site_name\" content=\"Crea Barkod\" \/>\n<meta property=\"og:image\" content=\"http:\/\/www.creabarkod.com\/wp-content\/uploads\/2019\/06\/Newland-NQuire300-Android-Sabit-Terminal-1-2.jpg\" \/>\n<meta name=\"twitter:card\" content=\"summary_large_image\" \/>\n<meta name=\"twitter:label1\" content=\"Tahmini okuma s\u00fcresi\">\n\t<meta name=\"twitter:data1\" content=\"1 dakika\">\n<script type=\"application\/ld+json\" class=\"yoast-schema-graph\">{\"@context\":\"https:\/\/schema.org\",\"@graph\":[{\"@type\":\"WebSite\",\"@id\":\"http:\/\/www.creabarkod.com\/#website\",\"url\":\"http:\/\/www.creabarkod.com\/\",\"name\":\"Crea Barkod\",\"description\":\"\",\"potentialAction\":[{\"@type\":\"SearchAction\",\"target\":\"http:\/\/www.creabarkod.com\/?s={search_term_string}\",\"query-input\":\"required name=search_term_string\"}],\"inLanguage\":\"tr\"},{\"@type\":\"ImageObject\",\"@id\":\"http:\/\/www.creabarkod.com\/?page_id=551#primaryimage\",\"inLanguage\":\"tr\",\"url\":\"http:\/\/www.creabarkod.com\/wp-content\/uploads\/2019\/06\/Newland-NQuire300-Android-Sabit-Terminal-1-2.jpg\",\"width\":500,\"height\":500,\"caption\":\"Newland NQuire300 Android Sabit Terminal\"},{\"@type\":\"WebPage\",\"@id\":\"http:\/\/www.creabarkod.com\/?page_id=551#webpage\",\"url\":\"http:\/\/www.creabarkod.com\/?page_id=551\",\"name\":\"Newland NQuire300 Android Sabit Terminal - Crea Barkod\",\"isPartOf\":{\"@id\":\"http:\/\/www.creabarkod.com\/#website\"},\"primaryImageOfPage\":{\"@id\":\"http:\/\/www.creabarkod.com\/?page_id=551#primaryimage\"},\"datePublished\":\"2019-06-18T11:22:13+00:00\",\"dateModified\":\"2019-06-18T11:22:13+00:00\",\"inLanguage\":\"tr\",\"potentialAction\":[{\"@type\":\"ReadAction\",\"target\":[\"http:\/\/www.creabarkod.com\/?page_id=551\"]}]}]}<\/script>\n<!-- \/ Yoast SEO plugin. -->","_links":{"self":[{"href":"http:\/\/www.creabarkod.com\/index.php?rest_route=\/wp\/v2\/pages\/551"}],"collection":[{"href":"http:\/\/www.creabarkod.com\/index.php?rest_route=\/wp\/v2\/pages"}],"about":[{"href":"http:\/\/www.creabarkod.com\/index.php?rest_route=\/wp\/v2\/types\/page"}],"author":[{"embeddable":true,"href":"http:\/\/www.creabarkod.com\/index.php?rest_route=\/wp\/v2\/users\/1"}],"replies":[{"embeddable":true,"href":"http:\/\/www.creabarkod.com\/index.php?rest_route=%2Fwp%2Fv2%2Fcomments&post=551"}],"version-history":[{"count":1,"href":"http:\/\/www.creabarkod.com\/index.php?rest_route=\/wp\/v2\/pages\/551\/revisions"}],"predecessor-version":[{"id":554,"href":"http:\/\/www.creabarkod.com\/index.php?rest_route=\/wp\/v2\/pages\/551\/revisions\/554"}],"up":[{"embeddable":true,"href":"http:\/\/www.creabarkod.com\/index.php?rest_route=\/wp\/v2\/pages\/512"}],"wp:attachment":[{"href":"http:\/\/www.creabarkod.com\/index.php?rest_route=%2Fwp%2Fv2%2Fmedia&parent=551"}],"curies":[{"name":"wp","href":"https:\/\/api.w.org\/{rel}","templated":true}]}}