{"id":530,"date":"2019-06-18T10:06:36","date_gmt":"2019-06-18T10:06:36","guid":{"rendered":"http:\/\/www.creabarkod.com\/?page_id=530"},"modified":"2019-06-18T10:06:37","modified_gmt":"2019-06-18T10:06:37","slug":"zebex-z-1170bt-batch-el-terminali","status":"publish","type":"page","link":"http:\/\/www.creabarkod.com\/?page_id=530","title":{"rendered":"Zebex Z-1170BT Batch El Terminali"},"content":{"rendered":"\n<figure class=\"wp-block-image is-resized\"><a href=\"http:\/\/www.creabarkod.com\/wp-content\/uploads\/2019\/06\/Zebex-Z-1170BT-Batch-El-Terminali.jpg\"><img loading=\"lazy\" src=\"http:\/\/www.creabarkod.com\/wp-content\/uploads\/2019\/06\/Zebex-Z-1170BT-Batch-El-Terminali.jpg\" alt=\"Zebex Z-1170BT Batch El Terminali\" class=\"wp-image-531\" width=\"250\" height=\"250\" srcset=\"http:\/\/www.creabarkod.com\/wp-content\/uploads\/2019\/06\/Zebex-Z-1170BT-Batch-El-Terminali.jpg 500w, http:\/\/www.creabarkod.com\/wp-content\/uploads\/2019\/06\/Zebex-Z-1170BT-Batch-El-Terminali-150x150.jpg 150w, http:\/\/www.creabarkod.com\/wp-content\/uploads\/2019\/06\/Zebex-Z-1170BT-Batch-El-Terminali-300x300.jpg 300w\" sizes=\"(max-width: 250px) 100vw, 250px\" \/><\/a><\/figure>\n\n\n\n<p>\u25cf CCD Barkod Okuyuculu<br>\u25cf 4000 Barkod Kapasitesi<br>\u25cf 0 ~ 300 Okuma Mesafesi<br>\u25cf Saniyede 330 Tarama<br>\u25cf Programlanma \u00f6zelli\u011fi<br>\u25cf 100 Saat Pil \u00d6mr\u00fc<br>\u25cf 93 Gram A\u011f\u0131rl\u0131k<br>\u25cf G\u00fcne\u015f I\u015f\u0131\u011f\u0131 Alt\u0131nda Dahi Okuyabilme<br><strong>\u25cf iPhone, iPad, Android i\u015fletim sistemli cihazlarla kablosuz (Bluetooth) ileti\u015fim \u0130mkan\u0131<\/strong><\/p>\n\n\n\n<table class=\"wp-block-table\"><tbody><tr><td><strong>&nbsp;\u0130\u015flemsel<\/strong><\/td><\/tr><tr><td>&nbsp;I\u015f\u0131k Kayna\u011f\u0131<\/td><td>617 nm g\u00f6r\u00fclebilir LED<\/td><\/tr><tr><td>&nbsp;Tarama uzakl\u0131\u011f\u0131<\/td><td>0 &#8211; 300 mm<\/td><\/tr><tr><td>&nbsp;Tarama H\u0131z\u0131<\/td><td>330&nbsp;tarama\/sn<\/td><\/tr><tr><td>&nbsp;Minimum Bar Geni\u015fli\u011fi<\/td><td>0,127 mm (5 mil) @ PCS %90<\/td><\/tr><tr><td>&nbsp;Bask\u0131 Kontrast\u0131<\/td><td>%30 @UPC\/EAN %100<\/td><\/tr><tr><td>&nbsp;G\u00f6stergeler (LED)<\/td><td>Ye\u015fil ve&nbsp;K\u0131rm\u0131z\u0131 LED<\/td><\/tr><tr><td>&nbsp;Ses Tonu<\/td><td>Programlanabilir bip tonu ve s\u00fcresi<\/td><\/tr><tr><td>&nbsp;Sistem Arabirimleri<\/td><td>TTL Serial Arabirim<\/td><\/tr><tr><td><strong>&nbsp;Sistem<\/strong><\/td><td><\/td><\/tr><tr><td>&nbsp;\u0130\u015flemci<\/td><td>32 bit C-MOS Mikro \u0130\u015flemci<\/td><\/tr><tr><td>&nbsp;Haf\u0131za<\/td><td>64 KB RAM, 128 KB ROM<\/td><\/tr><tr><td>&nbsp;Ger\u00e7ek Zaman Saati<\/td><td>YYYY\/AA\/GG\/SS\/DD\/SS format\u0131nda ger\u00e7ek zamanl\u0131 saat<\/td><\/tr><tr><td><strong>&nbsp;Kablosuz Haberle\u015fme<\/strong><\/td><td><\/td><\/tr><tr><td>&nbsp;Protokol<\/td><td>Bluetooth (Class 1) SPP Profile ve HID Profile<\/td><\/tr><tr><td>&nbsp;Haberle\u015fme mesafesi<\/td><td>20 Metre (Maksimum)<\/td><\/tr><tr><td><strong>&nbsp;Fiziksel<\/strong><\/td><td><\/td><\/tr><tr><td>&nbsp;Y\u00fckseklik<\/td><td>110,7 mm<\/td><\/tr><tr><td>&nbsp;Derinlik<\/td><td>25,1 mm<\/td><\/tr><tr><td>&nbsp;Geni\u015flik<\/td><td>44,5 mm<\/td><\/tr><tr><td>&nbsp;A\u011f\u0131rl\u0131k<\/td><td>93&nbsp; gr (piller dahil)<\/td><\/tr><tr><td>&nbsp;LCD Ekran<\/td><td>FSTN, 96 x 32 nokta grafik (4 sat\u0131r x 16 karakter)<\/td><\/tr><tr><td>&nbsp;Tu\u015f Tak\u0131m\u0131<\/td><td>4 adet tu\u015f<\/td><\/tr><tr><td><strong>&nbsp;Elektriksel<\/strong><\/td><td><\/td><\/tr><tr><td>&nbsp;Ana pil<\/td><td>3 adet 900 mAH NiMH \u015farj edilebilir pil<\/td><\/tr><tr><td>&nbsp;Pil \u00d6mr\u00fc<\/td><td>100 saat (Dakikada 12 okutma ile)<\/td><\/tr><tr><td>&nbsp;EMC<\/td><td>CE &amp; FCC 15B, 15C uyumlu<\/td><\/tr><tr><td><strong>&nbsp;\u00c7evresel<\/strong><\/td><td><\/td><\/tr><tr><td>&nbsp;\u00c7al\u0131\u015fma S\u0131cakl\u0131\u011f\u0131<\/td><td>0 \u00b0C ~ 50 \u00b0C<\/td><\/tr><tr><td>&nbsp;Muhafaza S\u0131cakl\u0131\u011f\u0131<\/td><td>-10 \u00b0C ~ 60 \u00b0C<\/td><\/tr><tr><td>&nbsp;\u00c7al\u0131\u015fma ortam\u0131 nem oran\u0131<\/td><td>%10 ~ %70 (Yo\u011funla\u015fmas\u0131z)<\/td><\/tr><tr><td>&nbsp;Muhafaza ortam\u0131 nem oran\u0131<\/td><td>%5 ~ %70 (Yo\u011funla\u015fmas\u0131z)<\/td><\/tr><tr><td>&nbsp;Darbe dayan\u0131kl\u0131l\u0131\u011f\u0131<\/td><td>1 metre<\/td><\/tr><\/tbody><\/table>\n","protected":false},"excerpt":{"rendered":"<p>\u25cf CCD Barkod Okuyuculu\u25cf 4000 Barkod Kapasitesi\u25cf 0 ~ 300 Okuma Mesafesi\u25cf Saniyede 330 Tarama\u25cf Programlanma \u00f6zelli\u011fi\u25cf 100 Saat Pil \u00d6mr\u00fc\u25cf 93 Gram A\u011f\u0131rl\u0131k\u25cf G\u00fcne\u015f I\u015f\u0131\u011f\u0131 Alt\u0131nda Dahi Okuyabilme\u25cf iPhone, iPad, Android i\u015fletim sistemli cihazlarla kablosuz (Bluetooth) ileti\u015fim \u0130mkan\u0131 &nbsp;\u0130\u015flemsel &nbsp;I\u015f\u0131k Kayna\u011f\u0131 617 nm g\u00f6r\u00fclebilir LED &nbsp;Tarama uzakl\u0131\u011f\u0131 0 &#8211; 300 mm &nbsp;Tarama H\u0131z\u0131 330&nbsp;tarama\/sn [&hellip;]<\/p>\n","protected":false},"author":1,"featured_media":0,"parent":514,"menu_order":0,"comment_status":"closed","ping_status":"closed","template":"","meta":[],"yoast_head":"<!-- This site is optimized with the Yoast SEO plugin v15.7 - https:\/\/yoast.com\/wordpress\/plugins\/seo\/ -->\n<title>Zebex Z-1170BT Batch El Terminali - Crea Barkod<\/title>\n<meta name=\"robots\" content=\"index, follow, max-snippet:-1, max-image-preview:large, max-video-preview:-1\" \/>\n<link rel=\"canonical\" href=\"http:\/\/www.creabarkod.com\/?page_id=530\" \/>\n<meta property=\"og:locale\" content=\"tr_TR\" \/>\n<meta property=\"og:type\" content=\"article\" \/>\n<meta property=\"og:title\" content=\"Zebex Z-1170BT Batch El Terminali - Crea Barkod\" \/>\n<meta property=\"og:description\" content=\"\u25cf CCD Barkod Okuyuculu\u25cf 4000 Barkod Kapasitesi\u25cf 0 ~ 300 Okuma Mesafesi\u25cf Saniyede 330 Tarama\u25cf Programlanma \u00f6zelli\u011fi\u25cf 100 Saat Pil \u00d6mr\u00fc\u25cf 93 Gram A\u011f\u0131rl\u0131k\u25cf G\u00fcne\u015f I\u015f\u0131\u011f\u0131 Alt\u0131nda Dahi Okuyabilme\u25cf iPhone, iPad, Android i\u015fletim sistemli cihazlarla kablosuz (Bluetooth) ileti\u015fim \u0130mkan\u0131 &nbsp;\u0130\u015flemsel &nbsp;I\u015f\u0131k Kayna\u011f\u0131 617 nm g\u00f6r\u00fclebilir LED &nbsp;Tarama uzakl\u0131\u011f\u0131 0 &#8211; 300 mm &nbsp;Tarama H\u0131z\u0131 330&nbsp;tarama\/sn [&hellip;]\" \/>\n<meta property=\"og:url\" content=\"http:\/\/www.creabarkod.com\/?page_id=530\" \/>\n<meta property=\"og:site_name\" content=\"Crea Barkod\" \/>\n<meta property=\"article:modified_time\" content=\"2019-06-18T10:06:37+00:00\" \/>\n<meta property=\"og:image\" content=\"http:\/\/www.creabarkod.com\/wp-content\/uploads\/2019\/06\/Zebex-Z-1170BT-Batch-El-Terminali.jpg\" \/>\n<meta name=\"twitter:card\" content=\"summary_large_image\" \/>\n<meta name=\"twitter:label1\" content=\"Tahmini okuma s\u00fcresi\">\n\t<meta name=\"twitter:data1\" content=\"1 dakika\">\n<script type=\"application\/ld+json\" class=\"yoast-schema-graph\">{\"@context\":\"https:\/\/schema.org\",\"@graph\":[{\"@type\":\"WebSite\",\"@id\":\"http:\/\/www.creabarkod.com\/#website\",\"url\":\"http:\/\/www.creabarkod.com\/\",\"name\":\"Crea Barkod\",\"description\":\"\",\"potentialAction\":[{\"@type\":\"SearchAction\",\"target\":\"http:\/\/www.creabarkod.com\/?s={search_term_string}\",\"query-input\":\"required name=search_term_string\"}],\"inLanguage\":\"tr\"},{\"@type\":\"ImageObject\",\"@id\":\"http:\/\/www.creabarkod.com\/?page_id=530#primaryimage\",\"inLanguage\":\"tr\",\"url\":\"http:\/\/www.creabarkod.com\/wp-content\/uploads\/2019\/06\/Zebex-Z-1170BT-Batch-El-Terminali.jpg\",\"width\":500,\"height\":500,\"caption\":\"Zebex Z-1170BT Batch El Terminali\"},{\"@type\":\"WebPage\",\"@id\":\"http:\/\/www.creabarkod.com\/?page_id=530#webpage\",\"url\":\"http:\/\/www.creabarkod.com\/?page_id=530\",\"name\":\"Zebex Z-1170BT Batch El Terminali - Crea Barkod\",\"isPartOf\":{\"@id\":\"http:\/\/www.creabarkod.com\/#website\"},\"primaryImageOfPage\":{\"@id\":\"http:\/\/www.creabarkod.com\/?page_id=530#primaryimage\"},\"datePublished\":\"2019-06-18T10:06:36+00:00\",\"dateModified\":\"2019-06-18T10:06:37+00:00\",\"inLanguage\":\"tr\",\"potentialAction\":[{\"@type\":\"ReadAction\",\"target\":[\"http:\/\/www.creabarkod.com\/?page_id=530\"]}]}]}<\/script>\n<!-- \/ Yoast SEO plugin. -->","_links":{"self":[{"href":"http:\/\/www.creabarkod.com\/index.php?rest_route=\/wp\/v2\/pages\/530"}],"collection":[{"href":"http:\/\/www.creabarkod.com\/index.php?rest_route=\/wp\/v2\/pages"}],"about":[{"href":"http:\/\/www.creabarkod.com\/index.php?rest_route=\/wp\/v2\/types\/page"}],"author":[{"embeddable":true,"href":"http:\/\/www.creabarkod.com\/index.php?rest_route=\/wp\/v2\/users\/1"}],"replies":[{"embeddable":true,"href":"http:\/\/www.creabarkod.com\/index.php?rest_route=%2Fwp%2Fv2%2Fcomments&post=530"}],"version-history":[{"count":1,"href":"http:\/\/www.creabarkod.com\/index.php?rest_route=\/wp\/v2\/pages\/530\/revisions"}],"predecessor-version":[{"id":532,"href":"http:\/\/www.creabarkod.com\/index.php?rest_route=\/wp\/v2\/pages\/530\/revisions\/532"}],"up":[{"embeddable":true,"href":"http:\/\/www.creabarkod.com\/index.php?rest_route=\/wp\/v2\/pages\/514"}],"wp:attachment":[{"href":"http:\/\/www.creabarkod.com\/index.php?rest_route=%2Fwp%2Fv2%2Fmedia&parent=530"}],"curies":[{"name":"wp","href":"https:\/\/api.w.org\/{rel}","templated":true}]}}