{"id":497,"date":"2019-06-18T08:03:30","date_gmt":"2019-06-18T08:03:30","guid":{"rendered":"http:\/\/www.creabarkod.com\/?page_id=497"},"modified":"2022-04-06T15:10:45","modified_gmt":"2022-04-06T15:10:45","slug":"iletisim","status":"publish","type":"page","link":"http:\/\/www.creabarkod.com\/?page_id=497","title":{"rendered":"\u0130leti\u015fim"},"content":{"rendered":"\n<div class=\"wp-block-image\"><figure class=\"aligncenter\"><img loading=\"lazy\" width=\"300\" height=\"154\" src=\"http:\/\/www.creabarkod.com\/wp-content\/uploads\/2019\/02\/crea_marka_r.png\" alt=\"Crea Barkod\" class=\"wp-image-4\"\/><\/figure><\/div>\n\n\n\n<p class=\"has-text-align-center\"><strong>Crea Barkod Ofis K\u0131rtasiye \u0130malat San. ve Tic. Ltd. \u015eti.<\/strong><\/p>\n\n\n\n<p class=\"has-text-align-center\">Halkal\u0131 Merkez Mah. Vi\u015fne. Sokak No: 2A HALKALI<\/p>\n\n\n\n<p class=\"has-text-align-center\">34303 K.\u00c7ekmece &#8211; \u0130stanbul \/ T\u00fcrkiye<\/p>\n\n\n\n<p class=\"has-text-align-center\">T: 0212 555 11 65 &#8211; 0212 549 11 45<\/p>\n\n\n\n<p class=\"has-text-align-center\">bilgi@creabarkod.com &#8211; bilgi@creaofiskirtasiye.com<\/p>\n\n\n\n<figure><iframe src=\"https:\/\/www.google.com\/maps\/embed?pb=!1m18!1m12!1m3!1d1064.1189671499226!2d28.804170472919715!3d41.03000431122067!2m3!1f0!2f0!3f0!3m2!1i1024!2i768!4f13.1!3m3!1m2!1s0x14caa51648f04841%3A0xdd04fc7fc3ad3fd2!2sCrea%20Barkod%20Ofis%20K%C4%B1rtasiye%20%C4%B0malat%20Sanayi%20ve%20Ticaret%20Ltd.%20%C5%9Eti.!5e0!3m2!1str!2str!4v1649257767433!5m2!1str!2str\" width=\"1150\" height=\"450\" style=\"border:0;\" allowfullscreen=\"\" loading=\"lazy\" referrerpolicy=\"no-referrer-when-downgrade\"><\/iframe><\/figure>\n","protected":false},"excerpt":{"rendered":"<p>Crea Barkod Ofis K\u0131rtasiye \u0130malat San. ve Tic. Ltd. \u015eti. Halkal\u0131 Merkez Mah. Vi\u015fne. Sokak No: 2A HALKALI 34303 K.\u00c7ekmece &#8211; \u0130stanbul \/ T\u00fcrkiye T: 0212 555 11 65 &#8211; 0212 549 11 45 bilgi@creabarkod.com &#8211; bilgi@creaofiskirtasiye.com<\/p>\n","protected":false},"author":1,"featured_media":0,"parent":0,"menu_order":0,"comment_status":"closed","ping_status":"closed","template":"","meta":[],"yoast_head":"<!-- This site is optimized with the Yoast SEO plugin v15.7 - https:\/\/yoast.com\/wordpress\/plugins\/seo\/ -->\n<title>\u0130leti\u015fim - Crea Barkod<\/title>\n<meta name=\"robots\" content=\"index, follow, max-snippet:-1, max-image-preview:large, max-video-preview:-1\" \/>\n<link rel=\"canonical\" href=\"http:\/\/www.creabarkod.com\/?page_id=497\" \/>\n<meta property=\"og:locale\" content=\"tr_TR\" \/>\n<meta property=\"og:type\" content=\"article\" \/>\n<meta property=\"og:title\" content=\"\u0130leti\u015fim - Crea Barkod\" \/>\n<meta property=\"og:description\" content=\"Crea Barkod Ofis K\u0131rtasiye \u0130malat San. ve Tic. Ltd. \u015eti. Halkal\u0131 Merkez Mah. Vi\u015fne. Sokak No: 2A HALKALI 34303 K.\u00c7ekmece &#8211; \u0130stanbul \/ T\u00fcrkiye T: 0212 555 11 65 &#8211; 0212 549 11 45 bilgi@creabarkod.com &#8211; bilgi@creaofiskirtasiye.com\" \/>\n<meta property=\"og:url\" content=\"http:\/\/www.creabarkod.com\/?page_id=497\" \/>\n<meta property=\"og:site_name\" content=\"Crea Barkod\" \/>\n<meta property=\"article:modified_time\" content=\"2022-04-06T15:10:45+00:00\" \/>\n<meta property=\"og:image\" content=\"http:\/\/www.creabarkod.com\/wp-content\/uploads\/2019\/02\/crea_marka_r.png\" \/>\n<meta name=\"twitter:card\" content=\"summary_large_image\" \/>\n<meta name=\"twitter:label1\" content=\"Tahmini okuma s\u00fcresi\">\n\t<meta name=\"twitter:data1\" content=\"1 dakika\">\n<script type=\"application\/ld+json\" class=\"yoast-schema-graph\">{\"@context\":\"https:\/\/schema.org\",\"@graph\":[{\"@type\":\"WebSite\",\"@id\":\"http:\/\/www.creabarkod.com\/#website\",\"url\":\"http:\/\/www.creabarkod.com\/\",\"name\":\"Crea Barkod\",\"description\":\"\",\"potentialAction\":[{\"@type\":\"SearchAction\",\"target\":\"http:\/\/www.creabarkod.com\/?s={search_term_string}\",\"query-input\":\"required name=search_term_string\"}],\"inLanguage\":\"tr\"},{\"@type\":\"ImageObject\",\"@id\":\"http:\/\/www.creabarkod.com\/?page_id=497#primaryimage\",\"inLanguage\":\"tr\",\"url\":\"http:\/\/www.creabarkod.com\/wp-content\/uploads\/2019\/02\/crea_marka_r.png\",\"width\":300,\"height\":154,\"caption\":\"Crea Barkod\"},{\"@type\":\"WebPage\",\"@id\":\"http:\/\/www.creabarkod.com\/?page_id=497#webpage\",\"url\":\"http:\/\/www.creabarkod.com\/?page_id=497\",\"name\":\"\\u0130leti\\u015fim - Crea Barkod\",\"isPartOf\":{\"@id\":\"http:\/\/www.creabarkod.com\/#website\"},\"primaryImageOfPage\":{\"@id\":\"http:\/\/www.creabarkod.com\/?page_id=497#primaryimage\"},\"datePublished\":\"2019-06-18T08:03:30+00:00\",\"dateModified\":\"2022-04-06T15:10:45+00:00\",\"inLanguage\":\"tr\",\"potentialAction\":[{\"@type\":\"ReadAction\",\"target\":[\"http:\/\/www.creabarkod.com\/?page_id=497\"]}]}]}<\/script>\n<!-- \/ Yoast SEO plugin. -->","_links":{"self":[{"href":"http:\/\/www.creabarkod.com\/index.php?rest_route=\/wp\/v2\/pages\/497"}],"collection":[{"href":"http:\/\/www.creabarkod.com\/index.php?rest_route=\/wp\/v2\/pages"}],"about":[{"href":"http:\/\/www.creabarkod.com\/index.php?rest_route=\/wp\/v2\/types\/page"}],"author":[{"embeddable":true,"href":"http:\/\/www.creabarkod.com\/index.php?rest_route=\/wp\/v2\/users\/1"}],"replies":[{"embeddable":true,"href":"http:\/\/www.creabarkod.com\/index.php?rest_route=%2Fwp%2Fv2%2Fcomments&post=497"}],"version-history":[{"count":8,"href":"http:\/\/www.creabarkod.com\/index.php?rest_route=\/wp\/v2\/pages\/497\/revisions"}],"predecessor-version":[{"id":1264,"href":"http:\/\/www.creabarkod.com\/index.php?rest_route=\/wp\/v2\/pages\/497\/revisions\/1264"}],"wp:attachment":[{"href":"http:\/\/www.creabarkod.com\/index.php?rest_route=%2Fwp%2Fv2%2Fmedia&parent=497"}],"curies":[{"name":"wp","href":"https:\/\/api.w.org\/{rel}","templated":true}]}}