{"id":435,"date":"2019-06-17T13:28:10","date_gmt":"2019-06-17T13:28:10","guid":{"rendered":"http:\/\/www.creabarkod.com\/?page_id=435"},"modified":"2019-06-17T13:42:28","modified_gmt":"2019-06-17T13:42:28","slug":"godex-bp500l-barkod-yazici","status":"publish","type":"page","link":"http:\/\/www.creabarkod.com\/?page_id=435","title":{"rendered":"Godex BP500L Barkod Yaz\u0131c\u0131"},"content":{"rendered":"\n<ul class=\"wp-block-gallery columns-3 is-cropped\"><li class=\"blocks-gallery-item\"><figure><a href=\"http:\/\/www.creabarkod.com\/wp-content\/uploads\/2019\/06\/Godex-BP500L-End\u00fcstriyel-Barkod-Yaz\u0131c\u0131-1-1.jpg\"><img loading=\"lazy\" width=\"500\" height=\"500\" src=\"http:\/\/www.creabarkod.com\/wp-content\/uploads\/2019\/06\/Godex-BP500L-End\u00fcstriyel-Barkod-Yaz\u0131c\u0131-1-1.jpg\" alt=\"Godex BP500L End\u00fcstriyel Barkod Yaz\u0131c\u0131\" data-id=\"451\" data-link=\"http:\/\/www.creabarkod.com\/?attachment_id=451\" class=\"wp-image-451\" srcset=\"http:\/\/www.creabarkod.com\/wp-content\/uploads\/2019\/06\/Godex-BP500L-End\u00fcstriyel-Barkod-Yaz\u0131c\u0131-1-1.jpg 500w, http:\/\/www.creabarkod.com\/wp-content\/uploads\/2019\/06\/Godex-BP500L-End\u00fcstriyel-Barkod-Yaz\u0131c\u0131-1-1-150x150.jpg 150w, http:\/\/www.creabarkod.com\/wp-content\/uploads\/2019\/06\/Godex-BP500L-End\u00fcstriyel-Barkod-Yaz\u0131c\u0131-1-1-300x300.jpg 300w\" sizes=\"(max-width: 500px) 100vw, 500px\" \/><\/a><figcaption>Godex BP500L End\u00fcstriyel Barkod Yaz\u0131c\u0131<\/figcaption><\/figure><\/li><li class=\"blocks-gallery-item\"><figure><a href=\"http:\/\/www.creabarkod.com\/wp-content\/uploads\/2019\/06\/Godex-BP500L-End\u00fcstriyel-Barkod-Yaz\u0131c\u0131-2.jpg\"><img loading=\"lazy\" width=\"500\" height=\"500\" src=\"http:\/\/www.creabarkod.com\/wp-content\/uploads\/2019\/06\/Godex-BP500L-End\u00fcstriyel-Barkod-Yaz\u0131c\u0131-2.jpg\" alt=\"Godex BP500L End\u00fcstriyel Barkod Yaz\u0131c\u0131\" data-id=\"452\" data-link=\"http:\/\/www.creabarkod.com\/?attachment_id=452\" class=\"wp-image-452\" srcset=\"http:\/\/www.creabarkod.com\/wp-content\/uploads\/2019\/06\/Godex-BP500L-End\u00fcstriyel-Barkod-Yaz\u0131c\u0131-2.jpg 500w, http:\/\/www.creabarkod.com\/wp-content\/uploads\/2019\/06\/Godex-BP500L-End\u00fcstriyel-Barkod-Yaz\u0131c\u0131-2-150x150.jpg 150w, http:\/\/www.creabarkod.com\/wp-content\/uploads\/2019\/06\/Godex-BP500L-End\u00fcstriyel-Barkod-Yaz\u0131c\u0131-2-300x300.jpg 300w\" sizes=\"(max-width: 500px) 100vw, 500px\" \/><\/a><figcaption>Godex BP500L End\u00fcstriyel Barkod Yaz\u0131c\u0131<\/figcaption><\/figure><\/li><li class=\"blocks-gallery-item\"><figure><a href=\"http:\/\/www.creabarkod.com\/wp-content\/uploads\/2019\/06\/Godex-BP500L-End\u00fcstriyel-Barkod-Yaz\u0131c\u0131-3.jpg\"><img loading=\"lazy\" width=\"500\" height=\"500\" src=\"http:\/\/www.creabarkod.com\/wp-content\/uploads\/2019\/06\/Godex-BP500L-End\u00fcstriyel-Barkod-Yaz\u0131c\u0131-3.jpg\" alt=\"Godex BP500L End\u00fcstriyel Barkod Yaz\u0131c\u0131\" data-id=\"453\" data-link=\"http:\/\/www.creabarkod.com\/?attachment_id=453\" class=\"wp-image-453\" srcset=\"http:\/\/www.creabarkod.com\/wp-content\/uploads\/2019\/06\/Godex-BP500L-End\u00fcstriyel-Barkod-Yaz\u0131c\u0131-3.jpg 500w, http:\/\/www.creabarkod.com\/wp-content\/uploads\/2019\/06\/Godex-BP500L-End\u00fcstriyel-Barkod-Yaz\u0131c\u0131-3-150x150.jpg 150w, http:\/\/www.creabarkod.com\/wp-content\/uploads\/2019\/06\/Godex-BP500L-End\u00fcstriyel-Barkod-Yaz\u0131c\u0131-3-300x300.jpg 300w\" sizes=\"(max-width: 500px) 100vw, 500px\" \/><\/a><figcaption>Godex BP500L End\u00fcstriyel Barkod Yaz\u0131c\u0131<\/figcaption><\/figure><\/li><\/ul>\n\n\n\n<p>\u25cf Direk Termal \/ Termal Transfer Bask\u0131<br>\u25cf 203 DPI Bask\u0131 \u00c7\u00f6z\u00fcn\u00fcrl\u00fc\u011f\u00fc<br>\u25cf Max. 108 mm Bask\u0131 Geni\u015fli\u011fi<br>\u25cf Max. 1727 mm Bask\u0131 Uzunlu\u011fu<br>\u25cf Max. 127 mm \/ Saniye Bask\u0131 H\u0131z\u0131<br>\u25cf 32 MB DRAM, 128 MB Flash Bellek<br>\u25cf USB port<br>\u25cf EZPL, GEPL ve GZPL Barkod Yaz\u0131m Dili Deste\u011fi<br>\u25cf Windows, Mac ve Linux Driver Deste\u011fi <\/p>\n\n\n\n<table class=\"wp-block-table\"><tbody><tr><td><strong>\u0130\u015flemsel<\/strong><\/td><\/tr><tr><td>&nbsp;Bask\u0131 metodu<\/td><td>Direkt termal \/ Termal transfer Bask\u0131<\/td><\/tr><tr><td>&nbsp;Bask\u0131 \u00c7\u00f6z\u00fcn\u00fcrl\u00fc\u011f\u00fc<\/td><td>203 DPI (8 dots\/mm)<\/td><\/tr><tr><td>&nbsp;Bask\u0131 h\u0131z\u0131 (Maksimum)<\/td><td>127 mm\/saniye<\/td><\/tr><tr><td>&nbsp;Bask\u0131 uzunlu\u011fu<\/td><td>4 mm ~ 1727 mm<\/td><\/tr><tr><td>&nbsp;Bask\u0131 geni\u015fli\u011fi<\/td><td>25 mm ~ 108 mm<\/td><\/tr><tr><td>&nbsp;Bellek<\/td><td>32 MB DRAM, 128 MB Flash ROM<\/td><\/tr><tr><td>&nbsp;\u0130\u015flemci<\/td><td>32 bit RISC i\u015flemci<\/td><\/tr><tr><td>&nbsp;\u0130\u015flem arabirimleri<\/td><td>2 Adet LED (Ready ve Status)<\/td><\/tr><tr><td>Kontrol-\u0130lerletme D\u00fc\u011fmesi (FEED)<\/td><\/tr><tr><td>Kalibrasyon D\u00fc\u011fmesi<\/td><\/tr><tr><td>&nbsp;Haberle\u015fme<\/td><td>USB<\/td><\/tr><tr><td>&nbsp;Etiket&nbsp;alg\u0131lama sens\u00f6r\u00fc<\/td><td>Yans\u0131tmal\u0131-Reflective (Hareketli)<\/td><\/tr><tr><td>Transmissive-Birbirini g\u00f6rmeli (Ortada ve sabit)<\/td><\/tr><tr><td>&nbsp;Sertifikalar<\/td><td>(CE (EMC)\u3001FCC Class A\u3001UL\u3001cUL\u3001CB\u3001CCC\u3001BIS<\/td><\/tr><tr><td><strong>&nbsp;Fiziksel<\/strong><\/td><\/tr><tr><td>&nbsp;Geni\u015flik<\/td><td>275 mm<\/td><\/tr><tr><td>&nbsp;Y\u00fckseklik<\/td><td>220 mm<\/td><\/tr><tr><td>&nbsp;Uzunluk<\/td><td>320 mm<\/td><\/tr><tr><td>&nbsp;A\u011f\u0131rl\u0131k<\/td><td>9 kg<\/td><\/tr><tr><td>&nbsp;Kasa<\/td><td>Metal<\/td><\/tr><tr><td><strong>&nbsp;Elektriksel<\/strong><\/td><\/tr><tr><td>&nbsp;G\u00fc\u00e7 giri\u015f \u015fekli<\/td><td>Elektrik kablosu<\/td><\/tr><tr><td>&nbsp;G\u00fc\u00e7 kayna\u011f\u0131 (Giri\u015f)<\/td><td>100-240 VAC , 50\/60hz<\/td><\/tr><tr><td><strong>&nbsp;\u00c7evresel<\/strong><\/td><\/tr><tr><td>&nbsp;\u00c7al\u0131\u015fma ortam\u0131 s\u0131cakl\u0131\u011f\u0131<\/td><td>5 \u00b0C ~ 40 \u00b0C<\/td><\/tr><tr><td>&nbsp;Saklama s\u0131cakl\u0131\u011f\u0131<\/td><td>-20 \u00b0C ~ 50 \u00b0C<\/td><\/tr><tr><td>&nbsp;\u00c7al\u0131\u015fma ortam\u0131 nem oran\u0131<\/td><td>%30 ~ %85<\/td><\/tr><tr><td>&nbsp;Saklama ortam\u0131 nem oran\u0131<\/td><td>%10 ~ %90<\/td><\/tr><tr><td><strong>&nbsp;Etiket<\/strong><\/td><\/tr><tr><td>&nbsp;Tip<\/td><td>Ara bo\u015fluklu, S\u00fcrekli form, black mark (siyah \u00e7izgi ile ayr\u0131lm\u0131\u015f)<\/td><\/tr><tr><td>&nbsp;Geni\u015flik<\/td><td>25,4 mm ~ 118 mm<\/td><\/tr><tr><td>&nbsp;Kal\u0131nl\u0131k<\/td><td>0,06 mm ~ 0,25 mm<\/td><\/tr><tr><td>&nbsp;Kuka i\u00e7 \u00e7ap\u0131<\/td><td>25,4 ~ 76,2 mm<\/td><\/tr><tr><td>&nbsp;Etiket d\u0131\u015f \u00e7ap\u0131<\/td><td>Max. 152 mm<\/td><\/tr><tr><td><strong>&nbsp;Ribon<\/strong><\/td><\/tr><tr><td>&nbsp;Tip<\/td><td>Wax , Wax\/Resin , Resin<\/td><\/tr><tr><td>&nbsp;Sar\u0131m y\u00f6n\u00fc<\/td><td>\u0130\u00e7 Sar\u0131m veya D\u0131\u015f Sar\u0131m<\/td><\/tr><tr><td>&nbsp;Uzunluk<\/td><td>Max. 300 metre<\/td><\/tr><tr><td>&nbsp;Geni\u015flik<\/td><td>30 mm ~ 110 mm<\/td><\/tr><tr><td>&nbsp;Kuka i\u00e7 \u00e7ap\u0131<\/td><td>25,4 mm<\/td><\/tr><tr><td>&nbsp;Ribon d\u0131\u015f \u00e7ap\u0131<\/td><td>68 mm<\/td><\/tr><tr><td><strong>&nbsp;Yaz\u0131l\u0131msal<\/strong><\/td><\/tr><tr><td>&nbsp;Windows s\u00fcr\u00fcc\u00fcleri<\/td><td>Win XP \/ Vista \/ 7 \/ 8 \/ 8.1 \/ Win 10, Windows Server 2003 \/ 2008 \/ 2012 (32 Bit &amp; 64 Bit)<\/td><\/tr><tr><td>&nbsp;Linux s\u00fcr\u00fcc\u00fcleri<\/td><td>Var<\/td><\/tr><tr><td>&nbsp;MAC s\u00fcr\u00fcc\u00fcleri<\/td><td>Var<\/td><\/tr><tr><td>&nbsp;DLL<\/td><td>Win CE, .NET, Andriod, Windows Mobile, Windows 2000 \/ XP \/ VISTA \/ 7 \/ 8 \/ 8.1<\/td><\/tr><tr><td>&nbsp;Etiket dizayn program\u0131<\/td><td>Qlabel IV ve GoLabel (\u00dccretsiz) (Yaln\u0131zca EZPL modunda)<\/td><\/tr><tr><td>&nbsp;Desteklenen&nbsp;barkod yaz\u0131m dilleri<\/td><td>EZPL, GEPL ve GZPL (Otomatik Se\u00e7im)<\/td><\/tr><tr><td>&nbsp;Desteklenen grafik bi\u00e7imleri<\/td><td>BMP, PCX veya programlar ile y\u00fcklenebilen di\u011fer dosya bi\u00e7imleri<\/td><\/tr><tr><td>&nbsp;Desteklenen kod sayfalar\u0131<\/td><td>CODEPAGE 437, 850, 851, 852, 855, 857, 860, 861, 862, 863, 865, 866, 869, 737<br>Windows 1250, 1251, 1252, 1253, 1254, 1255, Unicode (UTF8, UTF16)<\/td><\/tr><tr><td>&nbsp;Dahili yaz\u0131 tipleri<br>(Bitmap yaz\u0131 tipleri)<\/td><td>6, 8, 10, 12, 14, 18, 24, 30, 16X26 ve OCR A &amp; B punto boyutlar\u0131nda,<br>90\u00b0, 180\u00b0, 270\u00b0 d\u00f6nd\u00fcr\u00fclebilir,<br>Tek karakterler 90\u00b0, 180\u00b0, 270\u00b0 d\u00f6nd\u00fcr\u00fclebilir,<br>Yatay ve dikey y\u00f6nlerde 8 kat geni\u015fletilebilir,&nbsp;<br>90\u00b0, 180\u00b0, 270\u00b0 \u00d6l\u00e7eklenebilir ve d\u00f6nd\u00fcr\u00fclebilir<\/td><\/tr><tr><td>&nbsp;Y\u00fcklenebilir yaz\u0131 tipleri<\/td><td>Bitmap yaz\u0131 tipleri 90\u00b0, 180\u00b0, 270\u00b0 d\u00f6nd\u00fcr\u00fclebilir, tek karakterler 90\u00b0, 180\u00b0, 270\u00b0 d\u00f6nd\u00fcr\u00fclebilir<br>Asya yaz\u0131 tipleri 90\u00b0, 180\u00b0, 270\u00b0 d\u00f6nd\u00fcr\u00fclebilir ve Yatay ve dikey y\u00f6nlerde 8 kat geni\u015fletilebilir,<br>90\u00b0, 180\u00b0, 270\u00b0 \u00d6l\u00e7eklenebilir ve d\u00f6nd\u00fcr\u00fclebilir<\/td><\/tr><tr><td><strong>&nbsp;Desteklenen Barkod Tipleri<\/strong><\/td><\/tr><tr><td>&nbsp;1D<\/td><td>Code 39, Code 93, Code 128 (subset A, B, C), UCC\/EAN-128 K-Mart, UCC\/EAN-128, UPC A \/ E (add on 2 &amp; 5), ITF 2 of 5, ITF 2 of 5 with Shipping Bearer Bars, EAN 8 \/ 13 (add on 2 &amp; 5), Codabar, Post NET, EAN 128, DUN 14,HIBC, MSI (1 Mod 10), Random Weight, Telepen, FIM, China Postal Code, RPS 128 ve GS1 DataBar<\/td><\/tr><tr><td>&nbsp;2D<\/td><td>PDF417, Datamatrix, MaxiCode, QRCode ve Micro QRCode<\/td><\/tr><\/tbody><\/table>\n","protected":false},"excerpt":{"rendered":"<p>\u25cf Direk Termal \/ Termal Transfer Bask\u0131\u25cf 203 DPI Bask\u0131 \u00c7\u00f6z\u00fcn\u00fcrl\u00fc\u011f\u00fc\u25cf Max. 108 mm Bask\u0131 Geni\u015fli\u011fi\u25cf Max. 1727 mm Bask\u0131 Uzunlu\u011fu\u25cf Max. 127 mm \/ Saniye Bask\u0131 H\u0131z\u0131\u25cf 32 MB DRAM, 128 MB Flash Bellek\u25cf USB port\u25cf EZPL, GEPL ve GZPL Barkod Yaz\u0131m Dili Deste\u011fi\u25cf Windows, Mac ve Linux Driver Deste\u011fi \u0130\u015flemsel &nbsp;Bask\u0131 metodu Direkt [&hellip;]<\/p>\n","protected":false},"author":1,"featured_media":0,"parent":310,"menu_order":0,"comment_status":"closed","ping_status":"closed","template":"","meta":[],"yoast_head":"<!-- This site is optimized with the Yoast SEO plugin v15.7 - https:\/\/yoast.com\/wordpress\/plugins\/seo\/ -->\n<title>Godex BP500L Barkod Yaz\u0131c\u0131 - Crea Barkod<\/title>\n<meta name=\"robots\" content=\"index, follow, max-snippet:-1, max-image-preview:large, max-video-preview:-1\" \/>\n<link rel=\"canonical\" href=\"http:\/\/www.creabarkod.com\/?page_id=435\" \/>\n<meta property=\"og:locale\" content=\"tr_TR\" \/>\n<meta property=\"og:type\" content=\"article\" \/>\n<meta property=\"og:title\" content=\"Godex BP500L Barkod Yaz\u0131c\u0131 - Crea Barkod\" \/>\n<meta property=\"og:description\" content=\"\u25cf Direk Termal \/ Termal Transfer Bask\u0131\u25cf 203 DPI Bask\u0131 \u00c7\u00f6z\u00fcn\u00fcrl\u00fc\u011f\u00fc\u25cf Max. 108 mm Bask\u0131 Geni\u015fli\u011fi\u25cf Max. 1727 mm Bask\u0131 Uzunlu\u011fu\u25cf Max. 127 mm \/ Saniye Bask\u0131 H\u0131z\u0131\u25cf 32 MB DRAM, 128 MB Flash Bellek\u25cf USB port\u25cf EZPL, GEPL ve GZPL Barkod Yaz\u0131m Dili Deste\u011fi\u25cf Windows, Mac ve Linux Driver Deste\u011fi \u0130\u015flemsel &nbsp;Bask\u0131 metodu Direkt [&hellip;]\" \/>\n<meta property=\"og:url\" content=\"http:\/\/www.creabarkod.com\/?page_id=435\" \/>\n<meta property=\"og:site_name\" content=\"Crea Barkod\" \/>\n<meta property=\"article:modified_time\" content=\"2019-06-17T13:42:28+00:00\" \/>\n<meta property=\"og:image\" content=\"http:\/\/www.creabarkod.com\/wp-content\/uploads\/2019\/06\/Godex-BP500L-End\u00fcstriyel-Barkod-Yaz\u0131c\u0131-1-1.jpg\" \/>\n<meta name=\"twitter:card\" content=\"summary_large_image\" \/>\n<meta name=\"twitter:label1\" content=\"Tahmini okuma s\u00fcresi\">\n\t<meta name=\"twitter:data1\" content=\"3 dakika\">\n<script type=\"application\/ld+json\" class=\"yoast-schema-graph\">{\"@context\":\"https:\/\/schema.org\",\"@graph\":[{\"@type\":\"WebSite\",\"@id\":\"http:\/\/www.creabarkod.com\/#website\",\"url\":\"http:\/\/www.creabarkod.com\/\",\"name\":\"Crea Barkod\",\"description\":\"\",\"potentialAction\":[{\"@type\":\"SearchAction\",\"target\":\"http:\/\/www.creabarkod.com\/?s={search_term_string}\",\"query-input\":\"required name=search_term_string\"}],\"inLanguage\":\"tr\"},{\"@type\":\"ImageObject\",\"@id\":\"http:\/\/www.creabarkod.com\/?page_id=435#primaryimage\",\"inLanguage\":\"tr\",\"url\":\"http:\/\/www.creabarkod.com\/wp-content\/uploads\/2019\/06\/Godex-BP500L-End\\u00fcstriyel-Barkod-Yaz\\u0131c\\u0131-1-1.jpg\",\"width\":500,\"height\":500,\"caption\":\"Godex BP500L End\\u00fcstriyel Barkod Yaz\\u0131c\\u0131\"},{\"@type\":\"WebPage\",\"@id\":\"http:\/\/www.creabarkod.com\/?page_id=435#webpage\",\"url\":\"http:\/\/www.creabarkod.com\/?page_id=435\",\"name\":\"Godex BP500L Barkod Yaz\\u0131c\\u0131 - Crea Barkod\",\"isPartOf\":{\"@id\":\"http:\/\/www.creabarkod.com\/#website\"},\"primaryImageOfPage\":{\"@id\":\"http:\/\/www.creabarkod.com\/?page_id=435#primaryimage\"},\"datePublished\":\"2019-06-17T13:28:10+00:00\",\"dateModified\":\"2019-06-17T13:42:28+00:00\",\"inLanguage\":\"tr\",\"potentialAction\":[{\"@type\":\"ReadAction\",\"target\":[\"http:\/\/www.creabarkod.com\/?page_id=435\"]}]}]}<\/script>\n<!-- \/ Yoast SEO plugin. -->","_links":{"self":[{"href":"http:\/\/www.creabarkod.com\/index.php?rest_route=\/wp\/v2\/pages\/435"}],"collection":[{"href":"http:\/\/www.creabarkod.com\/index.php?rest_route=\/wp\/v2\/pages"}],"about":[{"href":"http:\/\/www.creabarkod.com\/index.php?rest_route=\/wp\/v2\/types\/page"}],"author":[{"embeddable":true,"href":"http:\/\/www.creabarkod.com\/index.php?rest_route=\/wp\/v2\/users\/1"}],"replies":[{"embeddable":true,"href":"http:\/\/www.creabarkod.com\/index.php?rest_route=%2Fwp%2Fv2%2Fcomments&post=435"}],"version-history":[{"count":2,"href":"http:\/\/www.creabarkod.com\/index.php?rest_route=\/wp\/v2\/pages\/435\/revisions"}],"predecessor-version":[{"id":454,"href":"http:\/\/www.creabarkod.com\/index.php?rest_route=\/wp\/v2\/pages\/435\/revisions\/454"}],"up":[{"embeddable":true,"href":"http:\/\/www.creabarkod.com\/index.php?rest_route=\/wp\/v2\/pages\/310"}],"wp:attachment":[{"href":"http:\/\/www.creabarkod.com\/index.php?rest_route=%2Fwp%2Fv2%2Fmedia&parent=435"}],"curies":[{"name":"wp","href":"https:\/\/api.w.org\/{rel}","templated":true}]}}