{"id":416,"date":"2019-06-17T13:20:53","date_gmt":"2019-06-17T13:20:53","guid":{"rendered":"http:\/\/www.creabarkod.com\/?page_id=416"},"modified":"2019-06-17T13:20:54","modified_gmt":"2019-06-17T13:20:54","slug":"argox-cp-3140-barkod-yazici","status":"publish","type":"page","link":"http:\/\/www.creabarkod.com\/?page_id=416","title":{"rendered":"Argox CP-3140 Barkod Yaz\u0131c\u0131"},"content":{"rendered":"\n<figure class=\"wp-block-image is-resized\"><a href=\"http:\/\/www.creabarkod.com\/wp-content\/uploads\/2019\/06\/Argox-CP-3140-Orta-Seviye-Barkod-Yaz\u0131c\u0131-1.jpg\"><img loading=\"lazy\" src=\"http:\/\/www.creabarkod.com\/wp-content\/uploads\/2019\/06\/Argox-CP-3140-Orta-Seviye-Barkod-Yaz\u0131c\u0131-1.jpg\" alt=\"Argox CP-3140 Orta Seviye Barkod Yaz\u0131c\u0131\" class=\"wp-image-411\" width=\"250\" height=\"250\" srcset=\"http:\/\/www.creabarkod.com\/wp-content\/uploads\/2019\/06\/Argox-CP-3140-Orta-Seviye-Barkod-Yaz\u0131c\u0131-1.jpg 500w, http:\/\/www.creabarkod.com\/wp-content\/uploads\/2019\/06\/Argox-CP-3140-Orta-Seviye-Barkod-Yaz\u0131c\u0131-1-150x150.jpg 150w, http:\/\/www.creabarkod.com\/wp-content\/uploads\/2019\/06\/Argox-CP-3140-Orta-Seviye-Barkod-Yaz\u0131c\u0131-1-300x300.jpg 300w\" sizes=\"(max-width: 250px) 100vw, 250px\" \/><\/a><\/figure>\n\n\n\n<p>\u25cf Direk Termal \/ Termal Transfer Bask\u0131<br>\u25cf\u00a0300 DPI Bask\u0131 \u00c7\u00f6z\u00fcn\u00fcrl\u00fc\u011f\u00fc<br>\u25cf Max. 104 mm Bask\u0131 Geni\u015fli\u011fi<br>\u25cf Max. 1270 mm Bask\u0131 Uzunlu\u011fu<br>\u25cf Max. 102 mm \/ Saniye Bask\u0131 H\u0131z\u0131<br>\u25cf 8 MB DRAM, 8 MB Flash Bellek<br>\u25cf LPT, RS-232C ve USB port<br>\u25cf 300 Metre Ribon Kullanabilme<br>\u25cf 4 Otomatik Kalibrasyon Modu<br>\u25cf PPLA ve PPLB Barkod Yaz\u0131m Dili Deste\u011fi<br>\u25cf Windows ve Linux Driver Deste\u011fi<br>\u25cf Sessiz Bask\u0131 <\/p>\n\n\n\n<table class=\"wp-block-table\"><tbody><tr><td><strong>&nbsp;\u0130\u015flemsel<\/strong><\/td><\/tr><tr><td>&nbsp;Bask\u0131 metodu<\/td><td>Direkt termal \/ Termal transfer Bask\u0131<\/td><\/tr><tr><td>&nbsp;Bask\u0131 \u00c7\u00f6z\u00fcn\u00fcrl\u00fc\u011f\u00fc<\/td><td>300 DPI (12 dots\/mm)<\/td><\/tr><tr><td>&nbsp;Bask\u0131 h\u0131z\u0131<\/td><td>25,4 ~ 102 mm\/saniye<\/td><\/tr><tr><td>&nbsp;Bask\u0131 uzunlu\u011fu<\/td><td>5&nbsp;~ 1270 mm<\/td><\/tr><tr><td>&nbsp;Bask\u0131 geni\u015fli\u011fi<\/td><td>25 mm ~ 104 mm<\/td><\/tr><tr><td>&nbsp;Haf\u0131za<\/td><td>8 MB DRAM, 8 MB Flash ROM<\/td><\/tr><tr><td>&nbsp;\u0130\u015flemci<\/td><td>32 bit RISC i\u015flemci<\/td><\/tr><tr><td>&nbsp;\u0130\u015flem arabirimleri<\/td><td>1 adet d\u00fc\u011fme&nbsp; (FEED) ve 2 adet LED (Power ve Ready)<\/td><\/tr><tr><td>&nbsp;Haberle\u015fme<\/td><td>LPT, Seri Port (RS-232C) ve USB<\/td><\/tr><tr><td>&nbsp;Etiket&nbsp;alg\u0131lama sens\u00f6r\u00fc<\/td><td>Yans\u0131tmal\u0131 Sens\u00f6r: Etiket bo\u015flu\u011fu ve Alttan siyah \u00e7izgiyi alg\u0131lmas\u0131 i\u00e7in (Hareketli)<\/td><\/tr><tr><td>Transmisive Sens\u00f6r: Kar\u015f\u0131l\u0131kl\u0131 olarak birbirini g\u00f6rmeli i\u00e7in (Ortada sabit)<\/td><\/tr><tr><td>Termal Kafa A\u00e7\u0131kl\u0131k Sens\u00f6r\u00fc<\/td><\/tr><tr><td>Ribon Sonu Sens\u00f6r\u00fc<\/td><\/tr><tr><td>&nbsp;Bask\u0131 A\u00e7\u0131s\u0131<\/td><td>0, 90, 180, 270 derece<\/td><\/tr><tr><td>&nbsp;Sertifikalar<\/td><td>CE, FCC, cTUVus, CCC ve RoHS<\/td><\/tr><tr><td><strong>&nbsp;Fiziksel<\/strong><\/td><\/tr><tr><td>&nbsp;Uzunluk<\/td><td>273 mm<\/td><\/tr><tr><td>&nbsp;Geni\u015flik<\/td><td>225 mm<\/td><\/tr><tr><td>&nbsp;Y\u00fckseklik<\/td><td>186 mm<\/td><\/tr><tr><td>&nbsp;A\u011f\u0131rl\u0131k<\/td><td>2,1 kg<\/td><\/tr><tr><td>&nbsp;Kasa<\/td><td>ABS Plastik<\/td><\/tr><tr><td><strong>&nbsp;Elektriksel<\/strong><\/td><\/tr><tr><td>&nbsp;Tip<\/td><td>Universal Switching Power Supply<\/td><\/tr><tr><td>&nbsp;G\u00fc\u00e7 giri\u015f \u015fekli<\/td><td>Harici elektrik adapt\u00f6r\u00fc<\/td><\/tr><tr><td>&nbsp;G\u00fc\u00e7 kayna\u011f\u0131 (Giri\u015f)<\/td><td>100-240V, 1.5A, 50~60Hz<\/td><\/tr><tr><td>&nbsp;G\u00fc\u00e7 kayna\u011f\u0131 (\u00c7\u0131k\u0131\u015f)<\/td><td>24VDC, 2.4A, 2.91A 70W<\/td><\/tr><tr><td><strong>&nbsp;\u00c7evresel<\/strong><\/td><\/tr><tr><td>&nbsp;\u00c7al\u0131\u015fma ortam\u0131 s\u0131cakl\u0131\u011f\u0131<\/td><td>4 \u00b0C ~ 38 \u00b0C<\/td><\/tr><tr><td>&nbsp;Saklama s\u0131cakl\u0131\u011f\u0131<\/td><td>-20 \u00b0C ~ 50 \u00b0C<\/td><\/tr><tr><td>&nbsp;Saklama ortam\u0131 nem oran\u0131<\/td><td>%10 ~ %90<\/td><\/tr><tr><td><strong>&nbsp;Etiket<\/strong><\/td><\/tr><tr><td>&nbsp;Tip<\/td><td>Ara bo\u015fluklu, S\u00fcrekli form, black mark (siyah \u00e7izgi ile ayr\u0131lm\u0131\u015f)<\/td><\/tr><tr><td>&nbsp;Geni\u015flik<\/td><td>25,4 mm ~ 110 mm<\/td><\/tr><tr><td>&nbsp;Kal\u0131nl\u0131k<\/td><td>0.0635 ~ 0.254 mm<\/td><\/tr><tr><td>&nbsp;Kuka i\u00e7 \u00e7ap\u0131<\/td><td>12,7 mm veya 25,4 mm<\/td><\/tr><tr><td>&nbsp;Etiket d\u0131\u015f \u00e7ap\u0131<\/td><td>127 mm (25,4 mm lik kuka ile)<\/td><\/tr><tr><td>114,3 mm (12,7 mm&nbsp; lik kuka ile)<\/td><\/tr><tr><td>&nbsp;Harici Etiket Besleme \u00dcnitesi<\/td><td>Standart<\/td><\/tr><tr><td><strong>&nbsp;Ribon<\/strong><\/td><\/tr><tr><td>&nbsp;Tip<\/td><td>Wax , Wax\/Resin, Resin<\/td><\/tr><tr><td>&nbsp;Sar\u0131m y\u00f6n\u00fc<\/td><td>\u0130\u00e7 Sar\u0131m veya D\u0131\u015f sar\u0131m<\/td><\/tr><tr><td>&nbsp;Uzunluk<\/td><td>300&nbsp;metre (En fazla)<\/td><\/tr><tr><td>&nbsp;Geni\u015flik<\/td><td>25,4 mm ~ 110 mm<\/td><\/tr><tr><td>&nbsp;Kuka i\u00e7 \u00e7ap\u0131<\/td><td>25,4&nbsp;mm<\/td><\/tr><tr><td>&nbsp;Ribon d\u0131\u015f \u00e7ap\u0131<\/td><td>67 mm<\/td><\/tr><tr><td><strong>&nbsp;Yaz\u0131l\u0131msal<\/strong><\/td><\/tr><tr><td>&nbsp;Windows s\u00fcr\u00fcc\u00fcleri<\/td><td>Win XP \/ Vista \/ 7 \/ 8 \/ 8.1 \/ Win 10, Windows Server 2003 \/ 2008 \/ 2012 (32 Bit &amp; 64 Bit)<\/td><\/tr><tr><td>&nbsp;Linux s\u00fcr\u00fcc\u00fcleri<\/td><td>Destekleniyor<\/td><\/tr><tr><td>&nbsp;Etiket dizayn program\u0131<\/td><td>Bartender UltraLite (\u00dccretsiz)<\/td><\/tr><tr><td>&nbsp;Yard\u0131mc\u0131 programlar<\/td><td>Printer Utility ve Font Utility<\/td><\/tr><tr><td>&nbsp;Desteklenen&nbsp;barkod yaz\u0131m dilleri<\/td><td>PPLA ve PPLB<\/td><\/tr><tr><td>&nbsp;Desteklenen grafik bi\u00e7imleri<\/td><td><strong>PPLA:&nbsp;<\/strong>PCX, BMP, IMG ve HEX dosya bi\u00e7imleri<\/td><\/tr><tr><td><strong>PPLB:&nbsp;<\/strong>BMP, GDI, PCX ve Binary raster dosya bi\u00e7imleri<\/td><\/tr><tr><td><strong>&nbsp;Desteklenen Barkod Tipleri<\/strong><\/td><\/tr><tr><td>&nbsp;1D<\/td><td><strong>PPLA:&nbsp;<\/strong>Code 39 (standard\/with checksum digit), Code 93 Interleaved 2of 5 (standard\/with checksum digit\/with human readable check digit), EAN-8, EAN-13,UPC-A, UPC-E, Postnet, Codabar, Code 128 subset A\/B\/C, UCC\/EAN-128, UCC\/EAN-128 K-MART, UCC\/EAN-128 , Random Weight, Plessey, HBIC, Telepen, FIM, UPC2, UPC5, GS1 Data Bar<br><strong>PPLB:&nbsp;<\/strong>Code 39 (standard\/with checksum digit),Code 93 Interleaved 2 of 5 (standard\/with checksum digit\/with human readable check digit), EAN-8 (standard\/2 digit add-on\/5 digit add-on), EAN-13 (standard\/2 digit add-on\/5 digit add-on), UPC-A (standard\/2 digit add-on\/5digit add-on), UPC-E (standard\/2 digit add-on\/5 digit add-on), Postnet, Codabar, Code 128 subset A\/B\/C, Code 128 UCC (Shipping Container Code), Code 128 Auto, German, Postcode, Matrix 2 of 5, UCC\/EAN 128, UPC Interleaved 2 of 5, GS1 Data Bar<\/td><\/tr><tr><td>&nbsp;2D<\/td><td><strong>PPLA\/PPLB:&nbsp;<\/strong>MaxiCode, PDF417, Data Matrix (ECC200 only), QR code, Composite codes<\/td><\/tr><\/tbody><\/table>\n","protected":false},"excerpt":{"rendered":"<p>\u25cf Direk Termal \/ Termal Transfer Bask\u0131\u25cf\u00a0300 DPI Bask\u0131 \u00c7\u00f6z\u00fcn\u00fcrl\u00fc\u011f\u00fc\u25cf Max. 104 mm Bask\u0131 Geni\u015fli\u011fi\u25cf Max. 1270 mm Bask\u0131 Uzunlu\u011fu\u25cf Max. 102 mm \/ Saniye Bask\u0131 H\u0131z\u0131\u25cf 8 MB DRAM, 8 MB Flash Bellek\u25cf LPT, RS-232C ve USB port\u25cf 300 Metre Ribon Kullanabilme\u25cf 4 Otomatik Kalibrasyon Modu\u25cf PPLA ve PPLB Barkod Yaz\u0131m Dili Deste\u011fi\u25cf Windows [&hellip;]<\/p>\n","protected":false},"author":1,"featured_media":0,"parent":307,"menu_order":0,"comment_status":"closed","ping_status":"closed","template":"","meta":[],"yoast_head":"<!-- This site is optimized with the Yoast SEO plugin v15.7 - https:\/\/yoast.com\/wordpress\/plugins\/seo\/ -->\n<title>Argox CP-3140 Barkod Yaz\u0131c\u0131 - Crea Barkod<\/title>\n<meta name=\"robots\" content=\"index, follow, max-snippet:-1, max-image-preview:large, max-video-preview:-1\" \/>\n<link rel=\"canonical\" href=\"http:\/\/www.creabarkod.com\/?page_id=416\" \/>\n<meta property=\"og:locale\" content=\"tr_TR\" \/>\n<meta property=\"og:type\" content=\"article\" \/>\n<meta property=\"og:title\" content=\"Argox CP-3140 Barkod Yaz\u0131c\u0131 - Crea Barkod\" \/>\n<meta property=\"og:description\" content=\"\u25cf Direk Termal \/ Termal Transfer Bask\u0131\u25cf\u00a0300 DPI Bask\u0131 \u00c7\u00f6z\u00fcn\u00fcrl\u00fc\u011f\u00fc\u25cf Max. 104 mm Bask\u0131 Geni\u015fli\u011fi\u25cf Max. 1270 mm Bask\u0131 Uzunlu\u011fu\u25cf Max. 102 mm \/ Saniye Bask\u0131 H\u0131z\u0131\u25cf 8 MB DRAM, 8 MB Flash Bellek\u25cf LPT, RS-232C ve USB port\u25cf 300 Metre Ribon Kullanabilme\u25cf 4 Otomatik Kalibrasyon Modu\u25cf PPLA ve PPLB Barkod Yaz\u0131m Dili Deste\u011fi\u25cf Windows [&hellip;]\" \/>\n<meta property=\"og:url\" content=\"http:\/\/www.creabarkod.com\/?page_id=416\" \/>\n<meta property=\"og:site_name\" content=\"Crea Barkod\" \/>\n<meta property=\"article:modified_time\" content=\"2019-06-17T13:20:54+00:00\" \/>\n<meta property=\"og:image\" content=\"http:\/\/www.creabarkod.com\/wp-content\/uploads\/2019\/06\/Argox-CP-3140-Orta-Seviye-Barkod-Yaz\u0131c\u0131-1.jpg\" \/>\n<meta name=\"twitter:card\" content=\"summary_large_image\" \/>\n<meta name=\"twitter:label1\" content=\"Tahmini okuma s\u00fcresi\">\n\t<meta name=\"twitter:data1\" content=\"3 dakika\">\n<script type=\"application\/ld+json\" class=\"yoast-schema-graph\">{\"@context\":\"https:\/\/schema.org\",\"@graph\":[{\"@type\":\"WebSite\",\"@id\":\"http:\/\/www.creabarkod.com\/#website\",\"url\":\"http:\/\/www.creabarkod.com\/\",\"name\":\"Crea Barkod\",\"description\":\"\",\"potentialAction\":[{\"@type\":\"SearchAction\",\"target\":\"http:\/\/www.creabarkod.com\/?s={search_term_string}\",\"query-input\":\"required name=search_term_string\"}],\"inLanguage\":\"tr\"},{\"@type\":\"ImageObject\",\"@id\":\"http:\/\/www.creabarkod.com\/?page_id=416#primaryimage\",\"inLanguage\":\"tr\",\"url\":\"http:\/\/www.creabarkod.com\/wp-content\/uploads\/2019\/06\/Argox-CP-3140-Orta-Seviye-Barkod-Yaz\\u0131c\\u0131-1.jpg\",\"width\":500,\"height\":500,\"caption\":\"Argox CP-3140 Orta Seviye Barkod Yaz\\u0131c\\u0131\"},{\"@type\":\"WebPage\",\"@id\":\"http:\/\/www.creabarkod.com\/?page_id=416#webpage\",\"url\":\"http:\/\/www.creabarkod.com\/?page_id=416\",\"name\":\"Argox CP-3140 Barkod Yaz\\u0131c\\u0131 - Crea Barkod\",\"isPartOf\":{\"@id\":\"http:\/\/www.creabarkod.com\/#website\"},\"primaryImageOfPage\":{\"@id\":\"http:\/\/www.creabarkod.com\/?page_id=416#primaryimage\"},\"datePublished\":\"2019-06-17T13:20:53+00:00\",\"dateModified\":\"2019-06-17T13:20:54+00:00\",\"inLanguage\":\"tr\",\"potentialAction\":[{\"@type\":\"ReadAction\",\"target\":[\"http:\/\/www.creabarkod.com\/?page_id=416\"]}]}]}<\/script>\n<!-- \/ Yoast SEO plugin. -->","_links":{"self":[{"href":"http:\/\/www.creabarkod.com\/index.php?rest_route=\/wp\/v2\/pages\/416"}],"collection":[{"href":"http:\/\/www.creabarkod.com\/index.php?rest_route=\/wp\/v2\/pages"}],"about":[{"href":"http:\/\/www.creabarkod.com\/index.php?rest_route=\/wp\/v2\/types\/page"}],"author":[{"embeddable":true,"href":"http:\/\/www.creabarkod.com\/index.php?rest_route=\/wp\/v2\/users\/1"}],"replies":[{"embeddable":true,"href":"http:\/\/www.creabarkod.com\/index.php?rest_route=%2Fwp%2Fv2%2Fcomments&post=416"}],"version-history":[{"count":1,"href":"http:\/\/www.creabarkod.com\/index.php?rest_route=\/wp\/v2\/pages\/416\/revisions"}],"predecessor-version":[{"id":417,"href":"http:\/\/www.creabarkod.com\/index.php?rest_route=\/wp\/v2\/pages\/416\/revisions\/417"}],"up":[{"embeddable":true,"href":"http:\/\/www.creabarkod.com\/index.php?rest_route=\/wp\/v2\/pages\/307"}],"wp:attachment":[{"href":"http:\/\/www.creabarkod.com\/index.php?rest_route=%2Fwp%2Fv2%2Fmedia&parent=416"}],"curies":[{"name":"wp","href":"https:\/\/api.w.org\/{rel}","templated":true}]}}