{"id":413,"date":"2019-06-17T13:18:54","date_gmt":"2019-06-17T13:18:54","guid":{"rendered":"http:\/\/www.creabarkod.com\/?page_id=413"},"modified":"2019-06-17T13:19:13","modified_gmt":"2019-06-17T13:19:13","slug":"godex-g530-orta-seviye-barkod-yazici","status":"publish","type":"page","link":"http:\/\/www.creabarkod.com\/?page_id=413","title":{"rendered":"Godex G530 Barkod Yaz\u0131c\u0131"},"content":{"rendered":"\n<figure class=\"wp-block-image is-resized\"><a href=\"http:\/\/www.creabarkod.com\/wp-content\/uploads\/2019\/06\/Godex-G530-Orta-Seviye-Barkod-Yaz\u0131c\u0131.jpg\"><img loading=\"lazy\" src=\"http:\/\/www.creabarkod.com\/wp-content\/uploads\/2019\/06\/Godex-G530-Orta-Seviye-Barkod-Yaz\u0131c\u0131.jpg\" alt=\"Godex G530 Orta Seviye Barkod Yaz\u0131c\u0131\" class=\"wp-image-412\" width=\"250\" height=\"250\" srcset=\"http:\/\/www.creabarkod.com\/wp-content\/uploads\/2019\/06\/Godex-G530-Orta-Seviye-Barkod-Yaz\u0131c\u0131.jpg 500w, http:\/\/www.creabarkod.com\/wp-content\/uploads\/2019\/06\/Godex-G530-Orta-Seviye-Barkod-Yaz\u0131c\u0131-150x150.jpg 150w, http:\/\/www.creabarkod.com\/wp-content\/uploads\/2019\/06\/Godex-G530-Orta-Seviye-Barkod-Yaz\u0131c\u0131-300x300.jpg 300w\" sizes=\"(max-width: 250px) 100vw, 250px\" \/><\/a><\/figure>\n\n\n\n<p>\u25cf Direk Termal \/ Termal Transfer Bask\u0131<br>\u25cf\u00a0300 DPI Bask\u0131 \u00c7\u00f6z\u00fcn\u00fcrl\u00fc\u011f\u00fc<br>\u25cf Max. 105,7 mm Bask\u0131 Geni\u015fli\u011fi<br>\u25cf Max. 762 mm Bask\u0131 Uzunlu\u011fu<br>\u25cf Max. 102 mm \/ Saniye Bask\u0131 H\u0131z\u0131<br>\u25cf 16 MB DRAM, 8 MB Flash Bellek<br>\u25cf RS-232C, USB ve Ethernet port<br>\u25cf EZPL, GEPL ve GZPL Barkod Yaz\u0131m Dili Deste\u011fi<br>\u25cf Windows, Mac ve Linux Driver Deste\u011fi<br>\u25cf 300 Metre Ribon Kullanma<\/p>\n\n\n\n<table class=\"wp-block-table\"><tbody><tr><td><strong>&nbsp;\u0130\u015flemsel<\/strong><\/td><\/tr><tr><td>&nbsp;Bask\u0131 metodu<\/td><td>Direkt termal \/ Termal transfer Bask\u0131<\/td><\/tr><tr><td>&nbsp;Bask\u0131 \u00c7\u00f6z\u00fcn\u00fcrl\u00fc\u011f\u00fc<\/td><td>300 DPI (12 dots\/mm)<\/td><\/tr><tr><td>&nbsp;Bask\u0131 h\u0131z\u0131 (Maksimum)<\/td><td>102 mm\/saniye<\/td><\/tr><tr><td>&nbsp;Bask\u0131 uzunlu\u011fu<\/td><td>4 ~ 762 mm<\/td><\/tr><tr><td>&nbsp;Bask\u0131 geni\u015fli\u011fi<\/td><td>25,4 mm ~ 105,7 mm<\/td><\/tr><tr><td>&nbsp;Haf\u0131za<\/td><td>16 MB DRAM, 8 MB Flash ROM (4 MB Kullan\u0131c\u0131ya a\u00e7\u0131k)<\/td><\/tr><tr><td>&nbsp;\u0130\u015flemci<\/td><td>32 bit RISC i\u015flemci<\/td><\/tr><tr><td>&nbsp;\u0130\u015flem arabirimleri<\/td><td>1 adet d\u00fc\u011fme (FEED) ve 1 adet 2 renkli (Ye\u015fil ve K\u0131rm\u0131z\u0131) LED (Ready ve Status)<\/td><\/tr><tr><td>&nbsp;Haberle\u015fme<\/td><td>Standart: RS-232C, USB ve Ethernet<\/td><\/tr><tr><td>Opsiyonel: LPT ve USB<\/td><\/tr><tr><td>&nbsp;Etiket&nbsp;alg\u0131lama sens\u00f6r\u00fc<\/td><td>Yans\u0131tmal\u0131 (Hareketli) ve birbirini g\u00f6rmeli (2 adet ve ortada &#8211; sabit)<\/td><\/tr><tr><td>&nbsp;Sertifikalar<\/td><td>CE(EMC), FCC Class A, CB,&nbsp;cUL ve CCC<\/td><\/tr><tr><td><strong>&nbsp;Fiziksel<\/strong><\/td><\/tr><tr><td>&nbsp;Geni\u015flik<\/td><td>226 mm<\/td><\/tr><tr><td>&nbsp;Y\u00fckseklik<\/td><td>171 mm<\/td><\/tr><tr><td>&nbsp;Uzunluk<\/td><td>285 mm<\/td><\/tr><tr><td>&nbsp;A\u011f\u0131rl\u0131k<\/td><td>2,72 kg<\/td><\/tr><tr><td>&nbsp;Kasa<\/td><td>ABS Plastik<\/td><\/tr><tr><td><strong>&nbsp;Elektriksel<\/strong><\/td><\/tr><tr><td>&nbsp;G\u00fc\u00e7 giri\u015f \u015fekli<\/td><td>Harici elektrik adapt\u00f6r\u00fc<\/td><\/tr><tr><td>&nbsp;G\u00fc\u00e7 kayna\u011f\u0131 (Giri\u015f)<\/td><td>100V~240VAC, 50~60Hz (Auto Switch)<\/td><\/tr><tr><td><strong>&nbsp;\u00c7evresel<\/strong><\/td><\/tr><tr><td>&nbsp;\u00c7al\u0131\u015fma ortam\u0131 s\u0131cakl\u0131\u011f\u0131<\/td><td>5 \u00b0C ~ 40 \u00b0C<\/td><\/tr><tr><td>&nbsp;Saklama s\u0131cakl\u0131\u011f\u0131<\/td><td>-20 \u00b0C ~ 50 \u00b0C<\/td><\/tr><tr><td>&nbsp;\u00c7al\u0131\u015fma ortam\u0131 nem oran\u0131<\/td><td>%30 ~ %85<\/td><\/tr><tr><td>&nbsp;Saklama ortam\u0131 nem oran\u0131<\/td><td>%10 ~ %90<\/td><\/tr><tr><td><strong>&nbsp;Etiket<\/strong><\/td><\/tr><tr><td>&nbsp;Tip<\/td><td>Ara bo\u015fluklu, S\u00fcrekli form, black mark (siyah \u00e7izgi ile ayr\u0131lm\u0131\u015f) veya delikli etiket<\/td><\/tr><tr><td>&nbsp;Geni\u015flik<\/td><td>25,4 mm ~ 118 mm<\/td><\/tr><tr><td>&nbsp;Kal\u0131nl\u0131k<\/td><td>0.06 ~ 0.25 mm<\/td><\/tr><tr><td>&nbsp;Kuka i\u00e7 \u00e7ap\u0131<\/td><td>25,4 mm , 38,1 mm veya 76,2 mm<\/td><\/tr><tr><td>&nbsp;Etiket d\u0131\u015f \u00e7ap\u0131<\/td><td>127 mm (En fazla)<\/td><\/tr><tr><td><strong>&nbsp;Ribon<\/strong><\/td><\/tr><tr><td>&nbsp;Tip<\/td><td>Wax , Wax\/Resin, Resin<\/td><\/tr><tr><td>&nbsp;Sar\u0131m y\u00f6n\u00fc<\/td><td>D\u0131\u015f sar\u0131m<\/td><\/tr><tr><td>&nbsp;Uzunluk<\/td><td>300 metre (En fazla)<\/td><\/tr><tr><td>&nbsp;Geni\u015flik<\/td><td>30 mm ~ 110 mm<\/td><\/tr><tr><td>&nbsp;Kuka i\u00e7 \u00e7ap\u0131<\/td><td>25,4 mm<\/td><\/tr><tr><td>&nbsp;Kuka d\u0131\u015f \u00e7ap\u0131<\/td><td>68 mm<\/td><\/tr><tr><td><strong>&nbsp;Yaz\u0131l\u0131msal<\/strong><\/td><\/tr><tr><td>&nbsp;Windows driver<\/td><td>Win XP \/ Vista \/ 7 \/ 8 \/ 8.1 \/ Win 10, Windows Server 2003 \/ 2008 \/ 2012 (32 Bit &amp; 64 Bit)<\/td><\/tr><tr><td>&nbsp;Linux driver<\/td><td>Var<\/td><\/tr><tr><td>&nbsp;MAC s\u00fcr\u00fcc\u00fcleri<\/td><td>Var<\/td><\/tr><tr><td>&nbsp;DLL<\/td><td>Win CE, .NET, Andriod, Windows Mobile, Windows 2000 \/ XP \/ VISTA \/ 7 \/ 8 \/ 8.1<\/td><\/tr><tr><td>&nbsp;Etiket dizayn program\u0131<\/td><td>Qlabel IV ve GoLabel (\u00dccretsiz) (Yaln\u0131zca EZPL modunda)<\/td><\/tr><tr><td>&nbsp;Barkod yaz\u0131m dilleri<\/td><td>EZPL, GEPL ve GZPL (Auto Switch)<\/td><\/tr><tr><td>&nbsp;Kod Sayfalar\u0131<\/td><td>Codepage 437, 850, 851, 852, 855, 857, 860, 861, 862, 863, 865, 866, 869, 737<br>Windows 1250, 1251, 1252, 1253, 1254, 1255, 1257, Unicode (UTF8, UTF16)<\/td><\/tr><tr><td>&nbsp;Dahili yaz\u0131 tipleri<br>&nbsp;(Bitmap yaz\u0131 tipleri)<\/td><td>6, 8, 10, 12, 14, 18, 24, 30, 16X26 and OCR A &amp; B<br>Bitmap fonts 90\u00b0, 180\u00b0, 270\u00b0 rotatable, single characters 90\u00b0, 180\u00b0, 270\u00b0 rotatable<br>Bitmap fonts 8 times expandable in horizontal and vertical directions<\/td><\/tr><tr><td>Scalable Fonts: 90\u00b0, 180\u00b0, 270\u00b0 rotatable<\/td><\/tr><tr><td>&nbsp;Y\u00fcklenebilir yaz\u0131 tipleri<\/td><td>Bitmap fonts: 90\u00b0, 180\u00b0, 270\u00b0 rotatable, single characters 90\u00b0, 180\u00b0, 270\u00b0 rotatable<\/td><\/tr><tr><td>Asian Fonts: 90\u00b0, 180\u00b0, 270\u00b0 rotatable and 8 times expandable in horizontal and vertical directions<\/td><\/tr><tr><td>Scalable Fonts: 90\u00b0, 180\u00b0, 270\u00b0 rotatable<\/td><\/tr><tr><td>&nbsp;Desteklenen grafik bi\u00e7imleri<\/td><td>PCX, BMP ve yaz\u0131l\u0131msal olarak y\u00fcklenebilen grafik tipleri<\/td><\/tr><tr><td><strong>&nbsp;Desteklenen Barkod Tipleri<\/strong><\/td><\/tr><tr><td>&nbsp;1D<\/td><td>Code 39, Code 93, EAN 8 \/13 (add on 2 &amp; 5), UPC A\/E (add on 2 &amp; 5), I 2 of 5 &amp; I 2 of 5 with Shipping Bearer Bars, Codabar, Code 128 (subset A, B, C), EAN 128, RPS 128, UCC 128, UCC\/EAN-128 K-Mart, Random Weight,&nbsp; Post NET, ITF 14, China Postal Code, HIBC, MSI, Plessey, Telepen, FIM and GS1 DataBar<\/td><\/tr><tr><td>&nbsp;2D<\/td><td>PDF417, Datamatrix code, MaxiCode, QR code, Micro PDF417, Micro QR code and Aztec code<\/td><\/tr><\/tbody><\/table>\n","protected":false},"excerpt":{"rendered":"<p>\u25cf Direk Termal \/ Termal Transfer Bask\u0131\u25cf\u00a0300 DPI Bask\u0131 \u00c7\u00f6z\u00fcn\u00fcrl\u00fc\u011f\u00fc\u25cf Max. 105,7 mm Bask\u0131 Geni\u015fli\u011fi\u25cf Max. 762 mm Bask\u0131 Uzunlu\u011fu\u25cf Max. 102 mm \/ Saniye Bask\u0131 H\u0131z\u0131\u25cf 16 MB DRAM, 8 MB Flash Bellek\u25cf RS-232C, USB ve Ethernet port\u25cf EZPL, GEPL ve GZPL Barkod Yaz\u0131m Dili Deste\u011fi\u25cf Windows, Mac ve Linux Driver Deste\u011fi\u25cf 300 Metre [&hellip;]<\/p>\n","protected":false},"author":1,"featured_media":0,"parent":307,"menu_order":0,"comment_status":"closed","ping_status":"closed","template":"","meta":[],"yoast_head":"<!-- This site is optimized with the Yoast SEO plugin v15.7 - https:\/\/yoast.com\/wordpress\/plugins\/seo\/ -->\n<title>Godex G530 Barkod Yaz\u0131c\u0131 - Crea Barkod<\/title>\n<meta name=\"robots\" content=\"index, follow, max-snippet:-1, max-image-preview:large, max-video-preview:-1\" \/>\n<link rel=\"canonical\" href=\"http:\/\/www.creabarkod.com\/?page_id=413\" \/>\n<meta property=\"og:locale\" content=\"tr_TR\" \/>\n<meta property=\"og:type\" content=\"article\" \/>\n<meta property=\"og:title\" content=\"Godex G530 Barkod Yaz\u0131c\u0131 - Crea Barkod\" \/>\n<meta property=\"og:description\" content=\"\u25cf Direk Termal \/ Termal Transfer Bask\u0131\u25cf\u00a0300 DPI Bask\u0131 \u00c7\u00f6z\u00fcn\u00fcrl\u00fc\u011f\u00fc\u25cf Max. 105,7 mm Bask\u0131 Geni\u015fli\u011fi\u25cf Max. 762 mm Bask\u0131 Uzunlu\u011fu\u25cf Max. 102 mm \/ Saniye Bask\u0131 H\u0131z\u0131\u25cf 16 MB DRAM, 8 MB Flash Bellek\u25cf RS-232C, USB ve Ethernet port\u25cf EZPL, GEPL ve GZPL Barkod Yaz\u0131m Dili Deste\u011fi\u25cf Windows, Mac ve Linux Driver Deste\u011fi\u25cf 300 Metre [&hellip;]\" \/>\n<meta property=\"og:url\" content=\"http:\/\/www.creabarkod.com\/?page_id=413\" \/>\n<meta property=\"og:site_name\" content=\"Crea Barkod\" \/>\n<meta property=\"article:modified_time\" content=\"2019-06-17T13:19:13+00:00\" \/>\n<meta property=\"og:image\" content=\"http:\/\/www.creabarkod.com\/wp-content\/uploads\/2019\/06\/Godex-G530-Orta-Seviye-Barkod-Yaz\u0131c\u0131.jpg\" \/>\n<meta name=\"twitter:card\" content=\"summary_large_image\" \/>\n<meta name=\"twitter:label1\" content=\"Tahmini okuma s\u00fcresi\">\n\t<meta name=\"twitter:data1\" content=\"3 dakika\">\n<script type=\"application\/ld+json\" class=\"yoast-schema-graph\">{\"@context\":\"https:\/\/schema.org\",\"@graph\":[{\"@type\":\"WebSite\",\"@id\":\"http:\/\/www.creabarkod.com\/#website\",\"url\":\"http:\/\/www.creabarkod.com\/\",\"name\":\"Crea Barkod\",\"description\":\"\",\"potentialAction\":[{\"@type\":\"SearchAction\",\"target\":\"http:\/\/www.creabarkod.com\/?s={search_term_string}\",\"query-input\":\"required name=search_term_string\"}],\"inLanguage\":\"tr\"},{\"@type\":\"ImageObject\",\"@id\":\"http:\/\/www.creabarkod.com\/?page_id=413#primaryimage\",\"inLanguage\":\"tr\",\"url\":\"http:\/\/www.creabarkod.com\/wp-content\/uploads\/2019\/06\/Godex-G530-Orta-Seviye-Barkod-Yaz\\u0131c\\u0131.jpg\",\"width\":500,\"height\":500,\"caption\":\"Godex G530 Orta Seviye Barkod Yaz\\u0131c\\u0131\"},{\"@type\":\"WebPage\",\"@id\":\"http:\/\/www.creabarkod.com\/?page_id=413#webpage\",\"url\":\"http:\/\/www.creabarkod.com\/?page_id=413\",\"name\":\"Godex G530 Barkod Yaz\\u0131c\\u0131 - Crea Barkod\",\"isPartOf\":{\"@id\":\"http:\/\/www.creabarkod.com\/#website\"},\"primaryImageOfPage\":{\"@id\":\"http:\/\/www.creabarkod.com\/?page_id=413#primaryimage\"},\"datePublished\":\"2019-06-17T13:18:54+00:00\",\"dateModified\":\"2019-06-17T13:19:13+00:00\",\"inLanguage\":\"tr\",\"potentialAction\":[{\"@type\":\"ReadAction\",\"target\":[\"http:\/\/www.creabarkod.com\/?page_id=413\"]}]}]}<\/script>\n<!-- \/ Yoast SEO plugin. -->","_links":{"self":[{"href":"http:\/\/www.creabarkod.com\/index.php?rest_route=\/wp\/v2\/pages\/413"}],"collection":[{"href":"http:\/\/www.creabarkod.com\/index.php?rest_route=\/wp\/v2\/pages"}],"about":[{"href":"http:\/\/www.creabarkod.com\/index.php?rest_route=\/wp\/v2\/types\/page"}],"author":[{"embeddable":true,"href":"http:\/\/www.creabarkod.com\/index.php?rest_route=\/wp\/v2\/users\/1"}],"replies":[{"embeddable":true,"href":"http:\/\/www.creabarkod.com\/index.php?rest_route=%2Fwp%2Fv2%2Fcomments&post=413"}],"version-history":[{"count":2,"href":"http:\/\/www.creabarkod.com\/index.php?rest_route=\/wp\/v2\/pages\/413\/revisions"}],"predecessor-version":[{"id":415,"href":"http:\/\/www.creabarkod.com\/index.php?rest_route=\/wp\/v2\/pages\/413\/revisions\/415"}],"up":[{"embeddable":true,"href":"http:\/\/www.creabarkod.com\/index.php?rest_route=\/wp\/v2\/pages\/307"}],"wp:attachment":[{"href":"http:\/\/www.creabarkod.com\/index.php?rest_route=%2Fwp%2Fv2%2Fmedia&parent=413"}],"curies":[{"name":"wp","href":"https:\/\/api.w.org\/{rel}","templated":true}]}}