{"id":323,"date":"2019-06-17T12:23:26","date_gmt":"2019-06-17T12:23:26","guid":{"rendered":"http:\/\/www.creabarkod.com\/?page_id=323"},"modified":"2019-06-17T12:32:33","modified_gmt":"2019-06-17T12:32:33","slug":"argox-d2-250-barkod-yazici","status":"publish","type":"page","link":"http:\/\/www.creabarkod.com\/?page_id=323","title":{"rendered":"Argox D2-250 Barkod Yaz\u0131c\u0131"},"content":{"rendered":"\n<ul class=\"wp-block-gallery columns-5 is-cropped\"><li class=\"blocks-gallery-item\"><figure><a href=\"http:\/\/www.creabarkod.com\/wp-content\/uploads\/2019\/06\/Argox-D2-250-Giri\u015f-Seviyesi-Barkod-Yaz\u0131c\u0131-1-2.jpg\"><img loading=\"lazy\" width=\"500\" height=\"500\" src=\"http:\/\/www.creabarkod.com\/wp-content\/uploads\/2019\/06\/Argox-D2-250-Giri\u015f-Seviyesi-Barkod-Yaz\u0131c\u0131-1-2.jpg\" alt=\"\" data-id=\"336\" data-link=\"http:\/\/www.creabarkod.com\/?attachment_id=336\" class=\"wp-image-336\" srcset=\"http:\/\/www.creabarkod.com\/wp-content\/uploads\/2019\/06\/Argox-D2-250-Giri\u015f-Seviyesi-Barkod-Yaz\u0131c\u0131-1-2.jpg 500w, http:\/\/www.creabarkod.com\/wp-content\/uploads\/2019\/06\/Argox-D2-250-Giri\u015f-Seviyesi-Barkod-Yaz\u0131c\u0131-1-2-150x150.jpg 150w, http:\/\/www.creabarkod.com\/wp-content\/uploads\/2019\/06\/Argox-D2-250-Giri\u015f-Seviyesi-Barkod-Yaz\u0131c\u0131-1-2-300x300.jpg 300w\" sizes=\"(max-width: 500px) 100vw, 500px\" \/><\/a><\/figure><\/li><li class=\"blocks-gallery-item\"><figure><a href=\"http:\/\/www.creabarkod.com\/wp-content\/uploads\/2019\/06\/Argox-D2-250-Giri\u015f-Seviyesi-Barkod-Yaz\u0131c\u0131-2.jpg\"><img loading=\"lazy\" width=\"500\" height=\"500\" src=\"http:\/\/www.creabarkod.com\/wp-content\/uploads\/2019\/06\/Argox-D2-250-Giri\u015f-Seviyesi-Barkod-Yaz\u0131c\u0131-2.jpg\" alt=\"\" data-id=\"337\" data-link=\"http:\/\/www.creabarkod.com\/?attachment_id=337\" class=\"wp-image-337\" srcset=\"http:\/\/www.creabarkod.com\/wp-content\/uploads\/2019\/06\/Argox-D2-250-Giri\u015f-Seviyesi-Barkod-Yaz\u0131c\u0131-2.jpg 500w, http:\/\/www.creabarkod.com\/wp-content\/uploads\/2019\/06\/Argox-D2-250-Giri\u015f-Seviyesi-Barkod-Yaz\u0131c\u0131-2-150x150.jpg 150w, http:\/\/www.creabarkod.com\/wp-content\/uploads\/2019\/06\/Argox-D2-250-Giri\u015f-Seviyesi-Barkod-Yaz\u0131c\u0131-2-300x300.jpg 300w\" sizes=\"(max-width: 500px) 100vw, 500px\" \/><\/a><\/figure><\/li><li class=\"blocks-gallery-item\"><figure><a href=\"http:\/\/www.creabarkod.com\/wp-content\/uploads\/2019\/06\/Argox-D2-250-Giri\u015f-Seviyesi-Barkod-Yaz\u0131c\u0131-3.jpg\"><img loading=\"lazy\" width=\"500\" height=\"500\" src=\"http:\/\/www.creabarkod.com\/wp-content\/uploads\/2019\/06\/Argox-D2-250-Giri\u015f-Seviyesi-Barkod-Yaz\u0131c\u0131-3.jpg\" alt=\"\" data-id=\"338\" data-link=\"http:\/\/www.creabarkod.com\/?attachment_id=338\" class=\"wp-image-338\" srcset=\"http:\/\/www.creabarkod.com\/wp-content\/uploads\/2019\/06\/Argox-D2-250-Giri\u015f-Seviyesi-Barkod-Yaz\u0131c\u0131-3.jpg 500w, http:\/\/www.creabarkod.com\/wp-content\/uploads\/2019\/06\/Argox-D2-250-Giri\u015f-Seviyesi-Barkod-Yaz\u0131c\u0131-3-150x150.jpg 150w, http:\/\/www.creabarkod.com\/wp-content\/uploads\/2019\/06\/Argox-D2-250-Giri\u015f-Seviyesi-Barkod-Yaz\u0131c\u0131-3-300x300.jpg 300w\" sizes=\"(max-width: 500px) 100vw, 500px\" \/><\/a><\/figure><\/li><li class=\"blocks-gallery-item\"><figure><a href=\"http:\/\/www.creabarkod.com\/wp-content\/uploads\/2019\/06\/Argox-D2-250-Giri\u015f-Seviyesi-Barkod-Yaz\u0131c\u0131-4.jpg\"><img loading=\"lazy\" width=\"500\" height=\"500\" src=\"http:\/\/www.creabarkod.com\/wp-content\/uploads\/2019\/06\/Argox-D2-250-Giri\u015f-Seviyesi-Barkod-Yaz\u0131c\u0131-4.jpg\" alt=\"\" data-id=\"339\" data-link=\"http:\/\/www.creabarkod.com\/?attachment_id=339\" class=\"wp-image-339\" srcset=\"http:\/\/www.creabarkod.com\/wp-content\/uploads\/2019\/06\/Argox-D2-250-Giri\u015f-Seviyesi-Barkod-Yaz\u0131c\u0131-4.jpg 500w, http:\/\/www.creabarkod.com\/wp-content\/uploads\/2019\/06\/Argox-D2-250-Giri\u015f-Seviyesi-Barkod-Yaz\u0131c\u0131-4-150x150.jpg 150w, http:\/\/www.creabarkod.com\/wp-content\/uploads\/2019\/06\/Argox-D2-250-Giri\u015f-Seviyesi-Barkod-Yaz\u0131c\u0131-4-300x300.jpg 300w\" sizes=\"(max-width: 500px) 100vw, 500px\" \/><\/a><\/figure><\/li><li class=\"blocks-gallery-item\"><figure><a href=\"http:\/\/www.creabarkod.com\/wp-content\/uploads\/2019\/06\/Argox-D2-250-Giri\u015f-Seviyesi-Barkod-Yaz\u0131c\u0131-5.jpg\"><img loading=\"lazy\" width=\"500\" height=\"500\" src=\"http:\/\/www.creabarkod.com\/wp-content\/uploads\/2019\/06\/Argox-D2-250-Giri\u015f-Seviyesi-Barkod-Yaz\u0131c\u0131-5.jpg\" alt=\"\" data-id=\"340\" data-link=\"http:\/\/www.creabarkod.com\/?attachment_id=340\" class=\"wp-image-340\" srcset=\"http:\/\/www.creabarkod.com\/wp-content\/uploads\/2019\/06\/Argox-D2-250-Giri\u015f-Seviyesi-Barkod-Yaz\u0131c\u0131-5.jpg 500w, http:\/\/www.creabarkod.com\/wp-content\/uploads\/2019\/06\/Argox-D2-250-Giri\u015f-Seviyesi-Barkod-Yaz\u0131c\u0131-5-150x150.jpg 150w, http:\/\/www.creabarkod.com\/wp-content\/uploads\/2019\/06\/Argox-D2-250-Giri\u015f-Seviyesi-Barkod-Yaz\u0131c\u0131-5-300x300.jpg 300w\" sizes=\"(max-width: 500px) 100vw, 500px\" \/><\/a><\/figure><\/li><\/ul>\n\n\n\n<p>\u25cf Direk Termal Barkod Yaz\u0131c\u0131<br>\u25cf 203 DPI Bask\u0131 \u00c7\u00f6z\u00fcn\u00fcrl\u00fc\u011f\u00fc<br>\u25cf Max. 54 mm Bask\u0131 Geni\u015fli\u011fi<br>\u25cf Max. 2.540 mm Bask\u0131 Uzunlu\u011fu<br>\u25cf Max. 177,8 mm \/ Saniye Bask\u0131 H\u0131z\u0131<br>\u25cf 32 MB SDRAM, 16 MB Flash Bellek<br>\u25cf USB, USB Host ve Ethernet Port<br>\u25cf PPLA, PPLB ve PPLZ Barkod Yaz\u0131m Dili Deste\u011fi<br>\u25cf Windows ve Linux Driver Deste\u011fi <\/p>\n\n\n\n<table class=\"wp-block-table\"><tbody><tr><td><strong>&nbsp;\u0130\u015flemsel<\/strong><\/td><\/tr><tr><td>&nbsp;Bask\u0131 metodu<\/td><td>Direkt Termal Bask\u0131<\/td><\/tr><tr><td>&nbsp;Bask\u0131 \u00c7\u00f6z\u00fcn\u00fcrl\u00fc\u011f\u00fc<\/td><td>203 DPI (8 dots\/mm)<\/td><\/tr><tr><td>&nbsp;Bask\u0131 h\u0131z\u0131 (Maksimum)<\/td><td>177,8 mm\/saniye<\/td><\/tr><tr><td>&nbsp;Bask\u0131 uzunlu\u011fu<\/td><td>5&nbsp;~ 2540 mm<\/td><\/tr><tr><td>&nbsp;Bask\u0131 geni\u015fli\u011fi<\/td><td>25 mm ~ 54 mm<\/td><\/tr><tr><td>&nbsp;Haf\u0131za<\/td><td>32 MB SDRAM, 16 MB Flash ROM (USB Depolama ile 32 GB a kadar)<\/td><\/tr><tr><td>&nbsp;\u0130\u015flemci<\/td><td>32 bit RISC i\u015flemci<\/td><\/tr><tr><td>&nbsp;\u0130\u015flem arabirimleri<\/td><td>1 adet d\u00fc\u011fme ve 2 adet LED (3 Renk)<\/td><\/tr><tr><td>&nbsp;Ger\u00e7ek Zaman Kart\u0131<\/td><td>Desteklenmiyor<\/td><\/tr><tr><td>&nbsp;Haberle\u015fme<\/td><td>Standart: USB Cihaz, USB Host ve Ethernet<\/td><\/tr><tr><td>Opsiyonel: Wi-Fi, Bluetooth ve RS-232<\/td><\/tr><tr><td>&nbsp;Sens\u00f6rler<\/td><td>Etiket Sens\u00f6r\u00fc: Yans\u0131tmal\u0131 (Hareketli) ve birbirini g\u00f6rmeli (Sabit-6.27 offset)<\/td><\/tr><tr><td>&nbsp;Sertifikalar<\/td><td>CE, FCC, cTUVus, Energy Star, CCC, RoHS, BSMI, RCM, CB, BIS<\/td><\/tr><tr><td><strong>&nbsp;Fiziksel<\/strong><\/td><\/tr><tr><td>&nbsp;Geni\u015flik<\/td><td>116 mm<\/td><\/tr><tr><td>&nbsp;Y\u00fckseklik<\/td><td>170 mm<\/td><\/tr><tr><td>&nbsp;Derinlik<\/td><td>215 mm<\/td><\/tr><tr><td>&nbsp;A\u011f\u0131rl\u0131k<\/td><td>1,05 kg<\/td><\/tr><tr><td><strong>&nbsp;Elektriksel<\/strong><\/td><\/tr><tr><td>&nbsp;G\u00fc\u00e7 giri\u015f \u015fekli<\/td><td>Harici elektrik adapt\u00f6r\u00fc<\/td><\/tr><tr><td>&nbsp;G\u00fc\u00e7 kayna\u011f\u0131 (Giri\u015f)<\/td><td>100-240V, 50~60Hz<\/td><\/tr><tr><td>&nbsp;G\u00fc\u00e7 kayna\u011f\u0131 (\u00c7\u0131k\u0131\u015f)<\/td><td>24VDC, 2.4A<\/td><\/tr><tr><td><strong>&nbsp;\u00c7evresel<\/strong><\/td><\/tr><tr><td>&nbsp;Ortam S\u0131cakl\u0131\u011f\u0131<\/td><td>\u00c7al\u0131\u015fma: 4 \u00b0C ~ 40 \u00b0C<\/td><\/tr><tr><td>Saklama: -20 \u00b0C ~ 50 \u00b0C<\/td><\/tr><tr><td>&nbsp;Ortam Nem Oran\u0131<\/td><td>%0 ~ %90 (Yo\u011fu\u015fmas\u0131z)<\/td><\/tr><tr><td><strong>&nbsp;Etiket<\/strong><\/td><\/tr><tr><td>&nbsp;Tip<\/td><td>Ara bo\u015fluklu, S\u00fcrekli form, black mark (siyah \u00e7izgi ile ayr\u0131lm\u0131\u015f)<\/td><\/tr><tr><td>&nbsp;Geni\u015flik<\/td><td>12 mm ~ 60 mm<\/td><\/tr><tr><td>&nbsp;Kal\u0131nl\u0131k<\/td><td>0,06 ~ 0,2 mm<\/td><\/tr><tr><td>&nbsp;Kuka i\u00e7 \u00e7ap\u0131<\/td><td>Standart: 12,7 mm<\/td><\/tr><tr><td>Opsiyonel: 25,4 mm veya 38 mm<\/td><\/tr><tr><td>&nbsp;Etiket d\u0131\u015f \u00e7ap\u0131<\/td><td>115 mm (12,7 mm kuka ile)<\/td><\/tr><tr><td>127 mm (25,4 mm veya 38 kuka ile)<\/td><\/tr><tr><td>Opsiyonel:203 mm (Harici Etiket Kayna\u011f\u0131 \u00dcnitesi ile)<\/td><\/tr><tr><td><strong>&nbsp;Ribon<\/strong><\/td><\/tr><tr><td>&nbsp;Tip<\/td><td>Kullan\u0131lm\u0131yor<\/td><\/tr><tr><td><strong>&nbsp;Yaz\u0131l\u0131msal<\/strong><\/td><\/tr><tr><td>&nbsp;Windows s\u00fcr\u00fcc\u00fcleri<\/td><td>Win XP \/ Vista \/ 7 \/ 8 \/ 8.1 \/ Win 10, Windows Server 2003 \/ 2008 \/ 2012 (32 Bit &amp; 64 Bit)<\/td><\/tr><tr><td>&nbsp;Linux s\u00fcr\u00fcc\u00fcleri<\/td><td>Destekleniyor<\/td><\/tr><tr><td>&nbsp;Etiket dizayn program\u0131<\/td><td>Bartender UltraLite (\u00dccretsiz)<\/td><\/tr><tr><td>&nbsp;Yard\u0131mc\u0131 programlar<\/td><td>Printer Utility ve Font Utility<\/td><\/tr><tr><td>&nbsp;Desteklenen&nbsp;barkod yaz\u0131m dilleri<\/td><td>PPLA, PPLB ve PPLZ<\/td><\/tr><tr><td>&nbsp;Desteklenen grafik bi\u00e7imleri<\/td><td><strong>PPLA:&nbsp;<\/strong>PCX, BMP, IMG, HEX,GDI dosya bi\u00e7imleri<\/td><\/tr><tr><td><strong>PPLB:&nbsp;<\/strong>PCX, BMP, Binary raster, GDI dosya bi\u00e7imleri<\/td><\/tr><tr><td><strong>PPLZ:&nbsp;<\/strong>GRF, Hex, GDI bi\u00e7imleri<\/td><\/tr><tr><td><strong>&nbsp;Desteklenen Barkod Tipleri<\/strong><\/td><\/tr><tr><td>&nbsp;1D<\/td><td>UPC-A, UPC-E, JAN\/EAN, CODE39, CODE93, CODE128, GS1-128 (UCC\/EAN128), CODABAR (NW-7), ITF, Industrial 2of5, MSI, UPC add-on code, POSTNET, GS1 DataBar Omnidirectional, GS1 DataBar Truncated, GS1 DataBar Stacked, GS1 DataBar Stacked Omnidirectional, GS1 DataBar Limited, GS1 DataBar Expanded, GS1 DataBar Expanded Stacked<\/td><\/tr><tr><td>&nbsp;2D<\/td><td>QR Code, PDF417 (MicroPDF I de i\u00e7erir), DataMatrix (ECC200), GS1 DataMatrix, MaxiCode<\/td><\/tr><tr><td>&nbsp;Y\u0131\u011f\u0131n Barkodlar<\/td><td>EAN-13 Composite (CC-A\/CC-B), EAN-8 Composite (CC-A\/CC-B), UPC-A Composite (CC-A\/CC-B), UPC-E Composite (CC-A\/CC-B), GS1 DataBar Composite (CC-A\/CC-B), GS1 DataBar Truncated Composite (CC-A\/CC-B), GS1 DataBar Stacked Composite (CC-A\/CC-B), GS1 DataBar Expanded Stacked Composite (CC-A\/CC-B), GS1 DataBar Expanded Composite (CC-A\/CC-B), GS1 DataBar Stacked Omnidirectional Composite (CC-A\/CC-B), GS1 DataBar Limited Composite (CC-A\/CC-B), GS1-128 Composite (CC-A\/CC-B\/CC-C)<\/td><\/tr><\/tbody><\/table>\n","protected":false},"excerpt":{"rendered":"<p>\u25cf Direk Termal Barkod Yaz\u0131c\u0131\u25cf 203 DPI Bask\u0131 \u00c7\u00f6z\u00fcn\u00fcrl\u00fc\u011f\u00fc\u25cf Max. 54 mm Bask\u0131 Geni\u015fli\u011fi\u25cf Max. 2.540 mm Bask\u0131 Uzunlu\u011fu\u25cf Max. 177,8 mm \/ Saniye Bask\u0131 H\u0131z\u0131\u25cf 32 MB SDRAM, 16 MB Flash Bellek\u25cf USB, USB Host ve Ethernet Port\u25cf PPLA, PPLB ve PPLZ Barkod Yaz\u0131m Dili Deste\u011fi\u25cf Windows ve Linux Driver Deste\u011fi &nbsp;\u0130\u015flemsel &nbsp;Bask\u0131 metodu [&hellip;]<\/p>\n","protected":false},"author":1,"featured_media":0,"parent":303,"menu_order":0,"comment_status":"closed","ping_status":"closed","template":"","meta":[],"yoast_head":"<!-- This site is optimized with the Yoast SEO plugin v15.7 - https:\/\/yoast.com\/wordpress\/plugins\/seo\/ -->\n<title>Argox D2-250 Barkod Yaz\u0131c\u0131 - Crea Barkod<\/title>\n<meta name=\"robots\" content=\"index, follow, max-snippet:-1, max-image-preview:large, max-video-preview:-1\" \/>\n<link rel=\"canonical\" href=\"http:\/\/www.creabarkod.com\/?page_id=323\" \/>\n<meta property=\"og:locale\" content=\"tr_TR\" \/>\n<meta property=\"og:type\" content=\"article\" \/>\n<meta property=\"og:title\" content=\"Argox D2-250 Barkod Yaz\u0131c\u0131 - Crea Barkod\" \/>\n<meta property=\"og:description\" content=\"\u25cf Direk Termal Barkod Yaz\u0131c\u0131\u25cf 203 DPI Bask\u0131 \u00c7\u00f6z\u00fcn\u00fcrl\u00fc\u011f\u00fc\u25cf Max. 54 mm Bask\u0131 Geni\u015fli\u011fi\u25cf Max. 2.540 mm Bask\u0131 Uzunlu\u011fu\u25cf Max. 177,8 mm \/ Saniye Bask\u0131 H\u0131z\u0131\u25cf 32 MB SDRAM, 16 MB Flash Bellek\u25cf USB, USB Host ve Ethernet Port\u25cf PPLA, PPLB ve PPLZ Barkod Yaz\u0131m Dili Deste\u011fi\u25cf Windows ve Linux Driver Deste\u011fi &nbsp;\u0130\u015flemsel &nbsp;Bask\u0131 metodu [&hellip;]\" \/>\n<meta property=\"og:url\" content=\"http:\/\/www.creabarkod.com\/?page_id=323\" \/>\n<meta property=\"og:site_name\" content=\"Crea Barkod\" \/>\n<meta property=\"article:modified_time\" content=\"2019-06-17T12:32:33+00:00\" \/>\n<meta property=\"og:image\" content=\"http:\/\/www.creabarkod.com\/wp-content\/uploads\/2019\/06\/Argox-D2-250-Giri\u015f-Seviyesi-Barkod-Yaz\u0131c\u0131-1-2.jpg\" \/>\n<meta name=\"twitter:card\" content=\"summary_large_image\" \/>\n<meta name=\"twitter:label1\" content=\"Tahmini okuma s\u00fcresi\">\n\t<meta name=\"twitter:data1\" content=\"2 dakika\">\n<script type=\"application\/ld+json\" class=\"yoast-schema-graph\">{\"@context\":\"https:\/\/schema.org\",\"@graph\":[{\"@type\":\"WebSite\",\"@id\":\"http:\/\/www.creabarkod.com\/#website\",\"url\":\"http:\/\/www.creabarkod.com\/\",\"name\":\"Crea Barkod\",\"description\":\"\",\"potentialAction\":[{\"@type\":\"SearchAction\",\"target\":\"http:\/\/www.creabarkod.com\/?s={search_term_string}\",\"query-input\":\"required name=search_term_string\"}],\"inLanguage\":\"tr\"},{\"@type\":\"ImageObject\",\"@id\":\"http:\/\/www.creabarkod.com\/?page_id=323#primaryimage\",\"inLanguage\":\"tr\",\"url\":\"http:\/\/www.creabarkod.com\/wp-content\/uploads\/2019\/06\/Argox-D2-250-Giri\\u015f-Seviyesi-Barkod-Yaz\\u0131c\\u0131-1-2.jpg\",\"width\":500,\"height\":500},{\"@type\":\"WebPage\",\"@id\":\"http:\/\/www.creabarkod.com\/?page_id=323#webpage\",\"url\":\"http:\/\/www.creabarkod.com\/?page_id=323\",\"name\":\"Argox D2-250 Barkod Yaz\\u0131c\\u0131 - Crea Barkod\",\"isPartOf\":{\"@id\":\"http:\/\/www.creabarkod.com\/#website\"},\"primaryImageOfPage\":{\"@id\":\"http:\/\/www.creabarkod.com\/?page_id=323#primaryimage\"},\"datePublished\":\"2019-06-17T12:23:26+00:00\",\"dateModified\":\"2019-06-17T12:32:33+00:00\",\"inLanguage\":\"tr\",\"potentialAction\":[{\"@type\":\"ReadAction\",\"target\":[\"http:\/\/www.creabarkod.com\/?page_id=323\"]}]}]}<\/script>\n<!-- \/ Yoast SEO plugin. -->","_links":{"self":[{"href":"http:\/\/www.creabarkod.com\/index.php?rest_route=\/wp\/v2\/pages\/323"}],"collection":[{"href":"http:\/\/www.creabarkod.com\/index.php?rest_route=\/wp\/v2\/pages"}],"about":[{"href":"http:\/\/www.creabarkod.com\/index.php?rest_route=\/wp\/v2\/types\/page"}],"author":[{"embeddable":true,"href":"http:\/\/www.creabarkod.com\/index.php?rest_route=\/wp\/v2\/users\/1"}],"replies":[{"embeddable":true,"href":"http:\/\/www.creabarkod.com\/index.php?rest_route=%2Fwp%2Fv2%2Fcomments&post=323"}],"version-history":[{"count":4,"href":"http:\/\/www.creabarkod.com\/index.php?rest_route=\/wp\/v2\/pages\/323\/revisions"}],"predecessor-version":[{"id":345,"href":"http:\/\/www.creabarkod.com\/index.php?rest_route=\/wp\/v2\/pages\/323\/revisions\/345"}],"up":[{"embeddable":true,"href":"http:\/\/www.creabarkod.com\/index.php?rest_route=\/wp\/v2\/pages\/303"}],"wp:attachment":[{"href":"http:\/\/www.creabarkod.com\/index.php?rest_route=%2Fwp%2Fv2%2Fmedia&parent=323"}],"curies":[{"name":"wp","href":"https:\/\/api.w.org\/{rel}","templated":true}]}}