{"id":310,"date":"2019-06-17T12:18:06","date_gmt":"2019-06-17T12:18:06","guid":{"rendered":"http:\/\/www.creabarkod.com\/?page_id=310"},"modified":"2019-06-17T13:30:49","modified_gmt":"2019-06-17T13:30:49","slug":"endustriyel-203dpi-barkod-yazicilar","status":"publish","type":"page","link":"http:\/\/www.creabarkod.com\/?page_id=310","title":{"rendered":"End\u00fcstriyel 203dpi Barkod Yaz\u0131c\u0131lar"},"content":{"rendered":"<div class=\"foogallery foogallery-container foogallery-masonry foogallery-lightbox-none fg-center fg-masonry fg-light fg-border-thick fg-round-large fg-shadow-large fg-loading-bars fg-loaded-fade-in fg-hover-grayscale fg-hover-scale fg-captions-bottom fg-hover-fade fg-ready\" id=\"foogallery-gallery-419\" data-foogallery=\"{&quot;item&quot;:{&quot;showCaptionTitle&quot;:true,&quot;showCaptionDescription&quot;:false},&quot;lazy&quot;:true,&quot;src&quot;:&quot;data-src-fg&quot;,&quot;srcset&quot;:&quot;data-srcset-fg&quot;,&quot;template&quot;:{&quot;layout&quot;:&quot;fixed&quot;,&quot;columnWidth&quot;:150,&quot;gutter&quot;:10}}\" data-fg-common-fields=\"1\" >\r\n\t<div class=\"fg-item\"><figure class=\"fg-item-inner\"><a href=\"http:\/\/www.creabarkod.com\/?page_id=429\" data-caption-title=\"Argox IX4-240\" data-caption-desc=\"Argox IX4-240 End\u00fcstriyel Barkod Yaz\u0131c\u0131\" data-attachment-id=\"421\" class=\"fg-thumb\"><span class=\"fg-image-wrap\"><img alt=\"Argox IX4-240 End\u00fcstriyel Barkod Yaz\u0131c\u0131\" title=\"Argox IX4-240 End\u00fcstriyel Barkod Yaz\u0131c\u0131\" width=\"150\" height=\"150\" data-src-fg=\"http:\/\/www.creabarkod.com\/wp-content\/uploads\/cache\/2019\/06\/Argox-IX4-240-End\u00fcstriyel-Barkod-Yaz\u0131c\u0131\/2054638301.png\" class=\"fg-image\" \/><\/span><\/a><figcaption class=\"fg-caption\"><div class=\"fg-caption-inner\"><div class=\"fg-caption-title\">Argox IX4-240<\/div><\/div><\/figcaption><\/figure><div class=\"fg-loader\"><\/div><\/div><div class=\"fg-item\"><figure class=\"fg-item-inner\"><a href=\"http:\/\/www.creabarkod.com\/?page_id=431\" data-caption-title=\"Argox IX4-250\" data-caption-desc=\"Argox IX4-250 End\u00fcstriyel Barkod Yaz\u0131c\u0131\" data-attachment-id=\"422\" class=\"fg-thumb\"><span class=\"fg-image-wrap\"><img alt=\"Argox IX4-250 End\u00fcstriyel Barkod Yaz\u0131c\u0131\" title=\"Argox IX4-250 End\u00fcstriyel Barkod Yaz\u0131c\u0131\" width=\"150\" height=\"150\" data-src-fg=\"http:\/\/www.creabarkod.com\/wp-content\/uploads\/cache\/2019\/06\/Argox-IX4-250-End\u00fcstriyel-Barkod-Yaz\u0131c\u0131-2-1\/2289479274.jpg\" class=\"fg-image\" \/><\/span><\/a><figcaption class=\"fg-caption\"><div class=\"fg-caption-inner\"><div class=\"fg-caption-title\">Argox IX4-250<\/div><\/div><\/figcaption><\/figure><div class=\"fg-loader\"><\/div><\/div><div class=\"fg-item\"><figure class=\"fg-item-inner\"><a href=\"http:\/\/www.creabarkod.com\/?page_id=473\" data-caption-title=\"Argox IX6-250 End\u00fcstriyel Barkod Yaz\u0131c\u0131\" data-caption-desc=\"Argox IX6-250 End\u00fcstriyel Barkod Yaz\u0131c\u0131\" data-attachment-id=\"474\" class=\"fg-thumb\"><span class=\"fg-image-wrap\"><img alt=\"Argox IX6-250 End\u00fcstriyel Barkod Yaz\u0131c\u0131\" title=\"Argox IX6-250 End\u00fcstriyel Barkod Yaz\u0131c\u0131\" width=\"150\" height=\"113\" data-src-fg=\"http:\/\/www.creabarkod.com\/wp-content\/uploads\/cache\/2019\/06\/Argox-IX6-250-End\u00fcstriyel-Barkod-Yaz\u0131c\u0131\/2566245257.jpg\" class=\"fg-image\" \/><\/span><\/a><figcaption class=\"fg-caption\"><div class=\"fg-caption-inner\"><div class=\"fg-caption-title\">Argox IX6-250 End\u00fcstriyel Barkod Yaz\u0131c\u0131<\/div><\/div><\/figcaption><\/figure><div class=\"fg-loader\"><\/div><\/div><div class=\"fg-item\"><figure class=\"fg-item-inner\"><a href=\"http:\/\/www.creabarkod.com\/?page_id=470\" data-caption-title=\"Argox G-6000\" data-caption-desc=\"Argox G-6000 End\u00fcstriyel Barkod Yaz\u0131c\u0131\" data-attachment-id=\"420\" class=\"fg-thumb\"><span class=\"fg-image-wrap\"><img alt=\"Argox G-6000 End\u00fcstriyel Barkod Yaz\u0131c\u0131\" title=\"Argox G-6000 End\u00fcstriyel Barkod Yaz\u0131c\u0131\" width=\"150\" height=\"150\" data-src-fg=\"http:\/\/www.creabarkod.com\/wp-content\/uploads\/cache\/2019\/06\/Argox-G-6000-End\u00fcstriyel-Barkod-Yaz\u0131c\u0131\/3897507881.jpg\" class=\"fg-image\" \/><\/span><\/a><figcaption class=\"fg-caption\"><div class=\"fg-caption-inner\"><div class=\"fg-caption-title\">Argox G-6000<\/div><\/div><\/figcaption><\/figure><div class=\"fg-loader\"><\/div><\/div><div class=\"fg-item\"><figure class=\"fg-item-inner\"><a href=\"http:\/\/www.creabarkod.com\/?page_id=435\" data-caption-title=\"Godex BP500L\" data-caption-desc=\"Godex BP500L End\u00fcstriyel Barkod Yaz\u0131c\u0131\" data-attachment-id=\"425\" class=\"fg-thumb\"><span class=\"fg-image-wrap\"><img title=\"Godex BP500L End\u00fcstriyel Barkod Yaz\u0131c\u0131\" width=\"150\" height=\"150\" data-src-fg=\"http:\/\/www.creabarkod.com\/wp-content\/uploads\/cache\/2019\/06\/Godex-BP500L-End\u00fcstriyel-Barkod-Yaz\u0131c\u0131-1\/512463055.jpg\" class=\"fg-image\" \/><\/span><\/a><figcaption class=\"fg-caption\"><div class=\"fg-caption-inner\"><div class=\"fg-caption-title\">Godex BP500L<\/div><\/div><\/figcaption><\/figure><div class=\"fg-loader\"><\/div><\/div><div class=\"fg-item\"><figure class=\"fg-item-inner\"><a href=\"http:\/\/www.creabarkod.com\/?page_id=437\" data-caption-title=\"Godex EZ-2250i\" data-caption-desc=\"Godex EZ-2250i End\u00fcstriyel Barkod Yaz\u0131c\u0131\" data-attachment-id=\"426\" class=\"fg-thumb\"><span class=\"fg-image-wrap\"><img alt=\"Godex EZ-2250i End\u00fcstriyel Barkod Yaz\u0131c\u0131\" title=\"Godex EZ-2250i End\u00fcstriyel Barkod Yaz\u0131c\u0131\" width=\"150\" height=\"150\" data-src-fg=\"http:\/\/www.creabarkod.com\/wp-content\/uploads\/cache\/2019\/06\/Godex-EZ-2250i-End\u00fcstriyel-Barkod-Yaz\u0131c\u0131\/3823405007.jpg\" class=\"fg-image\" \/><\/span><\/a><figcaption class=\"fg-caption\"><div class=\"fg-caption-inner\"><div class=\"fg-caption-title\">Godex EZ-2250i<\/div><\/div><\/figcaption><\/figure><div class=\"fg-loader\"><\/div><\/div><div class=\"fg-item\"><figure class=\"fg-item-inner\"><a href=\"http:\/\/www.creabarkod.com\/?page_id=439\" data-caption-title=\"Godex ZX420i\" data-caption-desc=\"Godex ZX420i End\u00fcstriyel Barkod Yaz\u0131c\u0131\" data-attachment-id=\"427\" class=\"fg-thumb\"><span class=\"fg-image-wrap\"><img alt=\"Godex ZX420i End\u00fcstriyel Barkod Yaz\u0131c\u0131\" title=\"Godex ZX420i End\u00fcstriyel Barkod Yaz\u0131c\u0131\" width=\"150\" height=\"150\" data-src-fg=\"http:\/\/www.creabarkod.com\/wp-content\/uploads\/cache\/2019\/06\/Godex-ZX420i-End\u00fcstriyel-Barkod-Yaz\u0131c\u0131-1\/3356175203.jpg\" class=\"fg-image\" \/><\/span><\/a><figcaption class=\"fg-caption\"><div class=\"fg-caption-inner\"><div class=\"fg-caption-title\">Godex ZX420i<\/div><\/div><\/figcaption><\/figure><div class=\"fg-loader\"><\/div><\/div><div class=\"fg-item\"><figure class=\"fg-item-inner\"><a href=\"http:\/\/www.creabarkod.com\/?page_id=441\" data-caption-title=\"Godex ZX1200i\" data-caption-desc=\"Godex ZX1200i End\u00fcstriyel Barkod Yaz\u0131c\u0131\" data-attachment-id=\"428\" class=\"fg-thumb\"><span class=\"fg-image-wrap\"><img alt=\"Godex ZX1200i End\u00fcstriyel Barkod Yaz\u0131c\u0131\" title=\"Godex ZX1200i End\u00fcstriyel Barkod Yaz\u0131c\u0131\" width=\"150\" height=\"150\" data-src-fg=\"http:\/\/www.creabarkod.com\/wp-content\/uploads\/cache\/2019\/06\/Godex-ZX1200i-End\u00fcstriyel-Barkod-Yaz\u0131c\u0131-1\/965204237.png\" class=\"fg-image\" \/><\/span><\/a><figcaption class=\"fg-caption\"><div class=\"fg-caption-inner\"><div class=\"fg-caption-title\">Godex ZX1200i<\/div><\/div><\/figcaption><\/figure><div class=\"fg-loader\"><\/div><\/div><\/div>","protected":false},"excerpt":{"rendered":"","protected":false},"author":1,"featured_media":0,"parent":10,"menu_order":0,"comment_status":"closed","ping_status":"closed","template":"","meta":[],"yoast_head":"<!-- This site is optimized with the Yoast SEO plugin v15.7 - https:\/\/yoast.com\/wordpress\/plugins\/seo\/ -->\n<title>End\u00fcstriyel 203dpi Barkod Yaz\u0131c\u0131lar - Crea Barkod<\/title>\n<meta name=\"robots\" content=\"index, follow, max-snippet:-1, max-image-preview:large, max-video-preview:-1\" \/>\n<link rel=\"canonical\" href=\"http:\/\/www.creabarkod.com\/?page_id=310\" \/>\n<meta property=\"og:locale\" content=\"tr_TR\" \/>\n<meta property=\"og:type\" content=\"article\" \/>\n<meta property=\"og:title\" content=\"End\u00fcstriyel 203dpi Barkod Yaz\u0131c\u0131lar - Crea Barkod\" \/>\n<meta property=\"og:url\" content=\"http:\/\/www.creabarkod.com\/?page_id=310\" \/>\n<meta property=\"og:site_name\" content=\"Crea Barkod\" \/>\n<meta property=\"article:modified_time\" content=\"2019-06-17T13:30:49+00:00\" \/>\n<meta name=\"twitter:card\" content=\"summary_large_image\" \/>\n<script type=\"application\/ld+json\" class=\"yoast-schema-graph\">{\"@context\":\"https:\/\/schema.org\",\"@graph\":[{\"@type\":\"WebSite\",\"@id\":\"http:\/\/www.creabarkod.com\/#website\",\"url\":\"http:\/\/www.creabarkod.com\/\",\"name\":\"Crea Barkod\",\"description\":\"\",\"potentialAction\":[{\"@type\":\"SearchAction\",\"target\":\"http:\/\/www.creabarkod.com\/?s={search_term_string}\",\"query-input\":\"required name=search_term_string\"}],\"inLanguage\":\"tr\"},{\"@type\":\"WebPage\",\"@id\":\"http:\/\/www.creabarkod.com\/?page_id=310#webpage\",\"url\":\"http:\/\/www.creabarkod.com\/?page_id=310\",\"name\":\"End\\u00fcstriyel 203dpi Barkod Yaz\\u0131c\\u0131lar - Crea Barkod\",\"isPartOf\":{\"@id\":\"http:\/\/www.creabarkod.com\/#website\"},\"datePublished\":\"2019-06-17T12:18:06+00:00\",\"dateModified\":\"2019-06-17T13:30:49+00:00\",\"inLanguage\":\"tr\",\"potentialAction\":[{\"@type\":\"ReadAction\",\"target\":[\"http:\/\/www.creabarkod.com\/?page_id=310\"]}]}]}<\/script>\n<!-- \/ Yoast SEO plugin. -->","_links":{"self":[{"href":"http:\/\/www.creabarkod.com\/index.php?rest_route=\/wp\/v2\/pages\/310"}],"collection":[{"href":"http:\/\/www.creabarkod.com\/index.php?rest_route=\/wp\/v2\/pages"}],"about":[{"href":"http:\/\/www.creabarkod.com\/index.php?rest_route=\/wp\/v2\/types\/page"}],"author":[{"embeddable":true,"href":"http:\/\/www.creabarkod.com\/index.php?rest_route=\/wp\/v2\/users\/1"}],"replies":[{"embeddable":true,"href":"http:\/\/www.creabarkod.com\/index.php?rest_route=%2Fwp%2Fv2%2Fcomments&post=310"}],"version-history":[{"count":2,"href":"http:\/\/www.creabarkod.com\/index.php?rest_route=\/wp\/v2\/pages\/310\/revisions"}],"predecessor-version":[{"id":443,"href":"http:\/\/www.creabarkod.com\/index.php?rest_route=\/wp\/v2\/pages\/310\/revisions\/443"}],"up":[{"embeddable":true,"href":"http:\/\/www.creabarkod.com\/index.php?rest_route=\/wp\/v2\/pages\/10"}],"wp:attachment":[{"href":"http:\/\/www.creabarkod.com\/index.php?rest_route=%2Fwp%2Fv2%2Fmedia&parent=310"}],"curies":[{"name":"wp","href":"https:\/\/api.w.org\/{rel}","templated":true}]}}