{"id":303,"date":"2019-06-17T12:16:31","date_gmt":"2019-06-17T12:16:31","guid":{"rendered":"http:\/\/www.creabarkod.com\/?page_id=303"},"modified":"2019-06-17T12:37:46","modified_gmt":"2019-06-17T12:37:46","slug":"giris-seviyesi-barkod-yazicilar","status":"publish","type":"page","link":"http:\/\/www.creabarkod.com\/?page_id=303","title":{"rendered":"Giri\u015f Seviyesi Barkod Yaz\u0131c\u0131lar"},"content":{"rendered":"<div class=\"foogallery foogallery-container foogallery-masonry foogallery-lightbox-none fg-center fg-masonry fg-light fg-border-thick fg-round-large fg-shadow-large fg-loading-bars fg-loaded-fade-in fg-hover-grayscale fg-hover-scale fg-captions-bottom fg-hover-fade fg-ready\" id=\"foogallery-gallery-316\" data-foogallery=\"{&quot;item&quot;:{&quot;showCaptionTitle&quot;:true,&quot;showCaptionDescription&quot;:false},&quot;lazy&quot;:true,&quot;src&quot;:&quot;data-src-fg&quot;,&quot;srcset&quot;:&quot;data-srcset-fg&quot;,&quot;template&quot;:{&quot;layout&quot;:&quot;fixed&quot;,&quot;columnWidth&quot;:150,&quot;gutter&quot;:10}}\" data-fg-common-fields=\"1\" >\r\n\t<div class=\"fg-item\"><figure class=\"fg-item-inner\"><a href=\"http:\/\/www.creabarkod.com\/?page_id=323\" data-caption-title=\"Argox D2-250\" data-caption-desc=\"Argox D2-250 Giri\u015f Seviyesi Barkod Yaz\u0131c\u0131\" data-attachment-id=\"317\" class=\"fg-thumb\"><span class=\"fg-image-wrap\"><img alt=\"Argox D2-250 Giri\u015f Seviyesi Barkod Yaz\u0131c\u0131\" title=\"Argox D2-250 Giri\u015f Seviyesi Barkod Yaz\u0131c\u0131\" width=\"150\" height=\"150\" data-src-fg=\"http:\/\/www.creabarkod.com\/wp-content\/uploads\/cache\/2019\/06\/Argox-D2-250-Giri\u015f-Seviyesi-Barkod-Yaz\u0131c\u0131-1-1\/806771703.jpg\" class=\"fg-image\" \/><\/span><\/a><figcaption class=\"fg-caption\"><div class=\"fg-caption-inner\"><div class=\"fg-caption-title\">Argox D2-250<\/div><\/div><\/figcaption><\/figure><div class=\"fg-loader\"><\/div><\/div><div class=\"fg-item\"><figure class=\"fg-item-inner\"><a href=\"http:\/\/www.creabarkod.com\/?page_id=329\" data-caption-title=\"Argox OS-214NU\" data-caption-desc=\"Argox OS-214NU Giri\u015f Seviyesi Barkod Yaz\u0131c\u0131\" data-attachment-id=\"318\" class=\"fg-thumb\"><span class=\"fg-image-wrap\"><img alt=\"Argox OS-214NU Giri\u015f Seviyesi Barkod Yaz\u0131c\u0131\" title=\"Argox OS-214NU Giri\u015f Seviyesi Barkod Yaz\u0131c\u0131\" width=\"150\" height=\"150\" data-src-fg=\"http:\/\/www.creabarkod.com\/wp-content\/uploads\/cache\/2019\/06\/Argox-OS-214NU-Giri\u015f-Seviyesi-Barkod-Yaz\u0131c\u0131\/2238655498.jpg\" class=\"fg-image\" \/><\/span><\/a><figcaption class=\"fg-caption\"><div class=\"fg-caption-inner\"><div class=\"fg-caption-title\">Argox OS-214NU<\/div><\/div><\/figcaption><\/figure><div class=\"fg-loader\"><\/div><\/div><div class=\"fg-item\"><figure class=\"fg-item-inner\"><a href=\"http:\/\/www.creabarkod.com\/?page_id=327\" data-caption-title=\"Argox OS-214Plus\" data-caption-desc=\"Argox OS-214Plus Giri\u015f Seviyesi Barkod Yaz\u0131c\u0131\" data-attachment-id=\"319\" class=\"fg-thumb\"><span class=\"fg-image-wrap\"><img alt=\"Argox OS-214Plus Giri\u015f Seviyesi Barkod Yaz\u0131c\u0131\" title=\"Argox OS-214Plus Giri\u015f Seviyesi Barkod Yaz\u0131c\u0131\" width=\"150\" height=\"150\" data-src-fg=\"http:\/\/www.creabarkod.com\/wp-content\/uploads\/cache\/2019\/06\/Argox-OS-214Plus-Giri\u015f-Seviyesi-Barkod-Yaz\u0131c\u0131\/1918926030.jpg\" class=\"fg-image\" \/><\/span><\/a><figcaption class=\"fg-caption\"><div class=\"fg-caption-inner\"><div class=\"fg-caption-title\">Argox OS-214Plus<\/div><\/div><\/figcaption><\/figure><div class=\"fg-loader\"><\/div><\/div><div class=\"fg-item\"><figure class=\"fg-item-inner\"><a href=\"http:\/\/www.creabarkod.com\/?page_id=325\" data-caption-title=\"Argox OS-2130D\" data-caption-desc=\"Argox OS-2130D Giri\u015f Seviyesi Barkod Yaz\u0131c\u0131\" data-attachment-id=\"320\" class=\"fg-thumb\"><span class=\"fg-image-wrap\"><img alt=\"Argox OS-2130D Giri\u015f Seviyesi Barkod Yaz\u0131c\u0131\" title=\"Argox OS-2130D Giri\u015f Seviyesi Barkod Yaz\u0131c\u0131\" width=\"150\" height=\"150\" data-src-fg=\"http:\/\/www.creabarkod.com\/wp-content\/uploads\/cache\/2019\/06\/Argox-OS-2130D-Giri\u015f-Seviyesi-Barkod-Yaz\u0131c\u0131\/108246270.jpg\" class=\"fg-image\" \/><\/span><\/a><figcaption class=\"fg-caption\"><div class=\"fg-caption-inner\"><div class=\"fg-caption-title\">Argox OS-2130D<\/div><\/div><\/figcaption><\/figure><div class=\"fg-loader\"><\/div><\/div><div class=\"fg-item\"><figure class=\"fg-item-inner\"><a href=\"http:\/\/www.creabarkod.com\/?page_id=331\" data-caption-title=\"Godex EZ-1105P EZ320\" data-caption-desc=\"Godex EZ-1105P EZ320 Giri\u015f Seviyesi Barkod Yaz\u0131c\u0131\" data-attachment-id=\"321\" class=\"fg-thumb\"><span class=\"fg-image-wrap\"><img alt=\"Godex EZ-1105P EZ320 Giri\u015f Seviyesi Barkod Yaz\u0131c\u0131\" title=\"Godex EZ-1105P EZ320 Giri\u015f Seviyesi Barkod Yaz\u0131c\u0131\" width=\"150\" height=\"150\" data-src-fg=\"http:\/\/www.creabarkod.com\/wp-content\/uploads\/cache\/2019\/06\/Godex-EZ-1105P-EZ320-Giri\u015f-Seviyesi-Barkod-Yaz\u0131c\u0131-1\/74348825.jpg\" class=\"fg-image\" \/><\/span><\/a><figcaption class=\"fg-caption\"><div class=\"fg-caption-inner\"><div class=\"fg-caption-title\">Godex EZ-1105P EZ320<\/div><\/div><\/figcaption><\/figure><div class=\"fg-loader\"><\/div><\/div><div class=\"fg-item\"><figure class=\"fg-item-inner\"><a href=\"http:\/\/www.creabarkod.com\/?page_id=333\" data-caption-title=\"Godex G300\" data-caption-desc=\"Godex G300 Giri\u015f Seviyesi Barkod Yaz\u0131c\u0131\" data-attachment-id=\"322\" class=\"fg-thumb\"><span class=\"fg-image-wrap\"><img alt=\"Godex G300 Giri\u015f Seviyesi Barkod Yaz\u0131c\u0131\" title=\"Godex G300 Giri\u015f Seviyesi Barkod Yaz\u0131c\u0131\" width=\"150\" height=\"150\" data-src-fg=\"http:\/\/www.creabarkod.com\/wp-content\/uploads\/cache\/2019\/06\/Godex-G300-Giri\u015f-Seviyesi-Barkod-Yaz\u0131c\u0131\/2066489627.jpg\" class=\"fg-image\" \/><\/span><\/a><figcaption class=\"fg-caption\"><div class=\"fg-caption-inner\"><div class=\"fg-caption-title\">Godex G300<\/div><\/div><\/figcaption><\/figure><div class=\"fg-loader\"><\/div><\/div><\/div>","protected":false},"excerpt":{"rendered":"","protected":false},"author":1,"featured_media":0,"parent":10,"menu_order":0,"comment_status":"closed","ping_status":"closed","template":"","meta":[],"yoast_head":"<!-- This site is optimized with the Yoast SEO plugin v15.7 - https:\/\/yoast.com\/wordpress\/plugins\/seo\/ -->\n<title>Giri\u015f Seviyesi Barkod Yaz\u0131c\u0131lar - Crea Barkod<\/title>\n<meta name=\"robots\" content=\"index, follow, max-snippet:-1, max-image-preview:large, max-video-preview:-1\" \/>\n<link rel=\"canonical\" href=\"http:\/\/www.creabarkod.com\/?page_id=303\" \/>\n<meta property=\"og:locale\" content=\"tr_TR\" \/>\n<meta property=\"og:type\" content=\"article\" \/>\n<meta property=\"og:title\" content=\"Giri\u015f Seviyesi Barkod Yaz\u0131c\u0131lar - Crea Barkod\" \/>\n<meta property=\"og:url\" content=\"http:\/\/www.creabarkod.com\/?page_id=303\" \/>\n<meta property=\"og:site_name\" content=\"Crea Barkod\" \/>\n<meta property=\"article:modified_time\" content=\"2019-06-17T12:37:46+00:00\" \/>\n<meta name=\"twitter:card\" content=\"summary_large_image\" \/>\n<script type=\"application\/ld+json\" class=\"yoast-schema-graph\">{\"@context\":\"https:\/\/schema.org\",\"@graph\":[{\"@type\":\"WebSite\",\"@id\":\"http:\/\/www.creabarkod.com\/#website\",\"url\":\"http:\/\/www.creabarkod.com\/\",\"name\":\"Crea Barkod\",\"description\":\"\",\"potentialAction\":[{\"@type\":\"SearchAction\",\"target\":\"http:\/\/www.creabarkod.com\/?s={search_term_string}\",\"query-input\":\"required name=search_term_string\"}],\"inLanguage\":\"tr\"},{\"@type\":\"WebPage\",\"@id\":\"http:\/\/www.creabarkod.com\/?page_id=303#webpage\",\"url\":\"http:\/\/www.creabarkod.com\/?page_id=303\",\"name\":\"Giri\\u015f Seviyesi Barkod Yaz\\u0131c\\u0131lar - Crea Barkod\",\"isPartOf\":{\"@id\":\"http:\/\/www.creabarkod.com\/#website\"},\"datePublished\":\"2019-06-17T12:16:31+00:00\",\"dateModified\":\"2019-06-17T12:37:46+00:00\",\"inLanguage\":\"tr\",\"potentialAction\":[{\"@type\":\"ReadAction\",\"target\":[\"http:\/\/www.creabarkod.com\/?page_id=303\"]}]}]}<\/script>\n<!-- \/ Yoast SEO plugin. -->","_links":{"self":[{"href":"http:\/\/www.creabarkod.com\/index.php?rest_route=\/wp\/v2\/pages\/303"}],"collection":[{"href":"http:\/\/www.creabarkod.com\/index.php?rest_route=\/wp\/v2\/pages"}],"about":[{"href":"http:\/\/www.creabarkod.com\/index.php?rest_route=\/wp\/v2\/types\/page"}],"author":[{"embeddable":true,"href":"http:\/\/www.creabarkod.com\/index.php?rest_route=\/wp\/v2\/users\/1"}],"replies":[{"embeddable":true,"href":"http:\/\/www.creabarkod.com\/index.php?rest_route=%2Fwp%2Fv2%2Fcomments&post=303"}],"version-history":[{"count":2,"href":"http:\/\/www.creabarkod.com\/index.php?rest_route=\/wp\/v2\/pages\/303\/revisions"}],"predecessor-version":[{"id":335,"href":"http:\/\/www.creabarkod.com\/index.php?rest_route=\/wp\/v2\/pages\/303\/revisions\/335"}],"up":[{"embeddable":true,"href":"http:\/\/www.creabarkod.com\/index.php?rest_route=\/wp\/v2\/pages\/10"}],"wp:attachment":[{"href":"http:\/\/www.creabarkod.com\/index.php?rest_route=%2Fwp%2Fv2%2Fmedia&parent=303"}],"curies":[{"name":"wp","href":"https:\/\/api.w.org\/{rel}","templated":true}]}}