{"id":289,"date":"2019-06-17T11:55:13","date_gmt":"2019-06-17T11:55:13","guid":{"rendered":"http:\/\/www.creabarkod.com\/?page_id=289"},"modified":"2019-06-17T11:55:13","modified_gmt":"2019-06-17T11:55:13","slug":"argox-harici-etiket-besleme-unitesi","status":"publish","type":"page","link":"http:\/\/www.creabarkod.com\/?page_id=289","title":{"rendered":"Argox Harici Etiket Besleme \u00dcnitesi"},"content":{"rendered":"\n<figure class=\"wp-block-image is-resized\"><a href=\"http:\/\/www.creabarkod.com\/wp-content\/uploads\/2019\/06\/Argox_Harici_Besleme_Unitesi.jpg\"><img loading=\"lazy\" src=\"http:\/\/www.creabarkod.com\/wp-content\/uploads\/2019\/06\/Argox_Harici_Besleme_Unitesi.jpg\" alt=\"\" class=\"wp-image-290\" width=\"355\" height=\"355\" srcset=\"http:\/\/www.creabarkod.com\/wp-content\/uploads\/2019\/06\/Argox_Harici_Besleme_Unitesi.jpg 710w, http:\/\/www.creabarkod.com\/wp-content\/uploads\/2019\/06\/Argox_Harici_Besleme_Unitesi-150x150.jpg 150w, http:\/\/www.creabarkod.com\/wp-content\/uploads\/2019\/06\/Argox_Harici_Besleme_Unitesi-300x300.jpg 300w\" sizes=\"(max-width: 355px) 100vw, 355px\" \/><\/a><\/figure>\n\n\n\n<p>\u25cf Etiketlerin i\u00e7 veya d\u0131\u015f sar\u0131m olarak kullan\u0131lmas\u0131<br>\u25cf Max. 133 mm rulo geni\u015fli\u011fi<br>\u25cf Max. 216 mm rulo d\u0131\u015f \u00e7ap\u0131<br>\u25cf Her marka barkod yaz\u0131c\u0131 ile kullan\u0131labilir. <\/p>\n\n\n\n<table class=\"wp-block-table\"><tbody><tr><td><strong>&nbsp;\u0130\u015flemsel<\/strong><\/td><\/tr><tr><td>&nbsp;Etiket geni\u015fli\u011fi<\/td><td>Max. 119 mm (25,4 mm i\u00e7 \u00e7apta)<\/td><\/tr><tr><td>Max. 133 mm (76,2 mm i\u00e7 \u00e7apta)<\/td><\/tr><tr><td>&nbsp;Rulo d\u0131\u015f \u00e7ap\u0131<\/td><td>Max. 216 mm<\/td><\/tr><tr><td>&nbsp;Rulo i\u00e7 \u00e7ap\u0131\u0131<\/td><td>25.4 mm&nbsp;~&nbsp;76.2 mm<\/td><\/tr><tr><td>&nbsp;Sar\u0131m Y\u00f6n\u00fc<\/td><td>\u0130\u00e7 Sar\u0131m veya D\u0131\u015f Sar\u0131m<\/td><\/tr><tr><td>&nbsp;Malzeme<\/td><td>ABS Plastik<\/td><\/tr><\/tbody><\/table>\n","protected":false},"excerpt":{"rendered":"<p>\u25cf Etiketlerin i\u00e7 veya d\u0131\u015f sar\u0131m olarak kullan\u0131lmas\u0131\u25cf Max. 133 mm rulo geni\u015fli\u011fi\u25cf Max. 216 mm rulo d\u0131\u015f \u00e7ap\u0131\u25cf Her marka barkod yaz\u0131c\u0131 ile kullan\u0131labilir. &nbsp;\u0130\u015flemsel &nbsp;Etiket geni\u015fli\u011fi Max. 119 mm (25,4 mm i\u00e7 \u00e7apta) Max. 133 mm (76,2 mm i\u00e7 \u00e7apta) &nbsp;Rulo d\u0131\u015f \u00e7ap\u0131 Max. 216 mm &nbsp;Rulo i\u00e7 \u00e7ap\u0131\u0131 25.4 mm&nbsp;~&nbsp;76.2 mm &nbsp;Sar\u0131m [&hellip;]<\/p>\n","protected":false},"author":1,"featured_media":0,"parent":14,"menu_order":0,"comment_status":"closed","ping_status":"closed","template":"","meta":[],"yoast_head":"<!-- This site is optimized with the Yoast SEO plugin v15.7 - https:\/\/yoast.com\/wordpress\/plugins\/seo\/ -->\n<title>Argox Harici Etiket Besleme \u00dcnitesi - Crea Barkod<\/title>\n<meta name=\"robots\" content=\"index, follow, max-snippet:-1, max-image-preview:large, max-video-preview:-1\" \/>\n<link rel=\"canonical\" href=\"http:\/\/www.creabarkod.com\/?page_id=289\" \/>\n<meta property=\"og:locale\" content=\"tr_TR\" \/>\n<meta property=\"og:type\" content=\"article\" \/>\n<meta property=\"og:title\" content=\"Argox Harici Etiket Besleme \u00dcnitesi - Crea Barkod\" \/>\n<meta property=\"og:description\" content=\"\u25cf Etiketlerin i\u00e7 veya d\u0131\u015f sar\u0131m olarak kullan\u0131lmas\u0131\u25cf Max. 133 mm rulo geni\u015fli\u011fi\u25cf Max. 216 mm rulo d\u0131\u015f \u00e7ap\u0131\u25cf Her marka barkod yaz\u0131c\u0131 ile kullan\u0131labilir. &nbsp;\u0130\u015flemsel &nbsp;Etiket geni\u015fli\u011fi Max. 119 mm (25,4 mm i\u00e7 \u00e7apta) Max. 133 mm (76,2 mm i\u00e7 \u00e7apta) &nbsp;Rulo d\u0131\u015f \u00e7ap\u0131 Max. 216 mm &nbsp;Rulo i\u00e7 \u00e7ap\u0131\u0131 25.4 mm&nbsp;~&nbsp;76.2 mm &nbsp;Sar\u0131m [&hellip;]\" \/>\n<meta property=\"og:url\" content=\"http:\/\/www.creabarkod.com\/?page_id=289\" \/>\n<meta property=\"og:site_name\" content=\"Crea Barkod\" \/>\n<meta property=\"og:image\" content=\"http:\/\/www.creabarkod.com\/wp-content\/uploads\/2019\/06\/Argox_Harici_Besleme_Unitesi.jpg\" \/>\n<meta name=\"twitter:card\" content=\"summary_large_image\" \/>\n<script type=\"application\/ld+json\" class=\"yoast-schema-graph\">{\"@context\":\"https:\/\/schema.org\",\"@graph\":[{\"@type\":\"WebSite\",\"@id\":\"http:\/\/www.creabarkod.com\/#website\",\"url\":\"http:\/\/www.creabarkod.com\/\",\"name\":\"Crea Barkod\",\"description\":\"\",\"potentialAction\":[{\"@type\":\"SearchAction\",\"target\":\"http:\/\/www.creabarkod.com\/?s={search_term_string}\",\"query-input\":\"required name=search_term_string\"}],\"inLanguage\":\"tr\"},{\"@type\":\"ImageObject\",\"@id\":\"http:\/\/www.creabarkod.com\/?page_id=289#primaryimage\",\"inLanguage\":\"tr\",\"url\":\"http:\/\/www.creabarkod.com\/wp-content\/uploads\/2019\/06\/Argox_Harici_Besleme_Unitesi.jpg\",\"width\":710,\"height\":709,\"caption\":\"Argox Harici Besleme \\u00dcnitesi\"},{\"@type\":\"WebPage\",\"@id\":\"http:\/\/www.creabarkod.com\/?page_id=289#webpage\",\"url\":\"http:\/\/www.creabarkod.com\/?page_id=289\",\"name\":\"Argox Harici Etiket Besleme \\u00dcnitesi - Crea Barkod\",\"isPartOf\":{\"@id\":\"http:\/\/www.creabarkod.com\/#website\"},\"primaryImageOfPage\":{\"@id\":\"http:\/\/www.creabarkod.com\/?page_id=289#primaryimage\"},\"datePublished\":\"2019-06-17T11:55:13+00:00\",\"dateModified\":\"2019-06-17T11:55:13+00:00\",\"inLanguage\":\"tr\",\"potentialAction\":[{\"@type\":\"ReadAction\",\"target\":[\"http:\/\/www.creabarkod.com\/?page_id=289\"]}]}]}<\/script>\n<!-- \/ Yoast SEO plugin. -->","_links":{"self":[{"href":"http:\/\/www.creabarkod.com\/index.php?rest_route=\/wp\/v2\/pages\/289"}],"collection":[{"href":"http:\/\/www.creabarkod.com\/index.php?rest_route=\/wp\/v2\/pages"}],"about":[{"href":"http:\/\/www.creabarkod.com\/index.php?rest_route=\/wp\/v2\/types\/page"}],"author":[{"embeddable":true,"href":"http:\/\/www.creabarkod.com\/index.php?rest_route=\/wp\/v2\/users\/1"}],"replies":[{"embeddable":true,"href":"http:\/\/www.creabarkod.com\/index.php?rest_route=%2Fwp%2Fv2%2Fcomments&post=289"}],"version-history":[{"count":1,"href":"http:\/\/www.creabarkod.com\/index.php?rest_route=\/wp\/v2\/pages\/289\/revisions"}],"predecessor-version":[{"id":291,"href":"http:\/\/www.creabarkod.com\/index.php?rest_route=\/wp\/v2\/pages\/289\/revisions\/291"}],"up":[{"embeddable":true,"href":"http:\/\/www.creabarkod.com\/index.php?rest_route=\/wp\/v2\/pages\/14"}],"wp:attachment":[{"href":"http:\/\/www.creabarkod.com\/index.php?rest_route=%2Fwp%2Fv2%2Fmedia&parent=289"}],"curies":[{"name":"wp","href":"https:\/\/api.w.org\/{rel}","templated":true}]}}