{"id":286,"date":"2019-06-17T11:54:15","date_gmt":"2019-06-17T11:54:15","guid":{"rendered":"http:\/\/www.creabarkod.com\/?page_id=286"},"modified":"2019-06-17T11:54:15","modified_gmt":"2019-06-17T11:54:15","slug":"godex-t20-harici-etiket-sarici","status":"publish","type":"page","link":"http:\/\/www.creabarkod.com\/?page_id=286","title":{"rendered":"Godex T20 Harici Etiket Sar\u0131c\u0131"},"content":{"rendered":"\n<figure class=\"wp-block-image is-resized\"><a href=\"http:\/\/www.creabarkod.com\/wp-content\/uploads\/2019\/06\/Godex_T20_Etiket_Sarici.jpg\"><img loading=\"lazy\" src=\"http:\/\/www.creabarkod.com\/wp-content\/uploads\/2019\/06\/Godex_T20_Etiket_Sarici.jpg\" alt=\"\" class=\"wp-image-287\" width=\"309\" height=\"284\" srcset=\"http:\/\/www.creabarkod.com\/wp-content\/uploads\/2019\/06\/Godex_T20_Etiket_Sarici.jpg 618w, http:\/\/www.creabarkod.com\/wp-content\/uploads\/2019\/06\/Godex_T20_Etiket_Sarici-300x275.jpg 300w\" sizes=\"(max-width: 309px) 100vw, 309px\" \/><\/a><\/figure>\n\n\n\n<p>\u25cf\u00a0Otomatik h\u0131z kontrol\u00fc<br>\u25cf\u00a0Etiketlerin i\u00e7 veya d\u0131\u015f sar\u0131m olarak kullan\u0131lmas\u0131<br>\u25cf\u00a0152 mm etiket rulo d\u0131\u015f \u00e7ap\u0131<br>\u25cf\u00a0Her marka barkod yaz\u0131c\u0131 ile kullan\u0131labilir. <\/p>\n\n\n\n<table class=\"wp-block-table\"><tbody><tr><td><strong>\u0130\u015flemsel<\/strong><\/td><\/tr><tr><td>&nbsp;Etiket geni\u015fli\u011fi<\/td><td>25,4 mm ~ 177,8 mm<\/td><\/tr><tr><td>&nbsp;Etiket Rulo A\u011f\u0131rl\u0131\u011f\u0131<\/td><td>5 Kg. (Max.)<\/td><\/tr><tr><td>&nbsp;Sarma H\u0131z\u0131<\/td><td>304.8 mm\/saniye (Max.)<\/td><\/tr><tr><td>&nbsp;Etiket Rulo \u00c7aplar\u0131<\/td><td>Max.&nbsp;152&nbsp;mm d\u0131\u015f \u00e7ap<\/td><\/tr><tr><td>&nbsp;Etiket i\u00e7 \u00e7aplar\u0131<\/td><td>25.2 &#8211; 25.6 mm<\/td><\/tr><tr><td>40 &#8211; 40,6 mm<\/td><\/tr><tr><td>76 &#8211; 76,6 mm<\/td><\/tr><tr><td>&nbsp;Sar\u0131m Y\u00f6n\u00fc<\/td><td>\u0130\u00e7 Sar\u0131m veya D\u0131\u015f Sar\u0131m<\/td><\/tr><tr><td><strong>&nbsp;Elektriksel<\/strong><\/td><td><\/td><\/tr><tr><td>&nbsp;Motor<\/td><td>Hybrid Motor<\/td><\/tr><tr><td>&nbsp;G\u00fc\u00e7 Kayna\u011f\u0131<\/td><td>100 &#8211; 240VAC 24W, 24V<\/td><\/tr><tr><td><strong>&nbsp;Fiziksel<\/strong><\/td><td><\/td><\/tr><tr><td>&nbsp;Geni\u015flik<\/td><td>180 mm<\/td><\/tr><tr><td>&nbsp;Y\u00fckseklik<\/td><td>303 mm<\/td><\/tr><tr><td>&nbsp;Derinlik<\/td><td>394 mm<\/td><\/tr><tr><td>&nbsp;A\u011f\u0131rl\u0131k<\/td><td>5 Kg<\/td><\/tr><tr><td><strong>&nbsp;\u00c7evresel<\/strong><\/td><td><\/td><\/tr><tr><td>&nbsp;\u00c7al\u0131\u015fma S\u0131cakl\u0131\u011f\u0131<\/td><td>5 \u00b0C ~ 40 \u00b0C<\/td><\/tr><tr><td>&nbsp;Muhafaza S\u0131cakl\u0131\u011f\u0131<\/td><td>-20 \u00b0C ~ 60 \u00b0C<\/td><\/tr><tr><td>&nbsp;Nem oran\u0131<\/td><td>%10 ~ %85&nbsp;(Yo\u011funla\u015fmas\u0131z)<\/td><\/tr><tr><td>&nbsp;Sertifikalar<\/td><td>CE, FCC Class A<\/td><\/tr><\/tbody><\/table>\n","protected":false},"excerpt":{"rendered":"<p>\u25cf\u00a0Otomatik h\u0131z kontrol\u00fc\u25cf\u00a0Etiketlerin i\u00e7 veya d\u0131\u015f sar\u0131m olarak kullan\u0131lmas\u0131\u25cf\u00a0152 mm etiket rulo d\u0131\u015f \u00e7ap\u0131\u25cf\u00a0Her marka barkod yaz\u0131c\u0131 ile kullan\u0131labilir. \u0130\u015flemsel &nbsp;Etiket geni\u015fli\u011fi 25,4 mm ~ 177,8 mm &nbsp;Etiket Rulo A\u011f\u0131rl\u0131\u011f\u0131 5 Kg. (Max.) &nbsp;Sarma H\u0131z\u0131 304.8 mm\/saniye (Max.) &nbsp;Etiket Rulo \u00c7aplar\u0131 Max.&nbsp;152&nbsp;mm d\u0131\u015f \u00e7ap &nbsp;Etiket i\u00e7 \u00e7aplar\u0131 25.2 &#8211; 25.6 mm 40 &#8211; 40,6 mm [&hellip;]<\/p>\n","protected":false},"author":1,"featured_media":0,"parent":14,"menu_order":0,"comment_status":"closed","ping_status":"closed","template":"","meta":[],"yoast_head":"<!-- This site is optimized with the Yoast SEO plugin v15.7 - https:\/\/yoast.com\/wordpress\/plugins\/seo\/ -->\n<title>Godex T20 Harici Etiket Sar\u0131c\u0131 - Crea Barkod<\/title>\n<meta name=\"robots\" content=\"index, follow, max-snippet:-1, max-image-preview:large, max-video-preview:-1\" \/>\n<link rel=\"canonical\" href=\"http:\/\/www.creabarkod.com\/?page_id=286\" \/>\n<meta property=\"og:locale\" content=\"tr_TR\" \/>\n<meta property=\"og:type\" content=\"article\" \/>\n<meta property=\"og:title\" content=\"Godex T20 Harici Etiket Sar\u0131c\u0131 - Crea Barkod\" \/>\n<meta property=\"og:description\" content=\"\u25cf\u00a0Otomatik h\u0131z kontrol\u00fc\u25cf\u00a0Etiketlerin i\u00e7 veya d\u0131\u015f sar\u0131m olarak kullan\u0131lmas\u0131\u25cf\u00a0152 mm etiket rulo d\u0131\u015f \u00e7ap\u0131\u25cf\u00a0Her marka barkod yaz\u0131c\u0131 ile kullan\u0131labilir. \u0130\u015flemsel &nbsp;Etiket geni\u015fli\u011fi 25,4 mm ~ 177,8 mm &nbsp;Etiket Rulo A\u011f\u0131rl\u0131\u011f\u0131 5 Kg. (Max.) &nbsp;Sarma H\u0131z\u0131 304.8 mm\/saniye (Max.) &nbsp;Etiket Rulo \u00c7aplar\u0131 Max.&nbsp;152&nbsp;mm d\u0131\u015f \u00e7ap &nbsp;Etiket i\u00e7 \u00e7aplar\u0131 25.2 &#8211; 25.6 mm 40 &#8211; 40,6 mm [&hellip;]\" \/>\n<meta property=\"og:url\" content=\"http:\/\/www.creabarkod.com\/?page_id=286\" \/>\n<meta property=\"og:site_name\" content=\"Crea Barkod\" \/>\n<meta property=\"og:image\" content=\"http:\/\/www.creabarkod.com\/wp-content\/uploads\/2019\/06\/Godex_T20_Etiket_Sarici.jpg\" \/>\n<meta name=\"twitter:card\" content=\"summary_large_image\" \/>\n<meta name=\"twitter:label1\" content=\"Tahmini okuma s\u00fcresi\">\n\t<meta name=\"twitter:data1\" content=\"1 dakika\">\n<script type=\"application\/ld+json\" class=\"yoast-schema-graph\">{\"@context\":\"https:\/\/schema.org\",\"@graph\":[{\"@type\":\"WebSite\",\"@id\":\"http:\/\/www.creabarkod.com\/#website\",\"url\":\"http:\/\/www.creabarkod.com\/\",\"name\":\"Crea Barkod\",\"description\":\"\",\"potentialAction\":[{\"@type\":\"SearchAction\",\"target\":\"http:\/\/www.creabarkod.com\/?s={search_term_string}\",\"query-input\":\"required name=search_term_string\"}],\"inLanguage\":\"tr\"},{\"@type\":\"ImageObject\",\"@id\":\"http:\/\/www.creabarkod.com\/?page_id=286#primaryimage\",\"inLanguage\":\"tr\",\"url\":\"http:\/\/www.creabarkod.com\/wp-content\/uploads\/2019\/06\/Godex_T20_Etiket_Sarici.jpg\",\"width\":618,\"height\":567,\"caption\":\"Godex T20 Etiket Sar\\u0131c\\u0131\"},{\"@type\":\"WebPage\",\"@id\":\"http:\/\/www.creabarkod.com\/?page_id=286#webpage\",\"url\":\"http:\/\/www.creabarkod.com\/?page_id=286\",\"name\":\"Godex T20 Harici Etiket Sar\\u0131c\\u0131 - Crea Barkod\",\"isPartOf\":{\"@id\":\"http:\/\/www.creabarkod.com\/#website\"},\"primaryImageOfPage\":{\"@id\":\"http:\/\/www.creabarkod.com\/?page_id=286#primaryimage\"},\"datePublished\":\"2019-06-17T11:54:15+00:00\",\"dateModified\":\"2019-06-17T11:54:15+00:00\",\"inLanguage\":\"tr\",\"potentialAction\":[{\"@type\":\"ReadAction\",\"target\":[\"http:\/\/www.creabarkod.com\/?page_id=286\"]}]}]}<\/script>\n<!-- \/ Yoast SEO plugin. -->","_links":{"self":[{"href":"http:\/\/www.creabarkod.com\/index.php?rest_route=\/wp\/v2\/pages\/286"}],"collection":[{"href":"http:\/\/www.creabarkod.com\/index.php?rest_route=\/wp\/v2\/pages"}],"about":[{"href":"http:\/\/www.creabarkod.com\/index.php?rest_route=\/wp\/v2\/types\/page"}],"author":[{"embeddable":true,"href":"http:\/\/www.creabarkod.com\/index.php?rest_route=\/wp\/v2\/users\/1"}],"replies":[{"embeddable":true,"href":"http:\/\/www.creabarkod.com\/index.php?rest_route=%2Fwp%2Fv2%2Fcomments&post=286"}],"version-history":[{"count":1,"href":"http:\/\/www.creabarkod.com\/index.php?rest_route=\/wp\/v2\/pages\/286\/revisions"}],"predecessor-version":[{"id":288,"href":"http:\/\/www.creabarkod.com\/index.php?rest_route=\/wp\/v2\/pages\/286\/revisions\/288"}],"up":[{"embeddable":true,"href":"http:\/\/www.creabarkod.com\/index.php?rest_route=\/wp\/v2\/pages\/14"}],"wp:attachment":[{"href":"http:\/\/www.creabarkod.com\/index.php?rest_route=%2Fwp%2Fv2%2Fmedia&parent=286"}],"curies":[{"name":"wp","href":"https:\/\/api.w.org\/{rel}","templated":true}]}}