{"id":267,"date":"2019-06-17T11:35:48","date_gmt":"2019-06-17T11:35:48","guid":{"rendered":"http:\/\/www.creabarkod.com\/?page_id=267"},"modified":"2019-06-17T11:39:53","modified_gmt":"2019-06-17T11:39:53","slug":"rongta-rp326-masaustu-fis-pos-yazici","status":"publish","type":"page","link":"http:\/\/www.creabarkod.com\/?page_id=267","title":{"rendered":"Rongta RP326 Masa\u00fcst\u00fc Fi\u015f\/Pos Yaz\u0131c\u0131"},"content":{"rendered":"\n<figure class=\"wp-block-image is-resized\"><a href=\"http:\/\/www.creabarkod.com\/wp-content\/uploads\/2019\/06\/Rongta-RP326-Masa\u00fcst\u00fc-Fi\u015f_Pos-Yaz\u0131c\u0131.jpg\"><img loading=\"lazy\" src=\"http:\/\/www.creabarkod.com\/wp-content\/uploads\/2019\/06\/Rongta-RP326-Masa\u00fcst\u00fc-Fi\u015f_Pos-Yaz\u0131c\u0131.jpg\" alt=\"\" class=\"wp-image-268\" width=\"250\" height=\"250\" srcset=\"http:\/\/www.creabarkod.com\/wp-content\/uploads\/2019\/06\/Rongta-RP326-Masa\u00fcst\u00fc-Fi\u015f_Pos-Yaz\u0131c\u0131.jpg 500w, http:\/\/www.creabarkod.com\/wp-content\/uploads\/2019\/06\/Rongta-RP326-Masa\u00fcst\u00fc-Fi\u015f_Pos-Yaz\u0131c\u0131-150x150.jpg 150w, http:\/\/www.creabarkod.com\/wp-content\/uploads\/2019\/06\/Rongta-RP326-Masa\u00fcst\u00fc-Fi\u015f_Pos-Yaz\u0131c\u0131-300x300.jpg 300w\" sizes=\"(max-width: 250px) 100vw, 250px\" \/><\/a><\/figure>\n\n\n\n<p>\u25cf Direkt Termal bask\u0131 imkan\u0131<br>\u25cf Max. 72 mm bask\u0131 geni\u015fli\u011fi<br>\u25cf Max.250 mm \/saniye bask\u0131 h\u0131z\u0131<br>\u25cf RS-232, USB ve Ethernet Port se\u00e7enekleri<br>\u25cf Otomatik Kesici \u00d6zelli\u011fi<br>\u25cf ESC\/POS dil deste\u011fi <\/p>\n\n\n\n<table class=\"wp-block-table\"><tbody><tr><td><strong>&nbsp;\u0130\u015flemsel<\/strong><\/td><\/tr><tr><td>&nbsp;Bask\u0131 metodu<\/td><td>Termal Sat\u0131r<\/td><\/tr><tr><td>&nbsp;Bask\u0131 h\u0131z\u0131<\/td><td>Max.250 mm\/saniye<\/td><\/tr><tr><td>&nbsp;Toplam Nokta Say\u0131s\u0131<\/td><td>576 Nokta\/Sat\u0131r<\/td><\/tr><tr><td>&nbsp;Bask\u0131 geni\u015fli\u011fi<\/td><td>Max. 72 mm<\/td><\/tr><tr><td>&nbsp;Sens\u00f6rler<\/td><td>Paper Near End Sensor, Ka\u011f\u0131t Sonu Sens\u00f6r\u00fc<\/td><\/tr><tr><td>&nbsp;Ara Birimler<\/td><td>Seri Port, USB ve Ethernet<\/td><\/tr><tr><td>&nbsp;Otomatik Kesici Tipi<\/td><td>Giyotin Tipi<\/td><\/tr><tr><td>&nbsp;Otomatik Kesici \u00d6mr\u00fc<\/td><td>1 Milyon (En Fazla)<\/td><\/tr><tr><td>&nbsp;MCBF<\/td><td>Max. 60 Milyon Sat\u0131r<\/td><\/tr><tr><td>&nbsp;Termal Kafa \u00f6mr\u00fc<\/td><td>Max. 100 km<\/td><\/tr><tr><td><strong>&nbsp;Fiziksel<\/strong><\/td><\/tr><tr><td>&nbsp;Geni\u015flik<\/td><td>145 mm<\/td><\/tr><tr><td>&nbsp;Y\u00fckseklik<\/td><td>148 mm<\/td><\/tr><tr><td>&nbsp;Uzunluk<\/td><td>195 mm<\/td><\/tr><tr><td>&nbsp;A\u011f\u0131rl\u0131k<\/td><td>1,3 Kg.<\/td><\/tr><tr><td>&nbsp;Kasa<\/td><td>ABS Plastik<\/td><\/tr><tr><td>&nbsp;Renk<\/td><td>Siyah<\/td><\/tr><tr><td><strong>&nbsp;Elektriksel<\/strong><\/td><\/tr><tr><td>&nbsp;G\u00fc\u00e7 giri\u015f \u015fekli<\/td><td>Harici elektrik adapt\u00f6r\u00fc<\/td><\/tr><tr><td>&nbsp;G\u00fc\u00e7 kayna\u011f\u0131 (\u00c7\u0131k\u0131\u015f)<\/td><td>24VDC, 2A<\/td><\/tr><tr><td><strong>&nbsp;\u00c7evresel<\/strong><\/td><\/tr><tr><td>&nbsp;\u00c7al\u0131\u015fma ortam\u0131 s\u0131cakl\u0131\u011f\u0131<\/td><td>0\u00b0C ~ 45\u00b0C<\/td><\/tr><tr><td>&nbsp;Saklama ortam\u0131 s\u0131cakl\u0131\u011f\u0131<\/td><td>-10\u00b0C ~ 50\u00b0C<\/td><\/tr><tr><td>&nbsp;\u00c7al\u0131\u015fma ortam\u0131 Nem oran\u0131<\/td><td>%10 ~ %80<\/td><\/tr><tr><td>&nbsp;Saklama Ortam\u0131 Nem oran\u0131<\/td><td>%10 ~ %90 (Rulo Tak\u0131l\u0131 De\u011filken)<\/td><\/tr><tr><td><strong>&nbsp;Ka\u011f\u0131t<\/strong><\/td><\/tr><tr><td>&nbsp;Tip<\/td><td>Termal Ka\u011f\u0131t<\/td><\/tr><tr><td>&nbsp;Geni\u015flik<\/td><td>Max. 79,5 (\u00b10,5 mm)<\/td><\/tr><tr><td>&nbsp;Rulo i\u00e7 \u00e7ap\u0131<\/td><td>13 mm (En az)<\/td><\/tr><tr><td>&nbsp;Rulo&nbsp;d\u0131\u015f \u00e7ap\u0131<\/td><td>80 mm (En fazla)<\/td><\/tr><tr><td>&nbsp;Ka\u011f\u0131t Kal\u0131nl\u0131\u011f\u0131<\/td><td>0,06 mm ~ 0,07 mm<\/td><\/tr><tr><td><strong>&nbsp;Yaz\u0131l\u0131msal<\/strong><\/td><\/tr><tr><td>&nbsp;Desteklenen i\u015fletim sistemleri (Driver)<\/td><td>WIN2000 \/ WINXP \/ WIN VISTA \/ WIN7<\/td><\/tr><tr><td>&nbsp;Yaz\u0131m dilleri<\/td><td>ESC\/POS<\/td><\/tr><tr><td>Desteklenen barkod tipleri<\/td><td>UPC-A,UPC-C,EAN-13,EAN-8,CODE39,ITF,CODEBAR,CODE93,CODE128<\/td><\/tr><tr><td><strong>&nbsp;Yaz\u0131 Tipleri<\/strong><\/td><\/tr><tr><td>&nbsp;Karekter Seti<\/td><td>ANK, GB18030(\u00c7ince)<\/td><\/tr><tr><td>&nbsp;Yazd\u0131r\u0131labilen Yaz\u0131 Tipleri<\/td><td>ASCII Font A\uff1a12\u00d724<\/td><\/tr><tr><td>ASCII Font B\uff1a9\u00d717<\/td><\/tr><tr><td>Chinese\uff1a24\u00d724<\/td><\/tr><tr><td>&nbsp;Her Sat\u0131rda Karekter Boyutu<\/td><td>Font A: 48<\/td><\/tr><tr><td>Font B: 64<\/td><\/tr><\/tbody><\/table>\n","protected":false},"excerpt":{"rendered":"<p>\u25cf Direkt Termal bask\u0131 imkan\u0131\u25cf Max. 72 mm bask\u0131 geni\u015fli\u011fi\u25cf Max.250 mm \/saniye bask\u0131 h\u0131z\u0131\u25cf RS-232, USB ve Ethernet Port se\u00e7enekleri\u25cf Otomatik Kesici \u00d6zelli\u011fi\u25cf ESC\/POS dil deste\u011fi &nbsp;\u0130\u015flemsel &nbsp;Bask\u0131 metodu Termal Sat\u0131r &nbsp;Bask\u0131 h\u0131z\u0131 Max.250 mm\/saniye &nbsp;Toplam Nokta Say\u0131s\u0131 576 Nokta\/Sat\u0131r &nbsp;Bask\u0131 geni\u015fli\u011fi Max. 72 mm &nbsp;Sens\u00f6rler Paper Near End Sensor, Ka\u011f\u0131t Sonu Sens\u00f6r\u00fc &nbsp;Ara [&hellip;]<\/p>\n","protected":false},"author":1,"featured_media":0,"parent":151,"menu_order":0,"comment_status":"closed","ping_status":"closed","template":"","meta":[],"yoast_head":"<!-- This site is optimized with the Yoast SEO plugin v15.7 - https:\/\/yoast.com\/wordpress\/plugins\/seo\/ -->\n<title>Rongta RP326 Masa\u00fcst\u00fc Fi\u015f\/Pos Yaz\u0131c\u0131 - Crea Barkod<\/title>\n<meta name=\"robots\" content=\"index, follow, max-snippet:-1, max-image-preview:large, max-video-preview:-1\" \/>\n<link rel=\"canonical\" href=\"http:\/\/www.creabarkod.com\/?page_id=267\" \/>\n<meta property=\"og:locale\" content=\"tr_TR\" \/>\n<meta property=\"og:type\" content=\"article\" \/>\n<meta property=\"og:title\" content=\"Rongta RP326 Masa\u00fcst\u00fc Fi\u015f\/Pos Yaz\u0131c\u0131 - Crea Barkod\" \/>\n<meta property=\"og:description\" content=\"\u25cf Direkt Termal bask\u0131 imkan\u0131\u25cf Max. 72 mm bask\u0131 geni\u015fli\u011fi\u25cf Max.250 mm \/saniye bask\u0131 h\u0131z\u0131\u25cf RS-232, USB ve Ethernet Port se\u00e7enekleri\u25cf Otomatik Kesici \u00d6zelli\u011fi\u25cf ESC\/POS dil deste\u011fi &nbsp;\u0130\u015flemsel &nbsp;Bask\u0131 metodu Termal Sat\u0131r &nbsp;Bask\u0131 h\u0131z\u0131 Max.250 mm\/saniye &nbsp;Toplam Nokta Say\u0131s\u0131 576 Nokta\/Sat\u0131r &nbsp;Bask\u0131 geni\u015fli\u011fi Max. 72 mm &nbsp;Sens\u00f6rler Paper Near End Sensor, Ka\u011f\u0131t Sonu Sens\u00f6r\u00fc &nbsp;Ara [&hellip;]\" \/>\n<meta property=\"og:url\" content=\"http:\/\/www.creabarkod.com\/?page_id=267\" \/>\n<meta property=\"og:site_name\" content=\"Crea Barkod\" \/>\n<meta property=\"article:modified_time\" content=\"2019-06-17T11:39:53+00:00\" \/>\n<meta property=\"og:image\" content=\"http:\/\/www.creabarkod.com\/wp-content\/uploads\/2019\/06\/Rongta-RP326-Masa\u00fcst\u00fc-Fi\u015f_Pos-Yaz\u0131c\u0131.jpg\" \/>\n<meta name=\"twitter:card\" content=\"summary_large_image\" \/>\n<meta name=\"twitter:label1\" content=\"Tahmini okuma s\u00fcresi\">\n\t<meta name=\"twitter:data1\" content=\"1 dakika\">\n<script type=\"application\/ld+json\" class=\"yoast-schema-graph\">{\"@context\":\"https:\/\/schema.org\",\"@graph\":[{\"@type\":\"WebSite\",\"@id\":\"http:\/\/www.creabarkod.com\/#website\",\"url\":\"http:\/\/www.creabarkod.com\/\",\"name\":\"Crea Barkod\",\"description\":\"\",\"potentialAction\":[{\"@type\":\"SearchAction\",\"target\":\"http:\/\/www.creabarkod.com\/?s={search_term_string}\",\"query-input\":\"required name=search_term_string\"}],\"inLanguage\":\"tr\"},{\"@type\":\"ImageObject\",\"@id\":\"http:\/\/www.creabarkod.com\/?page_id=267#primaryimage\",\"inLanguage\":\"tr\",\"url\":\"http:\/\/www.creabarkod.com\/wp-content\/uploads\/2019\/06\/Rongta-RP326-Masa\\u00fcst\\u00fc-Fi\\u015f_Pos-Yaz\\u0131c\\u0131.jpg\",\"width\":500,\"height\":500},{\"@type\":\"WebPage\",\"@id\":\"http:\/\/www.creabarkod.com\/?page_id=267#webpage\",\"url\":\"http:\/\/www.creabarkod.com\/?page_id=267\",\"name\":\"Rongta RP326 Masa\\u00fcst\\u00fc Fi\\u015f\/Pos Yaz\\u0131c\\u0131 - Crea Barkod\",\"isPartOf\":{\"@id\":\"http:\/\/www.creabarkod.com\/#website\"},\"primaryImageOfPage\":{\"@id\":\"http:\/\/www.creabarkod.com\/?page_id=267#primaryimage\"},\"datePublished\":\"2019-06-17T11:35:48+00:00\",\"dateModified\":\"2019-06-17T11:39:53+00:00\",\"inLanguage\":\"tr\",\"potentialAction\":[{\"@type\":\"ReadAction\",\"target\":[\"http:\/\/www.creabarkod.com\/?page_id=267\"]}]}]}<\/script>\n<!-- \/ Yoast SEO plugin. -->","_links":{"self":[{"href":"http:\/\/www.creabarkod.com\/index.php?rest_route=\/wp\/v2\/pages\/267"}],"collection":[{"href":"http:\/\/www.creabarkod.com\/index.php?rest_route=\/wp\/v2\/pages"}],"about":[{"href":"http:\/\/www.creabarkod.com\/index.php?rest_route=\/wp\/v2\/types\/page"}],"author":[{"embeddable":true,"href":"http:\/\/www.creabarkod.com\/index.php?rest_route=\/wp\/v2\/users\/1"}],"replies":[{"embeddable":true,"href":"http:\/\/www.creabarkod.com\/index.php?rest_route=%2Fwp%2Fv2%2Fcomments&post=267"}],"version-history":[{"count":1,"href":"http:\/\/www.creabarkod.com\/index.php?rest_route=\/wp\/v2\/pages\/267\/revisions"}],"predecessor-version":[{"id":269,"href":"http:\/\/www.creabarkod.com\/index.php?rest_route=\/wp\/v2\/pages\/267\/revisions\/269"}],"up":[{"embeddable":true,"href":"http:\/\/www.creabarkod.com\/index.php?rest_route=\/wp\/v2\/pages\/151"}],"wp:attachment":[{"href":"http:\/\/www.creabarkod.com\/index.php?rest_route=%2Fwp%2Fv2%2Fmedia&parent=267"}],"curies":[{"name":"wp","href":"https:\/\/api.w.org\/{rel}","templated":true}]}}